{"id":454897,"date":"2025-02-28T15:58:31","date_gmt":"2025-02-28T14:58:31","guid":{"rendered":"https:\/\/www.vdhurk.nl\/?page_id=454897"},"modified":"2025-02-28T15:58:31","modified_gmt":"2025-02-28T14:58:31","slug":"maszyna","status":"publish","type":"page","link":"https:\/\/www.vdhurk.nl\/pl\/fiat-bedrijfswagens\/doblo\/automaat\/","title":{"rendered":"Fiat Doblo Automatic"},"content":{"rendered":"<section  class='av_textblock_section av-lu8gnh7d-4ac895489941e586c1d7c8cb72318135'  itemscope=\"itemscope\" itemtype=\"https:\/\/schema.org\/CreativeWork\" ><div class='avia_textblock'  itemprop=\"text\" ><h1>Szukasz automatycznej skrzyni bieg\u00f3w do Fiata Doblo?<\/h1>\n<p>Szukasz przestronnego samochodu s\u0142u\u017cbowego bez konieczno\u015bci zmiany bieg\u00f3w? Chcesz po\u0142\u0105czy\u0107 funkcjonalno\u015b\u0107, komfort i wydajno\u015b\u0107 w jednym poje\u017adzie? Fiat Doblo automatic oferuje wszystko, czego potrzebujesz podczas podr\u00f3\u017cy s\u0142u\u017cbowych. Dowiedz si\u0119, czy jest to idealny van dla Twojej firmy!<\/p>\n<\/div><\/section>\n\n<style type=\"text\/css\" data-created_by=\"avia_inline_auto\" id=\"style-css-av-lujjddpd-afa3d7a9eabd61123e643ed1228e781e\">\n#top .hr.hr-invisible.av-lujjddpd-afa3d7a9eabd61123e643ed1228e781e{\nheight:50px;\n}\n<\/style>\n<div  class='hr av-lujjddpd-afa3d7a9eabd61123e643ed1228e781e hr-invisible  avia-builder-el-1  el_after_av_textblock  el_before_av_codeblock'><span class='hr-inner'><span class=\"hr-inner-style\"><\/span><\/span><\/div>\n\n\n<style type=\"text\/css\" data-created_by=\"avia_inline_auto\" id=\"style-css-av-ah0xd-63338d9dc6b40410e22a712829c369d6\">\n#top .hr.hr-invisible.av-ah0xd-63338d9dc6b40410e22a712829c369d6{\nheight:50px;\n}\n<\/style>\n<div  class='hr av-ah0xd-63338d9dc6b40410e22a712829c369d6 hr-invisible  avia-builder-el-3  el_after_av_codeblock  el_before_av_textblock'><span class='hr-inner'><span class=\"hr-inner-style\"><\/span><\/span><\/div>\n<section  class='av_textblock_section av-lu8gow1e-300853e458ed741bd87d6cb78e55cc7a'  itemscope=\"itemscope\" itemtype=\"https:\/\/schema.org\/CreativeWork\" ><div class='avia_textblock'  itemprop=\"text\" ><h2>Dlaczego warto wybra\u0107 automatycznego Fiata Doblo?<\/h2>\n<p>Je\u015bli szukasz pojazdu u\u017cytkowego bez k\u0142opotliwej zmiany bieg\u00f3w, Fiat Doblo z automatyczn\u0105 skrzyni\u0105 bieg\u00f3w to dobry wyb\u00f3r. Dzi\u0119ki automatycznej skrzyni bieg\u00f3w nie musisz martwi\u0107 si\u0119 o sprz\u0119g\u0142o i zmian\u0119 bieg\u00f3w, co jest szczeg\u00f3lnie przydatne podczas intensywnego ruchu miejskiego lub kork\u00f3w. Rezultat? P\u0142ynna jazda. Automatyczna skrzynia bieg\u00f3w jest idealna dla ka\u017cdego, kto chce by\u0107 beztroski na drodze. Po co wi\u0119c utrudnia\u0107 sobie \u017cycie, skoro mo\u017cna je u\u0142atwi\u0107? Wsi\u0105d\u017a do samochodu i pozw\u00f3l automatycznej skrzyni bieg\u00f3w wykona\u0107 prac\u0119 za Ciebie.<\/p>\n<\/div><\/section>\n<div class='flex_column av-f64w1-da126f42b61613402309283c14245a25 av_one_half  avia-builder-el-5  el_after_av_textblock  el_before_av_one_third  first flex_column_div column-top-margin'   ><section  class='av_textblock_section av-lu8gpqre-73cc2c17e6a6497ba6e1b58af22bd9e8'  itemscope=\"itemscope\" itemtype=\"https:\/\/schema.org\/CreativeWork\" ><div class='avia_textblock'  itemprop=\"text\" ><h2>Wybierz spo\u015br\u00f3d r\u00f3\u017cnych wersji<\/h2>\n<p>Automatyczna skrzynia bieg\u00f3w Fiata Doblo jest dost\u0119pna w kilku wersjach. Dzi\u0119ki temu zawsze znajdziesz wersj\u0119 odpowiedni\u0105 do swojej pracy. Potrzebujesz maksymalnej przestrzeni \u0142adunkowej na narz\u0119dzia, paczki lub inne \u0142adunki biznesowe? W takim razie furgon jest logicznym wyborem. Chcesz przewozi\u0107 wsp\u00f3\u0142pracownik\u00f3w lub pracownik\u00f3w wraz z \u0142adunkiem? Idealna b\u0119dzie wersja z podw\u00f3jn\u0105 kabin\u0105. Niezale\u017cnie od tego, czy jeste\u015b kurierem, instalatorem czy us\u0142ugodawc\u0105, zawsze znajdziesz Doblo, kt\u00f3re u\u0142atwi Ci dzie\u0144 pracy. Bez zb\u0119dnego zamieszania, po prostu dobry pojazd u\u017cytkowy, kt\u00f3ry robi to, co do niego nale\u017cy. Ty wybierasz model, a automat zajmuje si\u0119 reszt\u0105.<\/p>\n<\/div><\/section><\/div><div class='flex_column av-aldk9-ee694297f5c4032981677a02caab84d6 av_one_third  avia-builder-el-7  el_after_av_one_half  el_before_av_hr  flex_column_div column-top-margin'   ><style type=\"text\/css\" data-created_by=\"avia_inline_auto\" id=\"style-css-av-l1w9kpsf-4ec3fab772ec7a9adaa33cfc64ff0475\">\n.avia-image-container.av-l1w9kpsf-4ec3fab772ec7a9adaa33cfc64ff0475 .av-image-caption-overlay-center{\ncolor:#ffffff;\n}\n<\/style>\n<div  class='avia-image-container av-l1w9kpsf-4ec3fab772ec7a9adaa33cfc64ff0475 av-styling- avia-align-center  avia-builder-el-8  avia-builder-el-no-sibling'  itemprop=\"image\" itemscope=\"itemscope\" itemtype=\"https:\/\/schema.org\/ImageObject\" ><div class=\"avia-image-container-inner\"><div class=\"avia-image-overlay-wrap\"><img decoding=\"async\" class='wp-image-187 avia-img-lazy-loading-not-187 avia_image' src=\"https:\/\/www.vdhurk.nl\/wp-content\/uploads\/2022\/03\/Voorrad.png\" alt='' title='Stock'  height=\"758\" width=\"1135\"  itemprop=\"thumbnailUrl\" srcset=\"https:\/\/www.vdhurk.nl\/wp-content\/uploads\/2022\/03\/Voorrad.png 1135w, https:\/\/www.vdhurk.nl\/wp-content\/uploads\/2022\/03\/Voorrad-300x200.png 300w, https:\/\/www.vdhurk.nl\/wp-content\/uploads\/2022\/03\/Voorrad-1030x688.png 1030w, https:\/\/www.vdhurk.nl\/wp-content\/uploads\/2022\/03\/Voorrad-768x513.png 768w, https:\/\/www.vdhurk.nl\/wp-content\/uploads\/2022\/03\/Voorrad-18x12.png 18w, https:\/\/www.vdhurk.nl\/wp-content\/uploads\/2022\/03\/Voorrad-705x471.png 705w\" sizes=\"(max-width: 1135px) 100vw, 1135px\" \/><\/div><\/div><\/div><\/div><\/p>\n\n<style type=\"text\/css\" data-created_by=\"avia_inline_auto\" id=\"style-css-av-luqrjpjc-5a23a1fb5f94718ca85316a9df963e2f\">\n#top .hr.hr-invisible.av-luqrjpjc-5a23a1fb5f94718ca85316a9df963e2f{\nheight:50px;\n}\n<\/style>\n<div  class='hr av-luqrjpjc-5a23a1fb5f94718ca85316a9df963e2f hr-invisible  avia-builder-el-9  el_after_av_one_third  el_before_av_textblock'><span class='hr-inner'><span class=\"hr-inner-style\"><\/span><\/span><\/div>\n<section  class='av_textblock_section av-lu8gtjw7-4f3cee9304909518d86d2860d9d582dd'  itemscope=\"itemscope\" itemtype=\"https:\/\/schema.org\/CreativeWork\" ><div class='avia_textblock'  itemprop=\"text\" ><h2>Kupi\u0107 czy wynaj\u0105\u0107?<\/h2>\n<p>W Van den Hurk masz wyb\u00f3r pomi\u0119dzy zakupem lub leasingiem samochodu s\u0142u\u017cbowego. Zakup samochodu firmowego to du\u017ca inwestycja, dlatego wa\u017cne jest, aby dok\u0142adnie rozwa\u017cy\u0107, co najlepiej odpowiada Twojemu bud\u017cetowi i potrzebom biznesowym. Zakup oznacza, \u017ce jeste\u015b natychmiastowym w\u0142a\u015bcicielem, podczas gdy leasing oznacza, \u017ce jeste\u015b <a href=\"https:\/\/www.vdhurk.nl\/pl\/leasing-finansowy\/\">leasing<\/a> roz\u0142o\u017cy\u0107 koszty i p\u0142aci\u0107 w ratach. W ko\u0144cu nadal stajesz si\u0119 w\u0142a\u015bcicielem, bez konieczno\u015bci dokonywania du\u017cej inwestycji za jednym razem. Wyb\u00f3r najlepszej opcji zale\u017cy od bud\u017cetu i potrzeb biznesowych. Niezale\u017cnie od tego, co wybierzesz, z przyjemno\u015bci\u0105 pomo\u017cemy Ci z osobist\u0105 porad\u0105.<\/p>\n<h2>Wybierz niezawodne pojazdy u\u017cytkowe<\/h2>\n<p>Je\u015bli jeste\u015b u\u017cytkownikiem biznesowym poszukuj\u0105cym pojazdu u\u017cytkowego, Fiat Doblo automatic jest zdecydowanie wart rozwa\u017cenia. Dzi\u0119ki du\u017cej pojemno\u015bci \u0142adunkowej i wysokiemu poziomowi komfortu, model ten oferuje wszystko, czego potrzebujesz, bez k\u0142opotliwej zmiany bieg\u00f3w. Masz jeszcze jakie\u015b pytania? W Van den Hurk z przyjemno\u015bci\u0105 pomo\u017cemy Ci na ka\u017cdym kroku, aby\u015b z pewno\u015bci\u0105 dokona\u0142 w\u0142a\u015bciwego wyboru.<\/p>\n<\/div><\/section>","protected":false},"excerpt":{"rendered":"","protected":false},"author":3,"featured_media":0,"parent":397536,"menu_order":0,"comment_status":"closed","ping_status":"closed","template":"","meta":{"_acf_changed":false,"_improvement_type_select":"improve_an_existing","_thumb_yes_seoaic":false,"_frame_yes_seoaic":false,"seoaic_generate_description":"","seoaic_improve_instructions_prompt":"","seoaic_rollback_content_improvement":"","seoaic_idea_thumbnail_generator":"","thumbnail_generated":false,"thumbnail_generate_prompt":"","seoaic_article_description":"","footnotes":""},"class_list":["post-454897","page","type-page","status-publish","hentry"],"acf":[],"yoast_head":"<!-- This site is optimized with the Yoast SEO plugin v27.5 - https:\/\/yoast.com\/product\/yoast-seo-wordpress\/ -->\n<title>Ontdek alles over de Fiat Doblo automaat<\/title>\n<meta name=\"description\" content=\"Overweeg je een Fiat Doblo automaat? Ervaar het rijcomfort en gemak van een automatische transmissie en ontdek of dit de ideale keuze voor jou is.\" \/>\n<meta name=\"robots\" content=\"index, follow, max-snippet:-1, max-image-preview:large, max-video-preview:-1\" \/>\n<link rel=\"canonical\" href=\"https:\/\/www.vdhurk.nl\/pl\/pojazdy-uzytkowe-fiat\/mercedes-21\/maszyna\/\" \/>\n<meta property=\"og:locale\" content=\"pl_PL\" \/>\n<meta property=\"og:type\" content=\"article\" \/>\n<meta property=\"og:title\" content=\"Ontdek alles over de Fiat Doblo automaat\" \/>\n<meta property=\"og:description\" content=\"Overweeg je een Fiat Doblo automaat? Ervaar het rijcomfort en gemak van een automatische transmissie en ontdek of dit de ideale keuze voor jou is.\" \/>\n<meta property=\"og:url\" content=\"https:\/\/www.vdhurk.nl\/pl\/pojazdy-uzytkowe-fiat\/mercedes-21\/maszyna\/\" \/>\n<meta property=\"og:site_name\" content=\"Van den Hurk Bedrijfswagens\" \/>\n<meta name=\"twitter:card\" content=\"summary_large_image\" \/>\n<meta name=\"twitter:label1\" content=\"Szacowany czas czytania\" \/>\n\t<meta name=\"twitter:data1\" content=\"6 minut\" \/>\n<script type=\"application\/ld+json\" class=\"yoast-schema-graph\">{\"@context\":\"https:\\\/\\\/schema.org\",\"@graph\":[{\"@type\":\"WebPage\",\"@id\":\"https:\\\/\\\/www.vdhurk.nl\\\/fiat-bedrijfswagens\\\/doblo\\\/automaat\\\/\",\"url\":\"https:\\\/\\\/www.vdhurk.nl\\\/fiat-bedrijfswagens\\\/doblo\\\/automaat\\\/\",\"name\":\"Ontdek alles over de Fiat Doblo automaat\",\"isPartOf\":{\"@id\":\"https:\\\/\\\/www.vdhurk.nl\\\/#website\"},\"datePublished\":\"2025-02-28T14:58:31+00:00\",\"description\":\"Overweeg je een Fiat Doblo automaat? Ervaar het rijcomfort en gemak van een automatische transmissie en ontdek of dit de ideale keuze voor jou is.\",\"breadcrumb\":{\"@id\":\"https:\\\/\\\/www.vdhurk.nl\\\/fiat-bedrijfswagens\\\/doblo\\\/automaat\\\/#breadcrumb\"},\"inLanguage\":\"pl-PL\",\"potentialAction\":[{\"@type\":\"ReadAction\",\"target\":[\"https:\\\/\\\/www.vdhurk.nl\\\/fiat-bedrijfswagens\\\/doblo\\\/automaat\\\/\"]}]},{\"@type\":\"BreadcrumbList\",\"@id\":\"https:\\\/\\\/www.vdhurk.nl\\\/fiat-bedrijfswagens\\\/doblo\\\/automaat\\\/#breadcrumb\",\"itemListElement\":[{\"@type\":\"ListItem\",\"position\":1,\"name\":\"Home\",\"item\":\"https:\\\/\\\/www.vdhurk.nl\\\/home\\\/\"},{\"@type\":\"ListItem\",\"position\":2,\"name\":\"Fiat Bedrijfswagens\",\"item\":\"https:\\\/\\\/www.vdhurk.nl\\\/fiat-bedrijfswagens\\\/\"},{\"@type\":\"ListItem\",\"position\":3,\"name\":\"Fiat Doblo\",\"item\":\"https:\\\/\\\/www.vdhurk.nl\\\/fiat-bedrijfswagens\\\/doblo\\\/\"},{\"@type\":\"ListItem\",\"position\":4,\"name\":\"Fiat Doblo Automaat\"}]},{\"@type\":\"WebSite\",\"@id\":\"https:\\\/\\\/www.vdhurk.nl\\\/#website\",\"url\":\"https:\\\/\\\/www.vdhurk.nl\\\/\",\"name\":\"Van den Hurk Bedrijfswagens\",\"description\":\"Van den Hurk bedrijfswagens Helmond\",\"potentialAction\":[{\"@type\":\"SearchAction\",\"target\":{\"@type\":\"EntryPoint\",\"urlTemplate\":\"https:\\\/\\\/www.vdhurk.nl\\\/?s={search_term_string}\"},\"query-input\":{\"@type\":\"PropertyValueSpecification\",\"valueRequired\":true,\"valueName\":\"search_term_string\"}}],\"inLanguage\":\"pl-PL\"}]}<\/script>\n<!-- \/ Yoast SEO plugin. -->","yoast_head_json":{"title":"Dowiedz si\u0119 wszystkiego o automatycznej skrzyni bieg\u00f3w Fiata Doblo","description":"Rozwa\u017casz zakup Fiata Doblo z automatyczn\u0105 skrzyni\u0105 bieg\u00f3w? Poznaj komfort jazdy i wygod\u0119 automatycznej skrzyni bieg\u00f3w i dowiedz si\u0119, czy jest to idealny wyb\u00f3r dla Ciebie.","robots":{"index":"index","follow":"follow","max-snippet":"max-snippet:-1","max-image-preview":"max-image-preview:large","max-video-preview":"max-video-preview:-1"},"canonical":"https:\/\/www.vdhurk.nl\/pl\/pojazdy-uzytkowe-fiat\/mercedes-21\/maszyna\/","og_locale":"pl_PL","og_type":"article","og_title":"Ontdek alles over de Fiat Doblo automaat","og_description":"Overweeg je een Fiat Doblo automaat? Ervaar het rijcomfort en gemak van een automatische transmissie en ontdek of dit de ideale keuze voor jou is.","og_url":"https:\/\/www.vdhurk.nl\/pl\/pojazdy-uzytkowe-fiat\/mercedes-21\/maszyna\/","og_site_name":"Van den Hurk Bedrijfswagens","twitter_card":"summary_large_image","twitter_misc":{"Szacowany czas czytania":"6 minut"},"schema":{"@context":"https:\/\/schema.org","@graph":[{"@type":"WebPage","@id":"https:\/\/www.vdhurk.nl\/fiat-bedrijfswagens\/doblo\/automaat\/","url":"https:\/\/www.vdhurk.nl\/fiat-bedrijfswagens\/doblo\/automaat\/","name":"Dowiedz si\u0119 wszystkiego o automatycznej skrzyni bieg\u00f3w Fiata Doblo","isPartOf":{"@id":"https:\/\/www.vdhurk.nl\/#website"},"datePublished":"2025-02-28T14:58:31+00:00","description":"Rozwa\u017casz zakup Fiata Doblo z automatyczn\u0105 skrzyni\u0105 bieg\u00f3w? Poznaj komfort jazdy i wygod\u0119 automatycznej skrzyni bieg\u00f3w i dowiedz si\u0119, czy jest to idealny wyb\u00f3r dla Ciebie.","breadcrumb":{"@id":"https:\/\/www.vdhurk.nl\/fiat-bedrijfswagens\/doblo\/automaat\/#breadcrumb"},"inLanguage":"pl-PL","potentialAction":[{"@type":"ReadAction","target":["https:\/\/www.vdhurk.nl\/fiat-bedrijfswagens\/doblo\/automaat\/"]}]},{"@type":"BreadcrumbList","@id":"https:\/\/www.vdhurk.nl\/fiat-bedrijfswagens\/doblo\/automaat\/#breadcrumb","itemListElement":[{"@type":"ListItem","position":1,"name":"Home","item":"https:\/\/www.vdhurk.nl\/home\/"},{"@type":"ListItem","position":2,"name":"Fiat Bedrijfswagens","item":"https:\/\/www.vdhurk.nl\/fiat-bedrijfswagens\/"},{"@type":"ListItem","position":3,"name":"Fiat Doblo","item":"https:\/\/www.vdhurk.nl\/fiat-bedrijfswagens\/doblo\/"},{"@type":"ListItem","position":4,"name":"Fiat Doblo Automaat"}]},{"@type":"WebSite","@id":"https:\/\/www.vdhurk.nl\/#website","url":"https:\/\/www.vdhurk.nl\/","name":"Van den Hurk - pojazdy u\u017cytkowe","description":"Van den Hurk pojazdy u\u017cytkowe Helmond","potentialAction":[{"@type":"SearchAction","target":{"@type":"EntryPoint","urlTemplate":"https:\/\/www.vdhurk.nl\/?s={search_term_string}"},"query-input":{"@type":"PropertyValueSpecification","valueRequired":true,"valueName":"search_term_string"}}],"inLanguage":"pl-PL"}]}},"_links":{"self":[{"href":"https:\/\/www.vdhurk.nl\/pl\/wp-json\/wp\/v2\/pages\/454897","targetHints":{"allow":["GET"]}}],"collection":[{"href":"https:\/\/www.vdhurk.nl\/pl\/wp-json\/wp\/v2\/pages"}],"about":[{"href":"https:\/\/www.vdhurk.nl\/pl\/wp-json\/wp\/v2\/types\/page"}],"author":[{"embeddable":true,"href":"https:\/\/www.vdhurk.nl\/pl\/wp-json\/wp\/v2\/users\/3"}],"replies":[{"embeddable":true,"href":"https:\/\/www.vdhurk.nl\/pl\/wp-json\/wp\/v2\/comments?post=454897"}],"version-history":[{"count":2,"href":"https:\/\/www.vdhurk.nl\/pl\/wp-json\/wp\/v2\/pages\/454897\/revisions"}],"predecessor-version":[{"id":454899,"href":"https:\/\/www.vdhurk.nl\/pl\/wp-json\/wp\/v2\/pages\/454897\/revisions\/454899"}],"up":[{"embeddable":true,"href":"https:\/\/www.vdhurk.nl\/pl\/wp-json\/wp\/v2\/pages\/397536"}],"wp:attachment":[{"href":"https:\/\/www.vdhurk.nl\/pl\/wp-json\/wp\/v2\/media?parent=454897"}],"curies":[{"name":"wp","href":"https:\/\/api.w.org\/{rel}","templated":true}]}}