{"id":454888,"date":"2025-02-28T15:27:04","date_gmt":"2025-02-28T14:27:04","guid":{"rendered":"https:\/\/www.vdhurk.nl\/?page_id=454888"},"modified":"2025-02-28T15:58:18","modified_gmt":"2025-02-28T14:58:18","slug":"maszyna","status":"publish","type":"page","link":"https:\/\/www.vdhurk.nl\/pl\/opel-bedrijfswagens\/vivaro\/automaat\/","title":{"rendered":"Opel Vivaro Automatic"},"content":{"rendered":"<section  class='av_textblock_section av-lu8gnh7d-4ac895489941e586c1d7c8cb72318135'  itemscope=\"itemscope\" itemtype=\"https:\/\/schema.org\/CreativeWork\" ><div class='avia_textblock'  itemprop=\"text\" ><h1>Szukasz automatycznego Opla Vivaro?<\/h1>\n<p>Potrzebujesz nowego samochodu s\u0142u\u017cbowego i chcesz je\u017adzi\u0107 bez zmiany bieg\u00f3w? Opel Vivaro z automatyczn\u0105 skrzyni\u0105 bieg\u00f3w to rozwi\u0105zanie dla Twojej firmy. Niezawodny, wszechstronny i niezwykle popularny w\u015br\u00f3d przedsi\u0119biorc\u00f3w. Dowiedz si\u0119, dlaczego ten model idealnie pasuje do potrzeb Twojej firmy!<\/p>\n<\/div><\/section>\n\n<style type=\"text\/css\" data-created_by=\"avia_inline_auto\" id=\"style-css-av-lujjddpd-afa3d7a9eabd61123e643ed1228e781e\">\n#top .hr.hr-invisible.av-lujjddpd-afa3d7a9eabd61123e643ed1228e781e{\nheight:50px;\n}\n<\/style>\n<div  class='hr av-lujjddpd-afa3d7a9eabd61123e643ed1228e781e hr-invisible  avia-builder-el-1  el_after_av_textblock  el_before_av_codeblock'><span class='hr-inner'><span class=\"hr-inner-style\"><\/span><\/span><\/div>\n\n\n<style type=\"text\/css\" data-created_by=\"avia_inline_auto\" id=\"style-css-av-ah0xd-63338d9dc6b40410e22a712829c369d6\">\n#top .hr.hr-invisible.av-ah0xd-63338d9dc6b40410e22a712829c369d6{\nheight:50px;\n}\n<\/style>\n<div  class='hr av-ah0xd-63338d9dc6b40410e22a712829c369d6 hr-invisible  avia-builder-el-3  el_after_av_codeblock  el_before_av_textblock'><span class='hr-inner'><span class=\"hr-inner-style\"><\/span><\/span><\/div>\n<section  class='av_textblock_section av-lu8gow1e-300853e458ed741bd87d6cb78e55cc7a'  itemscope=\"itemscope\" itemtype=\"https:\/\/schema.org\/CreativeWork\" ><div class='avia_textblock'  itemprop=\"text\" ><h2>Dlaczego warto wybra\u0107 automatycznego Opla Vivaro?<\/h2>\n<p>Opel Vivaro automatic to idealny pojazd u\u017cytkowy dla tych, kt\u00f3rzy chc\u0105 by\u0107 wygodni i wydajni na drodze. Ten \u015bredniej wielko\u015bci van \u0142\u0105czy w sobie przestrze\u0144, \u0142atwo\u015b\u0107 prowadzenia i niezawodno\u015b\u0107, dzi\u0119ki czemu idealnie pasuje do potrzeb Twojej firmy. Niezale\u017cnie od tego, czy codziennie pokonujesz wiele kilometr\u00f3w, czy regularnie przewozisz ci\u0119\u017ckie \u0142adunki, Vivaro automatic dostosowuje si\u0119 bez wysi\u0142ku. Du\u017cym plusem jest przyjazna dla u\u017cytkownika konstrukcja. Wyj\u0105tkowo szeroko otwierane tylne drzwi u\u0142atwiaj\u0105 za\u0142adunek i roz\u0142adunek. Wewn\u0105trz znajduje si\u0119 praktyczne i solidne wn\u0119trze, zaprojektowane z my\u015bl\u0105 o intensywnym u\u017cytkowaniu. Dzi\u0119ki solidnym materia\u0142om, ten van jest trwa\u0142ym wyborem, dzi\u0119ki czemu mo\u017cesz beztrosko przemieszcza\u0107 si\u0119 z punktu A do punktu B.<\/p>\n<\/div><\/section>\n<div class='flex_column av-f64w1-da126f42b61613402309283c14245a25 av_one_half  avia-builder-el-5  el_after_av_textblock  el_before_av_one_third  first flex_column_div column-top-margin'   ><section  class='av_textblock_section av-lu8gpqre-73cc2c17e6a6497ba6e1b58af22bd9e8'  itemscope=\"itemscope\" itemtype=\"https:\/\/schema.org\/CreativeWork\" ><div class='avia_textblock'  itemprop=\"text\" ><h2>Zalety automatycznego<\/h2>\n<p>Coraz wi\u0119cej w\u0142a\u015bcicieli firm decyduje si\u0119 na samoch\u00f3d s\u0142u\u017cbowy z automatyczn\u0105 skrzyni\u0105 bieg\u00f3w i nie bez powodu. Automatyczna skrzynia bieg\u00f3w sprawia, \u017ce jazda jest o wiele wygodniejsza i \u0142atwiejsza, zw\u0142aszcza je\u015bli cz\u0119sto jeste\u015b w trasie. Koniec z k\u0142opotliw\u0105 zmian\u0105 bieg\u00f3w w g\u0119stym ruchu miejskim lub nieko\u0144cz\u0105cym si\u0119 staniem w korkach. Mo\u017cesz w pe\u0142ni skoncentrowa\u0107 si\u0119 na drodze. Automatyczna skrzynia bieg\u00f3w oferuje dodatkow\u0105 wygod\u0119 i przyjemno\u015b\u0107 z jazdy, co czyni j\u0105 m\u0105drym wyborem dla ka\u017cdego przedsi\u0119wzi\u0119cia biznesowego.<\/p>\n<\/div><\/section><\/div><div class='flex_column av-aldk9-ee694297f5c4032981677a02caab84d6 av_one_third  avia-builder-el-7  el_after_av_one_half  el_before_av_hr  flex_column_div column-top-margin'   ><style type=\"text\/css\" data-created_by=\"avia_inline_auto\" id=\"style-css-av-l1w9kpsf-4ec3fab772ec7a9adaa33cfc64ff0475\">\n.avia-image-container.av-l1w9kpsf-4ec3fab772ec7a9adaa33cfc64ff0475 .av-image-caption-overlay-center{\ncolor:#ffffff;\n}\n<\/style>\n<div  class='avia-image-container av-l1w9kpsf-4ec3fab772ec7a9adaa33cfc64ff0475 av-styling- avia-align-center  avia-builder-el-8  avia-builder-el-no-sibling'  itemprop=\"image\" itemscope=\"itemscope\" itemtype=\"https:\/\/schema.org\/ImageObject\" ><div class=\"avia-image-container-inner\"><div class=\"avia-image-overlay-wrap\"><img decoding=\"async\" class='wp-image-187 avia-img-lazy-loading-not-187 avia_image' src=\"https:\/\/www.vdhurk.nl\/wp-content\/uploads\/2022\/03\/Voorrad.png\" alt='' title='Stock'  height=\"758\" width=\"1135\"  itemprop=\"thumbnailUrl\" srcset=\"https:\/\/www.vdhurk.nl\/wp-content\/uploads\/2022\/03\/Voorrad.png 1135w, https:\/\/www.vdhurk.nl\/wp-content\/uploads\/2022\/03\/Voorrad-300x200.png 300w, https:\/\/www.vdhurk.nl\/wp-content\/uploads\/2022\/03\/Voorrad-1030x688.png 1030w, https:\/\/www.vdhurk.nl\/wp-content\/uploads\/2022\/03\/Voorrad-768x513.png 768w, https:\/\/www.vdhurk.nl\/wp-content\/uploads\/2022\/03\/Voorrad-18x12.png 18w, https:\/\/www.vdhurk.nl\/wp-content\/uploads\/2022\/03\/Voorrad-705x471.png 705w\" sizes=\"(max-width: 1135px) 100vw, 1135px\" \/><\/div><\/div><\/div><\/div><\/p>\n\n<style type=\"text\/css\" data-created_by=\"avia_inline_auto\" id=\"style-css-av-luqrjpjc-5a23a1fb5f94718ca85316a9df963e2f\">\n#top .hr.hr-invisible.av-luqrjpjc-5a23a1fb5f94718ca85316a9df963e2f{\nheight:50px;\n}\n<\/style>\n<div  class='hr av-luqrjpjc-5a23a1fb5f94718ca85316a9df963e2f hr-invisible  avia-builder-el-9  el_after_av_one_third  el_before_av_textblock'><span class='hr-inner'><span class=\"hr-inner-style\"><\/span><\/span><\/div>\n<section  class='av_textblock_section av-lu8gtjw7-4f3cee9304909518d86d2860d9d582dd'  itemscope=\"itemscope\" itemtype=\"https:\/\/schema.org\/CreativeWork\" ><div class='avia_textblock'  itemprop=\"text\" ><h2>Ile kosztuje Opel Vivaro z automatyczn\u0105 skrzyni\u0105 bieg\u00f3w?<\/h2>\n<p>Cena Opla Vivaro automatic zale\u017cy od tego, czego szukasz. W naszej ofercie znajdziesz r\u00f3\u017cne warianty, od prostych wersji podstawowych po w pe\u0142ni wyposa\u017cone modele. Nasza oferta stale si\u0119 zmienia, co utrudnia podanie ceny. Zawsze znajdziesz wersj\u0119, kt\u00f3ra pasuje do Twojego bud\u017cetu.<\/p>\n<h2>Kupno lub leasing Opla Vivaro<\/h2>\n<p>Czy wiesz, \u017ce masz u nas kilka opcji p\u0142atno\u015bci? Mo\u017cesz kupi\u0107 pojazd u\u017cytkowy lub wzi\u0105\u0107 go w leasing. Z <a href=\"https:\/\/www.vdhurk.nl\/pl\/leasing-finansowy\/\">leasing finansowy<\/a> P\u0142acisz sta\u0142\u0105 kwot\u0119 miesi\u0119cznie, wi\u0119c nie musisz od razu inwestowa\u0107 du\u017cej sumy. W okresie leasingu stopniowo stajesz si\u0119 w\u0142a\u015bcicielem pojazdu. Umowa dobieg\u0142a ko\u0144ca? Wtedy jeste\u015b pe\u0142noprawnym w\u0142a\u015bcicielem!<\/p>\n<h2>Znajd\u017a sw\u00f3j idealny Opel Vivaro<\/h2>\n<p>Czy jeste\u015b przekonany, \u017ce Opel Vivaro automatic to idealny samoch\u00f3d s\u0142u\u017cbowy? A mo\u017ce nadal potrzebujesz dodatkowych informacji? Ch\u0119tnie opowiemy Ci wi\u0119cej o tym modelu, aby\u015b zawsze m\u00f3g\u0142 dokona\u0107 w\u0142a\u015bciwego wyboru. <a href=\"https:\/\/www.vdhurk.nl\/pl\/kontakt\/\">Skontaktuj si\u0119 z nami<\/a> aby uzyska\u0107 wi\u0119cej informacji lub \u015bledzi\u0107 nasz\u0105 aktualn\u0105 ofert\u0119.<\/p>\n<\/div><\/section>","protected":false},"excerpt":{"rendered":"","protected":false},"author":3,"featured_media":0,"parent":422100,"menu_order":0,"comment_status":"closed","ping_status":"closed","template":"","meta":{"_acf_changed":false,"_improvement_type_select":"improve_an_existing","_thumb_yes_seoaic":false,"_frame_yes_seoaic":false,"seoaic_generate_description":"","seoaic_improve_instructions_prompt":"","seoaic_rollback_content_improvement":"","seoaic_idea_thumbnail_generator":"","thumbnail_generated":false,"thumbnail_generate_prompt":"","seoaic_article_description":"","footnotes":""},"class_list":["post-454888","page","type-page","status-publish","hentry"],"acf":[],"yoast_head":"<!-- This site is optimized with the Yoast SEO plugin v27.5 - https:\/\/yoast.com\/product\/yoast-seo-wordpress\/ -->\n<title>Op zoek naar een Opel Vivaro automaat? Bekijk het aanbod!<\/title>\n<meta name=\"description\" content=\"Overweeg je een Opel Vivaro automaat? Ontdek de specificaties en voordelen van dit model en bepaal of dit bij jouw onderneming past.\" \/>\n<meta name=\"robots\" content=\"index, follow, max-snippet:-1, max-image-preview:large, max-video-preview:-1\" \/>\n<link rel=\"canonical\" href=\"https:\/\/www.vdhurk.nl\/pl\/pojazdy-uzytkowe-vauxhall\/vivaro\/maszyna\/\" \/>\n<meta property=\"og:locale\" content=\"pl_PL\" \/>\n<meta property=\"og:type\" content=\"article\" \/>\n<meta property=\"og:title\" content=\"Op zoek naar een Opel Vivaro automaat? Bekijk het aanbod!\" \/>\n<meta property=\"og:description\" content=\"Overweeg je een Opel Vivaro automaat? Ontdek de specificaties en voordelen van dit model en bepaal of dit bij jouw onderneming past.\" \/>\n<meta property=\"og:url\" content=\"https:\/\/www.vdhurk.nl\/pl\/pojazdy-uzytkowe-vauxhall\/vivaro\/maszyna\/\" \/>\n<meta property=\"og:site_name\" content=\"Van den Hurk Bedrijfswagens\" \/>\n<meta property=\"article:modified_time\" content=\"2025-02-28T14:58:18+00:00\" \/>\n<meta name=\"twitter:card\" content=\"summary_large_image\" \/>\n<meta name=\"twitter:label1\" content=\"Szacowany czas czytania\" \/>\n\t<meta name=\"twitter:data1\" content=\"4 minuty\" \/>\n<script type=\"application\/ld+json\" class=\"yoast-schema-graph\">{\"@context\":\"https:\\\/\\\/schema.org\",\"@graph\":[{\"@type\":\"WebPage\",\"@id\":\"https:\\\/\\\/www.vdhurk.nl\\\/opel-bedrijfswagens\\\/vivaro\\\/automaat\\\/\",\"url\":\"https:\\\/\\\/www.vdhurk.nl\\\/opel-bedrijfswagens\\\/vivaro\\\/automaat\\\/\",\"name\":\"Op zoek naar een Opel Vivaro automaat? Bekijk het aanbod!\",\"isPartOf\":{\"@id\":\"https:\\\/\\\/www.vdhurk.nl\\\/#website\"},\"datePublished\":\"2025-02-28T14:27:04+00:00\",\"dateModified\":\"2025-02-28T14:58:18+00:00\",\"description\":\"Overweeg je een Opel Vivaro automaat? Ontdek de specificaties en voordelen van dit model en bepaal of dit bij jouw onderneming past.\",\"breadcrumb\":{\"@id\":\"https:\\\/\\\/www.vdhurk.nl\\\/opel-bedrijfswagens\\\/vivaro\\\/automaat\\\/#breadcrumb\"},\"inLanguage\":\"pl-PL\",\"potentialAction\":[{\"@type\":\"ReadAction\",\"target\":[\"https:\\\/\\\/www.vdhurk.nl\\\/opel-bedrijfswagens\\\/vivaro\\\/automaat\\\/\"]}]},{\"@type\":\"BreadcrumbList\",\"@id\":\"https:\\\/\\\/www.vdhurk.nl\\\/opel-bedrijfswagens\\\/vivaro\\\/automaat\\\/#breadcrumb\",\"itemListElement\":[{\"@type\":\"ListItem\",\"position\":1,\"name\":\"Home\",\"item\":\"https:\\\/\\\/www.vdhurk.nl\\\/home\\\/\"},{\"@type\":\"ListItem\",\"position\":2,\"name\":\"Opel Bedrijfswagens\",\"item\":\"https:\\\/\\\/www.vdhurk.nl\\\/opel-bedrijfswagens\\\/\"},{\"@type\":\"ListItem\",\"position\":3,\"name\":\"Open Vivaro\",\"item\":\"https:\\\/\\\/www.vdhurk.nl\\\/opel-bedrijfswagens\\\/vivaro\\\/\"},{\"@type\":\"ListItem\",\"position\":4,\"name\":\"Opel Vivaro Automaat\"}]},{\"@type\":\"WebSite\",\"@id\":\"https:\\\/\\\/www.vdhurk.nl\\\/#website\",\"url\":\"https:\\\/\\\/www.vdhurk.nl\\\/\",\"name\":\"Van den Hurk Bedrijfswagens\",\"description\":\"Van den Hurk bedrijfswagens Helmond\",\"potentialAction\":[{\"@type\":\"SearchAction\",\"target\":{\"@type\":\"EntryPoint\",\"urlTemplate\":\"https:\\\/\\\/www.vdhurk.nl\\\/?s={search_term_string}\"},\"query-input\":{\"@type\":\"PropertyValueSpecification\",\"valueRequired\":true,\"valueName\":\"search_term_string\"}}],\"inLanguage\":\"pl-PL\"}]}<\/script>\n<!-- \/ Yoast SEO plugin. -->","yoast_head_json":{"title":"Szukasz Opla Vivaro z automatyczn\u0105 skrzyni\u0105 bieg\u00f3w? Sprawd\u017a ofert\u0119!","description":"Rozwa\u017casz zakup Opla Vivaro z automatyczn\u0105 skrzyni\u0105 bieg\u00f3w? Poznaj specyfikacje i zalety tego modelu i zdecyduj, czy pasuje on do Twojej firmy.","robots":{"index":"index","follow":"follow","max-snippet":"max-snippet:-1","max-image-preview":"max-image-preview:large","max-video-preview":"max-video-preview:-1"},"canonical":"https:\/\/www.vdhurk.nl\/pl\/pojazdy-uzytkowe-vauxhall\/vivaro\/maszyna\/","og_locale":"pl_PL","og_type":"article","og_title":"Op zoek naar een Opel Vivaro automaat? Bekijk het aanbod!","og_description":"Overweeg je een Opel Vivaro automaat? Ontdek de specificaties en voordelen van dit model en bepaal of dit bij jouw onderneming past.","og_url":"https:\/\/www.vdhurk.nl\/pl\/pojazdy-uzytkowe-vauxhall\/vivaro\/maszyna\/","og_site_name":"Van den Hurk Bedrijfswagens","article_modified_time":"2025-02-28T14:58:18+00:00","twitter_card":"summary_large_image","twitter_misc":{"Szacowany czas czytania":"4 minuty"},"schema":{"@context":"https:\/\/schema.org","@graph":[{"@type":"WebPage","@id":"https:\/\/www.vdhurk.nl\/opel-bedrijfswagens\/vivaro\/automaat\/","url":"https:\/\/www.vdhurk.nl\/opel-bedrijfswagens\/vivaro\/automaat\/","name":"Szukasz Opla Vivaro z automatyczn\u0105 skrzyni\u0105 bieg\u00f3w? Sprawd\u017a ofert\u0119!","isPartOf":{"@id":"https:\/\/www.vdhurk.nl\/#website"},"datePublished":"2025-02-28T14:27:04+00:00","dateModified":"2025-02-28T14:58:18+00:00","description":"Rozwa\u017casz zakup Opla Vivaro z automatyczn\u0105 skrzyni\u0105 bieg\u00f3w? Poznaj specyfikacje i zalety tego modelu i zdecyduj, czy pasuje on do Twojej firmy.","breadcrumb":{"@id":"https:\/\/www.vdhurk.nl\/opel-bedrijfswagens\/vivaro\/automaat\/#breadcrumb"},"inLanguage":"pl-PL","potentialAction":[{"@type":"ReadAction","target":["https:\/\/www.vdhurk.nl\/opel-bedrijfswagens\/vivaro\/automaat\/"]}]},{"@type":"BreadcrumbList","@id":"https:\/\/www.vdhurk.nl\/opel-bedrijfswagens\/vivaro\/automaat\/#breadcrumb","itemListElement":[{"@type":"ListItem","position":1,"name":"Home","item":"https:\/\/www.vdhurk.nl\/home\/"},{"@type":"ListItem","position":2,"name":"Opel Bedrijfswagens","item":"https:\/\/www.vdhurk.nl\/opel-bedrijfswagens\/"},{"@type":"ListItem","position":3,"name":"Open Vivaro","item":"https:\/\/www.vdhurk.nl\/opel-bedrijfswagens\/vivaro\/"},{"@type":"ListItem","position":4,"name":"Opel Vivaro Automaat"}]},{"@type":"WebSite","@id":"https:\/\/www.vdhurk.nl\/#website","url":"https:\/\/www.vdhurk.nl\/","name":"Van den Hurk - pojazdy u\u017cytkowe","description":"Van den Hurk pojazdy u\u017cytkowe Helmond","potentialAction":[{"@type":"SearchAction","target":{"@type":"EntryPoint","urlTemplate":"https:\/\/www.vdhurk.nl\/?s={search_term_string}"},"query-input":{"@type":"PropertyValueSpecification","valueRequired":true,"valueName":"search_term_string"}}],"inLanguage":"pl-PL"}]}},"_links":{"self":[{"href":"https:\/\/www.vdhurk.nl\/pl\/wp-json\/wp\/v2\/pages\/454888","targetHints":{"allow":["GET"]}}],"collection":[{"href":"https:\/\/www.vdhurk.nl\/pl\/wp-json\/wp\/v2\/pages"}],"about":[{"href":"https:\/\/www.vdhurk.nl\/pl\/wp-json\/wp\/v2\/types\/page"}],"author":[{"embeddable":true,"href":"https:\/\/www.vdhurk.nl\/pl\/wp-json\/wp\/v2\/users\/3"}],"replies":[{"embeddable":true,"href":"https:\/\/www.vdhurk.nl\/pl\/wp-json\/wp\/v2\/comments?post=454888"}],"version-history":[{"count":3,"href":"https:\/\/www.vdhurk.nl\/pl\/wp-json\/wp\/v2\/pages\/454888\/revisions"}],"predecessor-version":[{"id":454905,"href":"https:\/\/www.vdhurk.nl\/pl\/wp-json\/wp\/v2\/pages\/454888\/revisions\/454905"}],"up":[{"embeddable":true,"href":"https:\/\/www.vdhurk.nl\/pl\/wp-json\/wp\/v2\/pages\/422100"}],"wp:attachment":[{"href":"https:\/\/www.vdhurk.nl\/pl\/wp-json\/wp\/v2\/media?parent=454888"}],"curies":[{"name":"wp","href":"https:\/\/api.w.org\/{rel}","templated":true}]}}