{"id":454884,"date":"2025-02-28T15:22:27","date_gmt":"2025-02-28T14:22:27","guid":{"rendered":"https:\/\/www.vdhurk.nl\/?page_id=454884"},"modified":"2025-02-28T15:58:15","modified_gmt":"2025-02-28T14:58:15","slug":"maszyna","status":"publish","type":"page","link":"https:\/\/www.vdhurk.nl\/pl\/opel-bedrijfswagens\/movano\/automaat\/","title":{"rendered":"Opel Movano Automatic"},"content":{"rendered":"<section  class='av_textblock_section av-lu8gnh7d-4ac895489941e586c1d7c8cb72318135'  itemscope=\"itemscope\" itemtype=\"https:\/\/schema.org\/CreativeWork\" ><div class='avia_textblock'  itemprop=\"text\" ><h1>Czy Opel Movano automatic jest idealnym pojazdem u\u017cytkowym?<\/h1>\n<p>Dobrze funkcjonuj\u0105cy samoch\u00f3d s\u0142u\u017cbowy jest niezb\u0119dny dla Twojej firmy. Vauxhall Movano od lat jest ulubie\u0144cem kierowc\u00f3w biznesowych i nie bez powodu. Ten wszechstronny pojazd u\u017cytkowy oferuje dok\u0142adnie to, czego potrzebujesz, od przestronnego wn\u0119trza po du\u017c\u0105 \u0142adowno\u015b\u0107. Zastanawiasz si\u0119, czy pasuje do Twojej firmy? Czytaj dalej i odkryj jego zalety!<\/p>\n<\/div><\/section>\n\n<style type=\"text\/css\" data-created_by=\"avia_inline_auto\" id=\"style-css-av-lujjddpd-afa3d7a9eabd61123e643ed1228e781e\">\n#top .hr.hr-invisible.av-lujjddpd-afa3d7a9eabd61123e643ed1228e781e{\nheight:50px;\n}\n<\/style>\n<div  class='hr av-lujjddpd-afa3d7a9eabd61123e643ed1228e781e hr-invisible  avia-builder-el-1  el_after_av_textblock  el_before_av_codeblock'><span class='hr-inner'><span class=\"hr-inner-style\"><\/span><\/span><\/div>\n\n\n<style type=\"text\/css\" data-created_by=\"avia_inline_auto\" id=\"style-css-av-ah0xd-63338d9dc6b40410e22a712829c369d6\">\n#top .hr.hr-invisible.av-ah0xd-63338d9dc6b40410e22a712829c369d6{\nheight:50px;\n}\n<\/style>\n<div  class='hr av-ah0xd-63338d9dc6b40410e22a712829c369d6 hr-invisible  avia-builder-el-3  el_after_av_codeblock  el_before_av_textblock'><span class='hr-inner'><span class=\"hr-inner-style\"><\/span><\/span><\/div>\n<section  class='av_textblock_section av-lu8gow1e-300853e458ed741bd87d6cb78e55cc7a'  itemscope=\"itemscope\" itemtype=\"https:\/\/schema.org\/CreativeWork\" ><div class='avia_textblock'  itemprop=\"text\" ><h2>Automatyczna skrzynia bieg\u00f3w: odkryj jej zalety<\/h2>\n<p>Jako przedsi\u0119biorca szukasz samochodu s\u0142u\u017cbowego, kt\u00f3ry b\u0119dzie wydajny i u\u0142atwi Ci codzienne podr\u00f3\u017ce. Pod tym wzgl\u0119dem automat ma kilka zalet w por\u00f3wnaniu z manualnymi modelami Opla Movano. Poniewa\u017c u\u017cywasz tylko jednej nogi, je\u017adzisz bardziej komfortowo. Jest to szczeg\u00f3lnie korzystne podczas d\u0142ugich jazd lub intensywnego ruchu miejskiego. Wybieraj\u0105c automat, wybierasz wygod\u0119, wydajno\u015b\u0107 i dodatkowy komfort, czyli dok\u0142adnie to, czego potrzebujesz.<\/p>\n<\/div><\/section>\n<div class='flex_column av-f64w1-da126f42b61613402309283c14245a25 av_one_half  avia-builder-el-5  el_after_av_textblock  el_before_av_one_third  first flex_column_div column-top-margin'   ><section  class='av_textblock_section av-lu8gpqre-73cc2c17e6a6497ba6e1b58af22bd9e8'  itemscope=\"itemscope\" itemtype=\"https:\/\/schema.org\/CreativeWork\" ><div class='avia_textblock'  itemprop=\"text\" ><h2>Specyfikacje i wersje<\/h2>\n<p>Automatyczny Opel Movano oferuje moc i najwy\u017cszy komfort jazdy. Dzi\u0119ki r\u00f3\u017cnym wersjom zawsze znajdziesz idealne po\u0142\u0105czenie dla swoich potrzeb transportowych. Imponuj\u0105ca \u0142adowno\u015b\u0107 i inteligentne systemy wspomagania jazdy zapewniaj\u0105 wydajno\u015b\u0107 i bezpiecze\u0144stwo na drodze. Nie znalaz\u0142e\u015b jeszcze idealnego modelu? Nasza oferta stale si\u0119 zmienia, wi\u0119c \u015bled\u017a nasz\u0105 stron\u0119 internetow\u0105 lub zapytaj <a href=\"https:\/\/www.vdhurk.nl\/pl\/alarm-gieldowy\/\">stockalert<\/a> w. W ten spos\u00f3b zostaniesz automatycznie powiadomiony, gdy otrzymamy samoch\u00f3d odpowiadaj\u0105cy Twoim potrzebom. Wybierz Opla Movano i wykorzystaj w pe\u0142ni sw\u00f3j dzie\u0144 pracy!<\/p>\n<\/div><\/section><\/div><div class='flex_column av-aldk9-ee694297f5c4032981677a02caab84d6 av_one_third  avia-builder-el-7  el_after_av_one_half  el_before_av_hr  flex_column_div column-top-margin'   ><style type=\"text\/css\" data-created_by=\"avia_inline_auto\" id=\"style-css-av-l1w9kpsf-4ec3fab772ec7a9adaa33cfc64ff0475\">\n.avia-image-container.av-l1w9kpsf-4ec3fab772ec7a9adaa33cfc64ff0475 .av-image-caption-overlay-center{\ncolor:#ffffff;\n}\n<\/style>\n<div  class='avia-image-container av-l1w9kpsf-4ec3fab772ec7a9adaa33cfc64ff0475 av-styling- avia-align-center  avia-builder-el-8  avia-builder-el-no-sibling'  itemprop=\"image\" itemscope=\"itemscope\" itemtype=\"https:\/\/schema.org\/ImageObject\" ><div class=\"avia-image-container-inner\"><div class=\"avia-image-overlay-wrap\"><img decoding=\"async\" class='wp-image-187 avia-img-lazy-loading-not-187 avia_image' src=\"https:\/\/www.vdhurk.nl\/wp-content\/uploads\/2022\/03\/Voorrad.png\" alt='' title='Stock'  height=\"758\" width=\"1135\"  itemprop=\"thumbnailUrl\" srcset=\"https:\/\/www.vdhurk.nl\/wp-content\/uploads\/2022\/03\/Voorrad.png 1135w, https:\/\/www.vdhurk.nl\/wp-content\/uploads\/2022\/03\/Voorrad-300x200.png 300w, https:\/\/www.vdhurk.nl\/wp-content\/uploads\/2022\/03\/Voorrad-1030x688.png 1030w, https:\/\/www.vdhurk.nl\/wp-content\/uploads\/2022\/03\/Voorrad-768x513.png 768w, https:\/\/www.vdhurk.nl\/wp-content\/uploads\/2022\/03\/Voorrad-18x12.png 18w, https:\/\/www.vdhurk.nl\/wp-content\/uploads\/2022\/03\/Voorrad-705x471.png 705w\" sizes=\"(max-width: 1135px) 100vw, 1135px\" \/><\/div><\/div><\/div><\/div><\/p>\n\n<style type=\"text\/css\" data-created_by=\"avia_inline_auto\" id=\"style-css-av-luqrjpjc-5a23a1fb5f94718ca85316a9df963e2f\">\n#top .hr.hr-invisible.av-luqrjpjc-5a23a1fb5f94718ca85316a9df963e2f{\nheight:50px;\n}\n<\/style>\n<div  class='hr av-luqrjpjc-5a23a1fb5f94718ca85316a9df963e2f hr-invisible  avia-builder-el-9  el_after_av_one_third  el_before_av_textblock'><span class='hr-inner'><span class=\"hr-inner-style\"><\/span><\/span><\/div>\n<section  class='av_textblock_section av-lu8gtjw7-4f3cee9304909518d86d2860d9d582dd'  itemscope=\"itemscope\" itemtype=\"https:\/\/schema.org\/CreativeWork\" ><div class='avia_textblock'  itemprop=\"text\" ><h2>Cena Opla Movano<\/h2>\n<p>Przy zakupie pojazdu u\u017cytkowego cena odgrywa du\u017c\u0105 rol\u0119. W Van den Hurk znajdziesz Opla Movano dostosowanego do ka\u017cdego bud\u017cetu. Niezale\u017cnie od tego, czy wybierzesz Opla Movano z drugiej r\u0119ki, nowego czy z automatyczn\u0105 skrzyni\u0105 bieg\u00f3w, zawsze znajdziesz co\u015b w swoim przedziale cenowym. Koszty r\u00f3\u017cni\u0105 si\u0119 w zale\u017cno\u015bci od modelu, roku produkcji i przebiegu. Cokolwiek wybierzesz, zawsze korzystasz z konkurencyjnego stosunku ceny do jako\u015bci. Interesuje Ci\u0119 konkretna cena? Zapraszamy do kontaktu z nami. Ch\u0119tnie pomo\u017cemy w znalezieniu idealnego samochodu s\u0142u\u017cbowego!<\/p>\n<h2>Leasing czy zakup Opla Movano: kt\u00f3ra opcja jest najlepsza?<\/h2>\n<p>Czy wiesz, \u017ce w Van den Hurk masz kilka opcji p\u0142atno\u015bci? Opr\u00f3cz zakupu samochodu s\u0142u\u017cbowego mo\u017cesz r\u00f3wnie\u017c zdecydowa\u0107 si\u0119 na <a href=\"https:\/\/www.vdhurk.nl\/pl\/leasing-finansowy\/\">leasing finansowy<\/a>. Dzi\u0119ki tej elastycznej opcji p\u0142acisz sta\u0142\u0105 kwot\u0119 miesi\u0119cznie. Umowa si\u0119 sko\u0144czy\u0142a? Wtedy jeste\u015b pe\u0142noprawnym w\u0142a\u015bcicielem. Leasing finansowy jest idealny, je\u015bli chcesz rozwija\u0107 swoj\u0105 firm\u0119 bez inwestowania od razu du\u017cej kwoty. W ten spos\u00f3b zachowujesz przestrze\u0144 finansow\u0105 na inne wa\u017cne wydatki.<\/p>\n<h2>Znajd\u017a sw\u00f3j idealny pojazd u\u017cytkowy<\/h2>\n<p>Chcesz kupi\u0107 Opla Movano? A mo\u017ce potrzebujesz pomocy w dokonaniu wyboru? Nie ma problemu. Lubimy my\u015ble\u0107 razem z Tob\u0105, wi\u0119c zawsze znajdziesz idealny pojazd u\u017cytkowy. Skontaktuj si\u0119 z nami, aby uzyska\u0107 wi\u0119cej informacji lub sprawd\u017a nasz\u0105 ofert\u0119.<\/p>\n<\/div><\/section>","protected":false},"excerpt":{"rendered":"","protected":false},"author":3,"featured_media":0,"parent":422104,"menu_order":0,"comment_status":"closed","ping_status":"closed","template":"","meta":{"_acf_changed":false,"_improvement_type_select":"improve_an_existing","_thumb_yes_seoaic":false,"_frame_yes_seoaic":false,"seoaic_generate_description":"","seoaic_improve_instructions_prompt":"","seoaic_rollback_content_improvement":"","seoaic_idea_thumbnail_generator":"","thumbnail_generated":false,"thumbnail_generate_prompt":"","seoaic_article_description":"","footnotes":""},"class_list":["post-454884","page","type-page","status-publish","hentry"],"acf":[],"yoast_head":"<!-- This site is optimized with the Yoast SEO plugin v27.5 - https:\/\/yoast.com\/product\/yoast-seo-wordpress\/ -->\n<title>Opel Movano automaat aanschaffen?<\/title>\n<meta name=\"description\" content=\"Op zoek naar een veelzijdige Opel Movano automaat? Bekijk het actuele aanbod en ontdek de voordelen van deze bedrijfswagen.\" \/>\n<meta name=\"robots\" content=\"index, follow, max-snippet:-1, max-image-preview:large, max-video-preview:-1\" \/>\n<link rel=\"canonical\" href=\"https:\/\/www.vdhurk.nl\/pl\/pojazdy-uzytkowe-vauxhall\/movano\/maszyna\/\" \/>\n<meta property=\"og:locale\" content=\"pl_PL\" \/>\n<meta property=\"og:type\" content=\"article\" \/>\n<meta property=\"og:title\" content=\"Opel Movano automaat aanschaffen?\" \/>\n<meta property=\"og:description\" content=\"Op zoek naar een veelzijdige Opel Movano automaat? Bekijk het actuele aanbod en ontdek de voordelen van deze bedrijfswagen.\" \/>\n<meta property=\"og:url\" content=\"https:\/\/www.vdhurk.nl\/pl\/pojazdy-uzytkowe-vauxhall\/movano\/maszyna\/\" \/>\n<meta property=\"og:site_name\" content=\"Van den Hurk Bedrijfswagens\" \/>\n<meta property=\"article:modified_time\" content=\"2025-02-28T14:58:15+00:00\" \/>\n<meta name=\"twitter:card\" content=\"summary_large_image\" \/>\n<meta name=\"twitter:label1\" content=\"Szacowany czas czytania\" \/>\n\t<meta name=\"twitter:data1\" content=\"4 minuty\" \/>\n<script type=\"application\/ld+json\" class=\"yoast-schema-graph\">{\"@context\":\"https:\\\/\\\/schema.org\",\"@graph\":[{\"@type\":\"WebPage\",\"@id\":\"https:\\\/\\\/www.vdhurk.nl\\\/opel-bedrijfswagens\\\/movano\\\/automaat\\\/\",\"url\":\"https:\\\/\\\/www.vdhurk.nl\\\/opel-bedrijfswagens\\\/movano\\\/automaat\\\/\",\"name\":\"Opel Movano automaat aanschaffen?\",\"isPartOf\":{\"@id\":\"https:\\\/\\\/www.vdhurk.nl\\\/#website\"},\"datePublished\":\"2025-02-28T14:22:27+00:00\",\"dateModified\":\"2025-02-28T14:58:15+00:00\",\"description\":\"Op zoek naar een veelzijdige Opel Movano automaat? Bekijk het actuele aanbod en ontdek de voordelen van deze bedrijfswagen.\",\"breadcrumb\":{\"@id\":\"https:\\\/\\\/www.vdhurk.nl\\\/opel-bedrijfswagens\\\/movano\\\/automaat\\\/#breadcrumb\"},\"inLanguage\":\"pl-PL\",\"potentialAction\":[{\"@type\":\"ReadAction\",\"target\":[\"https:\\\/\\\/www.vdhurk.nl\\\/opel-bedrijfswagens\\\/movano\\\/automaat\\\/\"]}]},{\"@type\":\"BreadcrumbList\",\"@id\":\"https:\\\/\\\/www.vdhurk.nl\\\/opel-bedrijfswagens\\\/movano\\\/automaat\\\/#breadcrumb\",\"itemListElement\":[{\"@type\":\"ListItem\",\"position\":1,\"name\":\"Home\",\"item\":\"https:\\\/\\\/www.vdhurk.nl\\\/home\\\/\"},{\"@type\":\"ListItem\",\"position\":2,\"name\":\"Opel Bedrijfswagens\",\"item\":\"https:\\\/\\\/www.vdhurk.nl\\\/opel-bedrijfswagens\\\/\"},{\"@type\":\"ListItem\",\"position\":3,\"name\":\"Open Movano\",\"item\":\"https:\\\/\\\/www.vdhurk.nl\\\/opel-bedrijfswagens\\\/movano\\\/\"},{\"@type\":\"ListItem\",\"position\":4,\"name\":\"Opel Movano Automaat\"}]},{\"@type\":\"WebSite\",\"@id\":\"https:\\\/\\\/www.vdhurk.nl\\\/#website\",\"url\":\"https:\\\/\\\/www.vdhurk.nl\\\/\",\"name\":\"Van den Hurk Bedrijfswagens\",\"description\":\"Van den Hurk bedrijfswagens Helmond\",\"potentialAction\":[{\"@type\":\"SearchAction\",\"target\":{\"@type\":\"EntryPoint\",\"urlTemplate\":\"https:\\\/\\\/www.vdhurk.nl\\\/?s={search_term_string}\"},\"query-input\":{\"@type\":\"PropertyValueSpecification\",\"valueRequired\":true,\"valueName\":\"search_term_string\"}}],\"inLanguage\":\"pl-PL\"}]}<\/script>\n<!-- \/ Yoast SEO plugin. -->","yoast_head_json":{"title":"Kupi\u0107 automatyczn\u0105 skrzyni\u0119 bieg\u00f3w Vauxhall Movano?","description":"Szukasz wszechstronnego Opla Movano z automatyczn\u0105 skrzyni\u0105 bieg\u00f3w? Sprawd\u017a aktualn\u0105 ofert\u0119 i odkryj zalety tego pojazdu u\u017cytkowego.","robots":{"index":"index","follow":"follow","max-snippet":"max-snippet:-1","max-image-preview":"max-image-preview:large","max-video-preview":"max-video-preview:-1"},"canonical":"https:\/\/www.vdhurk.nl\/pl\/pojazdy-uzytkowe-vauxhall\/movano\/maszyna\/","og_locale":"pl_PL","og_type":"article","og_title":"Opel Movano automaat aanschaffen?","og_description":"Op zoek naar een veelzijdige Opel Movano automaat? Bekijk het actuele aanbod en ontdek de voordelen van deze bedrijfswagen.","og_url":"https:\/\/www.vdhurk.nl\/pl\/pojazdy-uzytkowe-vauxhall\/movano\/maszyna\/","og_site_name":"Van den Hurk Bedrijfswagens","article_modified_time":"2025-02-28T14:58:15+00:00","twitter_card":"summary_large_image","twitter_misc":{"Szacowany czas czytania":"4 minuty"},"schema":{"@context":"https:\/\/schema.org","@graph":[{"@type":"WebPage","@id":"https:\/\/www.vdhurk.nl\/opel-bedrijfswagens\/movano\/automaat\/","url":"https:\/\/www.vdhurk.nl\/opel-bedrijfswagens\/movano\/automaat\/","name":"Kupi\u0107 automatyczn\u0105 skrzyni\u0119 bieg\u00f3w Vauxhall Movano?","isPartOf":{"@id":"https:\/\/www.vdhurk.nl\/#website"},"datePublished":"2025-02-28T14:22:27+00:00","dateModified":"2025-02-28T14:58:15+00:00","description":"Szukasz wszechstronnego Opla Movano z automatyczn\u0105 skrzyni\u0105 bieg\u00f3w? Sprawd\u017a aktualn\u0105 ofert\u0119 i odkryj zalety tego pojazdu u\u017cytkowego.","breadcrumb":{"@id":"https:\/\/www.vdhurk.nl\/opel-bedrijfswagens\/movano\/automaat\/#breadcrumb"},"inLanguage":"pl-PL","potentialAction":[{"@type":"ReadAction","target":["https:\/\/www.vdhurk.nl\/opel-bedrijfswagens\/movano\/automaat\/"]}]},{"@type":"BreadcrumbList","@id":"https:\/\/www.vdhurk.nl\/opel-bedrijfswagens\/movano\/automaat\/#breadcrumb","itemListElement":[{"@type":"ListItem","position":1,"name":"Home","item":"https:\/\/www.vdhurk.nl\/home\/"},{"@type":"ListItem","position":2,"name":"Opel Bedrijfswagens","item":"https:\/\/www.vdhurk.nl\/opel-bedrijfswagens\/"},{"@type":"ListItem","position":3,"name":"Open Movano","item":"https:\/\/www.vdhurk.nl\/opel-bedrijfswagens\/movano\/"},{"@type":"ListItem","position":4,"name":"Opel Movano Automaat"}]},{"@type":"WebSite","@id":"https:\/\/www.vdhurk.nl\/#website","url":"https:\/\/www.vdhurk.nl\/","name":"Van den Hurk - pojazdy u\u017cytkowe","description":"Van den Hurk pojazdy u\u017cytkowe Helmond","potentialAction":[{"@type":"SearchAction","target":{"@type":"EntryPoint","urlTemplate":"https:\/\/www.vdhurk.nl\/?s={search_term_string}"},"query-input":{"@type":"PropertyValueSpecification","valueRequired":true,"valueName":"search_term_string"}}],"inLanguage":"pl-PL"}]}},"_links":{"self":[{"href":"https:\/\/www.vdhurk.nl\/pl\/wp-json\/wp\/v2\/pages\/454884","targetHints":{"allow":["GET"]}}],"collection":[{"href":"https:\/\/www.vdhurk.nl\/pl\/wp-json\/wp\/v2\/pages"}],"about":[{"href":"https:\/\/www.vdhurk.nl\/pl\/wp-json\/wp\/v2\/types\/page"}],"author":[{"embeddable":true,"href":"https:\/\/www.vdhurk.nl\/pl\/wp-json\/wp\/v2\/users\/3"}],"replies":[{"embeddable":true,"href":"https:\/\/www.vdhurk.nl\/pl\/wp-json\/wp\/v2\/comments?post=454884"}],"version-history":[{"count":5,"href":"https:\/\/www.vdhurk.nl\/pl\/wp-json\/wp\/v2\/pages\/454884\/revisions"}],"predecessor-version":[{"id":454904,"href":"https:\/\/www.vdhurk.nl\/pl\/wp-json\/wp\/v2\/pages\/454884\/revisions\/454904"}],"up":[{"embeddable":true,"href":"https:\/\/www.vdhurk.nl\/pl\/wp-json\/wp\/v2\/pages\/422104"}],"wp:attachment":[{"href":"https:\/\/www.vdhurk.nl\/pl\/wp-json\/wp\/v2\/media?parent=454884"}],"curies":[{"name":"wp","href":"https:\/\/api.w.org\/{rel}","templated":true}]}}