{"id":442881,"date":"2025-02-06T17:19:07","date_gmt":"2025-02-06T16:19:07","guid":{"rendered":"https:\/\/www.vdhurk.nl\/?page_id=442881"},"modified":"2025-02-06T17:19:07","modified_gmt":"2025-02-06T16:19:07","slug":"maszyna","status":"publish","type":"page","link":"https:\/\/www.vdhurk.nl\/pl\/volkswagen-bedrijfswagens\/transporter\/automaat\/","title":{"rendered":"Volkswagen Transporter Automatic"},"content":{"rendered":"<section  class='av_textblock_section av-lu8gnh7d-4ac895489941e586c1d7c8cb72318135'  itemscope=\"itemscope\" itemtype=\"https:\/\/schema.org\/CreativeWork\" ><div class='avia_textblock'  itemprop=\"text\" ><h1>Kupujesz automatycznego Volkswagena Transportera?<\/h1>\n<p>Szukasz pojazdu u\u017cytkowego, kt\u00f3ry \u0142\u0105czy w sobie niezawodno\u015b\u0107 i komfort? Volkswagen Transporter z automatyczn\u0105 skrzyni\u0105 bieg\u00f3w to idealny wyb\u00f3r dla przedsi\u0119biorc\u00f3w, kt\u00f3rzy chc\u0105 uzyska\u0107 wi\u0119cej ze swojego pojazdu u\u017cytkowego. Modele Volkswagen Transporter przenosz\u0105 wra\u017cenia z jazdy na wy\u017cszy poziom dzi\u0119ki wygodzie automatycznej skrzyni bieg\u00f3w. Odkryj wszystkie opcje dla siebie.<\/p>\n<\/div><\/section>\n\n<style type=\"text\/css\" data-created_by=\"avia_inline_auto\" id=\"style-css-av-lujjddpd-afa3d7a9eabd61123e643ed1228e781e\">\n#top .hr.hr-invisible.av-lujjddpd-afa3d7a9eabd61123e643ed1228e781e{\nheight:50px;\n}\n<\/style>\n<div  class='hr av-lujjddpd-afa3d7a9eabd61123e643ed1228e781e hr-invisible  avia-builder-el-1  el_after_av_textblock  el_before_av_codeblock'><span class='hr-inner'><span class=\"hr-inner-style\"><\/span><\/span><\/div>\n\n\n<style type=\"text\/css\" data-created_by=\"avia_inline_auto\" id=\"style-css-av-ah0xd-63338d9dc6b40410e22a712829c369d6\">\n#top .hr.hr-invisible.av-ah0xd-63338d9dc6b40410e22a712829c369d6{\nheight:50px;\n}\n<\/style>\n<div  class='hr av-ah0xd-63338d9dc6b40410e22a712829c369d6 hr-invisible  avia-builder-el-3  el_after_av_codeblock  el_before_av_textblock'><span class='hr-inner'><span class=\"hr-inner-style\"><\/span><\/span><\/div>\n<section  class='av_textblock_section av-lu8gow1e-300853e458ed741bd87d6cb78e55cc7a'  itemscope=\"itemscope\" itemtype=\"https:\/\/schema.org\/CreativeWork\" ><div class='avia_textblock'  itemprop=\"text\" ><h2>Dlaczego warto wybra\u0107 automat?<\/h2>\n<p>Coraz wi\u0119cej przedsi\u0119biorc\u00f3w przesiada si\u0119 na pojazdy u\u017cytkowe z automatyczn\u0105 skrzyni\u0105 bieg\u00f3w i nie bez powodu. Automatyczna skrzynia bieg\u00f3w zapewnia komfort i wi\u0119ksz\u0105 koncentracj\u0119 na drodze, poniewa\u017c zmiana bieg\u00f3w odbywa si\u0119 w pe\u0142ni automatycznie. Jest to idealne rozwi\u0105zanie w zat\u0142oczonym ruchu miejskim lub podczas kork\u00f3w. Automatyczna skrzynia bieg\u00f3w zapewnia r\u00f3wnie\u017c lepsze osi\u0105gi, na przyk\u0142ad na pag\u00f3rkowatym terenie. Ponadto automatyczna skrzynia bieg\u00f3w jest bardziej dost\u0119pna dla r\u00f3\u017cnych kierowc\u00f3w, co czyni j\u0105 idealn\u0105 do u\u017cytku biznesowego. Wybierz pojazd u\u017cytkowy z automatyczn\u0105 skrzyni\u0105 bieg\u00f3w i przekonaj si\u0119 sam o jego wygodzie i wszechstronno\u015bci!<\/p>\n<\/div><\/section>\n<div class='flex_column av-f64w1-da126f42b61613402309283c14245a25 av_one_half  avia-builder-el-5  el_after_av_textblock  el_before_av_one_third  first flex_column_div column-top-margin'   ><section  class='av_textblock_section av-lu8gpqre-73cc2c17e6a6497ba6e1b58af22bd9e8'  itemscope=\"itemscope\" itemtype=\"https:\/\/schema.org\/CreativeWork\" ><div class='avia_textblock'  itemprop=\"text\" ><h2>Zalety Volkswagena Transportera<\/h2>\n<p>Rozumiemy, dlaczego te modele s\u0105 tak popularne w\u015br\u00f3d u\u017cytkownik\u00f3w biznesowych. U\u017cywane i nowe Volkswageny Transporter wyr\u00f3\u017cniaj\u0105 si\u0119 wszechstronno\u015bci\u0105 i nadaj\u0105 si\u0119 zar\u00f3wno do transportu towar\u00f3w, jak i os\u00f3b. Dzi\u0119ki solidnej jako\u015bci wykonania, mocnym silnikom oraz przestronnemu i wygodnemu wn\u0119trzu, te samochody u\u017cytkowe s\u0105 niezawodnym wyborem. Rozbudowane funkcje bezpiecze\u0144stwa, takie jak systemy wspomagaj\u0105ce kierowc\u0119, zapewniaj\u0105 dodatkow\u0105 wygod\u0119. Kr\u00f3tko m\u00f3wi\u0105c, Volkswagen Transporter z automatyczn\u0105 skrzyni\u0105 bieg\u00f3w to m\u0105dra inwestycja dla przedsi\u0119biorcy.<\/p>\n<\/div><\/section><\/div><div class='flex_column av-aldk9-ee694297f5c4032981677a02caab84d6 av_one_third  avia-builder-el-7  el_after_av_one_half  el_before_av_hr  flex_column_div column-top-margin'   ><style type=\"text\/css\" data-created_by=\"avia_inline_auto\" id=\"style-css-av-l1w9kpsf-4ec3fab772ec7a9adaa33cfc64ff0475\">\n.avia-image-container.av-l1w9kpsf-4ec3fab772ec7a9adaa33cfc64ff0475 .av-image-caption-overlay-center{\ncolor:#ffffff;\n}\n<\/style>\n<div  class='avia-image-container av-l1w9kpsf-4ec3fab772ec7a9adaa33cfc64ff0475 av-styling- avia-align-center  avia-builder-el-8  avia-builder-el-no-sibling'  itemprop=\"image\" itemscope=\"itemscope\" itemtype=\"https:\/\/schema.org\/ImageObject\" ><div class=\"avia-image-container-inner\"><div class=\"avia-image-overlay-wrap\"><img decoding=\"async\" class='wp-image-187 avia-img-lazy-loading-not-187 avia_image' src=\"https:\/\/www.vdhurk.nl\/wp-content\/uploads\/2022\/03\/Voorrad.png\" alt='' title='Stock'  height=\"758\" width=\"1135\"  itemprop=\"thumbnailUrl\" srcset=\"https:\/\/www.vdhurk.nl\/wp-content\/uploads\/2022\/03\/Voorrad.png 1135w, https:\/\/www.vdhurk.nl\/wp-content\/uploads\/2022\/03\/Voorrad-300x200.png 300w, https:\/\/www.vdhurk.nl\/wp-content\/uploads\/2022\/03\/Voorrad-1030x688.png 1030w, https:\/\/www.vdhurk.nl\/wp-content\/uploads\/2022\/03\/Voorrad-768x513.png 768w, https:\/\/www.vdhurk.nl\/wp-content\/uploads\/2022\/03\/Voorrad-18x12.png 18w, https:\/\/www.vdhurk.nl\/wp-content\/uploads\/2022\/03\/Voorrad-705x471.png 705w\" sizes=\"(max-width: 1135px) 100vw, 1135px\" \/><\/div><\/div><\/div><\/div><\/p>\n\n<style type=\"text\/css\" data-created_by=\"avia_inline_auto\" id=\"style-css-av-luqrjpjc-5a23a1fb5f94718ca85316a9df963e2f\">\n#top .hr.hr-invisible.av-luqrjpjc-5a23a1fb5f94718ca85316a9df963e2f{\nheight:50px;\n}\n<\/style>\n<div  class='hr av-luqrjpjc-5a23a1fb5f94718ca85316a9df963e2f hr-invisible  avia-builder-el-9  el_after_av_one_third  el_before_av_textblock'><span class='hr-inner'><span class=\"hr-inner-style\"><\/span><\/span><\/div>\n<section  class='av_textblock_section av-lu8gtjw7-4f3cee9304909518d86d2860d9d582dd'  itemscope=\"itemscope\" itemtype=\"https:\/\/schema.org\/CreativeWork\" ><div class='avia_textblock'  itemprop=\"text\" ><h2>Kupujesz lub leasingujesz Volkswagena Transportera?<\/h2>\n<p>W Van den Hurk oferujemy nie tylko mo\u017cliwo\u015b\u0107 zakupu pojazdu u\u017cytkowego, ale tak\u017ce jego leasingu. Leasing Volkswagena Transportera zapewnia przedsi\u0119biorcy elastyczno\u015b\u0107 i bezpiecze\u0144stwo. W <a href=\"https:\/\/www.vdhurk.nl\/pl\/leasing-finansowy\/\">leasing finansowy<\/a> Korzystasz ze sta\u0142ej miesi\u0119cznej op\u0142aty i posiadasz w\u0142asny pojazd u\u017cytkowy po zako\u0144czeniu umowy.<\/p>\n<h2>O jakiej cenie powiniene\u015b pomy\u015ble\u0107?<\/h2>\n<p>Cena automatycznego Volkswagena Transportera zale\u017cy od kilku czynnik\u00f3w, takich jak rok produkcji, wyko\u0144czenie, przebieg i wybrane opcje dodatkowe. W Van den Hurk z przyjemno\u015bci\u0105 przygotujemy dla Ciebie indywidualn\u0105 wycen\u0119, aby\u015b dok\u0142adnie wiedzia\u0142, jaka b\u0119dzie cena. Zapraszamy do <a href=\"https:\/\/www.vdhurk.nl\/pl\/kontakt\/\">skontaktuj si\u0119 z nami<\/a> aby uzyska\u0107 wi\u0119cej informacji i indywidualne porady.<\/p>\n<h2>Odkryj mo\u017cliwo\u015bci<\/h2>\n<p>Automatyczny Volkswagen Transporter oferuje wszystko, czego potrzebujesz, aby osi\u0105gn\u0105\u0107 swoje cele biznesowe. Dzi\u0119ki wygodzie automatycznej skrzyni bieg\u00f3w jest to inwestycja, kt\u00f3ra si\u0119 op\u0142aca. W Van den Hurk z przyjemno\u015bci\u0105 pomo\u017cemy Ci dokona\u0107 najlepszego wyboru dostosowanego do Twoich potrzeb biznesowych i bud\u017cetu. Odkryj r\u00f3\u017cne opcje.<\/p>\n<\/div><\/section>","protected":false},"excerpt":{"rendered":"","protected":false},"author":3,"featured_media":0,"parent":393643,"menu_order":0,"comment_status":"closed","ping_status":"closed","template":"","meta":{"_acf_changed":false,"_improvement_type_select":"improve_an_existing","_thumb_yes_seoaic":false,"_frame_yes_seoaic":false,"seoaic_generate_description":"","seoaic_improve_instructions_prompt":"","seoaic_rollback_content_improvement":"","seoaic_idea_thumbnail_generator":"","thumbnail_generated":false,"thumbnail_generate_prompt":"","seoaic_article_description":"","footnotes":""},"class_list":["post-442881","page","type-page","status-publish","hentry"],"acf":[],"yoast_head":"<!-- This site is optimized with the Yoast SEO plugin v27.5 - https:\/\/yoast.com\/product\/yoast-seo-wordpress\/ -->\n<title>Vind de ideale Volkswagen Transporter automaat<\/title>\n<meta name=\"description\" content=\"Een Volkswagen Transporter automaat kopen? Ontdek de verschillende specificaties en mogelijkheden en vind de bedrijfswagen die bij jouw onderneming past.\" \/>\n<meta name=\"robots\" content=\"index, follow, max-snippet:-1, max-image-preview:large, max-video-preview:-1\" \/>\n<link rel=\"canonical\" href=\"https:\/\/www.vdhurk.nl\/pl\/mercedes-13\/mercedes-14\/maszyna\/\" \/>\n<meta property=\"og:locale\" content=\"pl_PL\" \/>\n<meta property=\"og:type\" content=\"article\" \/>\n<meta property=\"og:title\" content=\"Vind de ideale Volkswagen Transporter automaat\" \/>\n<meta property=\"og:description\" content=\"Een Volkswagen Transporter automaat kopen? Ontdek de verschillende specificaties en mogelijkheden en vind de bedrijfswagen die bij jouw onderneming past.\" \/>\n<meta property=\"og:url\" content=\"https:\/\/www.vdhurk.nl\/pl\/mercedes-13\/mercedes-14\/maszyna\/\" \/>\n<meta property=\"og:site_name\" content=\"Van den Hurk Bedrijfswagens\" \/>\n<meta name=\"twitter:card\" content=\"summary_large_image\" \/>\n<meta name=\"twitter:label1\" content=\"Szacowany czas czytania\" \/>\n\t<meta name=\"twitter:data1\" content=\"4 minuty\" \/>\n<script type=\"application\/ld+json\" class=\"yoast-schema-graph\">{\"@context\":\"https:\\\/\\\/schema.org\",\"@graph\":[{\"@type\":\"WebPage\",\"@id\":\"https:\\\/\\\/www.vdhurk.nl\\\/volkswagen-bedrijfswagens\\\/transporter\\\/automaat\\\/\",\"url\":\"https:\\\/\\\/www.vdhurk.nl\\\/volkswagen-bedrijfswagens\\\/transporter\\\/automaat\\\/\",\"name\":\"Vind de ideale Volkswagen Transporter automaat\",\"isPartOf\":{\"@id\":\"https:\\\/\\\/www.vdhurk.nl\\\/#website\"},\"datePublished\":\"2025-02-06T16:19:07+00:00\",\"description\":\"Een Volkswagen Transporter automaat kopen? Ontdek de verschillende specificaties en mogelijkheden en vind de bedrijfswagen die bij jouw onderneming past.\",\"breadcrumb\":{\"@id\":\"https:\\\/\\\/www.vdhurk.nl\\\/volkswagen-bedrijfswagens\\\/transporter\\\/automaat\\\/#breadcrumb\"},\"inLanguage\":\"pl-PL\",\"potentialAction\":[{\"@type\":\"ReadAction\",\"target\":[\"https:\\\/\\\/www.vdhurk.nl\\\/volkswagen-bedrijfswagens\\\/transporter\\\/automaat\\\/\"]}]},{\"@type\":\"BreadcrumbList\",\"@id\":\"https:\\\/\\\/www.vdhurk.nl\\\/volkswagen-bedrijfswagens\\\/transporter\\\/automaat\\\/#breadcrumb\",\"itemListElement\":[{\"@type\":\"ListItem\",\"position\":1,\"name\":\"Home\",\"item\":\"https:\\\/\\\/www.vdhurk.nl\\\/home\\\/\"},{\"@type\":\"ListItem\",\"position\":2,\"name\":\"Volkswagen Bedrijfswagens\",\"item\":\"https:\\\/\\\/www.vdhurk.nl\\\/volkswagen-bedrijfswagens\\\/\"},{\"@type\":\"ListItem\",\"position\":3,\"name\":\"Volkswagen Transporter\",\"item\":\"https:\\\/\\\/www.vdhurk.nl\\\/volkswagen-bedrijfswagens\\\/transporter\\\/\"},{\"@type\":\"ListItem\",\"position\":4,\"name\":\"Volkswagen Transporter Automaat\"}]},{\"@type\":\"WebSite\",\"@id\":\"https:\\\/\\\/www.vdhurk.nl\\\/#website\",\"url\":\"https:\\\/\\\/www.vdhurk.nl\\\/\",\"name\":\"Van den Hurk Bedrijfswagens\",\"description\":\"Van den Hurk bedrijfswagens Helmond\",\"potentialAction\":[{\"@type\":\"SearchAction\",\"target\":{\"@type\":\"EntryPoint\",\"urlTemplate\":\"https:\\\/\\\/www.vdhurk.nl\\\/?s={search_term_string}\"},\"query-input\":{\"@type\":\"PropertyValueSpecification\",\"valueRequired\":true,\"valueName\":\"search_term_string\"}}],\"inLanguage\":\"pl-PL\"}]}<\/script>\n<!-- \/ Yoast SEO plugin. -->","yoast_head_json":{"title":"Znajd\u017a idealnego automatycznego Volkswagena Transportera","description":"Chcesz kupi\u0107 automatycznego Volkswagena Transportera? Zapoznaj si\u0119 z r\u00f3\u017cnymi specyfikacjami i opcjami i znajd\u017a pojazd u\u017cytkowy, kt\u00f3ry pasuje do Twojej firmy.","robots":{"index":"index","follow":"follow","max-snippet":"max-snippet:-1","max-image-preview":"max-image-preview:large","max-video-preview":"max-video-preview:-1"},"canonical":"https:\/\/www.vdhurk.nl\/pl\/mercedes-13\/mercedes-14\/maszyna\/","og_locale":"pl_PL","og_type":"article","og_title":"Vind de ideale Volkswagen Transporter automaat","og_description":"Een Volkswagen Transporter automaat kopen? Ontdek de verschillende specificaties en mogelijkheden en vind de bedrijfswagen die bij jouw onderneming past.","og_url":"https:\/\/www.vdhurk.nl\/pl\/mercedes-13\/mercedes-14\/maszyna\/","og_site_name":"Van den Hurk Bedrijfswagens","twitter_card":"summary_large_image","twitter_misc":{"Szacowany czas czytania":"4 minuty"},"schema":{"@context":"https:\/\/schema.org","@graph":[{"@type":"WebPage","@id":"https:\/\/www.vdhurk.nl\/volkswagen-bedrijfswagens\/transporter\/automaat\/","url":"https:\/\/www.vdhurk.nl\/volkswagen-bedrijfswagens\/transporter\/automaat\/","name":"Znajd\u017a idealnego automatycznego Volkswagena Transportera","isPartOf":{"@id":"https:\/\/www.vdhurk.nl\/#website"},"datePublished":"2025-02-06T16:19:07+00:00","description":"Chcesz kupi\u0107 automatycznego Volkswagena Transportera? Zapoznaj si\u0119 z r\u00f3\u017cnymi specyfikacjami i opcjami i znajd\u017a pojazd u\u017cytkowy, kt\u00f3ry pasuje do Twojej firmy.","breadcrumb":{"@id":"https:\/\/www.vdhurk.nl\/volkswagen-bedrijfswagens\/transporter\/automaat\/#breadcrumb"},"inLanguage":"pl-PL","potentialAction":[{"@type":"ReadAction","target":["https:\/\/www.vdhurk.nl\/volkswagen-bedrijfswagens\/transporter\/automaat\/"]}]},{"@type":"BreadcrumbList","@id":"https:\/\/www.vdhurk.nl\/volkswagen-bedrijfswagens\/transporter\/automaat\/#breadcrumb","itemListElement":[{"@type":"ListItem","position":1,"name":"Home","item":"https:\/\/www.vdhurk.nl\/home\/"},{"@type":"ListItem","position":2,"name":"Volkswagen Bedrijfswagens","item":"https:\/\/www.vdhurk.nl\/volkswagen-bedrijfswagens\/"},{"@type":"ListItem","position":3,"name":"Volkswagen Transporter","item":"https:\/\/www.vdhurk.nl\/volkswagen-bedrijfswagens\/transporter\/"},{"@type":"ListItem","position":4,"name":"Volkswagen Transporter Automaat"}]},{"@type":"WebSite","@id":"https:\/\/www.vdhurk.nl\/#website","url":"https:\/\/www.vdhurk.nl\/","name":"Van den Hurk - pojazdy u\u017cytkowe","description":"Van den Hurk pojazdy u\u017cytkowe Helmond","potentialAction":[{"@type":"SearchAction","target":{"@type":"EntryPoint","urlTemplate":"https:\/\/www.vdhurk.nl\/?s={search_term_string}"},"query-input":{"@type":"PropertyValueSpecification","valueRequired":true,"valueName":"search_term_string"}}],"inLanguage":"pl-PL"}]}},"_links":{"self":[{"href":"https:\/\/www.vdhurk.nl\/pl\/wp-json\/wp\/v2\/pages\/442881","targetHints":{"allow":["GET"]}}],"collection":[{"href":"https:\/\/www.vdhurk.nl\/pl\/wp-json\/wp\/v2\/pages"}],"about":[{"href":"https:\/\/www.vdhurk.nl\/pl\/wp-json\/wp\/v2\/types\/page"}],"author":[{"embeddable":true,"href":"https:\/\/www.vdhurk.nl\/pl\/wp-json\/wp\/v2\/users\/3"}],"replies":[{"embeddable":true,"href":"https:\/\/www.vdhurk.nl\/pl\/wp-json\/wp\/v2\/comments?post=442881"}],"version-history":[{"count":2,"href":"https:\/\/www.vdhurk.nl\/pl\/wp-json\/wp\/v2\/pages\/442881\/revisions"}],"predecessor-version":[{"id":442902,"href":"https:\/\/www.vdhurk.nl\/pl\/wp-json\/wp\/v2\/pages\/442881\/revisions\/442902"}],"up":[{"embeddable":true,"href":"https:\/\/www.vdhurk.nl\/pl\/wp-json\/wp\/v2\/pages\/393643"}],"wp:attachment":[{"href":"https:\/\/www.vdhurk.nl\/pl\/wp-json\/wp\/v2\/media?parent=442881"}],"curies":[{"name":"wp","href":"https:\/\/api.w.org\/{rel}","templated":true}]}}