{"id":442876,"date":"2025-02-06T17:15:21","date_gmt":"2025-02-06T16:15:21","guid":{"rendered":"https:\/\/www.vdhurk.nl\/?page_id=442876"},"modified":"2025-02-06T17:15:21","modified_gmt":"2025-02-06T16:15:21","slug":"maszyna","status":"publish","type":"page","link":"https:\/\/www.vdhurk.nl\/pl\/mercedes-bedrijfswagens\/sprinter\/automaat\/","title":{"rendered":"Mercedes Sprinter Automatic"},"content":{"rendered":"<section  class='av_textblock_section av-lu8gnh7d-4ac895489941e586c1d7c8cb72318135'  itemscope=\"itemscope\" itemtype=\"https:\/\/schema.org\/CreativeWork\" ><div class='avia_textblock'  itemprop=\"text\" ><h1>Odkryj automatyczn\u0105 skrzyni\u0119 bieg\u00f3w Mercedes Sprinter<\/h1>\n<p>Nie masz ju\u017c ochoty na zmian\u0119 bieg\u00f3w? Postaw na wygod\u0119 i komfort dzi\u0119ki automatycznemu Mercedesowi Sprinterowi. Te popularne pojazdy u\u017cytkowe s\u0105 ulubie\u0144cami u\u017cytkownik\u00f3w biznesowych dzi\u0119ki swojej niezawodno\u015bci, komfortowi i du\u017cej \u0142adowno\u015bci. Sprinter bez trudu dostosowuje si\u0119 do Twoich potrzeb. Odkryj korzy\u015bci i przekonaj si\u0119, dlaczego tak wiele firm wybiera Sprintera.<\/p>\n<\/div><\/section>\n\n<style type=\"text\/css\" data-created_by=\"avia_inline_auto\" id=\"style-css-av-lujjddpd-afa3d7a9eabd61123e643ed1228e781e\">\n#top .hr.hr-invisible.av-lujjddpd-afa3d7a9eabd61123e643ed1228e781e{\nheight:50px;\n}\n<\/style>\n<div  class='hr av-lujjddpd-afa3d7a9eabd61123e643ed1228e781e hr-invisible  avia-builder-el-1  el_after_av_textblock  el_before_av_codeblock'><span class='hr-inner'><span class=\"hr-inner-style\"><\/span><\/span><\/div>\n\n\n<style type=\"text\/css\" data-created_by=\"avia_inline_auto\" id=\"style-css-av-o1d5-cf77288da24053faf1b6ffbefcfc6222\">\n#top .hr.hr-invisible.av-o1d5-cf77288da24053faf1b6ffbefcfc6222{\nheight:50px;\n}\n<\/style>\n<div  class='hr av-o1d5-cf77288da24053faf1b6ffbefcfc6222 hr-invisible  avia-builder-el-3  el_after_av_codeblock  el_before_av_textblock'><span class='hr-inner'><span class=\"hr-inner-style\"><\/span><\/span><\/div>\n<section  class='av_textblock_section av-lu8gow1e-300853e458ed741bd87d6cb78e55cc7a'  itemscope=\"itemscope\" itemtype=\"https:\/\/schema.org\/CreativeWork\" ><div class='avia_textblock'  itemprop=\"text\" ><h2>Zalety automatycznego<\/h2>\n<p>Coraz wi\u0119cej firm przechodzi na automatyczn\u0105 skrzyni\u0119 bieg\u00f3w i nie bez powodu. W ko\u0144cu automatyczna skrzynia bieg\u00f3w oferuje optymalny komfort jazdy: nie musisz sam wciska\u0107 sprz\u0119g\u0142a ani zmienia\u0107 bieg\u00f3w. Jest to szczeg\u00f3lnie przydatne przy du\u017cym nat\u0119\u017ceniu ruchu, np. w korkach. Automatyczna skrzynia bieg\u00f3w przyczynia si\u0119 r\u00f3wnie\u017c do wi\u0119kszego bezpiecze\u0144stwa, poniewa\u017c mo\u017cesz w pe\u0142ni skupi\u0107 si\u0119 na drodze i jest mniej prawdopodobne, \u017ce b\u0119dziesz rozproszony przez zmian\u0119 bieg\u00f3w. Nowoczesne skrzynie automatyczne s\u0105 r\u00f3wnie\u017c bardziej wydajne: zmieniaj\u0105 biegi szybciej i p\u0142ynniej ni\u017c skrzynie manualne. Nie tylko zwi\u0119ksza to wygod\u0119 jazdy, ale tak\u017ce pozwala oszcz\u0119dza\u0107 paliwo. Dla firm oznacza to praktyczny i ekonomiczny wyb\u00f3r, kt\u00f3ry \u0142\u0105czy w sobie komfort i wydajno\u015b\u0107.<\/p>\n<\/div><\/section>\n<div class='flex_column av-f64w1-da126f42b61613402309283c14245a25 av_one_half  avia-builder-el-5  el_after_av_textblock  el_before_av_one_third  first flex_column_div column-top-margin'   ><section  class='av_textblock_section av-lu8gpqre-73cc2c17e6a6497ba6e1b58af22bd9e8'  itemscope=\"itemscope\" itemtype=\"https:\/\/schema.org\/CreativeWork\" ><div class='avia_textblock'  itemprop=\"text\" ><h2>Dlaczego warto wybra\u0107 Mercedesa Sprintera?<\/h2>\n<p>Modele Mercedes Sprinter s\u0105 znane ze swojej jako\u015bci, wszechstronno\u015bci i niezawodno\u015bci. Ten pojazd u\u017cytkowy zosta\u0142 zaprojektowany z my\u015bl\u0105 o komforcie i \u0142atwo\u015bci u\u017cytkowania, dzi\u0119ki czemu ka\u017cda podr\u00f3\u017c jest przyjemna. Ergonomiczne fotele zapewniaj\u0105 doskona\u0142y komfort siedzenia, idealny na d\u0142ugie dni pracy w trasie. Co wi\u0119cej, Sprinter jest dost\u0119pny w r\u00f3\u017cnych wersjach, w tym w r\u00f3\u017cnych rocznikach i przebiegach. Niezale\u017cnie od tego, czy szukasz du\u017cej \u0142adowno\u015bci, nowoczesnej technologii czy kompaktowego modelu, zawsze znajdziesz Sprintera, kt\u00f3ry idealnie odpowiada Twoim potrzebom biznesowym.<\/p>\n<\/div><\/section><\/div><div class='flex_column av-aldk9-ee694297f5c4032981677a02caab84d6 av_one_third  avia-builder-el-7  el_after_av_one_half  el_before_av_hr  flex_column_div column-top-margin'   ><style type=\"text\/css\" data-created_by=\"avia_inline_auto\" id=\"style-css-av-l1w9kpsf-4ec3fab772ec7a9adaa33cfc64ff0475\">\n.avia-image-container.av-l1w9kpsf-4ec3fab772ec7a9adaa33cfc64ff0475 .av-image-caption-overlay-center{\ncolor:#ffffff;\n}\n<\/style>\n<div  class='avia-image-container av-l1w9kpsf-4ec3fab772ec7a9adaa33cfc64ff0475 av-styling- avia-align-center  avia-builder-el-8  avia-builder-el-no-sibling'  itemprop=\"image\" itemscope=\"itemscope\" itemtype=\"https:\/\/schema.org\/ImageObject\" ><div class=\"avia-image-container-inner\"><div class=\"avia-image-overlay-wrap\"><img decoding=\"async\" class='wp-image-187 avia-img-lazy-loading-not-187 avia_image' src=\"https:\/\/www.vdhurk.nl\/wp-content\/uploads\/2022\/03\/Voorrad.png\" alt='' title='Stock'  height=\"758\" width=\"1135\"  itemprop=\"thumbnailUrl\" srcset=\"https:\/\/www.vdhurk.nl\/wp-content\/uploads\/2022\/03\/Voorrad.png 1135w, https:\/\/www.vdhurk.nl\/wp-content\/uploads\/2022\/03\/Voorrad-300x200.png 300w, https:\/\/www.vdhurk.nl\/wp-content\/uploads\/2022\/03\/Voorrad-1030x688.png 1030w, https:\/\/www.vdhurk.nl\/wp-content\/uploads\/2022\/03\/Voorrad-768x513.png 768w, https:\/\/www.vdhurk.nl\/wp-content\/uploads\/2022\/03\/Voorrad-18x12.png 18w, https:\/\/www.vdhurk.nl\/wp-content\/uploads\/2022\/03\/Voorrad-705x471.png 705w\" sizes=\"(max-width: 1135px) 100vw, 1135px\" \/><\/div><\/div><\/div><\/div><\/p>\n\n<style type=\"text\/css\" data-created_by=\"avia_inline_auto\" id=\"style-css-av-luqrjpjc-5a23a1fb5f94718ca85316a9df963e2f\">\n#top .hr.hr-invisible.av-luqrjpjc-5a23a1fb5f94718ca85316a9df963e2f{\nheight:50px;\n}\n<\/style>\n<div  class='hr av-luqrjpjc-5a23a1fb5f94718ca85316a9df963e2f hr-invisible  avia-builder-el-9  el_after_av_one_third  el_before_av_textblock'><span class='hr-inner'><span class=\"hr-inner-style\"><\/span><\/span><\/div>\n<section  class='av_textblock_section av-lu8gtjw7-4f3cee9304909518d86d2860d9d582dd'  itemscope=\"itemscope\" itemtype=\"https:\/\/schema.org\/CreativeWork\" ><div class='avia_textblock'  itemprop=\"text\" ><h2>Kupujesz lub leasingujesz Mercedesa Sprintera?<\/h2>\n<p>W Van den Hurk oferujemy elastyczne opcje finansowania dostosowane do potrzeb Twojej firmy. Chcesz od razu sta\u0107 si\u0119 w\u0142a\u015bcicielem? Wybierz opcj\u0119 zakupu samochodu s\u0142u\u017cbowego. Wolisz roz\u0142o\u017cy\u0107 p\u0142atno\u015b\u0107 na raty zamiast p\u0142aci\u0107 od razu? W takim razie nasza <a href=\"https:\/\/www.vdhurk.nl\/pl\/leasing-finansowy\/\">leasing finansowy<\/a> idealne rozwi\u0105zanie. Ten rodzaj leasingu jest specjalnie zaprojektowany dla firm, kt\u00f3re ceni\u0105 sobie bezpiecze\u0144stwo i wygod\u0119 finansow\u0105. Leasing Mercedesa Sprintera oznacza sta\u0142e miesi\u0119czne koszty, a jednocze\u015bnie mo\u017cliwo\u015b\u0107 korzystania z niego od razu.<\/p>\n<h2>Znajd\u017a sw\u00f3j idealny pojazd u\u017cytkowy<\/h2>\n<p>Niezale\u017cnie od tego, czy wybierzesz Mercedesa Sprintera u\u017cywanego czy nowego, zawsze masz pewno\u015b\u0107 najwy\u017cszej jako\u015bci. Automatyczna skrzynia bieg\u00f3w zapewnia dodatkowy komfort i wygod\u0119 podczas ka\u017cdej podr\u00f3\u017cy. Jako do\u015bwiadczony dealer Mercedesa Sprintera jeste\u015bmy gotowi udzieli\u0107 informacji i porad, aby\u015b m\u00f3g\u0142 bez obaw wybra\u0107 idealny pojazd u\u017cytkowy. Skontaktuj si\u0119 z nami i dowiedz si\u0119, co Sprinter mo\u017ce zrobi\u0107 dla Twojej firmy.<\/p>\n<\/div><\/section>","protected":false},"excerpt":{"rendered":"","protected":false},"author":3,"featured_media":0,"parent":393273,"menu_order":0,"comment_status":"closed","ping_status":"closed","template":"","meta":{"_acf_changed":false,"_improvement_type_select":"improve_an_existing","_thumb_yes_seoaic":false,"_frame_yes_seoaic":false,"seoaic_generate_description":"","seoaic_improve_instructions_prompt":"","seoaic_rollback_content_improvement":"","seoaic_idea_thumbnail_generator":"","thumbnail_generated":false,"thumbnail_generate_prompt":"","seoaic_article_description":"","footnotes":""},"class_list":["post-442876","page","type-page","status-publish","hentry"],"acf":[],"yoast_head":"<!-- This site is optimized with the Yoast SEO plugin v27.2 - https:\/\/yoast.com\/product\/yoast-seo-wordpress\/ -->\n<title>Op zoek naar een Mercedes Sprinter automaat?<\/title>\n<meta name=\"description\" content=\"Ontdek de betrouwbare Mercedes Sprinter automaat. Perfect voor zakelijk gebruik met ultiem rijcomfort, ruime laadruimte en moderne technologie.\" \/>\n<meta name=\"robots\" content=\"index, follow, max-snippet:-1, max-image-preview:large, max-video-preview:-1\" \/>\n<link rel=\"canonical\" href=\"https:\/\/www.vdhurk.nl\/pl\/mercedes-9\/sprinter\/maszyna\/\" \/>\n<meta property=\"og:locale\" content=\"pl_PL\" \/>\n<meta property=\"og:type\" content=\"article\" \/>\n<meta property=\"og:title\" content=\"Op zoek naar een Mercedes Sprinter automaat?\" \/>\n<meta property=\"og:description\" content=\"Ontdek de betrouwbare Mercedes Sprinter automaat. Perfect voor zakelijk gebruik met ultiem rijcomfort, ruime laadruimte en moderne technologie.\" \/>\n<meta property=\"og:url\" content=\"https:\/\/www.vdhurk.nl\/pl\/mercedes-9\/sprinter\/maszyna\/\" \/>\n<meta property=\"og:site_name\" content=\"Van den Hurk Bedrijfswagens\" \/>\n<meta name=\"twitter:card\" content=\"summary_large_image\" \/>\n<meta name=\"twitter:label1\" content=\"Szacowany czas czytania\" \/>\n\t<meta name=\"twitter:data1\" content=\"4 minuty\" \/>\n<script type=\"application\/ld+json\" class=\"yoast-schema-graph\">{\"@context\":\"https:\/\/schema.org\",\"@graph\":[{\"@type\":\"WebPage\",\"@id\":\"https:\/\/www.vdhurk.nl\/mercedes-bedrijfswagens\/sprinter\/automaat\/\",\"url\":\"https:\/\/www.vdhurk.nl\/mercedes-bedrijfswagens\/sprinter\/automaat\/\",\"name\":\"Op zoek naar een Mercedes Sprinter automaat?\",\"isPartOf\":{\"@id\":\"https:\/\/www.vdhurk.nl\/#website\"},\"datePublished\":\"2025-02-06T16:15:21+00:00\",\"description\":\"Ontdek de betrouwbare Mercedes Sprinter automaat. Perfect voor zakelijk gebruik met ultiem rijcomfort, ruime laadruimte en moderne technologie.\",\"breadcrumb\":{\"@id\":\"https:\/\/www.vdhurk.nl\/mercedes-bedrijfswagens\/sprinter\/automaat\/#breadcrumb\"},\"inLanguage\":\"pl-PL\",\"potentialAction\":[{\"@type\":\"ReadAction\",\"target\":[\"https:\/\/www.vdhurk.nl\/mercedes-bedrijfswagens\/sprinter\/automaat\/\"]}]},{\"@type\":\"BreadcrumbList\",\"@id\":\"https:\/\/www.vdhurk.nl\/mercedes-bedrijfswagens\/sprinter\/automaat\/#breadcrumb\",\"itemListElement\":[{\"@type\":\"ListItem\",\"position\":1,\"name\":\"Home\",\"item\":\"https:\/\/www.vdhurk.nl\/home\/\"},{\"@type\":\"ListItem\",\"position\":2,\"name\":\"Mercedes Bedrijfswagens\",\"item\":\"https:\/\/www.vdhurk.nl\/mercedes-bedrijfswagens\/\"},{\"@type\":\"ListItem\",\"position\":3,\"name\":\"Mercedes Sprinter\",\"item\":\"https:\/\/www.vdhurk.nl\/mercedes-bedrijfswagens\/sprinter\/\"},{\"@type\":\"ListItem\",\"position\":4,\"name\":\"Mercedes Sprinter Automaat\"}]},{\"@type\":\"WebSite\",\"@id\":\"https:\/\/www.vdhurk.nl\/#website\",\"url\":\"https:\/\/www.vdhurk.nl\/\",\"name\":\"Van den Hurk Bedrijfswagens\",\"description\":\"Van den Hurk bedrijfswagens Helmond\",\"potentialAction\":[{\"@type\":\"SearchAction\",\"target\":{\"@type\":\"EntryPoint\",\"urlTemplate\":\"https:\/\/www.vdhurk.nl\/?s={search_term_string}\"},\"query-input\":{\"@type\":\"PropertyValueSpecification\",\"valueRequired\":true,\"valueName\":\"search_term_string\"}}],\"inLanguage\":\"pl-PL\"}]}<\/script>\n<!-- \/ Yoast SEO plugin. -->","yoast_head_json":{"title":"Szukasz automatycznego Mercedesa Sprintera?","description":"Odkryj niezawodny automatyczny Mercedes Sprinter. Idealny do u\u017cytku biznesowego z najwy\u017cszym komfortem jazdy, przestronn\u0105 przestrzeni\u0105 \u0142adunkow\u0105 i nowoczesn\u0105 technologi\u0105.","robots":{"index":"index","follow":"follow","max-snippet":"max-snippet:-1","max-image-preview":"max-image-preview:large","max-video-preview":"max-video-preview:-1"},"canonical":"https:\/\/www.vdhurk.nl\/pl\/mercedes-9\/sprinter\/maszyna\/","og_locale":"pl_PL","og_type":"article","og_title":"Op zoek naar een Mercedes Sprinter automaat?","og_description":"Ontdek de betrouwbare Mercedes Sprinter automaat. Perfect voor zakelijk gebruik met ultiem rijcomfort, ruime laadruimte en moderne technologie.","og_url":"https:\/\/www.vdhurk.nl\/pl\/mercedes-9\/sprinter\/maszyna\/","og_site_name":"Van den Hurk Bedrijfswagens","twitter_card":"summary_large_image","twitter_misc":{"Szacowany czas czytania":"4 minuty"},"schema":{"@context":"https:\/\/schema.org","@graph":[{"@type":"WebPage","@id":"https:\/\/www.vdhurk.nl\/mercedes-bedrijfswagens\/sprinter\/automaat\/","url":"https:\/\/www.vdhurk.nl\/mercedes-bedrijfswagens\/sprinter\/automaat\/","name":"Szukasz automatycznego Mercedesa Sprintera?","isPartOf":{"@id":"https:\/\/www.vdhurk.nl\/#website"},"datePublished":"2025-02-06T16:15:21+00:00","description":"Odkryj niezawodny automatyczny Mercedes Sprinter. Idealny do u\u017cytku biznesowego z najwy\u017cszym komfortem jazdy, przestronn\u0105 przestrzeni\u0105 \u0142adunkow\u0105 i nowoczesn\u0105 technologi\u0105.","breadcrumb":{"@id":"https:\/\/www.vdhurk.nl\/mercedes-bedrijfswagens\/sprinter\/automaat\/#breadcrumb"},"inLanguage":"pl-PL","potentialAction":[{"@type":"ReadAction","target":["https:\/\/www.vdhurk.nl\/mercedes-bedrijfswagens\/sprinter\/automaat\/"]}]},{"@type":"BreadcrumbList","@id":"https:\/\/www.vdhurk.nl\/mercedes-bedrijfswagens\/sprinter\/automaat\/#breadcrumb","itemListElement":[{"@type":"ListItem","position":1,"name":"Home","item":"https:\/\/www.vdhurk.nl\/home\/"},{"@type":"ListItem","position":2,"name":"Mercedes Bedrijfswagens","item":"https:\/\/www.vdhurk.nl\/mercedes-bedrijfswagens\/"},{"@type":"ListItem","position":3,"name":"Mercedes Sprinter","item":"https:\/\/www.vdhurk.nl\/mercedes-bedrijfswagens\/sprinter\/"},{"@type":"ListItem","position":4,"name":"Mercedes Sprinter Automaat"}]},{"@type":"WebSite","@id":"https:\/\/www.vdhurk.nl\/#website","url":"https:\/\/www.vdhurk.nl\/","name":"Van den Hurk - pojazdy u\u017cytkowe","description":"Van den Hurk pojazdy u\u017cytkowe Helmond","potentialAction":[{"@type":"SearchAction","target":{"@type":"EntryPoint","urlTemplate":"https:\/\/www.vdhurk.nl\/?s={search_term_string}"},"query-input":{"@type":"PropertyValueSpecification","valueRequired":true,"valueName":"search_term_string"}}],"inLanguage":"pl-PL"}]}},"_links":{"self":[{"href":"https:\/\/www.vdhurk.nl\/pl\/wp-json\/wp\/v2\/pages\/442876","targetHints":{"allow":["GET"]}}],"collection":[{"href":"https:\/\/www.vdhurk.nl\/pl\/wp-json\/wp\/v2\/pages"}],"about":[{"href":"https:\/\/www.vdhurk.nl\/pl\/wp-json\/wp\/v2\/types\/page"}],"author":[{"embeddable":true,"href":"https:\/\/www.vdhurk.nl\/pl\/wp-json\/wp\/v2\/users\/3"}],"replies":[{"embeddable":true,"href":"https:\/\/www.vdhurk.nl\/pl\/wp-json\/wp\/v2\/comments?post=442876"}],"version-history":[{"count":5,"href":"https:\/\/www.vdhurk.nl\/pl\/wp-json\/wp\/v2\/pages\/442876\/revisions"}],"predecessor-version":[{"id":442901,"href":"https:\/\/www.vdhurk.nl\/pl\/wp-json\/wp\/v2\/pages\/442876\/revisions\/442901"}],"up":[{"embeddable":true,"href":"https:\/\/www.vdhurk.nl\/pl\/wp-json\/wp\/v2\/pages\/393273"}],"wp:attachment":[{"href":"https:\/\/www.vdhurk.nl\/pl\/wp-json\/wp\/v2\/media?parent=442876"}],"curies":[{"name":"wp","href":"https:\/\/api.w.org\/{rel}","templated":true}]}}