{"id":442871,"date":"2025-02-06T17:10:19","date_gmt":"2025-02-06T16:10:19","guid":{"rendered":"https:\/\/www.vdhurk.nl\/?page_id=442871"},"modified":"2025-02-06T17:10:19","modified_gmt":"2025-02-06T16:10:19","slug":"maszyna","status":"publish","type":"page","link":"https:\/\/www.vdhurk.nl\/pl\/mercedes-bedrijfswagens\/citan\/automaat\/","title":{"rendered":"Mercedes Citan Automatic"},"content":{"rendered":"<section  class='av_textblock_section av-lu8gnh7d-4ac895489941e586c1d7c8cb72318135'  itemscope=\"itemscope\" itemtype=\"https:\/\/schema.org\/CreativeWork\" ><div class='avia_textblock'  itemprop=\"text\" ><h1>Kupi\u0107 Mercedesa Citana z automatyczn\u0105 skrzyni\u0105 bieg\u00f3w?<\/h1>\n<p>Niewygodna zmiana bieg\u00f3w? Mercedes Citan z automatyczn\u0105 skrzyni\u0105 bieg\u00f3w to idealne rozwi\u0105zanie. Ten kompaktowy, ale wszechstronny pojazd u\u017cytkowy bez trudu \u0142\u0105czy komfort z wydajno\u015bci\u0105. Idealny dla przedsi\u0119biorc\u00f3w, kt\u00f3rzy potrzebuj\u0105 niezawodnego pojazdu u\u017cytkowego w du\u017cym nat\u0119\u017ceniu ruchu. Przeczytaj wi\u0119cej o specyfikacji i zaletach oraz dowiedz si\u0119, dlaczego Mercedes Citan automatic jest tak popularny.<\/p>\n<\/div><\/section>\n\n<style type=\"text\/css\" data-created_by=\"avia_inline_auto\" id=\"style-css-av-lujjddpd-afa3d7a9eabd61123e643ed1228e781e\">\n#top .hr.hr-invisible.av-lujjddpd-afa3d7a9eabd61123e643ed1228e781e{\nheight:50px;\n}\n<\/style>\n<div  class='hr av-lujjddpd-afa3d7a9eabd61123e643ed1228e781e hr-invisible  avia-builder-el-1  el_after_av_textblock  el_before_av_codeblock'><span class='hr-inner'><span class=\"hr-inner-style\"><\/span><\/span><\/div>\n\n\n<style type=\"text\/css\" data-created_by=\"avia_inline_auto\" id=\"style-css-av-ah0xd-63338d9dc6b40410e22a712829c369d6\">\n#top .hr.hr-invisible.av-ah0xd-63338d9dc6b40410e22a712829c369d6{\nheight:50px;\n}\n<\/style>\n<div  class='hr av-ah0xd-63338d9dc6b40410e22a712829c369d6 hr-invisible  avia-builder-el-3  el_after_av_codeblock  el_before_av_textblock'><span class='hr-inner'><span class=\"hr-inner-style\"><\/span><\/span><\/div>\n<section  class='av_textblock_section av-lu8gow1e-300853e458ed741bd87d6cb78e55cc7a'  itemscope=\"itemscope\" itemtype=\"https:\/\/schema.org\/CreativeWork\" ><div class='avia_textblock'  itemprop=\"text\" ><h2>Zalety automatycznego<\/h2>\n<p>Coraz wi\u0119cej firm decyduje si\u0119 na samoch\u00f3d s\u0142u\u017cbowy z automatyczn\u0105 skrzyni\u0105 bieg\u00f3w i nie bez powodu. W ko\u0144cu automatyczna skrzynia bieg\u00f3w oferuje kilka zalet, kt\u00f3re doskonale odpowiadaj\u0105 potrzebom firm. Na przyk\u0142ad, wielu kierowc\u00f3w odczuwa wi\u0119kszy komfort i \u0142atwo\u015b\u0107 u\u017cytkowania, poniewa\u017c zmiana bieg\u00f3w nie jest ju\u017c konieczna. Sprawia to, \u017ce automatyczna skrzynia bieg\u00f3w jest idealna w przypadku du\u017cego nat\u0119\u017cenia ruchu, takiego jak korki. Co wi\u0119cej, mo\u017cna w pe\u0142ni skoncentrowa\u0107 si\u0119 na drodze, podczas gdy samoch\u00f3d prowadzi si\u0119 \u0142atwo i nie mo\u017cna go wy\u0142\u0105czy\u0107, jak w przypadku samochodu ze skrzyni\u0105 bieg\u00f3w. Dzi\u0119ki tym zaletom modele Mercedes Citan s\u0105 inteligentnym i niezawodnym wyborem dla Twojej firmy.<\/p>\n<\/div><\/section>\n<div class='flex_column av-f64w1-da126f42b61613402309283c14245a25 av_one_half  avia-builder-el-5  el_after_av_textblock  el_before_av_one_third  first flex_column_div column-top-margin'   ><section  class='av_textblock_section av-lu8gpqre-73cc2c17e6a6497ba6e1b58af22bd9e8'  itemscope=\"itemscope\" itemtype=\"https:\/\/schema.org\/CreativeWork\" ><div class='avia_textblock'  itemprop=\"text\" ><h2>Dlaczego warto wybra\u0107 automatycznego Mercedesa Citana?<\/h2>\n<p>Mercedes Citan wyr\u00f3\u017cnia si\u0119 jako wyj\u0105tkowy pojazd u\u017cytkowy dzi\u0119ki swojej wszechstronno\u015bci i eleganckiemu designowi. To, co sprawia, \u017ce ten pojazd u\u017cytkowy jest popularny, to dobra r\u00f3wnowaga mi\u0119dzy solidno\u015bci\u0105 i komfortem. Citan oferuje nie tylko imponuj\u0105c\u0105 pojemno\u015b\u0107 \u0142adunkow\u0105 i konfigurowalne wn\u0119trze, ale \u0142\u0105czy to z niezawodno\u015bci\u0105, z kt\u00f3rej s\u0142ynie Mercedes-Benz. Ponadto jego wydajno\u015b\u0107 paliwowa zmniejsza koszty operacyjne, dzi\u0119ki czemu jest idealny dla firm, kt\u00f3re je\u017cd\u017c\u0105 zar\u00f3wno na kr\u00f3tkich, jak i d\u0142ugich dystansach. Te wyj\u0105tkowe cechy sprawiaj\u0105, \u017ce Mercedes Citan jest niezast\u0105pionym partnerem dla firm.<\/p>\n<\/div><\/section><\/div><div class='flex_column av-aldk9-ee694297f5c4032981677a02caab84d6 av_one_third  avia-builder-el-7  el_after_av_one_half  el_before_av_hr  flex_column_div column-top-margin'   ><style type=\"text\/css\" data-created_by=\"avia_inline_auto\" id=\"style-css-av-l1w9kpsf-4ec3fab772ec7a9adaa33cfc64ff0475\">\n.avia-image-container.av-l1w9kpsf-4ec3fab772ec7a9adaa33cfc64ff0475 .av-image-caption-overlay-center{\ncolor:#ffffff;\n}\n<\/style>\n<div  class='avia-image-container av-l1w9kpsf-4ec3fab772ec7a9adaa33cfc64ff0475 av-styling- avia-align-center  avia-builder-el-8  avia-builder-el-no-sibling'  itemprop=\"image\" itemscope=\"itemscope\" itemtype=\"https:\/\/schema.org\/ImageObject\" ><div class=\"avia-image-container-inner\"><div class=\"avia-image-overlay-wrap\"><img decoding=\"async\" class='wp-image-187 avia-img-lazy-loading-not-187 avia_image' src=\"https:\/\/www.vdhurk.nl\/wp-content\/uploads\/2022\/03\/Voorrad.png\" alt='' title='Stock'  height=\"758\" width=\"1135\"  itemprop=\"thumbnailUrl\" srcset=\"https:\/\/www.vdhurk.nl\/wp-content\/uploads\/2022\/03\/Voorrad.png 1135w, https:\/\/www.vdhurk.nl\/wp-content\/uploads\/2022\/03\/Voorrad-300x200.png 300w, https:\/\/www.vdhurk.nl\/wp-content\/uploads\/2022\/03\/Voorrad-1030x688.png 1030w, https:\/\/www.vdhurk.nl\/wp-content\/uploads\/2022\/03\/Voorrad-768x513.png 768w, https:\/\/www.vdhurk.nl\/wp-content\/uploads\/2022\/03\/Voorrad-18x12.png 18w, https:\/\/www.vdhurk.nl\/wp-content\/uploads\/2022\/03\/Voorrad-705x471.png 705w\" sizes=\"(max-width: 1135px) 100vw, 1135px\" \/><\/div><\/div><\/div><\/div><\/p>\n\n<style type=\"text\/css\" data-created_by=\"avia_inline_auto\" id=\"style-css-av-luqrjpjc-5a23a1fb5f94718ca85316a9df963e2f\">\n#top .hr.hr-invisible.av-luqrjpjc-5a23a1fb5f94718ca85316a9df963e2f{\nheight:50px;\n}\n<\/style>\n<div  class='hr av-luqrjpjc-5a23a1fb5f94718ca85316a9df963e2f hr-invisible  avia-builder-el-9  el_after_av_one_third  el_before_av_textblock'><span class='hr-inner'><span class=\"hr-inner-style\"><\/span><\/span><\/div>\n<section  class='av_textblock_section av-lu8gtjw7-4f3cee9304909518d86d2860d9d582dd'  itemscope=\"itemscope\" itemtype=\"https:\/\/schema.org\/CreativeWork\" ><div class='avia_textblock'  itemprop=\"text\" ><h2>Leasing Mercedesa Citana?<\/h2>\n<p>Wyb\u00f3r odpowiedniego samochodu s\u0142u\u017cbowego to wa\u017cny krok dla Twojej firmy. W Van den Hurk masz mo\u017cliwo\u015b\u0107 wyboru leasingu finansowego. Dzi\u0119ki tej opcji mo\u017cesz korzysta\u0107 ze sta\u0142ych miesi\u0119cznych koszt\u00f3w bez konieczno\u015bci dokonywania du\u017cych inwestycji za jednym razem. Zapewnia to nie tylko wi\u0119ksze bezpiecze\u0144stwo finansowe, ale tak\u017ce korzy\u015bci takie jak elastyczno\u015b\u0107. Co wi\u0119cej, nie musisz martwi\u0107 si\u0119 o natychmiastow\u0105 amortyzacj\u0119. Dla tych, kt\u00f3rzy preferuj\u0105 natychmiastow\u0105 w\u0142asno\u015b\u0107, istnieje r\u00f3wnie\u017c opcja zakupu Mercedesa Vito za jednym zamachem. Wyb\u00f3r, kt\u00f3ry najlepiej pasuje do Twojej firmy, zale\u017cy od Twoich potrzeb. Ciekawi Ci\u0119, jakie s\u0105 opcje? Dowiedz si\u0119 wi\u0119cej o <a href=\"https:\/\/www.vdhurk.nl\/pl\/leasing-finansowy\/\">leasing finansowy<\/a> lub zakup bezpo\u015bredni i znajd\u017a idealne rozwi\u0105zanie dla swojej firmy.<\/p>\n<h2>W jakim przedziale cenowym mie\u015bci si\u0119 automatyczny Mercedes Citan?<\/h2>\n<p>Cena Mercedesa Citana zale\u017cy od wybranej wersji i specyfikacji. Ka\u017cda firma ma inne \u017cyczenia i potrzeby, a ten model oferuje wiele opcji, aby je spe\u0142ni\u0107. Niezale\u017cnie od tego, czy zdecydujesz si\u0119 na podstawow\u0105 wersj\u0119, czy bardziej luksusowy model z dodatkowymi opcjami, z Mercedes-Benz zawsze mo\u017cesz liczy\u0107 na uczciwy stosunek jako\u015bci do ceny. Chcesz pozna\u0107 cen\u0119 Mercedesa Citana? Skontaktuj si\u0119 z nami. Z przyjemno\u015bci\u0105 powiemy Ci wi\u0119cej.<\/p>\n<h2>Kupujesz Mercedesa Citana? Sprawd\u017a ofert\u0119!<\/h2>\n<p>Kupujesz Mercedesa Citana u\u017cywanego czy nowego? Obie opcje s\u0105 mo\u017cliwe. Chcieliby\u015bmy pom\u00f3c w dokonaniu najlepszego wyboru, dlatego ch\u0119tnie opowiemy wi\u0119cej o naszych pojazdach u\u017cytkowych. W ten spos\u00f3b zawsze znajdziemy samoch\u00f3d dostawczy, kt\u00f3ry idealnie odpowiada potrzebom Twojej firmy.<\/p>\n<\/div><\/section>","protected":false},"excerpt":{"rendered":"","protected":false},"author":3,"featured_media":0,"parent":397532,"menu_order":0,"comment_status":"closed","ping_status":"closed","template":"","meta":{"_acf_changed":false,"_improvement_type_select":"improve_an_existing","_thumb_yes_seoaic":false,"_frame_yes_seoaic":false,"seoaic_generate_description":"","seoaic_improve_instructions_prompt":"","seoaic_rollback_content_improvement":"","seoaic_idea_thumbnail_generator":"","thumbnail_generated":false,"thumbnail_generate_prompt":"","seoaic_article_description":"","footnotes":""},"class_list":["post-442871","page","type-page","status-publish","hentry"],"acf":[],"yoast_head":"<!-- This site is optimized with the Yoast SEO plugin v27.5 - https:\/\/yoast.com\/product\/yoast-seo-wordpress\/ -->\n<title>Mercedes Citan automaat kopen?<\/title>\n<meta name=\"description\" content=\"Op zoek naar een Mercedes Citan automaat? Bekijk ons aanbod en vind de bedrijfswagen die helemaal past bij jouw zakelijke behoeften.\" \/>\n<meta name=\"robots\" content=\"index, follow, max-snippet:-1, max-image-preview:large, max-video-preview:-1\" \/>\n<link rel=\"canonical\" href=\"https:\/\/www.vdhurk.nl\/pl\/mercedes-9\/mercedes-22\/maszyna\/\" \/>\n<meta property=\"og:locale\" content=\"pl_PL\" \/>\n<meta property=\"og:type\" content=\"article\" \/>\n<meta property=\"og:title\" content=\"Mercedes Citan automaat kopen?\" \/>\n<meta property=\"og:description\" content=\"Op zoek naar een Mercedes Citan automaat? Bekijk ons aanbod en vind de bedrijfswagen die helemaal past bij jouw zakelijke behoeften.\" \/>\n<meta property=\"og:url\" content=\"https:\/\/www.vdhurk.nl\/pl\/mercedes-9\/mercedes-22\/maszyna\/\" \/>\n<meta property=\"og:site_name\" content=\"Van den Hurk Bedrijfswagens\" \/>\n<meta name=\"twitter:card\" content=\"summary_large_image\" \/>\n<meta name=\"twitter:label1\" content=\"Szacowany czas czytania\" \/>\n\t<meta name=\"twitter:data1\" content=\"4 minuty\" \/>\n<script type=\"application\/ld+json\" class=\"yoast-schema-graph\">{\"@context\":\"https:\\\/\\\/schema.org\",\"@graph\":[{\"@type\":\"WebPage\",\"@id\":\"https:\\\/\\\/www.vdhurk.nl\\\/mercedes-bedrijfswagens\\\/citan\\\/automaat\\\/\",\"url\":\"https:\\\/\\\/www.vdhurk.nl\\\/mercedes-bedrijfswagens\\\/citan\\\/automaat\\\/\",\"name\":\"Mercedes Citan automaat kopen?\",\"isPartOf\":{\"@id\":\"https:\\\/\\\/www.vdhurk.nl\\\/#website\"},\"datePublished\":\"2025-02-06T16:10:19+00:00\",\"description\":\"Op zoek naar een Mercedes Citan automaat? Bekijk ons aanbod en vind de bedrijfswagen die helemaal past bij jouw zakelijke behoeften.\",\"breadcrumb\":{\"@id\":\"https:\\\/\\\/www.vdhurk.nl\\\/mercedes-bedrijfswagens\\\/citan\\\/automaat\\\/#breadcrumb\"},\"inLanguage\":\"pl-PL\",\"potentialAction\":[{\"@type\":\"ReadAction\",\"target\":[\"https:\\\/\\\/www.vdhurk.nl\\\/mercedes-bedrijfswagens\\\/citan\\\/automaat\\\/\"]}]},{\"@type\":\"BreadcrumbList\",\"@id\":\"https:\\\/\\\/www.vdhurk.nl\\\/mercedes-bedrijfswagens\\\/citan\\\/automaat\\\/#breadcrumb\",\"itemListElement\":[{\"@type\":\"ListItem\",\"position\":1,\"name\":\"Home\",\"item\":\"https:\\\/\\\/www.vdhurk.nl\\\/home\\\/\"},{\"@type\":\"ListItem\",\"position\":2,\"name\":\"Mercedes Bedrijfswagens\",\"item\":\"https:\\\/\\\/www.vdhurk.nl\\\/mercedes-bedrijfswagens\\\/\"},{\"@type\":\"ListItem\",\"position\":3,\"name\":\"Mercedes Citan\",\"item\":\"https:\\\/\\\/www.vdhurk.nl\\\/mercedes-bedrijfswagens\\\/citan\\\/\"},{\"@type\":\"ListItem\",\"position\":4,\"name\":\"Mercedes Citan Automaat\"}]},{\"@type\":\"WebSite\",\"@id\":\"https:\\\/\\\/www.vdhurk.nl\\\/#website\",\"url\":\"https:\\\/\\\/www.vdhurk.nl\\\/\",\"name\":\"Van den Hurk Bedrijfswagens\",\"description\":\"Van den Hurk bedrijfswagens Helmond\",\"potentialAction\":[{\"@type\":\"SearchAction\",\"target\":{\"@type\":\"EntryPoint\",\"urlTemplate\":\"https:\\\/\\\/www.vdhurk.nl\\\/?s={search_term_string}\"},\"query-input\":{\"@type\":\"PropertyValueSpecification\",\"valueRequired\":true,\"valueName\":\"search_term_string\"}}],\"inLanguage\":\"pl-PL\"}]}<\/script>\n<!-- \/ Yoast SEO plugin. -->","yoast_head_json":{"title":"Kupi\u0107 Mercedesa Citana z automatyczn\u0105 skrzyni\u0105 bieg\u00f3w?","description":"Szukasz automatycznego Mercedesa Citana? Sprawd\u017a nasz\u0105 ofert\u0119 i znajd\u017a pojazd u\u017cytkowy, kt\u00f3ry w pe\u0142ni odpowiada Twoim potrzebom biznesowym.","robots":{"index":"index","follow":"follow","max-snippet":"max-snippet:-1","max-image-preview":"max-image-preview:large","max-video-preview":"max-video-preview:-1"},"canonical":"https:\/\/www.vdhurk.nl\/pl\/mercedes-9\/mercedes-22\/maszyna\/","og_locale":"pl_PL","og_type":"article","og_title":"Mercedes Citan automaat kopen?","og_description":"Op zoek naar een Mercedes Citan automaat? Bekijk ons aanbod en vind de bedrijfswagen die helemaal past bij jouw zakelijke behoeften.","og_url":"https:\/\/www.vdhurk.nl\/pl\/mercedes-9\/mercedes-22\/maszyna\/","og_site_name":"Van den Hurk Bedrijfswagens","twitter_card":"summary_large_image","twitter_misc":{"Szacowany czas czytania":"4 minuty"},"schema":{"@context":"https:\/\/schema.org","@graph":[{"@type":"WebPage","@id":"https:\/\/www.vdhurk.nl\/mercedes-bedrijfswagens\/citan\/automaat\/","url":"https:\/\/www.vdhurk.nl\/mercedes-bedrijfswagens\/citan\/automaat\/","name":"Kupi\u0107 Mercedesa Citana z automatyczn\u0105 skrzyni\u0105 bieg\u00f3w?","isPartOf":{"@id":"https:\/\/www.vdhurk.nl\/#website"},"datePublished":"2025-02-06T16:10:19+00:00","description":"Szukasz automatycznego Mercedesa Citana? Sprawd\u017a nasz\u0105 ofert\u0119 i znajd\u017a pojazd u\u017cytkowy, kt\u00f3ry w pe\u0142ni odpowiada Twoim potrzebom biznesowym.","breadcrumb":{"@id":"https:\/\/www.vdhurk.nl\/mercedes-bedrijfswagens\/citan\/automaat\/#breadcrumb"},"inLanguage":"pl-PL","potentialAction":[{"@type":"ReadAction","target":["https:\/\/www.vdhurk.nl\/mercedes-bedrijfswagens\/citan\/automaat\/"]}]},{"@type":"BreadcrumbList","@id":"https:\/\/www.vdhurk.nl\/mercedes-bedrijfswagens\/citan\/automaat\/#breadcrumb","itemListElement":[{"@type":"ListItem","position":1,"name":"Home","item":"https:\/\/www.vdhurk.nl\/home\/"},{"@type":"ListItem","position":2,"name":"Mercedes Bedrijfswagens","item":"https:\/\/www.vdhurk.nl\/mercedes-bedrijfswagens\/"},{"@type":"ListItem","position":3,"name":"Mercedes Citan","item":"https:\/\/www.vdhurk.nl\/mercedes-bedrijfswagens\/citan\/"},{"@type":"ListItem","position":4,"name":"Mercedes Citan Automaat"}]},{"@type":"WebSite","@id":"https:\/\/www.vdhurk.nl\/#website","url":"https:\/\/www.vdhurk.nl\/","name":"Van den Hurk - pojazdy u\u017cytkowe","description":"Van den Hurk pojazdy u\u017cytkowe Helmond","potentialAction":[{"@type":"SearchAction","target":{"@type":"EntryPoint","urlTemplate":"https:\/\/www.vdhurk.nl\/?s={search_term_string}"},"query-input":{"@type":"PropertyValueSpecification","valueRequired":true,"valueName":"search_term_string"}}],"inLanguage":"pl-PL"}]}},"_links":{"self":[{"href":"https:\/\/www.vdhurk.nl\/pl\/wp-json\/wp\/v2\/pages\/442871","targetHints":{"allow":["GET"]}}],"collection":[{"href":"https:\/\/www.vdhurk.nl\/pl\/wp-json\/wp\/v2\/pages"}],"about":[{"href":"https:\/\/www.vdhurk.nl\/pl\/wp-json\/wp\/v2\/types\/page"}],"author":[{"embeddable":true,"href":"https:\/\/www.vdhurk.nl\/pl\/wp-json\/wp\/v2\/users\/3"}],"replies":[{"embeddable":true,"href":"https:\/\/www.vdhurk.nl\/pl\/wp-json\/wp\/v2\/comments?post=442871"}],"version-history":[{"count":4,"href":"https:\/\/www.vdhurk.nl\/pl\/wp-json\/wp\/v2\/pages\/442871\/revisions"}],"predecessor-version":[{"id":442875,"href":"https:\/\/www.vdhurk.nl\/pl\/wp-json\/wp\/v2\/pages\/442871\/revisions\/442875"}],"up":[{"embeddable":true,"href":"https:\/\/www.vdhurk.nl\/pl\/wp-json\/wp\/v2\/pages\/397532"}],"wp:attachment":[{"href":"https:\/\/www.vdhurk.nl\/pl\/wp-json\/wp\/v2\/media?parent=442871"}],"curies":[{"name":"wp","href":"https:\/\/api.w.org\/{rel}","templated":true}]}}