{"id":442867,"date":"2025-02-06T16:55:30","date_gmt":"2025-02-06T15:55:30","guid":{"rendered":"https:\/\/www.vdhurk.nl\/?page_id=442867"},"modified":"2025-02-06T17:23:50","modified_gmt":"2025-02-06T16:23:50","slug":"maszyna","status":"publish","type":"page","link":"https:\/\/www.vdhurk.nl\/pl\/mercedes-bedrijfswagens\/vito\/automaat\/","title":{"rendered":"Mercedes Vito Automatic"},"content":{"rendered":"<section  class='av_textblock_section av-lu8gnh7d-4ac895489941e586c1d7c8cb72318135'  itemscope=\"itemscope\" itemtype=\"https:\/\/schema.org\/CreativeWork\" ><div class='avia_textblock'  itemprop=\"text\" ><h1>Wszystko o automatycznej skrzyni bieg\u00f3w Mercedesa Vito<\/h1>\n<p>Zmiana bieg\u00f3w wydaje Ci si\u0119 niepraktyczna lub niewygodna? Mercedes Vito z automatyczn\u0105 skrzyni\u0105 bieg\u00f3w jest rozwi\u0105zaniem. Ten wszechstronny pojazd u\u017cytkowy \u0142\u0105czy komfort z wydajno\u015bci\u0105 i od lat cieszy si\u0119 popularno\u015bci\u0105 w\u015br\u00f3d przedsi\u0119biorc\u00f3w. Przeczytaj wi\u0119cej o specyfikacji i zaletach oraz dowiedz si\u0119, co sprawia, \u017ce ten pojazd u\u017cytkowy jest tak popularny.<\/p>\n<\/div><\/section>\n\n<style type=\"text\/css\" data-created_by=\"avia_inline_auto\" id=\"style-css-av-lujjddpd-afa3d7a9eabd61123e643ed1228e781e\">\n#top .hr.hr-invisible.av-lujjddpd-afa3d7a9eabd61123e643ed1228e781e{\nheight:50px;\n}\n<\/style>\n<div  class='hr av-lujjddpd-afa3d7a9eabd61123e643ed1228e781e hr-invisible  avia-builder-el-1  el_after_av_textblock  el_before_av_codeblock'><span class='hr-inner'><span class=\"hr-inner-style\"><\/span><\/span><\/div>\n\n\n<style type=\"text\/css\" data-created_by=\"avia_inline_auto\" id=\"style-css-av-ah0xd-63338d9dc6b40410e22a712829c369d6\">\n#top .hr.hr-invisible.av-ah0xd-63338d9dc6b40410e22a712829c369d6{\nheight:50px;\n}\n<\/style>\n<div  class='hr av-ah0xd-63338d9dc6b40410e22a712829c369d6 hr-invisible  avia-builder-el-3  el_after_av_codeblock  el_before_av_textblock'><span class='hr-inner'><span class=\"hr-inner-style\"><\/span><\/span><\/div>\n<section  class='av_textblock_section av-lu8gow1e-300853e458ed741bd87d6cb78e55cc7a'  itemscope=\"itemscope\" itemtype=\"https:\/\/schema.org\/CreativeWork\" ><div class='avia_textblock'  itemprop=\"text\" ><h2>Dlaczego warto wybra\u0107 automat?<\/h2>\n<p>Firmy coraz cz\u0119\u015bciej decyduj\u0105 si\u0119 na samochody s\u0142u\u017cbowe z automatyczn\u0105 skrzyni\u0105 bieg\u00f3w i nie bez powodu. W ko\u0144cu automatyczna skrzynia bieg\u00f3w ma kilka zalet, kt\u00f3re odpowiadaj\u0105 potrzebom firm. Na przyk\u0142ad wielu kierowc\u00f3w uwa\u017ca, \u017ce automatyczna skrzynia bieg\u00f3w jest wygodniejsza i bardziej przyjazna dla u\u017cytkownika, poniewa\u017c zmiana bieg\u00f3w nie jest ju\u017c konieczna. Jest to szczeg\u00f3lnie korzystne przy du\u017cym nat\u0119\u017ceniu ruchu, np. w korkach lub w ruchu miejskim. Dzi\u0119ki automatycznej skrzyni bieg\u00f3w mo\u017cna w pe\u0142ni skoncentrowa\u0107 si\u0119 na drodze, a w przeciwie\u0144stwie do samochod\u00f3w z automatyczn\u0105 skrzyni\u0105 bieg\u00f3w rzadko, je\u015bli w og\u00f3le, si\u0119 ona zatrzymuje. Dzi\u0119ki tym wszystkim zaletom, modele Mercedes Vito s\u0105 m\u0105drym wyborem dla Twojej firmy.<\/p>\n<\/div><\/section>\n<div class='flex_column av-f64w1-da126f42b61613402309283c14245a25 av_one_half  avia-builder-el-5  el_after_av_textblock  el_before_av_one_third  first flex_column_div column-top-margin'   ><section  class='av_textblock_section av-lu8gpqre-73cc2c17e6a6497ba6e1b58af22bd9e8'  itemscope=\"itemscope\" itemtype=\"https:\/\/schema.org\/CreativeWork\" ><div class='avia_textblock'  itemprop=\"text\" ><h2>Zalety Mercedesa Vito<\/h2>\n<p>Mercedes Vito wyr\u00f3\u017cnia si\u0119 na tle innych pojazd\u00f3w u\u017cytkowych w kilku obszarach. Marka zyska\u0142a reputacj\u0119 niezawodnej dzi\u0119ki sta\u0142ej jako\u015bci wszystkich swoich modeli. Zaprojektowany do intensywnego u\u017cytkowania, Vito oferuje doskona\u0142y komfort i posiada doskona\u0142e systemy wspomagania jazdy, kt\u00f3re zapewniaj\u0105 bezpieczne warunki drogowe. Ponadto Mercedes Vito jest dost\u0119pny w r\u00f3\u017cnych wersjach wyposa\u017cenia, dzi\u0119ki czemu zawsze mo\u017cna znale\u017a\u0107 model odpowiadaj\u0105cy konkretnym potrzebom biznesowym. Dzi\u0119ki opcjom, takim jak inteligentny uk\u0142ad przestrzeni \u0142adunkowej, mo\u017cesz dostosowa\u0107 Vito do swojej dzia\u0142alno\u015bci.<\/p>\n<\/div><\/section><\/div>\n<div class='flex_column av-aldk9-ee694297f5c4032981677a02caab84d6 av_one_third  avia-builder-el-7  el_after_av_one_half  el_before_av_hr  flex_column_div column-top-margin'   ><style type=\"text\/css\" data-created_by=\"avia_inline_auto\" id=\"style-css-av-l1w9kpsf-4ec3fab772ec7a9adaa33cfc64ff0475\">\n.avia-image-container.av-l1w9kpsf-4ec3fab772ec7a9adaa33cfc64ff0475 .av-image-caption-overlay-center{\ncolor:#ffffff;\n}\n<\/style>\n<div  class='avia-image-container av-l1w9kpsf-4ec3fab772ec7a9adaa33cfc64ff0475 av-styling- avia-align-center  avia-builder-el-8  avia-builder-el-no-sibling'  itemprop=\"image\" itemscope=\"itemscope\" itemtype=\"https:\/\/schema.org\/ImageObject\" ><div class=\"avia-image-container-inner\"><div class=\"avia-image-overlay-wrap\"><img decoding=\"async\" class='wp-image-187 avia-img-lazy-loading-not-187 avia_image' src=\"https:\/\/www.vdhurk.nl\/wp-content\/uploads\/2022\/03\/Voorrad.png\" alt='' title='Stock'  height=\"758\" width=\"1135\"  itemprop=\"thumbnailUrl\" srcset=\"https:\/\/www.vdhurk.nl\/wp-content\/uploads\/2022\/03\/Voorrad.png 1135w, https:\/\/www.vdhurk.nl\/wp-content\/uploads\/2022\/03\/Voorrad-300x200.png 300w, https:\/\/www.vdhurk.nl\/wp-content\/uploads\/2022\/03\/Voorrad-1030x688.png 1030w, https:\/\/www.vdhurk.nl\/wp-content\/uploads\/2022\/03\/Voorrad-768x513.png 768w, https:\/\/www.vdhurk.nl\/wp-content\/uploads\/2022\/03\/Voorrad-18x12.png 18w, https:\/\/www.vdhurk.nl\/wp-content\/uploads\/2022\/03\/Voorrad-705x471.png 705w\" sizes=\"(max-width: 1135px) 100vw, 1135px\" \/><\/div><\/div><\/div><\/div>\n\n<style type=\"text\/css\" data-created_by=\"avia_inline_auto\" id=\"style-css-av-luqrjpjc-5a23a1fb5f94718ca85316a9df963e2f\">\n#top .hr.hr-invisible.av-luqrjpjc-5a23a1fb5f94718ca85316a9df963e2f{\nheight:50px;\n}\n<\/style>\n<div  class='hr av-luqrjpjc-5a23a1fb5f94718ca85316a9df963e2f hr-invisible  avia-builder-el-9  el_after_av_one_third  el_before_av_textblock'><span class='hr-inner'><span class=\"hr-inner-style\"><\/span><\/span><\/div>\n<section  class='av_textblock_section av-lu8gtjw7-4f3cee9304909518d86d2860d9d582dd'  itemscope=\"itemscope\" itemtype=\"https:\/\/schema.org\/CreativeWork\" ><div class='avia_textblock'  itemprop=\"text\" ><h2>Kupujesz lub leasingujesz Mercedesa Vito?<\/h2>\n<p>Przy zakupie samochodu s\u0142u\u017cbowego wa\u017cne jest, aby rozwa\u017cy\u0107, kt\u00f3ra opcja najlepiej pasuje do Twojej firmy. W Van den Hurk mo\u017cesz wybra\u0107 <a href=\"https:\/\/www.vdhurk.nl\/pl\/leasing-finansowy\/\">leasing finansowy<\/a>Dzi\u0119ki temu zyskujesz na sta\u0142ych miesi\u0119cznych kosztach i nie musisz od razu dokonywa\u0107 du\u017cych inwestycji. Zapewnia to przewidywalno\u015b\u0107 bud\u017cetu, a jednocze\u015bnie zmniejsza koszty amortyzacji. Ponadto leasing samochodu s\u0142u\u017cbowego oferuje wiele innych korzy\u015bci, takich jak elastyczno\u015b\u0107 i korzy\u015bci podatkowe. Oczywi\u015bcie mo\u017cesz r\u00f3wnie\u017c zdecydowa\u0107 si\u0119 na bezpo\u015bredni zakup Mercedesa Vito, je\u015bli wolisz dokona\u0107 pe\u0142nej inwestycji za jednym razem. Obie opcje maj\u0105 swoje zalety, w zale\u017cno\u015bci od potrzeb firmy. Chcesz wiedzie\u0107 wi\u0119cej? Dowiedz si\u0119 wszystkiego o leasingu finansowym i opcjach zakupu.<\/p>\n<h2>Zobacz ofert\u0119<\/h2>\n<p>Kupujesz Mercedesa Vito? A mo\u017ce potrzebujesz wi\u0119cej informacji? Jako dealer Mercedes Vito z przyjemno\u015bci\u0105 opowiemy Ci wi\u0119cej o tym modelu, aby\u015b m\u00f3g\u0142 dokona\u0107 \u015bwiadomego wyboru. Niezale\u017cnie od tego, czy zdecydujesz si\u0119 na Mercedesa Vito u\u017cywanego, czy nowego, zawsze znajdziesz pojazd u\u017cytkowy, kt\u00f3ry pasuje do Twojej firmy.<\/p>\n<\/div><\/section>","protected":false},"excerpt":{"rendered":"","protected":false},"author":3,"featured_media":0,"parent":393278,"menu_order":0,"comment_status":"closed","ping_status":"closed","template":"","meta":{"_acf_changed":false,"_improvement_type_select":"improve_an_existing","_thumb_yes_seoaic":false,"_frame_yes_seoaic":false,"seoaic_generate_description":"","seoaic_improve_instructions_prompt":"","seoaic_rollback_content_improvement":"","seoaic_idea_thumbnail_generator":"","thumbnail_generated":false,"thumbnail_generate_prompt":"","seoaic_article_description":"","footnotes":""},"class_list":["post-442867","page","type-page","status-publish","hentry"],"acf":[],"yoast_head":"<!-- This site is optimized with the Yoast SEO plugin v27.5 - https:\/\/yoast.com\/product\/yoast-seo-wordpress\/ -->\n<title>Mercedes Vito Automaat | Comfort en gemak in \u00e9\u00e9n<\/title>\n<meta name=\"description\" content=\"Ontdek de Mercedes Vito Automaat: ultiem rijcomfort, betrouwbaarheid en veelzijdigheid. Bekijk ons aanbod!\" \/>\n<meta name=\"robots\" content=\"index, follow, max-snippet:-1, max-image-preview:large, max-video-preview:-1\" \/>\n<link rel=\"canonical\" href=\"https:\/\/www.vdhurk.nl\/pl\/mercedes-9\/mercedes-20\/maszyna\/\" \/>\n<meta property=\"og:locale\" content=\"pl_PL\" \/>\n<meta property=\"og:type\" content=\"article\" \/>\n<meta property=\"og:title\" content=\"Mercedes Vito Automaat | Comfort en gemak in \u00e9\u00e9n\" \/>\n<meta property=\"og:description\" content=\"Ontdek de Mercedes Vito Automaat: ultiem rijcomfort, betrouwbaarheid en veelzijdigheid. Bekijk ons aanbod!\" \/>\n<meta property=\"og:url\" content=\"https:\/\/www.vdhurk.nl\/pl\/mercedes-9\/mercedes-20\/maszyna\/\" \/>\n<meta property=\"og:site_name\" content=\"Van den Hurk Bedrijfswagens\" \/>\n<meta property=\"article:modified_time\" content=\"2025-02-06T16:23:50+00:00\" \/>\n<meta name=\"twitter:card\" content=\"summary_large_image\" \/>\n<meta name=\"twitter:label1\" content=\"Szacowany czas czytania\" \/>\n\t<meta name=\"twitter:data1\" content=\"4 minuty\" \/>\n<script type=\"application\/ld+json\" class=\"yoast-schema-graph\">{\"@context\":\"https:\\\/\\\/schema.org\",\"@graph\":[{\"@type\":\"WebPage\",\"@id\":\"https:\\\/\\\/www.vdhurk.nl\\\/mercedes-bedrijfswagens\\\/vito\\\/automaat\\\/\",\"url\":\"https:\\\/\\\/www.vdhurk.nl\\\/mercedes-bedrijfswagens\\\/vito\\\/automaat\\\/\",\"name\":\"Mercedes Vito Automaat | Comfort en gemak in \u00e9\u00e9n\",\"isPartOf\":{\"@id\":\"https:\\\/\\\/www.vdhurk.nl\\\/#website\"},\"datePublished\":\"2025-02-06T15:55:30+00:00\",\"dateModified\":\"2025-02-06T16:23:50+00:00\",\"description\":\"Ontdek de Mercedes Vito Automaat: ultiem rijcomfort, betrouwbaarheid en veelzijdigheid. Bekijk ons aanbod!\",\"breadcrumb\":{\"@id\":\"https:\\\/\\\/www.vdhurk.nl\\\/mercedes-bedrijfswagens\\\/vito\\\/automaat\\\/#breadcrumb\"},\"inLanguage\":\"pl-PL\",\"potentialAction\":[{\"@type\":\"ReadAction\",\"target\":[\"https:\\\/\\\/www.vdhurk.nl\\\/mercedes-bedrijfswagens\\\/vito\\\/automaat\\\/\"]}]},{\"@type\":\"BreadcrumbList\",\"@id\":\"https:\\\/\\\/www.vdhurk.nl\\\/mercedes-bedrijfswagens\\\/vito\\\/automaat\\\/#breadcrumb\",\"itemListElement\":[{\"@type\":\"ListItem\",\"position\":1,\"name\":\"Home\",\"item\":\"https:\\\/\\\/www.vdhurk.nl\\\/home\\\/\"},{\"@type\":\"ListItem\",\"position\":2,\"name\":\"Mercedes Bedrijfswagens\",\"item\":\"https:\\\/\\\/www.vdhurk.nl\\\/mercedes-bedrijfswagens\\\/\"},{\"@type\":\"ListItem\",\"position\":3,\"name\":\"Mercedes Vito\",\"item\":\"https:\\\/\\\/www.vdhurk.nl\\\/mercedes-bedrijfswagens\\\/vito\\\/\"},{\"@type\":\"ListItem\",\"position\":4,\"name\":\"Mercedes Vito Automaat\"}]},{\"@type\":\"WebSite\",\"@id\":\"https:\\\/\\\/www.vdhurk.nl\\\/#website\",\"url\":\"https:\\\/\\\/www.vdhurk.nl\\\/\",\"name\":\"Van den Hurk Bedrijfswagens\",\"description\":\"Van den Hurk bedrijfswagens Helmond\",\"potentialAction\":[{\"@type\":\"SearchAction\",\"target\":{\"@type\":\"EntryPoint\",\"urlTemplate\":\"https:\\\/\\\/www.vdhurk.nl\\\/?s={search_term_string}\"},\"query-input\":{\"@type\":\"PropertyValueSpecification\",\"valueRequired\":true,\"valueName\":\"search_term_string\"}}],\"inLanguage\":\"pl-PL\"}]}<\/script>\n<!-- \/ Yoast SEO plugin. -->","yoast_head_json":{"title":"Mercedes Vito Automatic | Komfort i wygoda w jednym","description":"Odkryj Mercedesa Vito Automatic: najwy\u017cszy komfort jazdy, niezawodno\u015b\u0107 i wszechstronno\u015b\u0107. Sprawd\u017a nasz\u0105 ofert\u0119!","robots":{"index":"index","follow":"follow","max-snippet":"max-snippet:-1","max-image-preview":"max-image-preview:large","max-video-preview":"max-video-preview:-1"},"canonical":"https:\/\/www.vdhurk.nl\/pl\/mercedes-9\/mercedes-20\/maszyna\/","og_locale":"pl_PL","og_type":"article","og_title":"Mercedes Vito Automaat | Comfort en gemak in \u00e9\u00e9n","og_description":"Ontdek de Mercedes Vito Automaat: ultiem rijcomfort, betrouwbaarheid en veelzijdigheid. Bekijk ons aanbod!","og_url":"https:\/\/www.vdhurk.nl\/pl\/mercedes-9\/mercedes-20\/maszyna\/","og_site_name":"Van den Hurk Bedrijfswagens","article_modified_time":"2025-02-06T16:23:50+00:00","twitter_card":"summary_large_image","twitter_misc":{"Szacowany czas czytania":"4 minuty"},"schema":{"@context":"https:\/\/schema.org","@graph":[{"@type":"WebPage","@id":"https:\/\/www.vdhurk.nl\/mercedes-bedrijfswagens\/vito\/automaat\/","url":"https:\/\/www.vdhurk.nl\/mercedes-bedrijfswagens\/vito\/automaat\/","name":"Mercedes Vito Automatic | Komfort i wygoda w jednym","isPartOf":{"@id":"https:\/\/www.vdhurk.nl\/#website"},"datePublished":"2025-02-06T15:55:30+00:00","dateModified":"2025-02-06T16:23:50+00:00","description":"Odkryj Mercedesa Vito Automatic: najwy\u017cszy komfort jazdy, niezawodno\u015b\u0107 i wszechstronno\u015b\u0107. Sprawd\u017a nasz\u0105 ofert\u0119!","breadcrumb":{"@id":"https:\/\/www.vdhurk.nl\/mercedes-bedrijfswagens\/vito\/automaat\/#breadcrumb"},"inLanguage":"pl-PL","potentialAction":[{"@type":"ReadAction","target":["https:\/\/www.vdhurk.nl\/mercedes-bedrijfswagens\/vito\/automaat\/"]}]},{"@type":"BreadcrumbList","@id":"https:\/\/www.vdhurk.nl\/mercedes-bedrijfswagens\/vito\/automaat\/#breadcrumb","itemListElement":[{"@type":"ListItem","position":1,"name":"Home","item":"https:\/\/www.vdhurk.nl\/home\/"},{"@type":"ListItem","position":2,"name":"Mercedes Bedrijfswagens","item":"https:\/\/www.vdhurk.nl\/mercedes-bedrijfswagens\/"},{"@type":"ListItem","position":3,"name":"Mercedes Vito","item":"https:\/\/www.vdhurk.nl\/mercedes-bedrijfswagens\/vito\/"},{"@type":"ListItem","position":4,"name":"Mercedes Vito Automaat"}]},{"@type":"WebSite","@id":"https:\/\/www.vdhurk.nl\/#website","url":"https:\/\/www.vdhurk.nl\/","name":"Van den Hurk - pojazdy u\u017cytkowe","description":"Van den Hurk pojazdy u\u017cytkowe Helmond","potentialAction":[{"@type":"SearchAction","target":{"@type":"EntryPoint","urlTemplate":"https:\/\/www.vdhurk.nl\/?s={search_term_string}"},"query-input":{"@type":"PropertyValueSpecification","valueRequired":true,"valueName":"search_term_string"}}],"inLanguage":"pl-PL"}]}},"_links":{"self":[{"href":"https:\/\/www.vdhurk.nl\/pl\/wp-json\/wp\/v2\/pages\/442867","targetHints":{"allow":["GET"]}}],"collection":[{"href":"https:\/\/www.vdhurk.nl\/pl\/wp-json\/wp\/v2\/pages"}],"about":[{"href":"https:\/\/www.vdhurk.nl\/pl\/wp-json\/wp\/v2\/types\/page"}],"author":[{"embeddable":true,"href":"https:\/\/www.vdhurk.nl\/pl\/wp-json\/wp\/v2\/users\/3"}],"replies":[{"embeddable":true,"href":"https:\/\/www.vdhurk.nl\/pl\/wp-json\/wp\/v2\/comments?post=442867"}],"version-history":[{"count":5,"href":"https:\/\/www.vdhurk.nl\/pl\/wp-json\/wp\/v2\/pages\/442867\/revisions"}],"predecessor-version":[{"id":442899,"href":"https:\/\/www.vdhurk.nl\/pl\/wp-json\/wp\/v2\/pages\/442867\/revisions\/442899"}],"up":[{"embeddable":true,"href":"https:\/\/www.vdhurk.nl\/pl\/wp-json\/wp\/v2\/pages\/393278"}],"wp:attachment":[{"href":"https:\/\/www.vdhurk.nl\/pl\/wp-json\/wp\/v2\/media?parent=442867"}],"curies":[{"name":"wp","href":"https:\/\/api.w.org\/{rel}","templated":true}]}}