{"id":442863,"date":"2025-02-06T16:29:35","date_gmt":"2025-02-06T15:29:35","guid":{"rendered":"https:\/\/www.vdhurk.nl\/?page_id=442863"},"modified":"2025-02-06T17:23:35","modified_gmt":"2025-02-06T16:23:35","slug":"maszyna","status":"publish","type":"page","link":"https:\/\/www.vdhurk.nl\/pl\/volkswagen-bedrijfswagens\/caddy\/automaat\/","title":{"rendered":"Volkswagen Caddy Automatic"},"content":{"rendered":"<section  class='av_textblock_section av-lu8gnh7d-4ac895489941e586c1d7c8cb72318135'  itemscope=\"itemscope\" itemtype=\"https:\/\/schema.org\/CreativeWork\" ><div class='avia_textblock'  itemprop=\"text\" ><h1>Poznaj automatyczn\u0105 skrzyni\u0119 bieg\u00f3w Volkswagena Caddy<\/h1>\n<p>Szukasz samochodu u\u017cytkowego, kt\u00f3ry \u0142\u0105czy w sobie niezawodno\u015b\u0107 i najwy\u017cszy komfort jazdy? Wybierz Volkswagena Caddy z automatyczn\u0105 skrzyni\u0105 bieg\u00f3w. Model ten oferuje wygod\u0119 i jako\u015b\u0107, z kt\u00f3rych s\u0142ynie Volkswagen. Zapoznaj si\u0119 ze specyfikacj\u0105 i sprawd\u017a, czy ten samoch\u00f3d u\u017cytkowy idealnie odpowiada Twoim potrzebom biznesowym.<\/p>\n<\/div><\/section>\n\n<style type=\"text\/css\" data-created_by=\"avia_inline_auto\" id=\"style-css-av-lujjddpd-afa3d7a9eabd61123e643ed1228e781e\">\n#top .hr.hr-invisible.av-lujjddpd-afa3d7a9eabd61123e643ed1228e781e{\nheight:50px;\n}\n<\/style>\n<div  class='hr av-lujjddpd-afa3d7a9eabd61123e643ed1228e781e hr-invisible  avia-builder-el-1  el_after_av_textblock  el_before_av_codeblock'><span class='hr-inner'><span class=\"hr-inner-style\"><\/span><\/span><\/div>\n\n\n<style type=\"text\/css\" data-created_by=\"avia_inline_auto\" id=\"style-css-av-ah0xd-63338d9dc6b40410e22a712829c369d6\">\n#top .hr.hr-invisible.av-ah0xd-63338d9dc6b40410e22a712829c369d6{\nheight:50px;\n}\n<\/style>\n<div  class='hr av-ah0xd-63338d9dc6b40410e22a712829c369d6 hr-invisible  avia-builder-el-3  el_after_av_codeblock  el_before_av_textblock'><span class='hr-inner'><span class=\"hr-inner-style\"><\/span><\/span><\/div>\n<section  class='av_textblock_section av-lu8gow1e-300853e458ed741bd87d6cb78e55cc7a'  itemscope=\"itemscope\" itemtype=\"https:\/\/schema.org\/CreativeWork\" ><div class='avia_textblock'  itemprop=\"text\" ><h2>Dlaczego warto wybra\u0107 Volkswagena Caddy?<\/h2>\n<p>Chcesz po\u0142\u0105czy\u0107 niezawodno\u015b\u0107 i wszechstronno\u015b\u0107 w jednym samochodzie s\u0142u\u017cbowym? Volkswagen Caddy z automatyczn\u0105 skrzyni\u0105 bieg\u00f3w to dobry wyb\u00f3r. Dzi\u0119ki przestronnemu wn\u0119trzu i du\u017cej przestrzeni \u0142adunkowej ten samoch\u00f3d u\u017cytkowy jest idealny do r\u00f3\u017cnych zastosowa\u0144, takich jak transport narz\u0119dzi, towar\u00f3w lub innych niezb\u0119dnych rzeczy biznesowych. Ponadto Volkswagen Caddy jest znany z wysokiej jako\u015bci wykonania i doskona\u0142ej jako\u015bci wykonania. Niezale\u017cnie od tego, czy szukasz elastycznego rozwi\u0105zania do codziennego u\u017cytku, czy samochodu firmowego, kt\u00f3ry poprawi wizerunek Twojej firmy, u\u017cywany lub nowy Volkswagen Caddy oferuje wszystko, czego potrzebujesz.<\/p>\n<\/div><\/section>\n<div class='flex_column av-f64w1-da126f42b61613402309283c14245a25 av_one_half  avia-builder-el-5  el_after_av_textblock  el_before_av_one_third  first flex_column_div column-top-margin'   ><section  class='av_textblock_section av-lu8gpqre-73cc2c17e6a6497ba6e1b58af22bd9e8'  itemscope=\"itemscope\" itemtype=\"https:\/\/schema.org\/CreativeWork\" ><div class='avia_textblock'  itemprop=\"text\" ><h2>Zalety automatycznej skrzyni bieg\u00f3w<\/h2>\n<p>Coraz wi\u0119cej firm przesiada si\u0119 na pojazdy u\u017cytkowe z automatyczn\u0105 skrzyni\u0105 bieg\u00f3w i nie bez powodu. W ko\u0144cu automatyczna skrzynia bieg\u00f3w oferuje wiele zalet, kt\u00f3re idealnie pasuj\u0105 do codziennych potrzeb przedsi\u0119biorc\u00f3w. Wielu kierowc\u00f3w uwa\u017ca, \u017ce automatyczna skrzynia bieg\u00f3w jest wygodniejsza i \u0142atwiejsza w u\u017cyciu, poniewa\u017c zmiana bieg\u00f3w nie jest ju\u017c konieczna. Jest to ogromna zaleta, szczeg\u00f3lnie w zat\u0142oczonym ruchu miejskim lub podczas jazdy w korkach. Automat pozwala r\u00f3wnie\u017c w pe\u0142ni skupi\u0107 si\u0119 na drodze i unikn\u0105\u0107 ryzyka zga\u015bni\u0119cia, co czasami zdarza si\u0119 w przypadku samochod\u00f3w z manualn\u0105 skrzyni\u0105 bieg\u00f3w. Jest wi\u0119c wiele powod\u00f3w, dla kt\u00f3rych warto rozwa\u017cy\u0107 automat.<\/p>\n<\/div><\/section><\/div>\n<div class='flex_column av-aldk9-ee694297f5c4032981677a02caab84d6 av_one_third  avia-builder-el-7  el_after_av_one_half  el_before_av_hr  flex_column_div column-top-margin'   ><style type=\"text\/css\" data-created_by=\"avia_inline_auto\" id=\"style-css-av-l1w9kpsf-4ec3fab772ec7a9adaa33cfc64ff0475\">\n.avia-image-container.av-l1w9kpsf-4ec3fab772ec7a9adaa33cfc64ff0475 .av-image-caption-overlay-center{\ncolor:#ffffff;\n}\n<\/style>\n<div  class='avia-image-container av-l1w9kpsf-4ec3fab772ec7a9adaa33cfc64ff0475 av-styling- avia-align-center  avia-builder-el-8  avia-builder-el-no-sibling'  itemprop=\"image\" itemscope=\"itemscope\" itemtype=\"https:\/\/schema.org\/ImageObject\" ><div class=\"avia-image-container-inner\"><div class=\"avia-image-overlay-wrap\"><img decoding=\"async\" class='wp-image-187 avia-img-lazy-loading-not-187 avia_image' src=\"https:\/\/www.vdhurk.nl\/wp-content\/uploads\/2022\/03\/Voorrad.png\" alt='' title='Stock'  height=\"758\" width=\"1135\"  itemprop=\"thumbnailUrl\" srcset=\"https:\/\/www.vdhurk.nl\/wp-content\/uploads\/2022\/03\/Voorrad.png 1135w, https:\/\/www.vdhurk.nl\/wp-content\/uploads\/2022\/03\/Voorrad-300x200.png 300w, https:\/\/www.vdhurk.nl\/wp-content\/uploads\/2022\/03\/Voorrad-1030x688.png 1030w, https:\/\/www.vdhurk.nl\/wp-content\/uploads\/2022\/03\/Voorrad-768x513.png 768w, https:\/\/www.vdhurk.nl\/wp-content\/uploads\/2022\/03\/Voorrad-18x12.png 18w, https:\/\/www.vdhurk.nl\/wp-content\/uploads\/2022\/03\/Voorrad-705x471.png 705w\" sizes=\"(max-width: 1135px) 100vw, 1135px\" \/><\/div><\/div><\/div><\/div>\n\n<style type=\"text\/css\" data-created_by=\"avia_inline_auto\" id=\"style-css-av-luqrjpjc-5a23a1fb5f94718ca85316a9df963e2f\">\n#top .hr.hr-invisible.av-luqrjpjc-5a23a1fb5f94718ca85316a9df963e2f{\nheight:50px;\n}\n<\/style>\n<div  class='hr av-luqrjpjc-5a23a1fb5f94718ca85316a9df963e2f hr-invisible  avia-builder-el-9  el_after_av_one_third  el_before_av_textblock'><span class='hr-inner'><span class=\"hr-inner-style\"><\/span><\/span><\/div>\n<section  class='av_textblock_section av-lu8gtjw7-4f3cee9304909518d86d2860d9d582dd'  itemscope=\"itemscope\" itemtype=\"https:\/\/schema.org\/CreativeWork\" ><div class='avia_textblock'  itemprop=\"text\" ><h2>Kupujesz lub leasingujesz Volkswagena Caddy?<\/h2>\n<p>Z nami mo\u017cesz zdecydowa\u0107 si\u0119 na zakup lub leasing samochodu s\u0142u\u017cbowego. Z naszym <a href=\"https:\/\/www.vdhurk.nl\/pl\/leasing-finansowy\/\">leasing finansowy<\/a> oferujemy szyte na miar\u0119 rozwi\u0105zanie dla w\u0142a\u015bcicieli firm poszukuj\u0105cych wygody i bezpiecze\u0144stwa finansowego. Decydujesz si\u0119 na leasing Volkswagena Caddy? W\u00f3wczas b\u0119dziesz p\u0142aci\u0107 sta\u0142\u0105 kwot\u0119 miesi\u0119cznie, a po pewnym czasie staniesz si\u0119 pe\u0142noprawnym w\u0142a\u015bcicielem samochodu firmowego. W ten spos\u00f3b mo\u017cesz od razu cieszy\u0107 si\u0119 zaletami Caddy, jednocze\u015bnie rozk\u0142adaj\u0105c inwestycj\u0119 w czasie. Cel ko\u0144cowy jest ten sam, ale droga do niego zale\u017cy od Ciebie.<\/p>\n<h2>Odkryj mo\u017cliwo\u015bci<\/h2>\n<p>Nadal nie masz pewno\u015bci co do wyboru automatycznej skrzyni bieg\u00f3w? A mo\u017ce chcia\u0142by\u015b uzyska\u0107 wi\u0119cej informacji, aby podj\u0105\u0107 w\u0142a\u015bciw\u0105 decyzj\u0119? Jako dealer Volkswagen Caddy jeste\u015bmy gotowi Ci pom\u00f3c. Skontaktuj si\u0119 z nami i dowiedz si\u0119 wszystkiego, co chcesz wiedzie\u0107 o automatycznej skrzyni bieg\u00f3w w Volkswagenie Caddy. Nie chcesz niczego przegapi\u0107? Zapisz si\u0119 do naszego <a href=\"https:\/\/www.vdhurk.nl\/pl\/alarm-gieldowy\/\">alarm gie\u0142dowy<\/a> i b\u0105d\u017a na bie\u017c\u0105co z nasz\u0105 aktualn\u0105 ofert\u0105.<\/p>\n<\/div><\/section>","protected":false},"excerpt":{"rendered":"","protected":false},"author":3,"featured_media":0,"parent":393610,"menu_order":0,"comment_status":"closed","ping_status":"closed","template":"","meta":{"_acf_changed":false,"_improvement_type_select":"improve_an_existing","_thumb_yes_seoaic":false,"_frame_yes_seoaic":false,"seoaic_generate_description":"","seoaic_improve_instructions_prompt":"","seoaic_rollback_content_improvement":"","seoaic_idea_thumbnail_generator":"","thumbnail_generated":false,"thumbnail_generate_prompt":"","seoaic_article_description":"","footnotes":""},"class_list":["post-442863","page","type-page","status-publish","hentry"],"acf":[],"yoast_head":"<!-- This site is optimized with the Yoast SEO plugin v27.5 - https:\/\/yoast.com\/product\/yoast-seo-wordpress\/ -->\n<title>Kies je voor de Volkswagen Caddy automaat?<\/title>\n<meta name=\"description\" content=\"Niet langer schakelen? Kies voor de Volkswagen Caddy automaat en ervaar een betrouwbare en veelzijdige bedrijfswagen.\" \/>\n<meta name=\"robots\" content=\"index, follow, max-snippet:-1, max-image-preview:large, max-video-preview:-1\" \/>\n<link rel=\"canonical\" href=\"https:\/\/www.vdhurk.nl\/pl\/mercedes-13\/mercedes-4\/maszyna\/\" \/>\n<meta property=\"og:locale\" content=\"pl_PL\" \/>\n<meta property=\"og:type\" content=\"article\" \/>\n<meta property=\"og:title\" content=\"Kies je voor de Volkswagen Caddy automaat?\" \/>\n<meta property=\"og:description\" content=\"Niet langer schakelen? Kies voor de Volkswagen Caddy automaat en ervaar een betrouwbare en veelzijdige bedrijfswagen.\" \/>\n<meta property=\"og:url\" content=\"https:\/\/www.vdhurk.nl\/pl\/mercedes-13\/mercedes-4\/maszyna\/\" \/>\n<meta property=\"og:site_name\" content=\"Van den Hurk Bedrijfswagens\" \/>\n<meta property=\"article:modified_time\" content=\"2025-02-06T16:23:35+00:00\" \/>\n<meta name=\"twitter:card\" content=\"summary_large_image\" \/>\n<meta name=\"twitter:label1\" content=\"Szacowany czas czytania\" \/>\n\t<meta name=\"twitter:data1\" content=\"4 minuty\" \/>\n<script type=\"application\/ld+json\" class=\"yoast-schema-graph\">{\"@context\":\"https:\\\/\\\/schema.org\",\"@graph\":[{\"@type\":\"WebPage\",\"@id\":\"https:\\\/\\\/www.vdhurk.nl\\\/volkswagen-bedrijfswagens\\\/caddy\\\/automaat\\\/\",\"url\":\"https:\\\/\\\/www.vdhurk.nl\\\/volkswagen-bedrijfswagens\\\/caddy\\\/automaat\\\/\",\"name\":\"Kies je voor de Volkswagen Caddy automaat?\",\"isPartOf\":{\"@id\":\"https:\\\/\\\/www.vdhurk.nl\\\/#website\"},\"datePublished\":\"2025-02-06T15:29:35+00:00\",\"dateModified\":\"2025-02-06T16:23:35+00:00\",\"description\":\"Niet langer schakelen? Kies voor de Volkswagen Caddy automaat en ervaar een betrouwbare en veelzijdige bedrijfswagen.\",\"breadcrumb\":{\"@id\":\"https:\\\/\\\/www.vdhurk.nl\\\/volkswagen-bedrijfswagens\\\/caddy\\\/automaat\\\/#breadcrumb\"},\"inLanguage\":\"pl-PL\",\"potentialAction\":[{\"@type\":\"ReadAction\",\"target\":[\"https:\\\/\\\/www.vdhurk.nl\\\/volkswagen-bedrijfswagens\\\/caddy\\\/automaat\\\/\"]}]},{\"@type\":\"BreadcrumbList\",\"@id\":\"https:\\\/\\\/www.vdhurk.nl\\\/volkswagen-bedrijfswagens\\\/caddy\\\/automaat\\\/#breadcrumb\",\"itemListElement\":[{\"@type\":\"ListItem\",\"position\":1,\"name\":\"Home\",\"item\":\"https:\\\/\\\/www.vdhurk.nl\\\/home\\\/\"},{\"@type\":\"ListItem\",\"position\":2,\"name\":\"Volkswagen Bedrijfswagens\",\"item\":\"https:\\\/\\\/www.vdhurk.nl\\\/volkswagen-bedrijfswagens\\\/\"},{\"@type\":\"ListItem\",\"position\":3,\"name\":\"Volkswagen Caddy\",\"item\":\"https:\\\/\\\/www.vdhurk.nl\\\/volkswagen-bedrijfswagens\\\/caddy\\\/\"},{\"@type\":\"ListItem\",\"position\":4,\"name\":\"Volkswagen Caddy Automaat\"}]},{\"@type\":\"WebSite\",\"@id\":\"https:\\\/\\\/www.vdhurk.nl\\\/#website\",\"url\":\"https:\\\/\\\/www.vdhurk.nl\\\/\",\"name\":\"Van den Hurk Bedrijfswagens\",\"description\":\"Van den Hurk bedrijfswagens Helmond\",\"potentialAction\":[{\"@type\":\"SearchAction\",\"target\":{\"@type\":\"EntryPoint\",\"urlTemplate\":\"https:\\\/\\\/www.vdhurk.nl\\\/?s={search_term_string}\"},\"query-input\":{\"@type\":\"PropertyValueSpecification\",\"valueRequired\":true,\"valueName\":\"search_term_string\"}}],\"inLanguage\":\"pl-PL\"}]}<\/script>\n<!-- \/ Yoast SEO plugin. -->","yoast_head_json":{"title":"Czy wybra\u0107 Volkswagen Caddy z automatyczn\u0105 skrzyni\u0105 bieg\u00f3w?","description":"Koniec ze zmian\u0105 bieg\u00f3w? Wybierz automatycznego Volkswagena Caddy i poznaj niezawodny i wszechstronny samoch\u00f3d u\u017cytkowy.","robots":{"index":"index","follow":"follow","max-snippet":"max-snippet:-1","max-image-preview":"max-image-preview:large","max-video-preview":"max-video-preview:-1"},"canonical":"https:\/\/www.vdhurk.nl\/pl\/mercedes-13\/mercedes-4\/maszyna\/","og_locale":"pl_PL","og_type":"article","og_title":"Kies je voor de Volkswagen Caddy automaat?","og_description":"Niet langer schakelen? Kies voor de Volkswagen Caddy automaat en ervaar een betrouwbare en veelzijdige bedrijfswagen.","og_url":"https:\/\/www.vdhurk.nl\/pl\/mercedes-13\/mercedes-4\/maszyna\/","og_site_name":"Van den Hurk Bedrijfswagens","article_modified_time":"2025-02-06T16:23:35+00:00","twitter_card":"summary_large_image","twitter_misc":{"Szacowany czas czytania":"4 minuty"},"schema":{"@context":"https:\/\/schema.org","@graph":[{"@type":"WebPage","@id":"https:\/\/www.vdhurk.nl\/volkswagen-bedrijfswagens\/caddy\/automaat\/","url":"https:\/\/www.vdhurk.nl\/volkswagen-bedrijfswagens\/caddy\/automaat\/","name":"Czy wybra\u0107 Volkswagen Caddy z automatyczn\u0105 skrzyni\u0105 bieg\u00f3w?","isPartOf":{"@id":"https:\/\/www.vdhurk.nl\/#website"},"datePublished":"2025-02-06T15:29:35+00:00","dateModified":"2025-02-06T16:23:35+00:00","description":"Koniec ze zmian\u0105 bieg\u00f3w? Wybierz automatycznego Volkswagena Caddy i poznaj niezawodny i wszechstronny samoch\u00f3d u\u017cytkowy.","breadcrumb":{"@id":"https:\/\/www.vdhurk.nl\/volkswagen-bedrijfswagens\/caddy\/automaat\/#breadcrumb"},"inLanguage":"pl-PL","potentialAction":[{"@type":"ReadAction","target":["https:\/\/www.vdhurk.nl\/volkswagen-bedrijfswagens\/caddy\/automaat\/"]}]},{"@type":"BreadcrumbList","@id":"https:\/\/www.vdhurk.nl\/volkswagen-bedrijfswagens\/caddy\/automaat\/#breadcrumb","itemListElement":[{"@type":"ListItem","position":1,"name":"Home","item":"https:\/\/www.vdhurk.nl\/home\/"},{"@type":"ListItem","position":2,"name":"Volkswagen Bedrijfswagens","item":"https:\/\/www.vdhurk.nl\/volkswagen-bedrijfswagens\/"},{"@type":"ListItem","position":3,"name":"Volkswagen Caddy","item":"https:\/\/www.vdhurk.nl\/volkswagen-bedrijfswagens\/caddy\/"},{"@type":"ListItem","position":4,"name":"Volkswagen Caddy Automaat"}]},{"@type":"WebSite","@id":"https:\/\/www.vdhurk.nl\/#website","url":"https:\/\/www.vdhurk.nl\/","name":"Van den Hurk - pojazdy u\u017cytkowe","description":"Van den Hurk pojazdy u\u017cytkowe Helmond","potentialAction":[{"@type":"SearchAction","target":{"@type":"EntryPoint","urlTemplate":"https:\/\/www.vdhurk.nl\/?s={search_term_string}"},"query-input":{"@type":"PropertyValueSpecification","valueRequired":true,"valueName":"search_term_string"}}],"inLanguage":"pl-PL"}]}},"_links":{"self":[{"href":"https:\/\/www.vdhurk.nl\/pl\/wp-json\/wp\/v2\/pages\/442863","targetHints":{"allow":["GET"]}}],"collection":[{"href":"https:\/\/www.vdhurk.nl\/pl\/wp-json\/wp\/v2\/pages"}],"about":[{"href":"https:\/\/www.vdhurk.nl\/pl\/wp-json\/wp\/v2\/types\/page"}],"author":[{"embeddable":true,"href":"https:\/\/www.vdhurk.nl\/pl\/wp-json\/wp\/v2\/users\/3"}],"replies":[{"embeddable":true,"href":"https:\/\/www.vdhurk.nl\/pl\/wp-json\/wp\/v2\/comments?post=442863"}],"version-history":[{"count":5,"href":"https:\/\/www.vdhurk.nl\/pl\/wp-json\/wp\/v2\/pages\/442863\/revisions"}],"predecessor-version":[{"id":442897,"href":"https:\/\/www.vdhurk.nl\/pl\/wp-json\/wp\/v2\/pages\/442863\/revisions\/442897"}],"up":[{"embeddable":true,"href":"https:\/\/www.vdhurk.nl\/pl\/wp-json\/wp\/v2\/pages\/393610"}],"wp:attachment":[{"href":"https:\/\/www.vdhurk.nl\/pl\/wp-json\/wp\/v2\/media?parent=442863"}],"curies":[{"name":"wp","href":"https:\/\/api.w.org\/{rel}","templated":true}]}}