{"id":442819,"date":"2025-02-06T14:39:02","date_gmt":"2025-02-06T13:39:02","guid":{"rendered":"https:\/\/www.vdhurk.nl\/?page_id=442819"},"modified":"2025-02-06T17:20:59","modified_gmt":"2025-02-06T16:20:59","slug":"maszyna","status":"publish","type":"page","link":"https:\/\/www.vdhurk.nl\/pl\/peugeot-bedrijfswagens\/boxer\/automaat\/","title":{"rendered":"Peugeot Boxer Automatic"},"content":{"rendered":"<section  class='av_textblock_section av-lu8gnh7d-4ac895489941e586c1d7c8cb72318135'  itemscope=\"itemscope\" itemtype=\"https:\/\/schema.org\/CreativeWork\" ><div class='avia_textblock'  itemprop=\"text\" ><h1>Szukasz automatycznego Peugeot Boxer?<\/h1>\n<p>Szukasz niezawodnego samochodu s\u0142u\u017cbowego dla swojej firmy? W takim razie Peugeot Boxer automatic z pewno\u015bci\u0105 zas\u0142uguje na Twoj\u0105 uwag\u0119. Model ten nie bez powodu cieszy si\u0119 du\u017c\u0105 popularno\u015bci\u0105 w\u015br\u00f3d u\u017cytkownik\u00f3w biznesowych. Dzi\u0119ki komfortowym wra\u017ceniom z jazdy i du\u017cej pojemno\u015bci \u0142adunkowej, Peugeot Boxer jest doskona\u0142ym wyborem dla w\u0142a\u015bcicieli firm, kt\u00f3rzy ceni\u0105 sobie jako\u015b\u0107 i wydajno\u015b\u0107. Czytaj dalej i dowiedz si\u0119, czy ten pojazd u\u017cytkowy idealnie pasuje do Twoich potrzeb biznesowych.<\/p>\n<\/div><\/section>\n\n<style type=\"text\/css\" data-created_by=\"avia_inline_auto\" id=\"style-css-av-lujjddpd-afa3d7a9eabd61123e643ed1228e781e\">\n#top .hr.hr-invisible.av-lujjddpd-afa3d7a9eabd61123e643ed1228e781e{\nheight:50px;\n}\n<\/style>\n<div  class='hr av-lujjddpd-afa3d7a9eabd61123e643ed1228e781e hr-invisible  avia-builder-el-1  el_after_av_textblock  el_before_av_codeblock'><span class='hr-inner'><span class=\"hr-inner-style\"><\/span><\/span><\/div>\n\n\n<style type=\"text\/css\" data-created_by=\"avia_inline_auto\" id=\"style-css-av-ah0xd-63338d9dc6b40410e22a712829c369d6\">\n#top .hr.hr-invisible.av-ah0xd-63338d9dc6b40410e22a712829c369d6{\nheight:50px;\n}\n<\/style>\n<div  class='hr av-ah0xd-63338d9dc6b40410e22a712829c369d6 hr-invisible  avia-builder-el-3  el_after_av_codeblock  el_before_av_textblock'><span class='hr-inner'><span class=\"hr-inner-style\"><\/span><\/span><\/div>\n<section  class='av_textblock_section av-lu8gow1e-300853e458ed741bd87d6cb78e55cc7a'  itemscope=\"itemscope\" itemtype=\"https:\/\/schema.org\/CreativeWork\" ><div class='avia_textblock'  itemprop=\"text\" ><h2>Zalety wersji automatycznej<\/h2>\n<p>Jako przedsi\u0119biorca naturalnie chcesz mie\u0107 samoch\u00f3d s\u0142u\u017cbowy, kt\u00f3ry nie tylko dzia\u0142a wydajnie, ale tak\u017ce maksymalnie u\u0142atwia jazd\u0119. Automatyczna skrzynia bieg\u00f3w oferuje dok\u0142adnie te zalety i wyra\u017anie odr\u00f3\u017cnia si\u0119 od manualnych modeli Peugeot Boxer. Poniewa\u017c u\u017cywasz tylko jednej nogi, zyskujesz dodatkowy komfort jazdy. Jest to szczeg\u00f3lnie korzystne podczas d\u0142ugich podr\u00f3\u017cy lub gdy trzeba regularnie zatrzymywa\u0107 si\u0119 i przyspiesza\u0107 w du\u017cym ruchu miejskim. Z automatycznym Renault Trafic inwestujesz w komfort i niezawodno\u015b\u0107.<\/p>\n<\/div><\/section>\n<div class='flex_column av-f64w1-da126f42b61613402309283c14245a25 av_one_half  avia-builder-el-5  el_after_av_textblock  el_before_av_one_third  first flex_column_div column-top-margin'   ><section  class='av_textblock_section av-lu8gpqre-73cc2c17e6a6497ba6e1b58af22bd9e8'  itemscope=\"itemscope\" itemtype=\"https:\/\/schema.org\/CreativeWork\" ><div class='avia_textblock'  itemprop=\"text\" ><h2>Dlaczego warto wybra\u0107 Peugeot Boxer u\u017cywany lub nowy?<\/h2>\n<p>Zastanawiasz si\u0119 nad Peugeot Boxer? W takim razie wybierasz pojazd u\u017cytkowy, kt\u00f3ry oferuje szereg zalet. Kabina zosta\u0142a zaprojektowana z my\u015bl\u0105 o optymalnym komforcie, dzi\u0119ki czemu d\u0142ugie dni pracy za kierownic\u0105 nie wymagaj\u0105 wysi\u0142ku. Dzi\u0119ki przestronnym schowkom i praktycznym funkcjom ka\u017cdego dnia b\u0119dziesz cieszy\u0107 si\u0119 komfortow\u0105 jazd\u0105. Peugeot Boxer jest r\u00f3wnie\u017c bardzo wszechstronny, z r\u00f3\u017cnymi wersjami dostosowanymi do r\u00f3\u017cnych potrzeb biznesowych. Niezale\u017cnie od tego, czy szukasz modelu do transportu towar\u00f3w, czy do konkretnych cel\u00f3w biznesowych, zawsze znajdziesz odpowiedni wariant. Kr\u00f3tko m\u00f3wi\u0105c, Peugeot Boxer oferuje po\u0142\u0105czenie komfortu, wszechstronno\u015bci i wyboru. To sprawia, \u017ce ten pojazd u\u017cytkowy jest idealny dla ka\u017cdej firmy.<\/p>\n<\/div><\/section><\/div>\n<div class='flex_column av-aldk9-ee694297f5c4032981677a02caab84d6 av_one_third  avia-builder-el-7  el_after_av_one_half  el_before_av_hr  flex_column_div column-top-margin'   ><style type=\"text\/css\" data-created_by=\"avia_inline_auto\" id=\"style-css-av-l1w9kpsf-4ec3fab772ec7a9adaa33cfc64ff0475\">\n.avia-image-container.av-l1w9kpsf-4ec3fab772ec7a9adaa33cfc64ff0475 .av-image-caption-overlay-center{\ncolor:#ffffff;\n}\n<\/style>\n<div  class='avia-image-container av-l1w9kpsf-4ec3fab772ec7a9adaa33cfc64ff0475 av-styling- avia-align-center  avia-builder-el-8  avia-builder-el-no-sibling'  itemprop=\"image\" itemscope=\"itemscope\" itemtype=\"https:\/\/schema.org\/ImageObject\" ><div class=\"avia-image-container-inner\"><div class=\"avia-image-overlay-wrap\"><img decoding=\"async\" class='wp-image-187 avia-img-lazy-loading-not-187 avia_image' src=\"https:\/\/www.vdhurk.nl\/wp-content\/uploads\/2022\/03\/Voorrad.png\" alt='' title='Stock'  height=\"758\" width=\"1135\"  itemprop=\"thumbnailUrl\" srcset=\"https:\/\/www.vdhurk.nl\/wp-content\/uploads\/2022\/03\/Voorrad.png 1135w, https:\/\/www.vdhurk.nl\/wp-content\/uploads\/2022\/03\/Voorrad-300x200.png 300w, https:\/\/www.vdhurk.nl\/wp-content\/uploads\/2022\/03\/Voorrad-1030x688.png 1030w, https:\/\/www.vdhurk.nl\/wp-content\/uploads\/2022\/03\/Voorrad-768x513.png 768w, https:\/\/www.vdhurk.nl\/wp-content\/uploads\/2022\/03\/Voorrad-18x12.png 18w, https:\/\/www.vdhurk.nl\/wp-content\/uploads\/2022\/03\/Voorrad-705x471.png 705w\" sizes=\"(max-width: 1135px) 100vw, 1135px\" \/><\/div><\/div><\/div><\/div>\n\n<style type=\"text\/css\" data-created_by=\"avia_inline_auto\" id=\"style-css-av-luqrjpjc-5a23a1fb5f94718ca85316a9df963e2f\">\n#top .hr.hr-invisible.av-luqrjpjc-5a23a1fb5f94718ca85316a9df963e2f{\nheight:50px;\n}\n<\/style>\n<div  class='hr av-luqrjpjc-5a23a1fb5f94718ca85316a9df963e2f hr-invisible  avia-builder-el-9  el_after_av_one_third  el_before_av_textblock'><span class='hr-inner'><span class=\"hr-inner-style\"><\/span><\/span><\/div>\n<section  class='av_textblock_section av-lu8gtjw7-4f3cee9304909518d86d2860d9d582dd'  itemscope=\"itemscope\" itemtype=\"https:\/\/schema.org\/CreativeWork\" ><div class='avia_textblock'  itemprop=\"text\" ><h2>Wskazanie ceny<\/h2>\n<p>Ceny automatycznego Peugeot Boxer r\u00f3\u017cni\u0105 si\u0119 w zale\u017cno\u015bci od wersji i specyfikacji, kt\u00f3re oferujemy. Niezale\u017cnie od tego, czy szukasz prostego Peugeot Boxer, czy w pe\u0142ni wyposa\u017conej wersji, w naszej ofercie zawsze znajdziesz model odpowiadaj\u0105cy Twoim potrzebom. Poniewa\u017c nasza oferta stale si\u0119 zmienia, nie mo\u017cemy poda\u0107 sta\u0142ej ceny. Dlatego prosimy o zapoznanie si\u0119 z nasz\u0105 <a href=\"https:\/\/www.vdhurk.nl\/pl\/pojazdy-uzytkowe\/\">aktualna oferta<\/a> ostro\u017cnie.<\/p>\n<h2>Kupno lub leasing Peugeot Boxer?<\/h2>\n<p>W Van den Hurk masz nie tylko mo\u017cliwo\u015b\u0107 bezpo\u015bredniego zakupu pojazdu u\u017cytkowego, ale mo\u017cesz r\u00f3wnie\u017c zdecydowa\u0107 si\u0119 na <a href=\"https:\/\/www.vdhurk.nl\/pl\/leasing-finansowy\/\">leasing finansowy<\/a>. Leasing Peugeot Boxer oznacza, \u017ce p\u0142acisz sta\u0142\u0105 kwot\u0119 miesi\u0119cznie. W okresie leasingu ro\u015bnie udzia\u0142 w\u0142asno\u015bciowy, a na koniec umowy stajesz si\u0119 pe\u0142noprawnym w\u0142a\u015bcicielem pojazdu, bez konieczno\u015bci wp\u0142acania du\u017cej zaliczki.<\/p>\n<h2>Znajd\u017a idealny samoch\u00f3d s\u0142u\u017cbowy<\/h2>\n<p>Czy jeste\u015b przekonany i gotowy do zakupu Peugeot Boxer automatic? A mo\u017ce nadal potrzebujesz wi\u0119cej informacji, aby dokona\u0107 w\u0142a\u015bciwego wyboru? Jako dealer Peugeot Boxer jeste\u015bmy gotowi odpowiedzie\u0107 na wszystkie pytania. Skontaktuj si\u0119 z nami, aby uzyska\u0107 wi\u0119cej informacji lub sprawd\u017a nasz\u0105 aktualn\u0105 ofert\u0119, aby znale\u017a\u0107 idealny pojazd u\u017cytkowy.<\/p>\n<\/div><\/section>","protected":false},"excerpt":{"rendered":"","protected":false},"author":3,"featured_media":0,"parent":405923,"menu_order":0,"comment_status":"closed","ping_status":"closed","template":"","meta":{"_acf_changed":false,"_improvement_type_select":"improve_an_existing","_thumb_yes_seoaic":false,"_frame_yes_seoaic":false,"seoaic_generate_description":"","seoaic_improve_instructions_prompt":"","seoaic_rollback_content_improvement":"","seoaic_idea_thumbnail_generator":"","thumbnail_generated":false,"thumbnail_generate_prompt":"","seoaic_article_description":"","footnotes":""},"class_list":["post-442819","page","type-page","status-publish","hentry"],"acf":[],"yoast_head":"<!-- This site is optimized with the Yoast SEO plugin v27.5 - https:\/\/yoast.com\/product\/yoast-seo-wordpress\/ -->\n<title>Vind jouw Peugeot Boxer automaat | Bekijk ons aanbod<\/title>\n<meta name=\"description\" content=\"Zoek je een Peugeot Boxer automaat? Ontdek de mogelijkheden en vind de bedrijfswagen die perfect aansluit bij jouw zakelijke behoeften.\" \/>\n<meta name=\"robots\" content=\"index, follow, max-snippet:-1, max-image-preview:large, max-video-preview:-1\" \/>\n<link rel=\"canonical\" href=\"https:\/\/www.vdhurk.nl\/pl\/pojazdy-uzytkowe-peugeot\/mercedes-11\/maszyna\/\" \/>\n<meta property=\"og:locale\" content=\"pl_PL\" \/>\n<meta property=\"og:type\" content=\"article\" \/>\n<meta property=\"og:title\" content=\"Vind jouw Peugeot Boxer automaat | Bekijk ons aanbod\" \/>\n<meta property=\"og:description\" content=\"Zoek je een Peugeot Boxer automaat? Ontdek de mogelijkheden en vind de bedrijfswagen die perfect aansluit bij jouw zakelijke behoeften.\" \/>\n<meta property=\"og:url\" content=\"https:\/\/www.vdhurk.nl\/pl\/pojazdy-uzytkowe-peugeot\/mercedes-11\/maszyna\/\" \/>\n<meta property=\"og:site_name\" content=\"Van den Hurk Bedrijfswagens\" \/>\n<meta property=\"article:modified_time\" content=\"2025-02-06T16:20:59+00:00\" \/>\n<meta name=\"twitter:card\" content=\"summary_large_image\" \/>\n<meta name=\"twitter:label1\" content=\"Szacowany czas czytania\" \/>\n\t<meta name=\"twitter:data1\" content=\"4 minuty\" \/>\n<script type=\"application\/ld+json\" class=\"yoast-schema-graph\">{\"@context\":\"https:\\\/\\\/schema.org\",\"@graph\":[{\"@type\":\"WebPage\",\"@id\":\"https:\\\/\\\/www.vdhurk.nl\\\/peugeot-bedrijfswagens\\\/boxer\\\/automaat\\\/\",\"url\":\"https:\\\/\\\/www.vdhurk.nl\\\/peugeot-bedrijfswagens\\\/boxer\\\/automaat\\\/\",\"name\":\"Vind jouw Peugeot Boxer automaat | Bekijk ons aanbod\",\"isPartOf\":{\"@id\":\"https:\\\/\\\/www.vdhurk.nl\\\/#website\"},\"datePublished\":\"2025-02-06T13:39:02+00:00\",\"dateModified\":\"2025-02-06T16:20:59+00:00\",\"description\":\"Zoek je een Peugeot Boxer automaat? Ontdek de mogelijkheden en vind de bedrijfswagen die perfect aansluit bij jouw zakelijke behoeften.\",\"breadcrumb\":{\"@id\":\"https:\\\/\\\/www.vdhurk.nl\\\/peugeot-bedrijfswagens\\\/boxer\\\/automaat\\\/#breadcrumb\"},\"inLanguage\":\"pl-PL\",\"potentialAction\":[{\"@type\":\"ReadAction\",\"target\":[\"https:\\\/\\\/www.vdhurk.nl\\\/peugeot-bedrijfswagens\\\/boxer\\\/automaat\\\/\"]}]},{\"@type\":\"BreadcrumbList\",\"@id\":\"https:\\\/\\\/www.vdhurk.nl\\\/peugeot-bedrijfswagens\\\/boxer\\\/automaat\\\/#breadcrumb\",\"itemListElement\":[{\"@type\":\"ListItem\",\"position\":1,\"name\":\"Home\",\"item\":\"https:\\\/\\\/www.vdhurk.nl\\\/home\\\/\"},{\"@type\":\"ListItem\",\"position\":2,\"name\":\"Peugeot Bedrijfswagens\",\"item\":\"https:\\\/\\\/www.vdhurk.nl\\\/peugeot-bedrijfswagens\\\/\"},{\"@type\":\"ListItem\",\"position\":3,\"name\":\"Peugeot Boxer\",\"item\":\"https:\\\/\\\/www.vdhurk.nl\\\/peugeot-bedrijfswagens\\\/boxer\\\/\"},{\"@type\":\"ListItem\",\"position\":4,\"name\":\"Peugeot Boxer Automaat\"}]},{\"@type\":\"WebSite\",\"@id\":\"https:\\\/\\\/www.vdhurk.nl\\\/#website\",\"url\":\"https:\\\/\\\/www.vdhurk.nl\\\/\",\"name\":\"Van den Hurk Bedrijfswagens\",\"description\":\"Van den Hurk bedrijfswagens Helmond\",\"potentialAction\":[{\"@type\":\"SearchAction\",\"target\":{\"@type\":\"EntryPoint\",\"urlTemplate\":\"https:\\\/\\\/www.vdhurk.nl\\\/?s={search_term_string}\"},\"query-input\":{\"@type\":\"PropertyValueSpecification\",\"valueRequired\":true,\"valueName\":\"search_term_string\"}}],\"inLanguage\":\"pl-PL\"}]}<\/script>\n<!-- \/ Yoast SEO plugin. -->","yoast_head_json":{"title":"Znajd\u017a sw\u00f3j Peugeot Boxer automatic | Zobacz nasz\u0105 ofert\u0119","description":"Szukasz Peugeot Boxer z automatyczn\u0105 skrzyni\u0105 bieg\u00f3w? Zapoznaj si\u0119 z opcjami i znajd\u017a pojazd u\u017cytkowy, kt\u00f3ry idealnie odpowiada Twoim potrzebom biznesowym.","robots":{"index":"index","follow":"follow","max-snippet":"max-snippet:-1","max-image-preview":"max-image-preview:large","max-video-preview":"max-video-preview:-1"},"canonical":"https:\/\/www.vdhurk.nl\/pl\/pojazdy-uzytkowe-peugeot\/mercedes-11\/maszyna\/","og_locale":"pl_PL","og_type":"article","og_title":"Vind jouw Peugeot Boxer automaat | Bekijk ons aanbod","og_description":"Zoek je een Peugeot Boxer automaat? Ontdek de mogelijkheden en vind de bedrijfswagen die perfect aansluit bij jouw zakelijke behoeften.","og_url":"https:\/\/www.vdhurk.nl\/pl\/pojazdy-uzytkowe-peugeot\/mercedes-11\/maszyna\/","og_site_name":"Van den Hurk Bedrijfswagens","article_modified_time":"2025-02-06T16:20:59+00:00","twitter_card":"summary_large_image","twitter_misc":{"Szacowany czas czytania":"4 minuty"},"schema":{"@context":"https:\/\/schema.org","@graph":[{"@type":"WebPage","@id":"https:\/\/www.vdhurk.nl\/peugeot-bedrijfswagens\/boxer\/automaat\/","url":"https:\/\/www.vdhurk.nl\/peugeot-bedrijfswagens\/boxer\/automaat\/","name":"Znajd\u017a sw\u00f3j Peugeot Boxer automatic | Zobacz nasz\u0105 ofert\u0119","isPartOf":{"@id":"https:\/\/www.vdhurk.nl\/#website"},"datePublished":"2025-02-06T13:39:02+00:00","dateModified":"2025-02-06T16:20:59+00:00","description":"Szukasz Peugeot Boxer z automatyczn\u0105 skrzyni\u0105 bieg\u00f3w? Zapoznaj si\u0119 z opcjami i znajd\u017a pojazd u\u017cytkowy, kt\u00f3ry idealnie odpowiada Twoim potrzebom biznesowym.","breadcrumb":{"@id":"https:\/\/www.vdhurk.nl\/peugeot-bedrijfswagens\/boxer\/automaat\/#breadcrumb"},"inLanguage":"pl-PL","potentialAction":[{"@type":"ReadAction","target":["https:\/\/www.vdhurk.nl\/peugeot-bedrijfswagens\/boxer\/automaat\/"]}]},{"@type":"BreadcrumbList","@id":"https:\/\/www.vdhurk.nl\/peugeot-bedrijfswagens\/boxer\/automaat\/#breadcrumb","itemListElement":[{"@type":"ListItem","position":1,"name":"Home","item":"https:\/\/www.vdhurk.nl\/home\/"},{"@type":"ListItem","position":2,"name":"Peugeot Bedrijfswagens","item":"https:\/\/www.vdhurk.nl\/peugeot-bedrijfswagens\/"},{"@type":"ListItem","position":3,"name":"Peugeot Boxer","item":"https:\/\/www.vdhurk.nl\/peugeot-bedrijfswagens\/boxer\/"},{"@type":"ListItem","position":4,"name":"Peugeot Boxer Automaat"}]},{"@type":"WebSite","@id":"https:\/\/www.vdhurk.nl\/#website","url":"https:\/\/www.vdhurk.nl\/","name":"Van den Hurk - pojazdy u\u017cytkowe","description":"Van den Hurk pojazdy u\u017cytkowe Helmond","potentialAction":[{"@type":"SearchAction","target":{"@type":"EntryPoint","urlTemplate":"https:\/\/www.vdhurk.nl\/?s={search_term_string}"},"query-input":{"@type":"PropertyValueSpecification","valueRequired":true,"valueName":"search_term_string"}}],"inLanguage":"pl-PL"}]}},"_links":{"self":[{"href":"https:\/\/www.vdhurk.nl\/pl\/wp-json\/wp\/v2\/pages\/442819","targetHints":{"allow":["GET"]}}],"collection":[{"href":"https:\/\/www.vdhurk.nl\/pl\/wp-json\/wp\/v2\/pages"}],"about":[{"href":"https:\/\/www.vdhurk.nl\/pl\/wp-json\/wp\/v2\/types\/page"}],"author":[{"embeddable":true,"href":"https:\/\/www.vdhurk.nl\/pl\/wp-json\/wp\/v2\/users\/3"}],"replies":[{"embeddable":true,"href":"https:\/\/www.vdhurk.nl\/pl\/wp-json\/wp\/v2\/comments?post=442819"}],"version-history":[{"count":3,"href":"https:\/\/www.vdhurk.nl\/pl\/wp-json\/wp\/v2\/pages\/442819\/revisions"}],"predecessor-version":[{"id":442890,"href":"https:\/\/www.vdhurk.nl\/pl\/wp-json\/wp\/v2\/pages\/442819\/revisions\/442890"}],"up":[{"embeddable":true,"href":"https:\/\/www.vdhurk.nl\/pl\/wp-json\/wp\/v2\/pages\/405923"}],"wp:attachment":[{"href":"https:\/\/www.vdhurk.nl\/pl\/wp-json\/wp\/v2\/media?parent=442819"}],"curies":[{"name":"wp","href":"https:\/\/api.w.org\/{rel}","templated":true}]}}