{"id":442817,"date":"2025-02-06T14:04:20","date_gmt":"2025-02-06T13:04:20","guid":{"rendered":"https:\/\/www.vdhurk.nl\/?page_id=442817"},"modified":"2025-02-06T17:20:38","modified_gmt":"2025-02-06T16:20:38","slug":"maszyna","status":"publish","type":"page","link":"https:\/\/www.vdhurk.nl\/pl\/peugeot-bedrijfswagens\/partner\/automaat\/","title":{"rendered":"Peugeot Partner Automatic"},"content":{"rendered":"<section  class='av_textblock_section av-lu8gnh7d-4ac895489941e586c1d7c8cb72318135'  itemscope=\"itemscope\" itemtype=\"https:\/\/schema.org\/CreativeWork\" ><div class='avia_textblock'  itemprop=\"text\" ><h1>Znajd\u017a swoj\u0105 automatyczn\u0105 skrzyni\u0119 bieg\u00f3w Peugeot Partner<\/h1>\n<p>Czy Tw\u00f3j pojazd u\u017cytkowy wymaga wymiany? Szukasz swojego pierwszego vana lub chcesz przej\u015b\u0107 na automatyczn\u0105 skrzyni\u0119 bieg\u00f3w? Peugeot Partner z automatyczn\u0105 skrzyni\u0105 bieg\u00f3w to doskona\u0142y wyb\u00f3r. Dzi\u0119ki wszechstronnym funkcjom i praktycznej specyfikacji ten van jest idealnym partnerem dla Twojej firmy. Zastanawiasz si\u0119 dlaczego? Czytaj dalej i dowiedz si\u0119, czy Peugeot Partner jest w\u0142a\u015bnie dla Ciebie.<\/p>\n<\/div><\/section>\n\n<style type=\"text\/css\" data-created_by=\"avia_inline_auto\" id=\"style-css-av-lujjddpd-afa3d7a9eabd61123e643ed1228e781e\">\n#top .hr.hr-invisible.av-lujjddpd-afa3d7a9eabd61123e643ed1228e781e{\nheight:50px;\n}\n<\/style>\n<div  class='hr av-lujjddpd-afa3d7a9eabd61123e643ed1228e781e hr-invisible  avia-builder-el-1  el_after_av_textblock  el_before_av_codeblock'><span class='hr-inner'><span class=\"hr-inner-style\"><\/span><\/span><\/div>\n\n\n<style type=\"text\/css\" data-created_by=\"avia_inline_auto\" id=\"style-css-av-ah0xd-63338d9dc6b40410e22a712829c369d6\">\n#top .hr.hr-invisible.av-ah0xd-63338d9dc6b40410e22a712829c369d6{\nheight:50px;\n}\n<\/style>\n<div  class='hr av-ah0xd-63338d9dc6b40410e22a712829c369d6 hr-invisible  avia-builder-el-3  el_after_av_codeblock  el_before_av_textblock'><span class='hr-inner'><span class=\"hr-inner-style\"><\/span><\/span><\/div>\n<section  class='av_textblock_section av-lu8gow1e-300853e458ed741bd87d6cb78e55cc7a'  itemscope=\"itemscope\" itemtype=\"https:\/\/schema.org\/CreativeWork\" ><div class='avia_textblock'  itemprop=\"text\" ><h2>Jakie s\u0105 zalety automatycznej skrzyni bieg\u00f3w?<\/h2>\n<p>Jako przedsi\u0119biorca szukasz samochodu s\u0142u\u017cbowego, kt\u00f3ry jest nie tylko wydajny, ale tak\u017ce przenosi komfort jazdy na wy\u017cszy poziom. Automatyczna skrzynia bieg\u00f3w oferuje w\u0142a\u015bnie to i ma wyra\u017an\u0105 przewag\u0119 nad manualnymi modelami Peugeot Partner. U\u017cywaj\u0105c tylko jednej nogi, zawsze je\u017adzisz wygodnie, nawet na d\u0142ugich trasach. Dzi\u0119ki automatycznej skrzyni bieg\u00f3w Peugeot Partner inwestujesz zar\u00f3wno w komfort, jak i trwa\u0142o\u015b\u0107.<\/p>\n<\/div><\/section>\n<div class='flex_column av-f64w1-da126f42b61613402309283c14245a25 av_one_half  avia-builder-el-5  el_after_av_textblock  el_before_av_one_third  first flex_column_div column-top-margin'   ><section  class='av_textblock_section av-lu8gpqre-73cc2c17e6a6497ba6e1b58af22bd9e8'  itemscope=\"itemscope\" itemtype=\"https:\/\/schema.org\/CreativeWork\" ><div class='avia_textblock'  itemprop=\"text\" ><h2>Dlaczego warto wybra\u0107 Peugeot Partner?<\/h2>\n<p>Peugeot Partner to niezawodny i wszechstronny samoch\u00f3d u\u017cytkowy, co znajduje odzwierciedlenie w wielu zaletach tego modelu. Dzi\u0119ki kompaktowym rozmiarom Partner bez trudu porusza si\u0119 po mie\u015bcie i w g\u0119stym ruchu ulicznym, dzi\u0119ki czemu zawsze szybko dotrzesz do celu. Przestronna przestrze\u0144 \u0142adunkowa jest idealna do przewo\u017cenia wszystkich materia\u0142\u00f3w i sprz\u0119tu, wi\u0119c nigdy niczego nie zabraknie. Wn\u0119trze jest elastyczne i ergonomicznie zaprojektowane, zapewniaj\u0105c komfortow\u0105 jazd\u0119 nawet podczas d\u0142ugich podr\u00f3\u017cy. A bezpiecze\u0144stwo? To jest gwarantowane. Peugeot Partner jest wyposa\u017cony w kilka zaawansowanych system\u00f3w bezpiecze\u0144stwa, dzi\u0119ki czemu zawsze mo\u017cesz pewnie ruszy\u0107 w drog\u0119. Podsumowuj\u0105c, Peugeot Partner to niezawodny i wydajny samoch\u00f3d s\u0142u\u017cbowy, kt\u00f3ry wspiera Ci\u0119 w codziennej pracy.<\/p>\n<\/div><\/section><\/div>\n<div class='flex_column av-aldk9-ee694297f5c4032981677a02caab84d6 av_one_third  avia-builder-el-7  el_after_av_one_half  el_before_av_hr  flex_column_div column-top-margin'   ><style type=\"text\/css\" data-created_by=\"avia_inline_auto\" id=\"style-css-av-l1w9kpsf-4ec3fab772ec7a9adaa33cfc64ff0475\">\n.avia-image-container.av-l1w9kpsf-4ec3fab772ec7a9adaa33cfc64ff0475 .av-image-caption-overlay-center{\ncolor:#ffffff;\n}\n<\/style>\n<div  class='avia-image-container av-l1w9kpsf-4ec3fab772ec7a9adaa33cfc64ff0475 av-styling- avia-align-center  avia-builder-el-8  avia-builder-el-no-sibling'  itemprop=\"image\" itemscope=\"itemscope\" itemtype=\"https:\/\/schema.org\/ImageObject\" ><div class=\"avia-image-container-inner\"><div class=\"avia-image-overlay-wrap\"><img decoding=\"async\" class='wp-image-187 avia-img-lazy-loading-not-187 avia_image' src=\"https:\/\/www.vdhurk.nl\/wp-content\/uploads\/2022\/03\/Voorrad.png\" alt='' title='Stock'  height=\"758\" width=\"1135\"  itemprop=\"thumbnailUrl\" srcset=\"https:\/\/www.vdhurk.nl\/wp-content\/uploads\/2022\/03\/Voorrad.png 1135w, https:\/\/www.vdhurk.nl\/wp-content\/uploads\/2022\/03\/Voorrad-300x200.png 300w, https:\/\/www.vdhurk.nl\/wp-content\/uploads\/2022\/03\/Voorrad-1030x688.png 1030w, https:\/\/www.vdhurk.nl\/wp-content\/uploads\/2022\/03\/Voorrad-768x513.png 768w, https:\/\/www.vdhurk.nl\/wp-content\/uploads\/2022\/03\/Voorrad-18x12.png 18w, https:\/\/www.vdhurk.nl\/wp-content\/uploads\/2022\/03\/Voorrad-705x471.png 705w\" sizes=\"(max-width: 1135px) 100vw, 1135px\" \/><\/div><\/div><\/div><\/div>\n\n<style type=\"text\/css\" data-created_by=\"avia_inline_auto\" id=\"style-css-av-luqrjpjc-5a23a1fb5f94718ca85316a9df963e2f\">\n#top .hr.hr-invisible.av-luqrjpjc-5a23a1fb5f94718ca85316a9df963e2f{\nheight:50px;\n}\n<\/style>\n<div  class='hr av-luqrjpjc-5a23a1fb5f94718ca85316a9df963e2f hr-invisible  avia-builder-el-9  el_after_av_one_third  el_before_av_textblock'><span class='hr-inner'><span class=\"hr-inner-style\"><\/span><\/span><\/div>\n<section  class='av_textblock_section av-lu8gtjw7-4f3cee9304909518d86d2860d9d582dd'  itemscope=\"itemscope\" itemtype=\"https:\/\/schema.org\/CreativeWork\" ><div class='avia_textblock'  itemprop=\"text\" ><h2>Jakie s\u0105 ceny?<\/h2>\n<p>Ceny Peugeot Partner automatic s\u0105 zr\u00f3\u017cnicowane, co nie jest zaskoczeniem. W naszej ofercie znajdziesz zar\u00f3wno proste modele Peugeot Partner, jak i w pe\u0142ni wyposa\u017cone wersje. Poniewa\u017c nasza aktualna oferta stale si\u0119 zmienia, nie mo\u017cemy poda\u0107 dok\u0142adnej ceny. Poniewa\u017c oferta stale si\u0119 zmienia, zawsze mo\u017cna znale\u017a\u0107 co\u015b w swoim przedziale cenowym.<\/p>\n<h2>Kupujesz lub leasingujesz Peugeot Partner?<\/h2>\n<p>W Van den Hurk mo\u017cesz wybiera\u0107 spo\u015br\u00f3d kilku opcji p\u0142atno\u015bci za swojego Peugeot Partnera. Chcesz kupi\u0107 Peugeot Partner od r\u0119ki? Oczywi\u015bcie, \u017ce tak! Ale czy zastanawia\u0142e\u015b si\u0119 r\u00f3wnie\u017c nad <a href=\"https:\/\/www.vdhurk.nl\/pl\/leasing-finansowy\/\">leasing finansowy<\/a>? Leasing Peugeot Partner oznacza, \u017ce p\u0142acisz sta\u0142\u0105 kwot\u0119 miesi\u0119cznie, a nie du\u017c\u0105 sum\u0119 jednorazowo. Pojazd stopniowo staje si\u0119 Twoj\u0105 w\u0142asno\u015bci\u0105 w trakcie trwania umowy leasingowej. Po zako\u0144czeniu umowy leasingowej stajesz si\u0119 dumnym w\u0142a\u015bcicielem bez konieczno\u015bci dokonywania du\u017cych inwestycji z g\u00f3ry. Kr\u00f3tko m\u00f3wi\u0105c, leasing finansowy oferuje korzy\u015bci zar\u00f3wno nowego samochodu firmowego, jak i przyst\u0119pnej metody p\u0142atno\u015bci!<\/p>\n<h2>Zobacz nasz\u0105 aktualn\u0105 ofert\u0119<\/h2>\n<p>Entuzjastycznie nastawiony do automatycznej skrzyni bieg\u00f3w Peugeot Partner? A mo\u017ce potrzebujesz wi\u0119cej informacji? Jako dealer Peugeot Partner jeste\u015bmy zawsze gotowi odpowiedzie\u0107 na Twoje pytania. Pomoc w dokonaniu w\u0142a\u015bciwego wyboru jest naszym priorytetem. Niezale\u017cnie od tego, czy zdecydujesz si\u0119 na Peugeot Partner u\u017cywany czy nowy, zawsze masz pewno\u015b\u0107 dobrze funkcjonuj\u0105cego pojazdu. Sprawd\u017a nasz\u0105 aktualn\u0105 ofert\u0119 lub skontaktuj si\u0119 z nami, aby uzyska\u0107 wi\u0119cej informacji.<\/p>\n<\/div><\/section>","protected":false},"excerpt":{"rendered":"","protected":false},"author":3,"featured_media":0,"parent":405925,"menu_order":0,"comment_status":"closed","ping_status":"closed","template":"","meta":{"_acf_changed":false,"_improvement_type_select":"improve_an_existing","_thumb_yes_seoaic":false,"_frame_yes_seoaic":false,"seoaic_generate_description":"","seoaic_improve_instructions_prompt":"","seoaic_rollback_content_improvement":"","seoaic_idea_thumbnail_generator":"","thumbnail_generated":false,"thumbnail_generate_prompt":"","seoaic_article_description":"","footnotes":""},"class_list":["post-442817","page","type-page","status-publish","hentry"],"acf":[],"yoast_head":"<!-- This site is optimized with the Yoast SEO plugin v27.5 - https:\/\/yoast.com\/product\/yoast-seo-wordpress\/ -->\n<title>Kies jouw Peugeot Partner automaat | Ontdek de opties<\/title>\n<meta name=\"description\" content=\"Denk je aan een Peugeot automaat? Ontdek ons volledige aanbod en vind de auto die perfect bij jou past.\" \/>\n<meta name=\"robots\" content=\"index, follow, max-snippet:-1, max-image-preview:large, max-video-preview:-1\" \/>\n<link rel=\"canonical\" href=\"https:\/\/www.vdhurk.nl\/pl\/pojazdy-uzytkowe-peugeot\/mercedes-6\/maszyna\/\" \/>\n<meta property=\"og:locale\" content=\"pl_PL\" \/>\n<meta property=\"og:type\" content=\"article\" \/>\n<meta property=\"og:title\" content=\"Kies jouw Peugeot Partner automaat | Ontdek de opties\" \/>\n<meta property=\"og:description\" content=\"Denk je aan een Peugeot automaat? Ontdek ons volledige aanbod en vind de auto die perfect bij jou past.\" \/>\n<meta property=\"og:url\" content=\"https:\/\/www.vdhurk.nl\/pl\/pojazdy-uzytkowe-peugeot\/mercedes-6\/maszyna\/\" \/>\n<meta property=\"og:site_name\" content=\"Van den Hurk Bedrijfswagens\" \/>\n<meta property=\"article:modified_time\" content=\"2025-02-06T16:20:38+00:00\" \/>\n<meta name=\"twitter:card\" content=\"summary_large_image\" \/>\n<meta name=\"twitter:label1\" content=\"Szacowany czas czytania\" \/>\n\t<meta name=\"twitter:data1\" content=\"5 minut\" \/>\n<script type=\"application\/ld+json\" class=\"yoast-schema-graph\">{\"@context\":\"https:\\\/\\\/schema.org\",\"@graph\":[{\"@type\":\"WebPage\",\"@id\":\"https:\\\/\\\/www.vdhurk.nl\\\/peugeot-bedrijfswagens\\\/partner\\\/automaat\\\/\",\"url\":\"https:\\\/\\\/www.vdhurk.nl\\\/peugeot-bedrijfswagens\\\/partner\\\/automaat\\\/\",\"name\":\"Kies jouw Peugeot Partner automaat | Ontdek de opties\",\"isPartOf\":{\"@id\":\"https:\\\/\\\/www.vdhurk.nl\\\/#website\"},\"datePublished\":\"2025-02-06T13:04:20+00:00\",\"dateModified\":\"2025-02-06T16:20:38+00:00\",\"description\":\"Denk je aan een Peugeot automaat? Ontdek ons volledige aanbod en vind de auto die perfect bij jou past.\",\"breadcrumb\":{\"@id\":\"https:\\\/\\\/www.vdhurk.nl\\\/peugeot-bedrijfswagens\\\/partner\\\/automaat\\\/#breadcrumb\"},\"inLanguage\":\"pl-PL\",\"potentialAction\":[{\"@type\":\"ReadAction\",\"target\":[\"https:\\\/\\\/www.vdhurk.nl\\\/peugeot-bedrijfswagens\\\/partner\\\/automaat\\\/\"]}]},{\"@type\":\"BreadcrumbList\",\"@id\":\"https:\\\/\\\/www.vdhurk.nl\\\/peugeot-bedrijfswagens\\\/partner\\\/automaat\\\/#breadcrumb\",\"itemListElement\":[{\"@type\":\"ListItem\",\"position\":1,\"name\":\"Home\",\"item\":\"https:\\\/\\\/www.vdhurk.nl\\\/home\\\/\"},{\"@type\":\"ListItem\",\"position\":2,\"name\":\"Peugeot Bedrijfswagens\",\"item\":\"https:\\\/\\\/www.vdhurk.nl\\\/peugeot-bedrijfswagens\\\/\"},{\"@type\":\"ListItem\",\"position\":3,\"name\":\"Peugeot Partner\",\"item\":\"https:\\\/\\\/www.vdhurk.nl\\\/peugeot-bedrijfswagens\\\/partner\\\/\"},{\"@type\":\"ListItem\",\"position\":4,\"name\":\"Peugeot Partner Automaat\"}]},{\"@type\":\"WebSite\",\"@id\":\"https:\\\/\\\/www.vdhurk.nl\\\/#website\",\"url\":\"https:\\\/\\\/www.vdhurk.nl\\\/\",\"name\":\"Van den Hurk Bedrijfswagens\",\"description\":\"Van den Hurk bedrijfswagens Helmond\",\"potentialAction\":[{\"@type\":\"SearchAction\",\"target\":{\"@type\":\"EntryPoint\",\"urlTemplate\":\"https:\\\/\\\/www.vdhurk.nl\\\/?s={search_term_string}\"},\"query-input\":{\"@type\":\"PropertyValueSpecification\",\"valueRequired\":true,\"valueName\":\"search_term_string\"}}],\"inLanguage\":\"pl-PL\"}]}<\/script>\n<!-- \/ Yoast SEO plugin. -->","yoast_head_json":{"title":"Wybierz automatyczn\u0105 skrzyni\u0119 bieg\u00f3w Peugeot Partner | Odkryj opcje","description":"My\u015blisz o automatycznym Peugeot? Zapoznaj si\u0119 z nasz\u0105 pe\u0142n\u0105 ofert\u0105 i znajd\u017a samoch\u00f3d, kt\u00f3ry idealnie do Ciebie pasuje.","robots":{"index":"index","follow":"follow","max-snippet":"max-snippet:-1","max-image-preview":"max-image-preview:large","max-video-preview":"max-video-preview:-1"},"canonical":"https:\/\/www.vdhurk.nl\/pl\/pojazdy-uzytkowe-peugeot\/mercedes-6\/maszyna\/","og_locale":"pl_PL","og_type":"article","og_title":"Kies jouw Peugeot Partner automaat | Ontdek de opties","og_description":"Denk je aan een Peugeot automaat? Ontdek ons volledige aanbod en vind de auto die perfect bij jou past.","og_url":"https:\/\/www.vdhurk.nl\/pl\/pojazdy-uzytkowe-peugeot\/mercedes-6\/maszyna\/","og_site_name":"Van den Hurk Bedrijfswagens","article_modified_time":"2025-02-06T16:20:38+00:00","twitter_card":"summary_large_image","twitter_misc":{"Szacowany czas czytania":"5 minut"},"schema":{"@context":"https:\/\/schema.org","@graph":[{"@type":"WebPage","@id":"https:\/\/www.vdhurk.nl\/peugeot-bedrijfswagens\/partner\/automaat\/","url":"https:\/\/www.vdhurk.nl\/peugeot-bedrijfswagens\/partner\/automaat\/","name":"Wybierz automatyczn\u0105 skrzyni\u0119 bieg\u00f3w Peugeot Partner | Odkryj opcje","isPartOf":{"@id":"https:\/\/www.vdhurk.nl\/#website"},"datePublished":"2025-02-06T13:04:20+00:00","dateModified":"2025-02-06T16:20:38+00:00","description":"My\u015blisz o automatycznym Peugeot? Zapoznaj si\u0119 z nasz\u0105 pe\u0142n\u0105 ofert\u0105 i znajd\u017a samoch\u00f3d, kt\u00f3ry idealnie do Ciebie pasuje.","breadcrumb":{"@id":"https:\/\/www.vdhurk.nl\/peugeot-bedrijfswagens\/partner\/automaat\/#breadcrumb"},"inLanguage":"pl-PL","potentialAction":[{"@type":"ReadAction","target":["https:\/\/www.vdhurk.nl\/peugeot-bedrijfswagens\/partner\/automaat\/"]}]},{"@type":"BreadcrumbList","@id":"https:\/\/www.vdhurk.nl\/peugeot-bedrijfswagens\/partner\/automaat\/#breadcrumb","itemListElement":[{"@type":"ListItem","position":1,"name":"Home","item":"https:\/\/www.vdhurk.nl\/home\/"},{"@type":"ListItem","position":2,"name":"Peugeot Bedrijfswagens","item":"https:\/\/www.vdhurk.nl\/peugeot-bedrijfswagens\/"},{"@type":"ListItem","position":3,"name":"Peugeot Partner","item":"https:\/\/www.vdhurk.nl\/peugeot-bedrijfswagens\/partner\/"},{"@type":"ListItem","position":4,"name":"Peugeot Partner Automaat"}]},{"@type":"WebSite","@id":"https:\/\/www.vdhurk.nl\/#website","url":"https:\/\/www.vdhurk.nl\/","name":"Van den Hurk - pojazdy u\u017cytkowe","description":"Van den Hurk pojazdy u\u017cytkowe Helmond","potentialAction":[{"@type":"SearchAction","target":{"@type":"EntryPoint","urlTemplate":"https:\/\/www.vdhurk.nl\/?s={search_term_string}"},"query-input":{"@type":"PropertyValueSpecification","valueRequired":true,"valueName":"search_term_string"}}],"inLanguage":"pl-PL"}]}},"_links":{"self":[{"href":"https:\/\/www.vdhurk.nl\/pl\/wp-json\/wp\/v2\/pages\/442817","targetHints":{"allow":["GET"]}}],"collection":[{"href":"https:\/\/www.vdhurk.nl\/pl\/wp-json\/wp\/v2\/pages"}],"about":[{"href":"https:\/\/www.vdhurk.nl\/pl\/wp-json\/wp\/v2\/types\/page"}],"author":[{"embeddable":true,"href":"https:\/\/www.vdhurk.nl\/pl\/wp-json\/wp\/v2\/users\/3"}],"replies":[{"embeddable":true,"href":"https:\/\/www.vdhurk.nl\/pl\/wp-json\/wp\/v2\/comments?post=442817"}],"version-history":[{"count":3,"href":"https:\/\/www.vdhurk.nl\/pl\/wp-json\/wp\/v2\/pages\/442817\/revisions"}],"predecessor-version":[{"id":442888,"href":"https:\/\/www.vdhurk.nl\/pl\/wp-json\/wp\/v2\/pages\/442817\/revisions\/442888"}],"up":[{"embeddable":true,"href":"https:\/\/www.vdhurk.nl\/pl\/wp-json\/wp\/v2\/pages\/405925"}],"wp:attachment":[{"href":"https:\/\/www.vdhurk.nl\/pl\/wp-json\/wp\/v2\/media?parent=442817"}],"curies":[{"name":"wp","href":"https:\/\/api.w.org\/{rel}","templated":true}]}}