{"id":442811,"date":"2025-02-06T13:45:45","date_gmt":"2025-02-06T12:45:45","guid":{"rendered":"https:\/\/www.vdhurk.nl\/?page_id=442811"},"modified":"2025-02-06T17:20:09","modified_gmt":"2025-02-06T16:20:09","slug":"maszyna","status":"publish","type":"page","link":"https:\/\/www.vdhurk.nl\/pl\/opel-bedrijfswagens\/combo\/automaat\/","title":{"rendered":"Opel Combo Automatic"},"content":{"rendered":"<section  class='av_textblock_section av-lu8gnh7d-4ac895489941e586c1d7c8cb72318135'  itemscope=\"itemscope\" itemtype=\"https:\/\/schema.org\/CreativeWork\" ><div class='avia_textblock'  itemprop=\"text\" ><h1><b>Szukasz automatycznego Opla Combo?<\/b><\/h1>\n<p>Szukasz samochodu s\u0142u\u017cbowego, kt\u00f3ry u\u0142atwi Ci dzie\u0144 pracy? Poznaj automatycznego Opla Combo, wyb\u00f3r dla przedsi\u0119biorc\u00f3w poszukuj\u0105cych komfortu i wydajno\u015bci. Koniec z k\u0142opotliw\u0105 zmian\u0105 bieg\u00f3w, ale p\u0142ynna jazda dzi\u0119ki automatycznej skrzyni bieg\u00f3w. Dzi\u0119ki wszechstronnej specyfikacji ten pojazd u\u017cytkowy od lat jest ulubie\u0144cem kierowc\u00f3w biznesowych. Przekonaj si\u0119 dlaczego!<\/p>\n<\/div><\/section>\n\n<style type=\"text\/css\" data-created_by=\"avia_inline_auto\" id=\"style-css-av-lujjddpd-afa3d7a9eabd61123e643ed1228e781e\">\n#top .hr.hr-invisible.av-lujjddpd-afa3d7a9eabd61123e643ed1228e781e{\nheight:50px;\n}\n<\/style>\n<div  class='hr av-lujjddpd-afa3d7a9eabd61123e643ed1228e781e hr-invisible  avia-builder-el-1  el_after_av_textblock  el_before_av_codeblock'><span class='hr-inner'><span class=\"hr-inner-style\"><\/span><\/span><\/div>\n\n\n<style type=\"text\/css\" data-created_by=\"avia_inline_auto\" id=\"style-css-av-ah0xd-63338d9dc6b40410e22a712829c369d6\">\n#top .hr.hr-invisible.av-ah0xd-63338d9dc6b40410e22a712829c369d6{\nheight:50px;\n}\n<\/style>\n<div  class='hr av-ah0xd-63338d9dc6b40410e22a712829c369d6 hr-invisible  avia-builder-el-3  el_after_av_codeblock  el_before_av_textblock'><span class='hr-inner'><span class=\"hr-inner-style\"><\/span><\/span><\/div>\n<section  class='av_textblock_section av-lu8gow1e-300853e458ed741bd87d6cb78e55cc7a'  itemscope=\"itemscope\" itemtype=\"https:\/\/schema.org\/CreativeWork\" ><div class='avia_textblock'  itemprop=\"text\" ><h2>Dlaczego warto wybra\u0107 automatyczn\u0105 skrzyni\u0119 bieg\u00f3w?<\/h2>\n<p>Coraz wi\u0119cej firm przesiada si\u0119 na pojazdy u\u017cytkowe z automatyczn\u0105 skrzyni\u0105 bieg\u00f3w i nie bez powodu. W rzeczywisto\u015bci automatyczne skrzynie bieg\u00f3w oferuj\u0105 wiele korzy\u015bci, kt\u00f3re doskonale odpowiadaj\u0105 potrzebom firm. Na przyk\u0142ad, kierowcy odczuwaj\u0105 wi\u0119kszy komfort i wygod\u0119, poniewa\u017c zmiana bieg\u00f3w nale\u017cy ju\u017c do przesz\u0142o\u015bci. Jest to szczeg\u00f3lnie przydatne w zat\u0142oczonym ruchu miejskim lub podczas d\u0142ugich kork\u00f3w, gdzie automat zapewnia p\u0142ynn\u0105 jazd\u0119 i mniejsze zm\u0119czenie. Wszystkie te zalety sprawiaj\u0105, \u017ce Opel Combo to m\u0105dry i przysz\u0142o\u015bciowy wyb\u00f3r dla Twojej firmy.<\/p>\n<\/div><\/section>\n<div class='flex_column av-f64w1-da126f42b61613402309283c14245a25 av_one_half  avia-builder-el-5  el_after_av_textblock  el_before_av_one_third  first flex_column_div column-top-margin'   ><section  class='av_textblock_section av-lu8gpqre-73cc2c17e6a6497ba6e1b58af22bd9e8'  itemscope=\"itemscope\" itemtype=\"https:\/\/schema.org\/CreativeWork\" ><div class='avia_textblock'  itemprop=\"text\" ><h2>Specyfikacja Opla Combo<\/h2>\n<p>Vauxhall Combo oferuje idealn\u0105 r\u00f3wnowag\u0119 mi\u0119dzy kompaktow\u0105 konstrukcj\u0105 i przestronn\u0105 funkcjonalno\u015bci\u0105, z inteligentnymi innowacjami, kt\u00f3re sprawiaj\u0105, \u017ce dzie\u0144 pracy jest bardziej wydajny. Ergonomiczne wn\u0119trze zapewnia maksymalny komfort, a du\u017ca przestrze\u0144 \u0142adunkowa oferuje mn\u00f3stwo miejsca na wszystkie niezb\u0119dne rzeczy biznesowe. Systemy bezpiecze\u0144stwa, takie jak asystent hamowania awaryjnego i asystent utrzymania pasa ruchu, zapewniaj\u0105 dodatkowy spok\u00f3j na drodze. Dzi\u0119ki szerokiemu wyborowi lat modelowych, opcji silnikowych i wersji, zawsze znajdziesz Opla Combo, kt\u00f3ry idealnie odpowiada Twoim potrzebom biznesowym.<\/p>\n<\/div><\/section><\/div>\n<div class='flex_column av-aldk9-ee694297f5c4032981677a02caab84d6 av_one_third  avia-builder-el-7  el_after_av_one_half  el_before_av_hr  flex_column_div column-top-margin'   ><style type=\"text\/css\" data-created_by=\"avia_inline_auto\" id=\"style-css-av-l1w9kpsf-4ec3fab772ec7a9adaa33cfc64ff0475\">\n.avia-image-container.av-l1w9kpsf-4ec3fab772ec7a9adaa33cfc64ff0475 .av-image-caption-overlay-center{\ncolor:#ffffff;\n}\n<\/style>\n<div  class='avia-image-container av-l1w9kpsf-4ec3fab772ec7a9adaa33cfc64ff0475 av-styling- avia-align-center  avia-builder-el-8  avia-builder-el-no-sibling'  itemprop=\"image\" itemscope=\"itemscope\" itemtype=\"https:\/\/schema.org\/ImageObject\" ><div class=\"avia-image-container-inner\"><div class=\"avia-image-overlay-wrap\"><img decoding=\"async\" class='wp-image-187 avia-img-lazy-loading-not-187 avia_image' src=\"https:\/\/www.vdhurk.nl\/wp-content\/uploads\/2022\/03\/Voorrad.png\" alt='' title='Stock'  height=\"758\" width=\"1135\"  itemprop=\"thumbnailUrl\" srcset=\"https:\/\/www.vdhurk.nl\/wp-content\/uploads\/2022\/03\/Voorrad.png 1135w, https:\/\/www.vdhurk.nl\/wp-content\/uploads\/2022\/03\/Voorrad-300x200.png 300w, https:\/\/www.vdhurk.nl\/wp-content\/uploads\/2022\/03\/Voorrad-1030x688.png 1030w, https:\/\/www.vdhurk.nl\/wp-content\/uploads\/2022\/03\/Voorrad-768x513.png 768w, https:\/\/www.vdhurk.nl\/wp-content\/uploads\/2022\/03\/Voorrad-18x12.png 18w, https:\/\/www.vdhurk.nl\/wp-content\/uploads\/2022\/03\/Voorrad-705x471.png 705w\" sizes=\"(max-width: 1135px) 100vw, 1135px\" \/><\/div><\/div><\/div><\/div>\n\n<style type=\"text\/css\" data-created_by=\"avia_inline_auto\" id=\"style-css-av-luqrjpjc-5a23a1fb5f94718ca85316a9df963e2f\">\n#top .hr.hr-invisible.av-luqrjpjc-5a23a1fb5f94718ca85316a9df963e2f{\nheight:50px;\n}\n<\/style>\n<div  class='hr av-luqrjpjc-5a23a1fb5f94718ca85316a9df963e2f hr-invisible  avia-builder-el-9  el_after_av_one_third  el_before_av_textblock'><span class='hr-inner'><span class=\"hr-inner-style\"><\/span><\/span><\/div>\n<section  class='av_textblock_section av-lu8gtjw7-4f3cee9304909518d86d2860d9d582dd'  itemscope=\"itemscope\" itemtype=\"https:\/\/schema.org\/CreativeWork\" ><div class='avia_textblock'  itemprop=\"text\" ><h2>Cena Opla Combo<\/h2>\n<p>Rozwa\u017casz zakup Opla Combo z automatyczn\u0105 skrzyni\u0105 bieg\u00f3w? W takim razie oczywi\u015bcie chcesz wiedzie\u0107, czego si\u0119 spodziewa\u0107 pod wzgl\u0119dem ceny. Koszty r\u00f3\u017cni\u0105 si\u0119 w zale\u017cno\u015bci od modelu, roku produkcji i przebiegu. Czy wybierzesz model z podstawowymi udogodnieniami, czy zdecydujesz si\u0119 na dodatkowy luksus? Niezale\u017cnie od Twoich potrzeb, mamy r\u00f3\u017cne wersje dopasowane do Twojego bud\u017cetu. Chcesz otrzyma\u0107 indywidualn\u0105 wycen\u0119? Skontaktuj si\u0119 z nami, z przyjemno\u015bci\u0105 pomo\u017cemy Ci znale\u017a\u0107 idealny samoch\u00f3d firmowy.<\/p>\n<h2>Czy zastanawia\u0142e\u015b si\u0119 nad leasingiem finansowym?<\/h2>\n<p>Zakup Opla Combo mo\u017cna oczywi\u015bcie zrealizowa\u0107 p\u0142ac\u0105c za niego za jednym razem, ale jest te\u017c inna sprytna opcja, <a href=\"https:\/\/www.vdhurk.nl\/pl\/leasing-finansowy\/\">leasing finansowy<\/a>. Leasing Opla Combo oznacza, \u017ce p\u0142acisz sta\u0142\u0105 kwot\u0119 miesi\u0119cznie. Umowa leasingu pozwala stopniowo nabywa\u0107 prawo w\u0142asno\u015bci do samochodu s\u0142u\u017cbowego. Zaleta? Zachowujesz przestrze\u0144 finansow\u0105 na inne wa\u017cne inwestycje w firmie, a jednocze\u015bnie korzystasz z niezawodnego i wydajnego samochodu s\u0142u\u017cbowego. Jeste\u015b ciekawy mo\u017cliwo\u015bci? Jeste\u015bmy gotowi Ci pom\u00f3c!<\/p>\n<h2>Znajd\u017a samoch\u00f3d s\u0142u\u017cbowy, kt\u00f3ry odpowiada Twoim potrzebom biznesowym<\/h2>\n<p>Nasza oferta stale si\u0119 zmienia. Nie znalaz\u0142e\u015b jeszcze idealnego samochodu s\u0142u\u017cbowego? Nie ma problemu, jutro mo\u017ce by\u0107 inaczej. Chcesz by\u0107 na bie\u017c\u0105co z nasz\u0105 ofert\u0105? Zapisz si\u0119 do naszego <a href=\"https:\/\/www.vdhurk.nl\/pl\/alarm-gieldowy\/\">alarm gie\u0142dowy<\/a>. W ten spos\u00f3b dowiesz si\u0119 jako pierwszy, kiedy Opel Combo u\u017cywany lub nowy b\u0119dzie dost\u0119pny i spe\u0142ni Twoje oczekiwania. Nie zapomnij te\u017c \u015bledzi\u0107 naszych aktualnych ofert. Kto wie, mo\u017ce w\u015br\u00f3d nich wkr\u00f3tce znajdzie si\u0119 Tw\u00f3j idealny automatyczny Opel Combo!<\/p>\n<\/div><\/section>","protected":false},"excerpt":{"rendered":"","protected":false},"author":3,"featured_media":0,"parent":409581,"menu_order":0,"comment_status":"closed","ping_status":"closed","template":"","meta":{"_acf_changed":false,"_improvement_type_select":"improve_an_existing","_thumb_yes_seoaic":false,"_frame_yes_seoaic":false,"seoaic_generate_description":"","seoaic_improve_instructions_prompt":"","seoaic_rollback_content_improvement":"","seoaic_idea_thumbnail_generator":"","thumbnail_generated":false,"thumbnail_generate_prompt":"","seoaic_article_description":"","footnotes":""},"class_list":["post-442811","page","type-page","status-publish","hentry"],"acf":[],"yoast_head":"<!-- This site is optimized with the Yoast SEO plugin v27.5 - https:\/\/yoast.com\/product\/yoast-seo-wordpress\/ -->\n<title>Een Opel Combo automaat kopen? Ontdek het aanbod!<\/title>\n<meta name=\"description\" content=\"Op zoek naar een Opel Combo automaat? Ontdek de verschillende specificaties en uitvoeringen en vind jouw ideale bedrijfswagen.\" \/>\n<meta name=\"robots\" content=\"index, follow, max-snippet:-1, max-image-preview:large, max-video-preview:-1\" \/>\n<link rel=\"canonical\" href=\"https:\/\/www.vdhurk.nl\/pl\/pojazdy-uzytkowe-vauxhall\/mercedes-12\/maszyna\/\" \/>\n<meta property=\"og:locale\" content=\"pl_PL\" \/>\n<meta property=\"og:type\" content=\"article\" \/>\n<meta property=\"og:title\" content=\"Een Opel Combo automaat kopen? Ontdek het aanbod!\" \/>\n<meta property=\"og:description\" content=\"Op zoek naar een Opel Combo automaat? Ontdek de verschillende specificaties en uitvoeringen en vind jouw ideale bedrijfswagen.\" \/>\n<meta property=\"og:url\" content=\"https:\/\/www.vdhurk.nl\/pl\/pojazdy-uzytkowe-vauxhall\/mercedes-12\/maszyna\/\" \/>\n<meta property=\"og:site_name\" content=\"Van den Hurk Bedrijfswagens\" \/>\n<meta property=\"article:modified_time\" content=\"2025-02-06T16:20:09+00:00\" \/>\n<meta name=\"twitter:card\" content=\"summary_large_image\" \/>\n<meta name=\"twitter:label1\" content=\"Szacowany czas czytania\" \/>\n\t<meta name=\"twitter:data1\" content=\"4 minuty\" \/>\n<script type=\"application\/ld+json\" class=\"yoast-schema-graph\">{\"@context\":\"https:\\\/\\\/schema.org\",\"@graph\":[{\"@type\":\"WebPage\",\"@id\":\"https:\\\/\\\/www.vdhurk.nl\\\/opel-bedrijfswagens\\\/combo\\\/automaat\\\/\",\"url\":\"https:\\\/\\\/www.vdhurk.nl\\\/opel-bedrijfswagens\\\/combo\\\/automaat\\\/\",\"name\":\"Een Opel Combo automaat kopen? Ontdek het aanbod!\",\"isPartOf\":{\"@id\":\"https:\\\/\\\/www.vdhurk.nl\\\/#website\"},\"datePublished\":\"2025-02-06T12:45:45+00:00\",\"dateModified\":\"2025-02-06T16:20:09+00:00\",\"description\":\"Op zoek naar een Opel Combo automaat? Ontdek de verschillende specificaties en uitvoeringen en vind jouw ideale bedrijfswagen.\",\"breadcrumb\":{\"@id\":\"https:\\\/\\\/www.vdhurk.nl\\\/opel-bedrijfswagens\\\/combo\\\/automaat\\\/#breadcrumb\"},\"inLanguage\":\"pl-PL\",\"potentialAction\":[{\"@type\":\"ReadAction\",\"target\":[\"https:\\\/\\\/www.vdhurk.nl\\\/opel-bedrijfswagens\\\/combo\\\/automaat\\\/\"]}]},{\"@type\":\"BreadcrumbList\",\"@id\":\"https:\\\/\\\/www.vdhurk.nl\\\/opel-bedrijfswagens\\\/combo\\\/automaat\\\/#breadcrumb\",\"itemListElement\":[{\"@type\":\"ListItem\",\"position\":1,\"name\":\"Home\",\"item\":\"https:\\\/\\\/www.vdhurk.nl\\\/home\\\/\"},{\"@type\":\"ListItem\",\"position\":2,\"name\":\"Opel Bedrijfswagens\",\"item\":\"https:\\\/\\\/www.vdhurk.nl\\\/opel-bedrijfswagens\\\/\"},{\"@type\":\"ListItem\",\"position\":3,\"name\":\"Opel Combo\",\"item\":\"https:\\\/\\\/www.vdhurk.nl\\\/opel-bedrijfswagens\\\/combo\\\/\"},{\"@type\":\"ListItem\",\"position\":4,\"name\":\"Opel Combo Automaat\"}]},{\"@type\":\"WebSite\",\"@id\":\"https:\\\/\\\/www.vdhurk.nl\\\/#website\",\"url\":\"https:\\\/\\\/www.vdhurk.nl\\\/\",\"name\":\"Van den Hurk Bedrijfswagens\",\"description\":\"Van den Hurk bedrijfswagens Helmond\",\"potentialAction\":[{\"@type\":\"SearchAction\",\"target\":{\"@type\":\"EntryPoint\",\"urlTemplate\":\"https:\\\/\\\/www.vdhurk.nl\\\/?s={search_term_string}\"},\"query-input\":{\"@type\":\"PropertyValueSpecification\",\"valueRequired\":true,\"valueName\":\"search_term_string\"}}],\"inLanguage\":\"pl-PL\"}]}<\/script>\n<!-- \/ Yoast SEO plugin. -->","yoast_head_json":{"title":"Kupujesz Opla Combo z automatyczn\u0105 skrzyni\u0105 bieg\u00f3w? Poznaj ofert\u0119!","description":"Szukasz automatycznego Opla Combo? Zapoznaj si\u0119 z r\u00f3\u017cnymi specyfikacjami i wersjami i znajd\u017a idealny pojazd u\u017cytkowy.","robots":{"index":"index","follow":"follow","max-snippet":"max-snippet:-1","max-image-preview":"max-image-preview:large","max-video-preview":"max-video-preview:-1"},"canonical":"https:\/\/www.vdhurk.nl\/pl\/pojazdy-uzytkowe-vauxhall\/mercedes-12\/maszyna\/","og_locale":"pl_PL","og_type":"article","og_title":"Een Opel Combo automaat kopen? Ontdek het aanbod!","og_description":"Op zoek naar een Opel Combo automaat? Ontdek de verschillende specificaties en uitvoeringen en vind jouw ideale bedrijfswagen.","og_url":"https:\/\/www.vdhurk.nl\/pl\/pojazdy-uzytkowe-vauxhall\/mercedes-12\/maszyna\/","og_site_name":"Van den Hurk Bedrijfswagens","article_modified_time":"2025-02-06T16:20:09+00:00","twitter_card":"summary_large_image","twitter_misc":{"Szacowany czas czytania":"4 minuty"},"schema":{"@context":"https:\/\/schema.org","@graph":[{"@type":"WebPage","@id":"https:\/\/www.vdhurk.nl\/opel-bedrijfswagens\/combo\/automaat\/","url":"https:\/\/www.vdhurk.nl\/opel-bedrijfswagens\/combo\/automaat\/","name":"Kupujesz Opla Combo z automatyczn\u0105 skrzyni\u0105 bieg\u00f3w? Poznaj ofert\u0119!","isPartOf":{"@id":"https:\/\/www.vdhurk.nl\/#website"},"datePublished":"2025-02-06T12:45:45+00:00","dateModified":"2025-02-06T16:20:09+00:00","description":"Szukasz automatycznego Opla Combo? Zapoznaj si\u0119 z r\u00f3\u017cnymi specyfikacjami i wersjami i znajd\u017a idealny pojazd u\u017cytkowy.","breadcrumb":{"@id":"https:\/\/www.vdhurk.nl\/opel-bedrijfswagens\/combo\/automaat\/#breadcrumb"},"inLanguage":"pl-PL","potentialAction":[{"@type":"ReadAction","target":["https:\/\/www.vdhurk.nl\/opel-bedrijfswagens\/combo\/automaat\/"]}]},{"@type":"BreadcrumbList","@id":"https:\/\/www.vdhurk.nl\/opel-bedrijfswagens\/combo\/automaat\/#breadcrumb","itemListElement":[{"@type":"ListItem","position":1,"name":"Home","item":"https:\/\/www.vdhurk.nl\/home\/"},{"@type":"ListItem","position":2,"name":"Opel Bedrijfswagens","item":"https:\/\/www.vdhurk.nl\/opel-bedrijfswagens\/"},{"@type":"ListItem","position":3,"name":"Opel Combo","item":"https:\/\/www.vdhurk.nl\/opel-bedrijfswagens\/combo\/"},{"@type":"ListItem","position":4,"name":"Opel Combo Automaat"}]},{"@type":"WebSite","@id":"https:\/\/www.vdhurk.nl\/#website","url":"https:\/\/www.vdhurk.nl\/","name":"Van den Hurk - pojazdy u\u017cytkowe","description":"Van den Hurk pojazdy u\u017cytkowe Helmond","potentialAction":[{"@type":"SearchAction","target":{"@type":"EntryPoint","urlTemplate":"https:\/\/www.vdhurk.nl\/?s={search_term_string}"},"query-input":{"@type":"PropertyValueSpecification","valueRequired":true,"valueName":"search_term_string"}}],"inLanguage":"pl-PL"}]}},"_links":{"self":[{"href":"https:\/\/www.vdhurk.nl\/pl\/wp-json\/wp\/v2\/pages\/442811","targetHints":{"allow":["GET"]}}],"collection":[{"href":"https:\/\/www.vdhurk.nl\/pl\/wp-json\/wp\/v2\/pages"}],"about":[{"href":"https:\/\/www.vdhurk.nl\/pl\/wp-json\/wp\/v2\/types\/page"}],"author":[{"embeddable":true,"href":"https:\/\/www.vdhurk.nl\/pl\/wp-json\/wp\/v2\/users\/3"}],"replies":[{"embeddable":true,"href":"https:\/\/www.vdhurk.nl\/pl\/wp-json\/wp\/v2\/comments?post=442811"}],"version-history":[{"count":4,"href":"https:\/\/www.vdhurk.nl\/pl\/wp-json\/wp\/v2\/pages\/442811\/revisions"}],"predecessor-version":[{"id":442884,"href":"https:\/\/www.vdhurk.nl\/pl\/wp-json\/wp\/v2\/pages\/442811\/revisions\/442884"}],"up":[{"embeddable":true,"href":"https:\/\/www.vdhurk.nl\/pl\/wp-json\/wp\/v2\/pages\/409581"}],"wp:attachment":[{"href":"https:\/\/www.vdhurk.nl\/pl\/wp-json\/wp\/v2\/media?parent=442811"}],"curies":[{"name":"wp","href":"https:\/\/api.w.org\/{rel}","templated":true}]}}