{"id":434872,"date":"2025-02-06T15:48:28","date_gmt":"2025-02-06T14:48:28","guid":{"rendered":"https:\/\/www.vdhurk.nl\/?page_id=434872"},"modified":"2025-02-06T17:22:53","modified_gmt":"2025-02-06T16:22:53","slug":"skoczek","status":"publish","type":"page","link":"https:\/\/www.vdhurk.nl\/pl\/citroen-bedrijfswagens\/jumper\/","title":{"rendered":"Citro\u00ebn Jumper"},"content":{"rendered":"<section  class='av_textblock_section av-lu8gnh7d-4ac895489941e586c1d7c8cb72318135'  itemscope=\"itemscope\" itemtype=\"https:\/\/schema.org\/CreativeWork\" ><div class='avia_textblock'  itemprop=\"text\" ><h1>Okazja do zakupu Citro\u00ebna Jumpera?<\/h1>\n<p>Szukasz niezawodnego pojazdu u\u017cytkowego, kt\u00f3ry spe\u0142ni wszystkie Twoje potrzeby biznesowe? Citro\u00ebn Jumper nie bez powodu cieszy si\u0119 popularno\u015bci\u0105 w\u015br\u00f3d w\u0142a\u015bcicieli firm. Dowiedz si\u0119, dlaczego ten pojazd u\u017cytkowy idealnie pasuje do Twojej firmy!<\/p>\n<\/div><\/section>\n\n<style type=\"text\/css\" data-created_by=\"avia_inline_auto\" id=\"style-css-av-lujjddpd-afa3d7a9eabd61123e643ed1228e781e\">\n#top .hr.hr-invisible.av-lujjddpd-afa3d7a9eabd61123e643ed1228e781e{\nheight:50px;\n}\n<\/style>\n<div  class='hr av-lujjddpd-afa3d7a9eabd61123e643ed1228e781e hr-invisible  avia-builder-el-1  el_after_av_textblock  el_before_av_codeblock'><span class='hr-inner'><span class=\"hr-inner-style\"><\/span><\/span><\/div>\n\n\n<style type=\"text\/css\" data-created_by=\"avia_inline_auto\" id=\"style-css-av-ah0xd-63338d9dc6b40410e22a712829c369d6\">\n#top .hr.hr-invisible.av-ah0xd-63338d9dc6b40410e22a712829c369d6{\nheight:50px;\n}\n<\/style>\n<div  class='hr av-ah0xd-63338d9dc6b40410e22a712829c369d6 hr-invisible  avia-builder-el-3  el_after_av_codeblock  el_before_av_textblock'><span class='hr-inner'><span class=\"hr-inner-style\"><\/span><\/span><\/div>\n<section  class='av_textblock_section av-lu8gow1e-300853e458ed741bd87d6cb78e55cc7a'  itemscope=\"itemscope\" itemtype=\"https:\/\/schema.org\/CreativeWork\" ><div class='avia_textblock'  itemprop=\"text\" ><h2>Specyfikacje i wyposa\u017cenie Citro\u00ebna Jumpera na t\u0119 okazj\u0119<\/h2>\n<p>Ten pojazd u\u017cytkowy oferuje wiele wersji dostosowanych do konkretnych potrzeb. Niezale\u017cnie od tego, czy potrzebujesz otwartej skrzyni \u0142adunkowej, wielu siedze\u0144 czy dodatkowej przestrzeni \u0142adunkowej, Citro\u00ebn Jumper ma to wszystko. Co wi\u0119cej, mo\u017cesz wybra\u0107 mi\u0119dzy manualn\u0105 skrzyni\u0105 bieg\u00f3w a wygodnym automatem. Niezale\u017cnie od wyboru, Citro\u00ebn Jumper jest znany z du\u017cej \u0142adowno\u015bci i praktycznych specyfikacji. Jest r\u00f3wnie\u017c wyposa\u017cony w nowoczesne rozwi\u0105zania techniczne i rozbudowane funkcje bezpiecze\u0144stwa. Dzi\u0119ki temu mo\u017cesz nie tylko sprawnie porusza\u0107 si\u0119 po drogach, ale tak\u017ce zachowa\u0107 spok\u00f3j ducha. Z Citro\u00ebnem Jumper jeste\u015b zawsze gotowy na ka\u017cde zadanie!<\/p>\n<\/div><\/section>\n<div class='flex_column av-f64w1-da126f42b61613402309283c14245a25 av_one_half  avia-builder-el-5  el_after_av_textblock  el_before_av_one_third  first flex_column_div column-top-margin'   ><section  class='av_textblock_section av-lu8gpqre-73cc2c17e6a6497ba6e1b58af22bd9e8'  itemscope=\"itemscope\" itemtype=\"https:\/\/schema.org\/CreativeWork\" ><div class='avia_textblock'  itemprop=\"text\" ><h2>Jakie korzy\u015bci zapewnia ten samoch\u00f3d dostawczy?<\/h2>\n<p>Citro\u00ebn Jumper wyr\u00f3\u017cnia si\u0119 przemy\u015blan\u0105 konstrukcj\u0105, kt\u00f3ra jest wygodna, bezpieczna i ekonomiczna w u\u017cytkowaniu. Jak wszystkie <a href=\"https:\/\/www.vdhurk.nl\/pl\/pojazdy-uzytkowe-citroen\/\">Pojazdy u\u017cytkowe Citro\u00ebn<\/a> Jumper emanuje niezawodno\u015bci\u0105 i jako\u015bci\u0105. Dzi\u0119ki solidnej konstrukcji i ukierunkowaniu na intensywne u\u017cytkowanie jest to idealny wyb\u00f3r dla os\u00f3b poszukuj\u0105cych zr\u00f3wnowa\u017conej inwestycji d\u0142ugoterminowej. Przestronna kabina z regulowanymi fotelami i du\u017c\u0105 ilo\u015bci\u0105 miejsca na nogi sprawia, \u017ce ka\u017cda jazda jest niezwykle przyjemna. Niezale\u017cnie od tego, czy podr\u00f3\u017cujesz codziennie, czy pokonujesz du\u017ce odleg\u0142o\u015bci, Citro\u00ebn Jumper oferuje komfort i wygod\u0119 w jednym.<\/p>\n<\/div><\/section><\/div><div class='flex_column av-aldk9-ee694297f5c4032981677a02caab84d6 av_one_third  avia-builder-el-7  el_after_av_one_half  el_before_av_hr  flex_column_div column-top-margin'   ><style type=\"text\/css\" data-created_by=\"avia_inline_auto\" id=\"style-css-av-l1w9kpsf-4ec3fab772ec7a9adaa33cfc64ff0475\">\n.avia-image-container.av-l1w9kpsf-4ec3fab772ec7a9adaa33cfc64ff0475 .av-image-caption-overlay-center{\ncolor:#ffffff;\n}\n<\/style>\n<div  class='avia-image-container av-l1w9kpsf-4ec3fab772ec7a9adaa33cfc64ff0475 av-styling- avia-align-center  avia-builder-el-8  avia-builder-el-no-sibling'  itemprop=\"image\" itemscope=\"itemscope\" itemtype=\"https:\/\/schema.org\/ImageObject\" ><div class=\"avia-image-container-inner\"><div class=\"avia-image-overlay-wrap\"><img decoding=\"async\" class='wp-image-187 avia-img-lazy-loading-not-187 avia_image' src=\"https:\/\/www.vdhurk.nl\/wp-content\/uploads\/2022\/03\/Voorrad.png\" alt='' title='Stock'  height=\"758\" width=\"1135\"  itemprop=\"thumbnailUrl\" srcset=\"https:\/\/www.vdhurk.nl\/wp-content\/uploads\/2022\/03\/Voorrad.png 1135w, https:\/\/www.vdhurk.nl\/wp-content\/uploads\/2022\/03\/Voorrad-300x200.png 300w, https:\/\/www.vdhurk.nl\/wp-content\/uploads\/2022\/03\/Voorrad-1030x688.png 1030w, https:\/\/www.vdhurk.nl\/wp-content\/uploads\/2022\/03\/Voorrad-768x513.png 768w, https:\/\/www.vdhurk.nl\/wp-content\/uploads\/2022\/03\/Voorrad-18x12.png 18w, https:\/\/www.vdhurk.nl\/wp-content\/uploads\/2022\/03\/Voorrad-705x471.png 705w\" sizes=\"(max-width: 1135px) 100vw, 1135px\" \/><\/div><\/div><\/div><\/div><\/p>\n\n<style type=\"text\/css\" data-created_by=\"avia_inline_auto\" id=\"style-css-av-luqrjpjc-5a23a1fb5f94718ca85316a9df963e2f\">\n#top .hr.hr-invisible.av-luqrjpjc-5a23a1fb5f94718ca85316a9df963e2f{\nheight:50px;\n}\n<\/style>\n<div  class='hr av-luqrjpjc-5a23a1fb5f94718ca85316a9df963e2f hr-invisible  avia-builder-el-9  el_after_av_one_third  el_before_av_textblock'><span class='hr-inner'><span class=\"hr-inner-style\"><\/span><\/span><\/div>\n<section  class='av_textblock_section av-lu8gtjw7-4f3cee9304909518d86d2860d9d582dd'  itemscope=\"itemscope\" itemtype=\"https:\/\/schema.org\/CreativeWork\" ><div class='avia_textblock'  itemprop=\"text\" ><h2>Znajd\u017a skoczka, kt\u00f3ry pasuje do Twojego bud\u017cetu<\/h2>\n<p>Zakup pojazdu u\u017cytkowego to wa\u017cna inwestycja, a cena Citro\u00ebna Jumper odgrywa w niej du\u017c\u0105 rol\u0119. Koszty r\u00f3\u017cni\u0105 si\u0119 w zale\u017cno\u015bci od wersji i tego, czy zdecydujesz si\u0119 na model nowy czy u\u017cywany. Modele u\u017cywane cz\u0119sto oferuj\u0105 doskona\u0142y stosunek jako\u015bci do ceny, podczas gdy nowe modele zapewniaj\u0105 dost\u0119p do najnowszych technologii i funkcji. Chocia\u017c zazwyczaj maj\u0105 one wy\u017csz\u0105 cen\u0119 zakupu, s\u0105 idealne dla os\u00f3b poszukuj\u0105cych najnowszych innowacji i rozszerzonej gwarancji. Niezale\u017cnie od potrzeb i bud\u017cetu, zawsze znajdziesz Citro\u00ebna Jumpera, kt\u00f3ry idealnie spe\u0142ni Twoje wymagania biznesowe. Zapytaj o opcje i dowiedz si\u0119, kt\u00f3ra wersja najbardziej Ci odpowiada!<\/p>\n<h2>Czy zdecydowa\u0107 si\u0119 na leasing finansowy?<\/h2>\n<p>Poza bezpo\u015brednim zakupem pojazdu u\u017cytkowego mo\u017cna r\u00f3wnie\u017c skorzysta\u0107 z nast\u0119puj\u0105cych opcji <a href=\"https:\/\/www.vdhurk.nl\/pl\/leasing-finansowy\/\">leasing finansowy<\/a>. Ta opcja pozwala roz\u0142o\u017cy\u0107 koszty na kilka rat, dzi\u0119ki czemu nie trzeba p\u0142aci\u0107 du\u017cej kwoty za jednym razem. Co miesi\u0105c p\u0142acisz sta\u0142\u0105 kwot\u0119, co zapewnia przewidywalno\u015b\u0107 finansow\u0105 i elastyczno\u015b\u0107 bud\u017cetu. Po zako\u0144czeniu okresu leasingu b\u0119dziesz pe\u0142noprawnym w\u0142a\u015bcicielem pojazdu, bez konieczno\u015bci dokonywania wi\u0119kszych inwestycji z g\u00f3ry. Leasing Citroena Jumpera to inteligentny i przyst\u0119pny spos\u00f3b inwestowania w samoch\u00f3d s\u0142u\u017cbowy.<\/p>\n<h2>Znajd\u017a samoch\u00f3d dostawczy, kt\u00f3ry pasuje do Twojej firmy<\/h2>\n<p>Kupujesz u\u017cywany lub nowy Citro\u00ebn Jumper? A mo\u017ce dowiedzie\u0107 si\u0119 wi\u0119cej o tym, co odpowiada Twoim potrzebom biznesowym? Ch\u0119tnie pomo\u017cemy Ci dokona\u0107 w\u0142a\u015bciwego wyboru. Zapoznaj si\u0119 z nasz\u0105 ofert\u0105 <a href=\"https:\/\/www.vdhurk.nl\/pl\/pojazdy-uzytkowe\/\">aktualna oferta<\/a> lub po prostu skontaktuj si\u0119 z nami.<\/p>\n<\/div><\/section>","protected":false},"excerpt":{"rendered":"","protected":false},"author":3,"featured_media":0,"parent":372085,"menu_order":0,"comment_status":"closed","ping_status":"closed","template":"","meta":{"_acf_changed":false,"_improvement_type_select":"improve_an_existing","_thumb_yes_seoaic":false,"_frame_yes_seoaic":false,"seoaic_generate_description":"","seoaic_improve_instructions_prompt":"","seoaic_rollback_content_improvement":"","seoaic_idea_thumbnail_generator":"","thumbnail_generated":false,"thumbnail_generate_prompt":"","seoaic_article_description":"","footnotes":""},"class_list":["post-434872","page","type-page","status-publish","hentry"],"acf":[],"yoast_head":"<!-- This site is optimized with the Yoast SEO plugin v27.5 - https:\/\/yoast.com\/product\/yoast-seo-wordpress\/ -->\n<title>Betrouwbare Citro\u00ebn Jumper occasion kopen?<\/title>\n<meta name=\"description\" content=\"Op zoek naar een veelzijdige bedrijfswagen? De Citro\u00ebn Jumper occasion biedt alles wat je nodig hebt. Ontdek alle voordelen.\" \/>\n<meta name=\"robots\" content=\"index, follow, max-snippet:-1, max-image-preview:large, max-video-preview:-1\" \/>\n<link rel=\"canonical\" href=\"https:\/\/www.vdhurk.nl\/pl\/pojazdy-uzytkowe-citroen\/skoczek\/\" \/>\n<meta property=\"og:locale\" content=\"pl_PL\" \/>\n<meta property=\"og:type\" content=\"article\" \/>\n<meta property=\"og:title\" content=\"Betrouwbare Citro\u00ebn Jumper occasion kopen?\" \/>\n<meta property=\"og:description\" content=\"Op zoek naar een veelzijdige bedrijfswagen? De Citro\u00ebn Jumper occasion biedt alles wat je nodig hebt. Ontdek alle voordelen.\" \/>\n<meta property=\"og:url\" content=\"https:\/\/www.vdhurk.nl\/pl\/pojazdy-uzytkowe-citroen\/skoczek\/\" \/>\n<meta property=\"og:site_name\" content=\"Van den Hurk Bedrijfswagens\" \/>\n<meta property=\"article:modified_time\" content=\"2025-02-06T16:22:53+00:00\" \/>\n<meta name=\"twitter:card\" content=\"summary_large_image\" \/>\n<meta name=\"twitter:label1\" content=\"Szacowany czas czytania\" \/>\n\t<meta name=\"twitter:data1\" content=\"4 minuty\" \/>\n<script type=\"application\/ld+json\" class=\"yoast-schema-graph\">{\"@context\":\"https:\\\/\\\/schema.org\",\"@graph\":[{\"@type\":\"WebPage\",\"@id\":\"https:\\\/\\\/www.vdhurk.nl\\\/citroen-bedrijfswagens\\\/jumper\\\/\",\"url\":\"https:\\\/\\\/www.vdhurk.nl\\\/citroen-bedrijfswagens\\\/jumper\\\/\",\"name\":\"Betrouwbare Citro\u00ebn Jumper occasion kopen?\",\"isPartOf\":{\"@id\":\"https:\\\/\\\/www.vdhurk.nl\\\/#website\"},\"datePublished\":\"2025-02-06T14:48:28+00:00\",\"dateModified\":\"2025-02-06T16:22:53+00:00\",\"description\":\"Op zoek naar een veelzijdige bedrijfswagen? De Citro\u00ebn Jumper occasion biedt alles wat je nodig hebt. Ontdek alle voordelen.\",\"breadcrumb\":{\"@id\":\"https:\\\/\\\/www.vdhurk.nl\\\/citroen-bedrijfswagens\\\/jumper\\\/#breadcrumb\"},\"inLanguage\":\"pl-PL\",\"potentialAction\":[{\"@type\":\"ReadAction\",\"target\":[\"https:\\\/\\\/www.vdhurk.nl\\\/citroen-bedrijfswagens\\\/jumper\\\/\"]}]},{\"@type\":\"BreadcrumbList\",\"@id\":\"https:\\\/\\\/www.vdhurk.nl\\\/citroen-bedrijfswagens\\\/jumper\\\/#breadcrumb\",\"itemListElement\":[{\"@type\":\"ListItem\",\"position\":1,\"name\":\"Home\",\"item\":\"https:\\\/\\\/www.vdhurk.nl\\\/home\\\/\"},{\"@type\":\"ListItem\",\"position\":2,\"name\":\"Citro\u00ebn Bedrijfswagens\",\"item\":\"https:\\\/\\\/www.vdhurk.nl\\\/citroen-bedrijfswagens\\\/\"},{\"@type\":\"ListItem\",\"position\":3,\"name\":\"Citro\u00ebn Jumper\"}]},{\"@type\":\"WebSite\",\"@id\":\"https:\\\/\\\/www.vdhurk.nl\\\/#website\",\"url\":\"https:\\\/\\\/www.vdhurk.nl\\\/\",\"name\":\"Van den Hurk Bedrijfswagens\",\"description\":\"Van den Hurk bedrijfswagens Helmond\",\"potentialAction\":[{\"@type\":\"SearchAction\",\"target\":{\"@type\":\"EntryPoint\",\"urlTemplate\":\"https:\\\/\\\/www.vdhurk.nl\\\/?s={search_term_string}\"},\"query-input\":{\"@type\":\"PropertyValueSpecification\",\"valueRequired\":true,\"valueName\":\"search_term_string\"}}],\"inLanguage\":\"pl-PL\"}]}<\/script>\n<!-- \/ Yoast SEO plugin. -->","yoast_head_json":{"title":"Kupujesz niezawodny samoch\u00f3d u\u017cywany Citro\u00ebn Jumper?","description":"Szukasz wszechstronnego pojazdu u\u017cytkowego? Citro\u00ebn Jumper oferuje wszystko, czego potrzebujesz. Odkryj wszystkie zalety.","robots":{"index":"index","follow":"follow","max-snippet":"max-snippet:-1","max-image-preview":"max-image-preview:large","max-video-preview":"max-video-preview:-1"},"canonical":"https:\/\/www.vdhurk.nl\/pl\/pojazdy-uzytkowe-citroen\/skoczek\/","og_locale":"pl_PL","og_type":"article","og_title":"Betrouwbare Citro\u00ebn Jumper occasion kopen?","og_description":"Op zoek naar een veelzijdige bedrijfswagen? De Citro\u00ebn Jumper occasion biedt alles wat je nodig hebt. Ontdek alle voordelen.","og_url":"https:\/\/www.vdhurk.nl\/pl\/pojazdy-uzytkowe-citroen\/skoczek\/","og_site_name":"Van den Hurk Bedrijfswagens","article_modified_time":"2025-02-06T16:22:53+00:00","twitter_card":"summary_large_image","twitter_misc":{"Szacowany czas czytania":"4 minuty"},"schema":{"@context":"https:\/\/schema.org","@graph":[{"@type":"WebPage","@id":"https:\/\/www.vdhurk.nl\/citroen-bedrijfswagens\/jumper\/","url":"https:\/\/www.vdhurk.nl\/citroen-bedrijfswagens\/jumper\/","name":"Kupujesz niezawodny samoch\u00f3d u\u017cywany Citro\u00ebn Jumper?","isPartOf":{"@id":"https:\/\/www.vdhurk.nl\/#website"},"datePublished":"2025-02-06T14:48:28+00:00","dateModified":"2025-02-06T16:22:53+00:00","description":"Szukasz wszechstronnego pojazdu u\u017cytkowego? Citro\u00ebn Jumper oferuje wszystko, czego potrzebujesz. Odkryj wszystkie zalety.","breadcrumb":{"@id":"https:\/\/www.vdhurk.nl\/citroen-bedrijfswagens\/jumper\/#breadcrumb"},"inLanguage":"pl-PL","potentialAction":[{"@type":"ReadAction","target":["https:\/\/www.vdhurk.nl\/citroen-bedrijfswagens\/jumper\/"]}]},{"@type":"BreadcrumbList","@id":"https:\/\/www.vdhurk.nl\/citroen-bedrijfswagens\/jumper\/#breadcrumb","itemListElement":[{"@type":"ListItem","position":1,"name":"Home","item":"https:\/\/www.vdhurk.nl\/home\/"},{"@type":"ListItem","position":2,"name":"Citro\u00ebn Bedrijfswagens","item":"https:\/\/www.vdhurk.nl\/citroen-bedrijfswagens\/"},{"@type":"ListItem","position":3,"name":"Citro\u00ebn Jumper"}]},{"@type":"WebSite","@id":"https:\/\/www.vdhurk.nl\/#website","url":"https:\/\/www.vdhurk.nl\/","name":"Van den Hurk - pojazdy u\u017cytkowe","description":"Van den Hurk pojazdy u\u017cytkowe Helmond","potentialAction":[{"@type":"SearchAction","target":{"@type":"EntryPoint","urlTemplate":"https:\/\/www.vdhurk.nl\/?s={search_term_string}"},"query-input":{"@type":"PropertyValueSpecification","valueRequired":true,"valueName":"search_term_string"}}],"inLanguage":"pl-PL"}]}},"_links":{"self":[{"href":"https:\/\/www.vdhurk.nl\/pl\/wp-json\/wp\/v2\/pages\/434872","targetHints":{"allow":["GET"]}}],"collection":[{"href":"https:\/\/www.vdhurk.nl\/pl\/wp-json\/wp\/v2\/pages"}],"about":[{"href":"https:\/\/www.vdhurk.nl\/pl\/wp-json\/wp\/v2\/types\/page"}],"author":[{"embeddable":true,"href":"https:\/\/www.vdhurk.nl\/pl\/wp-json\/wp\/v2\/users\/3"}],"replies":[{"embeddable":true,"href":"https:\/\/www.vdhurk.nl\/pl\/wp-json\/wp\/v2\/comments?post=434872"}],"version-history":[{"count":5,"href":"https:\/\/www.vdhurk.nl\/pl\/wp-json\/wp\/v2\/pages\/434872\/revisions"}],"predecessor-version":[{"id":442895,"href":"https:\/\/www.vdhurk.nl\/pl\/wp-json\/wp\/v2\/pages\/434872\/revisions\/442895"}],"up":[{"embeddable":true,"href":"https:\/\/www.vdhurk.nl\/pl\/wp-json\/wp\/v2\/pages\/372085"}],"wp:attachment":[{"href":"https:\/\/www.vdhurk.nl\/pl\/wp-json\/wp\/v2\/media?parent=434872"}],"curies":[{"name":"wp","href":"https:\/\/api.w.org\/{rel}","templated":true}]}}