{"id":422133,"date":"2024-12-05T13:37:02","date_gmt":"2024-12-05T12:37:02","guid":{"rendered":"https:\/\/www.vdhurk.nl\/?page_id=422133"},"modified":"2024-12-05T13:37:02","modified_gmt":"2024-12-05T12:37:02","slug":"proace","status":"publish","type":"page","link":"https:\/\/www.vdhurk.nl\/pl\/toyota-bedrijfswagens\/proace\/","title":{"rendered":"Toyota Proace"},"content":{"rendered":"<section  class='av_textblock_section av-lu8gnh7d-4ac895489941e586c1d7c8cb72318135'  itemscope=\"itemscope\" itemtype=\"https:\/\/schema.org\/CreativeWork\" ><div class='avia_textblock'  itemprop=\"text\" ><h1>Dowiedz si\u0119 wszystkiego, co chcesz wiedzie\u0107 o u\u017cywanym samochodzie Toyota Proace<\/h1>\n<p>Szukasz niezawodnego i wszechstronnego pojazdu u\u017cytkowego, kt\u00f3ry pomo\u017ce Twojej firmie i\u015b\u0107 naprz\u00f3d? U\u017cywany samoch\u00f3d Toyota Proace od lat cieszy si\u0119 popularno\u015bci\u0105 w\u015br\u00f3d w\u0142a\u015bcicieli firm i nie bez powodu. Dzi\u0119ki swojej elastyczno\u015bci i niezawodno\u015bci jest to samoch\u00f3d s\u0142u\u017cbowy, kt\u00f3ry poradzi sobie z ka\u017cdym zadaniem. Zastanawiasz si\u0119 dlaczego? Czytaj dalej i dowiedz si\u0119, co Toyota Proace mo\u017ce zrobi\u0107 dla Twojej firmy.<\/p>\n<\/div><\/section>\n\n<style type=\"text\/css\" data-created_by=\"avia_inline_auto\" id=\"style-css-av-lujjddpd-afa3d7a9eabd61123e643ed1228e781e\">\n#top .hr.hr-invisible.av-lujjddpd-afa3d7a9eabd61123e643ed1228e781e{\nheight:50px;\n}\n<\/style>\n<div  class='hr av-lujjddpd-afa3d7a9eabd61123e643ed1228e781e hr-invisible  avia-builder-el-1  el_after_av_textblock  el_before_av_codeblock'><span class='hr-inner'><span class=\"hr-inner-style\"><\/span><\/span><\/div>\n\n\n<style type=\"text\/css\" data-created_by=\"avia_inline_auto\" id=\"style-css-av-ah0xd-63338d9dc6b40410e22a712829c369d6\">\n#top .hr.hr-invisible.av-ah0xd-63338d9dc6b40410e22a712829c369d6{\nheight:50px;\n}\n<\/style>\n<div  class='hr av-ah0xd-63338d9dc6b40410e22a712829c369d6 hr-invisible  avia-builder-el-3  el_after_av_codeblock  el_before_av_textblock'><span class='hr-inner'><span class=\"hr-inner-style\"><\/span><\/span><\/div>\n<section  class='av_textblock_section av-lu8gow1e-300853e458ed741bd87d6cb78e55cc7a'  itemscope=\"itemscope\" itemtype=\"https:\/\/schema.org\/CreativeWork\" ><div class='avia_textblock'  itemprop=\"text\" ><h2>Specyfikacja i funkcje<\/h2>\n<p>Toyota Proace to wszechstronny pojazd u\u017cytkowy, kt\u00f3ry dobrze odpowiada na potrzeby w\u0142a\u015bcicieli firm. Dzi\u0119ki przestronnemu baga\u017cnikowi i du\u017cej \u0142adowno\u015bci model ten nadaje si\u0119 do wszelkiego rodzaju prac. Pod mask\u0105 znajduje si\u0119 mocny i wydajny 4-cylindrowy silnik wysokopr\u0119\u017cny, kt\u00f3ry nie tylko zapewnia niezawodne osi\u0105gi, ale tak\u017ce przyczynia si\u0119 do ni\u017cszego zu\u017cycia paliwa. Sprawia to, \u017ce Proace jest op\u0142acalnym wyborem na d\u0142u\u017csz\u0105 met\u0119. Czy regularnie zajmujesz si\u0119 transportem os\u00f3b? W takim razie Toyota Proace jest doskona\u0142ym wyborem. Model ten mo\u017ce pomie\u015bci\u0107 nawet 9 pasa\u017cer\u00f3w i idealnie nadaje si\u0119 do transportu grupowego. Poziom komfortu jest wysoki, dzi\u0119ki czemu zar\u00f3wno kierowca, jak i pasa\u017cerowie zawsze podr\u00f3\u017cuj\u0105 zrelaksowani i komfortowo.<\/p>\n<\/div><\/section>\n<div class='flex_column av-f64w1-da126f42b61613402309283c14245a25 av_one_half  avia-builder-el-5  el_after_av_textblock  el_before_av_one_third  first flex_column_div column-top-margin'   ><section  class='av_textblock_section av-lu8gpqre-73cc2c17e6a6497ba6e1b58af22bd9e8'  itemscope=\"itemscope\" itemtype=\"https:\/\/schema.org\/CreativeWork\" ><div class='avia_textblock'  itemprop=\"text\" ><h2>R\u00f3\u017cne wersje<\/h2>\n<p>Toyota Proace oferuje wszystko, czego szukasz w poje\u017adzie u\u017cytkowym: wszechstronno\u015b\u0107, niezawodno\u015b\u0107 i zdolno\u015b\u0107 adaptacji. Dzi\u0119ki r\u00f3\u017cnym d\u0142ugo\u015bciom i konfiguracjom zawsze znajdziesz model, kt\u00f3ry idealnie odpowiada Twoim potrzebom biznesowym. Potrzebujesz kompaktowej i zwinnej wersji do codziennej jazdy po mie\u015bcie? A mo\u017ce szukasz przestronnego wariantu do efektywnego transportu du\u017cych \u0142adunk\u00f3w? Niezale\u017cnie od Twoich potrzeb, Toyota Proace bez trudu dostosuje si\u0119 do Twojego biznesu. Dzi\u0119ki Proace wybierasz samoch\u00f3d firmowy, kt\u00f3ry jest nie tylko gotowy na ka\u017cde wyzwanie, ale tak\u017ce niezawodny partner w sukcesie Twojej firmy.<\/p>\n<\/div><\/section><\/div><div class='flex_column av-aldk9-ee694297f5c4032981677a02caab84d6 av_one_third  avia-builder-el-7  el_after_av_one_half  el_before_av_hr  flex_column_div column-top-margin'   ><style type=\"text\/css\" data-created_by=\"avia_inline_auto\" id=\"style-css-av-l1w9kpsf-4ec3fab772ec7a9adaa33cfc64ff0475\">\n.avia-image-container.av-l1w9kpsf-4ec3fab772ec7a9adaa33cfc64ff0475 .av-image-caption-overlay-center{\ncolor:#ffffff;\n}\n<\/style>\n<div  class='avia-image-container av-l1w9kpsf-4ec3fab772ec7a9adaa33cfc64ff0475 av-styling- avia-align-center  avia-builder-el-8  avia-builder-el-no-sibling'  itemprop=\"image\" itemscope=\"itemscope\" itemtype=\"https:\/\/schema.org\/ImageObject\" ><div class=\"avia-image-container-inner\"><div class=\"avia-image-overlay-wrap\"><img decoding=\"async\" class='wp-image-187 avia-img-lazy-loading-not-187 avia_image' src=\"https:\/\/www.vdhurk.nl\/wp-content\/uploads\/2022\/03\/Voorrad.png\" alt='' title='Stock'  height=\"758\" width=\"1135\"  itemprop=\"thumbnailUrl\" srcset=\"https:\/\/www.vdhurk.nl\/wp-content\/uploads\/2022\/03\/Voorrad.png 1135w, https:\/\/www.vdhurk.nl\/wp-content\/uploads\/2022\/03\/Voorrad-300x200.png 300w, https:\/\/www.vdhurk.nl\/wp-content\/uploads\/2022\/03\/Voorrad-1030x688.png 1030w, https:\/\/www.vdhurk.nl\/wp-content\/uploads\/2022\/03\/Voorrad-768x513.png 768w, https:\/\/www.vdhurk.nl\/wp-content\/uploads\/2022\/03\/Voorrad-18x12.png 18w, https:\/\/www.vdhurk.nl\/wp-content\/uploads\/2022\/03\/Voorrad-705x471.png 705w\" sizes=\"(max-width: 1135px) 100vw, 1135px\" \/><\/div><\/div><\/div><\/div><\/p>\n\n<style type=\"text\/css\" data-created_by=\"avia_inline_auto\" id=\"style-css-av-luqrjpjc-5a23a1fb5f94718ca85316a9df963e2f\">\n#top .hr.hr-invisible.av-luqrjpjc-5a23a1fb5f94718ca85316a9df963e2f{\nheight:50px;\n}\n<\/style>\n<div  class='hr av-luqrjpjc-5a23a1fb5f94718ca85316a9df963e2f hr-invisible  avia-builder-el-9  el_after_av_one_third  el_before_av_textblock'><span class='hr-inner'><span class=\"hr-inner-style\"><\/span><\/span><\/div>\n<section  class='av_textblock_section av-lu8gtjw7-4f3cee9304909518d86d2860d9d582dd'  itemscope=\"itemscope\" itemtype=\"https:\/\/schema.org\/CreativeWork\" ><div class='avia_textblock'  itemprop=\"text\" ><h2>Ile trzeba zap\u0142aci\u0107 za Toyot\u0119 Proace?<\/h2>\n<p>Ceny pojazd\u00f3w u\u017cytkowych Toyota Proace r\u00f3\u017cni\u0105 si\u0119, poniewa\u017c nasza oferta obejmuje zar\u00f3wno proste modele Toyota Proace, jak i w pe\u0142ni wyposa\u017cone wersje. Ta r\u00f3\u017cnorodno\u015b\u0107 opcji oznacza, \u017ce zawsze dost\u0119pny jest pojazd odpowiadaj\u0105cy konkretnym potrzebom i bud\u017cetowi. Niezale\u017cnie od tego, czego szukasz, u nas zawsze znajdziesz odpowiednie rozwi\u0105zanie.<\/p>\n<h2>Kupujesz lub leasingujesz Toyot\u0119 Proace?<\/h2>\n<p>Opr\u00f3cz mo\u017cliwo\u015bci bezpo\u015bredniego zakupu pojazdu u\u017cytkowego, jedn\u0105 z opcji jest r\u00f3wnie\u017c leasing Toyoty Proace. Dzi\u0119ki leasingowi finansowemu stopniowo stajesz si\u0119 w\u0142a\u015bcicielem pojazdu u\u017cytkowego. P\u0142acisz sta\u0142\u0105 kwot\u0119 miesi\u0119cznie. Po zako\u0144czeniu umowy leasingowej stajesz si\u0119 pe\u0142noprawnym w\u0142a\u015bcicielem pojazdu.<\/p>\n<h2>Znajd\u017a idealny samoch\u00f3d s\u0142u\u017cbowy<\/h2>\n<p>Znalaz\u0142e\u015b u\u017cywan\u0105 lub now\u0105 Toyot\u0119 Proace, kt\u00f3ra w pe\u0142ni odpowiada Twoim potrzebom biznesowym? A mo\u017ce chcia\u0142by\u015b uzyska\u0107 wi\u0119cej informacji, aby dokona\u0107 w\u0142a\u015bciwego wyboru? Jako dealer Toyoty Proace z przyjemno\u015bci\u0105 pomo\u017cemy Ci w dokonaniu wyboru. Zapoznaj si\u0119 z nasz\u0105 ofert\u0105 <a href=\"https:\/\/www.vdhurk.nl\/pl\/pojazdy-uzytkowe\/\">aktualna oferta<\/a> Lub skontaktuj si\u0119 z nami.<\/p>\n<\/div><\/section>","protected":false},"excerpt":{"rendered":"","protected":false},"author":3,"featured_media":0,"parent":398333,"menu_order":0,"comment_status":"closed","ping_status":"closed","template":"","meta":{"_acf_changed":false,"_improvement_type_select":"improve_an_existing","_thumb_yes_seoaic":false,"_frame_yes_seoaic":false,"seoaic_generate_description":"","seoaic_improve_instructions_prompt":"","seoaic_rollback_content_improvement":"","seoaic_idea_thumbnail_generator":"","thumbnail_generated":false,"thumbnail_generate_prompt":"","seoaic_article_description":"","footnotes":""},"class_list":["post-422133","page","type-page","status-publish","hentry"],"acf":[],"yoast_head":"<!-- This site is optimized with the Yoast SEO plugin v27.5 - https:\/\/yoast.com\/product\/yoast-seo-wordpress\/ -->\n<title>Op zoek naar een Toyota Proace occasion?<\/title>\n<meta name=\"description\" content=\"Ontdek de Toyota Proace occasion: een veelzijdige, betrouwbare bedrijfswagen die elke klus klaart. Perfect voor jouw onderneming. Bekijk ons aanbod!\" \/>\n<meta name=\"robots\" content=\"index, follow, max-snippet:-1, max-image-preview:large, max-video-preview:-1\" \/>\n<link rel=\"canonical\" href=\"https:\/\/www.vdhurk.nl\/pl\/pojazdy-uzytkowe-toyota\/proace\/\" \/>\n<meta property=\"og:locale\" content=\"pl_PL\" \/>\n<meta property=\"og:type\" content=\"article\" \/>\n<meta property=\"og:title\" content=\"Op zoek naar een Toyota Proace occasion?\" \/>\n<meta property=\"og:description\" content=\"Ontdek de Toyota Proace occasion: een veelzijdige, betrouwbare bedrijfswagen die elke klus klaart. Perfect voor jouw onderneming. Bekijk ons aanbod!\" \/>\n<meta property=\"og:url\" content=\"https:\/\/www.vdhurk.nl\/pl\/pojazdy-uzytkowe-toyota\/proace\/\" \/>\n<meta property=\"og:site_name\" content=\"Van den Hurk Bedrijfswagens\" \/>\n<meta name=\"twitter:card\" content=\"summary_large_image\" \/>\n<meta name=\"twitter:label1\" content=\"Szacowany czas czytania\" \/>\n\t<meta name=\"twitter:data1\" content=\"4 minuty\" \/>\n<script type=\"application\/ld+json\" class=\"yoast-schema-graph\">{\"@context\":\"https:\\\/\\\/schema.org\",\"@graph\":[{\"@type\":\"WebPage\",\"@id\":\"https:\\\/\\\/www.vdhurk.nl\\\/toyota-bedrijfswagens\\\/proace\\\/\",\"url\":\"https:\\\/\\\/www.vdhurk.nl\\\/toyota-bedrijfswagens\\\/proace\\\/\",\"name\":\"Op zoek naar een Toyota Proace occasion?\",\"isPartOf\":{\"@id\":\"https:\\\/\\\/www.vdhurk.nl\\\/#website\"},\"datePublished\":\"2024-12-05T12:37:02+00:00\",\"description\":\"Ontdek de Toyota Proace occasion: een veelzijdige, betrouwbare bedrijfswagen die elke klus klaart. Perfect voor jouw onderneming. Bekijk ons aanbod!\",\"breadcrumb\":{\"@id\":\"https:\\\/\\\/www.vdhurk.nl\\\/toyota-bedrijfswagens\\\/proace\\\/#breadcrumb\"},\"inLanguage\":\"pl-PL\",\"potentialAction\":[{\"@type\":\"ReadAction\",\"target\":[\"https:\\\/\\\/www.vdhurk.nl\\\/toyota-bedrijfswagens\\\/proace\\\/\"]}]},{\"@type\":\"BreadcrumbList\",\"@id\":\"https:\\\/\\\/www.vdhurk.nl\\\/toyota-bedrijfswagens\\\/proace\\\/#breadcrumb\",\"itemListElement\":[{\"@type\":\"ListItem\",\"position\":1,\"name\":\"Home\",\"item\":\"https:\\\/\\\/www.vdhurk.nl\\\/home\\\/\"},{\"@type\":\"ListItem\",\"position\":2,\"name\":\"Toyota Bedrijfswagens\",\"item\":\"https:\\\/\\\/www.vdhurk.nl\\\/toyota-bedrijfswagens\\\/\"},{\"@type\":\"ListItem\",\"position\":3,\"name\":\"Toyota Proace\"}]},{\"@type\":\"WebSite\",\"@id\":\"https:\\\/\\\/www.vdhurk.nl\\\/#website\",\"url\":\"https:\\\/\\\/www.vdhurk.nl\\\/\",\"name\":\"Van den Hurk Bedrijfswagens\",\"description\":\"Van den Hurk bedrijfswagens Helmond\",\"potentialAction\":[{\"@type\":\"SearchAction\",\"target\":{\"@type\":\"EntryPoint\",\"urlTemplate\":\"https:\\\/\\\/www.vdhurk.nl\\\/?s={search_term_string}\"},\"query-input\":{\"@type\":\"PropertyValueSpecification\",\"valueRequired\":true,\"valueName\":\"search_term_string\"}}],\"inLanguage\":\"pl-PL\"}]}<\/script>\n<!-- \/ Yoast SEO plugin. -->","yoast_head_json":{"title":"Szukasz u\u017cywanego samochodu Toyota Proace?","description":"Poznaj Toyot\u0119 Proace occasion: wszechstronny, niezawodny pojazd u\u017cytkowy, kt\u00f3ry wykona ka\u017cde zadanie. Idealny dla Twojej firmy. Sprawd\u017a nasz\u0105 ofert\u0119!","robots":{"index":"index","follow":"follow","max-snippet":"max-snippet:-1","max-image-preview":"max-image-preview:large","max-video-preview":"max-video-preview:-1"},"canonical":"https:\/\/www.vdhurk.nl\/pl\/pojazdy-uzytkowe-toyota\/proace\/","og_locale":"pl_PL","og_type":"article","og_title":"Op zoek naar een Toyota Proace occasion?","og_description":"Ontdek de Toyota Proace occasion: een veelzijdige, betrouwbare bedrijfswagen die elke klus klaart. Perfect voor jouw onderneming. Bekijk ons aanbod!","og_url":"https:\/\/www.vdhurk.nl\/pl\/pojazdy-uzytkowe-toyota\/proace\/","og_site_name":"Van den Hurk Bedrijfswagens","twitter_card":"summary_large_image","twitter_misc":{"Szacowany czas czytania":"4 minuty"},"schema":{"@context":"https:\/\/schema.org","@graph":[{"@type":"WebPage","@id":"https:\/\/www.vdhurk.nl\/toyota-bedrijfswagens\/proace\/","url":"https:\/\/www.vdhurk.nl\/toyota-bedrijfswagens\/proace\/","name":"Szukasz u\u017cywanego samochodu Toyota Proace?","isPartOf":{"@id":"https:\/\/www.vdhurk.nl\/#website"},"datePublished":"2024-12-05T12:37:02+00:00","description":"Poznaj Toyot\u0119 Proace occasion: wszechstronny, niezawodny pojazd u\u017cytkowy, kt\u00f3ry wykona ka\u017cde zadanie. Idealny dla Twojej firmy. Sprawd\u017a nasz\u0105 ofert\u0119!","breadcrumb":{"@id":"https:\/\/www.vdhurk.nl\/toyota-bedrijfswagens\/proace\/#breadcrumb"},"inLanguage":"pl-PL","potentialAction":[{"@type":"ReadAction","target":["https:\/\/www.vdhurk.nl\/toyota-bedrijfswagens\/proace\/"]}]},{"@type":"BreadcrumbList","@id":"https:\/\/www.vdhurk.nl\/toyota-bedrijfswagens\/proace\/#breadcrumb","itemListElement":[{"@type":"ListItem","position":1,"name":"Home","item":"https:\/\/www.vdhurk.nl\/home\/"},{"@type":"ListItem","position":2,"name":"Toyota Bedrijfswagens","item":"https:\/\/www.vdhurk.nl\/toyota-bedrijfswagens\/"},{"@type":"ListItem","position":3,"name":"Toyota Proace"}]},{"@type":"WebSite","@id":"https:\/\/www.vdhurk.nl\/#website","url":"https:\/\/www.vdhurk.nl\/","name":"Van den Hurk - pojazdy u\u017cytkowe","description":"Van den Hurk pojazdy u\u017cytkowe Helmond","potentialAction":[{"@type":"SearchAction","target":{"@type":"EntryPoint","urlTemplate":"https:\/\/www.vdhurk.nl\/?s={search_term_string}"},"query-input":{"@type":"PropertyValueSpecification","valueRequired":true,"valueName":"search_term_string"}}],"inLanguage":"pl-PL"}]}},"_links":{"self":[{"href":"https:\/\/www.vdhurk.nl\/pl\/wp-json\/wp\/v2\/pages\/422133","targetHints":{"allow":["GET"]}}],"collection":[{"href":"https:\/\/www.vdhurk.nl\/pl\/wp-json\/wp\/v2\/pages"}],"about":[{"href":"https:\/\/www.vdhurk.nl\/pl\/wp-json\/wp\/v2\/types\/page"}],"author":[{"embeddable":true,"href":"https:\/\/www.vdhurk.nl\/pl\/wp-json\/wp\/v2\/users\/3"}],"replies":[{"embeddable":true,"href":"https:\/\/www.vdhurk.nl\/pl\/wp-json\/wp\/v2\/comments?post=422133"}],"version-history":[{"count":1,"href":"https:\/\/www.vdhurk.nl\/pl\/wp-json\/wp\/v2\/pages\/422133\/revisions"}],"predecessor-version":[{"id":422181,"href":"https:\/\/www.vdhurk.nl\/pl\/wp-json\/wp\/v2\/pages\/422133\/revisions\/422181"}],"up":[{"embeddable":true,"href":"https:\/\/www.vdhurk.nl\/pl\/wp-json\/wp\/v2\/pages\/398333"}],"wp:attachment":[{"href":"https:\/\/www.vdhurk.nl\/pl\/wp-json\/wp\/v2\/media?parent=422133"}],"curies":[{"name":"wp","href":"https:\/\/api.w.org\/{rel}","templated":true}]}}