{"id":422128,"date":"2024-12-05T13:10:35","date_gmt":"2024-12-05T12:10:35","guid":{"rendered":"https:\/\/www.vdhurk.nl\/?page_id=422128"},"modified":"2024-12-05T13:17:53","modified_gmt":"2024-12-05T12:17:53","slug":"mistrz","status":"publish","type":"page","link":"https:\/\/www.vdhurk.nl\/pl\/renault-bedrijfswagens\/master\/","title":{"rendered":"Renault Master"},"content":{"rendered":"<section  class='av_textblock_section av-lu8gnh7d-4ac895489941e586c1d7c8cb72318135'  itemscope=\"itemscope\" itemtype=\"https:\/\/schema.org\/CreativeWork\" ><div class='avia_textblock'  itemprop=\"text\" ><h1>Szukasz u\u017cywanego samochodu Renault Master?<\/h1>\n<p>Potrzebujesz nowego pojazdu u\u017cytkowego dla swojej firmy? W takim razie Renault Master jest dobrym wyborem. Modele Renault Master nie bez powodu ciesz\u0105 si\u0119 du\u017c\u0105 popularno\u015bci\u0105 w\u015br\u00f3d u\u017cytkownik\u00f3w biznesowych. Chcesz dowiedzie\u0107 si\u0119 wi\u0119cej o tym, co ma do zaoferowania ten pojazd u\u017cytkowy? Czytaj dalej i dowiedz si\u0119, czy jest to idealny model dla Ciebie.<\/p>\n<\/div><\/section>\n\n<style type=\"text\/css\" data-created_by=\"avia_inline_auto\" id=\"style-css-av-lujjddpd-afa3d7a9eabd61123e643ed1228e781e\">\n#top .hr.hr-invisible.av-lujjddpd-afa3d7a9eabd61123e643ed1228e781e{\nheight:50px;\n}\n<\/style>\n<div  class='hr av-lujjddpd-afa3d7a9eabd61123e643ed1228e781e hr-invisible  avia-builder-el-1  el_after_av_textblock  el_before_av_codeblock'><span class='hr-inner'><span class=\"hr-inner-style\"><\/span><\/span><\/div>\n\n\n<style type=\"text\/css\" data-created_by=\"avia_inline_auto\" id=\"style-css-av-ah0xd-63338d9dc6b40410e22a712829c369d6\">\n#top .hr.hr-invisible.av-ah0xd-63338d9dc6b40410e22a712829c369d6{\nheight:50px;\n}\n<\/style>\n<div  class='hr av-ah0xd-63338d9dc6b40410e22a712829c369d6 hr-invisible  avia-builder-el-3  el_after_av_codeblock  el_before_av_textblock'><span class='hr-inner'><span class=\"hr-inner-style\"><\/span><\/span><\/div>\n<section  class='av_textblock_section av-lu8gow1e-300853e458ed741bd87d6cb78e55cc7a'  itemscope=\"itemscope\" itemtype=\"https:\/\/schema.org\/CreativeWork\" ><div class='avia_textblock'  itemprop=\"text\" ><h2>Specyfikacja Renault Master<\/h2>\n<p><a href=\"https:\/\/www.vdhurk.nl\/pl\/pojazdy-uzytkowe-renault\/\">Pojazd u\u017cytkowy Renault<\/a> s\u0105 znane ze swojej niezawodno\u015bci, a Master nie jest wyj\u0105tkiem. Ten pot\u0119\u017cny i kompaktowy pojazd u\u017cytkowy oferuje wszechstronne opcje przechowywania, dzi\u0119ki czemu mo\u017cna \u0142atwo zabra\u0107 wszystkie materia\u0142y eksploatacyjne do ka\u017cdego zadania. Dzi\u0119ki du\u017cej \u0142adowno\u015bci i masie holowniczej Renault Master jest w stanie sprosta\u0107 ka\u017cdemu wyzwaniu. Dzi\u0119ki solidnej konstrukcji ten pojazd u\u017cytkowy oferuje maksymaln\u0105 elastyczno\u015b\u0107. Ponadto du\u017c\u0105 uwag\u0119 zwr\u00f3cono na komfort, bezpiecze\u0144stwo i wydajno\u015b\u0107, dzi\u0119ki czemu ka\u017cda jazda jest zar\u00f3wno produktywna, jak i przyjemna. Przekonaj si\u0119, \u017ce Renault Master jest idealnym partnerem na drodze.<\/p>\n<\/div><\/section>\n<div class='flex_column av-f64w1-da126f42b61613402309283c14245a25 av_one_half  avia-builder-el-5  el_after_av_textblock  el_before_av_one_third  first flex_column_div column-top-margin'   ><section  class='av_textblock_section av-lu8gpqre-73cc2c17e6a6497ba6e1b58af22bd9e8'  itemscope=\"itemscope\" itemtype=\"https:\/\/schema.org\/CreativeWork\" ><div class='avia_textblock'  itemprop=\"text\" ><h2>R\u00f3\u017cne wersje<\/h2>\n<p>Renault Master jest dost\u0119pny w r\u00f3\u017cnych wersjach wyposa\u017cenia, wi\u0119c zawsze znajdziesz model, kt\u00f3ry idealnie odpowiada Twoim potrzebom. Mo\u017cesz wybiera\u0107 spo\u015br\u00f3d r\u00f3\u017cnych rocznik\u00f3w, przebieg\u00f3w i konfiguracji. Niezale\u017cnie od tego, czy potrzebujesz zamkni\u0119tej furgonetki, czy modelu z pojedyncz\u0105 lub podw\u00f3jn\u0105 kabin\u0105, Renault Master oferuje wiele opcji. Dzi\u0119ki tej wszechstronno\u015bci Renault Master idealnie nadaje si\u0119 do u\u017cytku w sektorach takich jak budownictwo, transport pasa\u017cerski i transport. Co wi\u0119cej, mo\u017cesz wybra\u0107 mi\u0119dzy wersj\u0105 z manualn\u0105 skrzyni\u0105 bieg\u00f3w a automatyczn\u0105, dzi\u0119ki czemu zawsze b\u0119dziesz je\u017adzi\u0107 komfortowo. Przy tak wielu opcjach dokonanie w\u0142a\u015bciwego wyboru jest trudne. Potrzebujesz pomocy lub wi\u0119cej informacji? Nie wahaj si\u0119 <a href=\"https:\/\/www.vdhurk.nl\/pl\/kontakt\/\">kontakt<\/a> obejmuj\u0105.<\/p>\n<\/div><\/section><\/div>\n<div class='flex_column av-aldk9-ee694297f5c4032981677a02caab84d6 av_one_third  avia-builder-el-7  el_after_av_one_half  el_before_av_hr  flex_column_div column-top-margin'   ><style type=\"text\/css\" data-created_by=\"avia_inline_auto\" id=\"style-css-av-l1w9kpsf-4ec3fab772ec7a9adaa33cfc64ff0475\">\n.avia-image-container.av-l1w9kpsf-4ec3fab772ec7a9adaa33cfc64ff0475 .av-image-caption-overlay-center{\ncolor:#ffffff;\n}\n<\/style>\n<div  class='avia-image-container av-l1w9kpsf-4ec3fab772ec7a9adaa33cfc64ff0475 av-styling- avia-align-center  avia-builder-el-8  avia-builder-el-no-sibling'  itemprop=\"image\" itemscope=\"itemscope\" itemtype=\"https:\/\/schema.org\/ImageObject\" ><div class=\"avia-image-container-inner\"><div class=\"avia-image-overlay-wrap\"><img decoding=\"async\" class='wp-image-187 avia-img-lazy-loading-not-187 avia_image' src=\"https:\/\/www.vdhurk.nl\/wp-content\/uploads\/2022\/03\/Voorrad.png\" alt='' title='Stock'  height=\"758\" width=\"1135\"  itemprop=\"thumbnailUrl\" srcset=\"https:\/\/www.vdhurk.nl\/wp-content\/uploads\/2022\/03\/Voorrad.png 1135w, https:\/\/www.vdhurk.nl\/wp-content\/uploads\/2022\/03\/Voorrad-300x200.png 300w, https:\/\/www.vdhurk.nl\/wp-content\/uploads\/2022\/03\/Voorrad-1030x688.png 1030w, https:\/\/www.vdhurk.nl\/wp-content\/uploads\/2022\/03\/Voorrad-768x513.png 768w, https:\/\/www.vdhurk.nl\/wp-content\/uploads\/2022\/03\/Voorrad-18x12.png 18w, https:\/\/www.vdhurk.nl\/wp-content\/uploads\/2022\/03\/Voorrad-705x471.png 705w\" sizes=\"(max-width: 1135px) 100vw, 1135px\" \/><\/div><\/div><\/div><\/div>\n\n<style type=\"text\/css\" data-created_by=\"avia_inline_auto\" id=\"style-css-av-luqrjpjc-5a23a1fb5f94718ca85316a9df963e2f\">\n#top .hr.hr-invisible.av-luqrjpjc-5a23a1fb5f94718ca85316a9df963e2f{\nheight:50px;\n}\n<\/style>\n<div  class='hr av-luqrjpjc-5a23a1fb5f94718ca85316a9df963e2f hr-invisible  avia-builder-el-9  el_after_av_one_third  el_before_av_textblock'><span class='hr-inner'><span class=\"hr-inner-style\"><\/span><\/span><\/div>\n<section  class='av_textblock_section av-lu8gtjw7-4f3cee9304909518d86d2860d9d582dd'  itemscope=\"itemscope\" itemtype=\"https:\/\/schema.org\/CreativeWork\" ><div class='avia_textblock'  itemprop=\"text\" ><h2>W jakim przedziale cenowym znajduje si\u0119 Renault Master?<\/h2>\n<p>Ceny Renault Master r\u00f3\u017cni\u0105 si\u0119 w zale\u017cno\u015bci od wersji i wyposa\u017cenia. Nasza oferta obejmuje zar\u00f3wno praktyczne, podstawowe wersje, jak i w pe\u0142ni wyposa\u017cone modele z ka\u017cd\u0105 mo\u017cliw\u0105 opcj\u0105. Niezale\u017cnie od tego, czy szukasz prostego modelu, kt\u00f3ry zmie\u015bci si\u0119 w Twoim bud\u017cecie, czy luksusowej wersji, kt\u00f3ra spe\u0142ni wszystkie Twoje potrzeby, u nas zawsze znajdziesz pojazd u\u017cytkowy odpowiadaj\u0105cy Twoim potrzebom i portfelowi.<\/p>\n<h2>Leasing Renault Master<\/h2>\n<p>Rozwa\u017casz zakup Renault Master? W takim razie masz do wyboru r\u00f3\u017cne opcje p\u0142atno\u015bci. Wolisz zap\u0142aci\u0107 od razu czy roz\u0142o\u017cy\u0107 koszty? Dzi\u0119ki leasingowi finansowemu nie musisz dokonywa\u0107 du\u017cej inwestycji za jednym razem. Pojazd u\u017cytkowy sp\u0142acasz w \u0142atwych do sp\u0142aty ratach, korzystaj\u0105c z niego od razu. A co najlepsze? Po zako\u0144czeniu umowy leasingowej stajesz si\u0119 dumnym w\u0142a\u015bcicielem w\u0142asnego Renault Master. W ten spos\u00f3b \u0142\u0105czysz elastyczno\u015b\u0107 z m\u0105drymi wyborami finansowymi.<\/p>\n<h2>Znajd\u017a idealny samoch\u00f3d s\u0142u\u017cbowy<\/h2>\n<p>Kupujesz Renault Master u\u017cywane czy nowe? Chcesz dowiedzie\u0107 si\u0119 wi\u0119cej o tym, co odpowiada Twoim potrzebom biznesowym? Z przyjemno\u015bci\u0105 pomo\u017cemy Ci dokona\u0107 w\u0142a\u015bciwego wyboru. Zobacz <a href=\"https:\/\/www.vdhurk.nl\/pl\/pojazdy-uzytkowe\/\">nasza aktualna oferta<\/a> lub po prostu skontaktuj si\u0119 z nami. Jako g\u0142\u00f3wny dealer Renault z przyjemno\u015bci\u0105 pomo\u017cemy w znalezieniu idealnego pojazdu u\u017cytkowego.<\/p>\n<\/div><\/section>","protected":false},"excerpt":{"rendered":"","protected":false},"author":3,"featured_media":0,"parent":372057,"menu_order":0,"comment_status":"closed","ping_status":"closed","template":"","meta":{"_acf_changed":false,"_improvement_type_select":"improve_an_existing","_thumb_yes_seoaic":false,"_frame_yes_seoaic":false,"seoaic_generate_description":"","seoaic_improve_instructions_prompt":"","seoaic_rollback_content_improvement":"","seoaic_idea_thumbnail_generator":"","thumbnail_generated":false,"thumbnail_generate_prompt":"","seoaic_article_description":"","footnotes":""},"class_list":["post-422128","page","type-page","status-publish","hentry"],"acf":[],"yoast_head":"<!-- This site is optimized with the Yoast SEO plugin v27.5 - https:\/\/yoast.com\/product\/yoast-seo-wordpress\/ -->\n<title>Koop een Renault Master occasion<\/title>\n<meta name=\"description\" content=\"Een betrouwbaar bedrijfsvoertuig kopen? Ontdek alle specificaties en voordelen van de Renault Master occasion en bekijk het aanbod.\" \/>\n<meta name=\"robots\" content=\"index, follow, max-snippet:-1, max-image-preview:large, max-video-preview:-1\" \/>\n<link rel=\"canonical\" href=\"https:\/\/www.vdhurk.nl\/pl\/pojazdy-uzytkowe-renault\/mistrz\/\" \/>\n<meta property=\"og:locale\" content=\"pl_PL\" \/>\n<meta property=\"og:type\" content=\"article\" \/>\n<meta property=\"og:title\" content=\"Koop een Renault Master occasion\" \/>\n<meta property=\"og:description\" content=\"Een betrouwbaar bedrijfsvoertuig kopen? Ontdek alle specificaties en voordelen van de Renault Master occasion en bekijk het aanbod.\" \/>\n<meta property=\"og:url\" content=\"https:\/\/www.vdhurk.nl\/pl\/pojazdy-uzytkowe-renault\/mistrz\/\" \/>\n<meta property=\"og:site_name\" content=\"Van den Hurk Bedrijfswagens\" \/>\n<meta property=\"article:modified_time\" content=\"2024-12-05T12:17:53+00:00\" \/>\n<meta name=\"twitter:card\" content=\"summary_large_image\" \/>\n<meta name=\"twitter:label1\" content=\"Szacowany czas czytania\" \/>\n\t<meta name=\"twitter:data1\" content=\"4 minuty\" \/>\n<script type=\"application\/ld+json\" class=\"yoast-schema-graph\">{\"@context\":\"https:\\\/\\\/schema.org\",\"@graph\":[{\"@type\":\"WebPage\",\"@id\":\"https:\\\/\\\/www.vdhurk.nl\\\/renault-bedrijfswagens\\\/master\\\/\",\"url\":\"https:\\\/\\\/www.vdhurk.nl\\\/renault-bedrijfswagens\\\/master\\\/\",\"name\":\"Koop een Renault Master occasion\",\"isPartOf\":{\"@id\":\"https:\\\/\\\/www.vdhurk.nl\\\/#website\"},\"datePublished\":\"2024-12-05T12:10:35+00:00\",\"dateModified\":\"2024-12-05T12:17:53+00:00\",\"description\":\"Een betrouwbaar bedrijfsvoertuig kopen? Ontdek alle specificaties en voordelen van de Renault Master occasion en bekijk het aanbod.\",\"breadcrumb\":{\"@id\":\"https:\\\/\\\/www.vdhurk.nl\\\/renault-bedrijfswagens\\\/master\\\/#breadcrumb\"},\"inLanguage\":\"pl-PL\",\"potentialAction\":[{\"@type\":\"ReadAction\",\"target\":[\"https:\\\/\\\/www.vdhurk.nl\\\/renault-bedrijfswagens\\\/master\\\/\"]}]},{\"@type\":\"BreadcrumbList\",\"@id\":\"https:\\\/\\\/www.vdhurk.nl\\\/renault-bedrijfswagens\\\/master\\\/#breadcrumb\",\"itemListElement\":[{\"@type\":\"ListItem\",\"position\":1,\"name\":\"Home\",\"item\":\"https:\\\/\\\/www.vdhurk.nl\\\/home\\\/\"},{\"@type\":\"ListItem\",\"position\":2,\"name\":\"Renault Bedrijfswagens\",\"item\":\"https:\\\/\\\/www.vdhurk.nl\\\/renault-bedrijfswagens\\\/\"},{\"@type\":\"ListItem\",\"position\":3,\"name\":\"Renault Master\"}]},{\"@type\":\"WebSite\",\"@id\":\"https:\\\/\\\/www.vdhurk.nl\\\/#website\",\"url\":\"https:\\\/\\\/www.vdhurk.nl\\\/\",\"name\":\"Van den Hurk Bedrijfswagens\",\"description\":\"Van den Hurk bedrijfswagens Helmond\",\"potentialAction\":[{\"@type\":\"SearchAction\",\"target\":{\"@type\":\"EntryPoint\",\"urlTemplate\":\"https:\\\/\\\/www.vdhurk.nl\\\/?s={search_term_string}\"},\"query-input\":{\"@type\":\"PropertyValueSpecification\",\"valueRequired\":true,\"valueName\":\"search_term_string\"}}],\"inLanguage\":\"pl-PL\"}]}<\/script>\n<!-- \/ Yoast SEO plugin. -->","yoast_head_json":{"title":"Kup u\u017cywany samoch\u00f3d Renault Master","description":"Kupujesz niezawodny pojazd u\u017cytkowy? Odkryj wszystkie specyfikacje i zalety Renault Master occasion i przejrzyj ofert\u0119.","robots":{"index":"index","follow":"follow","max-snippet":"max-snippet:-1","max-image-preview":"max-image-preview:large","max-video-preview":"max-video-preview:-1"},"canonical":"https:\/\/www.vdhurk.nl\/pl\/pojazdy-uzytkowe-renault\/mistrz\/","og_locale":"pl_PL","og_type":"article","og_title":"Koop een Renault Master occasion","og_description":"Een betrouwbaar bedrijfsvoertuig kopen? Ontdek alle specificaties en voordelen van de Renault Master occasion en bekijk het aanbod.","og_url":"https:\/\/www.vdhurk.nl\/pl\/pojazdy-uzytkowe-renault\/mistrz\/","og_site_name":"Van den Hurk Bedrijfswagens","article_modified_time":"2024-12-05T12:17:53+00:00","twitter_card":"summary_large_image","twitter_misc":{"Szacowany czas czytania":"4 minuty"},"schema":{"@context":"https:\/\/schema.org","@graph":[{"@type":"WebPage","@id":"https:\/\/www.vdhurk.nl\/renault-bedrijfswagens\/master\/","url":"https:\/\/www.vdhurk.nl\/renault-bedrijfswagens\/master\/","name":"Kup u\u017cywany samoch\u00f3d Renault Master","isPartOf":{"@id":"https:\/\/www.vdhurk.nl\/#website"},"datePublished":"2024-12-05T12:10:35+00:00","dateModified":"2024-12-05T12:17:53+00:00","description":"Kupujesz niezawodny pojazd u\u017cytkowy? Odkryj wszystkie specyfikacje i zalety Renault Master occasion i przejrzyj ofert\u0119.","breadcrumb":{"@id":"https:\/\/www.vdhurk.nl\/renault-bedrijfswagens\/master\/#breadcrumb"},"inLanguage":"pl-PL","potentialAction":[{"@type":"ReadAction","target":["https:\/\/www.vdhurk.nl\/renault-bedrijfswagens\/master\/"]}]},{"@type":"BreadcrumbList","@id":"https:\/\/www.vdhurk.nl\/renault-bedrijfswagens\/master\/#breadcrumb","itemListElement":[{"@type":"ListItem","position":1,"name":"Home","item":"https:\/\/www.vdhurk.nl\/home\/"},{"@type":"ListItem","position":2,"name":"Renault Bedrijfswagens","item":"https:\/\/www.vdhurk.nl\/renault-bedrijfswagens\/"},{"@type":"ListItem","position":3,"name":"Renault Master"}]},{"@type":"WebSite","@id":"https:\/\/www.vdhurk.nl\/#website","url":"https:\/\/www.vdhurk.nl\/","name":"Van den Hurk - pojazdy u\u017cytkowe","description":"Van den Hurk pojazdy u\u017cytkowe Helmond","potentialAction":[{"@type":"SearchAction","target":{"@type":"EntryPoint","urlTemplate":"https:\/\/www.vdhurk.nl\/?s={search_term_string}"},"query-input":{"@type":"PropertyValueSpecification","valueRequired":true,"valueName":"search_term_string"}}],"inLanguage":"pl-PL"}]}},"_links":{"self":[{"href":"https:\/\/www.vdhurk.nl\/pl\/wp-json\/wp\/v2\/pages\/422128","targetHints":{"allow":["GET"]}}],"collection":[{"href":"https:\/\/www.vdhurk.nl\/pl\/wp-json\/wp\/v2\/pages"}],"about":[{"href":"https:\/\/www.vdhurk.nl\/pl\/wp-json\/wp\/v2\/types\/page"}],"author":[{"embeddable":true,"href":"https:\/\/www.vdhurk.nl\/pl\/wp-json\/wp\/v2\/users\/3"}],"replies":[{"embeddable":true,"href":"https:\/\/www.vdhurk.nl\/pl\/wp-json\/wp\/v2\/comments?post=422128"}],"version-history":[{"count":4,"href":"https:\/\/www.vdhurk.nl\/pl\/wp-json\/wp\/v2\/pages\/422128\/revisions"}],"predecessor-version":[{"id":422132,"href":"https:\/\/www.vdhurk.nl\/pl\/wp-json\/wp\/v2\/pages\/422128\/revisions\/422132"}],"up":[{"embeddable":true,"href":"https:\/\/www.vdhurk.nl\/pl\/wp-json\/wp\/v2\/pages\/372057"}],"wp:attachment":[{"href":"https:\/\/www.vdhurk.nl\/pl\/wp-json\/wp\/v2\/media?parent=422128"}],"curies":[{"name":"wp","href":"https:\/\/api.w.org\/{rel}","templated":true}]}}