{"id":422104,"date":"2024-12-05T12:27:14","date_gmt":"2024-12-05T11:27:14","guid":{"rendered":"https:\/\/www.vdhurk.nl\/?page_id=422104"},"modified":"2024-12-05T12:27:14","modified_gmt":"2024-12-05T11:27:14","slug":"movano","status":"publish","type":"page","link":"https:\/\/www.vdhurk.nl\/pl\/opel-bedrijfswagens\/movano\/","title":{"rendered":"Open Movano"},"content":{"rendered":"<section  class='av_textblock_section av-lu8gnh7d-4ac895489941e586c1d7c8cb72318135'  itemscope=\"itemscope\" itemtype=\"https:\/\/schema.org\/CreativeWork\" ><div class='avia_textblock'  itemprop=\"text\" ><h1>Czy zdecydujesz si\u0119 na Opla Movano z tej okazji?<\/h1>\n<p>Szukasz idealnego pojazdu u\u017cytkowego? W takim razie zdecydowanie warto rozwa\u017cy\u0107 okazj\u0119 Vauxhall Movano. Ten pojazd u\u017cytkowy jest popularnym wyborem w\u015br\u00f3d u\u017cytkownik\u00f3w biznesowych i nie bez powodu. Zastanawiasz si\u0119, czy Vauxhall Movano odpowiada Twoim potrzebom? Czytaj dalej i odkryj wszystkie jego zalety.<\/p>\n<\/div><\/section>\n\n<style type=\"text\/css\" data-created_by=\"avia_inline_auto\" id=\"style-css-av-lujjddpd-afa3d7a9eabd61123e643ed1228e781e\">\n#top .hr.hr-invisible.av-lujjddpd-afa3d7a9eabd61123e643ed1228e781e{\nheight:50px;\n}\n<\/style>\n<div  class='hr av-lujjddpd-afa3d7a9eabd61123e643ed1228e781e hr-invisible  avia-builder-el-1  el_after_av_textblock  el_before_av_codeblock'><span class='hr-inner'><span class=\"hr-inner-style\"><\/span><\/span><\/div>\n\n\n<style type=\"text\/css\" data-created_by=\"avia_inline_auto\" id=\"style-css-av-ah0xd-63338d9dc6b40410e22a712829c369d6\">\n#top .hr.hr-invisible.av-ah0xd-63338d9dc6b40410e22a712829c369d6{\nheight:50px;\n}\n<\/style>\n<div  class='hr av-ah0xd-63338d9dc6b40410e22a712829c369d6 hr-invisible  avia-builder-el-3  el_after_av_codeblock  el_before_av_textblock'><span class='hr-inner'><span class=\"hr-inner-style\"><\/span><\/span><\/div>\n<section  class='av_textblock_section av-lu8gow1e-300853e458ed741bd87d6cb78e55cc7a'  itemscope=\"itemscope\" itemtype=\"https:\/\/schema.org\/CreativeWork\" ><div class='avia_textblock'  itemprop=\"text\" ><h2>Specyfikacja Opla Movano<\/h2>\n<p>Opel Movano oferuje wszystko, czego potrzebujesz w poje\u017adzie u\u017cytkowym. Dzi\u0119ki imponuj\u0105cej \u0142adowno\u015bci doskonale nadaje si\u0119 do transportu zar\u00f3wno ma\u0142ych, jak i du\u017cych \u0142adunk\u00f3w. Dzi\u0119ki wszechstronno\u015bci i niezawodno\u015bci tego modelu masz pewno\u015b\u0107, \u017ce pojazd poradzi sobie z ka\u017cdym wyzwaniem biznesowym. Co wi\u0119cej, Movano jest dost\u0119pny w r\u00f3\u017cnych wersjach wyposa\u017cenia, dzi\u0119ki czemu zawsze znajdziesz wariant odpowiadaj\u0105cy Twoim konkretnym potrzebom. Ponadto model ten jest wyposa\u017cony w r\u00f3\u017cne systemy wspomagaj\u0105ce jazd\u0119, kt\u00f3re zapewniaj\u0105 bezpiecze\u0144stwo na drodze. Dzi\u0119ki wydajnej konstrukcji i \u0142atwo\u015bci prowadzenia Opel Movano pomaga maksymalnie wykorzysta\u0107 dzie\u0144 pracy i przenie\u015b\u0107 biznes na wy\u017cszy poziom.<\/p>\n<\/div><\/section>\n<div class='flex_column av-f64w1-da126f42b61613402309283c14245a25 av_one_half  avia-builder-el-5  el_after_av_textblock  el_before_av_one_third  first flex_column_div column-top-margin'   ><section  class='av_textblock_section av-lu8gpqre-73cc2c17e6a6497ba6e1b58af22bd9e8'  itemscope=\"itemscope\" itemtype=\"https:\/\/schema.org\/CreativeWork\" ><div class='avia_textblock'  itemprop=\"text\" ><h2>R\u00f3\u017cne wersje<\/h2>\n<p>Opel Movano to pojazd u\u017cytkowy w pe\u0142ni dostosowany do Twoich potrzeb. Model ten jest dost\u0119pny w r\u00f3\u017cnych wersjach, takich jak furgon lub wariant z podw\u00f3jn\u0105 kabin\u0105. Mo\u017cesz tak\u017ce wybiera\u0107 spo\u015br\u00f3d r\u00f3\u017cnych wysoko\u015bci dachu, dzi\u0119ki czemu zawsze znajdziesz idealn\u0105 kombinacj\u0119 dla swoich potrzeb transportowych. \u0141adowno\u015b\u0107 r\u00f3\u017cni si\u0119 w zale\u017cno\u015bci od wersji, dzi\u0119ki czemu mo\u017cesz wybra\u0107 dok\u0142adnie taki model, kt\u00f3ry pasuje do \u0142adunk\u00f3w, kt\u00f3re chcesz przewie\u017a\u0107. Nie znalaz\u0142e\u015b jeszcze tego, czego szukasz? Nie martw si\u0119. Nasza oferta stale si\u0119 zmienia, wi\u0119c idealny pojazd u\u017cytkowy mo\u017ce nagle sta\u0107 si\u0119 dost\u0119pny. Pozosta\u0144 z nami <a href=\"https:\/\/www.vdhurk.nl\/pl\/pojazdy-uzytkowe\/\">aktualna oferta<\/a> w oku. Szukasz konkretnego modelu? Daj nam zna\u0107 za po\u015brednictwem naszego <a href=\"https:\/\/www.vdhurk.nl\/pl\/alarm-gieldowy\/\">stockalert<\/a>a my pomo\u017cemy Ci znale\u017a\u0107 idealny samoch\u00f3d s\u0142u\u017cbowy.<\/p>\n<\/div><\/section><\/div><div class='flex_column av-aldk9-ee694297f5c4032981677a02caab84d6 av_one_third  avia-builder-el-7  el_after_av_one_half  el_before_av_hr  flex_column_div column-top-margin'   ><style type=\"text\/css\" data-created_by=\"avia_inline_auto\" id=\"style-css-av-l1w9kpsf-4ec3fab772ec7a9adaa33cfc64ff0475\">\n.avia-image-container.av-l1w9kpsf-4ec3fab772ec7a9adaa33cfc64ff0475 .av-image-caption-overlay-center{\ncolor:#ffffff;\n}\n<\/style>\n<div  class='avia-image-container av-l1w9kpsf-4ec3fab772ec7a9adaa33cfc64ff0475 av-styling- avia-align-center  avia-builder-el-8  avia-builder-el-no-sibling'  itemprop=\"image\" itemscope=\"itemscope\" itemtype=\"https:\/\/schema.org\/ImageObject\" ><div class=\"avia-image-container-inner\"><div class=\"avia-image-overlay-wrap\"><img decoding=\"async\" class='wp-image-187 avia-img-lazy-loading-not-187 avia_image' src=\"https:\/\/www.vdhurk.nl\/wp-content\/uploads\/2022\/03\/Voorrad.png\" alt='' title='Stock'  height=\"758\" width=\"1135\"  itemprop=\"thumbnailUrl\" srcset=\"https:\/\/www.vdhurk.nl\/wp-content\/uploads\/2022\/03\/Voorrad.png 1135w, https:\/\/www.vdhurk.nl\/wp-content\/uploads\/2022\/03\/Voorrad-300x200.png 300w, https:\/\/www.vdhurk.nl\/wp-content\/uploads\/2022\/03\/Voorrad-1030x688.png 1030w, https:\/\/www.vdhurk.nl\/wp-content\/uploads\/2022\/03\/Voorrad-768x513.png 768w, https:\/\/www.vdhurk.nl\/wp-content\/uploads\/2022\/03\/Voorrad-18x12.png 18w, https:\/\/www.vdhurk.nl\/wp-content\/uploads\/2022\/03\/Voorrad-705x471.png 705w\" sizes=\"(max-width: 1135px) 100vw, 1135px\" \/><\/div><\/div><\/div><\/div><\/p>\n\n<style type=\"text\/css\" data-created_by=\"avia_inline_auto\" id=\"style-css-av-luqrjpjc-5a23a1fb5f94718ca85316a9df963e2f\">\n#top .hr.hr-invisible.av-luqrjpjc-5a23a1fb5f94718ca85316a9df963e2f{\nheight:50px;\n}\n<\/style>\n<div  class='hr av-luqrjpjc-5a23a1fb5f94718ca85316a9df963e2f hr-invisible  avia-builder-el-9  el_after_av_one_third  el_before_av_textblock'><span class='hr-inner'><span class=\"hr-inner-style\"><\/span><\/span><\/div>\n<section  class='av_textblock_section av-lu8gtjw7-4f3cee9304909518d86d2860d9d582dd'  itemscope=\"itemscope\" itemtype=\"https:\/\/schema.org\/CreativeWork\" ><div class='avia_textblock'  itemprop=\"text\" ><h2>A co z cenami?<\/h2>\n<p>Je\u015bli zamierzasz kupi\u0107 samoch\u00f3d s\u0142u\u017cbowy, cena jest oczywi\u015bcie wa\u017cnym czynnikiem. W Van den Hurk znajdziesz ten model zar\u00f3wno w wersji nowej, jak i u\u017cywanej, na ka\u017cd\u0105 kiesze\u0144. Cena zale\u017cy od takich czynnik\u00f3w, jak model, rok produkcji i przebieg. Niezale\u017cnie od tego, czy wybierzesz nowy model, czy niezawodny u\u017cywany, zawsze mo\u017cesz liczy\u0107 na doskona\u0142y stosunek ceny do jako\u015bci. Potrzebujesz bardziej szczeg\u00f3\u0142owych informacji na temat ceny? Skontaktuj si\u0119 z nami. Z przyjemno\u015bci\u0105 pomo\u017cemy.<\/p>\n<h2>Leasing czy zakup Opla Movano?<\/h2>\n<p>Czy wiesz, \u017ce Van den Hurk oferuje kilka opcji p\u0142atno\u015bci? Opr\u00f3cz bezpo\u015bredniego zakupu, mo\u017cesz r\u00f3wnie\u017c zdecydowa\u0107 si\u0119 na <a href=\"https:\/\/www.vdhurk.nl\/pl\/leasing-finansowy\/\">leasing finansowy<\/a>. Dzi\u0119ki tej elastycznej opcji p\u0142acisz sta\u0142\u0105 kwot\u0119 miesi\u0119cznie i stopniowo stajesz si\u0119 w\u0142a\u015bcicielem pojazdu firmowego. Po zako\u0144czeniu umowy leasingowej pojazd u\u017cytkowy nale\u017cy do Ciebie. Leasing finansowy jest idealny, je\u015bli chcesz rozwija\u0107 swoj\u0105 firm\u0119 bez natychmiastowego inwestowania du\u017cej ilo\u015bci pieni\u0119dzy. W ten spos\u00f3b zachowujesz przestrze\u0144 finansow\u0105 na inne wa\u017cne wydatki.<\/p>\n<h2>Znajd\u017a swojego idealnego Opla Movano<\/h2>\n<p>Chcesz kupi\u0107 Opla Movano? A mo\u017ce potrzebujesz troch\u0119 wi\u0119cej informacji, aby wiedzie\u0107, \u017ce Opel Movano u\u017cywany lub nowy jest idealnym pojazdem u\u017cytkowym? Nie ma problemu. Ch\u0119tnie pomo\u017cemy Ci dokona\u0107 w\u0142a\u015bciwego wyboru. Skontaktuj si\u0119 z nami, aby uzyska\u0107 wi\u0119cej informacji lub przejrzyj nasz\u0105 ofert\u0119, aby odkry\u0107 modele Vauxhall Movano.<\/p>\n<\/div><\/section>","protected":false},"excerpt":{"rendered":"","protected":false},"author":3,"featured_media":0,"parent":372050,"menu_order":0,"comment_status":"closed","ping_status":"closed","template":"","meta":{"_acf_changed":false,"_improvement_type_select":"improve_an_existing","_thumb_yes_seoaic":false,"_frame_yes_seoaic":false,"seoaic_generate_description":"","seoaic_improve_instructions_prompt":"","seoaic_rollback_content_improvement":"","seoaic_idea_thumbnail_generator":"","thumbnail_generated":false,"thumbnail_generate_prompt":"","seoaic_article_description":"","footnotes":""},"class_list":["post-422104","page","type-page","status-publish","hentry"],"acf":[],"yoast_head":"<!-- This site is optimized with the Yoast SEO plugin v27.2 - https:\/\/yoast.com\/product\/yoast-seo-wordpress\/ -->\n<title>Opel Movano occasion kopen?<\/title>\n<meta name=\"description\" content=\"Op zoek naar een Opel Movano occasion? Bekijk het aanbod en ontdek de voordelen van deze betrouwbare en veelzijdige bedrijfswagen.\" \/>\n<meta name=\"robots\" content=\"index, follow, max-snippet:-1, max-image-preview:large, max-video-preview:-1\" \/>\n<link rel=\"canonical\" href=\"https:\/\/www.vdhurk.nl\/pl\/pojazdy-uzytkowe-vauxhall\/movano\/\" \/>\n<meta property=\"og:locale\" content=\"pl_PL\" \/>\n<meta property=\"og:type\" content=\"article\" \/>\n<meta property=\"og:title\" content=\"Opel Movano occasion kopen?\" \/>\n<meta property=\"og:description\" content=\"Op zoek naar een Opel Movano occasion? Bekijk het aanbod en ontdek de voordelen van deze betrouwbare en veelzijdige bedrijfswagen.\" \/>\n<meta property=\"og:url\" content=\"https:\/\/www.vdhurk.nl\/pl\/pojazdy-uzytkowe-vauxhall\/movano\/\" \/>\n<meta property=\"og:site_name\" content=\"Van den Hurk Bedrijfswagens\" \/>\n<meta name=\"twitter:card\" content=\"summary_large_image\" \/>\n<meta name=\"twitter:label1\" content=\"Szacowany czas czytania\" \/>\n\t<meta name=\"twitter:data1\" content=\"5 minut\" \/>\n<script type=\"application\/ld+json\" class=\"yoast-schema-graph\">{\"@context\":\"https:\/\/schema.org\",\"@graph\":[{\"@type\":\"WebPage\",\"@id\":\"https:\/\/www.vdhurk.nl\/opel-bedrijfswagens\/movano\/\",\"url\":\"https:\/\/www.vdhurk.nl\/opel-bedrijfswagens\/movano\/\",\"name\":\"Opel Movano occasion kopen?\",\"isPartOf\":{\"@id\":\"https:\/\/www.vdhurk.nl\/#website\"},\"datePublished\":\"2024-12-05T11:27:14+00:00\",\"description\":\"Op zoek naar een Opel Movano occasion? Bekijk het aanbod en ontdek de voordelen van deze betrouwbare en veelzijdige bedrijfswagen.\",\"breadcrumb\":{\"@id\":\"https:\/\/www.vdhurk.nl\/opel-bedrijfswagens\/movano\/#breadcrumb\"},\"inLanguage\":\"pl-PL\",\"potentialAction\":[{\"@type\":\"ReadAction\",\"target\":[\"https:\/\/www.vdhurk.nl\/opel-bedrijfswagens\/movano\/\"]}]},{\"@type\":\"BreadcrumbList\",\"@id\":\"https:\/\/www.vdhurk.nl\/opel-bedrijfswagens\/movano\/#breadcrumb\",\"itemListElement\":[{\"@type\":\"ListItem\",\"position\":1,\"name\":\"Home\",\"item\":\"https:\/\/www.vdhurk.nl\/home\/\"},{\"@type\":\"ListItem\",\"position\":2,\"name\":\"Opel Bedrijfswagens\",\"item\":\"https:\/\/www.vdhurk.nl\/opel-bedrijfswagens\/\"},{\"@type\":\"ListItem\",\"position\":3,\"name\":\"Open Movano\"}]},{\"@type\":\"WebSite\",\"@id\":\"https:\/\/www.vdhurk.nl\/#website\",\"url\":\"https:\/\/www.vdhurk.nl\/\",\"name\":\"Van den Hurk Bedrijfswagens\",\"description\":\"Van den Hurk bedrijfswagens Helmond\",\"potentialAction\":[{\"@type\":\"SearchAction\",\"target\":{\"@type\":\"EntryPoint\",\"urlTemplate\":\"https:\/\/www.vdhurk.nl\/?s={search_term_string}\"},\"query-input\":{\"@type\":\"PropertyValueSpecification\",\"valueRequired\":true,\"valueName\":\"search_term_string\"}}],\"inLanguage\":\"pl-PL\"}]}<\/script>\n<!-- \/ Yoast SEO plugin. -->","yoast_head_json":{"title":"Kupi\u0107 okazj\u0119 Vauxhall Movano?","description":"Szukasz okazji na Opla Movano? Sprawd\u017a ofert\u0119 i odkryj zalety tego niezawodnego i wszechstronnego pojazdu u\u017cytkowego.","robots":{"index":"index","follow":"follow","max-snippet":"max-snippet:-1","max-image-preview":"max-image-preview:large","max-video-preview":"max-video-preview:-1"},"canonical":"https:\/\/www.vdhurk.nl\/pl\/pojazdy-uzytkowe-vauxhall\/movano\/","og_locale":"pl_PL","og_type":"article","og_title":"Opel Movano occasion kopen?","og_description":"Op zoek naar een Opel Movano occasion? Bekijk het aanbod en ontdek de voordelen van deze betrouwbare en veelzijdige bedrijfswagen.","og_url":"https:\/\/www.vdhurk.nl\/pl\/pojazdy-uzytkowe-vauxhall\/movano\/","og_site_name":"Van den Hurk Bedrijfswagens","twitter_card":"summary_large_image","twitter_misc":{"Szacowany czas czytania":"5 minut"},"schema":{"@context":"https:\/\/schema.org","@graph":[{"@type":"WebPage","@id":"https:\/\/www.vdhurk.nl\/opel-bedrijfswagens\/movano\/","url":"https:\/\/www.vdhurk.nl\/opel-bedrijfswagens\/movano\/","name":"Kupi\u0107 okazj\u0119 Vauxhall Movano?","isPartOf":{"@id":"https:\/\/www.vdhurk.nl\/#website"},"datePublished":"2024-12-05T11:27:14+00:00","description":"Szukasz okazji na Opla Movano? Sprawd\u017a ofert\u0119 i odkryj zalety tego niezawodnego i wszechstronnego pojazdu u\u017cytkowego.","breadcrumb":{"@id":"https:\/\/www.vdhurk.nl\/opel-bedrijfswagens\/movano\/#breadcrumb"},"inLanguage":"pl-PL","potentialAction":[{"@type":"ReadAction","target":["https:\/\/www.vdhurk.nl\/opel-bedrijfswagens\/movano\/"]}]},{"@type":"BreadcrumbList","@id":"https:\/\/www.vdhurk.nl\/opel-bedrijfswagens\/movano\/#breadcrumb","itemListElement":[{"@type":"ListItem","position":1,"name":"Home","item":"https:\/\/www.vdhurk.nl\/home\/"},{"@type":"ListItem","position":2,"name":"Opel Bedrijfswagens","item":"https:\/\/www.vdhurk.nl\/opel-bedrijfswagens\/"},{"@type":"ListItem","position":3,"name":"Open Movano"}]},{"@type":"WebSite","@id":"https:\/\/www.vdhurk.nl\/#website","url":"https:\/\/www.vdhurk.nl\/","name":"Van den Hurk - pojazdy u\u017cytkowe","description":"Van den Hurk pojazdy u\u017cytkowe Helmond","potentialAction":[{"@type":"SearchAction","target":{"@type":"EntryPoint","urlTemplate":"https:\/\/www.vdhurk.nl\/?s={search_term_string}"},"query-input":{"@type":"PropertyValueSpecification","valueRequired":true,"valueName":"search_term_string"}}],"inLanguage":"pl-PL"}]}},"_links":{"self":[{"href":"https:\/\/www.vdhurk.nl\/pl\/wp-json\/wp\/v2\/pages\/422104","targetHints":{"allow":["GET"]}}],"collection":[{"href":"https:\/\/www.vdhurk.nl\/pl\/wp-json\/wp\/v2\/pages"}],"about":[{"href":"https:\/\/www.vdhurk.nl\/pl\/wp-json\/wp\/v2\/types\/page"}],"author":[{"embeddable":true,"href":"https:\/\/www.vdhurk.nl\/pl\/wp-json\/wp\/v2\/users\/3"}],"replies":[{"embeddable":true,"href":"https:\/\/www.vdhurk.nl\/pl\/wp-json\/wp\/v2\/comments?post=422104"}],"version-history":[{"count":1,"href":"https:\/\/www.vdhurk.nl\/pl\/wp-json\/wp\/v2\/pages\/422104\/revisions"}],"predecessor-version":[{"id":422105,"href":"https:\/\/www.vdhurk.nl\/pl\/wp-json\/wp\/v2\/pages\/422104\/revisions\/422105"}],"up":[{"embeddable":true,"href":"https:\/\/www.vdhurk.nl\/pl\/wp-json\/wp\/v2\/pages\/372050"}],"wp:attachment":[{"href":"https:\/\/www.vdhurk.nl\/pl\/wp-json\/wp\/v2\/media?parent=422104"}],"curies":[{"name":"wp","href":"https:\/\/api.w.org\/{rel}","templated":true}]}}