{"id":409559,"date":"2024-10-16T15:40:17","date_gmt":"2024-10-16T13:40:17","guid":{"rendered":"https:\/\/www.vdhurk.nl\/?page_id=409559"},"modified":"2024-10-16T15:40:17","modified_gmt":"2024-10-16T13:40:17","slug":"mercedes-10","status":"publish","type":"page","link":"https:\/\/www.vdhurk.nl\/pl\/renault-bedrijfswagens\/kangoo\/","title":{"rendered":"Renault Kangoo"},"content":{"rendered":"<section  class='av_textblock_section av-lu8gnh7d-4ac895489941e586c1d7c8cb72318135'  itemscope=\"itemscope\" itemtype=\"https:\/\/schema.org\/CreativeWork\" ><div class='avia_textblock'  itemprop=\"text\" ><h1>Renault Kangoo occasion: idealny pojazd u\u017cytkowy<\/h1>\n<p>Szukasz niezawodnego i wszechstronnego samochodu u\u017cytkowego? W takim razie przyjrzyj si\u0119 u\u017cywanemu samochodowi Renault Kangoo! Jest to idealny pojazd dla ka\u017cdej firmy, dzi\u0119ki wielu wersjom i specyfikacjom, kt\u00f3re mo\u017cna dostosowa\u0107 do swoich potrzeb. Brzmi dobrze? Czytaj dalej i dowiedz si\u0119, czy Kangoo jest dok\u0142adnie tym, czego potrzebujesz.<\/p>\n<\/div><\/section>\n\n<style type=\"text\/css\" data-created_by=\"avia_inline_auto\" id=\"style-css-av-lujjddpd-afa3d7a9eabd61123e643ed1228e781e\">\n#top .hr.hr-invisible.av-lujjddpd-afa3d7a9eabd61123e643ed1228e781e{\nheight:50px;\n}\n<\/style>\n<div  class='hr av-lujjddpd-afa3d7a9eabd61123e643ed1228e781e hr-invisible  avia-builder-el-1  el_after_av_textblock  el_before_av_codeblock'><span class='hr-inner'><span class=\"hr-inner-style\"><\/span><\/span><\/div>\n\n\n<style type=\"text\/css\" data-created_by=\"avia_inline_auto\" id=\"style-css-av-ah0xd-63338d9dc6b40410e22a712829c369d6\">\n#top .hr.hr-invisible.av-ah0xd-63338d9dc6b40410e22a712829c369d6{\nheight:50px;\n}\n<\/style>\n<div  class='hr av-ah0xd-63338d9dc6b40410e22a712829c369d6 hr-invisible  avia-builder-el-3  el_after_av_codeblock  el_before_av_textblock'><span class='hr-inner'><span class=\"hr-inner-style\"><\/span><\/span><\/div>\n<section  class='av_textblock_section av-lu8gow1e-300853e458ed741bd87d6cb78e55cc7a'  itemscope=\"itemscope\" itemtype=\"https:\/\/schema.org\/CreativeWork\" ><div class='avia_textblock'  itemprop=\"text\" ><h2>W pe\u0142ni wyposa\u017cony<\/h2>\n<p>Modele Renault Kangoo zosta\u0142y zaprojektowane z my\u015bl\u0105 o potrzebach biznesowych. Szeroki ty\u0142 i sprytnie poszerzone nadkola pozwalaj\u0105 maksymalnie wykorzysta\u0107 przestrze\u0144 \u0142adunkow\u0105 bez utraty miejsca. Idealny do transportu du\u017cych \u0142adunk\u00f3w! Wszystko jest rozmieszczone tak, aby\u015b zawsze mia\u0142 \u0142atwy dost\u0119p do swoich rzeczy. Ten pojazd jest nie tylko przestronny, ale tak\u017ce wszechstronny. Jego oszcz\u0119dne silniki sprawiaj\u0105, \u017ce jest to ekonomiczny wyb\u00f3r dla codziennego komfortu biznesowego. A komfort? To r\u00f3wnie\u017c jest na miejscu. Kangoo posiada ergonomiczne wn\u0119trze, kt\u00f3re sprawia, \u017ce d\u0142ugie podr\u00f3\u017ce s\u0105 o wiele przyjemniejsze. A to jeszcze nie wszystko. Dzi\u0119ki przydatnym systemom wspomagania jazdy ka\u017cda podr\u00f3\u017c, kr\u00f3tka czy d\u0142uga, jest \u0142atwa i bezpieczna.<\/p>\n<\/div><\/section>\n<div class='flex_column av-f64w1-da126f42b61613402309283c14245a25 av_one_half  avia-builder-el-5  el_after_av_textblock  el_before_av_one_third  first flex_column_div column-top-margin'   ><section  class='av_textblock_section av-lu8gpqre-73cc2c17e6a6497ba6e1b58af22bd9e8'  itemscope=\"itemscope\" itemtype=\"https:\/\/schema.org\/CreativeWork\" ><div class='avia_textblock'  itemprop=\"text\" ><h2>R\u00f3\u017cne wersje<\/h2>\n<p>Rozwa\u017casz zakup Renault Kangoo? Odkryj r\u00f3\u017cne wersje, kt\u00f3re idealnie pasuj\u0105 do Twojej firmy. W zale\u017cno\u015bci od roku produkcji, ten pojazd u\u017cytkowy ma wiele przydatnych specyfikacji. Manualna czy automatyczna skrzynia bieg\u00f3w? Kangoo z manualn\u0105 skrzyni\u0105 bieg\u00f3w cz\u0119sto daje wi\u0119cej przyjemno\u015bci z jazdy i jest nieco bardziej ekonomiczny, podczas gdy automatyczna skrzynia bieg\u00f3w jest idealna dla maksymalnej \u0142atwo\u015bci u\u017cytkowania i komfortu.Nie znalaz\u0142e\u015b jeszcze dok\u0142adnie tego, czego szukasz? Nie ma problemu! Nasza oferta zmienia si\u0119 regularnie, wi\u0119c Twoje idealne Renault Kangoo mo\u017ce by\u0107 w\u015br\u00f3d nich ju\u017c jutro. \u015aled\u017a nasze stany magazynowe lub zarejestruj si\u0119 na <a href=\"https:\/\/www.vdhurk.nl\/pl\/alarm-gieldowy\/\">alarm gie\u0142dowy<\/a> a my b\u0119dziemy informowa\u0107 Ci\u0119 na bie\u017c\u0105co. W ten spos\u00f3b nigdy nie przegapisz idealnej oferty dla swojej firmy.<\/p>\n<\/div><\/section><\/div><div class='flex_column av-aldk9-ee694297f5c4032981677a02caab84d6 av_one_third  avia-builder-el-7  el_after_av_one_half  el_before_av_hr  flex_column_div column-top-margin'   ><style type=\"text\/css\" data-created_by=\"avia_inline_auto\" id=\"style-css-av-l1w9kpsf-4ec3fab772ec7a9adaa33cfc64ff0475\">\n.avia-image-container.av-l1w9kpsf-4ec3fab772ec7a9adaa33cfc64ff0475 .av-image-caption-overlay-center{\ncolor:#ffffff;\n}\n<\/style>\n<div  class='avia-image-container av-l1w9kpsf-4ec3fab772ec7a9adaa33cfc64ff0475 av-styling- avia-align-center  avia-builder-el-8  avia-builder-el-no-sibling'  itemprop=\"image\" itemscope=\"itemscope\" itemtype=\"https:\/\/schema.org\/ImageObject\" ><div class=\"avia-image-container-inner\"><div class=\"avia-image-overlay-wrap\"><img decoding=\"async\" class='wp-image-187 avia-img-lazy-loading-not-187 avia_image' src=\"https:\/\/www.vdhurk.nl\/wp-content\/uploads\/2022\/03\/Voorrad.png\" alt='' title='Stock'  height=\"758\" width=\"1135\"  itemprop=\"thumbnailUrl\" srcset=\"https:\/\/www.vdhurk.nl\/wp-content\/uploads\/2022\/03\/Voorrad.png 1135w, https:\/\/www.vdhurk.nl\/wp-content\/uploads\/2022\/03\/Voorrad-300x200.png 300w, https:\/\/www.vdhurk.nl\/wp-content\/uploads\/2022\/03\/Voorrad-1030x688.png 1030w, https:\/\/www.vdhurk.nl\/wp-content\/uploads\/2022\/03\/Voorrad-768x513.png 768w, https:\/\/www.vdhurk.nl\/wp-content\/uploads\/2022\/03\/Voorrad-18x12.png 18w, https:\/\/www.vdhurk.nl\/wp-content\/uploads\/2022\/03\/Voorrad-705x471.png 705w\" sizes=\"(max-width: 1135px) 100vw, 1135px\" \/><\/div><\/div><\/div><\/div><\/p>\n\n<style type=\"text\/css\" data-created_by=\"avia_inline_auto\" id=\"style-css-av-luqrjpjc-5a23a1fb5f94718ca85316a9df963e2f\">\n#top .hr.hr-invisible.av-luqrjpjc-5a23a1fb5f94718ca85316a9df963e2f{\nheight:50px;\n}\n<\/style>\n<div  class='hr av-luqrjpjc-5a23a1fb5f94718ca85316a9df963e2f hr-invisible  avia-builder-el-9  el_after_av_one_third  el_before_av_textblock'><span class='hr-inner'><span class=\"hr-inner-style\"><\/span><\/span><\/div>\n<section  class='av_textblock_section av-lu8gtjw7-4f3cee9304909518d86d2860d9d582dd'  itemscope=\"itemscope\" itemtype=\"https:\/\/schema.org\/CreativeWork\" ><div class='avia_textblock'  itemprop=\"text\" ><h2>O jakich cenach powiniene\u015b pomy\u015ble\u0107?<\/h2>\n<p>Koszt u\u017cywanego Renault Kangoo zale\u017cy od takich czynnik\u00f3w, jak rok produkcji, wyposa\u017cenie i dodatkowe opcje. Ale dzi\u0119ki naszej zmieniaj\u0105cej si\u0119 ofercie zawsze znajdziesz co\u015b, co pasuje do Twojego bud\u017cetu. Ceny u\u017cywanego Renault Kangoo zaczynaj\u0105 si\u0119 ju\u017c od oko\u0142o 5000 euro. Interesuje Ci\u0119 konkretna cena lub masz inne pytania? W takim razie skontaktuj si\u0119 z nami, ch\u0119tnie pomo\u017cemy!<\/p>\n<h2>Czy zastanawia\u0142e\u015b si\u0119 nad leasingiem finansowym?<\/h2>\n<p>W Van den Hurk masz kilka opcji p\u0142atno\u015bci. Chcesz kupi\u0107 Renault Kangoo i zap\u0142aci\u0107 kwot\u0119 za jednym razem? Mo\u017cesz. Ale czy wiesz, \u017ce mo\u017cesz r\u00f3wnie\u017c wybra\u0107 leasing Renault Kangoo? W <a href=\"https:\/\/www.vdhurk.nl\/pl\/leasing-finansowy\/\">leasing finansowy<\/a> P\u0142acisz sta\u0142\u0105 kwot\u0119 miesi\u0119cznie, a pojazd stopniowo staje si\u0119 Twoj\u0105 w\u0142asno\u015bci\u0105. Co zatem najlepiej pasuje do Twojej firmy? Niezale\u017cnie od tego, czy zdecydujesz si\u0119 na zakup czy leasing, ch\u0119tnie pomo\u017cemy. Skontaktuj si\u0119 z nami i odkryj mo\u017cliwo\u015bci!<\/p>\n<h2>Przejrzyj ofert\u0119 i znajd\u017a sw\u00f3j idealny pojazd u\u017cytkowy<\/h2>\n<p>Chcesz kupi\u0107 Renault Kangoo okazyjnie lub nowy? A mo\u017ce potrzebujesz wi\u0119cej informacji? Jako dealer Renault Kangoo jeste\u015bmy tutaj, aby pom\u00f3c Ci dokona\u0107 najlepszego wyboru. Zapoznaj si\u0119 z nasz\u0105 ofert\u0105 lub skontaktuj si\u0119 z nami, ch\u0119tnie pomo\u017cemy!<\/p>\n<\/div><\/section>","protected":false},"excerpt":{"rendered":"","protected":false},"author":3,"featured_media":0,"parent":372057,"menu_order":0,"comment_status":"closed","ping_status":"closed","template":"","meta":{"_acf_changed":false,"_improvement_type_select":"improve_an_existing","_thumb_yes_seoaic":false,"_frame_yes_seoaic":false,"seoaic_generate_description":"","seoaic_improve_instructions_prompt":"","seoaic_rollback_content_improvement":"","seoaic_idea_thumbnail_generator":"","thumbnail_generated":false,"thumbnail_generate_prompt":"","seoaic_article_description":"","footnotes":""},"class_list":["post-409559","page","type-page","status-publish","hentry"],"acf":[],"yoast_head":"<!-- This site is optimized with the Yoast SEO plugin v27.5 - https:\/\/yoast.com\/product\/yoast-seo-wordpress\/ -->\n<title>Renault Kangoo occasion kopen? Bekijk het actuele aanbod.<\/title>\n<meta name=\"description\" content=\"Op zoek naar een Renault Kangoo occasion? Bij Van den Hurk hebben we verschillende uitvoeringen. Bekijk het aanbod en vind jouw perfecte bedrijfswagen,\" \/>\n<meta name=\"robots\" content=\"index, follow, max-snippet:-1, max-image-preview:large, max-video-preview:-1\" \/>\n<link rel=\"canonical\" href=\"https:\/\/www.vdhurk.nl\/pl\/pojazdy-uzytkowe-renault\/mercedes-10\/\" \/>\n<meta property=\"og:locale\" content=\"pl_PL\" \/>\n<meta property=\"og:type\" content=\"article\" \/>\n<meta property=\"og:title\" content=\"Renault Kangoo occasion kopen? Bekijk het actuele aanbod.\" \/>\n<meta property=\"og:description\" content=\"Op zoek naar een Renault Kangoo occasion? Bij Van den Hurk hebben we verschillende uitvoeringen. Bekijk het aanbod en vind jouw perfecte bedrijfswagen,\" \/>\n<meta property=\"og:url\" content=\"https:\/\/www.vdhurk.nl\/pl\/pojazdy-uzytkowe-renault\/mercedes-10\/\" \/>\n<meta property=\"og:site_name\" content=\"Van den Hurk Bedrijfswagens\" \/>\n<meta name=\"twitter:card\" content=\"summary_large_image\" \/>\n<meta name=\"twitter:label1\" content=\"Szacowany czas czytania\" \/>\n\t<meta name=\"twitter:data1\" content=\"5 minut\" \/>\n<script type=\"application\/ld+json\" class=\"yoast-schema-graph\">{\"@context\":\"https:\\\/\\\/schema.org\",\"@graph\":[{\"@type\":\"WebPage\",\"@id\":\"https:\\\/\\\/www.vdhurk.nl\\\/renault-bedrijfswagens\\\/kangoo\\\/\",\"url\":\"https:\\\/\\\/www.vdhurk.nl\\\/renault-bedrijfswagens\\\/kangoo\\\/\",\"name\":\"Renault Kangoo occasion kopen? Bekijk het actuele aanbod.\",\"isPartOf\":{\"@id\":\"https:\\\/\\\/www.vdhurk.nl\\\/#website\"},\"datePublished\":\"2024-10-16T13:40:17+00:00\",\"description\":\"Op zoek naar een Renault Kangoo occasion? Bij Van den Hurk hebben we verschillende uitvoeringen. Bekijk het aanbod en vind jouw perfecte bedrijfswagen,\",\"breadcrumb\":{\"@id\":\"https:\\\/\\\/www.vdhurk.nl\\\/renault-bedrijfswagens\\\/kangoo\\\/#breadcrumb\"},\"inLanguage\":\"pl-PL\",\"potentialAction\":[{\"@type\":\"ReadAction\",\"target\":[\"https:\\\/\\\/www.vdhurk.nl\\\/renault-bedrijfswagens\\\/kangoo\\\/\"]}]},{\"@type\":\"BreadcrumbList\",\"@id\":\"https:\\\/\\\/www.vdhurk.nl\\\/renault-bedrijfswagens\\\/kangoo\\\/#breadcrumb\",\"itemListElement\":[{\"@type\":\"ListItem\",\"position\":1,\"name\":\"Home\",\"item\":\"https:\\\/\\\/www.vdhurk.nl\\\/home\\\/\"},{\"@type\":\"ListItem\",\"position\":2,\"name\":\"Renault Bedrijfswagens\",\"item\":\"https:\\\/\\\/www.vdhurk.nl\\\/renault-bedrijfswagens\\\/\"},{\"@type\":\"ListItem\",\"position\":3,\"name\":\"Renault Kangoo\"}]},{\"@type\":\"WebSite\",\"@id\":\"https:\\\/\\\/www.vdhurk.nl\\\/#website\",\"url\":\"https:\\\/\\\/www.vdhurk.nl\\\/\",\"name\":\"Van den Hurk Bedrijfswagens\",\"description\":\"Van den Hurk bedrijfswagens Helmond\",\"potentialAction\":[{\"@type\":\"SearchAction\",\"target\":{\"@type\":\"EntryPoint\",\"urlTemplate\":\"https:\\\/\\\/www.vdhurk.nl\\\/?s={search_term_string}\"},\"query-input\":{\"@type\":\"PropertyValueSpecification\",\"valueRequired\":true,\"valueName\":\"search_term_string\"}}],\"inLanguage\":\"pl-PL\"}]}<\/script>\n<!-- \/ Yoast SEO plugin. -->","yoast_head_json":{"title":"Kupujesz Renault Kangoo okazja? Sprawd\u017a aktualn\u0105 ofert\u0119.","description":"Szukasz u\u017cywanego samochodu Renault Kangoo? W Van den Hurk mamy r\u00f3\u017cne wersje. Sprawd\u017a ofert\u0119 i znajd\u017a idealny pojazd u\u017cytkowy,","robots":{"index":"index","follow":"follow","max-snippet":"max-snippet:-1","max-image-preview":"max-image-preview:large","max-video-preview":"max-video-preview:-1"},"canonical":"https:\/\/www.vdhurk.nl\/pl\/pojazdy-uzytkowe-renault\/mercedes-10\/","og_locale":"pl_PL","og_type":"article","og_title":"Renault Kangoo occasion kopen? Bekijk het actuele aanbod.","og_description":"Op zoek naar een Renault Kangoo occasion? Bij Van den Hurk hebben we verschillende uitvoeringen. Bekijk het aanbod en vind jouw perfecte bedrijfswagen,","og_url":"https:\/\/www.vdhurk.nl\/pl\/pojazdy-uzytkowe-renault\/mercedes-10\/","og_site_name":"Van den Hurk Bedrijfswagens","twitter_card":"summary_large_image","twitter_misc":{"Szacowany czas czytania":"5 minut"},"schema":{"@context":"https:\/\/schema.org","@graph":[{"@type":"WebPage","@id":"https:\/\/www.vdhurk.nl\/renault-bedrijfswagens\/kangoo\/","url":"https:\/\/www.vdhurk.nl\/renault-bedrijfswagens\/kangoo\/","name":"Kupujesz Renault Kangoo okazja? Sprawd\u017a aktualn\u0105 ofert\u0119.","isPartOf":{"@id":"https:\/\/www.vdhurk.nl\/#website"},"datePublished":"2024-10-16T13:40:17+00:00","description":"Szukasz u\u017cywanego samochodu Renault Kangoo? W Van den Hurk mamy r\u00f3\u017cne wersje. Sprawd\u017a ofert\u0119 i znajd\u017a idealny pojazd u\u017cytkowy,","breadcrumb":{"@id":"https:\/\/www.vdhurk.nl\/renault-bedrijfswagens\/kangoo\/#breadcrumb"},"inLanguage":"pl-PL","potentialAction":[{"@type":"ReadAction","target":["https:\/\/www.vdhurk.nl\/renault-bedrijfswagens\/kangoo\/"]}]},{"@type":"BreadcrumbList","@id":"https:\/\/www.vdhurk.nl\/renault-bedrijfswagens\/kangoo\/#breadcrumb","itemListElement":[{"@type":"ListItem","position":1,"name":"Home","item":"https:\/\/www.vdhurk.nl\/home\/"},{"@type":"ListItem","position":2,"name":"Renault Bedrijfswagens","item":"https:\/\/www.vdhurk.nl\/renault-bedrijfswagens\/"},{"@type":"ListItem","position":3,"name":"Renault Kangoo"}]},{"@type":"WebSite","@id":"https:\/\/www.vdhurk.nl\/#website","url":"https:\/\/www.vdhurk.nl\/","name":"Van den Hurk - pojazdy u\u017cytkowe","description":"Van den Hurk pojazdy u\u017cytkowe Helmond","potentialAction":[{"@type":"SearchAction","target":{"@type":"EntryPoint","urlTemplate":"https:\/\/www.vdhurk.nl\/?s={search_term_string}"},"query-input":{"@type":"PropertyValueSpecification","valueRequired":true,"valueName":"search_term_string"}}],"inLanguage":"pl-PL"}]}},"_links":{"self":[{"href":"https:\/\/www.vdhurk.nl\/pl\/wp-json\/wp\/v2\/pages\/409559","targetHints":{"allow":["GET"]}}],"collection":[{"href":"https:\/\/www.vdhurk.nl\/pl\/wp-json\/wp\/v2\/pages"}],"about":[{"href":"https:\/\/www.vdhurk.nl\/pl\/wp-json\/wp\/v2\/types\/page"}],"author":[{"embeddable":true,"href":"https:\/\/www.vdhurk.nl\/pl\/wp-json\/wp\/v2\/users\/3"}],"replies":[{"embeddable":true,"href":"https:\/\/www.vdhurk.nl\/pl\/wp-json\/wp\/v2\/comments?post=409559"}],"version-history":[{"count":1,"href":"https:\/\/www.vdhurk.nl\/pl\/wp-json\/wp\/v2\/pages\/409559\/revisions"}],"predecessor-version":[{"id":409560,"href":"https:\/\/www.vdhurk.nl\/pl\/wp-json\/wp\/v2\/pages\/409559\/revisions\/409560"}],"up":[{"embeddable":true,"href":"https:\/\/www.vdhurk.nl\/pl\/wp-json\/wp\/v2\/pages\/372057"}],"wp:attachment":[{"href":"https:\/\/www.vdhurk.nl\/pl\/wp-json\/wp\/v2\/media?parent=409559"}],"curies":[{"name":"wp","href":"https:\/\/api.w.org\/{rel}","templated":true}]}}