{"id":409484,"date":"2024-10-16T15:21:36","date_gmt":"2024-10-16T13:21:36","guid":{"rendered":"https:\/\/www.vdhurk.nl\/?page_id=409484"},"modified":"2024-10-16T15:21:36","modified_gmt":"2024-10-16T13:21:36","slug":"mercedes-7","status":"publish","type":"page","link":"https:\/\/www.vdhurk.nl\/pl\/renault-bedrijfswagens\/trafic\/","title":{"rendered":"Renault Trafic"},"content":{"rendered":"<section  class='av_textblock_section av-lu8gnh7d-4ac895489941e586c1d7c8cb72318135'  itemscope=\"itemscope\" itemtype=\"https:\/\/schema.org\/CreativeWork\" ><div class='avia_textblock'  itemprop=\"text\" ><h1>Szukasz u\u017cywanego samochodu Renault Trafic?<\/h1>\n<p>Jako firma korzystasz z okazji, zw\u0142aszcza je\u015bli chodzi o samochody s\u0142u\u017cbowe. To logiczne, poniewa\u017c potrzebujesz samochodu s\u0142u\u017cbowego, kt\u00f3ry Ci\u0119 nie zawiedzie. Zw\u0142aszcza je\u015bli u\u017cywasz go na co dzie\u0144, niezawodno\u015b\u0107 jest niezb\u0119dna. Odkryj wi\u0119c okazj\u0119 Renault Trafic i dowiedz si\u0119, dlaczego ten pojazd jest idealny dla Twojej firmy.<\/p>\n<\/div><\/section>\n\n<style type=\"text\/css\" data-created_by=\"avia_inline_auto\" id=\"style-css-av-lujjddpd-afa3d7a9eabd61123e643ed1228e781e\">\n#top .hr.hr-invisible.av-lujjddpd-afa3d7a9eabd61123e643ed1228e781e{\nheight:50px;\n}\n<\/style>\n<div  class='hr av-lujjddpd-afa3d7a9eabd61123e643ed1228e781e hr-invisible  avia-builder-el-1  el_after_av_textblock  el_before_av_codeblock'><span class='hr-inner'><span class=\"hr-inner-style\"><\/span><\/span><\/div>\n\n\n<style type=\"text\/css\" data-created_by=\"avia_inline_auto\" id=\"style-css-av-ah0xd-63338d9dc6b40410e22a712829c369d6\">\n#top .hr.hr-invisible.av-ah0xd-63338d9dc6b40410e22a712829c369d6{\nheight:50px;\n}\n<\/style>\n<div  class='hr av-ah0xd-63338d9dc6b40410e22a712829c369d6 hr-invisible  avia-builder-el-3  el_after_av_codeblock  el_before_av_textblock'><span class='hr-inner'><span class=\"hr-inner-style\"><\/span><\/span><\/div>\n<section  class='av_textblock_section av-lu8gow1e-300853e458ed741bd87d6cb78e55cc7a'  itemscope=\"itemscope\" itemtype=\"https:\/\/schema.org\/CreativeWork\" ><div class='avia_textblock'  itemprop=\"text\" ><h2>Renault Trafic u\u017cywane: specyfikacje i wersje<\/h2>\n<p>Z okazji Renault Trafic masz du\u017cy wyb\u00f3r poziom\u00f3w wyposa\u017cenia i korzystasz z wygodnych specyfikacji. Wybierz rok produkcji, kt\u00f3ry najlepiej odpowiada Twoim potrzebom i zdecyduj, czy chcesz mie\u0107 manualn\u0105 czy automatyczn\u0105 skrzyni\u0119 bieg\u00f3w. Ponadto mo\u017cesz wybiera\u0107 spo\u015br\u00f3d r\u00f3\u017cnych pojemno\u015bci silnika, dzi\u0119ki czemu zawsze masz Trafica, kt\u00f3ry idealnie pasuje do Twoich dzia\u0142a\u0144. Niezale\u017cnie od tego, czy potrzebujesz dodatkowej przestrzeni \u0142adunkowej, czy szukasz wi\u0119kszego komfortu jazdy, zawsze znajdziesz wersj\u0119 odpowiedni\u0105 dla Twojej firmy.<\/p>\n<\/div><\/section>\n<div class='flex_column av-f64w1-da126f42b61613402309283c14245a25 av_one_half  avia-builder-el-5  el_after_av_textblock  el_before_av_one_third  first flex_column_div column-top-margin'   ><section  class='av_textblock_section av-lu8gpqre-73cc2c17e6a6497ba6e1b58af22bd9e8'  itemscope=\"itemscope\" itemtype=\"https:\/\/schema.org\/CreativeWork\" ><div class='avia_textblock'  itemprop=\"text\" ><h2>Jakie korzy\u015bci przynosz\u0105 modele Renault Trafic?<\/h2>\n<p>Podobnie jak wszystkie inne <a href=\"https:\/\/www.vdhurk.nl\/pl\/pojazdy-uzytkowe-renault\/\">pojazdy u\u017cytkowe Renault<\/a> niezawodny pojazd. A to nie wszystko. Opr\u00f3cz niezawodno\u015bci zyskujesz wiele innych korzy\u015bci. Z przyjemno\u015bci\u0105 wymienimy najwa\u017cniejsze z nich:<\/p>\n<ul>\n<li><strong>Wygoda i \u0142atwo\u015b\u0107 u\u017cytkowania:<\/strong> Pojazd ten posiada inteligentnie zaprojektowane wn\u0119trze, kt\u00f3re sprawia, \u017ce ka\u017cda jazda jest przyjemna zar\u00f3wno dla kierowcy, jak i pasa\u017cera.<\/li>\n<li><strong>Optymalna przestrze\u0144 \u0142adunkowa:<\/strong> Nie brakuje miejsca. W rzeczywisto\u015bci Trafic ma mn\u00f3stwo miejsca z r\u00f3\u017cnymi opcjami przechowywania.<\/li>\n<li><strong>Funkcje bezpiecze\u0144stwa:<\/strong> Oczywi\u015bcie bezpiecze\u0144stwo jest najwa\u017cniejsze. Dlatego w tym modelu zastosowano kilka nowych system\u00f3w wspomagaj\u0105cych jazd\u0119, takich jak ABS, ESP i asystent hamowania awaryjnego.<\/li>\n<li><strong>Stylowa i praktyczna konstrukcja:<\/strong> Ta firmowa furgonetka jest zar\u00f3wno stylowa, jak i funkcjonalna. Elegancki i nowoczesny design nadaje firmie profesjonalny wygl\u0105d, a solidna konstrukcja sprawia, \u017ce furgonetka nadaje si\u0119 do codziennego u\u017cytku.<\/li>\n<\/ul>\n<p>Dzi\u0119ki tym korzy\u015bciom masz pewno\u015b\u0107, \u017ce samoch\u00f3d s\u0142u\u017cbowy jest nie tylko niezawodny, ale tak\u017ce w pe\u0142ni dostosowany do Twoich codziennych potrzeb.<\/p>\n<\/div><\/section><\/div><div class='flex_column av-aldk9-ee694297f5c4032981677a02caab84d6 av_one_third  avia-builder-el-7  el_after_av_one_half  el_before_av_hr  flex_column_div column-top-margin'   ><style type=\"text\/css\" data-created_by=\"avia_inline_auto\" id=\"style-css-av-l1w9kpsf-4ec3fab772ec7a9adaa33cfc64ff0475\">\n.avia-image-container.av-l1w9kpsf-4ec3fab772ec7a9adaa33cfc64ff0475 .av-image-caption-overlay-center{\ncolor:#ffffff;\n}\n<\/style>\n<div  class='avia-image-container av-l1w9kpsf-4ec3fab772ec7a9adaa33cfc64ff0475 av-styling- avia-align-center  avia-builder-el-8  avia-builder-el-no-sibling'  itemprop=\"image\" itemscope=\"itemscope\" itemtype=\"https:\/\/schema.org\/ImageObject\" ><div class=\"avia-image-container-inner\"><div class=\"avia-image-overlay-wrap\"><img decoding=\"async\" class='wp-image-187 avia-img-lazy-loading-not-187 avia_image' src=\"https:\/\/www.vdhurk.nl\/wp-content\/uploads\/2022\/03\/Voorrad.png\" alt='' title='Stock'  height=\"758\" width=\"1135\"  itemprop=\"thumbnailUrl\" srcset=\"https:\/\/www.vdhurk.nl\/wp-content\/uploads\/2022\/03\/Voorrad.png 1135w, https:\/\/www.vdhurk.nl\/wp-content\/uploads\/2022\/03\/Voorrad-300x200.png 300w, https:\/\/www.vdhurk.nl\/wp-content\/uploads\/2022\/03\/Voorrad-1030x688.png 1030w, https:\/\/www.vdhurk.nl\/wp-content\/uploads\/2022\/03\/Voorrad-768x513.png 768w, https:\/\/www.vdhurk.nl\/wp-content\/uploads\/2022\/03\/Voorrad-18x12.png 18w, https:\/\/www.vdhurk.nl\/wp-content\/uploads\/2022\/03\/Voorrad-705x471.png 705w\" sizes=\"(max-width: 1135px) 100vw, 1135px\" \/><\/div><\/div><\/div><\/div><\/p>\n\n<style type=\"text\/css\" data-created_by=\"avia_inline_auto\" id=\"style-css-av-luqrjpjc-5a23a1fb5f94718ca85316a9df963e2f\">\n#top .hr.hr-invisible.av-luqrjpjc-5a23a1fb5f94718ca85316a9df963e2f{\nheight:50px;\n}\n<\/style>\n<div  class='hr av-luqrjpjc-5a23a1fb5f94718ca85316a9df963e2f hr-invisible  avia-builder-el-9  el_after_av_one_third  el_before_av_textblock'><span class='hr-inner'><span class=\"hr-inner-style\"><\/span><\/span><\/div>\n<section  class='av_textblock_section av-lu8gtjw7-4f3cee9304909518d86d2860d9d582dd'  itemscope=\"itemscope\" itemtype=\"https:\/\/schema.org\/CreativeWork\" ><div class='avia_textblock'  itemprop=\"text\" ><h2>Zakup Renault Trafic: jakie s\u0105 dost\u0119pne opcje zakupu?<\/h2>\n<p>Czy wiesz, \u017ce w Van den Hurk masz kilka opcji p\u0142atno\u015bci? Chcesz zap\u0142aci\u0107 za sw\u00f3j pojazd u\u017cytkowy za jednym razem? Nie ma problemu! Ale czy zastanawia\u0142e\u015b si\u0119 r\u00f3wnie\u017c nad leasingiem Renault Trafic? To idealna opcja, je\u015bli nie chcesz od razu wydawa\u0107 du\u017cej sumy pieni\u0119dzy. Na <a href=\"https:\/\/www.vdhurk.nl\/pl\/leasing-finansowy\/\">leasing finansowy<\/a> P\u0142acisz sta\u0142\u0105 kwot\u0119 miesi\u0119cznie, dzi\u0119ki czemu Tw\u00f3j bud\u017cet jest elastyczny. Wspania\u0142\u0105 rzecz\u0105 jest to, \u017ce po zako\u0144czeniu umowy leasingowej stajesz si\u0119 w\u0142a\u015bcicielem Renault Trafic. Dzi\u0119ki temu od razu mo\u017cesz je\u017adzi\u0107 idealnym samochodem firmowym, bez konieczno\u015bci dokonywania du\u017cych inwestycji.<\/p>\n<h2>O jakich cenach powiniene\u015b pomy\u015ble\u0107?<\/h2>\n<p>Ceny Renault Trafic r\u00f3\u017cni\u0105 si\u0119 nie bez powodu. W naszej aktualnej ofercie mo\u017cna znale\u017a\u0107 r\u00f3\u017cne wersje i lata modelowe, co zapewnia szeroki zakres cen. Dlatego trudno jest poda\u0107 standardow\u0105 cen\u0119. Ale dzi\u0119ki naszej zmieniaj\u0105cej si\u0119 ofercie zawsze znajdziesz samoch\u00f3d s\u0142u\u017cbowy, kt\u00f3ry pasuje do Twojego bud\u017cetu. Jeste\u015b ciekawy cen lub potrzebujesz porady? Zapraszamy do kontaktu z nami, ch\u0119tnie pomo\u017cemy.<\/p>\n<h2>Znajd\u017a idealny samoch\u00f3d s\u0142u\u017cbowy<\/h2>\n<p>Znalaz\u0142e\u015b okazj\u0119 Renault Trafic lub nowy model, kt\u00f3ry dok\u0142adnie odpowiada Twoim potrzebom? To \u015bwietnie! Nadal nie znalaz\u0142e\u015b tego, czego szukasz? Nie martw si\u0119. Zarejestruj si\u0119 w naszym <a href=\"https:\/\/www.vdhurk.nl\/pl\/alarm-gieldowy\/\">alarm gie\u0142dowy<\/a> i \u0142atwo by\u0107 na bie\u017c\u0105co z nowymi pojazdami. W ten spos\u00f3b wsp\u00f3lnie pomo\u017cemy Ci znale\u017a\u0107 idealny pojazd u\u017cytkowy.<\/p>\n<h2><b>Wy\u015bwietl r\u00f3\u017cne opcje<\/b><\/h2>\n<p>Czy jeste\u015b przekonany do zakupu Citro\u00ebna Jumpy z drugiej r\u0119ki? A mo\u017ce potrzebujesz dodatkowych informacji? Jeste\u015bmy gotowi odpowiedzie\u0107 na wszystkie pytania i pom\u00f3c w dokonaniu w\u0142a\u015bciwego wyboru. Skontaktuj si\u0119 z nami, aby uzyska\u0107 wi\u0119cej informacji lub sprawd\u017a nasz\u0105 aktualn\u0105 ofert\u0119, aby znale\u017a\u0107 idealny pojazd u\u017cytkowy. Zakup Citro\u00ebna Jumpy nigdy nie by\u0142 \u0142atwiejszy.<\/p>\n<\/div><\/section>","protected":false},"excerpt":{"rendered":"","protected":false},"author":3,"featured_media":0,"parent":372057,"menu_order":0,"comment_status":"closed","ping_status":"closed","template":"","meta":{"_acf_changed":false,"_improvement_type_select":"improve_an_existing","_thumb_yes_seoaic":false,"_frame_yes_seoaic":false,"seoaic_generate_description":"","seoaic_improve_instructions_prompt":"","seoaic_rollback_content_improvement":"","seoaic_idea_thumbnail_generator":"","thumbnail_generated":false,"thumbnail_generate_prompt":"","seoaic_article_description":"","footnotes":""},"class_list":["post-409484","page","type-page","status-publish","hentry"],"acf":[],"yoast_head":"<!-- This site is optimized with the Yoast SEO plugin v27.5 - https:\/\/yoast.com\/product\/yoast-seo-wordpress\/ -->\n<title>Vind de Renault Trafic occasion die aan jouw wensen voldoet<\/title>\n<meta name=\"description\" content=\"Ben je op zoek naar een betrouwbare Renault Trafic occasion voor jouw zakelijke behoeften? Bekijk ons aanbod en vind de uitvoering die perfect bij jou past.\" \/>\n<meta name=\"robots\" content=\"index, follow, max-snippet:-1, max-image-preview:large, max-video-preview:-1\" \/>\n<link rel=\"canonical\" href=\"https:\/\/www.vdhurk.nl\/pl\/pojazdy-uzytkowe-renault\/mercedes-7\/\" \/>\n<meta property=\"og:locale\" content=\"pl_PL\" \/>\n<meta property=\"og:type\" content=\"article\" \/>\n<meta property=\"og:title\" content=\"Vind de Renault Trafic occasion die aan jouw wensen voldoet\" \/>\n<meta property=\"og:description\" content=\"Ben je op zoek naar een betrouwbare Renault Trafic occasion voor jouw zakelijke behoeften? Bekijk ons aanbod en vind de uitvoering die perfect bij jou past.\" \/>\n<meta property=\"og:url\" content=\"https:\/\/www.vdhurk.nl\/pl\/pojazdy-uzytkowe-renault\/mercedes-7\/\" \/>\n<meta property=\"og:site_name\" content=\"Van den Hurk Bedrijfswagens\" \/>\n<meta name=\"twitter:card\" content=\"summary_large_image\" \/>\n<meta name=\"twitter:label1\" content=\"Szacowany czas czytania\" \/>\n\t<meta name=\"twitter:data1\" content=\"5 minut\" \/>\n<script type=\"application\/ld+json\" class=\"yoast-schema-graph\">{\"@context\":\"https:\\\/\\\/schema.org\",\"@graph\":[{\"@type\":\"WebPage\",\"@id\":\"https:\\\/\\\/www.vdhurk.nl\\\/renault-bedrijfswagens\\\/trafic\\\/\",\"url\":\"https:\\\/\\\/www.vdhurk.nl\\\/renault-bedrijfswagens\\\/trafic\\\/\",\"name\":\"Vind de Renault Trafic occasion die aan jouw wensen voldoet\",\"isPartOf\":{\"@id\":\"https:\\\/\\\/www.vdhurk.nl\\\/#website\"},\"datePublished\":\"2024-10-16T13:21:36+00:00\",\"description\":\"Ben je op zoek naar een betrouwbare Renault Trafic occasion voor jouw zakelijke behoeften? Bekijk ons aanbod en vind de uitvoering die perfect bij jou past.\",\"breadcrumb\":{\"@id\":\"https:\\\/\\\/www.vdhurk.nl\\\/renault-bedrijfswagens\\\/trafic\\\/#breadcrumb\"},\"inLanguage\":\"pl-PL\",\"potentialAction\":[{\"@type\":\"ReadAction\",\"target\":[\"https:\\\/\\\/www.vdhurk.nl\\\/renault-bedrijfswagens\\\/trafic\\\/\"]}]},{\"@type\":\"BreadcrumbList\",\"@id\":\"https:\\\/\\\/www.vdhurk.nl\\\/renault-bedrijfswagens\\\/trafic\\\/#breadcrumb\",\"itemListElement\":[{\"@type\":\"ListItem\",\"position\":1,\"name\":\"Home\",\"item\":\"https:\\\/\\\/www.vdhurk.nl\\\/home\\\/\"},{\"@type\":\"ListItem\",\"position\":2,\"name\":\"Renault Bedrijfswagens\",\"item\":\"https:\\\/\\\/www.vdhurk.nl\\\/renault-bedrijfswagens\\\/\"},{\"@type\":\"ListItem\",\"position\":3,\"name\":\"Renault Trafic\"}]},{\"@type\":\"WebSite\",\"@id\":\"https:\\\/\\\/www.vdhurk.nl\\\/#website\",\"url\":\"https:\\\/\\\/www.vdhurk.nl\\\/\",\"name\":\"Van den Hurk Bedrijfswagens\",\"description\":\"Van den Hurk bedrijfswagens Helmond\",\"potentialAction\":[{\"@type\":\"SearchAction\",\"target\":{\"@type\":\"EntryPoint\",\"urlTemplate\":\"https:\\\/\\\/www.vdhurk.nl\\\/?s={search_term_string}\"},\"query-input\":{\"@type\":\"PropertyValueSpecification\",\"valueRequired\":true,\"valueName\":\"search_term_string\"}}],\"inLanguage\":\"pl-PL\"}]}<\/script>\n<!-- \/ Yoast SEO plugin. -->","yoast_head_json":{"title":"Znajd\u017a u\u017cywany samoch\u00f3d Renault Trafic, kt\u00f3ry spe\u0142nia Twoje potrzeby","description":"Szukasz niezawodnego samochodu u\u017cywanego Renault Trafic dla swojej firmy? Sprawd\u017a nasz\u0105 ofert\u0119 i znajd\u017a wersj\u0119, kt\u00f3ra idealnie do Ciebie pasuje.","robots":{"index":"index","follow":"follow","max-snippet":"max-snippet:-1","max-image-preview":"max-image-preview:large","max-video-preview":"max-video-preview:-1"},"canonical":"https:\/\/www.vdhurk.nl\/pl\/pojazdy-uzytkowe-renault\/mercedes-7\/","og_locale":"pl_PL","og_type":"article","og_title":"Vind de Renault Trafic occasion die aan jouw wensen voldoet","og_description":"Ben je op zoek naar een betrouwbare Renault Trafic occasion voor jouw zakelijke behoeften? Bekijk ons aanbod en vind de uitvoering die perfect bij jou past.","og_url":"https:\/\/www.vdhurk.nl\/pl\/pojazdy-uzytkowe-renault\/mercedes-7\/","og_site_name":"Van den Hurk Bedrijfswagens","twitter_card":"summary_large_image","twitter_misc":{"Szacowany czas czytania":"5 minut"},"schema":{"@context":"https:\/\/schema.org","@graph":[{"@type":"WebPage","@id":"https:\/\/www.vdhurk.nl\/renault-bedrijfswagens\/trafic\/","url":"https:\/\/www.vdhurk.nl\/renault-bedrijfswagens\/trafic\/","name":"Znajd\u017a u\u017cywany samoch\u00f3d Renault Trafic, kt\u00f3ry spe\u0142nia Twoje potrzeby","isPartOf":{"@id":"https:\/\/www.vdhurk.nl\/#website"},"datePublished":"2024-10-16T13:21:36+00:00","description":"Szukasz niezawodnego samochodu u\u017cywanego Renault Trafic dla swojej firmy? Sprawd\u017a nasz\u0105 ofert\u0119 i znajd\u017a wersj\u0119, kt\u00f3ra idealnie do Ciebie pasuje.","breadcrumb":{"@id":"https:\/\/www.vdhurk.nl\/renault-bedrijfswagens\/trafic\/#breadcrumb"},"inLanguage":"pl-PL","potentialAction":[{"@type":"ReadAction","target":["https:\/\/www.vdhurk.nl\/renault-bedrijfswagens\/trafic\/"]}]},{"@type":"BreadcrumbList","@id":"https:\/\/www.vdhurk.nl\/renault-bedrijfswagens\/trafic\/#breadcrumb","itemListElement":[{"@type":"ListItem","position":1,"name":"Home","item":"https:\/\/www.vdhurk.nl\/home\/"},{"@type":"ListItem","position":2,"name":"Renault Bedrijfswagens","item":"https:\/\/www.vdhurk.nl\/renault-bedrijfswagens\/"},{"@type":"ListItem","position":3,"name":"Renault Trafic"}]},{"@type":"WebSite","@id":"https:\/\/www.vdhurk.nl\/#website","url":"https:\/\/www.vdhurk.nl\/","name":"Van den Hurk - pojazdy u\u017cytkowe","description":"Van den Hurk pojazdy u\u017cytkowe Helmond","potentialAction":[{"@type":"SearchAction","target":{"@type":"EntryPoint","urlTemplate":"https:\/\/www.vdhurk.nl\/?s={search_term_string}"},"query-input":{"@type":"PropertyValueSpecification","valueRequired":true,"valueName":"search_term_string"}}],"inLanguage":"pl-PL"}]}},"_links":{"self":[{"href":"https:\/\/www.vdhurk.nl\/pl\/wp-json\/wp\/v2\/pages\/409484","targetHints":{"allow":["GET"]}}],"collection":[{"href":"https:\/\/www.vdhurk.nl\/pl\/wp-json\/wp\/v2\/pages"}],"about":[{"href":"https:\/\/www.vdhurk.nl\/pl\/wp-json\/wp\/v2\/types\/page"}],"author":[{"embeddable":true,"href":"https:\/\/www.vdhurk.nl\/pl\/wp-json\/wp\/v2\/users\/3"}],"replies":[{"embeddable":true,"href":"https:\/\/www.vdhurk.nl\/pl\/wp-json\/wp\/v2\/comments?post=409484"}],"version-history":[{"count":2,"href":"https:\/\/www.vdhurk.nl\/pl\/wp-json\/wp\/v2\/pages\/409484\/revisions"}],"predecessor-version":[{"id":409558,"href":"https:\/\/www.vdhurk.nl\/pl\/wp-json\/wp\/v2\/pages\/409484\/revisions\/409558"}],"up":[{"embeddable":true,"href":"https:\/\/www.vdhurk.nl\/pl\/wp-json\/wp\/v2\/pages\/372057"}],"wp:attachment":[{"href":"https:\/\/www.vdhurk.nl\/pl\/wp-json\/wp\/v2\/media?parent=409484"}],"curies":[{"name":"wp","href":"https:\/\/api.w.org\/{rel}","templated":true}]}}