{"id":405925,"date":"2024-09-20T11:48:58","date_gmt":"2024-09-20T09:48:58","guid":{"rendered":"https:\/\/www.vdhurk.nl\/?page_id=405925"},"modified":"2024-09-20T11:48:58","modified_gmt":"2024-09-20T09:48:58","slug":"mercedes-6","status":"publish","type":"page","link":"https:\/\/www.vdhurk.nl\/pl\/peugeot-bedrijfswagens\/partner\/","title":{"rendered":"Peugeot Partner"},"content":{"rendered":"<section  class='av_textblock_section av-lu8gnh7d-4ac895489941e586c1d7c8cb72318135'  itemscope=\"itemscope\" itemtype=\"https:\/\/schema.org\/CreativeWork\" ><div class='avia_textblock'  itemprop=\"text\" ><h1>Szukasz u\u017cywanego samochodu Peugeot Partner?<\/h1>\n<p>Szukasz nowego pojazdu u\u017cytkowego? Okazja Peugeot Partner to zdecydowanie m\u0105dry wyb\u00f3r! Ten kompaktowy pojazd u\u017cytkowy jest wyposa\u017cony w przydatne specyfikacje, kt\u00f3re sprawiaj\u0105, \u017ce jest idealny dla ka\u017cdej firmy. Ciekawi Ci\u0119, co ten pojazd ma do zaoferowania? Czytaj dalej i dowiedz si\u0119 wszystkiego, co musisz wiedzie\u0107 o Peugeot Partner.<\/p>\n<\/div><\/section>\n\n<style type=\"text\/css\" data-created_by=\"avia_inline_auto\" id=\"style-css-av-lujjddpd-afa3d7a9eabd61123e643ed1228e781e\">\n#top .hr.hr-invisible.av-lujjddpd-afa3d7a9eabd61123e643ed1228e781e{\nheight:50px;\n}\n<\/style>\n<div  class='hr av-lujjddpd-afa3d7a9eabd61123e643ed1228e781e hr-invisible  avia-builder-el-1  el_after_av_textblock  el_before_av_codeblock'><span class='hr-inner'><span class=\"hr-inner-style\"><\/span><\/span><\/div>\n\n\n<style type=\"text\/css\" data-created_by=\"avia_inline_auto\" id=\"style-css-av-ah0xd-63338d9dc6b40410e22a712829c369d6\">\n#top .hr.hr-invisible.av-ah0xd-63338d9dc6b40410e22a712829c369d6{\nheight:50px;\n}\n<\/style>\n<div  class='hr av-ah0xd-63338d9dc6b40410e22a712829c369d6 hr-invisible  avia-builder-el-3  el_after_av_codeblock  el_before_av_textblock'><span class='hr-inner'><span class=\"hr-inner-style\"><\/span><\/span><\/div>\n<section  class='av_textblock_section av-lu8gow1e-300853e458ed741bd87d6cb78e55cc7a'  itemscope=\"itemscope\" itemtype=\"https:\/\/schema.org\/CreativeWork\" ><div class='avia_textblock'  itemprop=\"text\" ><h2>Jakie specyfikacje ma Peugeot Partner?<\/h2>\n<p>Samochody u\u017cytkowe Peugeot s\u0105 niezawodne i wszechstronne, a ten model z pewno\u015bci\u0105 nie jest wyj\u0105tkiem. Ale jakie inne specyfikacje ma Peugeot Partner? Ch\u0119tnie je dla Ciebie wymienimy:<\/p>\n<ul>\n<li><strong>Kompaktowy rozmiar<\/strong>Dzi\u0119ki niewielkim rozmiarom ten pojazd u\u017cytkowy bez trudu porusza si\u0119 po mie\u015bcie i w zat\u0142oczonym ruchu miejskim.<\/li>\n<li><strong>Przestronna przestrze\u0144 \u0142adunkowa:<\/strong> Dzi\u0119ki du\u017cej \u0142adowno\u015bci pojazd ten jest idealny do przechowywania rzeczy.<\/li>\n<li><strong>Elastyczne wn\u0119trze:<\/strong> Model ten oferuje przestronne i ergonomiczne wn\u0119trze z wygodnymi fotelami. Idealny dla os\u00f3b regularnie podr\u00f3\u017cuj\u0105cych na d\u0142ugich dystansach.<\/li>\n<li><strong>R\u0119czny i automatyczny:<\/strong> Do wyboru s\u0105 silniki wysokopr\u0119\u017cne z wieloma opcjami i manualn\u0105 lub automatyczn\u0105 skrzyni\u0105 bieg\u00f3w.<\/li>\n<li><strong>Urz\u0105dzenia zabezpieczaj\u0105ce<\/strong>Bez obaw o bezpiecze\u0144stwo. W rzeczywisto\u015bci model ten jest wyposa\u017cony w wiele system\u00f3w bezpiecze\u0144stwa, kt\u00f3re zapewniaj\u0105 bezpieczne dotarcie z punktu A do punktu B.<\/li>\n<\/ul>\n<p>Dzi\u0119ki tym wszystkim cechom Peugeot Partner to samoch\u00f3d s\u0142u\u017cbowy, kt\u00f3ry ka\u017cdego dnia niezawodnie i wydajnie wyrusza w drog\u0119.<\/p>\n<\/div><\/section>\n<div class='flex_column av-f64w1-da126f42b61613402309283c14245a25 av_one_half  avia-builder-el-5  el_after_av_textblock  el_before_av_one_third  first flex_column_div column-top-margin'   ><section  class='av_textblock_section av-lu8gpqre-73cc2c17e6a6497ba6e1b58af22bd9e8'  itemscope=\"itemscope\" itemtype=\"https:\/\/schema.org\/CreativeWork\" ><div class='avia_textblock'  itemprop=\"text\" ><h2>Dost\u0119pne w r\u00f3\u017cnych wersjach<\/h2>\n<p>Masz na oku Peugeota Partnera? W takim razie masz do wyboru r\u00f3\u017cne wersje. Czy wolisz manualn\u0105 skrzyni\u0119 bieg\u00f3w, czy wolisz wygod\u0119 automatycznej? Bez stresu, Partner ma obie opcje. Pod wzgl\u0119dem \u0142adowno\u015bci r\u00f3wnie\u017c b\u0119dzie dobrze, poniewa\u017c istnieje wiele opcji \u0142atwego przewo\u017cenia wszystkich rzeczy. Ten model oferuje dok\u0142adnie tak\u0105 wszechstronno\u015b\u0107, jakiej szukasz. A czy w\u015br\u00f3d nich nie ma teraz Twojego idealnego samochodu firmowego? Nie panikuj! Nasza oferta zmienia si\u0119 regularnie, wi\u0119c Tw\u00f3j idealny Peugeot Partner mo\u017ce by\u0107 dost\u0119pny w ka\u017cdej chwili. \u015aled\u017a wi\u0119c uwa\u017cnie nasz\u0105 aktualn\u0105 ofert\u0119!<\/p>\n<\/div><\/section><\/div><div class='flex_column av-aldk9-ee694297f5c4032981677a02caab84d6 av_one_third  avia-builder-el-7  el_after_av_one_half  el_before_av_hr  flex_column_div column-top-margin'   ><style type=\"text\/css\" data-created_by=\"avia_inline_auto\" id=\"style-css-av-l1w9kpsf-4ec3fab772ec7a9adaa33cfc64ff0475\">\n.avia-image-container.av-l1w9kpsf-4ec3fab772ec7a9adaa33cfc64ff0475 .av-image-caption-overlay-center{\ncolor:#ffffff;\n}\n<\/style>\n<div  class='avia-image-container av-l1w9kpsf-4ec3fab772ec7a9adaa33cfc64ff0475 av-styling- avia-align-center  avia-builder-el-8  avia-builder-el-no-sibling'  itemprop=\"image\" itemscope=\"itemscope\" itemtype=\"https:\/\/schema.org\/ImageObject\" ><div class=\"avia-image-container-inner\"><div class=\"avia-image-overlay-wrap\"><img decoding=\"async\" class='wp-image-187 avia-img-lazy-loading-not-187 avia_image' src=\"https:\/\/www.vdhurk.nl\/wp-content\/uploads\/2022\/03\/Voorrad.png\" alt='' title='Stock'  height=\"758\" width=\"1135\"  itemprop=\"thumbnailUrl\" srcset=\"https:\/\/www.vdhurk.nl\/wp-content\/uploads\/2022\/03\/Voorrad.png 1135w, https:\/\/www.vdhurk.nl\/wp-content\/uploads\/2022\/03\/Voorrad-300x200.png 300w, https:\/\/www.vdhurk.nl\/wp-content\/uploads\/2022\/03\/Voorrad-1030x688.png 1030w, https:\/\/www.vdhurk.nl\/wp-content\/uploads\/2022\/03\/Voorrad-768x513.png 768w, https:\/\/www.vdhurk.nl\/wp-content\/uploads\/2022\/03\/Voorrad-18x12.png 18w, https:\/\/www.vdhurk.nl\/wp-content\/uploads\/2022\/03\/Voorrad-705x471.png 705w\" sizes=\"(max-width: 1135px) 100vw, 1135px\" \/><\/div><\/div><\/div><\/div><\/p>\n\n<style type=\"text\/css\" data-created_by=\"avia_inline_auto\" id=\"style-css-av-luqrjpjc-5a23a1fb5f94718ca85316a9df963e2f\">\n#top .hr.hr-invisible.av-luqrjpjc-5a23a1fb5f94718ca85316a9df963e2f{\nheight:50px;\n}\n<\/style>\n<div  class='hr av-luqrjpjc-5a23a1fb5f94718ca85316a9df963e2f hr-invisible  avia-builder-el-9  el_after_av_one_third  el_before_av_textblock'><span class='hr-inner'><span class=\"hr-inner-style\"><\/span><\/span><\/div>\n<section  class='av_textblock_section av-lu8gtjw7-4f3cee9304909518d86d2860d9d582dd'  itemscope=\"itemscope\" itemtype=\"https:\/\/schema.org\/CreativeWork\" ><div class='avia_textblock'  itemprop=\"text\" ><h2>Zakup u\u017cywanego lub nowego Peugeot Partner: jakie s\u0105 ceny?<\/h2>\n<p>Ceny Peugeot Partner s\u0105 zr\u00f3\u017cnicowane, co nie jest zaskoczeniem. W naszej ofercie znajdziesz zar\u00f3wno proste modele Peugeot Partner, jak i w pe\u0142ni wyposa\u017cone wersje. Poniewa\u017c nasza aktualna oferta stale si\u0119 zmienia, nie mo\u017cemy poda\u0107 dok\u0142adnej ceny. Poniewa\u017c oferta stale si\u0119 zmienia, zawsze mo\u017cna znale\u017a\u0107 co\u015b w swoim przedziale cenowym.<\/p>\n<h2>Czy leasing finansowy to co\u015b dla Ciebie?<\/h2>\n<p>Czy wiesz, \u017ce w Van den Hurk masz kilka opcji p\u0142atno\u015bci? Chcesz od razu kupi\u0107 Peugeot Partner? Mo\u017cesz! Ale czy wiesz, \u017ce <a href=\"https:\/\/www.vdhurk.nl\/pl\/leasing-finansowy\/\">leasing finansowy<\/a> jest r\u00f3wnie\u017c mo\u017cliwe? Leasing Peugeot Partner oznacza, \u017ce p\u0142acisz sta\u0142\u0105 kwot\u0119 miesi\u0119cznie zamiast jednorazowo wp\u0142aca\u0107 du\u017c\u0105 sum\u0119. Pojazd stopniowo staje si\u0119 Twoj\u0105 w\u0142asno\u015bci\u0105 w trakcie trwania umowy leasingowej. Czy nadszed\u0142 koniec umowy leasingowej? Gratulacje! Jeste\u015b teraz oficjalnym w\u0142a\u015bcicielem, bez konieczno\u015bci jednorazowej inwestycji. Kr\u00f3tko m\u00f3wi\u0105c, dzi\u0119ki leasingowi finansowemu otrzymujesz to, co najlepsze z obu \u015bwiat\u00f3w: nowy samoch\u00f3d s\u0142u\u017cbowy i przyst\u0119pny spos\u00f3b p\u0142atno\u015bci!<\/p>\n<h2>Sprawd\u017a ofert\u0119 dla swojego idealnego Peugeot Partner<\/h2>\n<p>Entuzjastycznie nastawiony do okazji Peugeot Partner? A mo\u017ce potrzebujesz wi\u0119cej informacji? Jako dealer Peugeot Partner jeste\u015bmy zawsze gotowi odpowiedzie\u0107 na Twoje pytania. Pomoc w dokonaniu w\u0142a\u015bciwego wyboru jest dla nas wa\u017cna. Zapoznaj si\u0119 z nasz\u0105 aktualn\u0105 ofert\u0105 lub skontaktuj si\u0119 z nami, aby uzyska\u0107 wi\u0119cej informacji.<\/p>\n<\/div><\/section>","protected":false},"excerpt":{"rendered":"","protected":false},"author":3,"featured_media":0,"parent":370581,"menu_order":0,"comment_status":"closed","ping_status":"closed","template":"","meta":{"_acf_changed":false,"_improvement_type_select":"improve_an_existing","_thumb_yes_seoaic":false,"_frame_yes_seoaic":false,"seoaic_generate_description":"","seoaic_improve_instructions_prompt":"","seoaic_rollback_content_improvement":"","seoaic_idea_thumbnail_generator":"","thumbnail_generated":false,"thumbnail_generate_prompt":"","seoaic_article_description":"","footnotes":""},"class_list":["post-405925","page","type-page","status-publish","hentry"],"acf":[],"yoast_head":"<!-- This site is optimized with the Yoast SEO plugin v27.5 - https:\/\/yoast.com\/product\/yoast-seo-wordpress\/ -->\n<title>Kies jouw Peugeot Partner occasion | Ontdek de mogelijkheden<\/title>\n<meta name=\"description\" content=\"Overweeg je een Peugeot Partner te kopen? Bekijk het gehele aanbod en vind het voertuig dat helemaal aansluit bij jouw wensen en behoeften.\" \/>\n<meta name=\"robots\" content=\"index, follow, max-snippet:-1, max-image-preview:large, max-video-preview:-1\" \/>\n<link rel=\"canonical\" href=\"https:\/\/www.vdhurk.nl\/pl\/pojazdy-uzytkowe-peugeot\/mercedes-6\/\" \/>\n<meta property=\"og:locale\" content=\"pl_PL\" \/>\n<meta property=\"og:type\" content=\"article\" \/>\n<meta property=\"og:title\" content=\"Kies jouw Peugeot Partner occasion | Ontdek de mogelijkheden\" \/>\n<meta property=\"og:description\" content=\"Overweeg je een Peugeot Partner te kopen? Bekijk het gehele aanbod en vind het voertuig dat helemaal aansluit bij jouw wensen en behoeften.\" \/>\n<meta property=\"og:url\" content=\"https:\/\/www.vdhurk.nl\/pl\/pojazdy-uzytkowe-peugeot\/mercedes-6\/\" \/>\n<meta property=\"og:site_name\" content=\"Van den Hurk Bedrijfswagens\" \/>\n<meta name=\"twitter:card\" content=\"summary_large_image\" \/>\n<meta name=\"twitter:label1\" content=\"Szacowany czas czytania\" \/>\n\t<meta name=\"twitter:data1\" content=\"5 minut\" \/>\n<script type=\"application\/ld+json\" class=\"yoast-schema-graph\">{\"@context\":\"https:\\\/\\\/schema.org\",\"@graph\":[{\"@type\":\"WebPage\",\"@id\":\"https:\\\/\\\/www.vdhurk.nl\\\/peugeot-bedrijfswagens\\\/partner\\\/\",\"url\":\"https:\\\/\\\/www.vdhurk.nl\\\/peugeot-bedrijfswagens\\\/partner\\\/\",\"name\":\"Kies jouw Peugeot Partner occasion | Ontdek de mogelijkheden\",\"isPartOf\":{\"@id\":\"https:\\\/\\\/www.vdhurk.nl\\\/#website\"},\"datePublished\":\"2024-09-20T09:48:58+00:00\",\"description\":\"Overweeg je een Peugeot Partner te kopen? Bekijk het gehele aanbod en vind het voertuig dat helemaal aansluit bij jouw wensen en behoeften.\",\"breadcrumb\":{\"@id\":\"https:\\\/\\\/www.vdhurk.nl\\\/peugeot-bedrijfswagens\\\/partner\\\/#breadcrumb\"},\"inLanguage\":\"pl-PL\",\"potentialAction\":[{\"@type\":\"ReadAction\",\"target\":[\"https:\\\/\\\/www.vdhurk.nl\\\/peugeot-bedrijfswagens\\\/partner\\\/\"]}]},{\"@type\":\"BreadcrumbList\",\"@id\":\"https:\\\/\\\/www.vdhurk.nl\\\/peugeot-bedrijfswagens\\\/partner\\\/#breadcrumb\",\"itemListElement\":[{\"@type\":\"ListItem\",\"position\":1,\"name\":\"Home\",\"item\":\"https:\\\/\\\/www.vdhurk.nl\\\/home\\\/\"},{\"@type\":\"ListItem\",\"position\":2,\"name\":\"Peugeot Bedrijfswagens\",\"item\":\"https:\\\/\\\/www.vdhurk.nl\\\/peugeot-bedrijfswagens\\\/\"},{\"@type\":\"ListItem\",\"position\":3,\"name\":\"Peugeot Partner\"}]},{\"@type\":\"WebSite\",\"@id\":\"https:\\\/\\\/www.vdhurk.nl\\\/#website\",\"url\":\"https:\\\/\\\/www.vdhurk.nl\\\/\",\"name\":\"Van den Hurk Bedrijfswagens\",\"description\":\"Van den Hurk bedrijfswagens Helmond\",\"potentialAction\":[{\"@type\":\"SearchAction\",\"target\":{\"@type\":\"EntryPoint\",\"urlTemplate\":\"https:\\\/\\\/www.vdhurk.nl\\\/?s={search_term_string}\"},\"query-input\":{\"@type\":\"PropertyValueSpecification\",\"valueRequired\":true,\"valueName\":\"search_term_string\"}}],\"inLanguage\":\"pl-PL\"}]}<\/script>\n<!-- \/ Yoast SEO plugin. -->","yoast_head_json":{"title":"Wybierz swoj\u0105 okazj\u0119 Peugeot Partner | Odkryj mo\u017cliwo\u015bci","description":"Zastanawiasz si\u0119 nad zakupem Peugeot Partner? Przejrzyj ca\u0142\u0105 ofert\u0119 i znajd\u017a pojazd, kt\u00f3ry w pe\u0142ni odpowiada Twoim potrzebom.","robots":{"index":"index","follow":"follow","max-snippet":"max-snippet:-1","max-image-preview":"max-image-preview:large","max-video-preview":"max-video-preview:-1"},"canonical":"https:\/\/www.vdhurk.nl\/pl\/pojazdy-uzytkowe-peugeot\/mercedes-6\/","og_locale":"pl_PL","og_type":"article","og_title":"Kies jouw Peugeot Partner occasion | Ontdek de mogelijkheden","og_description":"Overweeg je een Peugeot Partner te kopen? Bekijk het gehele aanbod en vind het voertuig dat helemaal aansluit bij jouw wensen en behoeften.","og_url":"https:\/\/www.vdhurk.nl\/pl\/pojazdy-uzytkowe-peugeot\/mercedes-6\/","og_site_name":"Van den Hurk Bedrijfswagens","twitter_card":"summary_large_image","twitter_misc":{"Szacowany czas czytania":"5 minut"},"schema":{"@context":"https:\/\/schema.org","@graph":[{"@type":"WebPage","@id":"https:\/\/www.vdhurk.nl\/peugeot-bedrijfswagens\/partner\/","url":"https:\/\/www.vdhurk.nl\/peugeot-bedrijfswagens\/partner\/","name":"Wybierz swoj\u0105 okazj\u0119 Peugeot Partner | Odkryj mo\u017cliwo\u015bci","isPartOf":{"@id":"https:\/\/www.vdhurk.nl\/#website"},"datePublished":"2024-09-20T09:48:58+00:00","description":"Zastanawiasz si\u0119 nad zakupem Peugeot Partner? Przejrzyj ca\u0142\u0105 ofert\u0119 i znajd\u017a pojazd, kt\u00f3ry w pe\u0142ni odpowiada Twoim potrzebom.","breadcrumb":{"@id":"https:\/\/www.vdhurk.nl\/peugeot-bedrijfswagens\/partner\/#breadcrumb"},"inLanguage":"pl-PL","potentialAction":[{"@type":"ReadAction","target":["https:\/\/www.vdhurk.nl\/peugeot-bedrijfswagens\/partner\/"]}]},{"@type":"BreadcrumbList","@id":"https:\/\/www.vdhurk.nl\/peugeot-bedrijfswagens\/partner\/#breadcrumb","itemListElement":[{"@type":"ListItem","position":1,"name":"Home","item":"https:\/\/www.vdhurk.nl\/home\/"},{"@type":"ListItem","position":2,"name":"Peugeot Bedrijfswagens","item":"https:\/\/www.vdhurk.nl\/peugeot-bedrijfswagens\/"},{"@type":"ListItem","position":3,"name":"Peugeot Partner"}]},{"@type":"WebSite","@id":"https:\/\/www.vdhurk.nl\/#website","url":"https:\/\/www.vdhurk.nl\/","name":"Van den Hurk - pojazdy u\u017cytkowe","description":"Van den Hurk pojazdy u\u017cytkowe Helmond","potentialAction":[{"@type":"SearchAction","target":{"@type":"EntryPoint","urlTemplate":"https:\/\/www.vdhurk.nl\/?s={search_term_string}"},"query-input":{"@type":"PropertyValueSpecification","valueRequired":true,"valueName":"search_term_string"}}],"inLanguage":"pl-PL"}]}},"_links":{"self":[{"href":"https:\/\/www.vdhurk.nl\/pl\/wp-json\/wp\/v2\/pages\/405925","targetHints":{"allow":["GET"]}}],"collection":[{"href":"https:\/\/www.vdhurk.nl\/pl\/wp-json\/wp\/v2\/pages"}],"about":[{"href":"https:\/\/www.vdhurk.nl\/pl\/wp-json\/wp\/v2\/types\/page"}],"author":[{"embeddable":true,"href":"https:\/\/www.vdhurk.nl\/pl\/wp-json\/wp\/v2\/users\/3"}],"replies":[{"embeddable":true,"href":"https:\/\/www.vdhurk.nl\/pl\/wp-json\/wp\/v2\/comments?post=405925"}],"version-history":[{"count":1,"href":"https:\/\/www.vdhurk.nl\/pl\/wp-json\/wp\/v2\/pages\/405925\/revisions"}],"predecessor-version":[{"id":405926,"href":"https:\/\/www.vdhurk.nl\/pl\/wp-json\/wp\/v2\/pages\/405925\/revisions\/405926"}],"up":[{"embeddable":true,"href":"https:\/\/www.vdhurk.nl\/pl\/wp-json\/wp\/v2\/pages\/370581"}],"wp:attachment":[{"href":"https:\/\/www.vdhurk.nl\/pl\/wp-json\/wp\/v2\/media?parent=405925"}],"curies":[{"name":"wp","href":"https:\/\/api.w.org\/{rel}","templated":true}]}}