{"id":405923,"date":"2024-09-20T11:35:01","date_gmt":"2024-09-20T09:35:01","guid":{"rendered":"https:\/\/www.vdhurk.nl\/?page_id=405923"},"modified":"2024-09-20T11:35:01","modified_gmt":"2024-09-20T09:35:01","slug":"mercedes-11","status":"publish","type":"page","link":"https:\/\/www.vdhurk.nl\/pl\/peugeot-bedrijfswagens\/boxer\/","title":{"rendered":"Peugeot Boxer"},"content":{"rendered":"<section  class='av_textblock_section av-lu8gnh7d-4ac895489941e586c1d7c8cb72318135'  itemscope=\"itemscope\" itemtype=\"https:\/\/schema.org\/CreativeWork\" ><div class='avia_textblock'  itemprop=\"text\" ><h1>Kupujesz u\u017cywany samoch\u00f3d Peugeot Boxer?<\/h1>\n<p>Szukasz idealnego samochodu s\u0142u\u017cbowego dla swojej firmy? W takim razie zdecydowanie warto rozwa\u017cy\u0107 okazj\u0119 Peugeot Boxer. Ten pojazd u\u017cytkowy jest popularnym wyborem w\u015br\u00f3d u\u017cytkownik\u00f3w biznesowych i nie bez powodu. Dowiedz si\u0119 wszystkiego, co chcesz wiedzie\u0107 o Peugeot Boxer i zdecyduj, czy ten samoch\u00f3d u\u017cytkowy odpowiada Twoim potrzebom i oczekiwaniom.<\/p>\n<\/div><\/section>\n\n<style type=\"text\/css\" data-created_by=\"avia_inline_auto\" id=\"style-css-av-lujjddpd-afa3d7a9eabd61123e643ed1228e781e\">\n#top .hr.hr-invisible.av-lujjddpd-afa3d7a9eabd61123e643ed1228e781e{\nheight:50px;\n}\n<\/style>\n<div  class='hr av-lujjddpd-afa3d7a9eabd61123e643ed1228e781e hr-invisible  avia-builder-el-1  el_after_av_textblock  el_before_av_codeblock'><span class='hr-inner'><span class=\"hr-inner-style\"><\/span><\/span><\/div>\n\n\n<style type=\"text\/css\" data-created_by=\"avia_inline_auto\" id=\"style-css-av-ah0xd-63338d9dc6b40410e22a712829c369d6\">\n#top .hr.hr-invisible.av-ah0xd-63338d9dc6b40410e22a712829c369d6{\nheight:50px;\n}\n<\/style>\n<div  class='hr av-ah0xd-63338d9dc6b40410e22a712829c369d6 hr-invisible  avia-builder-el-3  el_after_av_codeblock  el_before_av_textblock'><span class='hr-inner'><span class=\"hr-inner-style\"><\/span><\/span><\/div>\n<section  class='av_textblock_section av-lu8gow1e-300853e458ed741bd87d6cb78e55cc7a'  itemscope=\"itemscope\" itemtype=\"https:\/\/schema.org\/CreativeWork\" ><div class='avia_textblock'  itemprop=\"text\" ><h2>Cechy i specyfikacje Peugeot Boxer<\/h2>\n<p><a href=\"https:\/\/www.vdhurk.nl\/pl\/pojazdy-uzytkowe-peugeot\/\">Pojazdy u\u017cytkowe Peugeot<\/a> s\u0105 znane ze swojej wszechstronno\u015bci i niezawodno\u015bci, a Boxer nie jest wyj\u0105tkiem. Ten van jest szczeg\u00f3lnie popularny w\u015br\u00f3d u\u017cytkownik\u00f3w biznesowych ze wzgl\u0119du na jego przydatno\u015b\u0107 do transportu. Boxer oferuje przestronne wn\u0119trze, kt\u00f3re idealnie nadaje si\u0119 do r\u00f3\u017cnych zastosowa\u0144 biznesowych. Co wi\u0119cej, ten komercyjny van jest znany z doskona\u0142ej niezawodno\u015bci i wszechstronno\u015bci. Szereg funkcji bezpiecze\u0144stwa zapewnia bezpieczn\u0105 jazd\u0119 z punktu A do punktu B.<\/p>\n<\/div><\/section>\n<div class='flex_column av-f64w1-da126f42b61613402309283c14245a25 av_one_half  avia-builder-el-5  el_after_av_textblock  el_before_av_one_third  first flex_column_div column-top-margin'   ><section  class='av_textblock_section av-lu8gpqre-73cc2c17e6a6497ba6e1b58af22bd9e8'  itemscope=\"itemscope\" itemtype=\"https:\/\/schema.org\/CreativeWork\" ><div class='avia_textblock'  itemprop=\"text\" ><h2>Zakup Peugeot Boxer: jakie s\u0105 korzy\u015bci?<\/h2>\n<p>Zastanawiasz si\u0119 nad Peugeot Boxer? W takim razie skorzystasz z kilku zalet. Chcieliby\u015bmy je wymieni\u0107, aby\u015b m\u00f3g\u0142 dokona\u0107 \u015bwiadomego wyboru:<\/p>\n<ul>\n<li><strong>Komfort<\/strong>Kabina Peugeot Boxer zosta\u0142a zaprojektowana z my\u015bl\u0105 o komforcie, dzi\u0119ki czemu d\u0142ugie dni pracy za kierownic\u0105 nie wymagaj\u0105 wysi\u0142ku. Dzi\u0119ki przestronnym schowkom i praktycznym funkcjom jazda b\u0119dzie przyjemna ka\u017cdego dnia.<\/li>\n<li><strong>Wszechstronno\u015b\u0107<\/strong>Peugeot Boxer jest dost\u0119pny w r\u00f3\u017cnych wersjach, dzi\u0119ki czemu zawsze znajdziesz pojazd idealnie dopasowany do Twoich potrzeb biznesowych.<\/li>\n<li><strong>R\u00f3\u017cne rodzaje paliwa<\/strong>Niezale\u017cnie od tego, czy wolisz silnik wysokopr\u0119\u017cny, czy elektryczny, Boxer oferuje wyb\u00f3r rodzaj\u00f3w paliwa. Mo\u017cesz wi\u0119c \u0142atwo znale\u017a\u0107 typ, kt\u00f3ry najlepiej odpowiada Twoim nawykom jazdy i przebiegowi.<\/li>\n<\/ul>\n<p>To tylko niekt\u00f3re z wielu zalet Peugeot Boxer.<\/p>\n<\/div><\/section><\/div><div class='flex_column av-aldk9-ee694297f5c4032981677a02caab84d6 av_one_third  avia-builder-el-7  el_after_av_one_half  el_before_av_hr  flex_column_div column-top-margin'   ><style type=\"text\/css\" data-created_by=\"avia_inline_auto\" id=\"style-css-av-l1w9kpsf-4ec3fab772ec7a9adaa33cfc64ff0475\">\n.avia-image-container.av-l1w9kpsf-4ec3fab772ec7a9adaa33cfc64ff0475 .av-image-caption-overlay-center{\ncolor:#ffffff;\n}\n<\/style>\n<div  class='avia-image-container av-l1w9kpsf-4ec3fab772ec7a9adaa33cfc64ff0475 av-styling- avia-align-center  avia-builder-el-8  avia-builder-el-no-sibling'  itemprop=\"image\" itemscope=\"itemscope\" itemtype=\"https:\/\/schema.org\/ImageObject\" ><div class=\"avia-image-container-inner\"><div class=\"avia-image-overlay-wrap\"><img decoding=\"async\" class='wp-image-187 avia-img-lazy-loading-not-187 avia_image' src=\"https:\/\/www.vdhurk.nl\/wp-content\/uploads\/2022\/03\/Voorrad.png\" alt='' title='Stock'  height=\"758\" width=\"1135\"  itemprop=\"thumbnailUrl\" srcset=\"https:\/\/www.vdhurk.nl\/wp-content\/uploads\/2022\/03\/Voorrad.png 1135w, https:\/\/www.vdhurk.nl\/wp-content\/uploads\/2022\/03\/Voorrad-300x200.png 300w, https:\/\/www.vdhurk.nl\/wp-content\/uploads\/2022\/03\/Voorrad-1030x688.png 1030w, https:\/\/www.vdhurk.nl\/wp-content\/uploads\/2022\/03\/Voorrad-768x513.png 768w, https:\/\/www.vdhurk.nl\/wp-content\/uploads\/2022\/03\/Voorrad-18x12.png 18w, https:\/\/www.vdhurk.nl\/wp-content\/uploads\/2022\/03\/Voorrad-705x471.png 705w\" sizes=\"(max-width: 1135px) 100vw, 1135px\" \/><\/div><\/div><\/div><\/div><\/p>\n\n<style type=\"text\/css\" data-created_by=\"avia_inline_auto\" id=\"style-css-av-luqrjpjc-5a23a1fb5f94718ca85316a9df963e2f\">\n#top .hr.hr-invisible.av-luqrjpjc-5a23a1fb5f94718ca85316a9df963e2f{\nheight:50px;\n}\n<\/style>\n<div  class='hr av-luqrjpjc-5a23a1fb5f94718ca85316a9df963e2f hr-invisible  avia-builder-el-9  el_after_av_one_third  el_before_av_textblock'><span class='hr-inner'><span class=\"hr-inner-style\"><\/span><\/span><\/div>\n<section  class='av_textblock_section av-lu8gtjw7-4f3cee9304909518d86d2860d9d582dd'  itemscope=\"itemscope\" itemtype=\"https:\/\/schema.org\/CreativeWork\" ><div class='avia_textblock'  itemprop=\"text\" ><h2>R\u00f3\u017cne wersje<\/h2>\n<p>Peugeot Boxer jest dost\u0119pny w r\u00f3\u017cnych wersjach. Na przyk\u0142ad istnieje opcja z otwartym ty\u0142em, idealna do transportu pasa\u017cer\u00f3w. Wersja z zamkni\u0119tym ty\u0142em jest idealna do bezpiecznego i \u0142atwego transportu towar\u00f3w. Czy regularnie musisz przewozi\u0107 ci\u0119\u017ckie \u0142adunki? W takim razie otwarta skrzynia \u0142adunkowa jest bardzo odpowiednia. Peugeot Boxer ma \u0142adowno\u015b\u0107 do 1600 kilogram\u00f3w. Mo\u017cna r\u00f3wnie\u017c wybiera\u0107 spo\u015br\u00f3d r\u00f3\u017cnych silnik\u00f3w o mocy od 140 KM do nawet 180 KM.<\/p>\n<p>Dzi\u0119ki tej r\u00f3\u017cnorodno\u015bci zawsze znajdziesz Peugeot Boxer odpowiadaj\u0105cy Twoim potrzebom. Nie znalaz\u0142e\u015b jeszcze tego, czego szukasz? Nie ma problemu! Nasza oferta stale si\u0119 zmienia, wi\u0119c Tw\u00f3j idealny pojazd u\u017cytkowy mo\u017ce by\u0107 wkr\u00f3tce dost\u0119pny. Dlatego na bie\u017c\u0105co sprawdzaj nasz\u0105 <a href=\"https:\/\/www.vdhurk.nl\/pl\/pojazdy-uzytkowe\/\">aktualna oferta<\/a> ostro\u017cnie. Szukasz konkretnego modelu? Daj nam zna\u0107 za po\u015brednictwem naszego <a href=\"https:\/\/www.vdhurk.nl\/pl\/alarm-gieldowy\/\">stockalert<\/a>a my pomo\u017cemy Ci znale\u017a\u0107 idealny samoch\u00f3d s\u0142u\u017cbowy.<\/p>\n<h2>O jakich cenach powiniene\u015b pomy\u015ble\u0107?<\/h2>\n<p>Ceny naszych pojazd\u00f3w u\u017cytkowych r\u00f3\u017cni\u0105 si\u0119 nie bez powodu. W naszej ofercie znajdziesz zar\u00f3wno proste modele Peugeot Boxer, jak i w pe\u0142ni wyposa\u017cone pojazdy Peugeot Boxer. Poniewa\u017c nasza aktualna oferta stale si\u0119 zmienia, nie mo\u017cemy poda\u0107 dok\u0142adnej ceny. Niezale\u017cnie od tego, czy szukasz u\u017cywanego Peugeot Boxer, czy nowego modelu, zawsze znajdziesz co\u015b w swoim bud\u017cecie.<\/p>\n<h2>Leasing czy zakup Peugeot Boxer: kt\u00f3ra opcja jest dla Ciebie najlepsza?<\/h2>\n<p>W Van den Hurk mo\u017cesz nie tylko bezpo\u015brednio kupi\u0107 pojazd u\u017cytkowy, ale tak\u017ce zdecydowa\u0107 si\u0119 na leasing finansowy. Z <a href=\"https:\/\/www.vdhurk.nl\/pl\/leasing-finansowy\/\">leasing finansowy<\/a> P\u0142acisz za pojazd co miesi\u0105c, wi\u0119c nie musisz inwestowa\u0107 du\u017cej kwoty za jednym razem. W okresie leasingu pojazd stopniowo staje si\u0119 Twoj\u0105 w\u0142asno\u015bci\u0105. Po zako\u0144czeniu leasingu jeste\u015b jego pe\u0142noprawnym w\u0142a\u015bcicielem, bez konieczno\u015bci dokonywania du\u017cej inwestycji pocz\u0105tkowej.<\/p>\n<h2><b>Znajd\u017a swojego Peugeot Boxer<\/b><\/h2>\n<p>Czy jeste\u015b przekonany i gotowy do zakupu Peugeot Boxer? A mo\u017ce potrzebujesz dodatkowych informacji? Jako dealer Peugeot Boxer jeste\u015bmy gotowi odpowiedzie\u0107 na wszystkie pytania i pom\u00f3c w dokonaniu w\u0142a\u015bciwego wyboru. Skontaktuj si\u0119 z nami, aby uzyska\u0107 wi\u0119cej informacji lub sprawd\u017a nasz\u0105 aktualn\u0105 ofert\u0119, aby znale\u017a\u0107 idealny pojazd u\u017cytkowy.<\/p>\n<\/div><\/section>","protected":false},"excerpt":{"rendered":"","protected":false},"author":3,"featured_media":0,"parent":370581,"menu_order":0,"comment_status":"closed","ping_status":"closed","template":"","meta":{"_acf_changed":false,"_improvement_type_select":"improve_an_existing","_thumb_yes_seoaic":false,"_frame_yes_seoaic":false,"seoaic_generate_description":"","seoaic_improve_instructions_prompt":"","seoaic_rollback_content_improvement":"","seoaic_idea_thumbnail_generator":"","thumbnail_generated":false,"thumbnail_generate_prompt":"","seoaic_article_description":"","footnotes":""},"class_list":["post-405923","page","type-page","status-publish","hentry"],"acf":[],"yoast_head":"<!-- This site is optimized with the Yoast SEO plugin v27.5 - https:\/\/yoast.com\/product\/yoast-seo-wordpress\/ -->\n<title>Vind jouw Peugeot Boxer occasion | Bekijk de mogelijkheden<\/title>\n<meta name=\"description\" content=\"Overweeg je een Peugeot Boxer occasion aan te schaffen? Bekijk dan ons aanbod en vind de bedrijfswagen die perfect aansluit bij jouw behoeften en gebruik.\" \/>\n<meta name=\"robots\" content=\"index, follow, max-snippet:-1, max-image-preview:large, max-video-preview:-1\" \/>\n<link rel=\"canonical\" href=\"https:\/\/www.vdhurk.nl\/pl\/pojazdy-uzytkowe-peugeot\/mercedes-11\/\" \/>\n<meta property=\"og:locale\" content=\"pl_PL\" \/>\n<meta property=\"og:type\" content=\"article\" \/>\n<meta property=\"og:title\" content=\"Vind jouw Peugeot Boxer occasion | Bekijk de mogelijkheden\" \/>\n<meta property=\"og:description\" content=\"Overweeg je een Peugeot Boxer occasion aan te schaffen? Bekijk dan ons aanbod en vind de bedrijfswagen die perfect aansluit bij jouw behoeften en gebruik.\" \/>\n<meta property=\"og:url\" content=\"https:\/\/www.vdhurk.nl\/pl\/pojazdy-uzytkowe-peugeot\/mercedes-11\/\" \/>\n<meta property=\"og:site_name\" content=\"Van den Hurk Bedrijfswagens\" \/>\n<meta name=\"twitter:card\" content=\"summary_large_image\" \/>\n<meta name=\"twitter:label1\" content=\"Szacowany czas czytania\" \/>\n\t<meta name=\"twitter:data1\" content=\"5 minut\" \/>\n<script type=\"application\/ld+json\" class=\"yoast-schema-graph\">{\"@context\":\"https:\\\/\\\/schema.org\",\"@graph\":[{\"@type\":\"WebPage\",\"@id\":\"https:\\\/\\\/www.vdhurk.nl\\\/peugeot-bedrijfswagens\\\/boxer\\\/\",\"url\":\"https:\\\/\\\/www.vdhurk.nl\\\/peugeot-bedrijfswagens\\\/boxer\\\/\",\"name\":\"Vind jouw Peugeot Boxer occasion | Bekijk de mogelijkheden\",\"isPartOf\":{\"@id\":\"https:\\\/\\\/www.vdhurk.nl\\\/#website\"},\"datePublished\":\"2024-09-20T09:35:01+00:00\",\"description\":\"Overweeg je een Peugeot Boxer occasion aan te schaffen? Bekijk dan ons aanbod en vind de bedrijfswagen die perfect aansluit bij jouw behoeften en gebruik.\",\"breadcrumb\":{\"@id\":\"https:\\\/\\\/www.vdhurk.nl\\\/peugeot-bedrijfswagens\\\/boxer\\\/#breadcrumb\"},\"inLanguage\":\"pl-PL\",\"potentialAction\":[{\"@type\":\"ReadAction\",\"target\":[\"https:\\\/\\\/www.vdhurk.nl\\\/peugeot-bedrijfswagens\\\/boxer\\\/\"]}]},{\"@type\":\"BreadcrumbList\",\"@id\":\"https:\\\/\\\/www.vdhurk.nl\\\/peugeot-bedrijfswagens\\\/boxer\\\/#breadcrumb\",\"itemListElement\":[{\"@type\":\"ListItem\",\"position\":1,\"name\":\"Home\",\"item\":\"https:\\\/\\\/www.vdhurk.nl\\\/home\\\/\"},{\"@type\":\"ListItem\",\"position\":2,\"name\":\"Peugeot Bedrijfswagens\",\"item\":\"https:\\\/\\\/www.vdhurk.nl\\\/peugeot-bedrijfswagens\\\/\"},{\"@type\":\"ListItem\",\"position\":3,\"name\":\"Peugeot Boxer\"}]},{\"@type\":\"WebSite\",\"@id\":\"https:\\\/\\\/www.vdhurk.nl\\\/#website\",\"url\":\"https:\\\/\\\/www.vdhurk.nl\\\/\",\"name\":\"Van den Hurk Bedrijfswagens\",\"description\":\"Van den Hurk bedrijfswagens Helmond\",\"potentialAction\":[{\"@type\":\"SearchAction\",\"target\":{\"@type\":\"EntryPoint\",\"urlTemplate\":\"https:\\\/\\\/www.vdhurk.nl\\\/?s={search_term_string}\"},\"query-input\":{\"@type\":\"PropertyValueSpecification\",\"valueRequired\":true,\"valueName\":\"search_term_string\"}}],\"inLanguage\":\"pl-PL\"}]}<\/script>\n<!-- \/ Yoast SEO plugin. -->","yoast_head_json":{"title":"Znajd\u017a swoj\u0105 okazj\u0119 Peugeot Boxer | Zobacz opcje","description":"Rozwa\u017casz zakup u\u017cywanego samochodu Peugeot Boxer? Zapoznaj si\u0119 z nasz\u0105 ofert\u0105 i znajd\u017a pojazd u\u017cytkowy, kt\u00f3ry idealnie odpowiada Twoim potrzebom i przeznaczeniu.","robots":{"index":"index","follow":"follow","max-snippet":"max-snippet:-1","max-image-preview":"max-image-preview:large","max-video-preview":"max-video-preview:-1"},"canonical":"https:\/\/www.vdhurk.nl\/pl\/pojazdy-uzytkowe-peugeot\/mercedes-11\/","og_locale":"pl_PL","og_type":"article","og_title":"Vind jouw Peugeot Boxer occasion | Bekijk de mogelijkheden","og_description":"Overweeg je een Peugeot Boxer occasion aan te schaffen? Bekijk dan ons aanbod en vind de bedrijfswagen die perfect aansluit bij jouw behoeften en gebruik.","og_url":"https:\/\/www.vdhurk.nl\/pl\/pojazdy-uzytkowe-peugeot\/mercedes-11\/","og_site_name":"Van den Hurk Bedrijfswagens","twitter_card":"summary_large_image","twitter_misc":{"Szacowany czas czytania":"5 minut"},"schema":{"@context":"https:\/\/schema.org","@graph":[{"@type":"WebPage","@id":"https:\/\/www.vdhurk.nl\/peugeot-bedrijfswagens\/boxer\/","url":"https:\/\/www.vdhurk.nl\/peugeot-bedrijfswagens\/boxer\/","name":"Znajd\u017a swoj\u0105 okazj\u0119 Peugeot Boxer | Zobacz opcje","isPartOf":{"@id":"https:\/\/www.vdhurk.nl\/#website"},"datePublished":"2024-09-20T09:35:01+00:00","description":"Rozwa\u017casz zakup u\u017cywanego samochodu Peugeot Boxer? Zapoznaj si\u0119 z nasz\u0105 ofert\u0105 i znajd\u017a pojazd u\u017cytkowy, kt\u00f3ry idealnie odpowiada Twoim potrzebom i przeznaczeniu.","breadcrumb":{"@id":"https:\/\/www.vdhurk.nl\/peugeot-bedrijfswagens\/boxer\/#breadcrumb"},"inLanguage":"pl-PL","potentialAction":[{"@type":"ReadAction","target":["https:\/\/www.vdhurk.nl\/peugeot-bedrijfswagens\/boxer\/"]}]},{"@type":"BreadcrumbList","@id":"https:\/\/www.vdhurk.nl\/peugeot-bedrijfswagens\/boxer\/#breadcrumb","itemListElement":[{"@type":"ListItem","position":1,"name":"Home","item":"https:\/\/www.vdhurk.nl\/home\/"},{"@type":"ListItem","position":2,"name":"Peugeot Bedrijfswagens","item":"https:\/\/www.vdhurk.nl\/peugeot-bedrijfswagens\/"},{"@type":"ListItem","position":3,"name":"Peugeot Boxer"}]},{"@type":"WebSite","@id":"https:\/\/www.vdhurk.nl\/#website","url":"https:\/\/www.vdhurk.nl\/","name":"Van den Hurk - pojazdy u\u017cytkowe","description":"Van den Hurk pojazdy u\u017cytkowe Helmond","potentialAction":[{"@type":"SearchAction","target":{"@type":"EntryPoint","urlTemplate":"https:\/\/www.vdhurk.nl\/?s={search_term_string}"},"query-input":{"@type":"PropertyValueSpecification","valueRequired":true,"valueName":"search_term_string"}}],"inLanguage":"pl-PL"}]}},"_links":{"self":[{"href":"https:\/\/www.vdhurk.nl\/pl\/wp-json\/wp\/v2\/pages\/405923","targetHints":{"allow":["GET"]}}],"collection":[{"href":"https:\/\/www.vdhurk.nl\/pl\/wp-json\/wp\/v2\/pages"}],"about":[{"href":"https:\/\/www.vdhurk.nl\/pl\/wp-json\/wp\/v2\/types\/page"}],"author":[{"embeddable":true,"href":"https:\/\/www.vdhurk.nl\/pl\/wp-json\/wp\/v2\/users\/3"}],"replies":[{"embeddable":true,"href":"https:\/\/www.vdhurk.nl\/pl\/wp-json\/wp\/v2\/comments?post=405923"}],"version-history":[{"count":1,"href":"https:\/\/www.vdhurk.nl\/pl\/wp-json\/wp\/v2\/pages\/405923\/revisions"}],"predecessor-version":[{"id":405924,"href":"https:\/\/www.vdhurk.nl\/pl\/wp-json\/wp\/v2\/pages\/405923\/revisions\/405924"}],"up":[{"embeddable":true,"href":"https:\/\/www.vdhurk.nl\/pl\/wp-json\/wp\/v2\/pages\/370581"}],"wp:attachment":[{"href":"https:\/\/www.vdhurk.nl\/pl\/wp-json\/wp\/v2\/media?parent=405923"}],"curies":[{"name":"wp","href":"https:\/\/api.w.org\/{rel}","templated":true}]}}