{"id":405902,"date":"2024-09-20T10:54:47","date_gmt":"2024-09-20T08:54:47","guid":{"rendered":"https:\/\/www.vdhurk.nl\/?page_id=405902"},"modified":"2024-09-20T10:54:47","modified_gmt":"2024-09-20T08:54:47","slug":"mercedes-18","status":"publish","type":"page","link":"https:\/\/www.vdhurk.nl\/pl\/citroen-bedrijfswagens\/jumpy\/","title":{"rendered":"Citro\u00ebn Jumpy"},"content":{"rendered":"<section  class='av_textblock_section av-lu8gnh7d-4ac895489941e586c1d7c8cb72318135'  itemscope=\"itemscope\" itemtype=\"https:\/\/schema.org\/CreativeWork\" ><div class='avia_textblock'  itemprop=\"text\" ><h1>Kupujesz okazj\u0119 Citro\u00ebn Jumpy?<\/h1>\n<p>Szukasz niezawodnego pojazdu u\u017cytkowego? W takim razie Citro\u00ebn Jumpy jest zdecydowanie czym\u015b, co warto rozwa\u017cy\u0107! Ten wszechstronny van oferuje wiele korzy\u015bci, kt\u00f3re idealnie pasuj\u0105 do potrzeb ka\u017cdego przedsi\u0119biorcy. Niezale\u017cnie od tego, czy potrzebujesz du\u017cej przestrzeni \u0142adunkowej, czy po prostu szukasz skutecznego sposobu na dotarcie z punktu A do punktu B, Jumpy ma wersj\u0119 odpowiadaj\u0105c\u0105 Twoim potrzebom biznesowym. Zapoznaj si\u0119 z r\u00f3\u017cnymi wersjami i sprawd\u017a, czy ten pojazd u\u017cytkowy jest idealnym wyborem dla Twojej firmy!<\/p>\n<\/div><\/section>\n\n<style type=\"text\/css\" data-created_by=\"avia_inline_auto\" id=\"style-css-av-lujjddpd-afa3d7a9eabd61123e643ed1228e781e\">\n#top .hr.hr-invisible.av-lujjddpd-afa3d7a9eabd61123e643ed1228e781e{\nheight:50px;\n}\n<\/style>\n<div  class='hr av-lujjddpd-afa3d7a9eabd61123e643ed1228e781e hr-invisible  avia-builder-el-1  el_after_av_textblock  el_before_av_codeblock'><span class='hr-inner'><span class=\"hr-inner-style\"><\/span><\/span><\/div>\n\n\n<style type=\"text\/css\" data-created_by=\"avia_inline_auto\" id=\"style-css-av-ah0xd-63338d9dc6b40410e22a712829c369d6\">\n#top .hr.hr-invisible.av-ah0xd-63338d9dc6b40410e22a712829c369d6{\nheight:50px;\n}\n<\/style>\n<div  class='hr av-ah0xd-63338d9dc6b40410e22a712829c369d6 hr-invisible  avia-builder-el-3  el_after_av_codeblock  el_before_av_textblock'><span class='hr-inner'><span class=\"hr-inner-style\"><\/span><\/span><\/div>\n<section  class='av_textblock_section av-lu8gow1e-300853e458ed741bd87d6cb78e55cc7a'  itemscope=\"itemscope\" itemtype=\"https:\/\/schema.org\/CreativeWork\" ><div class='avia_textblock'  itemprop=\"text\" ><h2>Z czego s\u0142ynie Citro\u00ebn Jumpy: jakie s\u0105 jego zalety?<\/h2>\n<p>The <a href=\"https:\/\/www.vdhurk.nl\/pl\/pojazdy-uzytkowe-citroen\/\">Pojazdy u\u017cytkowe Citro\u00ebn<\/a> s\u0105 znane ze swojej wszechstronno\u015bci i niezawodno\u015bci, a Jumpy jest tego doskona\u0142ym przyk\u0142adem. Dzi\u0119ki praktycznemu, nowoczesnemu wn\u0119trzu i inteligentnym opcjom przechowywania, ten pojazd oferuje wszystko, czego potrzebujesz. Wysoki komfort jazdy sprawia, \u017ce ka\u017cda przeja\u017cd\u017cka jest przyjemno\u015bci\u0105, niezale\u017cnie od tego, czy pokonujesz d\u0142ugie dystanse, czy cz\u0119sto wsiadasz i wysiadasz. Modele Citro\u00ebn Jumpy s\u0105 r\u00f3wnie\u017c wyposa\u017cone w przydatne systemy wspomagania jazdy, kt\u00f3re zapewniaj\u0105 bezpieczn\u0105 jazd\u0119. Niezale\u017cnie od tego, czy przewozisz ludzi, dostarczasz paczki, czy masz inny transport, dzi\u0119ki r\u00f3\u017cnym wersjom zawsze znajdziesz Jumpy, kt\u00f3ry pasuje do Twojej pracy. Idealny dla przedsi\u0119biorc\u00f3w, kt\u00f3rzy du\u017co podr\u00f3\u017cuj\u0105 i szukaj\u0105 samochodu s\u0142u\u017cbowego, kt\u00f3ry sprosta ich codziennym wymaganiom.<\/p>\n<\/div><\/section>\n<div class='flex_column av-f64w1-da126f42b61613402309283c14245a25 av_one_half  avia-builder-el-5  el_after_av_textblock  el_before_av_one_third  first flex_column_div column-top-margin'   ><section  class='av_textblock_section av-lu8gpqre-73cc2c17e6a6497ba6e1b58af22bd9e8'  itemscope=\"itemscope\" itemtype=\"https:\/\/schema.org\/CreativeWork\" ><div class='avia_textblock'  itemprop=\"text\" ><h2>R\u00f3\u017cne wersje<\/h2>\n<p>Citro\u00ebn Jumpy jest dost\u0119pny w r\u00f3\u017cnych wersjach, wi\u0119c zawsze znajdziesz model odpowiadaj\u0105cy Twoim potrzebom. Niezale\u017cnie od tego, czy szukasz nowej konstrukcji, czy pojazdu u\u017cytkowego z mniejszym przebiegiem, wyb\u00f3r jest du\u017cy. A je\u015bli chodzi o skrzyni\u0119 bieg\u00f3w: dost\u0119pne s\u0105 zar\u00f3wno manualne, jak i automatyczne. Co wi\u0119cej, mo\u017cesz wybra\u0107 podw\u00f3jn\u0105 kabin\u0119, otwart\u0105 skrzyni\u0119 \u0142adunkow\u0105 lub kolor, kt\u00f3ry pasuje do Twojego stylu. Kr\u00f3tko m\u00f3wi\u0105c, z Citro\u00ebnem Jumpy mo\u017cesz p\u00f3j\u015b\u0107 w ka\u017cd\u0105 stron\u0119.<\/p>\n<\/div><\/section><\/div><div class='flex_column av-aldk9-ee694297f5c4032981677a02caab84d6 av_one_third  avia-builder-el-7  el_after_av_one_half  el_before_av_hr  flex_column_div column-top-margin'   ><style type=\"text\/css\" data-created_by=\"avia_inline_auto\" id=\"style-css-av-l1w9kpsf-4ec3fab772ec7a9adaa33cfc64ff0475\">\n.avia-image-container.av-l1w9kpsf-4ec3fab772ec7a9adaa33cfc64ff0475 .av-image-caption-overlay-center{\ncolor:#ffffff;\n}\n<\/style>\n<div  class='avia-image-container av-l1w9kpsf-4ec3fab772ec7a9adaa33cfc64ff0475 av-styling- avia-align-center  avia-builder-el-8  avia-builder-el-no-sibling'  itemprop=\"image\" itemscope=\"itemscope\" itemtype=\"https:\/\/schema.org\/ImageObject\" ><div class=\"avia-image-container-inner\"><div class=\"avia-image-overlay-wrap\"><img decoding=\"async\" class='wp-image-187 avia-img-lazy-loading-not-187 avia_image' src=\"https:\/\/www.vdhurk.nl\/wp-content\/uploads\/2022\/03\/Voorrad.png\" alt='' title='Stock'  height=\"758\" width=\"1135\"  itemprop=\"thumbnailUrl\" srcset=\"https:\/\/www.vdhurk.nl\/wp-content\/uploads\/2022\/03\/Voorrad.png 1135w, https:\/\/www.vdhurk.nl\/wp-content\/uploads\/2022\/03\/Voorrad-300x200.png 300w, https:\/\/www.vdhurk.nl\/wp-content\/uploads\/2022\/03\/Voorrad-1030x688.png 1030w, https:\/\/www.vdhurk.nl\/wp-content\/uploads\/2022\/03\/Voorrad-768x513.png 768w, https:\/\/www.vdhurk.nl\/wp-content\/uploads\/2022\/03\/Voorrad-18x12.png 18w, https:\/\/www.vdhurk.nl\/wp-content\/uploads\/2022\/03\/Voorrad-705x471.png 705w\" sizes=\"(max-width: 1135px) 100vw, 1135px\" \/><\/div><\/div><\/div><\/div><\/p>\n\n<style type=\"text\/css\" data-created_by=\"avia_inline_auto\" id=\"style-css-av-luqrjpjc-5a23a1fb5f94718ca85316a9df963e2f\">\n#top .hr.hr-invisible.av-luqrjpjc-5a23a1fb5f94718ca85316a9df963e2f{\nheight:50px;\n}\n<\/style>\n<div  class='hr av-luqrjpjc-5a23a1fb5f94718ca85316a9df963e2f hr-invisible  avia-builder-el-9  el_after_av_one_third  el_before_av_textblock'><span class='hr-inner'><span class=\"hr-inner-style\"><\/span><\/span><\/div>\n<section  class='av_textblock_section av-lu8gtjw7-4f3cee9304909518d86d2860d9d582dd'  itemscope=\"itemscope\" itemtype=\"https:\/\/schema.org\/CreativeWork\" ><div class='avia_textblock'  itemprop=\"text\" ><h2>Czy leasing Citro\u00ebna Jumpy jest dla Ciebie?<\/h2>\n<p>Czy wiesz, \u017ce Van den Hurk oferuje kilka opcji p\u0142atno\u015bci? Opr\u00f3cz bezpo\u015bredniej p\u0142atno\u015bci za pojazd u\u017cytkowy, dost\u0119pne s\u0105 r\u00f3wnie\u017c <a href=\"https:\/\/www.vdhurk.nl\/pl\/leasing-finansowy\/\">leasing finansowy<\/a> opcja. W tym przypadku sp\u0142acasz pojazd miesi\u0119cznie, wi\u0119c nie musisz od razu dokonywa\u0107 du\u017cej inwestycji. Fajn\u0105 rzecz\u0105 jest to, \u017ce stajesz si\u0119 w\u0142a\u015bcicielem pojazdu krok po kroku w okresie leasingu. W ten spos\u00f3b od razu odjedziesz swoim nowym samochodem s\u0142u\u017cbowym, bez konieczno\u015bci p\u0142acenia wszystkiego na raz. Wygodne, prawda?<\/p>\n<h2>Cena Citro\u00ebna Jumpy: o jakich kwotach warto pomy\u015ble\u0107?<\/h2>\n<p>Ceny naszych pojazd\u00f3w u\u017cytkowych s\u0105 zr\u00f3\u017cnicowane, co ma sens. Wynika to z faktu, \u017ce nasza oferta stale si\u0119 zmienia i zawsze mo\u017cna wybiera\u0107 spo\u015br\u00f3d r\u00f3\u017cnych wersji. Powoduje to wahania cen. Dlatego trudno jest poda\u0107 dok\u0142adn\u0105 cen\u0119. Ale nie martw si\u0119, zawsze znajdziesz samoch\u00f3d firmowy, kt\u00f3ry pasuje do Twojego bud\u017cetu, bez wzgl\u0119du na to, jakiej wersji szukasz. Niezale\u017cnie od tego, czy szukasz prostej wersji, czy modelu ze wszystkimi opcjami, istnieje odpowiednie rozwi\u0105zanie dla ka\u017cdego bud\u017cetu.<\/p>\n<h2>Czy s\u0142ysza\u0142e\u015b o naszym alercie gie\u0142dowym?<\/h2>\n<p>W Van den Hurk stale zmieniamy ofert\u0119 pojazd\u00f3w u\u017cytkowych. Nie ma w\u015br\u00f3d nich Twojego idealnego pojazdu? Nie ma problemu! Pojazd u\u017cytkowy, kt\u00f3ry dok\u0142adnie spe\u0142nia Twoje wymagania, mo\u017ce w\u0142a\u015bnie sta\u0107 si\u0119 dost\u0119pny. Nie chcesz niczego przegapi\u0107? Zapisz si\u0119 na nasz alert magazynowy. Wprowad\u017a swoje preferencje, a my poinformujemy Ci\u0119, gdy tylko odpowiedni pojazd stanie si\u0119 dost\u0119pny. Razem znajdziemy idealny pojazd u\u017cytkowy!<\/p>\n<h2><b>Wy\u015bwietl r\u00f3\u017cne opcje<\/b><\/h2>\n<p>Czy jeste\u015b przekonany do zakupu Citro\u00ebna Jumpy z drugiej r\u0119ki? A mo\u017ce potrzebujesz dodatkowych informacji? Jeste\u015bmy gotowi odpowiedzie\u0107 na wszystkie pytania i pom\u00f3c w dokonaniu w\u0142a\u015bciwego wyboru. Skontaktuj si\u0119 z nami, aby uzyska\u0107 wi\u0119cej informacji lub sprawd\u017a nasz\u0105 aktualn\u0105 ofert\u0119, aby znale\u017a\u0107 idealny pojazd u\u017cytkowy. Zakup Citro\u00ebna Jumpy nigdy nie by\u0142 \u0142atwiejszy.<\/p>\n<\/div><\/section>","protected":false},"excerpt":{"rendered":"","protected":false},"author":3,"featured_media":0,"parent":372085,"menu_order":0,"comment_status":"closed","ping_status":"closed","template":"","meta":{"_acf_changed":false,"_improvement_type_select":"improve_an_existing","_thumb_yes_seoaic":false,"_frame_yes_seoaic":false,"seoaic_generate_description":"","seoaic_improve_instructions_prompt":"","seoaic_rollback_content_improvement":"","seoaic_idea_thumbnail_generator":"","thumbnail_generated":false,"thumbnail_generate_prompt":"","seoaic_article_description":"","footnotes":""},"class_list":["post-405902","page","type-page","status-publish","hentry"],"acf":[],"yoast_head":"<!-- This site is optimized with the Yoast SEO plugin v27.5 - https:\/\/yoast.com\/product\/yoast-seo-wordpress\/ -->\n<title>Bekijk de mogelijkheden en vind jouw Citro\u00ebn Jumpy occasion<\/title>\n<meta name=\"description\" content=\"Op zoek naar Citro\u00ebn Jumpy occasion? Bekijk dan het actuele aanbod van Van den Hurk. Samen vinden we jouw perfecte bedrijfswagen.\" \/>\n<meta name=\"robots\" content=\"index, follow, max-snippet:-1, max-image-preview:large, max-video-preview:-1\" \/>\n<link rel=\"canonical\" href=\"https:\/\/www.vdhurk.nl\/pl\/pojazdy-uzytkowe-citroen\/mercedes-18\/\" \/>\n<meta property=\"og:locale\" content=\"pl_PL\" \/>\n<meta property=\"og:type\" content=\"article\" \/>\n<meta property=\"og:title\" content=\"Bekijk de mogelijkheden en vind jouw Citro\u00ebn Jumpy occasion\" \/>\n<meta property=\"og:description\" content=\"Op zoek naar Citro\u00ebn Jumpy occasion? Bekijk dan het actuele aanbod van Van den Hurk. Samen vinden we jouw perfecte bedrijfswagen.\" \/>\n<meta property=\"og:url\" content=\"https:\/\/www.vdhurk.nl\/pl\/pojazdy-uzytkowe-citroen\/mercedes-18\/\" \/>\n<meta property=\"og:site_name\" content=\"Van den Hurk Bedrijfswagens\" \/>\n<meta name=\"twitter:card\" content=\"summary_large_image\" \/>\n<meta name=\"twitter:label1\" content=\"Szacowany czas czytania\" \/>\n\t<meta name=\"twitter:data1\" content=\"5 minut\" \/>\n<script type=\"application\/ld+json\" class=\"yoast-schema-graph\">{\"@context\":\"https:\\\/\\\/schema.org\",\"@graph\":[{\"@type\":\"WebPage\",\"@id\":\"https:\\\/\\\/www.vdhurk.nl\\\/citroen-bedrijfswagens\\\/jumpy\\\/\",\"url\":\"https:\\\/\\\/www.vdhurk.nl\\\/citroen-bedrijfswagens\\\/jumpy\\\/\",\"name\":\"Bekijk de mogelijkheden en vind jouw Citro\u00ebn Jumpy occasion\",\"isPartOf\":{\"@id\":\"https:\\\/\\\/www.vdhurk.nl\\\/#website\"},\"datePublished\":\"2024-09-20T08:54:47+00:00\",\"description\":\"Op zoek naar Citro\u00ebn Jumpy occasion? Bekijk dan het actuele aanbod van Van den Hurk. Samen vinden we jouw perfecte bedrijfswagen.\",\"breadcrumb\":{\"@id\":\"https:\\\/\\\/www.vdhurk.nl\\\/citroen-bedrijfswagens\\\/jumpy\\\/#breadcrumb\"},\"inLanguage\":\"pl-PL\",\"potentialAction\":[{\"@type\":\"ReadAction\",\"target\":[\"https:\\\/\\\/www.vdhurk.nl\\\/citroen-bedrijfswagens\\\/jumpy\\\/\"]}]},{\"@type\":\"BreadcrumbList\",\"@id\":\"https:\\\/\\\/www.vdhurk.nl\\\/citroen-bedrijfswagens\\\/jumpy\\\/#breadcrumb\",\"itemListElement\":[{\"@type\":\"ListItem\",\"position\":1,\"name\":\"Home\",\"item\":\"https:\\\/\\\/www.vdhurk.nl\\\/home\\\/\"},{\"@type\":\"ListItem\",\"position\":2,\"name\":\"Citro\u00ebn Bedrijfswagens\",\"item\":\"https:\\\/\\\/www.vdhurk.nl\\\/citroen-bedrijfswagens\\\/\"},{\"@type\":\"ListItem\",\"position\":3,\"name\":\"Citro\u00ebn Jumpy\"}]},{\"@type\":\"WebSite\",\"@id\":\"https:\\\/\\\/www.vdhurk.nl\\\/#website\",\"url\":\"https:\\\/\\\/www.vdhurk.nl\\\/\",\"name\":\"Van den Hurk Bedrijfswagens\",\"description\":\"Van den Hurk bedrijfswagens Helmond\",\"potentialAction\":[{\"@type\":\"SearchAction\",\"target\":{\"@type\":\"EntryPoint\",\"urlTemplate\":\"https:\\\/\\\/www.vdhurk.nl\\\/?s={search_term_string}\"},\"query-input\":{\"@type\":\"PropertyValueSpecification\",\"valueRequired\":true,\"valueName\":\"search_term_string\"}}],\"inLanguage\":\"pl-PL\"}]}<\/script>\n<!-- \/ Yoast SEO plugin. -->","yoast_head_json":{"title":"Sprawd\u017a dost\u0119pne opcje i znajd\u017a sw\u00f3j u\u017cywany samoch\u00f3d Citro\u00ebn Jumpy","description":"Szukasz okazji na Citro\u00ebna Jumpy? W takim razie zapoznaj si\u0119 z aktualn\u0105 ofert\u0105 Van den Hurk. Wsp\u00f3lnie znajdziemy idealny samoch\u00f3d firmowy.","robots":{"index":"index","follow":"follow","max-snippet":"max-snippet:-1","max-image-preview":"max-image-preview:large","max-video-preview":"max-video-preview:-1"},"canonical":"https:\/\/www.vdhurk.nl\/pl\/pojazdy-uzytkowe-citroen\/mercedes-18\/","og_locale":"pl_PL","og_type":"article","og_title":"Bekijk de mogelijkheden en vind jouw Citro\u00ebn Jumpy occasion","og_description":"Op zoek naar Citro\u00ebn Jumpy occasion? Bekijk dan het actuele aanbod van Van den Hurk. Samen vinden we jouw perfecte bedrijfswagen.","og_url":"https:\/\/www.vdhurk.nl\/pl\/pojazdy-uzytkowe-citroen\/mercedes-18\/","og_site_name":"Van den Hurk Bedrijfswagens","twitter_card":"summary_large_image","twitter_misc":{"Szacowany czas czytania":"5 minut"},"schema":{"@context":"https:\/\/schema.org","@graph":[{"@type":"WebPage","@id":"https:\/\/www.vdhurk.nl\/citroen-bedrijfswagens\/jumpy\/","url":"https:\/\/www.vdhurk.nl\/citroen-bedrijfswagens\/jumpy\/","name":"Sprawd\u017a dost\u0119pne opcje i znajd\u017a sw\u00f3j u\u017cywany samoch\u00f3d Citro\u00ebn Jumpy","isPartOf":{"@id":"https:\/\/www.vdhurk.nl\/#website"},"datePublished":"2024-09-20T08:54:47+00:00","description":"Szukasz okazji na Citro\u00ebna Jumpy? W takim razie zapoznaj si\u0119 z aktualn\u0105 ofert\u0105 Van den Hurk. Wsp\u00f3lnie znajdziemy idealny samoch\u00f3d firmowy.","breadcrumb":{"@id":"https:\/\/www.vdhurk.nl\/citroen-bedrijfswagens\/jumpy\/#breadcrumb"},"inLanguage":"pl-PL","potentialAction":[{"@type":"ReadAction","target":["https:\/\/www.vdhurk.nl\/citroen-bedrijfswagens\/jumpy\/"]}]},{"@type":"BreadcrumbList","@id":"https:\/\/www.vdhurk.nl\/citroen-bedrijfswagens\/jumpy\/#breadcrumb","itemListElement":[{"@type":"ListItem","position":1,"name":"Home","item":"https:\/\/www.vdhurk.nl\/home\/"},{"@type":"ListItem","position":2,"name":"Citro\u00ebn Bedrijfswagens","item":"https:\/\/www.vdhurk.nl\/citroen-bedrijfswagens\/"},{"@type":"ListItem","position":3,"name":"Citro\u00ebn Jumpy"}]},{"@type":"WebSite","@id":"https:\/\/www.vdhurk.nl\/#website","url":"https:\/\/www.vdhurk.nl\/","name":"Van den Hurk - pojazdy u\u017cytkowe","description":"Van den Hurk pojazdy u\u017cytkowe Helmond","potentialAction":[{"@type":"SearchAction","target":{"@type":"EntryPoint","urlTemplate":"https:\/\/www.vdhurk.nl\/?s={search_term_string}"},"query-input":{"@type":"PropertyValueSpecification","valueRequired":true,"valueName":"search_term_string"}}],"inLanguage":"pl-PL"}]}},"_links":{"self":[{"href":"https:\/\/www.vdhurk.nl\/pl\/wp-json\/wp\/v2\/pages\/405902","targetHints":{"allow":["GET"]}}],"collection":[{"href":"https:\/\/www.vdhurk.nl\/pl\/wp-json\/wp\/v2\/pages"}],"about":[{"href":"https:\/\/www.vdhurk.nl\/pl\/wp-json\/wp\/v2\/types\/page"}],"author":[{"embeddable":true,"href":"https:\/\/www.vdhurk.nl\/pl\/wp-json\/wp\/v2\/users\/3"}],"replies":[{"embeddable":true,"href":"https:\/\/www.vdhurk.nl\/pl\/wp-json\/wp\/v2\/comments?post=405902"}],"version-history":[{"count":1,"href":"https:\/\/www.vdhurk.nl\/pl\/wp-json\/wp\/v2\/pages\/405902\/revisions"}],"predecessor-version":[{"id":405920,"href":"https:\/\/www.vdhurk.nl\/pl\/wp-json\/wp\/v2\/pages\/405902\/revisions\/405920"}],"up":[{"embeddable":true,"href":"https:\/\/www.vdhurk.nl\/pl\/wp-json\/wp\/v2\/pages\/372085"}],"wp:attachment":[{"href":"https:\/\/www.vdhurk.nl\/pl\/wp-json\/wp\/v2\/media?parent=405902"}],"curies":[{"name":"wp","href":"https:\/\/api.w.org\/{rel}","templated":true}]}}