{"id":402259,"date":"2024-09-05T10:37:44","date_gmt":"2024-09-05T08:37:44","guid":{"rendered":"https:\/\/www.vdhurk.nl\/?page_id=402259"},"modified":"2024-09-05T10:38:45","modified_gmt":"2024-09-05T08:38:45","slug":"mercedes-15","status":"publish","type":"page","link":"https:\/\/www.vdhurk.nl\/pl\/fiat-bedrijfswagens\/talento\/","title":{"rendered":"Fiat Talento"},"content":{"rendered":"<section  class='av_textblock_section av-lu8gnh7d-4ac895489941e586c1d7c8cb72318135'  itemscope=\"itemscope\" itemtype=\"https:\/\/schema.org\/CreativeWork\" ><div class='avia_textblock'  itemprop=\"text\" ><h1>Okazja Fiat Talento: co musisz wiedzie\u0107<\/h1>\n<p>Okazja Fiat Talento jest zdecydowanie warta rozwa\u017cenia, je\u015bli szukasz dobrze dzia\u0142aj\u0105cego pojazdu u\u017cytkowego. Ten model to nowoczesny van, z kt\u00f3rego korzysta wiele firm. I nic dziwnego: ten samoch\u00f3d dostawczy ma kompleksowy system bezpiecze\u0144stwa, mocny silnik i du\u017c\u0105 \u0142adowno\u015b\u0107. Kr\u00f3tko m\u00f3wi\u0105c, ta furgonetka ma wszystko, czego potrzeba, aby zaspokoi\u0107 potrzeby biznesowe.<\/p>\n<\/div><\/section>\n\n<style type=\"text\/css\" data-created_by=\"avia_inline_auto\" id=\"style-css-av-lujjddpd-afa3d7a9eabd61123e643ed1228e781e\">\n#top .hr.hr-invisible.av-lujjddpd-afa3d7a9eabd61123e643ed1228e781e{\nheight:50px;\n}\n<\/style>\n<div  class='hr av-lujjddpd-afa3d7a9eabd61123e643ed1228e781e hr-invisible  avia-builder-el-1  el_after_av_textblock  el_before_av_codeblock'><span class='hr-inner'><span class=\"hr-inner-style\"><\/span><\/span><\/div>\n\n\n<style type=\"text\/css\" data-created_by=\"avia_inline_auto\" id=\"style-css-av-av_hr-3a876428eececa9d35452247ddb053af\">\n#top .hr.hr-invisible.av-av_hr-3a876428eececa9d35452247ddb053af{\nheight:50px;\n}\n<\/style>\n<div  class='hr av-av_hr-3a876428eececa9d35452247ddb053af hr-invisible  avia-builder-el-3  el_after_av_codeblock  el_before_av_textblock'><span class='hr-inner'><span class=\"hr-inner-style\"><\/span><\/span><\/div>\n<section  class='av_textblock_section av-lu8gow1e-300853e458ed741bd87d6cb78e55cc7a'  itemscope=\"itemscope\" itemtype=\"https:\/\/schema.org\/CreativeWork\" ><div class='avia_textblock'  itemprop=\"text\" ><h2>Cechy Talento<\/h2>\n<p>Marka <a href=\"https:\/\/www.vdhurk.nl\/pl\/pojazdy-uzytkowe-fiat\/\">Fiat<\/a> wyprodukowa\u0142 wiele niezawodnych i wszechstronnych pojazd\u00f3w u\u017cytkowych, a Talento nie jest wyj\u0105tkiem. Kilka modeli Fiata Talento jest dost\u0119pnych zar\u00f3wno ze standardowymi, jak i specjalnymi rozwi\u0105zaniami, dzi\u0119ki czemu jest odpowiedni dla ka\u017cdego u\u017cytkownika biznesowego. Talento jest znany ze swoich kompaktowych rozmiar\u00f3w, kt\u00f3re zapewniaj\u0105 idealn\u0105 r\u00f3wnowag\u0119 mi\u0119dzy zwrotno\u015bci\u0105 a \u0142adowno\u015bci\u0105. Dzi\u0119ki temu ten pojazd u\u017cytkowy doskonale sprawdza si\u0119 w ruchu miejskim.<\/p>\n<\/div><\/section>\n<div class='flex_column av-f64w1-da126f42b61613402309283c14245a25 av_one_half  avia-builder-el-5  el_after_av_textblock  el_before_av_one_third  first flex_column_div column-top-margin'   ><section  class='av_textblock_section av-lu8gpqre-73cc2c17e6a6497ba6e1b58af22bd9e8'  itemscope=\"itemscope\" itemtype=\"https:\/\/schema.org\/CreativeWork\" ><div class='avia_textblock'  itemprop=\"text\" ><h2><b>Jakie korzy\u015bci przynosi ten pojazd?<\/b><\/h2>\n<p>Fiat Talento to wszechstronny pojazd u\u017cytkowy, kt\u00f3ry idealnie nadaje si\u0119 do r\u00f3\u017cnych sektor\u00f3w, takich jak firmy budowlane, kurierskie i dostawcze, kt\u00f3re koncentruj\u0105 si\u0119 na transporcie towar\u00f3w. Pomimo kompaktowych rozmiar\u00f3w, Talento oferuje zaskakuj\u0105co przestronn\u0105 przestrze\u0144 \u0142adunkow\u0105, umo\u017cliwiaj\u0105c\u0105 przewo\u017cenie du\u017cych \u0142adunk\u00f3w bez wysi\u0142ku. Co wi\u0119cej, komfortowe wn\u0119trze sprawia, \u017ce d\u0142ugie dystanse nie stanowi\u0105 \u017cadnego problemu dla kierowcy. Dzi\u0119ki r\u00f3\u017cnym dost\u0119pnym opcjom, Talento mo\u017cna \u0142atwo dostosowa\u0107 do konkretnych potrzeb firmy, co czyni ten samoch\u00f3d dostawczy elastycznym i niezawodnym wyborem.<\/p>\n<\/div><\/section><\/div>\n<div class='flex_column av-aldk9-ee694297f5c4032981677a02caab84d6 av_one_third  avia-builder-el-7  el_after_av_one_half  el_before_av_hr  flex_column_div column-top-margin'   ><style type=\"text\/css\" data-created_by=\"avia_inline_auto\" id=\"style-css-av-l1w9kpsf-4ec3fab772ec7a9adaa33cfc64ff0475\">\n.avia-image-container.av-l1w9kpsf-4ec3fab772ec7a9adaa33cfc64ff0475 .av-image-caption-overlay-center{\ncolor:#ffffff;\n}\n<\/style>\n<div  class='avia-image-container av-l1w9kpsf-4ec3fab772ec7a9adaa33cfc64ff0475 av-styling- avia-align-center  avia-builder-el-8  avia-builder-el-no-sibling'  itemprop=\"image\" itemscope=\"itemscope\" itemtype=\"https:\/\/schema.org\/ImageObject\" ><div class=\"avia-image-container-inner\"><div class=\"avia-image-overlay-wrap\"><img decoding=\"async\" class='wp-image-187 avia-img-lazy-loading-not-187 avia_image' src=\"https:\/\/www.vdhurk.nl\/wp-content\/uploads\/2022\/03\/Voorrad.png\" alt='' title='Stock'  height=\"758\" width=\"1135\"  itemprop=\"thumbnailUrl\" srcset=\"https:\/\/www.vdhurk.nl\/wp-content\/uploads\/2022\/03\/Voorrad.png 1135w, https:\/\/www.vdhurk.nl\/wp-content\/uploads\/2022\/03\/Voorrad-300x200.png 300w, https:\/\/www.vdhurk.nl\/wp-content\/uploads\/2022\/03\/Voorrad-1030x688.png 1030w, https:\/\/www.vdhurk.nl\/wp-content\/uploads\/2022\/03\/Voorrad-768x513.png 768w, https:\/\/www.vdhurk.nl\/wp-content\/uploads\/2022\/03\/Voorrad-18x12.png 18w, https:\/\/www.vdhurk.nl\/wp-content\/uploads\/2022\/03\/Voorrad-705x471.png 705w\" sizes=\"(max-width: 1135px) 100vw, 1135px\" \/><\/div><\/div><\/div><\/div>\n\n<style type=\"text\/css\" data-created_by=\"avia_inline_auto\" id=\"style-css-av-luqrjpjc-5a23a1fb5f94718ca85316a9df963e2f\">\n#top .hr.hr-invisible.av-luqrjpjc-5a23a1fb5f94718ca85316a9df963e2f{\nheight:50px;\n}\n<\/style>\n<div  class='hr av-luqrjpjc-5a23a1fb5f94718ca85316a9df963e2f hr-invisible  avia-builder-el-9  el_after_av_one_third  el_before_av_textblock'><span class='hr-inner'><span class=\"hr-inner-style\"><\/span><\/span><\/div>\n<section  class='av_textblock_section av-lu8gtjw7-4f3cee9304909518d86d2860d9d582dd'  itemscope=\"itemscope\" itemtype=\"https:\/\/schema.org\/CreativeWork\" ><div class='avia_textblock'  itemprop=\"text\" ><h2>Jakie s\u0105 ceny?<\/h2>\n<p>Chcesz kupi\u0107 Fiata Talento? Wtedy oczywi\u015bcie b\u0119dziesz chcia\u0142 uzyska\u0107 wi\u0119cej informacji na temat cen. Regularnie udost\u0119pniamy r\u00f3\u017cne modele. Ze wzgl\u0119du na r\u00f3\u017cnorodno\u015b\u0107 wersji, roku produkcji i przebiegu, firmy mog\u0105 si\u0119 r\u00f3\u017cni\u0107. Niemniej jednak chcieliby\u015bmy poda\u0107 orientacyjn\u0105 cen\u0119, jak\u0105 zap\u0142acisz za Fiata Talento. Og\u00f3lnie rzecz bior\u0105c, za nowego Fiata Talento mo\u017cna zap\u0142aci\u0107 od 25 000 do 35 000 euro. Modele u\u017cywane cz\u0119sto stanowi\u0105 ta\u0144sz\u0105 opcj\u0119. R\u00f3wnie\u017c w tym przypadku cena zale\u017cy od roku produkcji, przebiegu i stanu pojazdu. Og\u00f3lnie rzecz bior\u0105c, ceny u\u017cywanych samochod\u00f3w Fiat Talento wynosz\u0105 od 15 000 do 25 000 euro. Poniewa\u017c nasza oferta stale si\u0119 zmienia, zalecamy regularne sprawdzanie aktualnej oferty.<\/p>\n<h2>Leasing Fiata Talento<\/h2>\n<p>Szukasz samochodu s\u0142u\u017cbowego, ale nie chcesz od razu dokonywa\u0107 du\u017cej inwestycji? W takim razie <a href=\"https:\/\/www.vdhurk.nl\/pl\/leasing-finansowy\/\">leasing finansowy<\/a> opcja do rozwa\u017cenia. Dzi\u0119ki tej opcji sp\u0142acasz pojazd w miesi\u0119cznych ratach i stopniowo staje si\u0119 on Twoj\u0105 w\u0142asno\u015bci\u0105. Co miesi\u0105c p\u0142acisz sta\u0142\u0105 kwot\u0119, dzi\u0119ki czemu nie ponosisz nieprzyjemnych wydatk\u00f3w. Po zako\u0144czeniu okresu leasingu stajesz si\u0119 pe\u0142noprawnym w\u0142a\u015bcicielem pojazdu u\u017cytkowego.<\/p>\n<h2>Znajd\u017a odpowiedni pojazd u\u017cytkowy<\/h2>\n<p>Chcesz kupi\u0107 u\u017cywanego lub nowego Fiata Talento? W Van den Hurk znajdziesz rozwi\u0105zanie, kt\u00f3re idealnie odpowiada Twoim potrzebom biznesowym. Nasz zesp\u00f3\u0142 jest zawsze gotowy udzieli\u0107 Ci porady, aby\u015b m\u00f3g\u0142 dokona\u0107 w\u0142a\u015bciwego wyboru. Skontaktuj si\u0119 z nami, aby om\u00f3wi\u0107 nasz\u0105 aktualn\u0105 ofert\u0119.<\/p>\n<\/div><\/section>","protected":false},"excerpt":{"rendered":"","protected":false},"author":3,"featured_media":0,"parent":372075,"menu_order":0,"comment_status":"closed","ping_status":"closed","template":"","meta":{"_acf_changed":false,"_improvement_type_select":"improve_an_existing","_thumb_yes_seoaic":false,"_frame_yes_seoaic":false,"seoaic_generate_description":"","seoaic_improve_instructions_prompt":"","seoaic_rollback_content_improvement":"","seoaic_idea_thumbnail_generator":"","thumbnail_generated":false,"thumbnail_generate_prompt":"","seoaic_article_description":"","footnotes":""},"class_list":["post-402259","page","type-page","status-publish","hentry"],"acf":[],"yoast_head":"<!-- This site is optimized with the Yoast SEO plugin v27.2 - https:\/\/yoast.com\/product\/yoast-seo-wordpress\/ -->\n<title>Fiat Talento occasion kopen? Bekijk ons actuele aanbod<\/title>\n<meta name=\"description\" content=\"Benieuwd of de Fiat Talento occasion geschikt is voor jouw zakelijke behoeften? Ontdek alle specificaties en maak een weloverwogen keuze.\" \/>\n<meta name=\"robots\" content=\"index, follow, max-snippet:-1, max-image-preview:large, max-video-preview:-1\" \/>\n<link rel=\"canonical\" href=\"https:\/\/www.vdhurk.nl\/pl\/pojazdy-uzytkowe-fiat\/mercedes-15\/\" \/>\n<meta property=\"og:locale\" content=\"pl_PL\" \/>\n<meta property=\"og:type\" content=\"article\" \/>\n<meta property=\"og:title\" content=\"Fiat Talento occasion kopen? Bekijk ons actuele aanbod\" \/>\n<meta property=\"og:description\" content=\"Benieuwd of de Fiat Talento occasion geschikt is voor jouw zakelijke behoeften? Ontdek alle specificaties en maak een weloverwogen keuze.\" \/>\n<meta property=\"og:url\" content=\"https:\/\/www.vdhurk.nl\/pl\/pojazdy-uzytkowe-fiat\/mercedes-15\/\" \/>\n<meta property=\"og:site_name\" content=\"Van den Hurk Bedrijfswagens\" \/>\n<meta property=\"article:modified_time\" content=\"2024-09-05T08:38:45+00:00\" \/>\n<meta name=\"twitter:card\" content=\"summary_large_image\" \/>\n<meta name=\"twitter:label1\" content=\"Szacowany czas czytania\" \/>\n\t<meta name=\"twitter:data1\" content=\"4 minuty\" \/>\n<script type=\"application\/ld+json\" class=\"yoast-schema-graph\">{\"@context\":\"https:\/\/schema.org\",\"@graph\":[{\"@type\":\"WebPage\",\"@id\":\"https:\/\/www.vdhurk.nl\/fiat-bedrijfswagens\/talento\/\",\"url\":\"https:\/\/www.vdhurk.nl\/fiat-bedrijfswagens\/talento\/\",\"name\":\"Fiat Talento occasion kopen? Bekijk ons actuele aanbod\",\"isPartOf\":{\"@id\":\"https:\/\/www.vdhurk.nl\/#website\"},\"datePublished\":\"2024-09-05T08:37:44+00:00\",\"dateModified\":\"2024-09-05T08:38:45+00:00\",\"description\":\"Benieuwd of de Fiat Talento occasion geschikt is voor jouw zakelijke behoeften? Ontdek alle specificaties en maak een weloverwogen keuze.\",\"breadcrumb\":{\"@id\":\"https:\/\/www.vdhurk.nl\/fiat-bedrijfswagens\/talento\/#breadcrumb\"},\"inLanguage\":\"pl-PL\",\"potentialAction\":[{\"@type\":\"ReadAction\",\"target\":[\"https:\/\/www.vdhurk.nl\/fiat-bedrijfswagens\/talento\/\"]}]},{\"@type\":\"BreadcrumbList\",\"@id\":\"https:\/\/www.vdhurk.nl\/fiat-bedrijfswagens\/talento\/#breadcrumb\",\"itemListElement\":[{\"@type\":\"ListItem\",\"position\":1,\"name\":\"Home\",\"item\":\"https:\/\/www.vdhurk.nl\/home\/\"},{\"@type\":\"ListItem\",\"position\":2,\"name\":\"Fiat Bedrijfswagens\",\"item\":\"https:\/\/www.vdhurk.nl\/fiat-bedrijfswagens\/\"},{\"@type\":\"ListItem\",\"position\":3,\"name\":\"Fiat Talento\"}]},{\"@type\":\"WebSite\",\"@id\":\"https:\/\/www.vdhurk.nl\/#website\",\"url\":\"https:\/\/www.vdhurk.nl\/\",\"name\":\"Van den Hurk Bedrijfswagens\",\"description\":\"Van den Hurk bedrijfswagens Helmond\",\"potentialAction\":[{\"@type\":\"SearchAction\",\"target\":{\"@type\":\"EntryPoint\",\"urlTemplate\":\"https:\/\/www.vdhurk.nl\/?s={search_term_string}\"},\"query-input\":{\"@type\":\"PropertyValueSpecification\",\"valueRequired\":true,\"valueName\":\"search_term_string\"}}],\"inLanguage\":\"pl-PL\"}]}<\/script>\n<!-- \/ Yoast SEO plugin. -->","yoast_head_json":{"title":"Kupujesz Fiata Talento okazyjnie? Sprawd\u017a nasz\u0105 aktualn\u0105 ofert\u0119","description":"Zastanawiasz si\u0119, czy Fiat Talento jest odpowiedni dla Twoich potrzeb biznesowych? Poznaj wszystkie specyfikacje i dokonaj \u015bwiadomego wyboru.","robots":{"index":"index","follow":"follow","max-snippet":"max-snippet:-1","max-image-preview":"max-image-preview:large","max-video-preview":"max-video-preview:-1"},"canonical":"https:\/\/www.vdhurk.nl\/pl\/pojazdy-uzytkowe-fiat\/mercedes-15\/","og_locale":"pl_PL","og_type":"article","og_title":"Fiat Talento occasion kopen? Bekijk ons actuele aanbod","og_description":"Benieuwd of de Fiat Talento occasion geschikt is voor jouw zakelijke behoeften? Ontdek alle specificaties en maak een weloverwogen keuze.","og_url":"https:\/\/www.vdhurk.nl\/pl\/pojazdy-uzytkowe-fiat\/mercedes-15\/","og_site_name":"Van den Hurk Bedrijfswagens","article_modified_time":"2024-09-05T08:38:45+00:00","twitter_card":"summary_large_image","twitter_misc":{"Szacowany czas czytania":"4 minuty"},"schema":{"@context":"https:\/\/schema.org","@graph":[{"@type":"WebPage","@id":"https:\/\/www.vdhurk.nl\/fiat-bedrijfswagens\/talento\/","url":"https:\/\/www.vdhurk.nl\/fiat-bedrijfswagens\/talento\/","name":"Kupujesz Fiata Talento okazyjnie? Sprawd\u017a nasz\u0105 aktualn\u0105 ofert\u0119","isPartOf":{"@id":"https:\/\/www.vdhurk.nl\/#website"},"datePublished":"2024-09-05T08:37:44+00:00","dateModified":"2024-09-05T08:38:45+00:00","description":"Zastanawiasz si\u0119, czy Fiat Talento jest odpowiedni dla Twoich potrzeb biznesowych? Poznaj wszystkie specyfikacje i dokonaj \u015bwiadomego wyboru.","breadcrumb":{"@id":"https:\/\/www.vdhurk.nl\/fiat-bedrijfswagens\/talento\/#breadcrumb"},"inLanguage":"pl-PL","potentialAction":[{"@type":"ReadAction","target":["https:\/\/www.vdhurk.nl\/fiat-bedrijfswagens\/talento\/"]}]},{"@type":"BreadcrumbList","@id":"https:\/\/www.vdhurk.nl\/fiat-bedrijfswagens\/talento\/#breadcrumb","itemListElement":[{"@type":"ListItem","position":1,"name":"Home","item":"https:\/\/www.vdhurk.nl\/home\/"},{"@type":"ListItem","position":2,"name":"Fiat Bedrijfswagens","item":"https:\/\/www.vdhurk.nl\/fiat-bedrijfswagens\/"},{"@type":"ListItem","position":3,"name":"Fiat Talento"}]},{"@type":"WebSite","@id":"https:\/\/www.vdhurk.nl\/#website","url":"https:\/\/www.vdhurk.nl\/","name":"Van den Hurk - pojazdy u\u017cytkowe","description":"Van den Hurk pojazdy u\u017cytkowe Helmond","potentialAction":[{"@type":"SearchAction","target":{"@type":"EntryPoint","urlTemplate":"https:\/\/www.vdhurk.nl\/?s={search_term_string}"},"query-input":{"@type":"PropertyValueSpecification","valueRequired":true,"valueName":"search_term_string"}}],"inLanguage":"pl-PL"}]}},"_links":{"self":[{"href":"https:\/\/www.vdhurk.nl\/pl\/wp-json\/wp\/v2\/pages\/402259","targetHints":{"allow":["GET"]}}],"collection":[{"href":"https:\/\/www.vdhurk.nl\/pl\/wp-json\/wp\/v2\/pages"}],"about":[{"href":"https:\/\/www.vdhurk.nl\/pl\/wp-json\/wp\/v2\/types\/page"}],"author":[{"embeddable":true,"href":"https:\/\/www.vdhurk.nl\/pl\/wp-json\/wp\/v2\/users\/3"}],"replies":[{"embeddable":true,"href":"https:\/\/www.vdhurk.nl\/pl\/wp-json\/wp\/v2\/comments?post=402259"}],"version-history":[{"count":3,"href":"https:\/\/www.vdhurk.nl\/pl\/wp-json\/wp\/v2\/pages\/402259\/revisions"}],"predecessor-version":[{"id":402262,"href":"https:\/\/www.vdhurk.nl\/pl\/wp-json\/wp\/v2\/pages\/402259\/revisions\/402262"}],"up":[{"embeddable":true,"href":"https:\/\/www.vdhurk.nl\/pl\/wp-json\/wp\/v2\/pages\/372075"}],"wp:attachment":[{"href":"https:\/\/www.vdhurk.nl\/pl\/wp-json\/wp\/v2\/media?parent=402259"}],"curies":[{"name":"wp","href":"https:\/\/api.w.org\/{rel}","templated":true}]}}