{"id":398333,"date":"2024-08-08T08:44:00","date_gmt":"2024-08-08T06:44:00","guid":{"rendered":"https:\/\/www.vdhurk.nl\/?page_id=398333"},"modified":"2024-08-08T08:44:00","modified_gmt":"2024-08-08T06:44:00","slug":"pojazdy-uzytkowe-toyota","status":"publish","type":"page","link":"https:\/\/www.vdhurk.nl\/pl\/toyota-bedrijfswagens\/","title":{"rendered":"Pojazdy u\u017cytkowe Toyota"},"content":{"rendered":"<section  class='av_textblock_section av-lu8gnh7d-4ac895489941e586c1d7c8cb72318135'  itemscope=\"itemscope\" itemtype=\"https:\/\/schema.org\/CreativeWork\" ><div class='avia_textblock'  itemprop=\"text\" ><h1>Pojazdy u\u017cytkowe Toyota: gwarantowany sukces na drodze<\/h1>\n<p>W dynamicznym \u015bwiecie pojazd\u00f3w biznesowych samochody u\u017cytkowe Toyoty znane s\u0105 z niezawodno\u015bci i innowacyjno\u015bci. Marka oferuje r\u00f3\u017cne rozwi\u0105zania dostosowane do potrzeb u\u017cytkownik\u00f3w biznesowych. Niezale\u017cnie od tego, czy chodzi o dostarczanie towar\u00f3w, przemieszczanie ludzi czy specjalistyczne zadania: Toyota ma to wszystko. Jej pojazdy u\u017cytkowe \u0142\u0105cz\u0105 w sobie wydajno\u015b\u0107, komfort i osi\u0105gi, aby wynie\u015b\u0107 Twoj\u0105 firm\u0119 na nowy poziom.<\/p>\n<\/div><\/section>\n\n<style type=\"text\/css\" data-created_by=\"avia_inline_auto\" id=\"style-css-av-lujjddpd-afa3d7a9eabd61123e643ed1228e781e\">\n#top .hr.hr-invisible.av-lujjddpd-afa3d7a9eabd61123e643ed1228e781e{\nheight:50px;\n}\n<\/style>\n<div  class='hr av-lujjddpd-afa3d7a9eabd61123e643ed1228e781e hr-invisible  avia-builder-el-1  el_after_av_textblock  el_before_av_codeblock'><span class='hr-inner'><span class=\"hr-inner-style\"><\/span><\/span><\/div>\n\n\n<style type=\"text\/css\" data-created_by=\"avia_inline_auto\" id=\"style-css-av-o1d5-cf77288da24053faf1b6ffbefcfc6222\">\n#top .hr.hr-invisible.av-o1d5-cf77288da24053faf1b6ffbefcfc6222{\nheight:50px;\n}\n<\/style>\n<div  class='hr av-o1d5-cf77288da24053faf1b6ffbefcfc6222 hr-invisible  avia-builder-el-3  el_after_av_codeblock  el_before_av_textblock'><span class='hr-inner'><span class=\"hr-inner-style\"><\/span><\/span><\/div>\n<section  class='av_textblock_section av-lu8gtjw7-4f3cee9304909518d86d2860d9d582dd'  itemscope=\"itemscope\" itemtype=\"https:\/\/schema.org\/CreativeWork\" ><div class='avia_textblock'  itemprop=\"text\" ><h2>Historia firmy Toyota<\/h2>\n<h3>Ustanowienie<\/h3>\n<p>Toyota zosta\u0142a za\u0142o\u017cona w 1937 roku jako firma produkuj\u0105ca krosna. Stopniowo marka ewoluowa\u0142a od firmy tekstylnej do jednego z najpopularniejszych producent\u00f3w samochod\u00f3w na \u015bwiecie. Pierwszy krok w kierunku produkcji pojazd\u00f3w u\u017cytkowych mia\u0142 miejsce wraz z wprowadzeniem Toyoty Stout w 1954 roku. By\u0142a to lekka ci\u0119\u017car\u00f3wka maj\u0105ca na celu zaspokojenie rosn\u0105cych potrzeb przedsi\u0119biorc\u00f3w i ma\u0142ych firm. W kolejnych latach marka rozszerzy\u0142a swoj\u0105 ofert\u0119 o r\u00f3\u017cne pojazdy u\u017cytkowe. Obecnie Toyota jest jednym z najpopularniejszych na \u015bwiecie wybor\u00f3w, je\u015bli chodzi o komercyjne pojazdy u\u017cytkowe.<\/p>\n<h3>Rozw\u00f3j i kamienie milowe<\/h3>\n<p>Rozw\u00f3j autobus\u00f3w i pojazd\u00f3w u\u017cytkowych Toyoty ma wa\u017cne kamienie milowe, kt\u00f3re ukszta\u0142towa\u0142y ewolucj\u0119 marki:<\/p>\n<ul>\n<li><strong>Wprowadzenie modelu Toyota Stout w 1954 roku:<\/strong> By\u0142 to pierwszy pojazd u\u017cytkowy wprowadzony na rynek przez mark\u0119. Zosta\u0142 zaprojektowany z my\u015bl\u0105 o potrzebach ma\u0142ych firm.<\/li>\n<li><strong>Premiera Toyoty HiAce w 1967 roku:<\/strong> Model ten zosta\u0142 wprowadzony jako wszechstronny van i minibus. Szybko sta\u0142 si\u0119 popularnym pojazdem ze wzgl\u0119du na swoj\u0105 przestronno\u015b\u0107, niezawodno\u015b\u0107 i trwa\u0142o\u015b\u0107.<\/li>\n<li><strong>Wprowadzenie Toyoty Hilux w 1968 roku:<\/strong> Ten kompaktowy pick-up sta\u0142 si\u0119 jednym z najbardziej kultowych pojazd\u00f3w u\u017cytkowych na ca\u0142ym \u015bwiecie.<\/li>\n<li><strong>Toyota Land Cruiser w u\u017cytku biznesowym od 1951 roku:<\/strong> Pierwotnie opracowany jako pojazd terenowy, model ten szybko zosta\u0142 uznany za wszechstronny pojazd do u\u017cytku biznesowego, szczeg\u00f3lnie w trudnych warunkach i obszarach o trudnym terenie.<\/li>\n<li><strong>Koncentracja na hybrydowych i elektrycznych pojazdach u\u017cytkowych:<\/strong> W ostatnich latach marka skupi\u0142a si\u0119 na rozwoju hybrydowych i elektrycznych pojazd\u00f3w u\u017cytkowych, aby sprosta\u0107 rosn\u0105cemu zapotrzebowaniu na zr\u00f3wnowa\u017con\u0105 mobilno\u015b\u0107.<\/li>\n<\/ul>\n<h2>Innowacje technologiczne<\/h2>\n<p>Toyota nieustannie d\u0105\u017cy do innowacji technologicznych w produkcji pojazd\u00f3w u\u017cytkowych. Na przyk\u0142ad, Toyota wykorzystuje zaawansowane systemy bezpiecze\u0144stwa z funkcjami takimi jak automatyczne hamowanie awaryjne, adaptacyjny tempomat i asystent pasa ruchu. Systemy te zosta\u0142y zaprojektowane w celu poprawy bezpiecze\u0144stwa kierowcy i pasa\u017cer\u00f3w oraz zapobiegania nieprzyjemnym wypadkom w jak najwi\u0119kszym stopniu. Toyota odegra\u0142a r\u00f3wnie\u017c wa\u017cn\u0105 rol\u0119 w rozwoju hybrydowych uk\u0142ad\u00f3w nap\u0119dowych i wykorzystuje zaawansowane rozwi\u0105zania w zakresie \u0142adowania i przechowywania.<\/p>\n<h2>Zalety pojazd\u00f3w u\u017cytkowych Toyota<\/h2>\n<p>Istnieje kilka zalet, kt\u00f3re sprawiaj\u0105, \u017ce u\u017cytkownicy biznesowi wybieraj\u0105 Toyot\u0119:<\/p>\n<ul>\n<li aria-level=\"1\"><strong>Niezawodno\u015b\u0107<\/strong>Toyota produkuje niezawodne pojazdy u\u017cytkowe zbudowane przy u\u017cyciu wysokiej jako\u015bci materia\u0142\u00f3w i innowacyjnych technik.<\/li>\n<li aria-level=\"1\"><strong>Wydajno\u015b\u0107:<\/strong> Pojazdy u\u017cytkowe Toyoty s\u0105 wyposa\u017cone w zaawansowane technologie silnikowe, takie jak hybrydowe uk\u0142ady nap\u0119dowe, co zapewnia wysok\u0105 oszcz\u0119dno\u015b\u0107 paliwa.<\/li>\n<li aria-level=\"1\"><strong>Bezpiecze\u0144stwo<\/strong>Marka dba o bezpiecze\u0144stwo wszystkich pojazd\u00f3w u\u017cytkowych. Dzi\u0119ki zaawansowanym funkcjom bezpiecze\u0144stwa pojazdy u\u017cytkowe zapewniaj\u0105 dobr\u0105 ochron\u0119 wszystkim u\u017cytkownikom dr\u00f3g.<\/li>\n<li aria-level=\"1\"><strong>Innowacja<\/strong>Toyota nieustannie inwestuje w innowacje technologiczne, dzi\u0119ki czemu mo\u017ce zagwarantowa\u0107 zaawansowane funkcje i systemy. Obejmuj\u0105 one inteligentne rozwi\u0105zania w zakresie \u0142adowania, kt\u00f3re przyczyniaj\u0105 si\u0119 do zwi\u0119kszenia produktywno\u015bci i komfortu.<\/li>\n<\/ul>\n<h2>Mo\u017cliwo\u015bci finansowe<\/h2>\n<p>W Van den Hurk mo\u017cesz skorzysta\u0107 z r\u00f3\u017cnych opcji finansowania. Chcesz kupi\u0107 autobus Toyota? Mo\u017cesz. Zalet\u0105 takiego rozwi\u0105zania jest to, \u017ce jest on Twoj\u0105 w\u0142asno\u015bci\u0105. To Ty decydujesz, czy zmodyfikujesz swoj\u0105 firmow\u0105 furgonetk\u0119 i co z ni\u0105 zrobisz. Je\u015bli zdecydujesz si\u0119 na zakup pojazdu u\u017cytkowego, nie musisz r\u00f3wnie\u017c zajmowa\u0107 si\u0119 miesi\u0119czn\u0105 amortyzacj\u0105 i ograniczeniami przebiegu. A mo\u017ce wolisz wzi\u0105\u0107 samoch\u00f3d dostawczy Toyota w leasing? To r\u00f3wnie\u017c jest mo\u017cliwe. Zalet\u0105 leasingu jest przewidywalno\u015b\u0107 koszt\u00f3w. Ponadto zapewnia on r\u00f3wnie\u017c wygod\u0119 administracyjn\u0105. Najlepsza opcja dla Twojej firmy zale\u017cy od wielu czynnik\u00f3w. Z przyjemno\u015bci\u0105 pomo\u017cemy Ci dokona\u0107 najlepszego wyboru.<\/p>\n<h2><b>Modele u\u017cywane<\/b><\/h2>\n<p>Czy chcesz mie\u0107 dobrze funkcjonuj\u0105cy pojazd u\u017cytkowy, nie p\u0142ac\u0105c za niego najwy\u017cszej ceny? W takim razie Toyota bus occasion jest bardzo odpowiednia. Okazja to u\u017cywany model, kt\u00f3ry nadal dzia\u0142a prawid\u0142owo. Zalet\u0105 u\u017cywanego modelu jest to, \u017ce p\u0142aci si\u0119 za niego znacznie mniej ni\u017c za nowy. Jeste\u015b zainteresowany u\u017cywanym modelem? W takim razie koniecznie sprawd\u017a nasz\u0105 ofert\u0119.<\/p>\n<\/div><\/section>","protected":false},"excerpt":{"rendered":"","protected":false},"author":3,"featured_media":0,"parent":0,"menu_order":0,"comment_status":"closed","ping_status":"closed","template":"","meta":{"_acf_changed":false,"_improvement_type_select":"improve_an_existing","_thumb_yes_seoaic":false,"_frame_yes_seoaic":false,"seoaic_generate_description":"","seoaic_improve_instructions_prompt":"","seoaic_rollback_content_improvement":"","seoaic_idea_thumbnail_generator":"","thumbnail_generated":false,"thumbnail_generate_prompt":"","seoaic_article_description":"","footnotes":""},"class_list":["post-398333","page","type-page","status-publish","hentry"],"acf":[],"yoast_head":"<!-- This site is optimized with the Yoast SEO plugin v27.5 - https:\/\/yoast.com\/product\/yoast-seo-wordpress\/ -->\n<title>Toyota bedrijfswagens voor zakelijke gebruikers aanschaffen<\/title>\n<meta name=\"description\" content=\"Ben jij op zoek naar een voertuig dat geschikt is voor zakelijk gebruik? Ontdek dan Toyota bedrijfswagens: veilig, betrouwbaar en effici\u00ebnt.\" \/>\n<meta name=\"robots\" content=\"index, follow, max-snippet:-1, max-image-preview:large, max-video-preview:-1\" \/>\n<link rel=\"canonical\" href=\"https:\/\/www.vdhurk.nl\/pl\/pojazdy-uzytkowe-toyota\/\" \/>\n<meta property=\"og:locale\" content=\"pl_PL\" \/>\n<meta property=\"og:type\" content=\"article\" \/>\n<meta property=\"og:title\" content=\"Toyota bedrijfswagens voor zakelijke gebruikers aanschaffen\" \/>\n<meta property=\"og:description\" content=\"Ben jij op zoek naar een voertuig dat geschikt is voor zakelijk gebruik? Ontdek dan Toyota bedrijfswagens: veilig, betrouwbaar en effici\u00ebnt.\" \/>\n<meta property=\"og:url\" content=\"https:\/\/www.vdhurk.nl\/pl\/pojazdy-uzytkowe-toyota\/\" \/>\n<meta property=\"og:site_name\" content=\"Van den Hurk Bedrijfswagens\" \/>\n<meta name=\"twitter:card\" content=\"summary_large_image\" \/>\n<meta name=\"twitter:label1\" content=\"Szacowany czas czytania\" \/>\n\t<meta name=\"twitter:data1\" content=\"4 minuty\" \/>\n<script type=\"application\/ld+json\" class=\"yoast-schema-graph\">{\"@context\":\"https:\\\/\\\/schema.org\",\"@graph\":[{\"@type\":\"WebPage\",\"@id\":\"https:\\\/\\\/www.vdhurk.nl\\\/toyota-bedrijfswagens\\\/\",\"url\":\"https:\\\/\\\/www.vdhurk.nl\\\/toyota-bedrijfswagens\\\/\",\"name\":\"Toyota bedrijfswagens voor zakelijke gebruikers aanschaffen\",\"isPartOf\":{\"@id\":\"https:\\\/\\\/www.vdhurk.nl\\\/#website\"},\"datePublished\":\"2024-08-08T06:44:00+00:00\",\"description\":\"Ben jij op zoek naar een voertuig dat geschikt is voor zakelijk gebruik? Ontdek dan Toyota bedrijfswagens: veilig, betrouwbaar en effici\u00ebnt.\",\"breadcrumb\":{\"@id\":\"https:\\\/\\\/www.vdhurk.nl\\\/toyota-bedrijfswagens\\\/#breadcrumb\"},\"inLanguage\":\"pl-PL\",\"potentialAction\":[{\"@type\":\"ReadAction\",\"target\":[\"https:\\\/\\\/www.vdhurk.nl\\\/toyota-bedrijfswagens\\\/\"]}]},{\"@type\":\"BreadcrumbList\",\"@id\":\"https:\\\/\\\/www.vdhurk.nl\\\/toyota-bedrijfswagens\\\/#breadcrumb\",\"itemListElement\":[{\"@type\":\"ListItem\",\"position\":1,\"name\":\"Home\",\"item\":\"https:\\\/\\\/www.vdhurk.nl\\\/home\\\/\"},{\"@type\":\"ListItem\",\"position\":2,\"name\":\"Toyota Bedrijfswagens\"}]},{\"@type\":\"WebSite\",\"@id\":\"https:\\\/\\\/www.vdhurk.nl\\\/#website\",\"url\":\"https:\\\/\\\/www.vdhurk.nl\\\/\",\"name\":\"Van den Hurk Bedrijfswagens\",\"description\":\"Van den Hurk bedrijfswagens Helmond\",\"potentialAction\":[{\"@type\":\"SearchAction\",\"target\":{\"@type\":\"EntryPoint\",\"urlTemplate\":\"https:\\\/\\\/www.vdhurk.nl\\\/?s={search_term_string}\"},\"query-input\":{\"@type\":\"PropertyValueSpecification\",\"valueRequired\":true,\"valueName\":\"search_term_string\"}}],\"inLanguage\":\"pl-PL\"}]}<\/script>\n<!-- \/ Yoast SEO plugin. -->","yoast_head_json":{"title":"Zakup pojazd\u00f3w u\u017cytkowych Toyota dla u\u017cytkownik\u00f3w biznesowych","description":"Szukasz pojazdu odpowiedniego do u\u017cytku biznesowego? Odkryj samochody u\u017cytkowe Toyoty: bezpieczne, niezawodne i wydajne.","robots":{"index":"index","follow":"follow","max-snippet":"max-snippet:-1","max-image-preview":"max-image-preview:large","max-video-preview":"max-video-preview:-1"},"canonical":"https:\/\/www.vdhurk.nl\/pl\/pojazdy-uzytkowe-toyota\/","og_locale":"pl_PL","og_type":"article","og_title":"Toyota bedrijfswagens voor zakelijke gebruikers aanschaffen","og_description":"Ben jij op zoek naar een voertuig dat geschikt is voor zakelijk gebruik? Ontdek dan Toyota bedrijfswagens: veilig, betrouwbaar en effici\u00ebnt.","og_url":"https:\/\/www.vdhurk.nl\/pl\/pojazdy-uzytkowe-toyota\/","og_site_name":"Van den Hurk Bedrijfswagens","twitter_card":"summary_large_image","twitter_misc":{"Szacowany czas czytania":"4 minuty"},"schema":{"@context":"https:\/\/schema.org","@graph":[{"@type":"WebPage","@id":"https:\/\/www.vdhurk.nl\/toyota-bedrijfswagens\/","url":"https:\/\/www.vdhurk.nl\/toyota-bedrijfswagens\/","name":"Zakup pojazd\u00f3w u\u017cytkowych Toyota dla u\u017cytkownik\u00f3w biznesowych","isPartOf":{"@id":"https:\/\/www.vdhurk.nl\/#website"},"datePublished":"2024-08-08T06:44:00+00:00","description":"Szukasz pojazdu odpowiedniego do u\u017cytku biznesowego? Odkryj samochody u\u017cytkowe Toyoty: bezpieczne, niezawodne i wydajne.","breadcrumb":{"@id":"https:\/\/www.vdhurk.nl\/toyota-bedrijfswagens\/#breadcrumb"},"inLanguage":"pl-PL","potentialAction":[{"@type":"ReadAction","target":["https:\/\/www.vdhurk.nl\/toyota-bedrijfswagens\/"]}]},{"@type":"BreadcrumbList","@id":"https:\/\/www.vdhurk.nl\/toyota-bedrijfswagens\/#breadcrumb","itemListElement":[{"@type":"ListItem","position":1,"name":"Home","item":"https:\/\/www.vdhurk.nl\/home\/"},{"@type":"ListItem","position":2,"name":"Toyota Bedrijfswagens"}]},{"@type":"WebSite","@id":"https:\/\/www.vdhurk.nl\/#website","url":"https:\/\/www.vdhurk.nl\/","name":"Van den Hurk - pojazdy u\u017cytkowe","description":"Van den Hurk pojazdy u\u017cytkowe Helmond","potentialAction":[{"@type":"SearchAction","target":{"@type":"EntryPoint","urlTemplate":"https:\/\/www.vdhurk.nl\/?s={search_term_string}"},"query-input":{"@type":"PropertyValueSpecification","valueRequired":true,"valueName":"search_term_string"}}],"inLanguage":"pl-PL"}]}},"_links":{"self":[{"href":"https:\/\/www.vdhurk.nl\/pl\/wp-json\/wp\/v2\/pages\/398333","targetHints":{"allow":["GET"]}}],"collection":[{"href":"https:\/\/www.vdhurk.nl\/pl\/wp-json\/wp\/v2\/pages"}],"about":[{"href":"https:\/\/www.vdhurk.nl\/pl\/wp-json\/wp\/v2\/types\/page"}],"author":[{"embeddable":true,"href":"https:\/\/www.vdhurk.nl\/pl\/wp-json\/wp\/v2\/users\/3"}],"replies":[{"embeddable":true,"href":"https:\/\/www.vdhurk.nl\/pl\/wp-json\/wp\/v2\/comments?post=398333"}],"version-history":[{"count":1,"href":"https:\/\/www.vdhurk.nl\/pl\/wp-json\/wp\/v2\/pages\/398333\/revisions"}],"predecessor-version":[{"id":398334,"href":"https:\/\/www.vdhurk.nl\/pl\/wp-json\/wp\/v2\/pages\/398333\/revisions\/398334"}],"wp:attachment":[{"href":"https:\/\/www.vdhurk.nl\/pl\/wp-json\/wp\/v2\/media?parent=398333"}],"curies":[{"name":"wp","href":"https:\/\/api.w.org\/{rel}","templated":true}]}}