{"id":397536,"date":"2024-08-02T10:30:26","date_gmt":"2024-08-02T08:30:26","guid":{"rendered":"https:\/\/www.vdhurk.nl\/?page_id=397536"},"modified":"2024-08-02T10:30:26","modified_gmt":"2024-08-02T08:30:26","slug":"mercedes-21","status":"publish","type":"page","link":"https:\/\/www.vdhurk.nl\/pl\/fiat-bedrijfswagens\/doblo\/","title":{"rendered":"Fiat Doblo"},"content":{"rendered":"<section  class='av_textblock_section av-lu8gnh7d-4ac895489941e586c1d7c8cb72318135'  itemscope=\"itemscope\" itemtype=\"https:\/\/schema.org\/CreativeWork\" ><div class='avia_textblock'  itemprop=\"text\" ><h1>Okazja do zakupu Fiata Doblo?<\/h1>\n<p>Szukasz pojazdu u\u017cytkowego? W takim razie Fiat Doblo jest zdecydowanie wart rozwa\u017cenia. Pojazd ten \u0142\u0105czy w sobie funkcjonalno\u015b\u0107, wydajno\u015b\u0107 i komfort w spos\u00f3b idealnie dopasowany do potrzeb biznesowych. W\u0142a\u015bnie do tego zosta\u0142 zaprojektowany ten model. Fiat Doblo jest znany ze swojej wszechstronno\u015bci i praktyczno\u015bci, dzi\u0119ki czemu jest ulubie\u0144cem wielu u\u017cytkownik\u00f3w biznesowych. Model oferuje doskona\u0142e po\u0142\u0105czenie funkcji, kt\u00f3re upraszczaj\u0105 codzienne zadania. Dowiedz si\u0119 wi\u0119cej o tym poje\u017adzie.<\/p>\n<\/div><\/section>\n\n<style type=\"text\/css\" data-created_by=\"avia_inline_auto\" id=\"style-css-av-lujjddpd-afa3d7a9eabd61123e643ed1228e781e\">\n#top .hr.hr-invisible.av-lujjddpd-afa3d7a9eabd61123e643ed1228e781e{\nheight:50px;\n}\n<\/style>\n<div  class='hr av-lujjddpd-afa3d7a9eabd61123e643ed1228e781e hr-invisible  avia-builder-el-1  el_after_av_textblock  el_before_av_codeblock'><span class='hr-inner'><span class=\"hr-inner-style\"><\/span><\/span><\/div>\n\n\n<style type=\"text\/css\" data-created_by=\"avia_inline_auto\" id=\"style-css-av-ah0xd-63338d9dc6b40410e22a712829c369d6\">\n#top .hr.hr-invisible.av-ah0xd-63338d9dc6b40410e22a712829c369d6{\nheight:50px;\n}\n<\/style>\n<div  class='hr av-ah0xd-63338d9dc6b40410e22a712829c369d6 hr-invisible  avia-builder-el-3  el_after_av_codeblock  el_before_av_textblock'><span class='hr-inner'><span class=\"hr-inner-style\"><\/span><\/span><\/div>\n<section  class='av_textblock_section av-lu8gow1e-300853e458ed741bd87d6cb78e55cc7a'  itemscope=\"itemscope\" itemtype=\"https:\/\/schema.org\/CreativeWork\" ><div class='avia_textblock'  itemprop=\"text\" ><h2>6 powod\u00f3w, dla kt\u00f3rych warto wybra\u0107 Fiata Doblo<\/h2>\n<p>Fiat Doblo wyr\u00f3\u017cnia si\u0119 na rynku pojazd\u00f3w u\u017cytkowych kilkoma zaletami. Sprawia to, \u017ce ten pojazd u\u017cytkowy jest atrakcyjnym wyborem dla u\u017cytkownik\u00f3w biznesowych:<\/p>\n<ul>\n<li><strong>Przestronna przestrze\u0144 \u0142adunkowa:<\/strong> Doblo oferuje jeden z najbardziej przestronnych przedzia\u0142\u00f3w \u0142adunkowych w swojej klasie, z r\u00f3\u017cnymi opcjami konfiguracji zar\u00f3wno pod wzgl\u0119dem d\u0142ugo\u015bci, jak i wysoko\u015bci. U\u0142atwia to spe\u0142nienie okre\u015blonych potrzeb logistycznych, takich jak transport r\u00f3\u017cnych rodzaj\u00f3w towar\u00f3w lub narz\u0119dzi.<\/li>\n<li><strong>Oszcz\u0119dno\u015b\u0107 paliwa:<\/strong> Dzi\u0119ki nowoczesnej technologii silnika pojazd ten jest znany ze swojej efektywno\u015bci paliwowej. Skutkuje to ni\u017cszymi kosztami eksploatacji i mniejszym wp\u0142ywem na \u015brodowisko, co jest szczeg\u00f3lnie wa\u017cne dla firm podr\u00f3\u017cuj\u0105cych na d\u0142ugich dystansach.<\/li>\n<li><strong>Wysoki komfort:<\/strong> Wn\u0119trze zosta\u0142o zaprojektowane z naciskiem na komfort i ergonomi\u0119. Solidne fotele, wysokiej jako\u015bci materia\u0142y i przemy\u015blane rozwi\u0105zania w zakresie przechowywania zapewniaj\u0105 komfort podczas d\u0142ugich dni pracy. Przyczynia si\u0119 to do zadowolenia kierowcy i pasa\u017cer\u00f3w podczas d\u0142ugich podr\u00f3\u017cy.<\/li>\n<li><strong>Udogodnienia technologiczne:<\/strong> Model ten jest wyposa\u017cony w nowoczesne funkcje technologiczne, takie jak system informacyjno-rozrywkowy, \u0142\u0105czno\u015b\u0107 Bluetooth i opcjonalna nawigacja. Przyczynia si\u0119 to zar\u00f3wno do komfortu, jak i produktywno\u015bci podczas pracy.<\/li>\n<li><strong>Niezawodno\u015b\u0107:<\/strong> Fiat jest znany ze swoich niezawodnych pojazd\u00f3w. Doblo nie jest tu wyj\u0105tkiem. Solidna jako\u015b\u0107 wykonania i niezawodne podzespo\u0142y sprawiaj\u0105, \u017ce ten pojazd u\u017cytkowy mo\u017ce wytrzyma\u0107 du\u017ce obci\u0105\u017cenia i d\u0142ugotrwa\u0142e u\u017cytkowanie. Skutkuje to mniejsz\u0105 liczb\u0105 przestoj\u00f3w i ni\u017cszymi kosztami utrzymania.<\/li>\n<li><strong>Profesjonalny wygl\u0105d:<\/strong> Posiadanie Fiata Doblo emanuje profesjonalizmem. Fiat jako marka ma siln\u0105 reputacj\u0119 w bran\u017cy motoryzacyjnej, co mo\u017ce przyczyni\u0107 si\u0119 do pozytywnego wizerunku Twojej firmy.<\/li>\n<\/ul>\n<p>\u0141\u0105cz\u0105c te zalety, Fiat Doblo oferuje po\u0142\u0105czenie funkcjonalno\u015bci, wydajno\u015bci i komfortu, co czyni go doskona\u0142ym wyborem dla u\u017cytkownik\u00f3w biznesowych poszukuj\u0105cych niezawodnego i wszechstronnego pojazdu u\u017cytkowego.<\/p>\n<\/div><\/section>\n<div class='flex_column av-f64w1-da126f42b61613402309283c14245a25 av_one_half  avia-builder-el-5  el_after_av_textblock  el_before_av_one_third  first flex_column_div column-top-margin'   ><section  class='av_textblock_section av-lu8gpqre-73cc2c17e6a6497ba6e1b58af22bd9e8'  itemscope=\"itemscope\" itemtype=\"https:\/\/schema.org\/CreativeWork\" ><div class='avia_textblock'  itemprop=\"text\" ><h2>Kup u\u017cywany lub nowy Fiat Doblo<\/h2>\n<p>W Van den Hurk mo\u017cna kupi\u0107 zar\u00f3wno nowe, jak i u\u017cywane pojazdy. Zakup Fiata Doblo to kosztowna inwestycja dla ka\u017cdej firmy. Dlatego warto dok\u0142adnie rozwa\u017cy\u0107, kt\u00f3ra opcja najlepiej odpowiada Twoim potrzebom. Rozwa\u017cenie obu opcji pozwoli Ci podj\u0105\u0107 \u015bwiadom\u0105 decyzj\u0119, kt\u00f3ra b\u0119dzie odpowiada\u0107 Twojemu bud\u017cetowi i celom biznesowym. W Van den Hurk jeste\u015bmy gotowi pom\u00f3c w dokonaniu tego wyboru i zaoferowa\u0107 dostosowane porady, kt\u00f3re pomog\u0105 Ci podj\u0105\u0107 w\u0142a\u015bciw\u0105 decyzj\u0119 dla Twojej firmy.<\/p>\n<\/div><\/section><\/div><div class='flex_column av-aldk9-ee694297f5c4032981677a02caab84d6 av_one_third  avia-builder-el-7  el_after_av_one_half  el_before_av_hr  flex_column_div column-top-margin'   ><style type=\"text\/css\" data-created_by=\"avia_inline_auto\" id=\"style-css-av-l1w9kpsf-4ec3fab772ec7a9adaa33cfc64ff0475\">\n.avia-image-container.av-l1w9kpsf-4ec3fab772ec7a9adaa33cfc64ff0475 .av-image-caption-overlay-center{\ncolor:#ffffff;\n}\n<\/style>\n<div  class='avia-image-container av-l1w9kpsf-4ec3fab772ec7a9adaa33cfc64ff0475 av-styling- avia-align-center  avia-builder-el-8  avia-builder-el-no-sibling'  itemprop=\"image\" itemscope=\"itemscope\" itemtype=\"https:\/\/schema.org\/ImageObject\" ><div class=\"avia-image-container-inner\"><div class=\"avia-image-overlay-wrap\"><img decoding=\"async\" class='wp-image-187 avia-img-lazy-loading-not-187 avia_image' src=\"https:\/\/www.vdhurk.nl\/wp-content\/uploads\/2022\/03\/Voorrad.png\" alt='' title='Stock'  height=\"758\" width=\"1135\"  itemprop=\"thumbnailUrl\" srcset=\"https:\/\/www.vdhurk.nl\/wp-content\/uploads\/2022\/03\/Voorrad.png 1135w, https:\/\/www.vdhurk.nl\/wp-content\/uploads\/2022\/03\/Voorrad-300x200.png 300w, https:\/\/www.vdhurk.nl\/wp-content\/uploads\/2022\/03\/Voorrad-1030x688.png 1030w, https:\/\/www.vdhurk.nl\/wp-content\/uploads\/2022\/03\/Voorrad-768x513.png 768w, https:\/\/www.vdhurk.nl\/wp-content\/uploads\/2022\/03\/Voorrad-18x12.png 18w, https:\/\/www.vdhurk.nl\/wp-content\/uploads\/2022\/03\/Voorrad-705x471.png 705w\" sizes=\"(max-width: 1135px) 100vw, 1135px\" \/><\/div><\/div><\/div><\/div><\/p>\n\n<style type=\"text\/css\" data-created_by=\"avia_inline_auto\" id=\"style-css-av-luqrjpjc-5a23a1fb5f94718ca85316a9df963e2f\">\n#top .hr.hr-invisible.av-luqrjpjc-5a23a1fb5f94718ca85316a9df963e2f{\nheight:50px;\n}\n<\/style>\n<div  class='hr av-luqrjpjc-5a23a1fb5f94718ca85316a9df963e2f hr-invisible  avia-builder-el-9  el_after_av_one_third  el_before_av_textblock'><span class='hr-inner'><span class=\"hr-inner-style\"><\/span><\/span><\/div>\n<section  class='av_textblock_section av-lu8gtjw7-4f3cee9304909518d86d2860d9d582dd'  itemscope=\"itemscope\" itemtype=\"https:\/\/schema.org\/CreativeWork\" ><div class='avia_textblock'  itemprop=\"text\" ><h2>Leasing Fiata Doblo<\/h2>\n<p>Leasing finansowy jest popularn\u0105 opcj\u0105 finansowania dla firm, kt\u00f3re chc\u0105 kupi\u0107 pojazd u\u017cytkowy, taki jak Fiat Doblo, bez konieczno\u015bci dokonywania od razu du\u017cych inwestycji kapita\u0142owych. Nie trzeba wi\u0119c p\u0142aci\u0107 du\u017cej kwoty za jednym razem. Przy <a href=\"https:\/\/www.vdhurk.nl\/pl\/leasing-finansowy\/\">leasing finansowy<\/a> Pojazd u\u017cytkowy staje si\u0119 Twoj\u0105 w\u0142asno\u015bci\u0105, a Ty sp\u0142acasz go w ratach. P\u0142acisz sta\u0142\u0105 kwot\u0119 miesi\u0119cznie przez ca\u0142y okres trwania umowy leasingowej. W ten spos\u00f3b planowanie finansowe staje si\u0119 niewidoczne. Koszty pozostaj\u0105 bowiem sta\u0142e. Mo\u017cesz tak\u017ce wybiera\u0107 spo\u015br\u00f3d r\u00f3\u017cnych warunk\u00f3w, aby dopasowa\u0107 je do swojego bud\u017cetu i potrzeb. W przeciwie\u0144stwie do innych form leasingu, zazwyczaj nie ma ogranicze\u0144 co do liczby przejechanych kilometr\u00f3w. Mo\u017cesz wi\u0119c je\u017adzi\u0107, gdzie chcesz.<\/p>\n<h2>Urz\u0105dzenia zabezpieczaj\u0105ce<\/h2>\n<p>Fiat Doblo posiada szereg funkcji bezpiecze\u0144stwa, kt\u00f3re zapewniaj\u0105 ochron\u0119 podczas jazdy. Nale\u017c\u0105 do nich ABS, ESP, poduszki powietrzne i tempomat. Niezale\u017cnie od tego, czy przewozisz towary na obszarach miejskich, czy pokonujesz d\u0142ugie dystanse, te funkcje bezpiecze\u0144stwa pozwalaj\u0105 na bezpieczn\u0105 i wydajn\u0105 prac\u0119, co jest niezb\u0119dne dla udanych operacji. Dzi\u0119ki tym funkcjom bezpiecze\u0144stwa <a href=\"https:\/\/www.vdhurk.nl\/pl\/pojazdy-uzytkowe\/fiat\/\">Pojazdy u\u017cytkowe Fiat<\/a> niezawodny wyb\u00f3r dla u\u017cytkownik\u00f3w biznesowych.<\/p>\n<h2>Wybierz niezawodne pojazdy u\u017cytkowe od Van den Hurk<\/h2>\n<p>Je\u015bli jeste\u015b u\u017cytkownikiem biznesowym szukaj\u0105cym samochodu s\u0142u\u017cbowego, Fiat Doblo jest zdecydowanie wart rozwa\u017cenia. Dzi\u0119ki du\u017cej \u0142adowno\u015bci i wysokiemu poziomowi komfortu model ten spe\u0142nia r\u00f3\u017cne potrzeby biznesowe. Niezale\u017cnie od tego, czy zdecydujesz si\u0119 na u\u017cywany, czy nowy model, w Van den Hurk jeste\u015bmy gotowi poprowadzi\u0107 Ci\u0119 przez ka\u017cdy etap procesu. Dzi\u0119ki temu mo\u017cesz mie\u0107 pewno\u015b\u0107, \u017ce dokonujesz w\u0142a\u015bciwego wyboru.<\/p>\n<\/div><\/section>","protected":false},"excerpt":{"rendered":"","protected":false},"author":3,"featured_media":0,"parent":372075,"menu_order":0,"comment_status":"closed","ping_status":"closed","template":"","meta":{"_acf_changed":false,"_improvement_type_select":"improve_an_existing","_thumb_yes_seoaic":false,"_frame_yes_seoaic":false,"seoaic_generate_description":"","seoaic_improve_instructions_prompt":"","seoaic_rollback_content_improvement":"","seoaic_idea_thumbnail_generator":"","thumbnail_generated":false,"thumbnail_generate_prompt":"","seoaic_article_description":"","footnotes":""},"class_list":["post-397536","page","type-page","status-publish","hentry"],"acf":[],"yoast_head":"<!-- This site is optimized with the Yoast SEO plugin v27.3 - https:\/\/yoast.com\/product\/yoast-seo-wordpress\/ -->\n<title>Alles wat je wilt weten over de Fiat Doblo occasion<\/title>\n<meta name=\"description\" content=\"Overweeg jij een Fiat Doblo occasion te kopen of leasen? Ontdek dan alle specificaties van dit voertuig en ontdek of het aansluit bij jouw zakelijke behoeften.\" \/>\n<meta name=\"robots\" content=\"index, follow, max-snippet:-1, max-image-preview:large, max-video-preview:-1\" \/>\n<link rel=\"canonical\" href=\"https:\/\/www.vdhurk.nl\/pl\/pojazdy-uzytkowe-fiat\/mercedes-21\/\" \/>\n<meta property=\"og:locale\" content=\"pl_PL\" \/>\n<meta property=\"og:type\" content=\"article\" \/>\n<meta property=\"og:title\" content=\"Alles wat je wilt weten over de Fiat Doblo occasion\" \/>\n<meta property=\"og:description\" content=\"Overweeg jij een Fiat Doblo occasion te kopen of leasen? Ontdek dan alle specificaties van dit voertuig en ontdek of het aansluit bij jouw zakelijke behoeften.\" \/>\n<meta property=\"og:url\" content=\"https:\/\/www.vdhurk.nl\/pl\/pojazdy-uzytkowe-fiat\/mercedes-21\/\" \/>\n<meta property=\"og:site_name\" content=\"Van den Hurk Bedrijfswagens\" \/>\n<meta name=\"twitter:card\" content=\"summary_large_image\" \/>\n<meta name=\"twitter:label1\" content=\"Szacowany czas czytania\" \/>\n\t<meta name=\"twitter:data1\" content=\"6 minut\" \/>\n<script type=\"application\/ld+json\" class=\"yoast-schema-graph\">{\"@context\":\"https:\\\/\\\/schema.org\",\"@graph\":[{\"@type\":\"WebPage\",\"@id\":\"https:\\\/\\\/www.vdhurk.nl\\\/fiat-bedrijfswagens\\\/doblo\\\/\",\"url\":\"https:\\\/\\\/www.vdhurk.nl\\\/fiat-bedrijfswagens\\\/doblo\\\/\",\"name\":\"Alles wat je wilt weten over de Fiat Doblo occasion\",\"isPartOf\":{\"@id\":\"https:\\\/\\\/www.vdhurk.nl\\\/#website\"},\"datePublished\":\"2024-08-02T08:30:26+00:00\",\"description\":\"Overweeg jij een Fiat Doblo occasion te kopen of leasen? Ontdek dan alle specificaties van dit voertuig en ontdek of het aansluit bij jouw zakelijke behoeften.\",\"breadcrumb\":{\"@id\":\"https:\\\/\\\/www.vdhurk.nl\\\/fiat-bedrijfswagens\\\/doblo\\\/#breadcrumb\"},\"inLanguage\":\"pl-PL\",\"potentialAction\":[{\"@type\":\"ReadAction\",\"target\":[\"https:\\\/\\\/www.vdhurk.nl\\\/fiat-bedrijfswagens\\\/doblo\\\/\"]}]},{\"@type\":\"BreadcrumbList\",\"@id\":\"https:\\\/\\\/www.vdhurk.nl\\\/fiat-bedrijfswagens\\\/doblo\\\/#breadcrumb\",\"itemListElement\":[{\"@type\":\"ListItem\",\"position\":1,\"name\":\"Home\",\"item\":\"https:\\\/\\\/www.vdhurk.nl\\\/home\\\/\"},{\"@type\":\"ListItem\",\"position\":2,\"name\":\"Fiat Bedrijfswagens\",\"item\":\"https:\\\/\\\/www.vdhurk.nl\\\/fiat-bedrijfswagens\\\/\"},{\"@type\":\"ListItem\",\"position\":3,\"name\":\"Fiat Doblo\"}]},{\"@type\":\"WebSite\",\"@id\":\"https:\\\/\\\/www.vdhurk.nl\\\/#website\",\"url\":\"https:\\\/\\\/www.vdhurk.nl\\\/\",\"name\":\"Van den Hurk Bedrijfswagens\",\"description\":\"Van den Hurk bedrijfswagens Helmond\",\"potentialAction\":[{\"@type\":\"SearchAction\",\"target\":{\"@type\":\"EntryPoint\",\"urlTemplate\":\"https:\\\/\\\/www.vdhurk.nl\\\/?s={search_term_string}\"},\"query-input\":{\"@type\":\"PropertyValueSpecification\",\"valueRequired\":true,\"valueName\":\"search_term_string\"}}],\"inLanguage\":\"pl-PL\"}]}<\/script>\n<!-- \/ Yoast SEO plugin. -->","yoast_head_json":{"title":"Wszystko, co chcia\u0142by\u015b wiedzie\u0107 o okazji Fiata Doblo","description":"Zastanawiasz si\u0119 nad zakupem lub leasingiem Fiata Doblo? Poznaj wszystkie specyfikacje tego pojazdu i dowiedz si\u0119, czy odpowiada on Twoim potrzebom biznesowym.","robots":{"index":"index","follow":"follow","max-snippet":"max-snippet:-1","max-image-preview":"max-image-preview:large","max-video-preview":"max-video-preview:-1"},"canonical":"https:\/\/www.vdhurk.nl\/pl\/pojazdy-uzytkowe-fiat\/mercedes-21\/","og_locale":"pl_PL","og_type":"article","og_title":"Alles wat je wilt weten over de Fiat Doblo occasion","og_description":"Overweeg jij een Fiat Doblo occasion te kopen of leasen? Ontdek dan alle specificaties van dit voertuig en ontdek of het aansluit bij jouw zakelijke behoeften.","og_url":"https:\/\/www.vdhurk.nl\/pl\/pojazdy-uzytkowe-fiat\/mercedes-21\/","og_site_name":"Van den Hurk Bedrijfswagens","twitter_card":"summary_large_image","twitter_misc":{"Szacowany czas czytania":"6 minut"},"schema":{"@context":"https:\/\/schema.org","@graph":[{"@type":"WebPage","@id":"https:\/\/www.vdhurk.nl\/fiat-bedrijfswagens\/doblo\/","url":"https:\/\/www.vdhurk.nl\/fiat-bedrijfswagens\/doblo\/","name":"Wszystko, co chcia\u0142by\u015b wiedzie\u0107 o okazji Fiata Doblo","isPartOf":{"@id":"https:\/\/www.vdhurk.nl\/#website"},"datePublished":"2024-08-02T08:30:26+00:00","description":"Zastanawiasz si\u0119 nad zakupem lub leasingiem Fiata Doblo? Poznaj wszystkie specyfikacje tego pojazdu i dowiedz si\u0119, czy odpowiada on Twoim potrzebom biznesowym.","breadcrumb":{"@id":"https:\/\/www.vdhurk.nl\/fiat-bedrijfswagens\/doblo\/#breadcrumb"},"inLanguage":"pl-PL","potentialAction":[{"@type":"ReadAction","target":["https:\/\/www.vdhurk.nl\/fiat-bedrijfswagens\/doblo\/"]}]},{"@type":"BreadcrumbList","@id":"https:\/\/www.vdhurk.nl\/fiat-bedrijfswagens\/doblo\/#breadcrumb","itemListElement":[{"@type":"ListItem","position":1,"name":"Home","item":"https:\/\/www.vdhurk.nl\/home\/"},{"@type":"ListItem","position":2,"name":"Fiat Bedrijfswagens","item":"https:\/\/www.vdhurk.nl\/fiat-bedrijfswagens\/"},{"@type":"ListItem","position":3,"name":"Fiat Doblo"}]},{"@type":"WebSite","@id":"https:\/\/www.vdhurk.nl\/#website","url":"https:\/\/www.vdhurk.nl\/","name":"Van den Hurk - pojazdy u\u017cytkowe","description":"Van den Hurk pojazdy u\u017cytkowe Helmond","potentialAction":[{"@type":"SearchAction","target":{"@type":"EntryPoint","urlTemplate":"https:\/\/www.vdhurk.nl\/?s={search_term_string}"},"query-input":{"@type":"PropertyValueSpecification","valueRequired":true,"valueName":"search_term_string"}}],"inLanguage":"pl-PL"}]}},"_links":{"self":[{"href":"https:\/\/www.vdhurk.nl\/pl\/wp-json\/wp\/v2\/pages\/397536","targetHints":{"allow":["GET"]}}],"collection":[{"href":"https:\/\/www.vdhurk.nl\/pl\/wp-json\/wp\/v2\/pages"}],"about":[{"href":"https:\/\/www.vdhurk.nl\/pl\/wp-json\/wp\/v2\/types\/page"}],"author":[{"embeddable":true,"href":"https:\/\/www.vdhurk.nl\/pl\/wp-json\/wp\/v2\/users\/3"}],"replies":[{"embeddable":true,"href":"https:\/\/www.vdhurk.nl\/pl\/wp-json\/wp\/v2\/comments?post=397536"}],"version-history":[{"count":1,"href":"https:\/\/www.vdhurk.nl\/pl\/wp-json\/wp\/v2\/pages\/397536\/revisions"}],"predecessor-version":[{"id":397537,"href":"https:\/\/www.vdhurk.nl\/pl\/wp-json\/wp\/v2\/pages\/397536\/revisions\/397537"}],"up":[{"embeddable":true,"href":"https:\/\/www.vdhurk.nl\/pl\/wp-json\/wp\/v2\/pages\/372075"}],"wp:attachment":[{"href":"https:\/\/www.vdhurk.nl\/pl\/wp-json\/wp\/v2\/media?parent=397536"}],"curies":[{"name":"wp","href":"https:\/\/api.w.org\/{rel}","templated":true}]}}