{"id":397532,"date":"2024-08-01T16:13:36","date_gmt":"2024-08-01T14:13:36","guid":{"rendered":"https:\/\/www.vdhurk.nl\/?page_id=397532"},"modified":"2024-08-01T16:13:36","modified_gmt":"2024-08-01T14:13:36","slug":"mercedes-22","status":"publish","type":"page","link":"https:\/\/www.vdhurk.nl\/pl\/mercedes-bedrijfswagens\/citan\/","title":{"rendered":"Mercedes Citan"},"content":{"rendered":"<section  class='av_textblock_section av-lu8gnh7d-4ac895489941e586c1d7c8cb72318135'  itemscope=\"itemscope\" itemtype=\"https:\/\/schema.org\/CreativeWork\" ><div class='avia_textblock'  itemprop=\"text\" ><h1>Mercedes Citan u\u017cywany jako pojazd u\u017cytkowy<\/h1>\n<p>Mercedes Citan occasion to samoch\u00f3d dostawczy wyr\u00f3\u017cniaj\u0105cy si\u0119 wszechstronno\u015bci\u0105 i komfortem Mercedes-Benz. Od momentu wprowadzenia na rynek model ten by\u0142 przeznaczony zar\u00f3wno do dystrybucji miejskiej, jak i na d\u0142ugie dystanse. W rezultacie model ten oferuje doskona\u0142e po\u0142\u0105czenie funkcjonalno\u015bci i komfortu jazdy. Dzi\u0119ki temu stanowi doskona\u0142e po\u0142\u0105czenie funkcjonalno\u015bci i komfortu jazdy. Dzi\u0119ki temu jest to popularny wyb\u00f3r w\u015br\u00f3d przedsi\u0119biorc\u00f3w.<\/p>\n<\/div><\/section>\n\n<style type=\"text\/css\" data-created_by=\"avia_inline_auto\" id=\"style-css-av-lujjddpd-afa3d7a9eabd61123e643ed1228e781e\">\n#top .hr.hr-invisible.av-lujjddpd-afa3d7a9eabd61123e643ed1228e781e{\nheight:50px;\n}\n<\/style>\n<div  class='hr av-lujjddpd-afa3d7a9eabd61123e643ed1228e781e hr-invisible  avia-builder-el-1  el_after_av_textblock  el_before_av_codeblock'><span class='hr-inner'><span class=\"hr-inner-style\"><\/span><\/span><\/div>\n\n\n<style type=\"text\/css\" data-created_by=\"avia_inline_auto\" id=\"style-css-av-ah0xd-63338d9dc6b40410e22a712829c369d6\">\n#top .hr.hr-invisible.av-ah0xd-63338d9dc6b40410e22a712829c369d6{\nheight:50px;\n}\n<\/style>\n<div  class='hr av-ah0xd-63338d9dc6b40410e22a712829c369d6 hr-invisible  avia-builder-el-3  el_after_av_codeblock  el_before_av_textblock'><span class='hr-inner'><span class=\"hr-inner-style\"><\/span><\/span><\/div>\n<section  class='av_textblock_section av-lu8gow1e-300853e458ed741bd87d6cb78e55cc7a'  itemscope=\"itemscope\" itemtype=\"https:\/\/schema.org\/CreativeWork\" ><div class='avia_textblock'  itemprop=\"text\" ><h2>5 powod\u00f3w, dla kt\u00f3rych Mercedes Citan jest popularnym wyborem<\/h2>\n<p>Mercedes Citan jest popularnym wyborem, poniewa\u017c model ten ma kilka zalet:<\/p>\n<ul>\n<li><strong>Niezawodno\u015b\u0107:<\/strong> Mercedes-Benz jest znany z wysokiej jako\u015bci, a tym samym niezawodno\u015bci. Dotyczy to r\u00f3wnie\u017c Citana. W przypadku tego modelu mo\u017cna oczekiwa\u0107 d\u0142ugiej \u017cywotno\u015bci.<\/li>\n<li><strong>Efektywno\u015b\u0107 paliwowa<\/strong>Citan zosta\u0142 zaprojektowany z my\u015bl\u0105 o oszcz\u0119dno\u015bci paliwa. Zapewnia to ni\u017csze koszty eksploatacji. Jest to korzystne zw\u0142aszcza dla firm, kt\u00f3re pokonuj\u0105 du\u017ce odleg\u0142o\u015bci.<\/li>\n<li><strong>Du\u017co przestrzeni \u0142adunkowej:<\/strong> Jego du\u017ca pojemno\u015b\u0107 \u0142adunkowa i mo\u017cliwo\u015b\u0107 dostosowania wn\u0119trza s\u0105 szczeg\u00f3lnie cenne dla firm o zr\u00f3\u017cnicowanych wymaganiach logistycznych.<\/li>\n<li><strong>Komfort jazdy i funkcje bezpiecze\u0144stwa:<\/strong> Citan \u0142\u0105czy w sobie solidno\u015b\u0107 pojazdu u\u017cytkowego z komfortem samochodu osobowego. Zapewnia to przyjemne wra\u017cenia z jazdy, nawet podczas d\u0142ugich podr\u00f3\u017cy. Co wi\u0119cej, Citan jest wyposa\u017cony w funkcje bezpiecze\u0144stwa, kt\u00f3re zapewniaj\u0105 bezpiecze\u0144stwo kierowcy i pasa\u017cerom.<\/li>\n<li><strong>Profesjonalny wygl\u0105d:<\/strong> Pojazd u\u017cytkowy Mercedes emanuje profesjonalizmem. Dla firm posiadanie pojazdu renomowanej marki, takiej jak Mercedes-Benz, mo\u017ce przyczyni\u0107 si\u0119 do budowania pozytywnego wizerunku w\u015br\u00f3d klient\u00f3w i partner\u00f3w.<\/li>\n<\/ul>\n<p>Zalety te sprawiaj\u0105, \u017ce Mercedes Citan jest popularnym wyborem dla firm poszukuj\u0105cych wydajnego pojazdu u\u017cytkowego.<\/p>\n<\/div><\/section>\n<div class='flex_column av-f64w1-da126f42b61613402309283c14245a25 av_one_half  avia-builder-el-5  el_after_av_textblock  el_before_av_one_third  first flex_column_div column-top-margin'   ><section  class='av_textblock_section av-lu8gpqre-73cc2c17e6a6497ba6e1b58af22bd9e8'  itemscope=\"itemscope\" itemtype=\"https:\/\/schema.org\/CreativeWork\" ><div class='avia_textblock'  itemprop=\"text\" ><h2>Wn\u0119trze Mercedesa Citana<\/h2>\n<p>Mercedes Citan zosta\u0142 zaprojektowany z my\u015bl\u0105 o komforcie, funkcjonalno\u015bci i \u0142atwo\u015bci prowadzenia. Czyni go to atrakcyjn\u0105 opcj\u0105 dla firm korporacyjnych. Wn\u0119trze zosta\u0142o ergonomicznie zaprojektowane, aby zapewni\u0107 maksymalny komfort. Fotele s\u0105 dobrze wyprofilowane i zapewniaj\u0105 podparcie, dzi\u0119ki czemu jazda na d\u0142ugich dystansach jest bardziej atrakcyjna. <a href=\"https:\/\/www.vdhurk.nl\/pl\/pojazdy-uzytkowe\/mercedes\/\">Pojazdy u\u017cytkowe Mercedes<\/a> We wn\u0119trzu zastosowano wysokiej jako\u015bci materia\u0142y, co daje poczucie luksusu. Wn\u0119trze oferuje du\u017co przestrzeni i jest funkcjonalnie zaprojektowane. Du\u017co miejsca u\u0142atwia prowadzenie samochodu. Co wi\u0119cej, istnieje kilka opcji przechowywania, kt\u00f3re u\u0142atwiaj\u0105 przechowywanie rzeczy.<\/p>\n<\/div><\/section><\/div><div class='flex_column av-aldk9-ee694297f5c4032981677a02caab84d6 av_one_third  avia-builder-el-7  el_after_av_one_half  el_before_av_hr  flex_column_div column-top-margin'   ><style type=\"text\/css\" data-created_by=\"avia_inline_auto\" id=\"style-css-av-l1w9kpsf-4ec3fab772ec7a9adaa33cfc64ff0475\">\n.avia-image-container.av-l1w9kpsf-4ec3fab772ec7a9adaa33cfc64ff0475 .av-image-caption-overlay-center{\ncolor:#ffffff;\n}\n<\/style>\n<div  class='avia-image-container av-l1w9kpsf-4ec3fab772ec7a9adaa33cfc64ff0475 av-styling- avia-align-center  avia-builder-el-8  avia-builder-el-no-sibling'  itemprop=\"image\" itemscope=\"itemscope\" itemtype=\"https:\/\/schema.org\/ImageObject\" ><div class=\"avia-image-container-inner\"><div class=\"avia-image-overlay-wrap\"><img decoding=\"async\" class='wp-image-187 avia-img-lazy-loading-not-187 avia_image' src=\"https:\/\/www.vdhurk.nl\/wp-content\/uploads\/2022\/03\/Voorrad.png\" alt='' title='Stock'  height=\"758\" width=\"1135\"  itemprop=\"thumbnailUrl\" srcset=\"https:\/\/www.vdhurk.nl\/wp-content\/uploads\/2022\/03\/Voorrad.png 1135w, https:\/\/www.vdhurk.nl\/wp-content\/uploads\/2022\/03\/Voorrad-300x200.png 300w, https:\/\/www.vdhurk.nl\/wp-content\/uploads\/2022\/03\/Voorrad-1030x688.png 1030w, https:\/\/www.vdhurk.nl\/wp-content\/uploads\/2022\/03\/Voorrad-768x513.png 768w, https:\/\/www.vdhurk.nl\/wp-content\/uploads\/2022\/03\/Voorrad-18x12.png 18w, https:\/\/www.vdhurk.nl\/wp-content\/uploads\/2022\/03\/Voorrad-705x471.png 705w\" sizes=\"(max-width: 1135px) 100vw, 1135px\" \/><\/div><\/div><\/div><\/div><\/p>\n\n<style type=\"text\/css\" data-created_by=\"avia_inline_auto\" id=\"style-css-av-luqrjpjc-5a23a1fb5f94718ca85316a9df963e2f\">\n#top .hr.hr-invisible.av-luqrjpjc-5a23a1fb5f94718ca85316a9df963e2f{\nheight:50px;\n}\n<\/style>\n<div  class='hr av-luqrjpjc-5a23a1fb5f94718ca85316a9df963e2f hr-invisible  avia-builder-el-9  el_after_av_one_third  el_before_av_textblock'><span class='hr-inner'><span class=\"hr-inner-style\"><\/span><\/span><\/div>\n<section  class='av_textblock_section av-lu8gtjw7-4f3cee9304909518d86d2860d9d582dd'  itemscope=\"itemscope\" itemtype=\"https:\/\/schema.org\/CreativeWork\" ><div class='avia_textblock'  itemprop=\"text\" ><h2>Zakup Mercedesa Citana: na co zwr\u00f3ci\u0107 uwag\u0119?<\/h2>\n<p>Zakup Mercedesa Citana to m\u0105dra inwestycja dla firm biznesowych, rozwa\u017casz zakup tego modelu? W takim razie dobrze jest rozwa\u017cy\u0107 pewne aspekty. Do czego b\u0119dziesz u\u017cywa\u0107 samochodu s\u0142u\u017cbowego, jak cz\u0119sto b\u0119dziesz go u\u017cywa\u0107 i na jakich dystansach? Ponadto dobrze jest r\u00f3wnie\u017c wybra\u0107, czy chcesz nowy czy u\u017cywany pojazd u\u017cytkowy. Oferujemy obie opcje. Nie jeste\u015b pewien, kt\u00f3ra z nich najlepiej odpowiada Twoim potrzebom biznesowym? Nie ma problemu. Z przyjemno\u015bci\u0105 doradzimy.<\/p>\n<h2>Leasing Mercedesa Citana<\/h2>\n<p>Leasing jest powszechnie stosowan\u0105 opcj\u0105 finansowania w Van den Hurk dla firm, kt\u00f3re chc\u0105 kupi\u0107 pojazd u\u017cytkowy, ale nie chc\u0105 p\u0142aci\u0107 pe\u0142nej kwoty od razu. Z naszym <a href=\"https:\/\/www.vdhurk.nl\/pl\/leasing-finansowy\/\">leasing finansowy<\/a> W ramach umowy u\u017cytkownik bierze pojazd u\u017cytkowy w u\u017cytkowanie i p\u0142aci miesi\u0119czn\u0105 kwot\u0119 leasingu. Po zako\u0144czeniu okresu leasingu u\u017cytkownik staje si\u0119 w\u0142a\u015bcicielem pojazdu u\u017cytkowego.<\/p>\n<h2>Udogodnienia<\/h2>\n<p>Mercedes Citan to wszechstronny i niezawodny van, kt\u00f3ry posiada kilka funkcji bezpiecze\u0144stwa i komfortu. Obejmuj\u0105 one kamer\u0119 parkowania, wykrywanie martwego pola, wykrywanie znak\u00f3w drogowych, unikanie kolizji i asystenta pasa ruchu. Ponadto nie musisz martwi\u0107 si\u0119 o gor\u0105ce letnie dni. Samoch\u00f3d s\u0142u\u017cbowy jest bowiem wyposa\u017cony w klimatyzacj\u0119. Ponadto mo\u017cna korzysta\u0107 z innych funkcji, takich jak systemy informacyjno-rozrywkowe i \u0142\u0105czno\u015b\u0107 USB.<\/p>\n<h2><b>Wybierz dobrze funkcjonuj\u0105cy pojazd u\u017cytkowy<\/b><\/h2>\n<p>Je\u015bli szukasz pojazdu u\u017cytkowego, Mercedes Citan to doskona\u0142y wyb\u00f3r. Dzi\u0119ki solidnej konstrukcji, du\u017cej pojemno\u015bci \u0142adunkowej i wygodnemu wn\u0119trzu, Citan oferuje dobre po\u0142\u0105czenie funkcjonalno\u015bci i komfortu jazdy.<\/p>\n<\/div><\/section>","protected":false},"excerpt":{"rendered":"","protected":false},"author":3,"featured_media":0,"parent":370573,"menu_order":0,"comment_status":"closed","ping_status":"closed","template":"","meta":{"_acf_changed":false,"_improvement_type_select":"improve_an_existing","_thumb_yes_seoaic":false,"_frame_yes_seoaic":false,"seoaic_generate_description":"","seoaic_improve_instructions_prompt":"","seoaic_rollback_content_improvement":"","seoaic_idea_thumbnail_generator":"","thumbnail_generated":false,"thumbnail_generate_prompt":"","seoaic_article_description":"","footnotes":""},"class_list":["post-397532","page","type-page","status-publish","hentry"],"acf":[],"yoast_head":"<!-- This site is optimized with the Yoast SEO plugin v27.3 - https:\/\/yoast.com\/product\/yoast-seo-wordpress\/ -->\n<title>Ontdek alles wat je wilt weten over de Mercedes Citan occasion<\/title>\n<meta name=\"description\" content=\"Meer weten over de Mercedes Citan occasion? Ontdek alle specificaties van dit model en kijk of het bij jouw zakelijke behoeften aansluit.\" \/>\n<meta name=\"robots\" content=\"index, follow, max-snippet:-1, max-image-preview:large, max-video-preview:-1\" \/>\n<link rel=\"canonical\" href=\"https:\/\/www.vdhurk.nl\/pl\/mercedes-9\/mercedes-22\/\" \/>\n<meta property=\"og:locale\" content=\"pl_PL\" \/>\n<meta property=\"og:type\" content=\"article\" \/>\n<meta property=\"og:title\" content=\"Ontdek alles wat je wilt weten over de Mercedes Citan occasion\" \/>\n<meta property=\"og:description\" content=\"Meer weten over de Mercedes Citan occasion? Ontdek alle specificaties van dit model en kijk of het bij jouw zakelijke behoeften aansluit.\" \/>\n<meta property=\"og:url\" content=\"https:\/\/www.vdhurk.nl\/pl\/mercedes-9\/mercedes-22\/\" \/>\n<meta property=\"og:site_name\" content=\"Van den Hurk Bedrijfswagens\" \/>\n<meta name=\"twitter:card\" content=\"summary_large_image\" \/>\n<meta name=\"twitter:label1\" content=\"Szacowany czas czytania\" \/>\n\t<meta name=\"twitter:data1\" content=\"5 minut\" \/>\n<script type=\"application\/ld+json\" class=\"yoast-schema-graph\">{\"@context\":\"https:\\\/\\\/schema.org\",\"@graph\":[{\"@type\":\"WebPage\",\"@id\":\"https:\\\/\\\/www.vdhurk.nl\\\/mercedes-bedrijfswagens\\\/citan\\\/\",\"url\":\"https:\\\/\\\/www.vdhurk.nl\\\/mercedes-bedrijfswagens\\\/citan\\\/\",\"name\":\"Ontdek alles wat je wilt weten over de Mercedes Citan occasion\",\"isPartOf\":{\"@id\":\"https:\\\/\\\/www.vdhurk.nl\\\/#website\"},\"datePublished\":\"2024-08-01T14:13:36+00:00\",\"description\":\"Meer weten over de Mercedes Citan occasion? Ontdek alle specificaties van dit model en kijk of het bij jouw zakelijke behoeften aansluit.\",\"breadcrumb\":{\"@id\":\"https:\\\/\\\/www.vdhurk.nl\\\/mercedes-bedrijfswagens\\\/citan\\\/#breadcrumb\"},\"inLanguage\":\"pl-PL\",\"potentialAction\":[{\"@type\":\"ReadAction\",\"target\":[\"https:\\\/\\\/www.vdhurk.nl\\\/mercedes-bedrijfswagens\\\/citan\\\/\"]}]},{\"@type\":\"BreadcrumbList\",\"@id\":\"https:\\\/\\\/www.vdhurk.nl\\\/mercedes-bedrijfswagens\\\/citan\\\/#breadcrumb\",\"itemListElement\":[{\"@type\":\"ListItem\",\"position\":1,\"name\":\"Home\",\"item\":\"https:\\\/\\\/www.vdhurk.nl\\\/home\\\/\"},{\"@type\":\"ListItem\",\"position\":2,\"name\":\"Mercedes Bedrijfswagens\",\"item\":\"https:\\\/\\\/www.vdhurk.nl\\\/mercedes-bedrijfswagens\\\/\"},{\"@type\":\"ListItem\",\"position\":3,\"name\":\"Mercedes Citan\"}]},{\"@type\":\"WebSite\",\"@id\":\"https:\\\/\\\/www.vdhurk.nl\\\/#website\",\"url\":\"https:\\\/\\\/www.vdhurk.nl\\\/\",\"name\":\"Van den Hurk Bedrijfswagens\",\"description\":\"Van den Hurk bedrijfswagens Helmond\",\"potentialAction\":[{\"@type\":\"SearchAction\",\"target\":{\"@type\":\"EntryPoint\",\"urlTemplate\":\"https:\\\/\\\/www.vdhurk.nl\\\/?s={search_term_string}\"},\"query-input\":{\"@type\":\"PropertyValueSpecification\",\"valueRequired\":true,\"valueName\":\"search_term_string\"}}],\"inLanguage\":\"pl-PL\"}]}<\/script>\n<!-- \/ Yoast SEO plugin. -->","yoast_head_json":{"title":"Dowiedz si\u0119 wszystkiego o u\u017cywanym samochodzie Mercedes Citan","description":"Chcesz dowiedzie\u0107 si\u0119 wi\u0119cej o okazji Mercedes Citan? Odkryj wszystkie specyfikacje tego modelu i sprawd\u017a, czy odpowiada on Twoim potrzebom biznesowym.","robots":{"index":"index","follow":"follow","max-snippet":"max-snippet:-1","max-image-preview":"max-image-preview:large","max-video-preview":"max-video-preview:-1"},"canonical":"https:\/\/www.vdhurk.nl\/pl\/mercedes-9\/mercedes-22\/","og_locale":"pl_PL","og_type":"article","og_title":"Ontdek alles wat je wilt weten over de Mercedes Citan occasion","og_description":"Meer weten over de Mercedes Citan occasion? Ontdek alle specificaties van dit model en kijk of het bij jouw zakelijke behoeften aansluit.","og_url":"https:\/\/www.vdhurk.nl\/pl\/mercedes-9\/mercedes-22\/","og_site_name":"Van den Hurk Bedrijfswagens","twitter_card":"summary_large_image","twitter_misc":{"Szacowany czas czytania":"5 minut"},"schema":{"@context":"https:\/\/schema.org","@graph":[{"@type":"WebPage","@id":"https:\/\/www.vdhurk.nl\/mercedes-bedrijfswagens\/citan\/","url":"https:\/\/www.vdhurk.nl\/mercedes-bedrijfswagens\/citan\/","name":"Dowiedz si\u0119 wszystkiego o u\u017cywanym samochodzie Mercedes Citan","isPartOf":{"@id":"https:\/\/www.vdhurk.nl\/#website"},"datePublished":"2024-08-01T14:13:36+00:00","description":"Chcesz dowiedzie\u0107 si\u0119 wi\u0119cej o okazji Mercedes Citan? Odkryj wszystkie specyfikacje tego modelu i sprawd\u017a, czy odpowiada on Twoim potrzebom biznesowym.","breadcrumb":{"@id":"https:\/\/www.vdhurk.nl\/mercedes-bedrijfswagens\/citan\/#breadcrumb"},"inLanguage":"pl-PL","potentialAction":[{"@type":"ReadAction","target":["https:\/\/www.vdhurk.nl\/mercedes-bedrijfswagens\/citan\/"]}]},{"@type":"BreadcrumbList","@id":"https:\/\/www.vdhurk.nl\/mercedes-bedrijfswagens\/citan\/#breadcrumb","itemListElement":[{"@type":"ListItem","position":1,"name":"Home","item":"https:\/\/www.vdhurk.nl\/home\/"},{"@type":"ListItem","position":2,"name":"Mercedes Bedrijfswagens","item":"https:\/\/www.vdhurk.nl\/mercedes-bedrijfswagens\/"},{"@type":"ListItem","position":3,"name":"Mercedes Citan"}]},{"@type":"WebSite","@id":"https:\/\/www.vdhurk.nl\/#website","url":"https:\/\/www.vdhurk.nl\/","name":"Van den Hurk - pojazdy u\u017cytkowe","description":"Van den Hurk pojazdy u\u017cytkowe Helmond","potentialAction":[{"@type":"SearchAction","target":{"@type":"EntryPoint","urlTemplate":"https:\/\/www.vdhurk.nl\/?s={search_term_string}"},"query-input":{"@type":"PropertyValueSpecification","valueRequired":true,"valueName":"search_term_string"}}],"inLanguage":"pl-PL"}]}},"_links":{"self":[{"href":"https:\/\/www.vdhurk.nl\/pl\/wp-json\/wp\/v2\/pages\/397532","targetHints":{"allow":["GET"]}}],"collection":[{"href":"https:\/\/www.vdhurk.nl\/pl\/wp-json\/wp\/v2\/pages"}],"about":[{"href":"https:\/\/www.vdhurk.nl\/pl\/wp-json\/wp\/v2\/types\/page"}],"author":[{"embeddable":true,"href":"https:\/\/www.vdhurk.nl\/pl\/wp-json\/wp\/v2\/users\/3"}],"replies":[{"embeddable":true,"href":"https:\/\/www.vdhurk.nl\/pl\/wp-json\/wp\/v2\/comments?post=397532"}],"version-history":[{"count":2,"href":"https:\/\/www.vdhurk.nl\/pl\/wp-json\/wp\/v2\/pages\/397532\/revisions"}],"predecessor-version":[{"id":397535,"href":"https:\/\/www.vdhurk.nl\/pl\/wp-json\/wp\/v2\/pages\/397532\/revisions\/397535"}],"up":[{"embeddable":true,"href":"https:\/\/www.vdhurk.nl\/pl\/wp-json\/wp\/v2\/pages\/370573"}],"wp:attachment":[{"href":"https:\/\/www.vdhurk.nl\/pl\/wp-json\/wp\/v2\/media?parent=397532"}],"curies":[{"name":"wp","href":"https:\/\/api.w.org\/{rel}","templated":true}]}}