{"id":397524,"date":"2024-08-01T15:19:48","date_gmt":"2024-08-01T13:19:48","guid":{"rendered":"https:\/\/www.vdhurk.nl\/?page_id=397524"},"modified":"2024-08-01T15:19:48","modified_gmt":"2024-08-01T13:19:48","slug":"tranzyt","status":"publish","type":"page","link":"https:\/\/www.vdhurk.nl\/pl\/ford-bedrijfswagens\/transit\/","title":{"rendered":"Ford Transit"},"content":{"rendered":"<section  class='av_textblock_section av-lu8gnh7d-4ac895489941e586c1d7c8cb72318135'  itemscope=\"itemscope\" itemtype=\"https:\/\/schema.org\/CreativeWork\" ><div class='avia_textblock'  itemprop=\"text\" ><h1>U\u017cywany samoch\u00f3d Ford Transit: wszystko, co musisz wiedzie\u0107<\/h1>\n<p>Szukasz pojazdu u\u017cytkowego? W takim razie Ford Transit jest jedn\u0105 z wielu opcji. Jest to wszechstronny pojazd, kt\u00f3ry przez lata zyska\u0142 doskona\u0142\u0105 reputacj\u0119 dzi\u0119ki swojej funkcjonalno\u015bci. Czytaj dalej i dowiedz si\u0119 wi\u0119cej o jego specyfikacjach i zaletach, aby\u015b m\u00f3g\u0142 podj\u0105\u0107 \u015bwiadom\u0105 decyzj\u0119.<\/p>\n<\/div><\/section>\n\n<style type=\"text\/css\" data-created_by=\"avia_inline_auto\" id=\"style-css-av-lujjddpd-afa3d7a9eabd61123e643ed1228e781e\">\n#top .hr.hr-invisible.av-lujjddpd-afa3d7a9eabd61123e643ed1228e781e{\nheight:50px;\n}\n<\/style>\n<div  class='hr av-lujjddpd-afa3d7a9eabd61123e643ed1228e781e hr-invisible  avia-builder-el-1  el_after_av_textblock  el_before_av_codeblock'><span class='hr-inner'><span class=\"hr-inner-style\"><\/span><\/span><\/div>\n\n\n<style type=\"text\/css\" data-created_by=\"avia_inline_auto\" id=\"style-css-av-ah0xd-63338d9dc6b40410e22a712829c369d6\">\n#top .hr.hr-invisible.av-ah0xd-63338d9dc6b40410e22a712829c369d6{\nheight:50px;\n}\n<\/style>\n<div  class='hr av-ah0xd-63338d9dc6b40410e22a712829c369d6 hr-invisible  avia-builder-el-3  el_after_av_codeblock  el_before_av_buttonrow'><span class='hr-inner'><span class=\"hr-inner-style\"><\/span><\/span><\/div>\n<div  class='avia-buttonrow-wrap av-lycy2l1u-efac69e9f010a0319d432a3a571c80d4 avia-buttonrow-center  avia-builder-el-4  el_after_av_hr  el_before_av_hr'>\n\n<style type=\"text\/css\" data-created_by=\"avia_inline_auto\" id=\"style-css-av-lycy2co6-8f2299fe1206a496ca2b75fca013669b\">\n#top #wrap_all .avia-button.av-lycy2co6-8f2299fe1206a496ca2b75fca013669b{\nmargin-bottom:5px;\nmargin-right:3px;\nmargin-left:3px;\n}\n<\/style>\n<a href='https:\/\/www.vdhurk.nl\/pl\/pojazdy-uzytkowe\/#HctBCoAwDETRu2QtHqCXKbWdRbSaMqmCiHe3uPwP_iM7uMXdCmrMiTR3UCFBOtPh2mUSYwGXe1ijrj5fYzFrf8SW2DWfVcFQ4FneDw'  class='avia-button av-lycy2co6-8f2299fe1206a496ca2b75fca013669b avia-icon_select-yes-right-icon avia-size-x-large avia-color-theme-color'  ><span class='avia_iconbox_title' >Ciekawi Ci\u0119 pe\u0142na gama pojazd\u00f3w u\u017cytkowych Ford Transit? Zapraszamy do zapoznania si\u0119!<\/span><span class='avia_button_icon avia_button_icon_right' aria-hidden='true' data-av_icon='\ue871' data-av_iconfont='entypo-fontello'><\/span><\/a>\n<\/div>\n\n<style type=\"text\/css\" data-created_by=\"avia_inline_auto\" id=\"style-css-av-5os5nsu-fdb3cafc4aea70f22b364d176f4b3a1b\">\n#top .hr.hr-invisible.av-5os5nsu-fdb3cafc4aea70f22b364d176f4b3a1b{\nheight:50px;\n}\n<\/style>\n<div  class='hr av-5os5nsu-fdb3cafc4aea70f22b364d176f4b3a1b hr-invisible  avia-builder-el-5  el_after_av_buttonrow  el_before_av_textblock'><span class='hr-inner'><span class=\"hr-inner-style\"><\/span><\/span><\/div>\n<section  class='av_textblock_section av-lu8gow1e-300853e458ed741bd87d6cb78e55cc7a'  itemscope=\"itemscope\" itemtype=\"https:\/\/schema.org\/CreativeWork\" ><div class='avia_textblock'  itemprop=\"text\" ><h2><b>Dlaczego modele Ford Transit s\u0105 popularne?<\/b><\/h2>\n<p>Ford Transit jest popularnym wyborem z kilku powod\u00f3w, zar\u00f3wno nowy, jak i u\u017cywany. G\u0142\u00f3wne powody, dla kt\u00f3rych ludzie wybieraj\u0105 ten model maj\u0105 zwi\u0105zek z:<\/p>\n<ul>\n<li><strong>Niezawodno\u015b\u0107 i trwa\u0142o\u015b\u0107:<\/strong> Model ten znany jest z solidnej konstrukcji i niezawodno\u015bci. Dzi\u0119ki temu pojazd ten nadaje si\u0119 do codziennego u\u017cytku, co jest wa\u017cne dla wielu organizacji i firm.<\/li>\n<li><strong>Wszechstronno\u015b\u0107<\/strong>Pojazd jest dost\u0119pny w r\u00f3\u017cnych wersjach. Oznacza to, \u017ce model ten nadaje si\u0119 do niemal ka\u017cdej potrzeby biznesowej: od transportu pasa\u017cerskiego po transport ci\u0119\u017ckich lub du\u017cych \u0142adunk\u00f3w.<\/li>\n<li><strong>Du\u017co miejsca:<\/strong> Jedn\u0105 z jego wielu zalet jest du\u017ca przestrze\u0144 \u0142adunkowa i wysoka \u0142adowno\u015b\u0107. Jest to idealne rozwi\u0105zanie dla firm, kt\u00f3re zajmuj\u0105 si\u0119 transportem materia\u0142\u00f3w i towar\u00f3w.<\/li>\n<li><strong>Wysoki komfort jazdy:<\/strong> Pomimo stosunkowo du\u017cych rozmiar\u00f3w, model ten oferuje wysoki komfort jazdy. Model posiada r\u00f3\u017cne funkcje bezpiecze\u0144stwa i wygodne fotele.<\/li>\n<li><strong>Efektywno\u015b\u0107 kosztowa<\/strong>U\u017cywany Ford Transit oferuje doskona\u0142y stosunek jako\u015bci do ceny. Okazje s\u0105 cz\u0119sto znacznie ta\u0144sze ni\u017c nowe modele, a jednocze\u015bnie nadal dzia\u0142aj\u0105 dobrze.<\/li>\n<li><strong>Efektywno\u015b\u0107 paliwowa<\/strong>Nowoczesne modele zosta\u0142y zaprojektowane z my\u015bl\u0105 o wydajno\u015bci. Dost\u0119pne silniki oferuj\u0105 dobr\u0105 r\u00f3wnowag\u0119 mi\u0119dzy moc\u0105 a zu\u017cyciem paliwa. Pomaga to obni\u017cy\u0107 koszty operacyjne.<\/li>\n<\/ul>\n<p>Wszystkie te czynniki przyczyniaj\u0105 si\u0119 do popularno\u015bci tego pojazdu.<\/p>\n<\/div><\/section>\n<div class='flex_column av-f64w1-da126f42b61613402309283c14245a25 av_one_half  avia-builder-el-7  el_after_av_textblock  el_before_av_one_third  first flex_column_div column-top-margin'   ><section  class='av_textblock_section av-lu8gpqre-73cc2c17e6a6497ba6e1b58af22bd9e8'  itemscope=\"itemscope\" itemtype=\"https:\/\/schema.org\/CreativeWork\" ><div class='avia_textblock'  itemprop=\"text\" ><h2>Urz\u0105dzenia zabezpieczaj\u0105ce<\/h2>\n<p>Ford Transit ma kilka funkcji bezpiecze\u0144stwa, kt\u00f3re chroni\u0105 zar\u00f3wno kierowc\u0119, jak i pasa\u017cer\u00f3w. Na przyk\u0142ad, model ten posiada adaptacyjny tempomat. System ten automatycznie dostosowuje pr\u0119dko\u015b\u0107, aby utrzyma\u0107 bezpieczn\u0105 odleg\u0142o\u015b\u0107 od poprzedzaj\u0105cego pojazdu. Ponadto pojazd ten posiada asystenta pasa ruchu. Pomaga on pozosta\u0107 na pasie ruchu. Ponadto, kierowca mo\u017ce skorzysta\u0107 z automatycznego hamowania awaryjnego. Jest to system wykrywaj\u0105cy potencjalne kolizje z innymi pojazdami lub pieszymi. Dzi\u0119ki temu mo\u017cna zapobiec wypadkom. Pojazd ma r\u00f3wnie\u017c inne funkcje bezpiecze\u0144stwa, takie jak ostrze\u017cenie o martwym polu, poduszki powietrzne i inne.<\/p>\n<\/div><\/section><\/div><div class='flex_column av-aldk9-ee694297f5c4032981677a02caab84d6 av_one_third  avia-builder-el-9  el_after_av_one_half  el_before_av_hr  flex_column_div column-top-margin'   ><style type=\"text\/css\" data-created_by=\"avia_inline_auto\" id=\"style-css-av-l1w9kpsf-4ec3fab772ec7a9adaa33cfc64ff0475\">\n.avia-image-container.av-l1w9kpsf-4ec3fab772ec7a9adaa33cfc64ff0475 .av-image-caption-overlay-center{\ncolor:#ffffff;\n}\n<\/style>\n<div  class='avia-image-container av-l1w9kpsf-4ec3fab772ec7a9adaa33cfc64ff0475 av-styling- avia-align-center  avia-builder-el-10  avia-builder-el-no-sibling'  itemprop=\"image\" itemscope=\"itemscope\" itemtype=\"https:\/\/schema.org\/ImageObject\" ><div class=\"avia-image-container-inner\"><div class=\"avia-image-overlay-wrap\"><img decoding=\"async\" class='wp-image-187 avia-img-lazy-loading-not-187 avia_image' src=\"https:\/\/www.vdhurk.nl\/wp-content\/uploads\/2022\/03\/Voorrad.png\" alt='' title='Stock'  height=\"758\" width=\"1135\"  itemprop=\"thumbnailUrl\" srcset=\"https:\/\/www.vdhurk.nl\/wp-content\/uploads\/2022\/03\/Voorrad.png 1135w, https:\/\/www.vdhurk.nl\/wp-content\/uploads\/2022\/03\/Voorrad-300x200.png 300w, https:\/\/www.vdhurk.nl\/wp-content\/uploads\/2022\/03\/Voorrad-1030x688.png 1030w, https:\/\/www.vdhurk.nl\/wp-content\/uploads\/2022\/03\/Voorrad-768x513.png 768w, https:\/\/www.vdhurk.nl\/wp-content\/uploads\/2022\/03\/Voorrad-18x12.png 18w, https:\/\/www.vdhurk.nl\/wp-content\/uploads\/2022\/03\/Voorrad-705x471.png 705w\" sizes=\"(max-width: 1135px) 100vw, 1135px\" \/><\/div><\/div><\/div><\/div><\/p>\n\n<style type=\"text\/css\" data-created_by=\"avia_inline_auto\" id=\"style-css-av-luqrjpjc-5a23a1fb5f94718ca85316a9df963e2f\">\n#top .hr.hr-invisible.av-luqrjpjc-5a23a1fb5f94718ca85316a9df963e2f{\nheight:50px;\n}\n<\/style>\n<div  class='hr av-luqrjpjc-5a23a1fb5f94718ca85316a9df963e2f hr-invisible  avia-builder-el-11  el_after_av_one_third  el_before_av_textblock'><span class='hr-inner'><span class=\"hr-inner-style\"><\/span><\/span><\/div>\n<section  class='av_textblock_section av-lu8gtjw7-4f3cee9304909518d86d2860d9d582dd'  itemscope=\"itemscope\" itemtype=\"https:\/\/schema.org\/CreativeWork\" ><div class='avia_textblock'  itemprop=\"text\" ><h2><b>Specyfikacja i funkcje<\/b><\/h2>\n<p>Istniej\u0105 r\u00f3\u017cne typy modeli Transit. Pomy\u015blmy na przyk\u0142ad o uci\u0105gu 2800 kg, 4 typach dla wysokiej masy ca\u0142kowitej, manualnym lub automatycznym, nap\u0119dzie na przednie lub tylne ko\u0142a, od L2H2 do L4H3. W ten spos\u00f3b ka\u017cdy znajdzie co\u015b dla siebie i zawsze znajdzie typ, kt\u00f3ry spe\u0142ni jego oczekiwania.<\/p>\n<h2><b>Ford Transit: dost\u0119pny u\u017cywany i nowy<\/b><\/h2>\n<p>W zale\u017cno\u015bci od potrzeb biznesowych mo\u017cna sprawdzi\u0107, czy nowy model czy u\u017cywany pojazd u\u017cytkowy oferuje najwi\u0119cej korzy\u015bci. Nowy model cz\u0119sto wprowadza nowsze funkcje, ale cz\u0119sto wi\u0105\u017ce si\u0119 to r\u00f3wnie\u017c z wy\u017csz\u0105 cen\u0105. Z drugiej strony oferujemy u\u017cywane pojazdy u\u017cytkowe, kt\u00f3re s\u0105 cz\u0119sto atrakcyjn\u0105 opcj\u0105 ze wzgl\u0119du na ni\u017csz\u0105 cen\u0119. Wyb\u00f3r mi\u0119dzy nowymi a u\u017cywanymi modelami zale\u017cy od kilku czynnik\u00f3w, takich jak bud\u017cet, potrzeby operacyjne i po\u017c\u0105dana \u017cywotno\u015b\u0107. Nie jeste\u015b pewien, kt\u00f3ry wyb\u00f3r jest dla Ciebie najlepszy? Ch\u0119tnie pomo\u017cemy.<\/p>\n<h2><b>Mo\u017cliwo\u015b\u0107 wzi\u0119cia w leasing Forda Transit<\/b><\/h2>\n<p>Mo\u017cesz oczywi\u015bcie zdecydowa\u0107 si\u0119 na zakup Forda Transita, ale w Van den Hurk oferujemy r\u00f3wnie\u017c <a href=\"https:\/\/www.vdhurk.nl\/pl\/leasing-finansowy\/\">leasing finansowy<\/a> do. Pozwala to firmom roz\u0142o\u017cy\u0107 koszt pojazdu u\u017cytkowego na d\u0142u\u017cszy okres czasu, dzi\u0119ki czemu nie musz\u0105 one dokonywa\u0107 du\u017cej inwestycji za jednym razem. Rozwa\u017casz skorzystanie z leasingu finansowego? W takim razie z przyjemno\u015bci\u0105 udzielimy Ci porady dostosowanej do Twoich potrzeb. Dzi\u0119ki temu b\u0119dziesz mie\u0107 pewno\u015b\u0107, \u017ce dokonujesz najlepszego wyboru.<\/p>\n<h2><b>Wybierz niezawodny pojazd<\/b><\/h2>\n<p>Ford Transit pozostaje dobrym wyborem w\u015br\u00f3d firm ze wzgl\u0119du na swoj\u0105 wszechstronno\u015b\u0107 i funkcje zapewniaj\u0105ce zar\u00f3wno komfort, jak i bezpiecze\u0144stwo. Niezale\u017cnie od tego, czy zdecydujesz si\u0119 na nowy, czy u\u017cywany model, w Van den Hurk jeste\u015bmy gotowi pom\u00f3c Ci znale\u017a\u0107 idealny pojazd dla Twoich potrzeb biznesowych.<\/p>\n<\/div><\/section>","protected":false},"excerpt":{"rendered":"","protected":false},"author":3,"featured_media":0,"parent":513,"menu_order":0,"comment_status":"closed","ping_status":"closed","template":"","meta":{"_acf_changed":false,"_improvement_type_select":"improve_an_existing","_thumb_yes_seoaic":false,"_frame_yes_seoaic":false,"seoaic_generate_description":"","seoaic_improve_instructions_prompt":"","seoaic_rollback_content_improvement":"","seoaic_idea_thumbnail_generator":"","thumbnail_generated":false,"thumbnail_generate_prompt":"","seoaic_article_description":"","footnotes":""},"class_list":["post-397524","page","type-page","status-publish","hentry"],"acf":[],"yoast_head":"<!-- This site is optimized with the Yoast SEO plugin v27.5 - https:\/\/yoast.com\/product\/yoast-seo-wordpress\/ -->\n<title>Ontdek alles over de Ford Transit occasion<\/title>\n<meta name=\"description\" content=\"Op zoek naar een bedrijfswagen? Dan is de Ford Transit ocassion een uitstekende optie. Ontdek de specificaties van dit model en kijk of het geschikt is.\" \/>\n<meta name=\"robots\" content=\"index, follow, max-snippet:-1, max-image-preview:large, max-video-preview:-1\" \/>\n<link rel=\"canonical\" href=\"https:\/\/www.vdhurk.nl\/pl\/pojazdy-uzytkowe-ford\/tranzyt\/\" \/>\n<meta property=\"og:locale\" content=\"pl_PL\" \/>\n<meta property=\"og:type\" content=\"article\" \/>\n<meta property=\"og:title\" content=\"Ontdek alles over de Ford Transit occasion\" \/>\n<meta property=\"og:description\" content=\"Op zoek naar een bedrijfswagen? Dan is de Ford Transit ocassion een uitstekende optie. Ontdek de specificaties van dit model en kijk of het geschikt is.\" \/>\n<meta property=\"og:url\" content=\"https:\/\/www.vdhurk.nl\/pl\/pojazdy-uzytkowe-ford\/tranzyt\/\" \/>\n<meta property=\"og:site_name\" content=\"Van den Hurk Bedrijfswagens\" \/>\n<meta name=\"twitter:card\" content=\"summary_large_image\" \/>\n<meta name=\"twitter:label1\" content=\"Szacowany czas czytania\" \/>\n\t<meta name=\"twitter:data1\" content=\"6 minut\" \/>\n<script type=\"application\/ld+json\" class=\"yoast-schema-graph\">{\"@context\":\"https:\\\/\\\/schema.org\",\"@graph\":[{\"@type\":\"WebPage\",\"@id\":\"https:\\\/\\\/www.vdhurk.nl\\\/ford-bedrijfswagens\\\/transit\\\/\",\"url\":\"https:\\\/\\\/www.vdhurk.nl\\\/ford-bedrijfswagens\\\/transit\\\/\",\"name\":\"Ontdek alles over de Ford Transit occasion\",\"isPartOf\":{\"@id\":\"https:\\\/\\\/www.vdhurk.nl\\\/#website\"},\"datePublished\":\"2024-08-01T13:19:48+00:00\",\"description\":\"Op zoek naar een bedrijfswagen? Dan is de Ford Transit ocassion een uitstekende optie. Ontdek de specificaties van dit model en kijk of het geschikt is.\",\"breadcrumb\":{\"@id\":\"https:\\\/\\\/www.vdhurk.nl\\\/ford-bedrijfswagens\\\/transit\\\/#breadcrumb\"},\"inLanguage\":\"pl-PL\",\"potentialAction\":[{\"@type\":\"ReadAction\",\"target\":[\"https:\\\/\\\/www.vdhurk.nl\\\/ford-bedrijfswagens\\\/transit\\\/\"]}]},{\"@type\":\"BreadcrumbList\",\"@id\":\"https:\\\/\\\/www.vdhurk.nl\\\/ford-bedrijfswagens\\\/transit\\\/#breadcrumb\",\"itemListElement\":[{\"@type\":\"ListItem\",\"position\":1,\"name\":\"Home\",\"item\":\"https:\\\/\\\/www.vdhurk.nl\\\/home\\\/\"},{\"@type\":\"ListItem\",\"position\":2,\"name\":\"Ford Bedrijfswagens\",\"item\":\"https:\\\/\\\/www.vdhurk.nl\\\/ford-bedrijfswagens\\\/\"},{\"@type\":\"ListItem\",\"position\":3,\"name\":\"Ford Transit\"}]},{\"@type\":\"WebSite\",\"@id\":\"https:\\\/\\\/www.vdhurk.nl\\\/#website\",\"url\":\"https:\\\/\\\/www.vdhurk.nl\\\/\",\"name\":\"Van den Hurk Bedrijfswagens\",\"description\":\"Van den Hurk bedrijfswagens Helmond\",\"potentialAction\":[{\"@type\":\"SearchAction\",\"target\":{\"@type\":\"EntryPoint\",\"urlTemplate\":\"https:\\\/\\\/www.vdhurk.nl\\\/?s={search_term_string}\"},\"query-input\":{\"@type\":\"PropertyValueSpecification\",\"valueRequired\":true,\"valueName\":\"search_term_string\"}}],\"inLanguage\":\"pl-PL\"}]}<\/script>\n<!-- \/ Yoast SEO plugin. -->","yoast_head_json":{"title":"Dowiedz si\u0119 wi\u0119cej o u\u017cywanym samochodzie Ford Transit","description":"Szukasz pojazdu u\u017cytkowego? W takim razie Ford Transit ocassion jest doskona\u0142\u0105 opcj\u0105. Zapoznaj si\u0119 ze specyfikacj\u0105 tego modelu i sprawd\u017a, czy jest odpowiedni.","robots":{"index":"index","follow":"follow","max-snippet":"max-snippet:-1","max-image-preview":"max-image-preview:large","max-video-preview":"max-video-preview:-1"},"canonical":"https:\/\/www.vdhurk.nl\/pl\/pojazdy-uzytkowe-ford\/tranzyt\/","og_locale":"pl_PL","og_type":"article","og_title":"Ontdek alles over de Ford Transit occasion","og_description":"Op zoek naar een bedrijfswagen? Dan is de Ford Transit ocassion een uitstekende optie. Ontdek de specificaties van dit model en kijk of het geschikt is.","og_url":"https:\/\/www.vdhurk.nl\/pl\/pojazdy-uzytkowe-ford\/tranzyt\/","og_site_name":"Van den Hurk Bedrijfswagens","twitter_card":"summary_large_image","twitter_misc":{"Szacowany czas czytania":"6 minut"},"schema":{"@context":"https:\/\/schema.org","@graph":[{"@type":"WebPage","@id":"https:\/\/www.vdhurk.nl\/ford-bedrijfswagens\/transit\/","url":"https:\/\/www.vdhurk.nl\/ford-bedrijfswagens\/transit\/","name":"Dowiedz si\u0119 wi\u0119cej o u\u017cywanym samochodzie Ford Transit","isPartOf":{"@id":"https:\/\/www.vdhurk.nl\/#website"},"datePublished":"2024-08-01T13:19:48+00:00","description":"Szukasz pojazdu u\u017cytkowego? W takim razie Ford Transit ocassion jest doskona\u0142\u0105 opcj\u0105. Zapoznaj si\u0119 ze specyfikacj\u0105 tego modelu i sprawd\u017a, czy jest odpowiedni.","breadcrumb":{"@id":"https:\/\/www.vdhurk.nl\/ford-bedrijfswagens\/transit\/#breadcrumb"},"inLanguage":"pl-PL","potentialAction":[{"@type":"ReadAction","target":["https:\/\/www.vdhurk.nl\/ford-bedrijfswagens\/transit\/"]}]},{"@type":"BreadcrumbList","@id":"https:\/\/www.vdhurk.nl\/ford-bedrijfswagens\/transit\/#breadcrumb","itemListElement":[{"@type":"ListItem","position":1,"name":"Home","item":"https:\/\/www.vdhurk.nl\/home\/"},{"@type":"ListItem","position":2,"name":"Ford Bedrijfswagens","item":"https:\/\/www.vdhurk.nl\/ford-bedrijfswagens\/"},{"@type":"ListItem","position":3,"name":"Ford Transit"}]},{"@type":"WebSite","@id":"https:\/\/www.vdhurk.nl\/#website","url":"https:\/\/www.vdhurk.nl\/","name":"Van den Hurk - pojazdy u\u017cytkowe","description":"Van den Hurk pojazdy u\u017cytkowe Helmond","potentialAction":[{"@type":"SearchAction","target":{"@type":"EntryPoint","urlTemplate":"https:\/\/www.vdhurk.nl\/?s={search_term_string}"},"query-input":{"@type":"PropertyValueSpecification","valueRequired":true,"valueName":"search_term_string"}}],"inLanguage":"pl-PL"}]}},"_links":{"self":[{"href":"https:\/\/www.vdhurk.nl\/pl\/wp-json\/wp\/v2\/pages\/397524","targetHints":{"allow":["GET"]}}],"collection":[{"href":"https:\/\/www.vdhurk.nl\/pl\/wp-json\/wp\/v2\/pages"}],"about":[{"href":"https:\/\/www.vdhurk.nl\/pl\/wp-json\/wp\/v2\/types\/page"}],"author":[{"embeddable":true,"href":"https:\/\/www.vdhurk.nl\/pl\/wp-json\/wp\/v2\/users\/3"}],"replies":[{"embeddable":true,"href":"https:\/\/www.vdhurk.nl\/pl\/wp-json\/wp\/v2\/comments?post=397524"}],"version-history":[{"count":2,"href":"https:\/\/www.vdhurk.nl\/pl\/wp-json\/wp\/v2\/pages\/397524\/revisions"}],"predecessor-version":[{"id":397526,"href":"https:\/\/www.vdhurk.nl\/pl\/wp-json\/wp\/v2\/pages\/397524\/revisions\/397526"}],"up":[{"embeddable":true,"href":"https:\/\/www.vdhurk.nl\/pl\/wp-json\/wp\/v2\/pages\/513"}],"wp:attachment":[{"href":"https:\/\/www.vdhurk.nl\/pl\/wp-json\/wp\/v2\/media?parent=397524"}],"curies":[{"name":"wp","href":"https:\/\/api.w.org\/{rel}","templated":true}]}}