{"id":393643,"date":"2024-07-08T14:24:33","date_gmt":"2024-07-08T12:24:33","guid":{"rendered":"https:\/\/www.vdhurk.nl\/?page_id=393643"},"modified":"2024-07-08T14:24:33","modified_gmt":"2024-07-08T12:24:33","slug":"mercedes-14","status":"publish","type":"page","link":"https:\/\/www.vdhurk.nl\/pl\/volkswagen-bedrijfswagens\/transporter\/","title":{"rendered":"Volkswagen Transporter"},"content":{"rendered":"<section  class='av_textblock_section av-lu8gnh7d-4ac895489941e586c1d7c8cb72318135'  itemscope=\"itemscope\" itemtype=\"https:\/\/schema.org\/CreativeWork\" ><div class='avia_textblock'  itemprop=\"text\" ><h1>Wszystko, co chcia\u0142by\u015b wiedzie\u0107 o Volkswagen Transporter z tej okazji<\/h1>\n<p>W \u015bwiecie pojazd\u00f3w u\u017cytkowych popularnym wyborem jest Volkswagen Transporter. Od lat model ten znany jest ze swojej niezawodno\u015bci i wszechstronno\u015bci. Ze wzgl\u0119du na solidn\u0105 jako\u015b\u0107, model ten imponuje nie tylko wygl\u0105dem, ale tak\u017ce praktycznymi funkcjami. Dzi\u0119ki temu ten pojazd u\u017cytkowy doskonale nadaje si\u0119 do u\u017cytku biznesowego. Nawet je\u015bli du\u017co podr\u00f3\u017cujesz, ten model jest doskona\u0142ym wyborem.<\/p>\n<\/div><\/section>\n\n<style type=\"text\/css\" data-created_by=\"avia_inline_auto\" id=\"style-css-av-lujjddpd-afa3d7a9eabd61123e643ed1228e781e\">\n#top .hr.hr-invisible.av-lujjddpd-afa3d7a9eabd61123e643ed1228e781e{\nheight:50px;\n}\n<\/style>\n<div  class='hr av-lujjddpd-afa3d7a9eabd61123e643ed1228e781e hr-invisible  avia-builder-el-1  el_after_av_textblock  el_before_av_codeblock'><span class='hr-inner'><span class=\"hr-inner-style\"><\/span><\/span><\/div>\n\n\n<style type=\"text\/css\" data-created_by=\"avia_inline_auto\" id=\"style-css-av-82y21t7-4622d153891c0528813f731a57d2f010\">\n#top .hr.hr-invisible.av-82y21t7-4622d153891c0528813f731a57d2f010{\nheight:50px;\n}\n<\/style>\n<div  class='hr av-82y21t7-4622d153891c0528813f731a57d2f010 hr-invisible  avia-builder-el-3  el_after_av_codeblock  el_before_av_buttonrow'><span class='hr-inner'><span class=\"hr-inner-style\"><\/span><\/span><\/div>\n<div  class='avia-buttonrow-wrap av-lycyeosk-3a5d84609b38731678ab01a141ddd2c6 avia-buttonrow-center  avia-builder-el-4  el_after_av_hr  el_before_av_hr'>\n\n<style type=\"text\/css\" data-created_by=\"avia_inline_auto\" id=\"style-css-av-lycyehd9-8b81d1ba0c97b1c601641cfcf82e6f50\">\n#top #wrap_all .avia-button.av-lycyehd9-8b81d1ba0c97b1c601641cfcf82e6f50{\nmargin-bottom:5px;\nmargin-right:3px;\nmargin-left:3px;\n}\n<\/style>\n<a href='https:\/\/www.vdhurk.nl\/pl\/pojazdy-uzytkowe\/#HcxRCoAgEEXRrcR8RwtoM2L6CEsbeWNFRHsv-rxwuLcUcHVFI7ILnlQzMEFGOTSvdvoZW9foN6vKBkovyghO10cq02LD8R1U6x-uerYU9pzAMcKCPC8'  class='avia-button av-lycyehd9-8b81d1ba0c97b1c601641cfcf82e6f50 avia-icon_select-yes-right-icon avia-size-x-large avia-color-theme-color'  ><span class='avia_iconbox_title' >Ciekawi Ci\u0119 pe\u0142na gama pojazd\u00f3w u\u017cytkowych Volkswagen Transporter? Zapraszamy do zapoznania si\u0119!<\/span><span class='avia_button_icon avia_button_icon_right' aria-hidden='true' data-av_icon='\ue871' data-av_iconfont='entypo-fontello'><\/span><\/a>\n<\/div>\n\n<style type=\"text\/css\" data-created_by=\"avia_inline_auto\" id=\"style-css-av-ah0xd-63338d9dc6b40410e22a712829c369d6\">\n#top .hr.hr-invisible.av-ah0xd-63338d9dc6b40410e22a712829c369d6{\nheight:50px;\n}\n<\/style>\n<div  class='hr av-ah0xd-63338d9dc6b40410e22a712829c369d6 hr-invisible  avia-builder-el-5  el_after_av_buttonrow  el_before_av_textblock'><span class='hr-inner'><span class=\"hr-inner-style\"><\/span><\/span><\/div>\n<section  class='av_textblock_section av-lu8gow1e-300853e458ed741bd87d6cb78e55cc7a'  itemscope=\"itemscope\" itemtype=\"https:\/\/schema.org\/CreativeWork\" ><div class='avia_textblock'  itemprop=\"text\" ><h2>6 powod\u00f3w, dla kt\u00f3rych przedsi\u0119biorcy kupuj\u0105 Volkswagena Transportera<\/h2>\n<p>Jako dealer Volkswagena Transportera wiemy, \u017ce model ten jest popularny w zastosowaniach biznesowych. Popularno\u015b\u0107 tego modelu wynika cz\u0119\u015bciowo z:<\/p>\n<ul>\n<li><strong>Wszechstronno\u015b\u0107<\/strong>Ten model zosta\u0142 zaprojektowany z my\u015bl\u0105 o r\u00f3\u017cnych potrzebach biznesowych. Na przyk\u0142ad pojazd u\u017cytkowy nadaje si\u0119 do transportu towar\u00f3w i os\u00f3b. Transporter oferuje rozwi\u0105zania dla r\u00f3\u017cnych zastosowa\u0144.<\/li>\n<li><strong>Solidna jako\u015b\u0107 wykonania<\/strong>Transporter jest znany ze swojej solidnej konstrukcji i trwa\u0142o\u015bci. Model zosta\u0142 zaprojektowany tak, aby wytrzyma\u0107 du\u017ce obci\u0105\u017cenia. Dzi\u0119ki temu pojazd u\u017cytkowy jest niezawodny w r\u00f3\u017cnych warunkach.<\/li>\n<li><strong>Pot\u0119\u017cna wydajno\u015b\u0107<\/strong>Volkswageny s\u0105 znane z mocnych i wydajnych silnik\u00f3w. Sprawia to, \u017ce pojazdy s\u0105 p\u0142ynne i responsywne nawet przy du\u017cych obci\u0105\u017ceniach. Modele s\u0105 zaprojektowane tak, aby by\u0142y ekonomiczne, a jednocze\u015bnie zapewnia\u0142y wystarczaj\u0105c\u0105 moc do r\u00f3\u017cnych zastosowa\u0144.<\/li>\n<li><strong>Wygodne u\u017cytkowanie<\/strong>Wn\u0119trze modelu zosta\u0142o zaprojektowane z my\u015bl\u0105 o komforcie i wygodzie. Obejmuje ono ergonomiczne fotele, przemy\u015blane rozwi\u0105zania w zakresie przechowywania i zaawansowane funkcje technologiczne. W rezultacie model ten oferuje przyjemne wra\u017cenia z jazdy dla wszystkich kierowc\u00f3w i pasa\u017cer\u00f3w.<\/li>\n<li><strong>Technologia<\/strong>Ten model zosta\u0142 zaprojektowany z szeregiem funkcji technologicznych. Obejmuj\u0105 one systemy informacyjno-rozrywkowe, systemy wspomagania kierowcy i opcje \u0142\u0105czno\u015bci. Technologie te zapewniaj\u0105 popraw\u0119 komfortu i wygody oraz przyczyniaj\u0105 si\u0119 do zwi\u0119kszenia bezpiecze\u0144stwa pojazdu.<br \/>\n<strong>Urz\u0105dzenia zabezpieczaj\u0105ce<\/strong>Marka przywi\u0105zuje du\u017c\u0105 wag\u0119 do bezpiecze\u0144stwa. Na przyk\u0142ad opracowa\u0142a takie funkcje, jak zaawansowany asystent hamowania, adaptacyjny tempomat i wiele innych. S\u0105 to funkcje, kt\u00f3re pomagaj\u0105 wspiera\u0107 kierowc\u0119 i zapewniaj\u0105 bezpiecze\u0144stwo pasa\u017cer\u00f3w, nawet w wymagaj\u0105cych warunkach.<\/li>\n<\/ul>\n<p>Wszystkie te cechy sprawiaj\u0105, \u017ce modele Volkswagen Transporter s\u0105 popularnym wyborem do cel\u00f3w biznesowych.<\/p>\n<\/div><\/section>\n<div class='flex_column av-f64w1-da126f42b61613402309283c14245a25 av_one_half  avia-builder-el-7  el_after_av_textblock  el_before_av_one_third  first flex_column_div column-top-margin'   ><section  class='av_textblock_section av-lu8gpqre-73cc2c17e6a6497ba6e1b58af22bd9e8'  itemscope=\"itemscope\" itemtype=\"https:\/\/schema.org\/CreativeWork\" ><div class='avia_textblock'  itemprop=\"text\" ><h2><b>Dlaczego warto wybra\u0107 model u\u017cywany?<\/b><\/h2>\n<p>W naszej ofercie znajdziesz Volkswagena Transportera z drugiej r\u0119ki, kt\u00f3ry dzia\u0142a prawid\u0142owo. Pomimo tego, \u017ce nasze modele by\u0142y wcze\u015bniej u\u017cywane, robi\u0105 dok\u0142adnie to, co powinny. Co wi\u0119cej, u\u017cywany model zapewnia wiele korzy\u015bci, pocz\u0105wszy od oszcz\u0119dno\u015bci koszt\u00f3w. Og\u00f3lnie rzecz bior\u0105c, u\u017cywane modele s\u0105 ta\u0144sze ni\u017c nowe. Mo\u017cna wi\u0119c sporo zaoszcz\u0119dzi\u0107 na cenie zakupu. Ponadto nowe pojazdy szybko trac\u0105 na warto\u015bci. U\u017cywany Transporter pozwala unikn\u0105\u0107 znacznego spadku warto\u015bci.<\/p>\n<\/div><\/section><\/div>\n<div class='flex_column av-aldk9-ee694297f5c4032981677a02caab84d6 av_one_third  avia-builder-el-9  el_after_av_one_half  el_before_av_hr  flex_column_div column-top-margin'   ><style type=\"text\/css\" data-created_by=\"avia_inline_auto\" id=\"style-css-av-l1w9kpsf-4ec3fab772ec7a9adaa33cfc64ff0475\">\n.avia-image-container.av-l1w9kpsf-4ec3fab772ec7a9adaa33cfc64ff0475 .av-image-caption-overlay-center{\ncolor:#ffffff;\n}\n<\/style>\n<div  class='avia-image-container av-l1w9kpsf-4ec3fab772ec7a9adaa33cfc64ff0475 av-styling- avia-align-center  avia-builder-el-10  avia-builder-el-no-sibling'  itemprop=\"image\" itemscope=\"itemscope\" itemtype=\"https:\/\/schema.org\/ImageObject\" ><div class=\"avia-image-container-inner\"><div class=\"avia-image-overlay-wrap\"><img decoding=\"async\" class='wp-image-187 avia-img-lazy-loading-not-187 avia_image' src=\"https:\/\/www.vdhurk.nl\/wp-content\/uploads\/2022\/03\/Voorrad.png\" alt='' title='Stock'  height=\"758\" width=\"1135\"  itemprop=\"thumbnailUrl\" srcset=\"https:\/\/www.vdhurk.nl\/wp-content\/uploads\/2022\/03\/Voorrad.png 1135w, https:\/\/www.vdhurk.nl\/wp-content\/uploads\/2022\/03\/Voorrad-300x200.png 300w, https:\/\/www.vdhurk.nl\/wp-content\/uploads\/2022\/03\/Voorrad-1030x688.png 1030w, https:\/\/www.vdhurk.nl\/wp-content\/uploads\/2022\/03\/Voorrad-768x513.png 768w, https:\/\/www.vdhurk.nl\/wp-content\/uploads\/2022\/03\/Voorrad-18x12.png 18w, https:\/\/www.vdhurk.nl\/wp-content\/uploads\/2022\/03\/Voorrad-705x471.png 705w\" sizes=\"(max-width: 1135px) 100vw, 1135px\" \/><\/div><\/div><\/div><\/div>\n\n<style type=\"text\/css\" data-created_by=\"avia_inline_auto\" id=\"style-css-av-luqrjpjc-5a23a1fb5f94718ca85316a9df963e2f\">\n#top .hr.hr-invisible.av-luqrjpjc-5a23a1fb5f94718ca85316a9df963e2f{\nheight:50px;\n}\n<\/style>\n<div  class='hr av-luqrjpjc-5a23a1fb5f94718ca85316a9df963e2f hr-invisible  avia-builder-el-11  el_after_av_one_third  el_before_av_textblock'><span class='hr-inner'><span class=\"hr-inner-style\"><\/span><\/span><\/div>\n<section  class='av_textblock_section av-lu8gtjw7-4f3cee9304909518d86d2860d9d582dd'  itemscope=\"itemscope\" itemtype=\"https:\/\/schema.org\/CreativeWork\" ><div class='avia_textblock'  itemprop=\"text\" ><h2>Leasing Volkswagena Transportera<\/h2>\n<p>W Van den Hurk oferujemy wi\u0119cej opcji ni\u017c tylko zakup pojazd\u00f3w u\u017cytkowych. Mo\u017cna je r\u00f3wnie\u017c wzi\u0105\u0107 w leasing. Jest to specjalnie zaprojektowane dla u\u017cytkownik\u00f3w biznesowych, kt\u00f3rym zale\u017cy na bezpiecze\u0144stwie. Zalet\u0105 <a href=\"https:\/\/www.vdhurk.nl\/pl\/leasing-finansowy\/#top\">leasing samochod\u00f3w s\u0142u\u017cbowych<\/a> jest to, \u017ce nie musisz korzysta\u0107 z w\u0142asnych zasob\u00f3w finansowych. Dzieje si\u0119 tak, poniewa\u017c finansowanie jest oddzielone od innych \u017ar\u00f3de\u0142 finansowania dzia\u0142alno\u015bci. Chcesz dowiedzie\u0107 si\u0119 wi\u0119cej o leasingu? Ch\u0119tnie opowiemy wi\u0119cej.<\/p>\n<h2><b>Historia tego modelu<\/b><\/h2>\n<h3><b>Punkt pocz\u0105tkowy transportera<\/b><\/h3>\n<p>Historia Volkswagena Transportera to historia innowacji, wszechstronno\u015bci i trwa\u0142o\u015bci, si\u0119gaj\u0105ca XX wieku. W tym czasie Volkswagen dostrzeg\u0142 potrzeb\u0119 stworzenia wszechstronnego pojazdu u\u017cytkowego, kt\u00f3ry m\u00f3g\u0142by zaspokoi\u0107 rosn\u0105ce zapotrzebowanie na opcje transportu. Nast\u0119pnie pojazd szybko sta\u0142 si\u0119 popularnym modelem.<\/p>\n<h3><b>Rozw\u00f3j w kolejnych latach<\/b><\/h3>\n<p>Po narodzinach Volkswagena Transportera nast\u0105pi\u0142o wiele ewolucji i ulepsze\u0144. Opracowywano nowe modele, aby nad\u0105\u017cy\u0107 za zmieniaj\u0105cymi si\u0119 wymaganiami rynku i post\u0119pem technologicznym. W rezultacie modele te pozosta\u0142y popularne w\u015br\u00f3d u\u017cytkownik\u00f3w biznesowych.<\/p>\n<h3><strong>Samoch\u00f3d s\u0142u\u017cbowy dzisiaj<\/strong><\/h3>\n<p>Dzi\u015b Volkswagen Transporter pozostaje jednym z ulubionych samochod\u00f3w os\u00f3b w ka\u017cdym wieku i z r\u00f3\u017cnych \u015brodowisk. Przedsi\u0119biorcy wybieraj\u0105 ten model, poniewa\u017c jest to niezawodny wyb\u00f3r d\u0142ugoterminowy. Dzi\u0119ki bogatej historii model ten pozostaje ikon\u0105 mobilno\u015bci i wolno\u015bci.<\/p>\n<\/div><\/section>","protected":false},"excerpt":{"rendered":"","protected":false},"author":3,"featured_media":0,"parent":372079,"menu_order":0,"comment_status":"closed","ping_status":"closed","template":"","meta":{"_acf_changed":false,"_improvement_type_select":"improve_an_existing","_thumb_yes_seoaic":false,"_frame_yes_seoaic":false,"seoaic_generate_description":"","seoaic_improve_instructions_prompt":"","seoaic_rollback_content_improvement":"","seoaic_idea_thumbnail_generator":"","thumbnail_generated":false,"thumbnail_generate_prompt":"","seoaic_article_description":"","footnotes":""},"class_list":["post-393643","page","type-page","status-publish","hentry"],"acf":[],"yoast_head":"<!-- This site is optimized with the Yoast SEO plugin v27.2 - https:\/\/yoast.com\/product\/yoast-seo-wordpress\/ -->\n<title>Vind jouw geschikte Volkswagen Transporter occasion<\/title>\n<meta name=\"description\" content=\"Op zoek naar een goed werkende Volkswagen Transporter occasion? Bekijk dan ons actuele aanbod en ontdek de verschillende mogelijkheden.\" \/>\n<meta name=\"robots\" content=\"index, follow, max-snippet:-1, max-image-preview:large, max-video-preview:-1\" \/>\n<link rel=\"canonical\" href=\"https:\/\/www.vdhurk.nl\/pl\/mercedes-13\/mercedes-14\/\" \/>\n<meta property=\"og:locale\" content=\"pl_PL\" \/>\n<meta property=\"og:type\" content=\"article\" \/>\n<meta property=\"og:title\" content=\"Vind jouw geschikte Volkswagen Transporter occasion\" \/>\n<meta property=\"og:description\" content=\"Op zoek naar een goed werkende Volkswagen Transporter occasion? Bekijk dan ons actuele aanbod en ontdek de verschillende mogelijkheden.\" \/>\n<meta property=\"og:url\" content=\"https:\/\/www.vdhurk.nl\/pl\/mercedes-13\/mercedes-14\/\" \/>\n<meta property=\"og:site_name\" content=\"Van den Hurk Bedrijfswagens\" \/>\n<meta name=\"twitter:card\" content=\"summary_large_image\" \/>\n<meta name=\"twitter:label1\" content=\"Szacowany czas czytania\" \/>\n\t<meta name=\"twitter:data1\" content=\"6 minut\" \/>\n<script type=\"application\/ld+json\" class=\"yoast-schema-graph\">{\"@context\":\"https:\/\/schema.org\",\"@graph\":[{\"@type\":\"WebPage\",\"@id\":\"https:\/\/www.vdhurk.nl\/volkswagen-bedrijfswagens\/transporter\/\",\"url\":\"https:\/\/www.vdhurk.nl\/volkswagen-bedrijfswagens\/transporter\/\",\"name\":\"Vind jouw geschikte Volkswagen Transporter occasion\",\"isPartOf\":{\"@id\":\"https:\/\/www.vdhurk.nl\/#website\"},\"datePublished\":\"2024-07-08T12:24:33+00:00\",\"description\":\"Op zoek naar een goed werkende Volkswagen Transporter occasion? Bekijk dan ons actuele aanbod en ontdek de verschillende mogelijkheden.\",\"breadcrumb\":{\"@id\":\"https:\/\/www.vdhurk.nl\/volkswagen-bedrijfswagens\/transporter\/#breadcrumb\"},\"inLanguage\":\"pl-PL\",\"potentialAction\":[{\"@type\":\"ReadAction\",\"target\":[\"https:\/\/www.vdhurk.nl\/volkswagen-bedrijfswagens\/transporter\/\"]}]},{\"@type\":\"BreadcrumbList\",\"@id\":\"https:\/\/www.vdhurk.nl\/volkswagen-bedrijfswagens\/transporter\/#breadcrumb\",\"itemListElement\":[{\"@type\":\"ListItem\",\"position\":1,\"name\":\"Home\",\"item\":\"https:\/\/www.vdhurk.nl\/home\/\"},{\"@type\":\"ListItem\",\"position\":2,\"name\":\"Volkswagen Bedrijfswagens\",\"item\":\"https:\/\/www.vdhurk.nl\/volkswagen-bedrijfswagens\/\"},{\"@type\":\"ListItem\",\"position\":3,\"name\":\"Volkswagen Transporter\"}]},{\"@type\":\"WebSite\",\"@id\":\"https:\/\/www.vdhurk.nl\/#website\",\"url\":\"https:\/\/www.vdhurk.nl\/\",\"name\":\"Van den Hurk Bedrijfswagens\",\"description\":\"Van den Hurk bedrijfswagens Helmond\",\"potentialAction\":[{\"@type\":\"SearchAction\",\"target\":{\"@type\":\"EntryPoint\",\"urlTemplate\":\"https:\/\/www.vdhurk.nl\/?s={search_term_string}\"},\"query-input\":{\"@type\":\"PropertyValueSpecification\",\"valueRequired\":true,\"valueName\":\"search_term_string\"}}],\"inLanguage\":\"pl-PL\"}]}<\/script>\n<!-- \/ Yoast SEO plugin. -->","yoast_head_json":{"title":"Znajd\u017a odpowiedni u\u017cywany samoch\u00f3d Volkswagen Transporter","description":"Szukasz u\u017cywanego samochodu Volkswagen Transporter w dobrym stanie? Zapoznaj si\u0119 z nasz\u0105 aktualn\u0105 ofert\u0105 i odkryj r\u00f3\u017cne opcje.","robots":{"index":"index","follow":"follow","max-snippet":"max-snippet:-1","max-image-preview":"max-image-preview:large","max-video-preview":"max-video-preview:-1"},"canonical":"https:\/\/www.vdhurk.nl\/pl\/mercedes-13\/mercedes-14\/","og_locale":"pl_PL","og_type":"article","og_title":"Vind jouw geschikte Volkswagen Transporter occasion","og_description":"Op zoek naar een goed werkende Volkswagen Transporter occasion? Bekijk dan ons actuele aanbod en ontdek de verschillende mogelijkheden.","og_url":"https:\/\/www.vdhurk.nl\/pl\/mercedes-13\/mercedes-14\/","og_site_name":"Van den Hurk Bedrijfswagens","twitter_card":"summary_large_image","twitter_misc":{"Szacowany czas czytania":"6 minut"},"schema":{"@context":"https:\/\/schema.org","@graph":[{"@type":"WebPage","@id":"https:\/\/www.vdhurk.nl\/volkswagen-bedrijfswagens\/transporter\/","url":"https:\/\/www.vdhurk.nl\/volkswagen-bedrijfswagens\/transporter\/","name":"Znajd\u017a odpowiedni u\u017cywany samoch\u00f3d Volkswagen Transporter","isPartOf":{"@id":"https:\/\/www.vdhurk.nl\/#website"},"datePublished":"2024-07-08T12:24:33+00:00","description":"Szukasz u\u017cywanego samochodu Volkswagen Transporter w dobrym stanie? Zapoznaj si\u0119 z nasz\u0105 aktualn\u0105 ofert\u0105 i odkryj r\u00f3\u017cne opcje.","breadcrumb":{"@id":"https:\/\/www.vdhurk.nl\/volkswagen-bedrijfswagens\/transporter\/#breadcrumb"},"inLanguage":"pl-PL","potentialAction":[{"@type":"ReadAction","target":["https:\/\/www.vdhurk.nl\/volkswagen-bedrijfswagens\/transporter\/"]}]},{"@type":"BreadcrumbList","@id":"https:\/\/www.vdhurk.nl\/volkswagen-bedrijfswagens\/transporter\/#breadcrumb","itemListElement":[{"@type":"ListItem","position":1,"name":"Home","item":"https:\/\/www.vdhurk.nl\/home\/"},{"@type":"ListItem","position":2,"name":"Volkswagen Bedrijfswagens","item":"https:\/\/www.vdhurk.nl\/volkswagen-bedrijfswagens\/"},{"@type":"ListItem","position":3,"name":"Volkswagen Transporter"}]},{"@type":"WebSite","@id":"https:\/\/www.vdhurk.nl\/#website","url":"https:\/\/www.vdhurk.nl\/","name":"Van den Hurk - pojazdy u\u017cytkowe","description":"Van den Hurk pojazdy u\u017cytkowe Helmond","potentialAction":[{"@type":"SearchAction","target":{"@type":"EntryPoint","urlTemplate":"https:\/\/www.vdhurk.nl\/?s={search_term_string}"},"query-input":{"@type":"PropertyValueSpecification","valueRequired":true,"valueName":"search_term_string"}}],"inLanguage":"pl-PL"}]}},"_links":{"self":[{"href":"https:\/\/www.vdhurk.nl\/pl\/wp-json\/wp\/v2\/pages\/393643","targetHints":{"allow":["GET"]}}],"collection":[{"href":"https:\/\/www.vdhurk.nl\/pl\/wp-json\/wp\/v2\/pages"}],"about":[{"href":"https:\/\/www.vdhurk.nl\/pl\/wp-json\/wp\/v2\/types\/page"}],"author":[{"embeddable":true,"href":"https:\/\/www.vdhurk.nl\/pl\/wp-json\/wp\/v2\/users\/3"}],"replies":[{"embeddable":true,"href":"https:\/\/www.vdhurk.nl\/pl\/wp-json\/wp\/v2\/comments?post=393643"}],"version-history":[{"count":5,"href":"https:\/\/www.vdhurk.nl\/pl\/wp-json\/wp\/v2\/pages\/393643\/revisions"}],"predecessor-version":[{"id":393653,"href":"https:\/\/www.vdhurk.nl\/pl\/wp-json\/wp\/v2\/pages\/393643\/revisions\/393653"}],"up":[{"embeddable":true,"href":"https:\/\/www.vdhurk.nl\/pl\/wp-json\/wp\/v2\/pages\/372079"}],"wp:attachment":[{"href":"https:\/\/www.vdhurk.nl\/pl\/wp-json\/wp\/v2\/media?parent=393643"}],"curies":[{"name":"wp","href":"https:\/\/api.w.org\/{rel}","templated":true}]}}