{"id":393610,"date":"2024-07-08T13:58:13","date_gmt":"2024-07-08T11:58:13","guid":{"rendered":"https:\/\/www.vdhurk.nl\/?page_id=393610"},"modified":"2024-07-08T14:22:13","modified_gmt":"2024-07-08T12:22:13","slug":"mercedes-4","status":"publish","type":"page","link":"https:\/\/www.vdhurk.nl\/pl\/volkswagen-bedrijfswagens\/caddy\/","title":{"rendered":"Volkswagen Caddy"},"content":{"rendered":"<section  class='av_textblock_section av-lu8gnh7d-4ac895489941e586c1d7c8cb72318135'  itemscope=\"itemscope\" itemtype=\"https:\/\/schema.org\/CreativeWork\" ><div class='avia_textblock'  itemprop=\"text\" ><h1>Wszystko, co musisz wiedzie\u0107 o Volkswagenie Caddy z tej okazji<\/h1>\n<p>Volkswagen Caddy od dawna jest jednym z najpopularniejszych i najbardziej wszechstronnych pojazd\u00f3w u\u017cytkowych na rynku. Model ten zyska\u0142 dobr\u0105 reputacj\u0119 w\u015br\u00f3d firm i przedsi\u0119biorc\u00f3w. Okazja ta oferuje wiele zalet w przyst\u0119pnej cenie. Elastyczno\u015b\u0107 i trwa\u0142o\u015b\u0107 id\u0105 tu w parze. Poznaj liczne specyfikacje i zalety tego modelu.<\/p>\n<\/div><\/section>\n\n<style type=\"text\/css\" data-created_by=\"avia_inline_auto\" id=\"style-css-av-lujjddpd-afa3d7a9eabd61123e643ed1228e781e\">\n#top .hr.hr-invisible.av-lujjddpd-afa3d7a9eabd61123e643ed1228e781e{\nheight:50px;\n}\n<\/style>\n<div  class='hr av-lujjddpd-afa3d7a9eabd61123e643ed1228e781e hr-invisible  avia-builder-el-1  el_after_av_textblock  el_before_av_codeblock'><span class='hr-inner'><span class=\"hr-inner-style\"><\/span><\/span><\/div>\n\n\n<style type=\"text\/css\" data-created_by=\"avia_inline_auto\" id=\"style-css-av-av_hr-3a876428eececa9d35452247ddb053af\">\n#top .hr.hr-invisible.av-av_hr-3a876428eececa9d35452247ddb053af{\nheight:50px;\n}\n<\/style>\n<div  class='hr av-av_hr-3a876428eececa9d35452247ddb053af hr-invisible  avia-builder-el-3  el_after_av_codeblock  el_before_av_buttonrow'><span class='hr-inner'><span class=\"hr-inner-style\"><\/span><\/span><\/div>\n<div  class='avia-buttonrow-wrap av-lycyckhz-a0207ca1bb187f2978bad44a1bbc9abf avia-buttonrow-center  avia-builder-el-4  el_after_av_hr  el_before_av_hr'>\n\n<style type=\"text\/css\" data-created_by=\"avia_inline_auto\" id=\"style-css-av-lycyc0c8-09cd1f79e4080d9a7583e09e93f1a2c7\">\n#top #wrap_all .avia-button.av-lycyc0c8-09cd1f79e4080d9a7583e09e93f1a2c7{\nmargin-bottom:5px;\nmargin-right:3px;\nmargin-left:3px;\n}\n<\/style>\n<a href='https:\/\/www.vdhurk.nl\/pl\/pojazdy-uzytkowe\/#HctLCoAwDEXRrUjG4gLcTKlJkNpqyosfRNy7xeHlcB9aFTmsJloCR8DcFUlppNNK9ivOunUcRW7qySCK6W5YkRYfzvaa1T9CjdgTHyUpRlFnej8'  class='avia-button av-lycyc0c8-09cd1f79e4080d9a7583e09e93f1a2c7 avia-icon_select-yes-right-icon avia-size-x-large avia-color-theme-color'  ><span class='avia_iconbox_title' >Ciekawi Ci\u0119 pe\u0142na oferta samochod\u00f3w u\u017cytkowych Volkswagen Caddy? Zapraszamy do zapoznania si\u0119!<\/span><span class='avia_button_icon avia_button_icon_right' aria-hidden='true' data-av_icon='\ue871' data-av_iconfont='entypo-fontello'><\/span><\/a>\n<\/div>\n\n<style type=\"text\/css\" data-created_by=\"avia_inline_auto\" id=\"style-css-av-ah0xd-63338d9dc6b40410e22a712829c369d6\">\n#top .hr.hr-invisible.av-ah0xd-63338d9dc6b40410e22a712829c369d6{\nheight:50px;\n}\n<\/style>\n<div  class='hr av-ah0xd-63338d9dc6b40410e22a712829c369d6 hr-invisible  avia-builder-el-5  el_after_av_buttonrow  el_before_av_textblock'><span class='hr-inner'><span class=\"hr-inner-style\"><\/span><\/span><\/div>\n<section  class='av_textblock_section av-lu8gow1e-300853e458ed741bd87d6cb78e55cc7a'  itemscope=\"itemscope\" itemtype=\"https:\/\/schema.org\/CreativeWork\" ><div class='avia_textblock'  itemprop=\"text\" ><h2>5 zalet modeli Volkswagen Caddy<\/h2>\n<p>Wyb\u00f3r u\u017cywanego samochodu Volkswagen Caddy niesie ze sob\u0105 kilka korzy\u015bci:<\/p>\n<ul>\n<li><strong>Przyst\u0119pno\u015b\u0107<\/strong>U\u017cywany samoch\u00f3d jest cz\u0119sto ta\u0144szy ni\u017c nowy model. Wybieraj\u0105c Volkswagena Caddy, korzystasz jednocze\u015bnie z wysokiej jako\u015bci pojazdu.<\/li>\n<li><strong>Niezawodno\u015b\u0107<\/strong>Volkswagen jest znany z niezawodnych pojazd\u00f3w. Okazja Caddy ma dobr\u0105 histori\u0119 serwisow\u0105, wi\u0119c mo\u017cna zaufa\u0107 pojazdowi u\u017cytkowemu.<\/li>\n<li><strong>Wszechstronno\u015b\u0107 i przestrze\u0144:<\/strong> Model ten oferuje przestronne wn\u0119trze i wszechstronn\u0105 przestrze\u0144 \u0142adunkow\u0105. Dzi\u0119ki temu model ten doskonale nadaje si\u0119 do r\u00f3\u017cnych zastosowa\u0144, takich jak transport towar\u00f3w i narz\u0119dzi.<\/li>\n<li><strong>Solidna jako\u015b\u0107 wykonania<\/strong>Volkswagen jest znany z najwy\u017cszej jako\u015bci konstrukcji i wykonania. W tym modelu zyskujesz na konstrukcji i trwa\u0142o\u015bci.<\/li>\n<li><strong>Dost\u0119pno\u015b\u0107 opcji<\/strong>: Kupuj\u0105c u\u017cywanego Volkswagena Caddy, cz\u0119sto mo\u017cna wybiera\u0107 spo\u015br\u00f3d r\u00f3\u017cnych konfiguracji. Daje to mo\u017cliwo\u015b\u0107 znalezienia pojazdu, kt\u00f3ry w pe\u0142ni odpowiada Twoim potrzebom i preferencjom.<\/li>\n<\/ul>\n<p>Model ten oferuje zatem doskona\u0142e po\u0142\u0105czenie warto\u015bci, niezawodno\u015bci i wszechstronno\u015bci. Sprawia to, \u017ce pojazd u\u017cytkowy jest atrakcyjn\u0105 opcj\u0105 dla r\u00f3\u017cnych u\u017cytkownik\u00f3w.<\/p>\n<\/div><\/section>\n<div class='flex_column av-f64w1-da126f42b61613402309283c14245a25 av_one_half  avia-builder-el-7  el_after_av_textblock  el_before_av_one_third  first flex_column_div column-top-margin'   ><section  class='av_textblock_section av-lu8gpqre-73cc2c17e6a6497ba6e1b58af22bd9e8'  itemscope=\"itemscope\" itemtype=\"https:\/\/schema.org\/CreativeWork\" ><div class='avia_textblock'  itemprop=\"text\" ><h2>3 powody, dla kt\u00f3rych warto wybra\u0107 u\u017cywany model zamiast nowego pojazdu u\u017cytkowego<\/h2>\n<p>Zakup Volkswagena Caddy z drugiej r\u0119ki jest cz\u0119sto ta\u0144szy ni\u017c zakup nowego modelu. Dlaczego? Wymieniamy g\u0142\u00f3wne powody:<\/p>\n<ul>\n<li><strong>Cena<\/strong>Model z drugiej r\u0119ki jest korzystniejszy cenowo. Pozwala to zaoszcz\u0119dzi\u0107 na pocz\u0105tkowych kosztach zakupu.<\/li>\n<li><strong>Spadek warto\u015bci<\/strong>Nowy samoch\u00f3d szybko traci na warto\u015bci. W przypadku modelu u\u017cywanego kto\u015b inny zap\u0142aci\u0142 ju\u017c za t\u0119 pocz\u0105tkow\u0105 amortyzacj\u0119. W rezultacie musisz poradzi\u0107 sobie z mniejsz\u0105 amortyzacj\u0105.<\/li>\n<li><strong>R\u00f3wnowa\u017cna jako\u015b\u0107<\/strong>Nowoczesne samochody s\u0105 budowane z my\u015bl\u0105 o trwa\u0142o\u015bci. U\u017cywany model z naszej oferty jest nadal w doskona\u0142ym stanie i nadal zapewnia niezawodne osi\u0105gi. Przy odpowiedniej piel\u0119gnacji i konserwacji u\u017cywany pojazd u\u017cytkowy mo\u017ce s\u0142u\u017cy\u0107 przez wiele lat.<\/li>\n<\/ul>\n<p>Kr\u00f3tko m\u00f3wi\u0105c, zakup Volkswagena Caddy w formie u\u017cywanego modelu zapewnia wiele korzy\u015bci.<\/p>\n<\/div><\/section><\/div>\n<div class='flex_column av-aldk9-ee694297f5c4032981677a02caab84d6 av_one_third  avia-builder-el-9  el_after_av_one_half  el_before_av_hr  flex_column_div column-top-margin'   ><style type=\"text\/css\" data-created_by=\"avia_inline_auto\" id=\"style-css-av-l1w9kpsf-4ec3fab772ec7a9adaa33cfc64ff0475\">\n.avia-image-container.av-l1w9kpsf-4ec3fab772ec7a9adaa33cfc64ff0475 .av-image-caption-overlay-center{\ncolor:#ffffff;\n}\n<\/style>\n<div  class='avia-image-container av-l1w9kpsf-4ec3fab772ec7a9adaa33cfc64ff0475 av-styling- avia-align-center  avia-builder-el-10  avia-builder-el-no-sibling'  itemprop=\"image\" itemscope=\"itemscope\" itemtype=\"https:\/\/schema.org\/ImageObject\" ><div class=\"avia-image-container-inner\"><div class=\"avia-image-overlay-wrap\"><img decoding=\"async\" class='wp-image-187 avia-img-lazy-loading-not-187 avia_image' src=\"https:\/\/www.vdhurk.nl\/wp-content\/uploads\/2022\/03\/Voorrad.png\" alt='' title='Stock'  height=\"758\" width=\"1135\"  itemprop=\"thumbnailUrl\" srcset=\"https:\/\/www.vdhurk.nl\/wp-content\/uploads\/2022\/03\/Voorrad.png 1135w, https:\/\/www.vdhurk.nl\/wp-content\/uploads\/2022\/03\/Voorrad-300x200.png 300w, https:\/\/www.vdhurk.nl\/wp-content\/uploads\/2022\/03\/Voorrad-1030x688.png 1030w, https:\/\/www.vdhurk.nl\/wp-content\/uploads\/2022\/03\/Voorrad-768x513.png 768w, https:\/\/www.vdhurk.nl\/wp-content\/uploads\/2022\/03\/Voorrad-18x12.png 18w, https:\/\/www.vdhurk.nl\/wp-content\/uploads\/2022\/03\/Voorrad-705x471.png 705w\" sizes=\"(max-width: 1135px) 100vw, 1135px\" \/><\/div><\/div><\/div><\/div>\n\n<style type=\"text\/css\" data-created_by=\"avia_inline_auto\" id=\"style-css-av-luqrjpjc-5a23a1fb5f94718ca85316a9df963e2f\">\n#top .hr.hr-invisible.av-luqrjpjc-5a23a1fb5f94718ca85316a9df963e2f{\nheight:50px;\n}\n<\/style>\n<div  class='hr av-luqrjpjc-5a23a1fb5f94718ca85316a9df963e2f hr-invisible  avia-builder-el-11  el_after_av_one_third  el_before_av_textblock'><span class='hr-inner'><span class=\"hr-inner-style\"><\/span><\/span><\/div>\n<section  class='av_textblock_section av-lu8gtjw7-4f3cee9304909518d86d2860d9d582dd'  itemscope=\"itemscope\" itemtype=\"https:\/\/schema.org\/CreativeWork\" ><div class='avia_textblock'  itemprop=\"text\" ><h2>Manualny czy automatyczny: co wolisz?<\/h2>\n<p>W Van den Hurk uwa\u017camy, \u017ce ka\u017cdy znajdzie co\u015b dla siebie. Dlatego oferujemy r\u00f3\u017cne modele Volkswagena. Mo\u017cesz r\u00f3wnie\u017c znale\u017a\u0107 Volkswagena Caddy w r\u00f3\u017cnych wersjach. Mo\u017cesz wybra\u0107 mi\u0119dzy skrzyni\u0105 bieg\u00f3w lub automatyczn\u0105.<\/p>\n<h2>Wszystko, co chcesz wiedzie\u0107 o naszej rodzinnej firmie<\/h2>\n<p>Van den Hurk to prawdziwie rodzinna firma za\u0142o\u017cona przez Jana van den Hurka w 1965 roku. Rozwojem firmy zaj\u0119li si\u0119 jego synowie. Obecnie, z zespo\u0142em 35 pracownik\u00f3w, koncentrujemy si\u0119 na sprzeda\u017cy spersonalizowanych pojazd\u00f3w u\u017cytkowych. W naszym asortymencie mo\u017cna znale\u017a\u0107 wszystkie marki i typy pojazd\u00f3w u\u017cytkowych. Daje to naszym klientom wiele mo\u017cliwo\u015bci i zawsze mo\u017cna znale\u017a\u0107 co\u015b, co odpowiada ich \u017cyczeniom i potrzebom.<\/p>\n<h2>Opcje leasingu finansowego<\/h2>\n<p>Umo\u017cliwiamy leasing samochodu firmowego. Jest on przeznaczony specjalnie dla przedsi\u0119biorc\u00f3w, kt\u00f3rym zale\u017cy na wygodzie i bezpiecze\u0144stwie. U nas <a href=\"https:\/\/www.vdhurk.nl\/pl\/leasing-finansowy\/\">leasing finansowy <\/a>nie musisz korzysta\u0107 z w\u0142asnych \u015brodk\u00f3w finansowych. Finansowanie jest oddzielone od innych form finansowania dzia\u0142alno\u015bci. To Ty decydujesz o okresie leasingu i amortyzacji. P\u0142acisz odsetki za leasing, kt\u00f3re s\u0105 ustalane z g\u00f3ry, wi\u0119c otrzymujesz miesi\u0119czn\u0105 kwot\u0119 leasingu. Dzi\u0119ki temu zawsze wiesz, na czym stoisz.<\/p>\n<h2><b>Skorzystaj z naszego alertu magazynowego<\/b><\/h2>\n<p>Zawsze oferujemy szeroki wyb\u00f3r r\u00f3\u017cnych pojazd\u00f3w u\u017cytkowych wszystkich marek. Czy szukasz<a href=\"https:\/\/www.vdhurk.nl\/pl\/mercedes-13\/\"> Pojazd u\u017cytkowy Volkswagen <\/a>A Tw\u00f3j wymarzony samoch\u00f3d nie jest w\u015br\u00f3d nich? To oczywi\u015bcie mo\u017ce si\u0119 zdarzy\u0107. Nawet przy du\u017cym wyborze, odpowiedni samoch\u00f3d firmowy mo\u017ce nie znajdowa\u0107 si\u0119 w magazynie. Nie martw si\u0119, poniewa\u017c mo\u017cesz przes\u0142a\u0107 nam swoje \u017cyczenia za po\u015brednictwem naszego <a href=\"https:\/\/www.vdhurk.nl\/pl\/alarm-gieldowy\/\">alarm gie\u0142dowy<\/a>. Nasz zesp\u00f3\u0142 ds. zakup\u00f3w b\u0119dzie nast\u0119pnie pracowa\u0142 w Twoim imieniu, aby znale\u017a\u0107 odpowiedni pojazd u\u017cytkowy spe\u0142niaj\u0105cy Twoje potrzeby.<\/p>\n<\/div><\/section>","protected":false},"excerpt":{"rendered":"","protected":false},"author":3,"featured_media":0,"parent":372079,"menu_order":0,"comment_status":"closed","ping_status":"closed","template":"","meta":{"_acf_changed":false,"_improvement_type_select":"improve_an_existing","_thumb_yes_seoaic":false,"_frame_yes_seoaic":false,"seoaic_generate_description":"","seoaic_improve_instructions_prompt":"","seoaic_rollback_content_improvement":"","seoaic_idea_thumbnail_generator":"","thumbnail_generated":false,"thumbnail_generate_prompt":"","seoaic_article_description":"","footnotes":""},"class_list":["post-393610","page","type-page","status-publish","hentry"],"acf":[],"yoast_head":"<!-- This site is optimized with the Yoast SEO plugin v27.5 - https:\/\/yoast.com\/product\/yoast-seo-wordpress\/ -->\n<title>Ontdek alles over de Volkswagen Caddy occasion<\/title>\n<meta name=\"description\" content=\"Op zoek naar een betrouwbare Volkswagen Caddy occasion? Bekijk dan alle mogelijkheden binnen ons aanbod en vind de perfecte bedrijfswagen.\" \/>\n<meta name=\"robots\" content=\"index, follow, max-snippet:-1, max-image-preview:large, max-video-preview:-1\" \/>\n<link rel=\"canonical\" href=\"https:\/\/www.vdhurk.nl\/pl\/mercedes-13\/mercedes-4\/\" \/>\n<meta property=\"og:locale\" content=\"pl_PL\" \/>\n<meta property=\"og:type\" content=\"article\" \/>\n<meta property=\"og:title\" content=\"Ontdek alles over de Volkswagen Caddy occasion\" \/>\n<meta property=\"og:description\" content=\"Op zoek naar een betrouwbare Volkswagen Caddy occasion? Bekijk dan alle mogelijkheden binnen ons aanbod en vind de perfecte bedrijfswagen.\" \/>\n<meta property=\"og:url\" content=\"https:\/\/www.vdhurk.nl\/pl\/mercedes-13\/mercedes-4\/\" \/>\n<meta property=\"og:site_name\" content=\"Van den Hurk Bedrijfswagens\" \/>\n<meta property=\"article:modified_time\" content=\"2024-07-08T12:22:13+00:00\" \/>\n<meta name=\"twitter:card\" content=\"summary_large_image\" \/>\n<meta name=\"twitter:label1\" content=\"Szacowany czas czytania\" \/>\n\t<meta name=\"twitter:data1\" content=\"6 minut\" \/>\n<script type=\"application\/ld+json\" class=\"yoast-schema-graph\">{\"@context\":\"https:\\\/\\\/schema.org\",\"@graph\":[{\"@type\":\"WebPage\",\"@id\":\"https:\\\/\\\/www.vdhurk.nl\\\/volkswagen-bedrijfswagens\\\/caddy\\\/\",\"url\":\"https:\\\/\\\/www.vdhurk.nl\\\/volkswagen-bedrijfswagens\\\/caddy\\\/\",\"name\":\"Ontdek alles over de Volkswagen Caddy occasion\",\"isPartOf\":{\"@id\":\"https:\\\/\\\/www.vdhurk.nl\\\/#website\"},\"datePublished\":\"2024-07-08T11:58:13+00:00\",\"dateModified\":\"2024-07-08T12:22:13+00:00\",\"description\":\"Op zoek naar een betrouwbare Volkswagen Caddy occasion? Bekijk dan alle mogelijkheden binnen ons aanbod en vind de perfecte bedrijfswagen.\",\"breadcrumb\":{\"@id\":\"https:\\\/\\\/www.vdhurk.nl\\\/volkswagen-bedrijfswagens\\\/caddy\\\/#breadcrumb\"},\"inLanguage\":\"pl-PL\",\"potentialAction\":[{\"@type\":\"ReadAction\",\"target\":[\"https:\\\/\\\/www.vdhurk.nl\\\/volkswagen-bedrijfswagens\\\/caddy\\\/\"]}]},{\"@type\":\"BreadcrumbList\",\"@id\":\"https:\\\/\\\/www.vdhurk.nl\\\/volkswagen-bedrijfswagens\\\/caddy\\\/#breadcrumb\",\"itemListElement\":[{\"@type\":\"ListItem\",\"position\":1,\"name\":\"Home\",\"item\":\"https:\\\/\\\/www.vdhurk.nl\\\/home\\\/\"},{\"@type\":\"ListItem\",\"position\":2,\"name\":\"Volkswagen Bedrijfswagens\",\"item\":\"https:\\\/\\\/www.vdhurk.nl\\\/volkswagen-bedrijfswagens\\\/\"},{\"@type\":\"ListItem\",\"position\":3,\"name\":\"Volkswagen Caddy\"}]},{\"@type\":\"WebSite\",\"@id\":\"https:\\\/\\\/www.vdhurk.nl\\\/#website\",\"url\":\"https:\\\/\\\/www.vdhurk.nl\\\/\",\"name\":\"Van den Hurk Bedrijfswagens\",\"description\":\"Van den Hurk bedrijfswagens Helmond\",\"potentialAction\":[{\"@type\":\"SearchAction\",\"target\":{\"@type\":\"EntryPoint\",\"urlTemplate\":\"https:\\\/\\\/www.vdhurk.nl\\\/?s={search_term_string}\"},\"query-input\":{\"@type\":\"PropertyValueSpecification\",\"valueRequired\":true,\"valueName\":\"search_term_string\"}}],\"inLanguage\":\"pl-PL\"}]}<\/script>\n<!-- \/ Yoast SEO plugin. -->","yoast_head_json":{"title":"Dowiedz si\u0119 wszystkiego o okazji Volkswagena Caddy","description":"Szukasz niezawodnego samochodu u\u017cywanego Volkswagen Caddy? Sprawd\u017a wszystkie opcje w naszej ofercie i znajd\u017a idealny samoch\u00f3d u\u017cytkowy.","robots":{"index":"index","follow":"follow","max-snippet":"max-snippet:-1","max-image-preview":"max-image-preview:large","max-video-preview":"max-video-preview:-1"},"canonical":"https:\/\/www.vdhurk.nl\/pl\/mercedes-13\/mercedes-4\/","og_locale":"pl_PL","og_type":"article","og_title":"Ontdek alles over de Volkswagen Caddy occasion","og_description":"Op zoek naar een betrouwbare Volkswagen Caddy occasion? Bekijk dan alle mogelijkheden binnen ons aanbod en vind de perfecte bedrijfswagen.","og_url":"https:\/\/www.vdhurk.nl\/pl\/mercedes-13\/mercedes-4\/","og_site_name":"Van den Hurk Bedrijfswagens","article_modified_time":"2024-07-08T12:22:13+00:00","twitter_card":"summary_large_image","twitter_misc":{"Szacowany czas czytania":"6 minut"},"schema":{"@context":"https:\/\/schema.org","@graph":[{"@type":"WebPage","@id":"https:\/\/www.vdhurk.nl\/volkswagen-bedrijfswagens\/caddy\/","url":"https:\/\/www.vdhurk.nl\/volkswagen-bedrijfswagens\/caddy\/","name":"Dowiedz si\u0119 wszystkiego o okazji Volkswagena Caddy","isPartOf":{"@id":"https:\/\/www.vdhurk.nl\/#website"},"datePublished":"2024-07-08T11:58:13+00:00","dateModified":"2024-07-08T12:22:13+00:00","description":"Szukasz niezawodnego samochodu u\u017cywanego Volkswagen Caddy? Sprawd\u017a wszystkie opcje w naszej ofercie i znajd\u017a idealny samoch\u00f3d u\u017cytkowy.","breadcrumb":{"@id":"https:\/\/www.vdhurk.nl\/volkswagen-bedrijfswagens\/caddy\/#breadcrumb"},"inLanguage":"pl-PL","potentialAction":[{"@type":"ReadAction","target":["https:\/\/www.vdhurk.nl\/volkswagen-bedrijfswagens\/caddy\/"]}]},{"@type":"BreadcrumbList","@id":"https:\/\/www.vdhurk.nl\/volkswagen-bedrijfswagens\/caddy\/#breadcrumb","itemListElement":[{"@type":"ListItem","position":1,"name":"Home","item":"https:\/\/www.vdhurk.nl\/home\/"},{"@type":"ListItem","position":2,"name":"Volkswagen Bedrijfswagens","item":"https:\/\/www.vdhurk.nl\/volkswagen-bedrijfswagens\/"},{"@type":"ListItem","position":3,"name":"Volkswagen Caddy"}]},{"@type":"WebSite","@id":"https:\/\/www.vdhurk.nl\/#website","url":"https:\/\/www.vdhurk.nl\/","name":"Van den Hurk - pojazdy u\u017cytkowe","description":"Van den Hurk pojazdy u\u017cytkowe Helmond","potentialAction":[{"@type":"SearchAction","target":{"@type":"EntryPoint","urlTemplate":"https:\/\/www.vdhurk.nl\/?s={search_term_string}"},"query-input":{"@type":"PropertyValueSpecification","valueRequired":true,"valueName":"search_term_string"}}],"inLanguage":"pl-PL"}]}},"_links":{"self":[{"href":"https:\/\/www.vdhurk.nl\/pl\/wp-json\/wp\/v2\/pages\/393610","targetHints":{"allow":["GET"]}}],"collection":[{"href":"https:\/\/www.vdhurk.nl\/pl\/wp-json\/wp\/v2\/pages"}],"about":[{"href":"https:\/\/www.vdhurk.nl\/pl\/wp-json\/wp\/v2\/types\/page"}],"author":[{"embeddable":true,"href":"https:\/\/www.vdhurk.nl\/pl\/wp-json\/wp\/v2\/users\/3"}],"replies":[{"embeddable":true,"href":"https:\/\/www.vdhurk.nl\/pl\/wp-json\/wp\/v2\/comments?post=393610"}],"version-history":[{"count":5,"href":"https:\/\/www.vdhurk.nl\/pl\/wp-json\/wp\/v2\/pages\/393610\/revisions"}],"predecessor-version":[{"id":393650,"href":"https:\/\/www.vdhurk.nl\/pl\/wp-json\/wp\/v2\/pages\/393610\/revisions\/393650"}],"up":[{"embeddable":true,"href":"https:\/\/www.vdhurk.nl\/pl\/wp-json\/wp\/v2\/pages\/372079"}],"wp:attachment":[{"href":"https:\/\/www.vdhurk.nl\/pl\/wp-json\/wp\/v2\/media?parent=393610"}],"curies":[{"name":"wp","href":"https:\/\/api.w.org\/{rel}","templated":true}]}}