{"id":393273,"date":"2024-07-05T10:13:32","date_gmt":"2024-07-05T08:13:32","guid":{"rendered":"https:\/\/www.vdhurk.nl\/?page_id=393273"},"modified":"2024-07-08T13:59:27","modified_gmt":"2024-07-08T11:59:27","slug":"sprinter","status":"publish","type":"page","link":"https:\/\/www.vdhurk.nl\/pl\/mercedes-bedrijfswagens\/sprinter\/","title":{"rendered":"Mercedes Sprinter"},"content":{"rendered":"<section  class='av_textblock_section av-lu8gnh7d-4ac895489941e586c1d7c8cb72318135'  itemscope=\"itemscope\" itemtype=\"https:\/\/schema.org\/CreativeWork\" ><div class='avia_textblock'  itemprop=\"text\" ><h1>Odkryj Mercedes Sprinter Occasion: wszystkie informacje w skr\u00f3cie<\/h1>\n<p>Mercedes Sprinter Occasion to jeden z najbardziej cenionych pojazd\u00f3w u\u017cytkowych. Jako wszechstronny i solidny van, model ten oferuje doskona\u0142e po\u0142\u0105czenie niezawodno\u015bci i komfortu. Model ten oferuje szereg konfiguracji i opcji dostosowanych do r\u00f3\u017cnych potrzeb biznesowych. Dzi\u0119ki temu jest to popularny wyb\u00f3r w\u015br\u00f3d przedsi\u0119biorc\u00f3w i firm.<\/p>\n<\/div><\/section>\n\n<style type=\"text\/css\" data-created_by=\"avia_inline_auto\" id=\"style-css-av-lujjddpd-afa3d7a9eabd61123e643ed1228e781e\">\n#top .hr.hr-invisible.av-lujjddpd-afa3d7a9eabd61123e643ed1228e781e{\nheight:50px;\n}\n<\/style>\n<div  class='hr av-lujjddpd-afa3d7a9eabd61123e643ed1228e781e hr-invisible  avia-builder-el-1  el_after_av_textblock  el_before_av_codeblock'><span class='hr-inner'><span class=\"hr-inner-style\"><\/span><\/span><\/div>\n\n\n<style type=\"text\/css\" data-created_by=\"avia_inline_auto\" id=\"style-css-av-ah0xd-63338d9dc6b40410e22a712829c369d6\">\n#top .hr.hr-invisible.av-ah0xd-63338d9dc6b40410e22a712829c369d6{\nheight:50px;\n}\n<\/style>\n<div  class='hr av-ah0xd-63338d9dc6b40410e22a712829c369d6 hr-invisible  avia-builder-el-3  el_after_av_codeblock  el_before_av_buttonrow'><span class='hr-inner'><span class=\"hr-inner-style\"><\/span><\/span><\/div>\n<div  class='avia-buttonrow-wrap av-lujhssae-cff7d852879371e1ec58a3b104a5d229 avia-buttonrow-center  avia-builder-el-4  el_after_av_hr  el_before_av_hr'>\n\n<style type=\"text\/css\" data-created_by=\"avia_inline_auto\" id=\"style-css-av-lujhtay0-e0560ea0389c79562e2aeefc622558fd\">\n#top #wrap_all .avia-button.av-lujhtay0-e0560ea0389c79562e2aeefc622558fd{\nmargin-bottom:5px;\nmargin-right:3px;\nmargin-left:3px;\n}\n<\/style>\n<a href='https:\/\/www.vdhurk.nl\/pl\/pojazdy-uzytkowe\/#HcxRDoAgDAPQu-xbPQCXMTL6gQIjA03UeHenX01f0t6UoRu5LxgBbfQoFw2UJSCZt6qxdKiRaID609BsbdNhS5H6l7ku2iPvKUKd3TA9Lw'  class='avia-button av-lujhtay0-e0560ea0389c79562e2aeefc622558fd avia-icon_select-yes-right-icon avia-size-x-large avia-color-theme-color'  ><span class='avia_iconbox_title' >Ciekawi Ci\u0119 pe\u0142na oferta pojazd\u00f3w u\u017cytkowych Mercedes Sprinter? Zapraszamy do zapoznania si\u0119!<\/span><span class='avia_button_icon avia_button_icon_right' aria-hidden='true' data-av_icon='\ue871' data-av_iconfont='entypo-fontello'><\/span><\/a>\n<\/div>\n\n<style type=\"text\/css\" data-created_by=\"avia_inline_auto\" id=\"style-css-av-o1d5-cf77288da24053faf1b6ffbefcfc6222\">\n#top .hr.hr-invisible.av-o1d5-cf77288da24053faf1b6ffbefcfc6222{\nheight:50px;\n}\n<\/style>\n<div  class='hr av-o1d5-cf77288da24053faf1b6ffbefcfc6222 hr-invisible  avia-builder-el-5  el_after_av_buttonrow  el_before_av_textblock'><span class='hr-inner'><span class=\"hr-inner-style\"><\/span><\/span><\/div>\n<section  class='av_textblock_section av-lu8gow1e-300853e458ed741bd87d6cb78e55cc7a'  itemscope=\"itemscope\" itemtype=\"https:\/\/schema.org\/CreativeWork\" ><div class='avia_textblock'  itemprop=\"text\" ><h2>5 cech, kt\u00f3re sprawiaj\u0105, \u017ce Mercedes Sprinter jest wyj\u0105tkowy<\/h2>\n<p>Model ten wyr\u00f3\u017cnia si\u0119 spo\u015br\u00f3d innych pojazd\u00f3w u\u017cytkowych nast\u0119puj\u0105cymi cechami:<\/p>\n<ul>\n<li><strong>Niezawodno\u015b\u0107<\/strong>: Mercedes-Benz jest znany ze swojej jako\u015bci i niezawodno\u015bci. Sprinter nie jest wyj\u0105tkiem. Ten pojazd u\u017cytkowy jest zbudowany tak, aby wytrzyma\u0107 lata intensywnego u\u017cytkowania.<\/li>\n<li><strong>Wszechstronno\u015b\u0107<\/strong>Sprinter oferuje r\u00f3\u017cne konfiguracje i opcje dostosowywania. Dzi\u0119ki temu model ten nadaje si\u0119 do r\u00f3\u017cnych zastosowa\u0144 biznesowych: od transportu towar\u00f3w po transport pasa\u017cer\u00f3w.<\/li>\n<li><strong>Komfort<\/strong>Kabina Sprintera zosta\u0142a zaprojektowana z my\u015bl\u0105 o komforcie i \u0142atwo\u015bci u\u017cytkowania. Na przyk\u0142ad pojazd u\u017cytkowy ma ergonomiczne fotele, dzi\u0119ki czemu d\u0142ugie podr\u00f3\u017ce s\u0105 przyjemne.<\/li>\n<li><strong>Wydajno\u015b\u0107<\/strong>Dzi\u0119ki mocnym i oszcz\u0119dnym silnikom model ten oferuje doskona\u0142e osi\u0105gi bez kompromis\u00f3w w zakresie zu\u017cycia paliwa.<br \/>\nPo\u0142\u0105czenie tych czynnik\u00f3w sprawia, \u017ce model ten jest popularnym wyborem dla firm poszukuj\u0105cych pojazd\u00f3w o wysokich osi\u0105gach.<\/li>\n<\/ul>\n<\/div><\/section>\n<div class='flex_column av-f64w1-da126f42b61613402309283c14245a25 av_one_half  avia-builder-el-7  el_after_av_textblock  el_before_av_one_third  first flex_column_div column-top-margin'   ><section  class='av_textblock_section av-lu8gpqre-73cc2c17e6a6497ba6e1b58af22bd9e8'  itemscope=\"itemscope\" itemtype=\"https:\/\/schema.org\/CreativeWork\" ><div class='avia_textblock'  itemprop=\"text\" ><h2>U\u017cywany samoch\u00f3d s\u0142u\u017cbowy w por\u00f3wnaniu do nowych modeli<\/h2>\n<p>Wyb\u00f3r mi\u0119dzy u\u017cywanym pojazdem u\u017cytkowym a nowym modelem jest cz\u0119sto trudny. Kt\u00f3ry wyb\u00f3r jest dla Ciebie najkorzystniejszy? Zale\u017cy to od wielu czynnik\u00f3w. Nowy model amortyzuje si\u0119 mniej ni\u017c u\u017cywany, zw\u0142aszcza w d\u0142u\u017cszej perspektywie. Zalet\u0105 u\u017cywanego Sprintera jest jednak cz\u0119sto ni\u017csza cena ni\u017c w przypadku nowego modelu. Niezale\u017cnie od wyboru, wszystkie nasze pojazdy u\u017cytkowe dzia\u0142aj\u0105 prawid\u0142owo.<\/p>\n<\/div><\/section><\/div><div class='flex_column av-aldk9-ee694297f5c4032981677a02caab84d6 av_one_third  avia-builder-el-9  el_after_av_one_half  el_before_av_hr  flex_column_div column-top-margin'   ><style type=\"text\/css\" data-created_by=\"avia_inline_auto\" id=\"style-css-av-l1w9kpsf-4ec3fab772ec7a9adaa33cfc64ff0475\">\n.avia-image-container.av-l1w9kpsf-4ec3fab772ec7a9adaa33cfc64ff0475 .av-image-caption-overlay-center{\ncolor:#ffffff;\n}\n<\/style>\n<div  class='avia-image-container av-l1w9kpsf-4ec3fab772ec7a9adaa33cfc64ff0475 av-styling- avia-align-center  avia-builder-el-10  avia-builder-el-no-sibling'  itemprop=\"image\" itemscope=\"itemscope\" itemtype=\"https:\/\/schema.org\/ImageObject\" ><div class=\"avia-image-container-inner\"><div class=\"avia-image-overlay-wrap\"><img decoding=\"async\" class='wp-image-187 avia-img-lazy-loading-not-187 avia_image' src=\"https:\/\/www.vdhurk.nl\/wp-content\/uploads\/2022\/03\/Voorrad.png\" alt='' title='Stock'  height=\"758\" width=\"1135\"  itemprop=\"thumbnailUrl\" srcset=\"https:\/\/www.vdhurk.nl\/wp-content\/uploads\/2022\/03\/Voorrad.png 1135w, https:\/\/www.vdhurk.nl\/wp-content\/uploads\/2022\/03\/Voorrad-300x200.png 300w, https:\/\/www.vdhurk.nl\/wp-content\/uploads\/2022\/03\/Voorrad-1030x688.png 1030w, https:\/\/www.vdhurk.nl\/wp-content\/uploads\/2022\/03\/Voorrad-768x513.png 768w, https:\/\/www.vdhurk.nl\/wp-content\/uploads\/2022\/03\/Voorrad-18x12.png 18w, https:\/\/www.vdhurk.nl\/wp-content\/uploads\/2022\/03\/Voorrad-705x471.png 705w\" sizes=\"(max-width: 1135px) 100vw, 1135px\" \/><\/div><\/div><\/div><\/div><\/p>\n\n<style type=\"text\/css\" data-created_by=\"avia_inline_auto\" id=\"style-css-av-luqrjpjc-5a23a1fb5f94718ca85316a9df963e2f\">\n#top .hr.hr-invisible.av-luqrjpjc-5a23a1fb5f94718ca85316a9df963e2f{\nheight:50px;\n}\n<\/style>\n<div  class='hr av-luqrjpjc-5a23a1fb5f94718ca85316a9df963e2f hr-invisible  avia-builder-el-11  el_after_av_one_third  el_before_av_textblock'><span class='hr-inner'><span class=\"hr-inner-style\"><\/span><\/span><\/div>\n<section  class='av_textblock_section av-lu8gtjw7-4f3cee9304909518d86d2860d9d582dd'  itemscope=\"itemscope\" itemtype=\"https:\/\/schema.org\/CreativeWork\" ><div class='avia_textblock'  itemprop=\"text\" ><h2>R\u00f3\u017cne modele i wersje Mercedes<\/h2>\n<p>W Van den Hurk uwa\u017camy, \u017ce wa\u017cne jest, aby ka\u017cdy m\u00f3g\u0142 znale\u017a\u0107 co\u015b dla siebie. Dlatego oferujemy r\u00f3\u017cne modele. Dost\u0119pne s\u0105 modele odpowiednie do przewozu os\u00f3b lub towar\u00f3w. Znajdziesz r\u00f3wnie\u017c modele z otwart\u0105 skrzyni\u0105 \u0142adunkow\u0105, skrzyni\u0105 \u0142adunkow\u0105 i skrzyni\u0105 meblow\u0105 z tyln\u0105 klap\u0105. Mercedes Sprinter dost\u0119pny jest r\u00f3wnie\u017c w r\u00f3\u017cnych wersjach. Do wyboru jest skrzynia bieg\u00f3w lub automat. Mo\u017cliwy jest r\u00f3wnie\u017c wyb\u00f3r mi\u0119dzy nap\u0119dem na przednie, tylne lub wszystkie ko\u0142a.<\/p>\n<h2>Zakup Mercedesa Sprintera<\/h2>\n<p>W Van den Hurk oferujemy r\u00f3\u017cne opcje finansowania. Mo\u017cesz na przyk\u0142ad zdecydowa\u0107 si\u0119 na zakup samochodu s\u0142u\u017cbowego. Zalet\u0105 takiego rozwi\u0105zania jest to, \u017ce b\u0119dziesz jego pe\u0142noprawnym w\u0142a\u015bcicielem. Oznacza to, \u017ce masz swobod\u0119 dostosowywania samochodu s\u0142u\u017cbowego wed\u0142ug w\u0142asnego uznania. Zaleta bycia w\u0142a\u015bcicielem oznacza r\u00f3wnie\u017c, \u017ce nie obowi\u0105zuj\u0105 Ci\u0119 ograniczenia dotycz\u0105ce przebiegu, o czym musisz pami\u0119ta\u0107, bior\u0105c samoch\u00f3d s\u0142u\u017cbowy w leasing. Poniewa\u017c m\u00f3wimy tutaj o leasingu finansowym, nie obowi\u0105zuj\u0105 Ci\u0119 ograniczenia przebiegu. Ponadto w przypadku leasingu finansowego jeste\u015b w\u0142a\u015bcicielem pojazdu i mo\u017cesz robi\u0107 z nim, co chcesz. Wad\u0105 zakupu jest to, \u017ce mo\u017ce zmieni\u0107 przep\u0142yw got\u00f3wki lub nie b\u0119dziesz ju\u017c mie\u0107 mo\u017cliwo\u015bci inwestowania reszty.<\/p>\n<h2>Leasing Mercedesa Sprintera<\/h2>\n<p>Opr\u00f3cz zakupu samochodu firmowego od nas, masz r\u00f3wnie\u017c mo\u017cliwo\u015b\u0107 wzi\u0119cia go w leasing. Jest on przeznaczony specjalnie dla u\u017cytkownik\u00f3w biznesowych, kt\u00f3rym zale\u017cy na bezpiecze\u0144stwie. Je\u015bli zdecydujesz si\u0119 na nasz <a href=\"https:\/\/www.vdhurk.nl\/pl\/leasing-finansowy\/\">leasing finansowy<\/a> masz takie same prawa jak w momencie zakupu. Po up\u0142ywie tego okresu samoch\u00f3d s\u0142u\u017cbowy staje si\u0119 Twoj\u0105 w\u0142asno\u015bci\u0105.<\/p>\n<h2><b>Skorzystaj z naszego alertu magazynowego<\/b><\/h2>\n<p>Zawsze posiadamy bogaty asortyment pojazd\u00f3w u\u017cytkowych r\u00f3\u017cnych marek. Szukasz samochodu dostawczego Mercedes Sprinter, a Twojego idealnego pojazdu nie ma w\u015br\u00f3d nich? To mo\u017ce si\u0119 zdarzy\u0107. Nawet je\u015bli mamy du\u017cy wyb\u00f3r, odpowiedniego pojazdu u\u017cytkowego mo\u017ce nie by\u0107 w magazynie. Nie martw si\u0119, mo\u017cesz przekaza\u0107 swoje wymagania za po\u015brednictwem naszej strony internetowej. <a href=\"https:\/\/www.vdhurk.nl\/pl\/alarm-gieldowy\/\">alarm gie\u0142dowy<\/a>. Nasz zesp\u00f3\u0142 ds. zakup\u00f3w wyszuka dla Ciebie idealny pojazd u\u017cytkowy, kt\u00f3ry spe\u0142ni Twoje potrzeby.<\/p>\n<\/div><\/section>","protected":false},"excerpt":{"rendered":"","protected":false},"author":3,"featured_media":0,"parent":370573,"menu_order":0,"comment_status":"closed","ping_status":"closed","template":"","meta":{"_acf_changed":false,"_improvement_type_select":"improve_an_existing","_thumb_yes_seoaic":false,"_frame_yes_seoaic":false,"seoaic_generate_description":"","seoaic_improve_instructions_prompt":"","seoaic_rollback_content_improvement":"","seoaic_idea_thumbnail_generator":"","thumbnail_generated":false,"thumbnail_generate_prompt":"","seoaic_article_description":"","footnotes":""},"class_list":["post-393273","page","type-page","status-publish","hentry"],"acf":[],"yoast_head":"<!-- This site is optimized with the Yoast SEO plugin v27.2 - https:\/\/yoast.com\/product\/yoast-seo-wordpress\/ -->\n<title>Een Mercedes Sprinter occasion kopen? Bekijk het aanbod!<\/title>\n<meta name=\"description\" content=\"Ben je op zoek naar een betrouwbaar bedrijfsvoertuig? Kies dan voor de Mercedes Sprinter occasion. Bekijk de verschillende mogelijkheden.\" \/>\n<meta name=\"robots\" content=\"index, follow, max-snippet:-1, max-image-preview:large, max-video-preview:-1\" \/>\n<link rel=\"canonical\" href=\"https:\/\/www.vdhurk.nl\/pl\/mercedes-9\/sprinter\/\" \/>\n<meta property=\"og:locale\" content=\"pl_PL\" \/>\n<meta property=\"og:type\" content=\"article\" \/>\n<meta property=\"og:title\" content=\"Een Mercedes Sprinter occasion kopen? Bekijk het aanbod!\" \/>\n<meta property=\"og:description\" content=\"Ben je op zoek naar een betrouwbaar bedrijfsvoertuig? Kies dan voor de Mercedes Sprinter occasion. Bekijk de verschillende mogelijkheden.\" \/>\n<meta property=\"og:url\" content=\"https:\/\/www.vdhurk.nl\/pl\/mercedes-9\/sprinter\/\" \/>\n<meta property=\"og:site_name\" content=\"Van den Hurk Bedrijfswagens\" \/>\n<meta property=\"article:modified_time\" content=\"2024-07-08T11:59:27+00:00\" \/>\n<meta name=\"twitter:card\" content=\"summary_large_image\" \/>\n<meta name=\"twitter:label1\" content=\"Szacowany czas czytania\" \/>\n\t<meta name=\"twitter:data1\" content=\"6 minut\" \/>\n<script type=\"application\/ld+json\" class=\"yoast-schema-graph\">{\"@context\":\"https:\/\/schema.org\",\"@graph\":[{\"@type\":\"WebPage\",\"@id\":\"https:\/\/www.vdhurk.nl\/mercedes-bedrijfswagens\/sprinter\/\",\"url\":\"https:\/\/www.vdhurk.nl\/mercedes-bedrijfswagens\/sprinter\/\",\"name\":\"Een Mercedes Sprinter occasion kopen? Bekijk het aanbod!\",\"isPartOf\":{\"@id\":\"https:\/\/www.vdhurk.nl\/#website\"},\"datePublished\":\"2024-07-05T08:13:32+00:00\",\"dateModified\":\"2024-07-08T11:59:27+00:00\",\"description\":\"Ben je op zoek naar een betrouwbaar bedrijfsvoertuig? Kies dan voor de Mercedes Sprinter occasion. Bekijk de verschillende mogelijkheden.\",\"breadcrumb\":{\"@id\":\"https:\/\/www.vdhurk.nl\/mercedes-bedrijfswagens\/sprinter\/#breadcrumb\"},\"inLanguage\":\"pl-PL\",\"potentialAction\":[{\"@type\":\"ReadAction\",\"target\":[\"https:\/\/www.vdhurk.nl\/mercedes-bedrijfswagens\/sprinter\/\"]}]},{\"@type\":\"BreadcrumbList\",\"@id\":\"https:\/\/www.vdhurk.nl\/mercedes-bedrijfswagens\/sprinter\/#breadcrumb\",\"itemListElement\":[{\"@type\":\"ListItem\",\"position\":1,\"name\":\"Home\",\"item\":\"https:\/\/www.vdhurk.nl\/home\/\"},{\"@type\":\"ListItem\",\"position\":2,\"name\":\"Mercedes Bedrijfswagens\",\"item\":\"https:\/\/www.vdhurk.nl\/mercedes-bedrijfswagens\/\"},{\"@type\":\"ListItem\",\"position\":3,\"name\":\"Mercedes Sprinter\"}]},{\"@type\":\"WebSite\",\"@id\":\"https:\/\/www.vdhurk.nl\/#website\",\"url\":\"https:\/\/www.vdhurk.nl\/\",\"name\":\"Van den Hurk Bedrijfswagens\",\"description\":\"Van den Hurk bedrijfswagens Helmond\",\"potentialAction\":[{\"@type\":\"SearchAction\",\"target\":{\"@type\":\"EntryPoint\",\"urlTemplate\":\"https:\/\/www.vdhurk.nl\/?s={search_term_string}\"},\"query-input\":{\"@type\":\"PropertyValueSpecification\",\"valueRequired\":true,\"valueName\":\"search_term_string\"}}],\"inLanguage\":\"pl-PL\"}]}<\/script>\n<!-- \/ Yoast SEO plugin. -->","yoast_head_json":{"title":"Kupujesz Mercedesa Sprintera okazyjnie? Sprawd\u017a ofert\u0119!","description":"Szukasz niezawodnego pojazdu u\u017cytkowego? W takim razie wybierz okazj\u0119 Mercedes Sprinter. Sprawd\u017a r\u00f3\u017cne opcje.","robots":{"index":"index","follow":"follow","max-snippet":"max-snippet:-1","max-image-preview":"max-image-preview:large","max-video-preview":"max-video-preview:-1"},"canonical":"https:\/\/www.vdhurk.nl\/pl\/mercedes-9\/sprinter\/","og_locale":"pl_PL","og_type":"article","og_title":"Een Mercedes Sprinter occasion kopen? Bekijk het aanbod!","og_description":"Ben je op zoek naar een betrouwbaar bedrijfsvoertuig? Kies dan voor de Mercedes Sprinter occasion. Bekijk de verschillende mogelijkheden.","og_url":"https:\/\/www.vdhurk.nl\/pl\/mercedes-9\/sprinter\/","og_site_name":"Van den Hurk Bedrijfswagens","article_modified_time":"2024-07-08T11:59:27+00:00","twitter_card":"summary_large_image","twitter_misc":{"Szacowany czas czytania":"6 minut"},"schema":{"@context":"https:\/\/schema.org","@graph":[{"@type":"WebPage","@id":"https:\/\/www.vdhurk.nl\/mercedes-bedrijfswagens\/sprinter\/","url":"https:\/\/www.vdhurk.nl\/mercedes-bedrijfswagens\/sprinter\/","name":"Kupujesz Mercedesa Sprintera okazyjnie? Sprawd\u017a ofert\u0119!","isPartOf":{"@id":"https:\/\/www.vdhurk.nl\/#website"},"datePublished":"2024-07-05T08:13:32+00:00","dateModified":"2024-07-08T11:59:27+00:00","description":"Szukasz niezawodnego pojazdu u\u017cytkowego? W takim razie wybierz okazj\u0119 Mercedes Sprinter. Sprawd\u017a r\u00f3\u017cne opcje.","breadcrumb":{"@id":"https:\/\/www.vdhurk.nl\/mercedes-bedrijfswagens\/sprinter\/#breadcrumb"},"inLanguage":"pl-PL","potentialAction":[{"@type":"ReadAction","target":["https:\/\/www.vdhurk.nl\/mercedes-bedrijfswagens\/sprinter\/"]}]},{"@type":"BreadcrumbList","@id":"https:\/\/www.vdhurk.nl\/mercedes-bedrijfswagens\/sprinter\/#breadcrumb","itemListElement":[{"@type":"ListItem","position":1,"name":"Home","item":"https:\/\/www.vdhurk.nl\/home\/"},{"@type":"ListItem","position":2,"name":"Mercedes Bedrijfswagens","item":"https:\/\/www.vdhurk.nl\/mercedes-bedrijfswagens\/"},{"@type":"ListItem","position":3,"name":"Mercedes Sprinter"}]},{"@type":"WebSite","@id":"https:\/\/www.vdhurk.nl\/#website","url":"https:\/\/www.vdhurk.nl\/","name":"Van den Hurk - pojazdy u\u017cytkowe","description":"Van den Hurk pojazdy u\u017cytkowe Helmond","potentialAction":[{"@type":"SearchAction","target":{"@type":"EntryPoint","urlTemplate":"https:\/\/www.vdhurk.nl\/?s={search_term_string}"},"query-input":{"@type":"PropertyValueSpecification","valueRequired":true,"valueName":"search_term_string"}}],"inLanguage":"pl-PL"}]}},"_links":{"self":[{"href":"https:\/\/www.vdhurk.nl\/pl\/wp-json\/wp\/v2\/pages\/393273","targetHints":{"allow":["GET"]}}],"collection":[{"href":"https:\/\/www.vdhurk.nl\/pl\/wp-json\/wp\/v2\/pages"}],"about":[{"href":"https:\/\/www.vdhurk.nl\/pl\/wp-json\/wp\/v2\/types\/page"}],"author":[{"embeddable":true,"href":"https:\/\/www.vdhurk.nl\/pl\/wp-json\/wp\/v2\/users\/3"}],"replies":[{"embeddable":true,"href":"https:\/\/www.vdhurk.nl\/pl\/wp-json\/wp\/v2\/comments?post=393273"}],"version-history":[{"count":3,"href":"https:\/\/www.vdhurk.nl\/pl\/wp-json\/wp\/v2\/pages\/393273\/revisions"}],"predecessor-version":[{"id":393276,"href":"https:\/\/www.vdhurk.nl\/pl\/wp-json\/wp\/v2\/pages\/393273\/revisions\/393276"}],"up":[{"embeddable":true,"href":"https:\/\/www.vdhurk.nl\/pl\/wp-json\/wp\/v2\/pages\/370573"}],"wp:attachment":[{"href":"https:\/\/www.vdhurk.nl\/pl\/wp-json\/wp\/v2\/media?parent=393273"}],"curies":[{"name":"wp","href":"https:\/\/api.w.org\/{rel}","templated":true}]}}