{"id":376,"date":"2022-03-25T15:42:04","date_gmt":"2022-03-25T15:42:04","guid":{"rendered":"https:\/\/vdhurk.bonsaidev.nl\/?page_id=376"},"modified":"2023-03-01T14:08:43","modified_gmt":"2023-03-01T14:08:43","slug":"oswiadczenie-o-ochronie-prywatnosci","status":"publish","type":"page","link":"https:\/\/www.vdhurk.nl\/pl\/privacy-statement\/","title":{"rendered":"O\u015bwiadczenie o ochronie prywatno\u015bci"},"content":{"rendered":"<div id='av_section_1'  class='avia-section av-tnfrc-55d1006b5eac650927aead0b6f0c3c20 main_color avia-section-default avia-no-border-styling  avia-builder-el-0  avia-builder-el-no-sibling  avia-bg-style-scroll container_wrap fullsize'  ><div class='container av-section-cont-open' ><main  role=\"main\" itemprop=\"mainContentOfPage\"  class='template-page content  av-content-full alpha units'><div class='post-entry post-entry-type-page post-entry-376'><div class='entry-content-wrapper clearfix'>\n<div class='flex_column av-eqj20-98da9af89e6de8b5df0e523475af323b av_three_fifth  avia-builder-el-1  el_before_av_two_fifth  avia-builder-el-first  first flex_column_div'   ><style type=\"text\/css\" data-created_by=\"avia_inline_auto\" id=\"style-css-av-l16ldcgr-1954b0a741eb857bd19aa19c8f02044e\">\n#top .av_textblock_section.av-l16ldcgr-1954b0a741eb857bd19aa19c8f02044e .avia_textblock{\nfont-size:19px;\n}\n<\/style>\n<section  class='av_textblock_section av-l16ldcgr-1954b0a741eb857bd19aa19c8f02044e'  itemscope=\"itemscope\" itemtype=\"https:\/\/schema.org\/CreativeWork\" ><div class='avia_textblock av_inherit_color'  itemprop=\"text\" ><h1>O\u015bwiadczenie o ochronie prywatno\u015bci<\/h1>\n<p>Van den Hurk Bedrijfswagens powa\u017cnie traktuje Twoj\u0105 prywatno\u015b\u0107 i b\u0119dzie przetwarza\u0107 i wykorzystywa\u0107 Twoje dane w bezpieczny spos\u00f3b. Ta regulacja prywatno\u015bci dotyczy przetwarzania Twoich danych osobowych przez Van den Hurk Bedrijfswagens w ramach naszych us\u0142ug.<\/p>\n<p>Przetwarzanie danych osobowych obejmuje zbieranie, przechowywanie, modyfikowanie, konsultowanie lub niszczenie danych osobowych.<\/p>\n<p>Jak obs\u0142ugujemy Twoj\u0105 wizyt\u0119 na naszej stronie internetowej i wykorzystanie plik\u00f3w cookies opisujemy poni\u017cej.<\/p>\n<p>Van den Hurk Bedrijfswagens b\u0119dzie traktowa\u0142 Twoje dane z nale\u017cyt\u0105 staranno\u015bci\u0105 i b\u0119dzie przestrzega\u0142 obowi\u0105zuj\u0105cych przepis\u00f3w. Oznacza to, \u017ce Van den Hurk Bedrijfswagens:<\/p>\n<ul>\n<li>Informuje Ci\u0119 w spos\u00f3b jasny i otwarty o tym, jak i w jakim celu przetwarzane s\u0105 Twoje dane<\/li>\n<li>Przetwarza Twoje dane tylko w jasno uzgodnionym z Tob\u0105 celu Stosuje \u015brodki bezpiecze\u0144stwa, aby chroni\u0107 Twoje dane przed utrat\u0105 i kradzie\u017c\u0105<\/li>\n<li>Informowanie Pa\u0144stwa o prawach przys\u0142uguj\u0105cych w zwi\u0105zku z przetwarzanymi przez nas danymi osobowymi<\/li>\n<\/ul>\n<h2>Dlaczego przetwarzamy dane?<\/h2>\n<p>Van den Hurk Bedrijfswagens przetwarza Twoje dane, poniewa\u017c w niekt\u00f3rych przypadkach jeste\u015bmy do tego zobowi\u0105zani. Mo\u017cna pomy\u015ble\u0107 o danych do faktury, takich jak nazwisko, adres, kod pocztowy i miejsce zamieszkania. Ponadto chcieliby\u015bmy potwierdzi\u0107 nasze umowy ze sob\u0105 za po\u015brednictwem poczty elektronicznej lub, je\u015bli jest to po\u017c\u0105dane, telefonicznie.<\/p>\n<p>Przetwarzamy dane w celu realizacji m.in. nast\u0119puj\u0105cych dzia\u0142a\u0144:<\/p>\n<ul>\n<li>Proces notowania<\/li>\n<li>Proces zamawiania i fakturowania<\/li>\n<li>Ustanowienie gwarancji<\/li>\n<li>Przeprowadzanie jazd pr\u00f3bnych<\/li>\n<li>Prowadzenie dzia\u0142a\u0144 marketingowych<\/li>\n<li>Twoje dane osobowe<\/li>\n<\/ul>\n<h2>Inspekcja<\/h2>\n<p>Je\u015bli Van den Hurk Bedrijfswagens przetwarza Twoje dane osobowe, masz prawo do ich wgl\u0105du. Mo\u017cesz r\u00f3wnie\u017c za\u017c\u0105da\u0107 kopii tych danych.<\/p>\n<h2>Poprawa<\/h2>\n<p>Je\u017celi dane zosta\u0142y przez nas b\u0142\u0119dnie zapisane, maj\u0105 Pa\u0144stwo prawo do ich zmiany.<\/p>\n<h2>Usuwanie<\/h2>\n<p>Mo\u017cesz poprosi\u0107 nas o usuni\u0119cie z naszych system\u00f3w danych osobowych, kt\u00f3re przechowujemy na Tw\u00f3j temat. W niekt\u00f3rych przypadkach mo\u017cemy nie usun\u0105\u0107 danych ze wzgl\u0119du na inne zasady i przepisy prawa. B\u0119dziemy Ci\u0119 o tym informowa\u0107. Gdy usuniemy Twoje dane, nie b\u0119dziemy mogli ju\u017c informowa\u0107 Ci\u0119 o naszych promocjach i innych istotnych informacjach.<\/p>\n<h2>Dostarczanie danych<\/h2>\n<p>Mo\u017cesz poprosi\u0107 nas o dostarczenie Ci kopii Twoich danych osobowych przetwarzanych przez nas.  Van den Hurk Bedrijfswagens udost\u0119pni Ci je w powszechnie stosowanej i ustrukturyzowanej (cyfrowej) formie.<\/p>\n<h2>Bezpiecze\u0144stwo<\/h2>\n<p>Cz\u0119\u015bci\u0105 powa\u017cnego traktowania Twojej prywatno\u015bci jest ochrona Twoich danych osobowych. Van den Hurk Bedrijfswagens podejmuje szeroko zakrojone dzia\u0142ania w celu ochrony Twoich danych.<\/p>\n<p>Je\u017celi mimo podj\u0119cia wszelkich \u015brodk\u00f3w incydent bezpiecze\u0144stwa nadal b\u0119dzie mia\u0142 miejsce, do\u0142o\u017cymy wszelkich stara\u0144, aby zminimalizowa\u0107 jego skutki. Je\u015bli incydent bezpiecze\u0144stwa oka\u017ce si\u0119 naruszeniem danych, powiadomimy Urz\u0105d Ochrony Danych Osobowych.<\/p>\n<h2>Wnioskodawcy<\/h2>\n<p>Nawet je\u015bli ubiegasz si\u0119 o stanowisko w Van den Hurk Bedrijfswagens, powa\u017cnie traktujemy bezpiecze\u0144stwo Twoich danych osobowych. Chcieliby\u015bmy wyja\u015bni\u0107, jak post\u0119pujemy z podanymi przez Ciebie danymi osobowymi i jak zapewniamy ich bezpieczne przetwarzanie.<\/p>\n<p>W celu ubiegania si\u0119 o prac\u0119 w Van den Hurk Bedrijfswagens prosimy kandydat\u00f3w o przygotowanie listu motywacyjnego i przes\u0142anie go do nas wraz z \u017cyciorysem. Dane osobowe przekazane nam przez osoby ubiegaj\u0105ce si\u0119 o prac\u0119 b\u0119d\u0105 traktowane jako poufne i wykorzystywane wy\u0142\u0105cznie w celu przeprowadzenia procedury aplikacyjnej w Van den Hurk Bedrijfswagens. Wysy\u0142aj\u0105c list motywacyjny i\/lub e-mail z CV, kandydat wyra\u017ca zgod\u0119 na przetwarzanie danych osobowych przez van den Hurk Bedrijfswagens w ramach procedury aplikacyjnej.<\/p>\n<p>Van den Hurk Bedrijfswagens przetwarza dane osobowe niezb\u0119dne do przeprowadzenia procesu rekrutacji i selekcji. Dotyczy to nast\u0119puj\u0105cych danych:<\/p>\n<ul>\n<li>imi\u0119 i nazwisko oraz adres, adres e-mail i inne dane kontaktowe<\/li>\n<li>Data urodzenia, wiek i p\u0142e\u0107, stan cywilny, narodowo\u015b\u0107, kopia paszportu<\/li>\n<li>Curriculum vitae (CV) informacje o wykszta\u0142ceniu, sta\u017cach i do\u015bwiadczeniu zawodowym.<\/li>\n<li>Dane dotycz\u0105ce dost\u0119pno\u015bci i urlop\u00f3w<\/li>\n<li>Inne dane, kt\u00f3re mog\u0105 by\u0107 istotne w kontek\u015bcie oceny przydatno\u015bci kandydata, np. referencje i certyfikaty.<\/li>\n<\/ul>\n<p>Gromadzimy i przetwarzamy Twoje dane osobowe w nast\u0119puj\u0105cych celach:<\/p>\n<ul>\n<li>Aby skontaktowa\u0107 si\u0119 z Tob\u0105 z powodu wyra\u017conego przez Ciebie zainteresowania stanowiskiem w naszej organizacji<\/li>\n<li>Aby udost\u0119pni\u0107 Twoje dane mened\u017cerowi, kt\u00f3ry ma wolne miejsce pracy<\/li>\n<li>Ocena przydatno\u015bci kandydata na dane stanowisko<\/li>\n<li>Aby ewentualnie umie\u015bci\u0107 Ci\u0119 na li\u015bcie kandydat\u00f3w (je\u015bli wyrazi\u0142e\u015b na to zgod\u0119)<\/li>\n<li>W celu opracowania zanonimizowanych danych statystycznych dotycz\u0105cych procesu rekrutacji i selekcji.<\/li>\n<li>Twoje dane udost\u0119pniamy tylko wewn\u0119trznie kierownikowi odpowiedzialnemu za proces aplikacji. \u017badne dane nie s\u0105 udost\u0119pniane osobom trzecim, chyba \u017ce jeste\u015bmy do tego zobowi\u0105zani przez prawo.<\/li>\n<\/ul>\n<p>Przechowujemy Pa\u0144stwa dane osobowe bez zgody do 1 roku po zako\u0144czeniu procedury aplikacyjnej. Przechowywanie danych przez ten okres jest konieczne dla van den Hurk Bedrijfswagens, poniewa\u017c odpowiada to okresowi obowi\u0105zywania umowy tymczasowej. W przypadku, gdy umowa o prac\u0119 z nowym pracownikiem zostanie rozwi\u0105zana w ramach tej umowy, nadal mo\u017cna zwr\u00f3ci\u0107 si\u0119 do pozosta\u0142ych kandydat\u00f3w.<\/p>\n<p>Po up\u0142ywie 1 roku od zako\u0144czenia procesu aplikacji Twoje dane zostan\u0105 trwale usuni\u0119te z naszych system\u00f3w.<\/p>\n<p>Na \u017cyczenie kandydaci mog\u0105 zaznaczy\u0107, czy zgadzaj\u0105 si\u0119 na przechowywanie swoich danych przez d\u0142u\u017cszy czas, aby w razie pojawienia si\u0119 odpowiednich stanowisk w van den Hurk Bedrijfswagens mo\u017cna by\u0142o si\u0119 do nich ponownie zwr\u00f3ci\u0107. Je\u017celi wyrazili Pa\u0144stwo zgod\u0119 na umieszczenie na li\u015bcie kandydat\u00f3w, Pa\u0144stwa dane zostan\u0105 w ka\u017cdym przypadku usuni\u0119te w ci\u0105gu 2 lat od umieszczenia na li\u015bcie kandydat\u00f3w.<\/p>\n<p>Je\u017celi nie \u017cyczysz sobie, aby\u015bmy d\u0142u\u017cej przechowywali Twoje dane osobowe, usuniemy je niezw\u0142ocznie po zg\u0142oszeniu takiego \u017c\u0105dania. Mo\u017cesz nas o tym powiadomi\u0107 za po\u015brednictwem poczty elektronicznej: b.verhappen@vdhurk.nl W tym samym trybie mo\u017cesz zwr\u00f3ci\u0107 si\u0119 do nas z pro\u015bb\u0105 o wskazanie, jakie dane o Tobie przetwarzamy, lub poprosi\u0107 o uzupe\u0142nienie lub poprawienie Twoich danych.<\/p>\n<h2>Gdzie nale\u017cy si\u0119 uda\u0107 w przypadku pyta\u0144 i skarg<\/h2>\n<p>Je\u015bli po przeczytaniu niniejszego o\u015bwiadczenia o ochronie prywatno\u015bci nadal masz pytania dotycz\u0105ce przetwarzania danych osobowych przez van den Hurk Bedrijfswagens, wy\u015blij wiadomo\u015b\u0107 e-mail na adres: b.verhappen@vdhurk.nl .<\/p>\n<p><em>(Ten adres pocztowy mo\u017ce by\u0107 r\u00f3wnie\u017c wykorzystany w przypadku skarg dotycz\u0105cych przetwarzania danych osobowych).<\/em><\/p>\n<p>Je\u015bli uwa\u017casz, \u017ce Van den Hurk Bedrijfswagens narusza przepisy dotycz\u0105ce prywatno\u015bci, mo\u017cesz skontaktowa\u0107 si\u0119 z Urz\u0119dem Ochrony Danych Osobowych.<\/p>\n<h2>Polityka dotycz\u0105ca plik\u00f3w cookies<\/h2>\n<p>Van den Hurk Bedrijfswagens u\u017cywa plik\u00f3w cookie i innych technik na stronie internetowej vdhurk.nl. Pliki cookie to ma\u0142e pliki informacyjne, kt\u00f3re s\u0105 przechowywane na urz\u0105dzeniu, kt\u00f3rego u\u017cywasz do odwiedzenia naszej strony internetowej, takim jak komputer, tablet, smartfon lub smartwatch, podczas odwiedzania strony internetowej. Tam, gdzie poni\u017cej odnosimy si\u0119 do \"plik\u00f3w cookie\", mamy na my\u015bli r\u00f3wnie\u017c inne podobne techniki.<\/p>\n<p>Cookies umo\u017cliwiaj\u0105 rozpoznanie Twojej przegl\u0105darki internetowej. Przydatne, bo wtedy nie musisz ponownie wpisywa\u0107 swoich danych, wskazywa\u0107 swoich preferencji czy zmienia\u0107 ustawie\u0144. W ten spos\u00f3b mo\u017cemy r\u00f3wnie\u017c usprawni\u0107 dzia\u0142anie naszej strony internetowej, mo\u017cemy uzyska\u0107 wgl\u0105d w zachowanie odwiedzaj\u0105cych na stronie, a inne strony mog\u0105 uzyska\u0107 wgl\u0105d w Twoje zachowanie podczas surfowania, dzi\u0119ki czemu mog\u0105 pokazywa\u0107 spersonalizowane reklamy na wielu stronach internetowych i pomija\u0107 reklamy nie nadaj\u0105ce si\u0119 do ogl\u0105dania.<\/p>\n<p>Pliki cookie nie naruszaj\u0105 bezpiecze\u0144stwa komputera u\u017cytkownika.<\/p>\n<h2>Funkcjonalne i niefunkcjonalne pliki cookies<\/h2>\n<p>Pliki cookies mo\u017cna podzieli\u0107 na funkcjonalne i niefunkcjonalne. Funkcjonalne pliki cookies s\u0105 niezb\u0119dne do prawid\u0142owego funkcjonowania strony internetowej lub zapewniaj\u0105 szybkie i poprawne wy\u015bwietlanie Pa\u0144stwu po\u017c\u0105danych informacji przy ka\u017cdej wizycie na naszej stronie. Przydatne, bo wtedy nie musisz ponownie wpisywa\u0107 swoich danych, wskazywa\u0107 preferencji czy np. zmienia\u0107 ustawie\u0144. Niefunkcjonalne pliki cookie s\u0142u\u017c\u0105 do informowania nas o liczbie os\u00f3b odwiedzaj\u0105cych stron\u0119 internetow\u0105 oraz o tym, w jaki spos\u00f3b osoby te korzystaj\u0105 ze strony internetowej. Mo\u017cemy wykorzysta\u0107 te informacje do dalszego ulepszania naszej strony internetowej.<\/p>\n<p>U\u017cywamy r\u00f3wnie\u017c tych plik\u00f3w cookie, aby pokaza\u0107 Ci odpowiednie reklamy na innych stronach lub dostarczy\u0107 Ci ukierunkowane oferty.<\/p>\n<p>Pliki te znikaj\u0105 automatycznie po zamkni\u0119ciu przegl\u0105darki internetowej lub pozostaj\u0105 na komputerze u\u017cytkownika do 12 miesi\u0119cy od ostatniej wizyty.<\/p>\n<h2>Jakie s\u0105 ciasteczka?<\/h2>\n<p>Wyr\u00f3\u017cniamy r\u00f3\u017cne rodzaje plik\u00f3w cookies:<\/p>\n<h2>Funkcjonalne pliki cookie<\/h2>\n<p>S\u0105 one niezb\u0119dne do prawid\u0142owego funkcjonowania strony internetowej. Na przyk\u0142ad zapewniaj\u0105 szybkie i prawid\u0142owe wy\u015bwietlanie po\u017c\u0105danych informacji przy ka\u017cdej wizycie na naszej stronie internetowej. Nie trzeba prosi\u0107 o zgod\u0119 na umieszczenie funkcjonalnych plik\u00f3w cookie.<\/p>\n<h2>Analityczne pliki cookie<\/h2>\n<p>U\u017cywamy ich do analizowania sposobu korzystania z naszej strony internetowej, np. jak cz\u0119sto nasza strona jest odwiedzana, na jak\u0105 stron\u0119 u\u017cytkownik trafia na naszej stronie, jakie strony s\u0105 najcz\u0119\u015bciej klikane. Je\u015bli analityczne pliki cookies nie maj\u0105 wi\u0119kszego wp\u0142ywu na prywatno\u015b\u0107, zgoda nie jest wymagana, w przeciwnym razie jest wymagana.<\/p>\n<h2>\u015aledz\u0105ce pliki cookie<\/h2>\n<p>S\u0105 to pliki cookie, kt\u00f3re mog\u0105 \u015bledzi\u0107 Twoje zachowanie podczas przegl\u0105dania naszej strony internetowej. Umo\u017cliwia to reklamodawcom wy\u015bwietlanie spersonalizowanych reklam online w oparciu o Twoje zachowanie podczas surfowania. Prosimy o zgod\u0119 na umieszczenie tych plik\u00f3w cookie.<\/p>\n<h2>Pliki cookie wtyczek medi\u00f3w spo\u0142eczno\u015bciowych<\/h2>\n<p>Pliki cookie wtyczek medi\u00f3w spo\u0142eczno\u015bciowych s\u0105 u\u017cywane do wy\u015bwietlania tre\u015bci medi\u00f3w spo\u0142eczno\u015bciowych na naszej stronie internetowej. Prosimy o zgod\u0119 na ustawienie tych plik\u00f3w cookie.<\/p>\n<h2>Czy mo\u017cna te\u017c wy\u0142\u0105czy\u0107 pliki cookies?<\/h2>\n<p>Tak. Zawsze mo\u017cesz samodzielnie wy\u0142\u0105czy\u0107 pliki cookies lub usun\u0105\u0107 je ze swojego urz\u0105dzenia. Spos\u00f3b, w jaki mo\u017cesz to zrobi\u0107, r\u00f3\u017cni si\u0119 w zale\u017cno\u015bci od Twojej przegl\u0105darki internetowej i urz\u0105dzenia. Je\u015bli zdecydujesz si\u0119 usun\u0105\u0107 pliki cookies, strona internetowa mo\u017ce nie dzia\u0142a\u0107 optymalnie i mo\u017cesz nie mie\u0107 mo\u017cliwo\u015bci korzystania z niekt\u00f3rych us\u0142ug.<\/p>\n<h2>Czy ta polityka dotycz\u0105ca plik\u00f3w cookie mo\u017ce by\u0107 aktualizowana?<\/h2>\n<p>Niniejsza polityka dotycz\u0105ca plik\u00f3w cookie mo\u017ce by\u0107 w mi\u0119dzyczasie aktualizowana w celu og\u0142oszenia zmian. W przypadku wprowadzenia zmian w tym dokumencie, mo\u017cna sprawdzi\u0107, kiedy to by\u0142o ostatnio zrobione poprzez dat\u0119 na dole dokumentu.<br \/>\nJe\u015bli zamierzamy wykorzysta\u0107 pliki cookie, na kt\u00f3re wyrazi\u0142e\u015b zgod\u0119, do innych cel\u00f3w, poprosimy Ci\u0119 o zgod\u0119 na to.<\/p>\n<h2>Zabezpieczenie kamer\u0105<\/h2>\n<p>Nasz oddzia\u0142 wyposa\u017cony jest w kamery. Jest to wa\u017cne dla Pa\u0144stwa bezpiecze\u0144stwa, ale tak\u017ce dla bezpiecze\u0144stwa naszych wsp\u00f3\u0142pracownik\u00f3w i mienia. Obrazy z kamer s\u0105 usuwane po up\u0142ywie maksymalnie jednego (1) miesi\u0105ca, chyba \u017ce istniej\u0105 wa\u017cne powody, aby zachowa\u0107 obrazy d\u0142u\u017cej, np. w celu przeprowadzenia dochodzenia przez agencj\u0119 detektywistyczn\u0105 lub policj\u0119.<\/p>\n<\/div><\/section><\/div><div class='flex_column av-7liqo-016a5e0ee5097bef6531dd82f299c2ff av_two_fifth  avia-builder-el-3  el_after_av_three_fifth  avia-builder-el-last  flex_column_div'   ><div  class='avia-video av-l6w3d0db-e928fa2b2410f0230ec7d150903ec468 avia-video-16-9 av-no-preview-image avia-video-load-always av-lazyload-immediate av-lazyload-video-embed'  itemprop=\"video\" itemtype=\"https:\/\/schema.org\/VideoObject\"  data-original_url='https:\/\/www.youtube.com\/watch?v=9fT_2naEIwI'><script type='text\/html' class='av-video-tmpl'><div class='avia-iframe-wrap'><iframe loading=\"lazy\" title=\"van den hurk promo\" width=\"1500\" height=\"844\" src=\"https:\/\/www.youtube.com\/embed\/9fT_2naEIwI?feature=oembed&autoplay=1&loop=0&controls=1&mute=1\" frameborder=\"0\" allow=\"accelerometer; autoplay; clipboard-write; encrypted-media; gyroscope; picture-in-picture\" allowfullscreen><\/iframe><\/div><\/script><div class='av-click-to-play-overlay'><div class=\"avia_playpause_icon\"><\/div><\/div><\/div><\/div>","protected":false},"excerpt":{"rendered":"","protected":false},"author":1,"featured_media":0,"parent":0,"menu_order":0,"comment_status":"closed","ping_status":"closed","template":"","meta":{"_acf_changed":false,"_improvement_type_select":"improve_an_existing","_thumb_yes_seoaic":false,"_frame_yes_seoaic":false,"seoaic_generate_description":"","seoaic_improve_instructions_prompt":"","seoaic_rollback_content_improvement":"","seoaic_idea_thumbnail_generator":"","thumbnail_generated":false,"thumbnail_generate_prompt":"","seoaic_article_description":"","footnotes":""},"class_list":["post-376","page","type-page","status-publish","hentry"],"acf":[],"yoast_head":"<!-- This site is optimized with the Yoast SEO plugin v27.2 - https:\/\/yoast.com\/product\/yoast-seo-wordpress\/ -->\n<title>Privacy statement - Van den Hurk Bedrijfswagens<\/title>\n<meta name=\"robots\" content=\"index, follow, max-snippet:-1, max-image-preview:large, max-video-preview:-1\" \/>\n<link rel=\"canonical\" href=\"https:\/\/www.vdhurk.nl\/pl\/oswiadczenie-o-ochronie-prywatnosci\/\" \/>\n<meta property=\"og:locale\" content=\"pl_PL\" \/>\n<meta property=\"og:type\" content=\"article\" \/>\n<meta property=\"og:title\" content=\"Privacy statement - Van den Hurk Bedrijfswagens\" \/>\n<meta property=\"og:url\" content=\"https:\/\/www.vdhurk.nl\/pl\/oswiadczenie-o-ochronie-prywatnosci\/\" \/>\n<meta property=\"og:site_name\" content=\"Van den Hurk Bedrijfswagens\" \/>\n<meta property=\"article:modified_time\" content=\"2023-03-01T14:08:43+00:00\" \/>\n<meta name=\"twitter:card\" content=\"summary_large_image\" \/>\n<meta name=\"twitter:label1\" content=\"Szacowany czas czytania\" \/>\n\t<meta name=\"twitter:data1\" content=\"10 minut\" \/>\n<script type=\"application\/ld+json\" class=\"yoast-schema-graph\">{\"@context\":\"https:\/\/schema.org\",\"@graph\":[{\"@type\":\"WebPage\",\"@id\":\"https:\/\/www.vdhurk.nl\/privacy-statement\/\",\"url\":\"https:\/\/www.vdhurk.nl\/privacy-statement\/\",\"name\":\"Privacy statement - Van den Hurk Bedrijfswagens\",\"isPartOf\":{\"@id\":\"https:\/\/www.vdhurk.nl\/#website\"},\"datePublished\":\"2022-03-25T15:42:04+00:00\",\"dateModified\":\"2023-03-01T14:08:43+00:00\",\"breadcrumb\":{\"@id\":\"https:\/\/www.vdhurk.nl\/privacy-statement\/#breadcrumb\"},\"inLanguage\":\"pl-PL\",\"potentialAction\":[{\"@type\":\"ReadAction\",\"target\":[\"https:\/\/www.vdhurk.nl\/privacy-statement\/\"]}]},{\"@type\":\"BreadcrumbList\",\"@id\":\"https:\/\/www.vdhurk.nl\/privacy-statement\/#breadcrumb\",\"itemListElement\":[{\"@type\":\"ListItem\",\"position\":1,\"name\":\"Home\",\"item\":\"https:\/\/www.vdhurk.nl\/home\/\"},{\"@type\":\"ListItem\",\"position\":2,\"name\":\"Privacy statement\"}]},{\"@type\":\"WebSite\",\"@id\":\"https:\/\/www.vdhurk.nl\/#website\",\"url\":\"https:\/\/www.vdhurk.nl\/\",\"name\":\"Van den Hurk Bedrijfswagens\",\"description\":\"Van den Hurk bedrijfswagens Helmond\",\"potentialAction\":[{\"@type\":\"SearchAction\",\"target\":{\"@type\":\"EntryPoint\",\"urlTemplate\":\"https:\/\/www.vdhurk.nl\/?s={search_term_string}\"},\"query-input\":{\"@type\":\"PropertyValueSpecification\",\"valueRequired\":true,\"valueName\":\"search_term_string\"}}],\"inLanguage\":\"pl-PL\"}]}<\/script>\n<!-- \/ Yoast SEO plugin. -->","yoast_head_json":{"title":"O\u015bwiadczenie o ochronie prywatno\u015bci - Van den Hurk Bedrijfswagens","robots":{"index":"index","follow":"follow","max-snippet":"max-snippet:-1","max-image-preview":"max-image-preview:large","max-video-preview":"max-video-preview:-1"},"canonical":"https:\/\/www.vdhurk.nl\/pl\/oswiadczenie-o-ochronie-prywatnosci\/","og_locale":"pl_PL","og_type":"article","og_title":"Privacy statement - Van den Hurk Bedrijfswagens","og_url":"https:\/\/www.vdhurk.nl\/pl\/oswiadczenie-o-ochronie-prywatnosci\/","og_site_name":"Van den Hurk Bedrijfswagens","article_modified_time":"2023-03-01T14:08:43+00:00","twitter_card":"summary_large_image","twitter_misc":{"Szacowany czas czytania":"10 minut"},"schema":{"@context":"https:\/\/schema.org","@graph":[{"@type":"WebPage","@id":"https:\/\/www.vdhurk.nl\/privacy-statement\/","url":"https:\/\/www.vdhurk.nl\/privacy-statement\/","name":"O\u015bwiadczenie o ochronie prywatno\u015bci - Van den Hurk Bedrijfswagens","isPartOf":{"@id":"https:\/\/www.vdhurk.nl\/#website"},"datePublished":"2022-03-25T15:42:04+00:00","dateModified":"2023-03-01T14:08:43+00:00","breadcrumb":{"@id":"https:\/\/www.vdhurk.nl\/privacy-statement\/#breadcrumb"},"inLanguage":"pl-PL","potentialAction":[{"@type":"ReadAction","target":["https:\/\/www.vdhurk.nl\/privacy-statement\/"]}]},{"@type":"BreadcrumbList","@id":"https:\/\/www.vdhurk.nl\/privacy-statement\/#breadcrumb","itemListElement":[{"@type":"ListItem","position":1,"name":"Home","item":"https:\/\/www.vdhurk.nl\/home\/"},{"@type":"ListItem","position":2,"name":"Privacy statement"}]},{"@type":"WebSite","@id":"https:\/\/www.vdhurk.nl\/#website","url":"https:\/\/www.vdhurk.nl\/","name":"Van den Hurk - pojazdy u\u017cytkowe","description":"Van den Hurk pojazdy u\u017cytkowe Helmond","potentialAction":[{"@type":"SearchAction","target":{"@type":"EntryPoint","urlTemplate":"https:\/\/www.vdhurk.nl\/?s={search_term_string}"},"query-input":{"@type":"PropertyValueSpecification","valueRequired":true,"valueName":"search_term_string"}}],"inLanguage":"pl-PL"}]}},"_links":{"self":[{"href":"https:\/\/www.vdhurk.nl\/pl\/wp-json\/wp\/v2\/pages\/376","targetHints":{"allow":["GET"]}}],"collection":[{"href":"https:\/\/www.vdhurk.nl\/pl\/wp-json\/wp\/v2\/pages"}],"about":[{"href":"https:\/\/www.vdhurk.nl\/pl\/wp-json\/wp\/v2\/types\/page"}],"author":[{"embeddable":true,"href":"https:\/\/www.vdhurk.nl\/pl\/wp-json\/wp\/v2\/users\/1"}],"replies":[{"embeddable":true,"href":"https:\/\/www.vdhurk.nl\/pl\/wp-json\/wp\/v2\/comments?post=376"}],"version-history":[{"count":11,"href":"https:\/\/www.vdhurk.nl\/pl\/wp-json\/wp\/v2\/pages\/376\/revisions"}],"predecessor-version":[{"id":162021,"href":"https:\/\/www.vdhurk.nl\/pl\/wp-json\/wp\/v2\/pages\/376\/revisions\/162021"}],"wp:attachment":[{"href":"https:\/\/www.vdhurk.nl\/pl\/wp-json\/wp\/v2\/media?parent=376"}],"curies":[{"name":"wp","href":"https:\/\/api.w.org\/{rel}","templated":true}]}}