{"id":372079,"date":"2024-04-15T16:53:39","date_gmt":"2024-04-15T14:53:39","guid":{"rendered":"https:\/\/www.vdhurk.nl\/?page_id=372079"},"modified":"2024-04-16T14:11:22","modified_gmt":"2024-04-16T12:11:22","slug":"mercedes-13","status":"publish","type":"page","link":"https:\/\/www.vdhurk.nl\/pl\/volkswagen-bedrijfswagens\/","title":{"rendered":"Volkswagen Samochody U\u017cytkowe"},"content":{"rendered":"<section  class='av_textblock_section av-lu8gnh7d-4ac895489941e586c1d7c8cb72318135'  itemscope=\"itemscope\" itemtype=\"https:\/\/schema.org\/CreativeWork\" ><div class='avia_textblock'  itemprop=\"text\" ><h1><b>Bezpiecznie na drodze z samochodami u\u017cytkowymi Volkswagen<\/b><\/h1>\n<p>Volkswagen osi\u0105gn\u0105\u0142 wysok\u0105 pozycj\u0119 w bran\u017cy motoryzacyjnej. Marka zawdzi\u0119cza to po cz\u0119\u015bci swojej innowacyjno\u015bci i zr\u00f3wnowa\u017conemu rozwojowi. Jako lider w dziedzinie mobilno\u015bci, marka oferuje funkcjonalne pojazdy, kt\u00f3re doskonale nadaj\u0105 si\u0119 do u\u017cytku biznesowego. Samochody u\u017cytkowe Volkswagen symbolizuj\u0105 niezawodno\u015b\u0107 i post\u0119p.<\/p>\n<\/div><\/section>\n\n<style type=\"text\/css\" data-created_by=\"avia_inline_auto\" id=\"style-css-av-lujjddpd-afa3d7a9eabd61123e643ed1228e781e\">\n#top .hr.hr-invisible.av-lujjddpd-afa3d7a9eabd61123e643ed1228e781e{\nheight:50px;\n}\n<\/style>\n<div  class='hr av-lujjddpd-afa3d7a9eabd61123e643ed1228e781e hr-invisible  avia-builder-el-1  el_after_av_textblock  el_before_av_codeblock'><span class='hr-inner'><span class=\"hr-inner-style\"><\/span><\/span><\/div>\n\n\n<style type=\"text\/css\" data-created_by=\"avia_inline_auto\" id=\"style-css-av-ah0xd-63338d9dc6b40410e22a712829c369d6\">\n#top .hr.hr-invisible.av-ah0xd-63338d9dc6b40410e22a712829c369d6{\nheight:50px;\n}\n<\/style>\n<div  class='hr av-ah0xd-63338d9dc6b40410e22a712829c369d6 hr-invisible  avia-builder-el-3  el_after_av_codeblock  el_before_av_buttonrow'><span class='hr-inner'><span class=\"hr-inner-style\"><\/span><\/span><\/div>\n<div  class='avia-buttonrow-wrap av-lujhssae-cff7d852879371e1ec58a3b104a5d229 avia-buttonrow-center  avia-builder-el-4  el_after_av_hr  el_before_av_hr'>\n\n<style type=\"text\/css\" data-created_by=\"avia_inline_auto\" id=\"style-css-av-lujhtay0-66b3e0c2bf74ffb01ae6511bbad0699a\">\n#top #wrap_all .avia-button.av-lujhtay0-66b3e0c2bf74ffb01ae6511bbad0699a{\nmargin-bottom:5px;\nmargin-right:3px;\nmargin-left:3px;\n}\n<\/style>\n<a href='https:\/\/www.vdhurk.nl\/pl\/pojazdy-uzytkowe\/#q1bKTS3KVrJSKsvPyS4uT0xPzVPSUcovSkktSqoEChcUZWYV65UB1eTnF4A58QWJRSWZyaU5malFVimpxclKtQA'  class='avia-button av-lujhtay0-66b3e0c2bf74ffb01ae6511bbad0699a avia-icon_select-yes-right-icon avia-size-x-large avia-color-theme-color'  ><span class='avia_iconbox_title' >Ciekawi Ci\u0119 pe\u0142na oferta samochod\u00f3w u\u017cytkowych Volkswagen? Zapraszamy do zapoznania si\u0119!<\/span><span class='avia_button_icon avia_button_icon_right' aria-hidden='true' data-av_icon='\ue871' data-av_iconfont='entypo-fontello'><\/span><\/a>\n<\/div>\n\n<style type=\"text\/css\" data-created_by=\"avia_inline_auto\" id=\"style-css-av-o1d5-cf77288da24053faf1b6ffbefcfc6222\">\n#top .hr.hr-invisible.av-o1d5-cf77288da24053faf1b6ffbefcfc6222{\nheight:50px;\n}\n<\/style>\n<div  class='hr av-o1d5-cf77288da24053faf1b6ffbefcfc6222 hr-invisible  avia-builder-el-5  el_after_av_buttonrow  el_before_av_textblock'><span class='hr-inner'><span class=\"hr-inner-style\"><\/span><\/span><\/div>\n<section  class='av_textblock_section av-lu8gow1e-300853e458ed741bd87d6cb78e55cc7a'  itemscope=\"itemscope\" itemtype=\"https:\/\/schema.org\/CreativeWork\" ><div class='avia_textblock'  itemprop=\"text\" ><h2><b>Historia firmy Volkswagen<\/b><\/h2>\n<p>Volkswagen ma bogat\u0105 histori\u0119. Przez lata Volkswagen ugruntowa\u0142 swoj\u0105 pozycj\u0119 lidera na rynku pojazd\u00f3w u\u017cytkowych. Stawia na innowacyjno\u015b\u0107, jako\u015b\u0107 i niezawodno\u015b\u0107. Marka stale rozwija i dostosowuje swoje pojazdy u\u017cytkowe, aby sprosta\u0107 potrzebom u\u017cytkownik\u00f3w biznesowych. Produkowane modele obejmuj\u0105 zar\u00f3wno kompaktowe samochody dostawcze, jak i solidne pojazdy u\u017cytkowe nadaj\u0105ce si\u0119 do szerokiej gamy zastosowa\u0144. Marka jest obecna na ca\u0142ym \u015bwiecie i pozostaje wa\u017cnym graczem w bran\u017cy motoryzacyjnej, pozostaj\u0105c wiern\u0105 swojemu kunsztowi.<\/p>\n<h2><strong>Korzy\u015bci: dlaczego autobusy Volkswagena s\u0105 tak popularne?<\/strong><\/h2>\n<ul>\n<li aria-level=\"1\"><b>Niezawodno\u015b\u0107<\/b>Marka znana jest z niezawodnych pojazd\u00f3w u\u017cytkowych, co jest niezb\u0119dne dla przedsi\u0119biorstw, kt\u00f3re codziennie poruszaj\u0105 si\u0119 po drogach.<\/li>\n<li aria-level=\"1\"><b>Wszechstronno\u015b\u0107<\/b>Oferta Volkswagena obejmuje szerok\u0105 gam\u0119 modeli. Od kompaktowych van\u00f3w po wi\u0119ksze pojazdy u\u017cytkowe. Dzi\u0119ki temu u\u017cytkownicy biznesowi mog\u0105 zawsze znale\u017a\u0107 odpowiednie rozwi\u0105zanie odpowiadaj\u0105ce ich konkretnym potrzebom.<\/li>\n<li aria-level=\"1\"><b>Komfort i wydajno\u015b\u0107<\/b>Modele tej marki oferuj\u0105 komfortowe wra\u017cenia z jazdy i oszcz\u0119dno\u015b\u0107 paliwa. Jest to szczeg\u00f3lnie wa\u017cne dla u\u017cytkownik\u00f3w o du\u017cym przebiegu.<\/li>\n<li aria-level=\"1\"><b>Innowacyjne rozwi\u0105zania<\/b>Marka nadal inwestuje w innowacyjne technologie i funkcje. Obejmuj\u0105 one zaawansowane funkcje bezpiecze\u0144stwa i ekologiczne uk\u0142ady nap\u0119dowe. Dzi\u0119ki temu s\u0105 one atrakcyjne dla u\u017cytkownik\u00f3w biznesowych poszukuj\u0105cych nowoczesnych rozwi\u0105za\u0144.<\/li>\n<li aria-level=\"1\"><b>Dobra reputacja<\/b>Przez dziesi\u0119ciolecia marka zyska\u0142a dobr\u0105 reputacj\u0119. Jest postrzegana jako niezawodna marka samochod\u00f3w odpowiednich do u\u017cytku biznesowego.<\/li>\n<\/ul>\n<p><b>Do czego najcz\u0119\u015bciej wykorzystywane s\u0105 samochody u\u017cytkowe Volkswagen?<\/b><\/p>\n<p>Samochody u\u017cytkowe Volkswagena s\u0105 wykorzystywane do r\u00f3\u017cnych cel\u00f3w biznesowych. Ich wszechstronno\u015b\u0107, niezawodno\u015b\u0107 i wydajno\u015b\u0107 sprawiaj\u0105, \u017ce modele te doskonale nadaj\u0105 si\u0119 do r\u00f3\u017cnych zastosowa\u0144. S\u0105 one najcz\u0119\u015bciej u\u017cywane do:<\/p>\n<ul>\n<li aria-level=\"1\"><b>Transport towar\u00f3w<\/b>: Autobusy i inne pojazdy u\u017cytkowe tej marki s\u0105 cz\u0119sto wykorzystywane do transportu towar\u00f3w: od ma\u0142ych dostaw po du\u017ce \u0142adunki. Pojazdy u\u017cytkowe Volkswagena oferuj\u0105 przestronn\u0105 przestrze\u0144 \u0142adunkow\u0105, a nawet mog\u0105 by\u0107 wyposa\u017cone w r\u00f3\u017cne opcje przechowywania, aby spe\u0142ni\u0107 specyficzne potrzeby firm.<\/li>\n<li aria-level=\"1\"><b>Serwis i konserwacja<\/b>Mechanicy, elektrycy, hydraulicy i inni profesjonali\u015bci cz\u0119sto korzystaj\u0105 z samochod\u00f3w marki Volkswagen, aby doje\u017cd\u017ca\u0107 do miejsc wykonywania prac serwisowych i konserwacyjnych. Pojazdy te zapewniaj\u0105 miejsce na narz\u0119dzia i sprz\u0119t. Ponadto pojazdy te maj\u0105 r\u00f3wnie\u017c wygodne kabiny na d\u0142ugie dystanse.<\/li>\n<li aria-level=\"1\"><b>Transport pasa\u017cerski<\/b>Modele te nadaj\u0105 si\u0119 nie tylko do transportu towar\u00f3w, ale tak\u017ce personelu. Pomy\u015blmy na przyk\u0142ad o us\u0142ugach wahad\u0142owych dla pracownik\u00f3w, taks\u00f3wkach, us\u0142ugach hotelowych i autobusach wahad\u0142owych na imprezy.<\/li>\n<\/ul>\n<h2><b>Mo\u017cliwo\u015bci finansowe<\/b><\/h2>\n<p>Je\u015bli jeste\u015b zainteresowany Volkswagenem, masz kilka opcji dotycz\u0105cych zakupu pojazdu u\u017cytkowego. Pierwsza opcja jest najbardziej oczywista, a mianowicie zakup samochodu dostawczego Volkswagen. Kupuj\u0105c pojazd, stajesz si\u0119 jego w\u0142a\u015bcicielem i nie musisz zajmowa\u0107 si\u0119 na przyk\u0142ad ograniczeniami dotycz\u0105cymi przebiegu. Drug\u0105 opcj\u0105 oferowan\u0105 przez Van den Hurk jest leasing busa Volkswagen. Przy <a href=\"https:\/\/www.vdhurk.nl\/pl\/leasing-finansowy\/\">leasing<\/a> zalet\u0105 s\u0105 ni\u017csze koszty pocz\u0105tkowe. Ponadto koszty s\u0105 bardziej przewidywalne. Chcesz wiedzie\u0107, jaka opcja jest dla Ciebie najlepsza? Ch\u0119tnie Ci w tym pomo\u017cemy!<\/p>\n<h2><b>Modele u\u017cywane<\/b><\/h2>\n<p>W Van den Hurk mo\u017cesz wybra\u0107 okazj\u0119 na autobus Volkswagena. U\u017cywane pojazdy u\u017cytkowe s\u0105 popularne w\u015br\u00f3d wielu u\u017cytkownik\u00f3w biznesowych. Dzieje si\u0119 tak, poniewa\u017c s\u0105 niezawodne i niedrogie. W rzeczywisto\u015bci zakup Volkswagena busa z drugiej r\u0119ki jest o wiele ta\u0144szy ni\u017c wyb\u00f3r nowego modelu. Ch\u0119tnie pomo\u017cemy znale\u017a\u0107 model odpowiedni do konkretnych potrzeb.<\/p>\n<\/div><\/section>","protected":false},"excerpt":{"rendered":"","protected":false},"author":3,"featured_media":0,"parent":0,"menu_order":0,"comment_status":"closed","ping_status":"closed","template":"","meta":{"_acf_changed":false,"_improvement_type_select":"improve_an_existing","_thumb_yes_seoaic":false,"_frame_yes_seoaic":false,"seoaic_generate_description":"","seoaic_improve_instructions_prompt":"","seoaic_rollback_content_improvement":"","seoaic_idea_thumbnail_generator":"","thumbnail_generated":false,"thumbnail_generate_prompt":"","seoaic_article_description":"","footnotes":""},"class_list":["post-372079","page","type-page","status-publish","hentry"],"acf":[],"yoast_head":"<!-- This site is optimized with the Yoast SEO plugin v27.5 - https:\/\/yoast.com\/product\/yoast-seo-wordpress\/ -->\n<title>Alles onder \u00e9\u00e9n dak met de Volkswagen bedrijfswagens<\/title>\n<meta name=\"description\" content=\"Ben jij op zoek naar een goed functionerend voertuig voor zakelijk gebruik? Ontdek dan alles over de Volkswagen bedrijfswagens.\" \/>\n<meta name=\"robots\" content=\"index, follow, max-snippet:-1, max-image-preview:large, max-video-preview:-1\" \/>\n<link rel=\"canonical\" href=\"https:\/\/www.vdhurk.nl\/pl\/mercedes-13\/\" \/>\n<meta property=\"og:locale\" content=\"pl_PL\" \/>\n<meta property=\"og:type\" content=\"article\" \/>\n<meta property=\"og:title\" content=\"Alles onder \u00e9\u00e9n dak met de Volkswagen bedrijfswagens\" \/>\n<meta property=\"og:description\" content=\"Ben jij op zoek naar een goed functionerend voertuig voor zakelijk gebruik? Ontdek dan alles over de Volkswagen bedrijfswagens.\" \/>\n<meta property=\"og:url\" content=\"https:\/\/www.vdhurk.nl\/pl\/mercedes-13\/\" \/>\n<meta property=\"og:site_name\" content=\"Van den Hurk Bedrijfswagens\" \/>\n<meta property=\"article:modified_time\" content=\"2024-04-16T12:11:22+00:00\" \/>\n<meta name=\"twitter:card\" content=\"summary_large_image\" \/>\n<meta name=\"twitter:label1\" content=\"Szacowany czas czytania\" \/>\n\t<meta name=\"twitter:data1\" content=\"4 minuty\" \/>\n<script type=\"application\/ld+json\" class=\"yoast-schema-graph\">{\"@context\":\"https:\\\/\\\/schema.org\",\"@graph\":[{\"@type\":\"WebPage\",\"@id\":\"https:\\\/\\\/www.vdhurk.nl\\\/volkswagen-bedrijfswagens\\\/\",\"url\":\"https:\\\/\\\/www.vdhurk.nl\\\/volkswagen-bedrijfswagens\\\/\",\"name\":\"Alles onder \u00e9\u00e9n dak met de Volkswagen bedrijfswagens\",\"isPartOf\":{\"@id\":\"https:\\\/\\\/www.vdhurk.nl\\\/#website\"},\"datePublished\":\"2024-04-15T14:53:39+00:00\",\"dateModified\":\"2024-04-16T12:11:22+00:00\",\"description\":\"Ben jij op zoek naar een goed functionerend voertuig voor zakelijk gebruik? Ontdek dan alles over de Volkswagen bedrijfswagens.\",\"breadcrumb\":{\"@id\":\"https:\\\/\\\/www.vdhurk.nl\\\/volkswagen-bedrijfswagens\\\/#breadcrumb\"},\"inLanguage\":\"pl-PL\",\"potentialAction\":[{\"@type\":\"ReadAction\",\"target\":[\"https:\\\/\\\/www.vdhurk.nl\\\/volkswagen-bedrijfswagens\\\/\"]}]},{\"@type\":\"BreadcrumbList\",\"@id\":\"https:\\\/\\\/www.vdhurk.nl\\\/volkswagen-bedrijfswagens\\\/#breadcrumb\",\"itemListElement\":[{\"@type\":\"ListItem\",\"position\":1,\"name\":\"Home\",\"item\":\"https:\\\/\\\/www.vdhurk.nl\\\/home\\\/\"},{\"@type\":\"ListItem\",\"position\":2,\"name\":\"Volkswagen Bedrijfswagens\"}]},{\"@type\":\"WebSite\",\"@id\":\"https:\\\/\\\/www.vdhurk.nl\\\/#website\",\"url\":\"https:\\\/\\\/www.vdhurk.nl\\\/\",\"name\":\"Van den Hurk Bedrijfswagens\",\"description\":\"Van den Hurk bedrijfswagens Helmond\",\"potentialAction\":[{\"@type\":\"SearchAction\",\"target\":{\"@type\":\"EntryPoint\",\"urlTemplate\":\"https:\\\/\\\/www.vdhurk.nl\\\/?s={search_term_string}\"},\"query-input\":{\"@type\":\"PropertyValueSpecification\",\"valueRequired\":true,\"valueName\":\"search_term_string\"}}],\"inLanguage\":\"pl-PL\"}]}<\/script>\n<!-- \/ Yoast SEO plugin. -->","yoast_head_json":{"title":"Wszystko pod jednym dachem z pojazdami u\u017cytkowymi Volkswagen","description":"Szukasz wydajnego pojazdu do u\u017cytku biznesowego? W takim razie dowiedz si\u0119 wszystkiego o samochodach u\u017cytkowych Volkswagen.","robots":{"index":"index","follow":"follow","max-snippet":"max-snippet:-1","max-image-preview":"max-image-preview:large","max-video-preview":"max-video-preview:-1"},"canonical":"https:\/\/www.vdhurk.nl\/pl\/mercedes-13\/","og_locale":"pl_PL","og_type":"article","og_title":"Alles onder \u00e9\u00e9n dak met de Volkswagen bedrijfswagens","og_description":"Ben jij op zoek naar een goed functionerend voertuig voor zakelijk gebruik? Ontdek dan alles over de Volkswagen bedrijfswagens.","og_url":"https:\/\/www.vdhurk.nl\/pl\/mercedes-13\/","og_site_name":"Van den Hurk Bedrijfswagens","article_modified_time":"2024-04-16T12:11:22+00:00","twitter_card":"summary_large_image","twitter_misc":{"Szacowany czas czytania":"4 minuty"},"schema":{"@context":"https:\/\/schema.org","@graph":[{"@type":"WebPage","@id":"https:\/\/www.vdhurk.nl\/volkswagen-bedrijfswagens\/","url":"https:\/\/www.vdhurk.nl\/volkswagen-bedrijfswagens\/","name":"Wszystko pod jednym dachem z pojazdami u\u017cytkowymi Volkswagen","isPartOf":{"@id":"https:\/\/www.vdhurk.nl\/#website"},"datePublished":"2024-04-15T14:53:39+00:00","dateModified":"2024-04-16T12:11:22+00:00","description":"Szukasz wydajnego pojazdu do u\u017cytku biznesowego? W takim razie dowiedz si\u0119 wszystkiego o samochodach u\u017cytkowych Volkswagen.","breadcrumb":{"@id":"https:\/\/www.vdhurk.nl\/volkswagen-bedrijfswagens\/#breadcrumb"},"inLanguage":"pl-PL","potentialAction":[{"@type":"ReadAction","target":["https:\/\/www.vdhurk.nl\/volkswagen-bedrijfswagens\/"]}]},{"@type":"BreadcrumbList","@id":"https:\/\/www.vdhurk.nl\/volkswagen-bedrijfswagens\/#breadcrumb","itemListElement":[{"@type":"ListItem","position":1,"name":"Home","item":"https:\/\/www.vdhurk.nl\/home\/"},{"@type":"ListItem","position":2,"name":"Volkswagen Bedrijfswagens"}]},{"@type":"WebSite","@id":"https:\/\/www.vdhurk.nl\/#website","url":"https:\/\/www.vdhurk.nl\/","name":"Van den Hurk - pojazdy u\u017cytkowe","description":"Van den Hurk pojazdy u\u017cytkowe Helmond","potentialAction":[{"@type":"SearchAction","target":{"@type":"EntryPoint","urlTemplate":"https:\/\/www.vdhurk.nl\/?s={search_term_string}"},"query-input":{"@type":"PropertyValueSpecification","valueRequired":true,"valueName":"search_term_string"}}],"inLanguage":"pl-PL"}]}},"_links":{"self":[{"href":"https:\/\/www.vdhurk.nl\/pl\/wp-json\/wp\/v2\/pages\/372079","targetHints":{"allow":["GET"]}}],"collection":[{"href":"https:\/\/www.vdhurk.nl\/pl\/wp-json\/wp\/v2\/pages"}],"about":[{"href":"https:\/\/www.vdhurk.nl\/pl\/wp-json\/wp\/v2\/types\/page"}],"author":[{"embeddable":true,"href":"https:\/\/www.vdhurk.nl\/pl\/wp-json\/wp\/v2\/users\/3"}],"replies":[{"embeddable":true,"href":"https:\/\/www.vdhurk.nl\/pl\/wp-json\/wp\/v2\/comments?post=372079"}],"version-history":[{"count":3,"href":"https:\/\/www.vdhurk.nl\/pl\/wp-json\/wp\/v2\/pages\/372079\/revisions"}],"predecessor-version":[{"id":372425,"href":"https:\/\/www.vdhurk.nl\/pl\/wp-json\/wp\/v2\/pages\/372079\/revisions\/372425"}],"wp:attachment":[{"href":"https:\/\/www.vdhurk.nl\/pl\/wp-json\/wp\/v2\/media?parent=372079"}],"curies":[{"name":"wp","href":"https:\/\/api.w.org\/{rel}","templated":true}]}}