{"id":372067,"date":"2024-04-16T14:04:50","date_gmt":"2024-04-16T12:04:50","guid":{"rendered":"https:\/\/www.vdhurk.nl\/?page_id=372067"},"modified":"2024-04-16T14:04:50","modified_gmt":"2024-04-16T12:04:50","slug":"pojazdy-uzytkowe-iveco","status":"publish","type":"page","link":"https:\/\/www.vdhurk.nl\/pl\/iveco-bedrijfswagens\/","title":{"rendered":"Pojazdy u\u017cytkowe Iveco"},"content":{"rendered":"<section  class='av_textblock_section av-lu8gnh7d-4ac895489941e586c1d7c8cb72318135'  itemscope=\"itemscope\" itemtype=\"https:\/\/schema.org\/CreativeWork\" ><div class='avia_textblock'  itemprop=\"text\" ><h1><b>Odkryj wszechstronno\u015b\u0107 Iveco: niezawodne pojazdy u\u017cytkowe do ka\u017cdego zadania<\/b><\/h1>\n<p>W Van den Hurk znajdziesz szerok\u0105 gam\u0119 pojazd\u00f3w u\u017cytkowych Iveco. Marka ta jest obecna na ca\u0142ym \u015bwiecie i znana z szerokiej gamy pojazd\u00f3w u\u017cytkowych, w tym samochod\u00f3w ci\u0119\u017carowych, dostawczych, autobus\u00f3w i pojazd\u00f3w specjalnych. Iveco zbudowa\u0142o siln\u0105 reputacj\u0119 dzi\u0119ki niezawodno\u015bci, wydajno\u015bci i innowacyjno\u015bci w bran\u017cy transportowej. To sprawia, \u017ce jest g\u0142\u00f3wnym graczem w bran\u017cy motoryzacyjnej.<\/p>\n<\/div><\/section>\n\n<style type=\"text\/css\" data-created_by=\"avia_inline_auto\" id=\"style-css-av-lujjddpd-afa3d7a9eabd61123e643ed1228e781e\">\n#top .hr.hr-invisible.av-lujjddpd-afa3d7a9eabd61123e643ed1228e781e{\nheight:50px;\n}\n<\/style>\n<div  class='hr av-lujjddpd-afa3d7a9eabd61123e643ed1228e781e hr-invisible  avia-builder-el-1  el_after_av_textblock  el_before_av_codeblock'><span class='hr-inner'><span class=\"hr-inner-style\"><\/span><\/span><\/div>\n\n\n<style type=\"text\/css\" data-created_by=\"avia_inline_auto\" id=\"style-css-av-o1d5-cf77288da24053faf1b6ffbefcfc6222\">\n#top .hr.hr-invisible.av-o1d5-cf77288da24053faf1b6ffbefcfc6222{\nheight:50px;\n}\n<\/style>\n<div  class='hr av-o1d5-cf77288da24053faf1b6ffbefcfc6222 hr-invisible  avia-builder-el-3  el_after_av_codeblock  el_before_av_textblock'><span class='hr-inner'><span class=\"hr-inner-style\"><\/span><\/span><\/div>\n<section  class='av_textblock_section av-lu8gtjw7-4f3cee9304909518d86d2860d9d582dd'  itemscope=\"itemscope\" itemtype=\"https:\/\/schema.org\/CreativeWork\" ><div class='avia_textblock'  itemprop=\"text\" ><h2><b>Jak powsta\u0142o Iveco?<\/b><\/h2>\n<p>Iveco powsta\u0142o w 1970 roku z po\u0142\u0105czenia kilku firm. Marka rozpocz\u0119\u0142a dzia\u0142alno\u015b\u0107 z ambitnym planem wzmocnienia rynku pojazd\u00f3w u\u017cytkowych. Wkr\u00f3tce sta\u0142a si\u0119 pot\u0119\u017cnym graczem w bran\u017cy motoryzacyjnej. Iveco \u0142\u0105czy w sobie wiedz\u0119 i zasoby, kt\u00f3re pozwalaj\u0105 na wydajn\u0105 prac\u0119 i opracowywanie innowacyjnych rozwi\u0105za\u0144. Z biegiem lat marka rozszerzy\u0142a swoj\u0105 globaln\u0105 obecno\u015b\u0107 poprzez zak\u0142ady produkcyjne i kana\u0142y dystrybucji w r\u00f3\u017cnych krajach na ca\u0142ym \u015bwiecie.<\/p>\n<h2><b>Dlaczego te pojazdy u\u017cytkowe s\u0105 tak popularne?<\/b><\/h2>\n<p>Autobusy Iveco i inne pojazdy ciesz\u0105 si\u0119 globaln\u0105 popularno\u015bci\u0105. Wynika to cz\u0119\u015bciowo z:<\/p>\n<ul>\n<li aria-level=\"1\"><b>Niezawodno\u015b\u0107:<\/b> Marka znana jest z niezawodnych pojazd\u00f3w u\u017cytkowych, kt\u00f3re zosta\u0142y zaprojektowane z my\u015bl\u0105 o trwa\u0142o\u015bci i wydajno\u015bci w trudnych warunkach. Ju\u017c teraz wiele firm polega na pojazdach Iveco.<\/li>\n<li aria-level=\"1\"><b>Wszechstronno\u015b\u0107: <\/b>Oferta Iveco obejmuje r\u00f3\u017cne pojazdy u\u017cytkowe. Ta wszechstronno\u015b\u0107 pozwala klientom znale\u017a\u0107 odpowiedni pojazd do ich konkretnych potrzeb.<\/li>\n<li aria-level=\"1\"><b>Innowacja<\/b>: Iveco pozostaje zaanga\u017cowane w innowacje, stale inwestuj\u0105c w nowe technologie, aby ulepszy\u0107 swoje pojazdy.<\/li>\n<li aria-level=\"1\"><b>Zr\u00f3wnowa\u017cony rozw\u00f3j:<\/b> Marka koncentruje si\u0119 na zmniejszaniu wp\u0142ywu swoich pojazd\u00f3w na \u015brodowisko. Osi\u0105ga to dzi\u0119ki bardziej wydajnym silnikom, promowaniu paliw alternatywnych i badaniu mo\u017cliwo\u015bci elektryfikacji.<\/li>\n<\/ul>\n<h2><b>Co wyr\u00f3\u017cnia Iveco na tle innych marek samochod\u00f3w?<\/b><\/h2>\n<p>Iveco wyr\u00f3\u017cnia si\u0119 na kilka sposob\u00f3w. Koncentruje si\u0119 na pojazdach u\u017cytkowych i jest znana z r\u00f3\u017cnorodno\u015bci pojazd\u00f3w. Koncentruje si\u0119 g\u0142\u00f3wnie na sektorze transportu i logistyki. Wykorzystuje r\u00f3wnie\u017c r\u00f3\u017cne innowacyjne technologie. Na przyk\u0142ad wszystkie pojazdy s\u0105 wyposa\u017cone w wydajne silniki, zaawansowane funkcje bezpiecze\u0144stwa i ekologiczne uk\u0142ady nap\u0119dowe. Ponadto ceni\u0105 sobie zr\u00f3wnowa\u017cony rozw\u00f3j i przyjazno\u015b\u0107 dla \u015brodowiska. S\u0105 zaanga\u017cowani w zmniejszanie swojego wp\u0142ywu na \u015brodowisko. Wszystkie te aspekty sprawiaj\u0105, \u017ce Iveco jest wyj\u0105tkow\u0105 mark\u0105 w bran\u017cy motoryzacyjnej.<\/p>\n<h2><b>Opcje finansowania<\/b><\/h2>\n<h3><b>Kup<\/b><\/h3>\n<p>W Van den Hurk dost\u0119pnych jest kilka opcji finansowania. Jedn\u0105 z nich jest zakup autobusu Iveco. Zalet\u0105 zakupu jest to, \u017ce stajesz si\u0119 w\u0142a\u015bcicielem pojazdu. Masz wi\u0119c pe\u0142n\u0105 kontrol\u0119 nad pojazdem, bez comiesi\u0119cznych op\u0142at leasingowych. Ponadto nie musisz martwi\u0107 si\u0119 o ograniczenia dotycz\u0105ce przebiegu. Jest to szczeg\u00f3lnie korzystne w przypadku du\u017cej aktywno\u015bci kierowcy.<\/p>\n<h3><b>Leasing<\/b><\/h3>\n<p>Inn\u0105 opcj\u0105 jest leasing autobusu Iveco. Zalet\u0105 tego rozwi\u0105zania jest ni\u017cszy koszt pocz\u0105tkowy w por\u00f3wnaniu z zakupem. Zapewnia to wi\u0119ksz\u0105 elastyczno\u015b\u0107 finansow\u0105 firmy. Ponadto miesi\u0119czne wydatki s\u0105 przewidywalne. Wynika to z umowy leasingowej, w ramach kt\u00f3rej p\u0142acisz sta\u0142\u0105 kwot\u0119 miesi\u0119cznie.<\/p>\n<h2><b>Wybierz model odpowiedni do swoich potrzeb<\/b><\/h2>\n<p>W naszym asortymencie znajdziesz r\u00f3\u017cne u\u017cywane modele marki Iveco. Kt\u00f3ry model jest najbardziej odpowiedni dla Ciebie? To zale\u017cy wy\u0142\u0105cznie od Twoich \u017cycze\u0144 i potrzeb. Jednym z oferowanych przez nas modeli jest Iveco daily occasion. Model ten stanowi atrakcyjn\u0105 opcj\u0119 dla firm i przedsi\u0119biorc\u00f3w poszukuj\u0105cych niezawodnego modelu w stosunkowo ni\u017cszej cenie ni\u017c w przypadku zakupu nowego pojazdu.<\/p>\n<\/div><\/section>","protected":false},"excerpt":{"rendered":"","protected":false},"author":3,"featured_media":0,"parent":0,"menu_order":0,"comment_status":"closed","ping_status":"closed","template":"","meta":{"_acf_changed":false,"_improvement_type_select":"improve_an_existing","_thumb_yes_seoaic":false,"_frame_yes_seoaic":false,"seoaic_generate_description":"","seoaic_improve_instructions_prompt":"","seoaic_rollback_content_improvement":"","seoaic_idea_thumbnail_generator":"","thumbnail_generated":false,"thumbnail_generate_prompt":"","seoaic_article_description":"","footnotes":""},"class_list":["post-372067","page","type-page","status-publish","hentry"],"acf":[],"yoast_head":"<!-- This site is optimized with the Yoast SEO plugin v27.2 - https:\/\/yoast.com\/product\/yoast-seo-wordpress\/ -->\n<title>Iveco bedrijfswagens: voor duurzaam en betrouwbaar transport<\/title>\n<meta name=\"description\" content=\"Bekijk het aanbod met Iveco bedrijfswagens en kies het voertuig dat helemaal aansluit aan jouw wensen en behoeften. Ontdek nu!\" \/>\n<meta name=\"robots\" content=\"index, follow, max-snippet:-1, max-image-preview:large, max-video-preview:-1\" \/>\n<link rel=\"canonical\" href=\"https:\/\/www.vdhurk.nl\/pl\/pojazdy-uzytkowe-iveco\/\" \/>\n<meta property=\"og:locale\" content=\"pl_PL\" \/>\n<meta property=\"og:type\" content=\"article\" \/>\n<meta property=\"og:title\" content=\"Iveco bedrijfswagens: voor duurzaam en betrouwbaar transport\" \/>\n<meta property=\"og:description\" content=\"Bekijk het aanbod met Iveco bedrijfswagens en kies het voertuig dat helemaal aansluit aan jouw wensen en behoeften. Ontdek nu!\" \/>\n<meta property=\"og:url\" content=\"https:\/\/www.vdhurk.nl\/pl\/pojazdy-uzytkowe-iveco\/\" \/>\n<meta property=\"og:site_name\" content=\"Van den Hurk Bedrijfswagens\" \/>\n<meta name=\"twitter:card\" content=\"summary_large_image\" \/>\n<meta name=\"twitter:label1\" content=\"Szacowany czas czytania\" \/>\n\t<meta name=\"twitter:data1\" content=\"4 minuty\" \/>\n<script type=\"application\/ld+json\" class=\"yoast-schema-graph\">{\"@context\":\"https:\/\/schema.org\",\"@graph\":[{\"@type\":\"WebPage\",\"@id\":\"https:\/\/www.vdhurk.nl\/iveco-bedrijfswagens\/\",\"url\":\"https:\/\/www.vdhurk.nl\/iveco-bedrijfswagens\/\",\"name\":\"Iveco bedrijfswagens: voor duurzaam en betrouwbaar transport\",\"isPartOf\":{\"@id\":\"https:\/\/www.vdhurk.nl\/#website\"},\"datePublished\":\"2024-04-16T12:04:50+00:00\",\"description\":\"Bekijk het aanbod met Iveco bedrijfswagens en kies het voertuig dat helemaal aansluit aan jouw wensen en behoeften. Ontdek nu!\",\"breadcrumb\":{\"@id\":\"https:\/\/www.vdhurk.nl\/iveco-bedrijfswagens\/#breadcrumb\"},\"inLanguage\":\"pl-PL\",\"potentialAction\":[{\"@type\":\"ReadAction\",\"target\":[\"https:\/\/www.vdhurk.nl\/iveco-bedrijfswagens\/\"]}]},{\"@type\":\"BreadcrumbList\",\"@id\":\"https:\/\/www.vdhurk.nl\/iveco-bedrijfswagens\/#breadcrumb\",\"itemListElement\":[{\"@type\":\"ListItem\",\"position\":1,\"name\":\"Home\",\"item\":\"https:\/\/www.vdhurk.nl\/home\/\"},{\"@type\":\"ListItem\",\"position\":2,\"name\":\"Iveco Bedrijfswagens\"}]},{\"@type\":\"WebSite\",\"@id\":\"https:\/\/www.vdhurk.nl\/#website\",\"url\":\"https:\/\/www.vdhurk.nl\/\",\"name\":\"Van den Hurk Bedrijfswagens\",\"description\":\"Van den Hurk bedrijfswagens Helmond\",\"potentialAction\":[{\"@type\":\"SearchAction\",\"target\":{\"@type\":\"EntryPoint\",\"urlTemplate\":\"https:\/\/www.vdhurk.nl\/?s={search_term_string}\"},\"query-input\":{\"@type\":\"PropertyValueSpecification\",\"valueRequired\":true,\"valueName\":\"search_term_string\"}}],\"inLanguage\":\"pl-PL\"}]}<\/script>\n<!-- \/ Yoast SEO plugin. -->","yoast_head_json":{"title":"Pojazdy u\u017cytkowe Iveco: dla zr\u00f3wnowa\u017conego i niezawodnego transportu","description":"Zapoznaj si\u0119 z gam\u0105 pojazd\u00f3w u\u017cytkowych Iveco i wybierz pojazd, kt\u00f3ry w pe\u0142ni odpowiada Twoim potrzebom. Odkryj teraz!","robots":{"index":"index","follow":"follow","max-snippet":"max-snippet:-1","max-image-preview":"max-image-preview:large","max-video-preview":"max-video-preview:-1"},"canonical":"https:\/\/www.vdhurk.nl\/pl\/pojazdy-uzytkowe-iveco\/","og_locale":"pl_PL","og_type":"article","og_title":"Iveco bedrijfswagens: voor duurzaam en betrouwbaar transport","og_description":"Bekijk het aanbod met Iveco bedrijfswagens en kies het voertuig dat helemaal aansluit aan jouw wensen en behoeften. Ontdek nu!","og_url":"https:\/\/www.vdhurk.nl\/pl\/pojazdy-uzytkowe-iveco\/","og_site_name":"Van den Hurk Bedrijfswagens","twitter_card":"summary_large_image","twitter_misc":{"Szacowany czas czytania":"4 minuty"},"schema":{"@context":"https:\/\/schema.org","@graph":[{"@type":"WebPage","@id":"https:\/\/www.vdhurk.nl\/iveco-bedrijfswagens\/","url":"https:\/\/www.vdhurk.nl\/iveco-bedrijfswagens\/","name":"Pojazdy u\u017cytkowe Iveco: dla zr\u00f3wnowa\u017conego i niezawodnego transportu","isPartOf":{"@id":"https:\/\/www.vdhurk.nl\/#website"},"datePublished":"2024-04-16T12:04:50+00:00","description":"Zapoznaj si\u0119 z gam\u0105 pojazd\u00f3w u\u017cytkowych Iveco i wybierz pojazd, kt\u00f3ry w pe\u0142ni odpowiada Twoim potrzebom. Odkryj teraz!","breadcrumb":{"@id":"https:\/\/www.vdhurk.nl\/iveco-bedrijfswagens\/#breadcrumb"},"inLanguage":"pl-PL","potentialAction":[{"@type":"ReadAction","target":["https:\/\/www.vdhurk.nl\/iveco-bedrijfswagens\/"]}]},{"@type":"BreadcrumbList","@id":"https:\/\/www.vdhurk.nl\/iveco-bedrijfswagens\/#breadcrumb","itemListElement":[{"@type":"ListItem","position":1,"name":"Home","item":"https:\/\/www.vdhurk.nl\/home\/"},{"@type":"ListItem","position":2,"name":"Iveco Bedrijfswagens"}]},{"@type":"WebSite","@id":"https:\/\/www.vdhurk.nl\/#website","url":"https:\/\/www.vdhurk.nl\/","name":"Van den Hurk - pojazdy u\u017cytkowe","description":"Van den Hurk pojazdy u\u017cytkowe Helmond","potentialAction":[{"@type":"SearchAction","target":{"@type":"EntryPoint","urlTemplate":"https:\/\/www.vdhurk.nl\/?s={search_term_string}"},"query-input":{"@type":"PropertyValueSpecification","valueRequired":true,"valueName":"search_term_string"}}],"inLanguage":"pl-PL"}]}},"_links":{"self":[{"href":"https:\/\/www.vdhurk.nl\/pl\/wp-json\/wp\/v2\/pages\/372067","targetHints":{"allow":["GET"]}}],"collection":[{"href":"https:\/\/www.vdhurk.nl\/pl\/wp-json\/wp\/v2\/pages"}],"about":[{"href":"https:\/\/www.vdhurk.nl\/pl\/wp-json\/wp\/v2\/types\/page"}],"author":[{"embeddable":true,"href":"https:\/\/www.vdhurk.nl\/pl\/wp-json\/wp\/v2\/users\/3"}],"replies":[{"embeddable":true,"href":"https:\/\/www.vdhurk.nl\/pl\/wp-json\/wp\/v2\/comments?post=372067"}],"version-history":[{"count":5,"href":"https:\/\/www.vdhurk.nl\/pl\/wp-json\/wp\/v2\/pages\/372067\/revisions"}],"predecessor-version":[{"id":372072,"href":"https:\/\/www.vdhurk.nl\/pl\/wp-json\/wp\/v2\/pages\/372067\/revisions\/372072"}],"wp:attachment":[{"href":"https:\/\/www.vdhurk.nl\/pl\/wp-json\/wp\/v2\/media?parent=372067"}],"curies":[{"name":"wp","href":"https:\/\/api.w.org\/{rel}","templated":true}]}}