{"id":372057,"date":"2024-04-15T16:15:53","date_gmt":"2024-04-15T14:15:53","guid":{"rendered":"https:\/\/www.vdhurk.nl\/?page_id=372057"},"modified":"2024-04-16T14:10:18","modified_gmt":"2024-04-16T12:10:18","slug":"pojazdy-uzytkowe-renault","status":"publish","type":"page","link":"https:\/\/www.vdhurk.nl\/pl\/renault-bedrijfswagens\/","title":{"rendered":"Renault Samochody U\u017cytkowe"},"content":{"rendered":"<section  class='av_textblock_section av-lu8gnh7d-4ac895489941e586c1d7c8cb72318135'  itemscope=\"itemscope\" itemtype=\"https:\/\/schema.org\/CreativeWork\" ><div class='avia_textblock'  itemprop=\"text\" ><h1><strong>Pojazdy u\u017cytkowe Renault: niezawodne dla ka\u017cdego przedsi\u0119biorcy<\/strong><\/h1>\n<p>Francuska marka samochod\u00f3w Renault oferuje szerok\u0105 gam\u0119 pojazd\u00f3w u\u017cytkowych. Pojazdy u\u017cytkowe Renault obejmuj\u0105 zar\u00f3wno kompaktowe furgonetki, jak i du\u017ce pojazdy u\u017cytkowe. Wszystkie pojazdy u\u017cytkowe s\u0105 znane ze swojej niezawodno\u015bci, wydajno\u015bci i innowacyjnych modeli stworzonych z my\u015bl\u0105 o u\u017cytkownikach biznesowych. Dzi\u0119ki silnej reputacji i bogatej historii w bran\u017cy motoryzacyjnej, marka oferuje odpowiednie pojazdy u\u017cytkowe do r\u00f3\u017cnych cel\u00f3w biznesowych i potrzeb transportowych.<\/p>\n<\/div><\/section>\n\n<style type=\"text\/css\" data-created_by=\"avia_inline_auto\" id=\"style-css-av-lujjddpd-afa3d7a9eabd61123e643ed1228e781e\">\n#top .hr.hr-invisible.av-lujjddpd-afa3d7a9eabd61123e643ed1228e781e{\nheight:50px;\n}\n<\/style>\n<div  class='hr av-lujjddpd-afa3d7a9eabd61123e643ed1228e781e hr-invisible  avia-builder-el-1  el_after_av_textblock  el_before_av_codeblock'><span class='hr-inner'><span class=\"hr-inner-style\"><\/span><\/span><\/div>\n\n\n<style type=\"text\/css\" data-created_by=\"avia_inline_auto\" id=\"style-css-av-ah0xd-63338d9dc6b40410e22a712829c369d6\">\n#top .hr.hr-invisible.av-ah0xd-63338d9dc6b40410e22a712829c369d6{\nheight:50px;\n}\n<\/style>\n<div  class='hr av-ah0xd-63338d9dc6b40410e22a712829c369d6 hr-invisible  avia-builder-el-3  el_after_av_codeblock  el_before_av_textblock'><span class='hr-inner'><span class=\"hr-inner-style\"><\/span><\/span><\/div>\n<section  class='av_textblock_section av-lu8gtjw7-4f3cee9304909518d86d2860d9d582dd'  itemscope=\"itemscope\" itemtype=\"https:\/\/schema.org\/CreativeWork\" ><div class='avia_textblock'  itemprop=\"text\" ><h2><b>Historia Renault<\/b><\/h2>\n<h3><b>Narodziny marki<\/b><\/h3>\n<p>Firma Renault zosta\u0142a za\u0142o\u017cona w 1899 roku przez Louisa Renault, Marcela Renault i Fernanda Renault. Marka szybko si\u0119 rozwija\u0142a i zyska\u0142a uznanie dzi\u0119ki innowacyjnym projektom i post\u0119powi technologicznemu. Podczas I wojny \u015bwiatowej marka produkowa\u0142a pojazdy wojskowe. Przyczyni\u0142o si\u0119 to do wzrostu i reputacji marki. Po wojnie rozpocz\u0119\u0142a produkcj\u0119 pojazd\u00f3w u\u017cytkowych. Przez lata Renault produkowa\u0142o r\u00f3\u017cne rodzaje modeli. W ten spos\u00f3b marce uda\u0142o si\u0119 zaj\u0105\u0107 doskona\u0142e miejsce w bran\u017cy motoryzacyjnej. Jest to prawd\u0105 zar\u00f3wno we Francji, jak i poza ni\u0105.<\/p>\n<h3><b>Ewolucja na przestrzeni lat<\/b><\/h3>\n<p>Istnieje wiele kluczowych moment\u00f3w i wydarze\u0144 w ewolucji marki. W pocz\u0105tkowych latach Renault produkowa\u0142o g\u0142\u00f3wnie lekkie samochody dostawcze, takie jak furgonetki i ma\u0142e ci\u0119\u017car\u00f3wki. S\u0105 one wykorzystywane do transportu towar\u00f3w. Wraz ze wzrostem popytu na pojazdy u\u017cytkowe, Renault rozszerzy\u0142o swoj\u0105 ofert\u0119 i zacz\u0119\u0142o produkowa\u0107 ci\u0119\u017csze pojazdy. By\u0142y one wykorzystywane w sektorach takich jak transport, budownictwo i transport publiczny. Przez lata firma stale rozwija\u0142a i udoskonala\u0142a pojazdy u\u017cytkowe. Zaowocowa\u0142o to zaawansowanymi technologiami i funkcjami.<\/p>\n<h2><b>Zalety autobus\u00f3w i pojazd\u00f3w u\u017cytkowych Renault<\/b><\/h2>\n<p>Pojazdy u\u017cytkowe Renault oferuj\u0105 szereg korzy\u015bci:<\/p>\n<ul>\n<li aria-level=\"1\"><b>Niezawodno\u015b\u0107: <\/b>Marka znana jest z niezawodno\u015bci produkowanych przez siebie pojazd\u00f3w. Zar\u00f3wno w codziennej je\u017adzie, jak i w ci\u0119\u017ckich zastosowaniach biznesowych, pojazdy u\u017cytkowe oferuj\u0105 sta\u0142\u0105 wydajno\u015b\u0107 i niezawodno\u015b\u0107, na kt\u00f3rej mo\u017cna polega\u0107.<\/li>\n<li aria-level=\"1\"><b>Wszechstronno\u015b\u0107: <\/b>Wszystkie pojazdy u\u017cytkowe s\u0105 produkowane do u\u017cytku biznesowego. R\u00f3\u017cne modele zosta\u0142y wprowadzone na rynek w celu dopasowania do r\u00f3\u017cnych sektor\u00f3w.<\/li>\n<li aria-level=\"1\"><b>Wydajno\u015b\u0107:<\/b> Dzi\u0119ki zaawansowanej technologii silnika, pojazdy u\u017cytkowe oferuj\u0105 dobr\u0105 wydajno\u015b\u0107 paliwow\u0105. Zapewnia to ni\u017csze koszty operacyjne i mniejszy wp\u0142yw na \u015brodowisko. Jest to wa\u017cna zaleta zw\u0142aszcza dla firm, kt\u00f3re pokonuj\u0105 du\u017ce odleg\u0142o\u015bci.<\/li>\n<li aria-level=\"1\"><b>Komfort i wygoda: <\/b>Pojazdy u\u017cytkowe zosta\u0142y zaprojektowane z my\u015bl\u0105 o komforcie kierowcy i pasa\u017cer\u00f3w. Pojazdy u\u017cytkowe wyposa\u017cone s\u0105 w ergonomiczne fotele i przestronne wn\u0119trza.<\/li>\n<li aria-level=\"1\"><b>Bezpiecze\u0144stwo: <\/b>Bezpieczne pojazdy s\u0105 niezwykle wa\u017cne dla Renault. Pojazdy u\u017cytkowe Renault s\u0105 wyposa\u017cone w systemy bezpiecze\u0144stwa, takie jak ABS, kontrola trakcji, poduszki powietrzne i systemy wspomagania kierowcy.<\/li>\n<li aria-level=\"1\"><b>Innowacyjno\u015b\u0107: <\/b>Marka nieustannie wprowadza innowacje i inwestuje w nowe technologie, aby poprawi\u0107 osi\u0105gi, wydajno\u015b\u0107 i bezpiecze\u0144stwo swoich samochod\u00f3w. Dzi\u0119ki temu Renault pozostaje w czo\u0142\u00f3wce bran\u017cy motoryzacyjnej.<\/li>\n<\/ul>\n<ul>\n<li style=\"list-style-type: none;\"><\/li>\n<\/ul>\n<h2><b>Zakup czy leasing autobusu Renault: kt\u00f3ra opcja jest najlepsza?<\/b><\/h2>\n<p>W Van den Hurk oferujemy kilka opcji, je\u015bli szukasz samochodu s\u0142u\u017cbowego. Pierwsz\u0105 opcj\u0105 jest zakup samochodu s\u0142u\u017cbowego. Zalet\u0105 takiego rozwi\u0105zania jest to, \u017ce pojazd staje si\u0119 wtedy Twoj\u0105 w\u0142asno\u015bci\u0105. Oznacza to, \u017ce masz nad nim pe\u0142n\u0105 kontrol\u0119. Zakup skutkuje r\u00f3wnie\u017c ni\u017cszymi kosztami w d\u0142u\u017cszej perspektywie. Ponadto przy zakupie nie trzeba bra\u0107 pod uwag\u0119 ogranicze\u0144 dotycz\u0105cych przebiegu. Drug\u0105 opcj\u0105 jest leasing autobusu Renault. Zalet\u0105 tego rozwi\u0105zania s\u0105 ni\u017csze koszty pocz\u0105tkowe. Nie musisz dokonywa\u0107 du\u017cych inwestycji, jak w przypadku zakupu pojazdu. Ponadto w przypadku leasingu koszty s\u0105 bardziej przewidywalne, a zatem istnieje mniejsze prawdopodobie\u0144stwo wyst\u0105pienia nieprzyjemnych niespodzianek.<\/p>\n<h2><b>R\u00f3\u017cne opcje w modelach<\/b><\/h2>\n<p>Czy zdecydowa\u0107 si\u0119 na okazj\u0119 autobusu Renault, czy wolisz je\u017adzi\u0107 nowym pojazdem? Obie opcje s\u0105 mo\u017cliwe. W naszej ofercie znajdziesz r\u00f3\u017cne nowe i u\u017cywane pojazdy u\u017cytkowe. Chcesz kupi\u0107 u\u017cywany autobus Renault? W takim razie masz wyb\u00f3r pomi\u0119dzy:<\/p>\n<ul>\n<li aria-level=\"1\"><strong><a href=\"https:\/\/www.vdhurk.nl\/pl\/pojazdy-uzytkowe\/renault\/traffic\/\">Okazje Renault w ruchu drogowym<\/a><\/strong><b>: <\/b>Jest to popularny model dla firm poszukuj\u0105cych niezawodnego i wszechstronnego pojazdu. Model ten znany jest z przestronnej przestrzeni \u0142adunkowej, wygodnego wn\u0119trza i wydajnych silnik\u00f3w. Pomimo tego, \u017ce jest to samoch\u00f3d u\u017cywany, oferuje doskona\u0142y stosunek ceny do jako\u015bci. Ten u\u017cywany samoch\u00f3d to praktyczny i ekonomiczny wyb\u00f3r do u\u017cytku biznesowego.<\/li>\n<li aria-level=\"1\"><strong><a href=\"https:\/\/www.vdhurk.nl\/pl\/pojazdy-uzytkowe\/renault\/mercedes-10\/\">Renault kangoo okazja<\/a><\/strong>Jest to kompaktowy i wszechstronny pojazd u\u017cytkowy idealny do r\u00f3\u017cnych zastosowa\u0144 biznesowych. Model ten charakteryzuje si\u0119 praktycznym wn\u0119trzem, oszcz\u0119dnymi silnikami i zwinno\u015bci\u0105 w \u015brodowisku miejskim. Czyni to ten model popularnym wyborem dla ma\u0142ych firm i os\u00f3b samozatrudnionych. Jako model u\u017cywany, Kangoo oferuje przyst\u0119pn\u0105 cen\u0119 i niezawodno\u015b\u0107, co czyni go atrakcyjnym wyborem dla u\u017cytkownik\u00f3w biznesowych.<\/li>\n<li aria-level=\"1\"><a href=\"https:\/\/www.vdhurk.nl\/pl\/pojazdy-uzytkowe\/renault\/mistrz\/\"><strong>U\u017cywany samoch\u00f3d Renault master<\/strong><\/a>Ten solidny i przestronny pojazd u\u017cytkowy nadaje si\u0119 do r\u00f3\u017cnych cel\u00f3w biznesowych. Charakteryzuje si\u0119 du\u017c\u0105 przestrzeni\u0105 \u0142adunkow\u0105, mocnymi silnikami i zaawansowanymi technologiami. Model ten jest szczeg\u00f3lnie popularny w\u015br\u00f3d firm, kt\u00f3re musz\u0105 przewozi\u0107 du\u017ce ilo\u015bci \u0142adunku.<\/li>\n<\/ul>\n<\/div><\/section>","protected":false},"excerpt":{"rendered":"","protected":false},"author":3,"featured_media":0,"parent":0,"menu_order":0,"comment_status":"closed","ping_status":"closed","template":"","meta":{"_acf_changed":false,"_improvement_type_select":"improve_an_existing","_thumb_yes_seoaic":false,"_frame_yes_seoaic":false,"seoaic_generate_description":"","seoaic_improve_instructions_prompt":"","seoaic_rollback_content_improvement":"","seoaic_idea_thumbnail_generator":"","thumbnail_generated":false,"thumbnail_generate_prompt":"","seoaic_article_description":"","footnotes":""},"class_list":["post-372057","page","type-page","status-publish","hentry"],"acf":[],"yoast_head":"<!-- This site is optimized with the Yoast SEO plugin v27.3 - https:\/\/yoast.com\/product\/yoast-seo-wordpress\/ -->\n<title>Ontdek de kracht van innovatieve Renault bedrijfswagens<\/title>\n<meta name=\"description\" content=\"Renault bedrijfswagens zijn populair onder zakelijke gebruikers. Wil je weten wat de voordelen zijn van dit merk? Lees dan snel verder.\" \/>\n<meta name=\"robots\" content=\"index, follow, max-snippet:-1, max-image-preview:large, max-video-preview:-1\" \/>\n<link rel=\"canonical\" href=\"https:\/\/www.vdhurk.nl\/pl\/pojazdy-uzytkowe-renault\/\" \/>\n<meta property=\"og:locale\" content=\"pl_PL\" \/>\n<meta property=\"og:type\" content=\"article\" \/>\n<meta property=\"og:title\" content=\"Ontdek de kracht van innovatieve Renault bedrijfswagens\" \/>\n<meta property=\"og:description\" content=\"Renault bedrijfswagens zijn populair onder zakelijke gebruikers. Wil je weten wat de voordelen zijn van dit merk? Lees dan snel verder.\" \/>\n<meta property=\"og:url\" content=\"https:\/\/www.vdhurk.nl\/pl\/pojazdy-uzytkowe-renault\/\" \/>\n<meta property=\"og:site_name\" content=\"Van den Hurk Bedrijfswagens\" \/>\n<meta property=\"article:modified_time\" content=\"2024-04-16T12:10:18+00:00\" \/>\n<meta name=\"twitter:card\" content=\"summary_large_image\" \/>\n<meta name=\"twitter:label1\" content=\"Szacowany czas czytania\" \/>\n\t<meta name=\"twitter:data1\" content=\"5 minut\" \/>\n<script type=\"application\/ld+json\" class=\"yoast-schema-graph\">{\"@context\":\"https:\\\/\\\/schema.org\",\"@graph\":[{\"@type\":\"WebPage\",\"@id\":\"https:\\\/\\\/www.vdhurk.nl\\\/renault-bedrijfswagens\\\/\",\"url\":\"https:\\\/\\\/www.vdhurk.nl\\\/renault-bedrijfswagens\\\/\",\"name\":\"Ontdek de kracht van innovatieve Renault bedrijfswagens\",\"isPartOf\":{\"@id\":\"https:\\\/\\\/www.vdhurk.nl\\\/#website\"},\"datePublished\":\"2024-04-15T14:15:53+00:00\",\"dateModified\":\"2024-04-16T12:10:18+00:00\",\"description\":\"Renault bedrijfswagens zijn populair onder zakelijke gebruikers. Wil je weten wat de voordelen zijn van dit merk? Lees dan snel verder.\",\"breadcrumb\":{\"@id\":\"https:\\\/\\\/www.vdhurk.nl\\\/renault-bedrijfswagens\\\/#breadcrumb\"},\"inLanguage\":\"pl-PL\",\"potentialAction\":[{\"@type\":\"ReadAction\",\"target\":[\"https:\\\/\\\/www.vdhurk.nl\\\/renault-bedrijfswagens\\\/\"]}]},{\"@type\":\"BreadcrumbList\",\"@id\":\"https:\\\/\\\/www.vdhurk.nl\\\/renault-bedrijfswagens\\\/#breadcrumb\",\"itemListElement\":[{\"@type\":\"ListItem\",\"position\":1,\"name\":\"Home\",\"item\":\"https:\\\/\\\/www.vdhurk.nl\\\/home\\\/\"},{\"@type\":\"ListItem\",\"position\":2,\"name\":\"Renault Bedrijfswagens\"}]},{\"@type\":\"WebSite\",\"@id\":\"https:\\\/\\\/www.vdhurk.nl\\\/#website\",\"url\":\"https:\\\/\\\/www.vdhurk.nl\\\/\",\"name\":\"Van den Hurk Bedrijfswagens\",\"description\":\"Van den Hurk bedrijfswagens Helmond\",\"potentialAction\":[{\"@type\":\"SearchAction\",\"target\":{\"@type\":\"EntryPoint\",\"urlTemplate\":\"https:\\\/\\\/www.vdhurk.nl\\\/?s={search_term_string}\"},\"query-input\":{\"@type\":\"PropertyValueSpecification\",\"valueRequired\":true,\"valueName\":\"search_term_string\"}}],\"inLanguage\":\"pl-PL\"}]}<\/script>\n<!-- \/ Yoast SEO plugin. -->","yoast_head_json":{"title":"Odkryj moc innowacyjnych samochod\u00f3w u\u017cytkowych Renault","description":"Samochody u\u017cytkowe Renault s\u0105 popularne w\u015br\u00f3d u\u017cytkownik\u00f3w biznesowych. Chcesz wiedzie\u0107, jakie s\u0105 zalety tej marki? W takim razie szybko czytaj dalej.","robots":{"index":"index","follow":"follow","max-snippet":"max-snippet:-1","max-image-preview":"max-image-preview:large","max-video-preview":"max-video-preview:-1"},"canonical":"https:\/\/www.vdhurk.nl\/pl\/pojazdy-uzytkowe-renault\/","og_locale":"pl_PL","og_type":"article","og_title":"Ontdek de kracht van innovatieve Renault bedrijfswagens","og_description":"Renault bedrijfswagens zijn populair onder zakelijke gebruikers. Wil je weten wat de voordelen zijn van dit merk? Lees dan snel verder.","og_url":"https:\/\/www.vdhurk.nl\/pl\/pojazdy-uzytkowe-renault\/","og_site_name":"Van den Hurk Bedrijfswagens","article_modified_time":"2024-04-16T12:10:18+00:00","twitter_card":"summary_large_image","twitter_misc":{"Szacowany czas czytania":"5 minut"},"schema":{"@context":"https:\/\/schema.org","@graph":[{"@type":"WebPage","@id":"https:\/\/www.vdhurk.nl\/renault-bedrijfswagens\/","url":"https:\/\/www.vdhurk.nl\/renault-bedrijfswagens\/","name":"Odkryj moc innowacyjnych samochod\u00f3w u\u017cytkowych Renault","isPartOf":{"@id":"https:\/\/www.vdhurk.nl\/#website"},"datePublished":"2024-04-15T14:15:53+00:00","dateModified":"2024-04-16T12:10:18+00:00","description":"Samochody u\u017cytkowe Renault s\u0105 popularne w\u015br\u00f3d u\u017cytkownik\u00f3w biznesowych. Chcesz wiedzie\u0107, jakie s\u0105 zalety tej marki? W takim razie szybko czytaj dalej.","breadcrumb":{"@id":"https:\/\/www.vdhurk.nl\/renault-bedrijfswagens\/#breadcrumb"},"inLanguage":"pl-PL","potentialAction":[{"@type":"ReadAction","target":["https:\/\/www.vdhurk.nl\/renault-bedrijfswagens\/"]}]},{"@type":"BreadcrumbList","@id":"https:\/\/www.vdhurk.nl\/renault-bedrijfswagens\/#breadcrumb","itemListElement":[{"@type":"ListItem","position":1,"name":"Home","item":"https:\/\/www.vdhurk.nl\/home\/"},{"@type":"ListItem","position":2,"name":"Renault Bedrijfswagens"}]},{"@type":"WebSite","@id":"https:\/\/www.vdhurk.nl\/#website","url":"https:\/\/www.vdhurk.nl\/","name":"Van den Hurk - pojazdy u\u017cytkowe","description":"Van den Hurk pojazdy u\u017cytkowe Helmond","potentialAction":[{"@type":"SearchAction","target":{"@type":"EntryPoint","urlTemplate":"https:\/\/www.vdhurk.nl\/?s={search_term_string}"},"query-input":{"@type":"PropertyValueSpecification","valueRequired":true,"valueName":"search_term_string"}}],"inLanguage":"pl-PL"}]}},"_links":{"self":[{"href":"https:\/\/www.vdhurk.nl\/pl\/wp-json\/wp\/v2\/pages\/372057","targetHints":{"allow":["GET"]}}],"collection":[{"href":"https:\/\/www.vdhurk.nl\/pl\/wp-json\/wp\/v2\/pages"}],"about":[{"href":"https:\/\/www.vdhurk.nl\/pl\/wp-json\/wp\/v2\/types\/page"}],"author":[{"embeddable":true,"href":"https:\/\/www.vdhurk.nl\/pl\/wp-json\/wp\/v2\/users\/3"}],"replies":[{"embeddable":true,"href":"https:\/\/www.vdhurk.nl\/pl\/wp-json\/wp\/v2\/comments?post=372057"}],"version-history":[{"count":5,"href":"https:\/\/www.vdhurk.nl\/pl\/wp-json\/wp\/v2\/pages\/372057\/revisions"}],"predecessor-version":[{"id":372298,"href":"https:\/\/www.vdhurk.nl\/pl\/wp-json\/wp\/v2\/pages\/372057\/revisions\/372298"}],"wp:attachment":[{"href":"https:\/\/www.vdhurk.nl\/pl\/wp-json\/wp\/v2\/media?parent=372057"}],"curies":[{"name":"wp","href":"https:\/\/api.w.org\/{rel}","templated":true}]}}