{"id":370573,"date":"2024-04-10T17:35:04","date_gmt":"2024-04-10T15:35:04","guid":{"rendered":"https:\/\/www.vdhurk.nl\/?page_id=370573"},"modified":"2024-04-15T16:55:46","modified_gmt":"2024-04-15T14:55:46","slug":"mercedes-9","status":"publish","type":"page","link":"https:\/\/www.vdhurk.nl\/pl\/mercedes-bedrijfswagens\/","title":{"rendered":"Pojazdy u\u017cytkowe Mercedes"},"content":{"rendered":"<section  class='av_textblock_section av-lu8gnh7d-4ac895489941e586c1d7c8cb72318135'  itemscope=\"itemscope\" itemtype=\"https:\/\/schema.org\/CreativeWork\" ><div class='avia_textblock'  itemprop=\"text\" ><h1>Odkryj moc pojazd\u00f3w u\u017cytkowych Mercedes<\/h1>\n<p>Pojazdy u\u017cytkowe Mercedes to synonim jako\u015bci, niezawodno\u015bci i innowacyjno\u015bci. Jako wiod\u0105ca marka w bran\u017cy motoryzacyjnej, Mercedes oferuje szerok\u0105 gam\u0119 pojazd\u00f3w u\u017cytkowych spe\u0142niaj\u0105cych r\u00f3\u017cne potrzeby przedsi\u0119biorc\u00f3w i firm. Mercedes \u0142\u0105czy zaawansowane technologie z wyrafinowanym designem. W rezultacie u\u017cytkownicy biznesowi mog\u0105 polega\u0107 na optymalnych osi\u0105gach, komforcie i wydajno\u015bci. Poniewa\u017c marka nieustannie wprowadza innowacje, nadal wyznacza standardy dla pojazd\u00f3w u\u017cytkowych na ca\u0142ym \u015bwiecie.<\/p>\n<\/div><\/section>\n\n<style type=\"text\/css\" data-created_by=\"avia_inline_auto\" id=\"style-css-av-lujjddpd-afa3d7a9eabd61123e643ed1228e781e\">\n#top .hr.hr-invisible.av-lujjddpd-afa3d7a9eabd61123e643ed1228e781e{\nheight:50px;\n}\n<\/style>\n<div  class='hr av-lujjddpd-afa3d7a9eabd61123e643ed1228e781e hr-invisible  avia-builder-el-1  el_after_av_textblock  el_before_av_codeblock'><span class='hr-inner'><span class=\"hr-inner-style\"><\/span><\/span><\/div>\n\n\n<style type=\"text\/css\" data-created_by=\"avia_inline_auto\" id=\"style-css-av-ah0xd-63338d9dc6b40410e22a712829c369d6\">\n#top .hr.hr-invisible.av-ah0xd-63338d9dc6b40410e22a712829c369d6{\nheight:50px;\n}\n<\/style>\n<div  class='hr av-ah0xd-63338d9dc6b40410e22a712829c369d6 hr-invisible  avia-builder-el-3  el_after_av_codeblock  el_before_av_buttonrow'><span class='hr-inner'><span class=\"hr-inner-style\"><\/span><\/span><\/div>\n<div  class='avia-buttonrow-wrap av-lujhssae-cff7d852879371e1ec58a3b104a5d229 avia-buttonrow-center  avia-builder-el-4  el_after_av_hr  el_before_av_hr'>\n\n<style type=\"text\/css\" data-created_by=\"avia_inline_auto\" id=\"style-css-av-lujhtay0-149e4ab69c7860478a93da9d8e7b74c4\">\n#top #wrap_all .avia-button.av-lujhtay0-149e4ab69c7860478a93da9d8e7b74c4{\nmargin-bottom:5px;\nmargin-right:3px;\nmargin-left:3px;\n}\n<\/style>\n<a href='https:\/\/www.vdhurk.nl\/pl\/pojazdy-uzytkowe\/#q1bKTS3KVrICUcmpKanFukmpeVVKOkr5RSmpRUmVQJmCosysYr0yoLL8_AIwJ74gsagkM7k0JzO1yAqoJ1mpFgA'  class='avia-button av-lujhtay0-149e4ab69c7860478a93da9d8e7b74c4 avia-icon_select-yes-right-icon avia-size-x-large avia-color-theme-color'  ><span class='avia_iconbox_title' >Ciekawi Ci\u0119 pe\u0142na gama pojazd\u00f3w u\u017cytkowych Mercedes? Zapraszamy do zapoznania si\u0119!<\/span><span class='avia_button_icon avia_button_icon_right' aria-hidden='true' data-av_icon='\ue871' data-av_iconfont='entypo-fontello'><\/span><\/a>\n<\/div>\n\n<style type=\"text\/css\" data-created_by=\"avia_inline_auto\" id=\"style-css-av-o1d5-cf77288da24053faf1b6ffbefcfc6222\">\n#top .hr.hr-invisible.av-o1d5-cf77288da24053faf1b6ffbefcfc6222{\nheight:50px;\n}\n<\/style>\n<div  class='hr av-o1d5-cf77288da24053faf1b6ffbefcfc6222 hr-invisible  avia-builder-el-5  el_after_av_buttonrow  el_before_av_textblock'><span class='hr-inner'><span class=\"hr-inner-style\"><\/span><\/span><\/div>\n<section  class='av_textblock_section av-lu8gow1e-300853e458ed741bd87d6cb78e55cc7a'  itemscope=\"itemscope\" itemtype=\"https:\/\/schema.org\/CreativeWork\" ><div class='avia_textblock'  itemprop=\"text\" ><h2>Dlaczego warto wybra\u0107 mark\u0119 Mercedes?<\/h2>\n<p>Autobusy i pojazdy u\u017cytkowe Mercedes s\u0105 bardzo popularne w\u015br\u00f3d u\u017cytkownik\u00f3w biznesowych. Wynika to cz\u0119\u015bciowo z:<\/p>\n<ul>\n<li><b>Niezawodno\u015b\u0107: <\/b>Pojazdy u\u017cytkowe maj\u0105 solidn\u0105 konstrukcj\u0119 i s\u0105 wykonane z wysokiej jako\u015bci materia\u0142\u00f3w. S\u0105 zbudowane z my\u015bl\u0105 o trwa\u0142o\u015bci i intensywnym u\u017cytkowaniu.<\/li>\n<li><b>Wydajno\u015b\u0107: <\/b>Samochody te oferuj\u0105 imponuj\u0105ce osi\u0105gi, je\u015bli chodzi o mocne silniki, p\u0142ynn\u0105 jazd\u0119 i doskona\u0142\u0105 \u0142adowno\u015b\u0107. Zosta\u0142y zaprojektowane z my\u015bl\u0105 o spe\u0142nieniu wymaga\u0144 u\u017cytkownik\u00f3w biznesowych.<\/li>\n<li><b>Komfort i bezpiecze\u0144stwo: <\/b>Dzi\u0119ki nowym technologiom i wysokiej jako\u015bci wn\u0119trzom pojazdy u\u017cytkowe oferuj\u0105 komfortow\u0105 i bezpieczn\u0105 jazd\u0119 zar\u00f3wno kierowcom, jak i pasa\u017cerom. Sprawia to r\u00f3wnie\u017c, \u017ce samochody te doskonale nadaj\u0105 si\u0119 do podr\u00f3\u017cowania na d\u0142ugich dystansach.<\/li>\n<li><b>Innowacyjno\u015b\u0107: <\/b>Mercedes jest znany z ci\u0105g\u0142ego d\u0105\u017cenia do innowacyjno\u015bci. Jego pojazdy u\u017cytkowe s\u0105 wyposa\u017cone w najnowsze technologie, dzi\u0119ki czemu s\u0105 bardziej wydajne, inteligentne i \u0142atwiejsze w u\u017cyciu.<\/li>\n<li><b>Wygl\u0105d: <\/b>Jazda Mercedesem emanuje profesjonalizmem i jako\u015bci\u0105. Marka cieszy si\u0119 dobr\u0105 reputacj\u0105, co przek\u0142ada si\u0119 na profesjonalizm i jako\u015b\u0107. Kr\u00f3tko m\u00f3wi\u0105c, istnieje wiele powod\u00f3w, dla kt\u00f3rych warto wybra\u0107 Mercedesa.<\/li>\n<\/ul>\n<\/div><\/section>\n<div class='flex_column av-f64w1-da126f42b61613402309283c14245a25 av_one_half  avia-builder-el-7  el_after_av_textblock  el_before_av_one_third  first flex_column_div column-top-margin'   ><section  class='av_textblock_section av-lu8gpqre-73cc2c17e6a6497ba6e1b58af22bd9e8'  itemscope=\"itemscope\" itemtype=\"https:\/\/schema.org\/CreativeWork\" ><div class='avia_textblock'  itemprop=\"text\" ><h2>Rozw\u00f3j marki<\/h2>\n<p>Z biegiem lat marka ewoluowa\u0142a. Skupia si\u0119 na przyk\u0142ad na zr\u00f3wnowa\u017conym rozwoju i przyjazno\u015bci dla \u015brodowiska. Mercedes anga\u017cuje si\u0119 w rozw\u00f3j ekologicznych pojazd\u00f3w u\u017cytkowych, oferuj\u0105c modele z wydajnymi silnikami i alternatywami, takimi jak pojazdy elektryczne i hybrydowe. S\u0105 to rozwi\u0105zania, kt\u00f3re odgrywaj\u0105 rol\u0119 w rosn\u0105cym zapotrzebowaniu na zr\u00f3wnowa\u017cone rozwi\u0105zania transportowe. Marka pozostaje r\u00f3wnie\u017c w czo\u0142\u00f3wce, je\u015bli chodzi o \u0142\u0105czno\u015b\u0107. Wykorzystuje zaawansowane systemy bezpiecze\u0144stwa i wspomagania, kt\u00f3re poprawiaj\u0105 zar\u00f3wno bezpiecze\u0144stwo, jak i wydajno\u015b\u0107 pojazd\u00f3w.<\/p>\n<\/div><\/section><\/div>\n<div class='flex_column av-aldk9-ee694297f5c4032981677a02caab84d6 av_one_third  avia-builder-el-9  el_after_av_one_half  el_before_av_hr  flex_column_div column-top-margin'   ><style type=\"text\/css\" data-created_by=\"avia_inline_auto\" id=\"style-css-av-l1w9kpsf-4ec3fab772ec7a9adaa33cfc64ff0475\">\n.avia-image-container.av-l1w9kpsf-4ec3fab772ec7a9adaa33cfc64ff0475 .av-image-caption-overlay-center{\ncolor:#ffffff;\n}\n<\/style>\n<div  class='avia-image-container av-l1w9kpsf-4ec3fab772ec7a9adaa33cfc64ff0475 av-styling- avia-align-center  avia-builder-el-10  avia-builder-el-no-sibling'  itemprop=\"image\" itemscope=\"itemscope\" itemtype=\"https:\/\/schema.org\/ImageObject\" ><div class=\"avia-image-container-inner\"><div class=\"avia-image-overlay-wrap\"><img decoding=\"async\" class='wp-image-187 avia-img-lazy-loading-not-187 avia_image' src=\"https:\/\/www.vdhurk.nl\/wp-content\/uploads\/2022\/03\/Voorrad.png\" alt='' title='Stock'  height=\"758\" width=\"1135\"  itemprop=\"thumbnailUrl\" srcset=\"https:\/\/www.vdhurk.nl\/wp-content\/uploads\/2022\/03\/Voorrad.png 1135w, https:\/\/www.vdhurk.nl\/wp-content\/uploads\/2022\/03\/Voorrad-300x200.png 300w, https:\/\/www.vdhurk.nl\/wp-content\/uploads\/2022\/03\/Voorrad-1030x688.png 1030w, https:\/\/www.vdhurk.nl\/wp-content\/uploads\/2022\/03\/Voorrad-768x513.png 768w, https:\/\/www.vdhurk.nl\/wp-content\/uploads\/2022\/03\/Voorrad-18x12.png 18w, https:\/\/www.vdhurk.nl\/wp-content\/uploads\/2022\/03\/Voorrad-705x471.png 705w\" sizes=\"(max-width: 1135px) 100vw, 1135px\" \/><\/div><\/div><\/div><\/div>\n\n<style type=\"text\/css\" data-created_by=\"avia_inline_auto\" id=\"style-css-av-luqrjpjc-5a23a1fb5f94718ca85316a9df963e2f\">\n#top .hr.hr-invisible.av-luqrjpjc-5a23a1fb5f94718ca85316a9df963e2f{\nheight:50px;\n}\n<\/style>\n<div  class='hr av-luqrjpjc-5a23a1fb5f94718ca85316a9df963e2f hr-invisible  avia-builder-el-11  el_after_av_one_third  el_before_av_textblock'><span class='hr-inner'><span class=\"hr-inner-style\"><\/span><\/span><\/div>\n<section  class='av_textblock_section av-lu8gtjw7-4f3cee9304909518d86d2860d9d582dd'  itemscope=\"itemscope\" itemtype=\"https:\/\/schema.org\/CreativeWork\" ><div class='avia_textblock'  itemprop=\"text\" ><h2><b>Modele autobus\u00f3w Mercedes: wybra\u0107 nowy czy u\u017cywany?<\/b><\/h2>\n<p>Je\u015bli chodzi o r\u00f3\u017cne modele, Mercedes oferuje kilka opcji. W naszym asortymencie znajdziesz zar\u00f3wno nowe, jak i u\u017cywane modele. Mo\u017cesz wi\u0119c kupi\u0107 autobus Mercedes lub wzi\u0105\u0107 go w leasing. Podobnie jak w przypadku nowych modeli, leasing autobus\u00f3w Mercedes stanowi doskona\u0142\u0105 okazj\u0119 dla u\u017cytkownik\u00f3w biznesowych. U\u017cywane pojazdy w naszej ofercie s\u0105 niezawodne, wysokiej jako\u015bci i oferuj\u0105 doskona\u0142y stosunek jako\u015bci do ceny. Pojazdy te zosta\u0142y sprawdzone i przetestowane. W ten spos\u00f3b zapewniamy, \u017ce spe\u0142niaj\u0105 wysokie standardy. Co wi\u0119cej, cz\u0119sto nadal oferuj\u0105 wiele luksusu i funkcjonalno\u015bci, kt\u00f3rych mo\u017cna oczekiwa\u0107 od pojazd\u00f3w marki Mercedes.<\/p>\n<h2><b>Znajd\u017a idealny samoch\u00f3d s\u0142u\u017cbowy dla siebie jako u\u017cytkownika biznesowego<\/b><\/h2>\n<p>Pojazdy u\u017cytkowe Mercedes oferuj\u0105 szerok\u0105 gam\u0119 modeli zaprojektowanych z my\u015bl\u0105 o zr\u00f3\u017cnicowanych potrzebach u\u017cytkownik\u00f3w biznesowych. W naszej ofercie mo\u017cna znale\u017a\u0107 kilka popularnych modeli:<\/p>\n<ul>\n<li style=\"font-weight: 400;\" aria-level=\"1\"><strong>U\u017cywany samoch\u00f3d Mercedes Sprinter<\/strong>Jest to wszechstronny van z du\u017c\u0105 ilo\u015bci\u0105 miejsca. Model ten jest znany ze swojej \u0142adowno\u015bci, niezawodno\u015bci i wydajno\u015bci.<\/li>\n<li style=\"font-weight: 400;\" aria-level=\"1\"><strong>Mercedes Vito okazja:<\/strong> Model ten wyr\u00f3\u017cnia si\u0119 zwinno\u015bci\u0105, komfortem i nowoczesn\u0105 technologi\u0105. Sprawdza si\u0119 zar\u00f3wno w ruchu miejskim, jak i na d\u0142ugich dystansach, oferuj\u0105c elastyczne konfiguracje do przewozu \u0142adunk\u00f3w lub pasa\u017cer\u00f3w.<\/li>\n<li style=\"font-weight: 400;\" aria-level=\"1\"><strong>Mercedes Citan okazja:<\/strong> to kompaktowy samoch\u00f3d dostawczy odpowiedni do miejskiej dystrybucji i lekkich zastosowa\u0144 biznesowych. Dzi\u0119ki niewielkim rozmiarom, oszcz\u0119dnym silnikom i praktycznemu wn\u0119trzu jest to wszechstronny wyb\u00f3r dla zapracowanych miejskich przedsi\u0119biorc\u00f3w.<\/li>\n<\/ul>\n<h2><b>Korzy\u015bci z doskona\u0142ej obs\u0142ugi<\/b><\/h2>\n<p>W Van den Hurk mo\u017cesz wybiera\u0107 spo\u015br\u00f3d szerokiej gamy pojazd\u00f3w u\u017cytkowych Mercedes. Ka\u017cdy znajdzie co\u015b dla siebie. Gwarantujemy dobr\u0105 jako\u015b\u0107 i indywidualn\u0105 obs\u0142ug\u0119. Je\u015bli jeste\u015b zainteresowany jednym z naszych pojazd\u00f3w u\u017cytkowych, po prostu skontaktuj si\u0119 z nami pod adresem <a href=\"https:\/\/www.vdhurk.nl\/pl\/kontakt\/\">skontaktuj si\u0119 z nami<\/a> na. Z przyjemno\u015bci\u0105 pomo\u017cemy w dokonaniu wyboru.<\/p>\n<\/div><\/section>","protected":false},"excerpt":{"rendered":"","protected":false},"author":3,"featured_media":0,"parent":0,"menu_order":0,"comment_status":"closed","ping_status":"closed","template":"","meta":{"_acf_changed":false,"_improvement_type_select":"improve_an_existing","_thumb_yes_seoaic":false,"_frame_yes_seoaic":false,"seoaic_generate_description":"","seoaic_improve_instructions_prompt":"","seoaic_rollback_content_improvement":"","seoaic_idea_thumbnail_generator":"","thumbnail_generated":false,"thumbnail_generate_prompt":"","seoaic_article_description":"","footnotes":""},"class_list":["post-370573","page","type-page","status-publish","hentry"],"acf":[],"yoast_head":"<!-- This site is optimized with the Yoast SEO plugin v27.3 - https:\/\/yoast.com\/product\/yoast-seo-wordpress\/ -->\n<title>Ontdek de Mercedes bedrijfswagens binnen ons assortiment.<\/title>\n<meta name=\"description\" content=\"Betrouwbaar en professioneel. Dat zijn onze Mercedes bedrijfswagens. Ontdek welke bedrijfswagens van het merk aansluiten bij jouw zakelijke behoeften.\" \/>\n<meta name=\"robots\" content=\"index, follow, max-snippet:-1, max-image-preview:large, max-video-preview:-1\" \/>\n<link rel=\"canonical\" href=\"https:\/\/www.vdhurk.nl\/pl\/mercedes-9\/\" \/>\n<meta property=\"og:locale\" content=\"pl_PL\" \/>\n<meta property=\"og:type\" content=\"article\" \/>\n<meta property=\"og:title\" content=\"Ontdek de Mercedes bedrijfswagens binnen ons assortiment.\" \/>\n<meta property=\"og:description\" content=\"Betrouwbaar en professioneel. Dat zijn onze Mercedes bedrijfswagens. Ontdek welke bedrijfswagens van het merk aansluiten bij jouw zakelijke behoeften.\" \/>\n<meta property=\"og:url\" content=\"https:\/\/www.vdhurk.nl\/pl\/mercedes-9\/\" \/>\n<meta property=\"og:site_name\" content=\"Van den Hurk Bedrijfswagens\" \/>\n<meta property=\"article:modified_time\" content=\"2024-04-15T14:55:46+00:00\" \/>\n<meta name=\"twitter:card\" content=\"summary_large_image\" \/>\n<meta name=\"twitter:label1\" content=\"Szacowany czas czytania\" \/>\n\t<meta name=\"twitter:data1\" content=\"6 minut\" \/>\n<script type=\"application\/ld+json\" class=\"yoast-schema-graph\">{\"@context\":\"https:\\\/\\\/schema.org\",\"@graph\":[{\"@type\":\"WebPage\",\"@id\":\"https:\\\/\\\/www.vdhurk.nl\\\/mercedes-bedrijfswagens\\\/\",\"url\":\"https:\\\/\\\/www.vdhurk.nl\\\/mercedes-bedrijfswagens\\\/\",\"name\":\"Ontdek de Mercedes bedrijfswagens binnen ons assortiment.\",\"isPartOf\":{\"@id\":\"https:\\\/\\\/www.vdhurk.nl\\\/#website\"},\"datePublished\":\"2024-04-10T15:35:04+00:00\",\"dateModified\":\"2024-04-15T14:55:46+00:00\",\"description\":\"Betrouwbaar en professioneel. Dat zijn onze Mercedes bedrijfswagens. Ontdek welke bedrijfswagens van het merk aansluiten bij jouw zakelijke behoeften.\",\"breadcrumb\":{\"@id\":\"https:\\\/\\\/www.vdhurk.nl\\\/mercedes-bedrijfswagens\\\/#breadcrumb\"},\"inLanguage\":\"pl-PL\",\"potentialAction\":[{\"@type\":\"ReadAction\",\"target\":[\"https:\\\/\\\/www.vdhurk.nl\\\/mercedes-bedrijfswagens\\\/\"]}]},{\"@type\":\"BreadcrumbList\",\"@id\":\"https:\\\/\\\/www.vdhurk.nl\\\/mercedes-bedrijfswagens\\\/#breadcrumb\",\"itemListElement\":[{\"@type\":\"ListItem\",\"position\":1,\"name\":\"Home\",\"item\":\"https:\\\/\\\/www.vdhurk.nl\\\/home\\\/\"},{\"@type\":\"ListItem\",\"position\":2,\"name\":\"Mercedes Bedrijfswagens\"}]},{\"@type\":\"WebSite\",\"@id\":\"https:\\\/\\\/www.vdhurk.nl\\\/#website\",\"url\":\"https:\\\/\\\/www.vdhurk.nl\\\/\",\"name\":\"Van den Hurk Bedrijfswagens\",\"description\":\"Van den Hurk bedrijfswagens Helmond\",\"potentialAction\":[{\"@type\":\"SearchAction\",\"target\":{\"@type\":\"EntryPoint\",\"urlTemplate\":\"https:\\\/\\\/www.vdhurk.nl\\\/?s={search_term_string}\"},\"query-input\":{\"@type\":\"PropertyValueSpecification\",\"valueRequired\":true,\"valueName\":\"search_term_string\"}}],\"inLanguage\":\"pl-PL\"}]}<\/script>\n<!-- \/ Yoast SEO plugin. -->","yoast_head_json":{"title":"Odkryj pojazdy u\u017cytkowe Mercedes w naszej ofercie.","description":"Niezawodne i profesjonalne. Takie s\u0105 nasze pojazdy u\u017cytkowe Mercedes. Dowiedz si\u0119, kt\u00f3re markowe pojazdy u\u017cytkowe odpowiadaj\u0105 Twoim potrzebom biznesowym.","robots":{"index":"index","follow":"follow","max-snippet":"max-snippet:-1","max-image-preview":"max-image-preview:large","max-video-preview":"max-video-preview:-1"},"canonical":"https:\/\/www.vdhurk.nl\/pl\/mercedes-9\/","og_locale":"pl_PL","og_type":"article","og_title":"Ontdek de Mercedes bedrijfswagens binnen ons assortiment.","og_description":"Betrouwbaar en professioneel. Dat zijn onze Mercedes bedrijfswagens. Ontdek welke bedrijfswagens van het merk aansluiten bij jouw zakelijke behoeften.","og_url":"https:\/\/www.vdhurk.nl\/pl\/mercedes-9\/","og_site_name":"Van den Hurk Bedrijfswagens","article_modified_time":"2024-04-15T14:55:46+00:00","twitter_card":"summary_large_image","twitter_misc":{"Szacowany czas czytania":"6 minut"},"schema":{"@context":"https:\/\/schema.org","@graph":[{"@type":"WebPage","@id":"https:\/\/www.vdhurk.nl\/mercedes-bedrijfswagens\/","url":"https:\/\/www.vdhurk.nl\/mercedes-bedrijfswagens\/","name":"Odkryj pojazdy u\u017cytkowe Mercedes w naszej ofercie.","isPartOf":{"@id":"https:\/\/www.vdhurk.nl\/#website"},"datePublished":"2024-04-10T15:35:04+00:00","dateModified":"2024-04-15T14:55:46+00:00","description":"Niezawodne i profesjonalne. Takie s\u0105 nasze pojazdy u\u017cytkowe Mercedes. Dowiedz si\u0119, kt\u00f3re markowe pojazdy u\u017cytkowe odpowiadaj\u0105 Twoim potrzebom biznesowym.","breadcrumb":{"@id":"https:\/\/www.vdhurk.nl\/mercedes-bedrijfswagens\/#breadcrumb"},"inLanguage":"pl-PL","potentialAction":[{"@type":"ReadAction","target":["https:\/\/www.vdhurk.nl\/mercedes-bedrijfswagens\/"]}]},{"@type":"BreadcrumbList","@id":"https:\/\/www.vdhurk.nl\/mercedes-bedrijfswagens\/#breadcrumb","itemListElement":[{"@type":"ListItem","position":1,"name":"Home","item":"https:\/\/www.vdhurk.nl\/home\/"},{"@type":"ListItem","position":2,"name":"Mercedes Bedrijfswagens"}]},{"@type":"WebSite","@id":"https:\/\/www.vdhurk.nl\/#website","url":"https:\/\/www.vdhurk.nl\/","name":"Van den Hurk - pojazdy u\u017cytkowe","description":"Van den Hurk pojazdy u\u017cytkowe Helmond","potentialAction":[{"@type":"SearchAction","target":{"@type":"EntryPoint","urlTemplate":"https:\/\/www.vdhurk.nl\/?s={search_term_string}"},"query-input":{"@type":"PropertyValueSpecification","valueRequired":true,"valueName":"search_term_string"}}],"inLanguage":"pl-PL"}]}},"_links":{"self":[{"href":"https:\/\/www.vdhurk.nl\/pl\/wp-json\/wp\/v2\/pages\/370573","targetHints":{"allow":["GET"]}}],"collection":[{"href":"https:\/\/www.vdhurk.nl\/pl\/wp-json\/wp\/v2\/pages"}],"about":[{"href":"https:\/\/www.vdhurk.nl\/pl\/wp-json\/wp\/v2\/types\/page"}],"author":[{"embeddable":true,"href":"https:\/\/www.vdhurk.nl\/pl\/wp-json\/wp\/v2\/users\/3"}],"replies":[{"embeddable":true,"href":"https:\/\/www.vdhurk.nl\/pl\/wp-json\/wp\/v2\/comments?post=370573"}],"version-history":[{"count":9,"href":"https:\/\/www.vdhurk.nl\/pl\/wp-json\/wp\/v2\/pages\/370573\/revisions"}],"predecessor-version":[{"id":372083,"href":"https:\/\/www.vdhurk.nl\/pl\/wp-json\/wp\/v2\/pages\/370573\/revisions\/372083"}],"wp:attachment":[{"href":"https:\/\/www.vdhurk.nl\/pl\/wp-json\/wp\/v2\/media?parent=370573"}],"curies":[{"name":"wp","href":"https:\/\/api.w.org\/{rel}","templated":true}]}}