{"id":112189,"date":"2023-02-15T10:20:41","date_gmt":"2023-02-15T10:20:41","guid":{"rendered":"https:\/\/vdhurk.bonsaidev.nl\/?page_id=112189"},"modified":"2023-04-26T10:55:39","modified_gmt":"2023-04-26T10:55:39","slug":"zastrzezenie","status":"publish","type":"page","link":"https:\/\/www.vdhurk.nl\/pl\/disclaimer\/","title":{"rendered":"O\u015bwiadczenie"},"content":{"rendered":"<div id='av_section_1'  class='avia-section av-l07jud9-fb2626fe5dc081bb3e8ce5aa01c5b1d0 main_color avia-section-default avia-no-border-styling  avia-builder-el-0  avia-builder-el-no-sibling  avia-bg-style-scroll container_wrap fullsize'  ><div class='container av-section-cont-open' ><main  role=\"main\" itemprop=\"mainContentOfPage\"  class='template-page content  av-content-full alpha units'><div class='post-entry post-entry-type-page post-entry-112189'><div class='entry-content-wrapper clearfix'>\n<div class='flex_column av-ezk5dod-104967efc1d151473a665f425ae13514 av_three_fifth  avia-builder-el-1  el_before_av_two_fifth  avia-builder-el-first  first flex_column_div'   ><style type=\"text\/css\" data-created_by=\"avia_inline_auto\" id=\"style-css-av-le5ivnm3-ff26881d34d40773f4591b2178147ad4\">\n#top .av_textblock_section.av-le5ivnm3-ff26881d34d40773f4591b2178147ad4 .avia_textblock{\nfont-size:19px;\n}\n<\/style>\n<section  class='av_textblock_section av-le5ivnm3-ff26881d34d40773f4591b2178147ad4'  itemscope=\"itemscope\" itemtype=\"https:\/\/schema.org\/CreativeWork\" ><div class='avia_textblock av_inherit_color'  itemprop=\"text\" ><h1>O\u015bwiadczenie<\/h1>\n<p>Pomimo sta\u0142ej troski i uwagi, jak\u0105 przywi\u0105zujemy do sk\u0142adu tej strony i zawartych w niej informacji, Van den Hurk bedrijfswagens nie mo\u017ce zagwarantowa\u0107 kompletno\u015bci, dok\u0142adno\u015bci lub ci\u0105g\u0142ej aktualno\u015bci danych i zawarto\u015bci strony. Van den Hurk bedrijfswagens nie ponosi zatem odpowiedzialno\u015bci za jakiekolwiek bezpo\u015brednie lub po\u015brednie szkody, niezale\u017cnie od ich charakteru, wynikaj\u0105ce z lub w jakikolwiek spos\u00f3b zwi\u0105zane z korzystaniem ze strony lub (nie)dost\u0119pno\u015bci\u0105 strony.<\/p>\n<p>Wypowiedzi i opinie, wyra\u017cone w artyku\u0142ach i komunikatach na stronach tego serwisu, s\u0105 wypowiedziami autora(\u00f3w), a nie (koniecznie) wypowiedziami webmastera, dostawcy us\u0142ug internetowych lub van den hurk Bedrijfswagens nie mo\u017ce by\u0107 w \u017caden spos\u00f3b odpowiedzialny za ich tre\u015b\u0107 i nie ponosi odpowiedzialno\u015bci za jakiekolwiek bezpo\u015brednie lub po\u015brednie szkody, kt\u00f3re mog\u0105 wynika\u0107 z odpowiednich wypowiedzi.<\/p>\n<p>Van den Hurk bedrijfswagens nie mo\u017ce zagwarantowa\u0107, \u017ce informacje zawarte na tej stronie s\u0105 odpowiednie do celu, w kt\u00f3rym je Pa\u0144stwo przegl\u0105daj\u0105. Wszystkie informacje, produkty i us\u0142ugi s\u0105 oferowane w stanie, w jakim si\u0119 znajduj\u0105 i bez \u017cadnej (dorozumianej) gwarancji lub por\u0119czenia co do ich solidno\u015bci, przydatno\u015bci do okre\u015blonego celu lub w inny spos\u00f3b.<\/p>\n<p>Ceny i kalkulacje mog\u0105 si\u0119 r\u00f3\u017cni\u0107 od rzeczywisto\u015bci. W przypadku wspomnianych cen lub oblicze\u0144 van de Hurk bedrijfswagens ma prawo do dostosowania tych cen lub oblicze\u0144 w celu zapewnienia prawid\u0142owej ceny lub obliczenia.   Aby upewni\u0107 si\u0119 co do ceny lub kalkulacji, zawsze mo\u017cesz si\u0119 z nami skontaktowa\u0107.<\/p>\n<h2>Linki do innych stron internetowych<\/h2>\n<p>Ta strona zawiera szereg link\u00f3w do innych stron internetowych. Van den Hurk bedrijfswagensr nie ponosi odpowiedzialno\u015bci za zawarto\u015b\u0107 tych stron i\/lub spos\u00f3b, w jaki te strony przetwarzaj\u0105 Pa\u0144stwa dane (osobowe). Prosimy o zapoznanie si\u0119 z polityk\u0105 prywatno\u015bci, zrzeczeniem si\u0119 odpowiedzialno\u015bci, informacj\u0105 o prawach autorskich i og\u00f3lnymi warunkami, je\u015bli takie istniej\u0105, na odwiedzanej stronie.<\/p>\n<\/div><\/section><\/div><div class='flex_column av-15huzct-f68654b50c5fdded53d9fa508f758587 av_two_fifth  avia-builder-el-3  el_after_av_three_fifth  avia-builder-el-last  flex_column_div'   ><style type=\"text\/css\" data-created_by=\"avia_inline_auto\" id=\"style-css-av-8yyj7st-e199307906049af1393da61d6d9b3e6f\">\n.avia-video.av-8yyj7st-e199307906049af1393da61d6d9b3e6f{\nbackground-image:url(https:\/\/www.vdhurk.nl\/wp-content\/uploads\/2023\/04\/Thumbnail-Over-Van-Den-Hurk-300x169.jpg);\n}\n<\/style>\n<div  class='avia-video av-8yyj7st-e199307906049af1393da61d6d9b3e6f avia-video-16-9 av-preview-image avia-video-load-always av-lazyload-immediate av-lazyload-video-embed'  itemprop=\"video\" itemtype=\"https:\/\/schema.org\/VideoObject\"  data-original_url='https:\/\/www.youtube.com\/watch?v=9fT_2naEIwI'><script type='text\/html' class='av-video-tmpl'><div class='avia-iframe-wrap'><iframe loading=\"lazy\" title=\"van den hurk promo\" width=\"1500\" height=\"844\" src=\"https:\/\/www.youtube.com\/embed\/9fT_2naEIwI?feature=oembed&autoplay=1&loop=0&controls=1&mute=1\" frameborder=\"0\" allow=\"accelerometer; autoplay; clipboard-write; encrypted-media; gyroscope; picture-in-picture; web-share\" allowfullscreen><\/iframe><\/div><\/script><div class='av-click-to-play-overlay'><div class=\"avia_playpause_icon\"><\/div><\/div><\/div><\/div>","protected":false},"excerpt":{"rendered":"","protected":false},"author":1,"featured_media":0,"parent":0,"menu_order":0,"comment_status":"closed","ping_status":"closed","template":"","meta":{"_acf_changed":false,"_improvement_type_select":"improve_an_existing","_thumb_yes_seoaic":false,"_frame_yes_seoaic":false,"seoaic_generate_description":"","seoaic_improve_instructions_prompt":"","seoaic_rollback_content_improvement":"","seoaic_idea_thumbnail_generator":"","thumbnail_generated":false,"thumbnail_generate_prompt":"","seoaic_article_description":"","footnotes":""},"class_list":["post-112189","page","type-page","status-publish","hentry"],"acf":[],"yoast_head":"<!-- This site is optimized with the Yoast SEO plugin v27.5 - https:\/\/yoast.com\/product\/yoast-seo-wordpress\/ -->\n<title>Disclaimer - Van den Hurk Bedrijfswagens<\/title>\n<meta name=\"robots\" content=\"index, follow, max-snippet:-1, max-image-preview:large, max-video-preview:-1\" \/>\n<link rel=\"canonical\" href=\"https:\/\/www.vdhurk.nl\/pl\/zastrzezenie\/\" \/>\n<meta property=\"og:locale\" content=\"pl_PL\" \/>\n<meta property=\"og:type\" content=\"article\" \/>\n<meta property=\"og:title\" content=\"Disclaimer - Van den Hurk Bedrijfswagens\" \/>\n<meta property=\"og:url\" content=\"https:\/\/www.vdhurk.nl\/pl\/zastrzezenie\/\" \/>\n<meta property=\"og:site_name\" content=\"Van den Hurk Bedrijfswagens\" \/>\n<meta property=\"article:modified_time\" content=\"2023-04-26T10:55:39+00:00\" \/>\n<meta name=\"twitter:card\" content=\"summary_large_image\" \/>\n<meta name=\"twitter:label1\" content=\"Szacowany czas czytania\" \/>\n\t<meta name=\"twitter:data1\" content=\"3 minuty\" \/>\n<script type=\"application\/ld+json\" class=\"yoast-schema-graph\">{\"@context\":\"https:\\\/\\\/schema.org\",\"@graph\":[{\"@type\":\"WebPage\",\"@id\":\"https:\\\/\\\/www.vdhurk.nl\\\/disclaimer\\\/\",\"url\":\"https:\\\/\\\/www.vdhurk.nl\\\/disclaimer\\\/\",\"name\":\"Disclaimer - Van den Hurk Bedrijfswagens\",\"isPartOf\":{\"@id\":\"https:\\\/\\\/www.vdhurk.nl\\\/#website\"},\"datePublished\":\"2023-02-15T10:20:41+00:00\",\"dateModified\":\"2023-04-26T10:55:39+00:00\",\"breadcrumb\":{\"@id\":\"https:\\\/\\\/www.vdhurk.nl\\\/disclaimer\\\/#breadcrumb\"},\"inLanguage\":\"pl-PL\",\"potentialAction\":[{\"@type\":\"ReadAction\",\"target\":[\"https:\\\/\\\/www.vdhurk.nl\\\/disclaimer\\\/\"]}]},{\"@type\":\"BreadcrumbList\",\"@id\":\"https:\\\/\\\/www.vdhurk.nl\\\/disclaimer\\\/#breadcrumb\",\"itemListElement\":[{\"@type\":\"ListItem\",\"position\":1,\"name\":\"Home\",\"item\":\"https:\\\/\\\/www.vdhurk.nl\\\/home\\\/\"},{\"@type\":\"ListItem\",\"position\":2,\"name\":\"Disclaimer\"}]},{\"@type\":\"WebSite\",\"@id\":\"https:\\\/\\\/www.vdhurk.nl\\\/#website\",\"url\":\"https:\\\/\\\/www.vdhurk.nl\\\/\",\"name\":\"Van den Hurk Bedrijfswagens\",\"description\":\"Van den Hurk bedrijfswagens Helmond\",\"potentialAction\":[{\"@type\":\"SearchAction\",\"target\":{\"@type\":\"EntryPoint\",\"urlTemplate\":\"https:\\\/\\\/www.vdhurk.nl\\\/?s={search_term_string}\"},\"query-input\":{\"@type\":\"PropertyValueSpecification\",\"valueRequired\":true,\"valueName\":\"search_term_string\"}}],\"inLanguage\":\"pl-PL\"}]}<\/script>\n<!-- \/ Yoast SEO plugin. -->","yoast_head_json":{"title":"Zastrze\u017cenie - Van den Hurk Bedrijfswagens","robots":{"index":"index","follow":"follow","max-snippet":"max-snippet:-1","max-image-preview":"max-image-preview:large","max-video-preview":"max-video-preview:-1"},"canonical":"https:\/\/www.vdhurk.nl\/pl\/zastrzezenie\/","og_locale":"pl_PL","og_type":"article","og_title":"Disclaimer - Van den Hurk Bedrijfswagens","og_url":"https:\/\/www.vdhurk.nl\/pl\/zastrzezenie\/","og_site_name":"Van den Hurk Bedrijfswagens","article_modified_time":"2023-04-26T10:55:39+00:00","twitter_card":"summary_large_image","twitter_misc":{"Szacowany czas czytania":"3 minuty"},"schema":{"@context":"https:\/\/schema.org","@graph":[{"@type":"WebPage","@id":"https:\/\/www.vdhurk.nl\/disclaimer\/","url":"https:\/\/www.vdhurk.nl\/disclaimer\/","name":"Zastrze\u017cenie - Van den Hurk Bedrijfswagens","isPartOf":{"@id":"https:\/\/www.vdhurk.nl\/#website"},"datePublished":"2023-02-15T10:20:41+00:00","dateModified":"2023-04-26T10:55:39+00:00","breadcrumb":{"@id":"https:\/\/www.vdhurk.nl\/disclaimer\/#breadcrumb"},"inLanguage":"pl-PL","potentialAction":[{"@type":"ReadAction","target":["https:\/\/www.vdhurk.nl\/disclaimer\/"]}]},{"@type":"BreadcrumbList","@id":"https:\/\/www.vdhurk.nl\/disclaimer\/#breadcrumb","itemListElement":[{"@type":"ListItem","position":1,"name":"Home","item":"https:\/\/www.vdhurk.nl\/home\/"},{"@type":"ListItem","position":2,"name":"Disclaimer"}]},{"@type":"WebSite","@id":"https:\/\/www.vdhurk.nl\/#website","url":"https:\/\/www.vdhurk.nl\/","name":"Van den Hurk - pojazdy u\u017cytkowe","description":"Van den Hurk pojazdy u\u017cytkowe Helmond","potentialAction":[{"@type":"SearchAction","target":{"@type":"EntryPoint","urlTemplate":"https:\/\/www.vdhurk.nl\/?s={search_term_string}"},"query-input":{"@type":"PropertyValueSpecification","valueRequired":true,"valueName":"search_term_string"}}],"inLanguage":"pl-PL"}]}},"_links":{"self":[{"href":"https:\/\/www.vdhurk.nl\/pl\/wp-json\/wp\/v2\/pages\/112189","targetHints":{"allow":["GET"]}}],"collection":[{"href":"https:\/\/www.vdhurk.nl\/pl\/wp-json\/wp\/v2\/pages"}],"about":[{"href":"https:\/\/www.vdhurk.nl\/pl\/wp-json\/wp\/v2\/types\/page"}],"author":[{"embeddable":true,"href":"https:\/\/www.vdhurk.nl\/pl\/wp-json\/wp\/v2\/users\/1"}],"replies":[{"embeddable":true,"href":"https:\/\/www.vdhurk.nl\/pl\/wp-json\/wp\/v2\/comments?post=112189"}],"version-history":[{"count":3,"href":"https:\/\/www.vdhurk.nl\/pl\/wp-json\/wp\/v2\/pages\/112189\/revisions"}],"predecessor-version":[{"id":162007,"href":"https:\/\/www.vdhurk.nl\/pl\/wp-json\/wp\/v2\/pages\/112189\/revisions\/162007"}],"wp:attachment":[{"href":"https:\/\/www.vdhurk.nl\/pl\/wp-json\/wp\/v2\/media?parent=112189"}],"curies":[{"name":"wp","href":"https:\/\/api.w.org\/{rel}","templated":true}]}}