{"id":513,"date":"2023-10-18T09:49:48","date_gmt":"2023-10-18T09:49:48","guid":{"rendered":"https:\/\/vdhurk.bonsaidev.nl\/?page_id=513"},"modified":"2024-08-19T15:00:21","modified_gmt":"2024-08-19T13:00:21","slug":"veicoli-commerciali-ford","status":"publish","type":"page","link":"https:\/\/www.vdhurk.nl\/it\/ford-bedrijfswagens\/","title":{"rendered":"Veicoli commerciali Ford"},"content":{"rendered":"<section  class='av_textblock_section av-lu8gnh7d-4ac895489941e586c1d7c8cb72318135'  itemscope=\"itemscope\" itemtype=\"https:\/\/schema.org\/CreativeWork\" ><div class='avia_textblock'  itemprop=\"text\" ><h1><b>Veicoli commerciali Ford<\/b><\/h1>\n<p>Se cercate veicoli commerciali Ford, c'\u00e8 solo un posto dove andare: Van den Hurk veicoli commerciali. All'interno della nostra ampia gamma, offriamo diversi marchi automobilistici, tra cui Ford. Ford \u00e8 nota per i suoi veicoli commerciali impressionanti e affidabili, progettati specificamente per soddisfare le esigenze di imprenditori e utenti commerciali. Gli autobus, i veicoli commerciali e le auto usate Ford sono noti per le loro tecnologie efficienti e avanzate che rendono la guida molto pi\u00f9 divertente e facile.<\/p>\n<\/div><\/section>\n\n<style type=\"text\/css\" data-created_by=\"avia_inline_auto\" id=\"style-css-av-lujjddpd-afa3d7a9eabd61123e643ed1228e781e\">\n#top .hr.hr-invisible.av-lujjddpd-afa3d7a9eabd61123e643ed1228e781e{\nheight:50px;\n}\n<\/style>\n<div  class='hr av-lujjddpd-afa3d7a9eabd61123e643ed1228e781e hr-invisible  avia-builder-el-1  el_after_av_textblock  el_before_av_codeblock'><span class='hr-inner'><span class=\"hr-inner-style\"><\/span><\/span><\/div>\n\n\n<style type=\"text\/css\" data-created_by=\"avia_inline_auto\" id=\"style-css-av-ah0xd-63338d9dc6b40410e22a712829c369d6\">\n#top .hr.hr-invisible.av-ah0xd-63338d9dc6b40410e22a712829c369d6{\nheight:50px;\n}\n<\/style>\n<div  class='hr av-ah0xd-63338d9dc6b40410e22a712829c369d6 hr-invisible  avia-builder-el-3  el_after_av_codeblock  el_before_av_buttonrow'><span class='hr-inner'><span class=\"hr-inner-style\"><\/span><\/span><\/div>\n<div  class='avia-buttonrow-wrap av-lujhssae-cff7d852879371e1ec58a3b104a5d229 avia-buttonrow-center  avia-builder-el-4  el_after_av_hr  el_before_av_hr'>\n\n<style type=\"text\/css\" data-created_by=\"avia_inline_auto\" id=\"style-css-av-lujhtay0-198327d3d42c0e715915c1416c75be4b\">\n#top #wrap_all .avia-button.av-lujhtay0-198327d3d42c0e715915c1416c75be4b{\nmargin-bottom:5px;\nmargin-right:3px;\nmargin-left:3px;\n}\n<\/style>\n<a href='https:\/\/www.vdhurk.nl\/it\/veicoli-commerciali\/#q1bKTS3KVrJSSssvSlHSUQKSqUVJlUCBgqLMrGK9MqBsfn4BmBNfkFhUkplcmpOZWmSVklqcrFQLAA'  class='avia-button av-lujhtay0-198327d3d42c0e715915c1416c75be4b avia-icon_select-yes-right-icon avia-size-x-large avia-color-theme-color'  ><span class='avia_iconbox_title' >Siete curiosi di conoscere l'intera gamma di veicoli commerciali Ford? Non esitate a dare un'occhiata!<\/span><span class='avia_button_icon avia_button_icon_right' aria-hidden='true' data-av_icon='\ue871' data-av_iconfont='entypo-fontello'><\/span><\/a>\n<\/div>\n\n<style type=\"text\/css\" data-created_by=\"avia_inline_auto\" id=\"style-css-av-o1d5-cf77288da24053faf1b6ffbefcfc6222\">\n#top .hr.hr-invisible.av-o1d5-cf77288da24053faf1b6ffbefcfc6222{\nheight:50px;\n}\n<\/style>\n<div  class='hr av-o1d5-cf77288da24053faf1b6ffbefcfc6222 hr-invisible  avia-builder-el-5  el_after_av_buttonrow  el_before_av_textblock'><span class='hr-inner'><span class=\"hr-inner-style\"><\/span><\/span><\/div>\n<section  class='av_textblock_section av-lu8gow1e-300853e458ed741bd87d6cb78e55cc7a'  itemscope=\"itemscope\" itemtype=\"https:\/\/schema.org\/CreativeWork\" ><div class='avia_textblock'  itemprop=\"text\" ><h2><b>Una gamma di auto Ford aziendali<\/b><\/h2>\n<p>I veicoli commerciali Ford sono noti per il loro design funzionale e robusto, che li rende adatti a una variet\u00e0 di applicazioni aziendali. Che si tratti di trasportare carichi, consegnare merci o supportare operazioni di servizio, Ford offre una gamma di modelli in grado di soddisfare queste esigenze. In qualit\u00e0 di concessionario di veicoli commerciali Ford, offriamo una gamma progettata per soddisfare le diverse esigenze aziendali.<\/p>\n<\/div><\/section>\n<div class='flex_column av-f64w1-da126f42b61613402309283c14245a25 av_one_half  avia-builder-el-7  el_after_av_textblock  el_before_av_two_fifth  first flex_column_div column-top-margin'   ><section  class='av_textblock_section av-lu8gpqre-73cc2c17e6a6497ba6e1b58af22bd9e8'  itemscope=\"itemscope\" itemtype=\"https:\/\/schema.org\/CreativeWork\" ><div class='avia_textblock'  itemprop=\"text\" ><h2><b>Per cosa sono noti gli autobus Ford?<\/b><\/h2>\n<p>Il marchio Ford produce autobus e automobili con un'attenzione particolare alla sicurezza e all'innovazione tecnica. Molti modelli sono dotati di funzioni di sicurezza avanzate. Tra queste, i sistemi di frenata automatica d'emergenza, il sistema di assistenza al mantenimento della corsia e i sistemi di assistenza al parcheggio. Ci\u00f2 garantisce la sicurezza del conducente e dei passeggeri. Inoltre, queste caratteristiche di sicurezza contribuiscono a ridurre gli incidenti e i danni al veicolo. Ford \u00e8 nota non solo per la sicurezza, ma anche per l'efficienza. Ci\u00f2 si riflette, ad esempio, nei motori a basso consumo di carburante dei veicoli commerciali. Utilizzando tecnologie avanzate per i motori, Ford cerca di combinare l'economia con la potenza e le prestazioni.<\/p>\n<\/div><\/section><\/div>\n<div class='flex_column av-aldk9-ee694297f5c4032981677a02caab84d6 av_two_fifth  avia-builder-el-9  el_after_av_one_half  el_before_av_textblock  flex_column_div column-top-margin'   ><style type=\"text\/css\" data-created_by=\"avia_inline_auto\" id=\"style-css-av-l1w9kpsf-4ec3fab772ec7a9adaa33cfc64ff0475\">\n.avia-image-container.av-l1w9kpsf-4ec3fab772ec7a9adaa33cfc64ff0475 .av-image-caption-overlay-center{\ncolor:#ffffff;\n}\n<\/style>\n<div  class='avia-image-container av-l1w9kpsf-4ec3fab772ec7a9adaa33cfc64ff0475 av-styling- avia-align-center  avia-builder-el-10  avia-builder-el-no-sibling'  itemprop=\"image\" itemscope=\"itemscope\" itemtype=\"https:\/\/schema.org\/ImageObject\" ><div class=\"avia-image-container-inner\"><div class=\"avia-image-overlay-wrap\"><img decoding=\"async\" class='wp-image-187 avia-img-lazy-loading-not-187 avia_image' src=\"https:\/\/www.vdhurk.nl\/wp-content\/uploads\/2022\/03\/Voorrad.png\" alt='' title='Stock'  height=\"758\" width=\"1135\"  itemprop=\"thumbnailUrl\" srcset=\"https:\/\/www.vdhurk.nl\/wp-content\/uploads\/2022\/03\/Voorrad.png 1135w, https:\/\/www.vdhurk.nl\/wp-content\/uploads\/2022\/03\/Voorrad-300x200.png 300w, https:\/\/www.vdhurk.nl\/wp-content\/uploads\/2022\/03\/Voorrad-1030x688.png 1030w, https:\/\/www.vdhurk.nl\/wp-content\/uploads\/2022\/03\/Voorrad-768x513.png 768w, https:\/\/www.vdhurk.nl\/wp-content\/uploads\/2022\/03\/Voorrad-18x12.png 18w, https:\/\/www.vdhurk.nl\/wp-content\/uploads\/2022\/03\/Voorrad-705x471.png 705w\" sizes=\"(max-width: 1135px) 100vw, 1135px\" \/><\/div><\/div><\/div><\/div>\n<section  class='av_textblock_section av-lu8gtjw7-4f3cee9304909518d86d2860d9d582dd'  itemscope=\"itemscope\" itemtype=\"https:\/\/schema.org\/CreativeWork\" ><div class='avia_textblock'  itemprop=\"text\" ><h2><b>Gli interni dei veicoli commerciali Ford<\/b><\/h2>\n<p>I veicoli commerciali Ford presentano interni progettati all'insegna del comfort e della funzionalit\u00e0. Ad esempio, i modelli presentano sedili ergonomici, comandi intuitivi e funzioni di connettivit\u00e0. Inoltre, i veicoli commerciali di questo marchio offrono spazi di carico e opzioni di stoccaggio flessibili. Ci\u00f2 rende questi furgoni e autobus ideali per chi \u00e8 spesso in movimento.<\/p>\n<h2><b>I vantaggi di Ford<\/b><\/h2>\n<p>I modelli Ford offrono molti vantaggi agli imprenditori e agli utenti aziendali:<\/p>\n<ul>\n<li><b>Affidabile e durevole: <\/b>Ford \u00e8 nota per la sua affidabilit\u00e0 e durata. I suoi veicoli commerciali sono progettati e costruiti con tecnologie di alta qualit\u00e0. Ci\u00f2 si traduce in veicoli in grado di sopportare carichi pesanti e adatti all'uso a lungo termine.<\/li>\n<li><strong>Ampia gamma di modelli diversi<\/strong>Il marchio offre una vasta gamma di veicoli commerciali. L'ampia gamma consente all'imprenditore o all'utente commerciale di scegliere il veicolo pi\u00f9 adatto alle proprie esigenze.<\/li>\n<li><b>Tecnologie avanzate e caratteristiche di sicurezza: <\/b>I modelli sono progettati per migliorare l'efficienza, la sicurezza e la connettivit\u00e0. Considerate le varie caratteristiche e i sistemi di assistenza. La sicurezza \u00e8 una priorit\u00e0 assoluta per Ford. Per questo motivo vi vengono garantite caratteristiche di sicurezza avanzate. Questi proteggono il conducente, i passeggeri e il veicolo stesso.<\/li>\n<\/ul>\n<h2><b>Acquistare o noleggiare un autobus Ford?<\/b><\/h2>\n<p>L'acquisto di un'auto aziendale \u00e8 una decisione importante per gli imprenditori e gli utenti commerciali. Per questo motivo, Van den Hurk offre diverse opzioni. \u00c8 possibile noleggiare o acquistare un furgone Ford. \u00c8 importante valutare attentamente la scelta pi\u00f9 adatta a voi. Innanzitutto, potete scegliere di acquistare un veicolo commerciale. Questa scelta \u00e8 particolarmente indicata se si prevede di utilizzare il veicolo commerciale per un lungo periodo di tempo e di acquisirne la propriet\u00e0. Il vantaggio \u00e8 che avete la piena propriet\u00e0 e il controllo del veicolo. Uno svantaggio pu\u00f2 essere quello di essere responsabili dei costi di manutenzione. <a href=\"https:\/\/www.vdhurk.nl\/it\/locazione-finanziaria\/\">Leasing<\/a> offre la possibilit\u00e0 di utilizzare un'auto aziendale per un certo periodo di tempo, senza acquisirne la piena propriet\u00e0. Questo pu\u00f2 essere interessante dal punto di vista finanziario, in quanto spesso i costi mensili sono pi\u00f9 bassi.<\/p>\n<h2><b>Un autobus Ford usato o un modello nuovo?<\/b><\/h2>\n<p>Noi di Van den Hurk offriamo sia modelli nuovi che auto usate di seconda mano. In questo modo troverete sempre l'auto aziendale adatta ai vostri scopi. Offriamo solo modelli di qualit\u00e0 eccellente, anche se sono stati usati in precedenza. E questo grazie a prezzi estremamente competitivi. Consultate la nostra gamma online o passate a trovarci per una consulenza personalizzata.<\/p>\n<h2>Servizio e prezzi competitivi da Van den Hurk<\/h2>\n<p>Da Van den Hurk Bedrijfswagens siete nel posto giusto per l'acquisto, il leasing, il noleggio, la riparazione della carrozzeria e la manutenzione del vostro veicolo commerciale da oltre 50 anni. Sia che scegliate un modello nuovo o un veicolo usato, conosciamo ogni veicolo nei minimi dettagli. Cos\u00ec possiamo sempre garantire la massima qualit\u00e0 e mobilit\u00e0. Oltre alla nostra gamma di <a href=\"https:\/\/www.vdhurk.nl\/it\/veicoli-commerciali\/\">veicoli commerciali di alta qualit\u00e0<\/a>Siamo noti per il nostro servizio eccellente, i prezzi competitivi e l'approccio personale. Siamo felici di pensare insieme a voi, in modo che presto possiate partire spensierati con l'auto aziendale che si adatta perfettamente alle vostre esigenze!<\/p>\n<\/div><\/section>","protected":false},"excerpt":{"rendered":"","protected":false},"author":1,"featured_media":0,"parent":0,"menu_order":0,"comment_status":"closed","ping_status":"closed","template":"","meta":{"_acf_changed":false,"_improvement_type_select":"improve_an_existing","_thumb_yes_seoaic":false,"_frame_yes_seoaic":false,"seoaic_generate_description":"","seoaic_improve_instructions_prompt":"","seoaic_rollback_content_improvement":"","seoaic_idea_thumbnail_generator":"","thumbnail_generated":false,"thumbnail_generate_prompt":"","seoaic_article_description":"","footnotes":""},"class_list":["post-513","page","type-page","status-publish","hentry"],"acf":[],"yoast_head":"<!-- This site is optimized with the Yoast SEO plugin v27.5 - https:\/\/yoast.com\/product\/yoast-seo-wordpress\/ -->\n<title>Ford bedrijfswagens van hoge kwaliteit voor elke zakelijke klus<\/title>\n<meta name=\"description\" content=\"Interesse in een Ford bedrijfswagen? Bekijk de zakelijke lease mogelijkheden of bekijk onze voorraad tweedehandse en nieuwe bedrijfswagens.\" \/>\n<meta name=\"robots\" content=\"index, follow, max-snippet:-1, max-image-preview:large, max-video-preview:-1\" \/>\n<link rel=\"canonical\" href=\"https:\/\/www.vdhurk.nl\/it\/veicoli-commerciali-ford\/\" \/>\n<meta property=\"og:locale\" content=\"it_IT\" \/>\n<meta property=\"og:type\" content=\"article\" \/>\n<meta property=\"og:title\" content=\"Ford bedrijfswagens van hoge kwaliteit voor elke zakelijke klus\" \/>\n<meta property=\"og:description\" content=\"Interesse in een Ford bedrijfswagen? Bekijk de zakelijke lease mogelijkheden of bekijk onze voorraad tweedehandse en nieuwe bedrijfswagens.\" \/>\n<meta property=\"og:url\" content=\"https:\/\/www.vdhurk.nl\/it\/veicoli-commerciali-ford\/\" \/>\n<meta property=\"og:site_name\" content=\"Van den Hurk Bedrijfswagens\" \/>\n<meta property=\"article:modified_time\" content=\"2024-08-19T13:00:21+00:00\" \/>\n<meta name=\"twitter:card\" content=\"summary_large_image\" \/>\n<meta name=\"twitter:label1\" content=\"Tempo di lettura stimato\" \/>\n\t<meta name=\"twitter:data1\" content=\"6 minuti\" \/>\n<script type=\"application\/ld+json\" class=\"yoast-schema-graph\">{\"@context\":\"https:\\\/\\\/schema.org\",\"@graph\":[{\"@type\":\"WebPage\",\"@id\":\"https:\\\/\\\/www.vdhurk.nl\\\/ford-bedrijfswagens\\\/\",\"url\":\"https:\\\/\\\/www.vdhurk.nl\\\/ford-bedrijfswagens\\\/\",\"name\":\"Ford bedrijfswagens van hoge kwaliteit voor elke zakelijke klus\",\"isPartOf\":{\"@id\":\"https:\\\/\\\/www.vdhurk.nl\\\/#website\"},\"datePublished\":\"2023-10-18T09:49:48+00:00\",\"dateModified\":\"2024-08-19T13:00:21+00:00\",\"description\":\"Interesse in een Ford bedrijfswagen? Bekijk de zakelijke lease mogelijkheden of bekijk onze voorraad tweedehandse en nieuwe bedrijfswagens.\",\"breadcrumb\":{\"@id\":\"https:\\\/\\\/www.vdhurk.nl\\\/ford-bedrijfswagens\\\/#breadcrumb\"},\"inLanguage\":\"it-IT\",\"potentialAction\":[{\"@type\":\"ReadAction\",\"target\":[\"https:\\\/\\\/www.vdhurk.nl\\\/ford-bedrijfswagens\\\/\"]}]},{\"@type\":\"BreadcrumbList\",\"@id\":\"https:\\\/\\\/www.vdhurk.nl\\\/ford-bedrijfswagens\\\/#breadcrumb\",\"itemListElement\":[{\"@type\":\"ListItem\",\"position\":1,\"name\":\"Home\",\"item\":\"https:\\\/\\\/www.vdhurk.nl\\\/home\\\/\"},{\"@type\":\"ListItem\",\"position\":2,\"name\":\"Ford Bedrijfswagens\"}]},{\"@type\":\"WebSite\",\"@id\":\"https:\\\/\\\/www.vdhurk.nl\\\/#website\",\"url\":\"https:\\\/\\\/www.vdhurk.nl\\\/\",\"name\":\"Van den Hurk Bedrijfswagens\",\"description\":\"Van den Hurk bedrijfswagens Helmond\",\"potentialAction\":[{\"@type\":\"SearchAction\",\"target\":{\"@type\":\"EntryPoint\",\"urlTemplate\":\"https:\\\/\\\/www.vdhurk.nl\\\/?s={search_term_string}\"},\"query-input\":{\"@type\":\"PropertyValueSpecification\",\"valueRequired\":true,\"valueName\":\"search_term_string\"}}],\"inLanguage\":\"it-IT\"}]}<\/script>\n<!-- \/ Yoast SEO plugin. -->","yoast_head_json":{"title":"Veicoli commerciali Ford di alta qualit\u00e0 per ogni lavoro aziendale","description":"Siete interessati a un veicolo commerciale Ford? Scoprite le opzioni di leasing aziendale o sfogliate il nostro stock di veicoli commerciali usati e nuovi.","robots":{"index":"index","follow":"follow","max-snippet":"max-snippet:-1","max-image-preview":"max-image-preview:large","max-video-preview":"max-video-preview:-1"},"canonical":"https:\/\/www.vdhurk.nl\/it\/veicoli-commerciali-ford\/","og_locale":"it_IT","og_type":"article","og_title":"Ford bedrijfswagens van hoge kwaliteit voor elke zakelijke klus","og_description":"Interesse in een Ford bedrijfswagen? Bekijk de zakelijke lease mogelijkheden of bekijk onze voorraad tweedehandse en nieuwe bedrijfswagens.","og_url":"https:\/\/www.vdhurk.nl\/it\/veicoli-commerciali-ford\/","og_site_name":"Van den Hurk Bedrijfswagens","article_modified_time":"2024-08-19T13:00:21+00:00","twitter_card":"summary_large_image","twitter_misc":{"Tempo di lettura stimato":"6 minuti"},"schema":{"@context":"https:\/\/schema.org","@graph":[{"@type":"WebPage","@id":"https:\/\/www.vdhurk.nl\/ford-bedrijfswagens\/","url":"https:\/\/www.vdhurk.nl\/ford-bedrijfswagens\/","name":"Veicoli commerciali Ford di alta qualit\u00e0 per ogni lavoro aziendale","isPartOf":{"@id":"https:\/\/www.vdhurk.nl\/#website"},"datePublished":"2023-10-18T09:49:48+00:00","dateModified":"2024-08-19T13:00:21+00:00","description":"Siete interessati a un veicolo commerciale Ford? Scoprite le opzioni di leasing aziendale o sfogliate il nostro stock di veicoli commerciali usati e nuovi.","breadcrumb":{"@id":"https:\/\/www.vdhurk.nl\/ford-bedrijfswagens\/#breadcrumb"},"inLanguage":"it-IT","potentialAction":[{"@type":"ReadAction","target":["https:\/\/www.vdhurk.nl\/ford-bedrijfswagens\/"]}]},{"@type":"BreadcrumbList","@id":"https:\/\/www.vdhurk.nl\/ford-bedrijfswagens\/#breadcrumb","itemListElement":[{"@type":"ListItem","position":1,"name":"Home","item":"https:\/\/www.vdhurk.nl\/home\/"},{"@type":"ListItem","position":2,"name":"Ford Bedrijfswagens"}]},{"@type":"WebSite","@id":"https:\/\/www.vdhurk.nl\/#website","url":"https:\/\/www.vdhurk.nl\/","name":"Veicoli commerciali Van den Hurk","description":"Van den Hurk veicoli commerciali Helmond","potentialAction":[{"@type":"SearchAction","target":{"@type":"EntryPoint","urlTemplate":"https:\/\/www.vdhurk.nl\/?s={search_term_string}"},"query-input":{"@type":"PropertyValueSpecification","valueRequired":true,"valueName":"search_term_string"}}],"inLanguage":"it-IT"}]}},"_links":{"self":[{"href":"https:\/\/www.vdhurk.nl\/it\/wp-json\/wp\/v2\/pages\/513","targetHints":{"allow":["GET"]}}],"collection":[{"href":"https:\/\/www.vdhurk.nl\/it\/wp-json\/wp\/v2\/pages"}],"about":[{"href":"https:\/\/www.vdhurk.nl\/it\/wp-json\/wp\/v2\/types\/page"}],"author":[{"embeddable":true,"href":"https:\/\/www.vdhurk.nl\/it\/wp-json\/wp\/v2\/users\/1"}],"replies":[{"embeddable":true,"href":"https:\/\/www.vdhurk.nl\/it\/wp-json\/wp\/v2\/comments?post=513"}],"version-history":[{"count":86,"href":"https:\/\/www.vdhurk.nl\/it\/wp-json\/wp\/v2\/pages\/513\/revisions"}],"predecessor-version":[{"id":372330,"href":"https:\/\/www.vdhurk.nl\/it\/wp-json\/wp\/v2\/pages\/513\/revisions\/372330"}],"wp:attachment":[{"href":"https:\/\/www.vdhurk.nl\/it\/wp-json\/wp\/v2\/media?parent=513"}],"curies":[{"name":"wp","href":"https:\/\/api.w.org\/{rel}","templated":true}]}}