{"id":50799,"date":"2022-08-16T09:58:23","date_gmt":"2022-08-16T09:58:23","guid":{"rendered":"https:\/\/vdhurk.bonsaidev.nl\/?page_id=50799"},"modified":"2023-04-26T08:49:28","modified_gmt":"2023-04-26T08:49:28","slug":"camper","status":"publish","type":"page","link":"https:\/\/www.vdhurk.nl\/it\/camperbussen\/","title":{"rendered":"Furgoni camperizzati"},"content":{"rendered":"<style type=\"text\/css\" data-created_by=\"avia_inline_auto\" id=\"style-css-av-4nbej-61809ecf5e9bb21cc33f7ee31dcc49b2\">\n.avia-section.av-4nbej-61809ecf5e9bb21cc33f7ee31dcc49b2{\nbackground-repeat:no-repeat;\nbackground-image:url(https:\/\/www.vdhurk.nl\/wp-content\/uploads\/2022\/03\/Financial-lease.png);\nbackground-position:50% 50%;\nbackground-attachment:scroll;\n}\n<\/style>\n<div id='av_section_1'  class='avia-section av-4nbej-61809ecf5e9bb21cc33f7ee31dcc49b2 main_color avia-section-no-padding avia-no-border-styling  avia-builder-el-0  el_before_av_section  avia-builder-el-first  head-container av-small-hide av-mini-hide avia-full-stretch avia-bg-style-scroll av-minimum-height av-minimum-height-custom  container_wrap fullsize'  data-section-bg-repeat='stretch'><div class='container av-section-cont-open' style='height:380px'><main  role=\"main\" itemprop=\"mainContentOfPage\"  class='template-page content  av-content-full alpha units'><div class='post-entry post-entry-type-page post-entry-50799'><div class='entry-content-wrapper clearfix'>\n<div class='flex_column_table av-3w867-b337048c8ba0d44fb6c33f690166ec96 sc-av_two_fifth av-equal-height-column-flextable'>\n<style type=\"text\/css\" data-created_by=\"avia_inline_auto\" id=\"style-css-av-3w867-b337048c8ba0d44fb6c33f690166ec96\">\n.flex_column.av-3w867-b337048c8ba0d44fb6c33f690166ec96{\npadding:90px 90px 90px 90px;\nheight:380px;\nbackground-color:#e41c1c;\n}\n<\/style>\n<div class='flex_column av-3w867-b337048c8ba0d44fb6c33f690166ec96 av_two_fifth  avia-builder-el-1  el_before_av_three_fifth  avia-builder-el-first  banner-left first no_margin flex_column_table_cell av-equal-height-column av-align-top'   ><p><section  class='av_textblock_section av-34x5b-9dd3591d61f944ec73c7b1c571ae10ec'  itemscope=\"itemscope\" itemtype=\"https:\/\/schema.org\/CreativeWork\" ><div class='avia_textblock freestyle'  itemprop=\"text\" ><p>Dall'autobus al camper<\/p>\n<\/div><\/section><br \/>\n\n<style type=\"text\/css\" data-created_by=\"avia_inline_auto\" id=\"style-css-av-2n713-c05679f3a08ebdf9db45d2a4071db28b\">\n#top .av_textblock_section.av-2n713-c05679f3a08ebdf9db45d2a4071db28b .avia_textblock{\ncolor:#ffffff;\n}\n<\/style>\n<section  class='av_textblock_section av-2n713-c05679f3a08ebdf9db45d2a4071db28b'  itemscope=\"itemscope\" itemtype=\"https:\/\/schema.org\/CreativeWork\" ><div class='avia_textblock av_inherit_color'  itemprop=\"text\" ><h1>Tutto su Buscampers<\/h1>\n<\/div><\/section><br \/>\n\n<style type=\"text\/css\" data-created_by=\"avia_inline_auto\" id=\"style-css-av-28dp3-7fa4a9571da3bd8023e9d812fede9695\">\n#top .hr.hr-invisible.av-28dp3-7fa4a9571da3bd8023e9d812fede9695{\nheight:15px;\n}\n<\/style>\n<div  class='hr av-28dp3-7fa4a9571da3bd8023e9d812fede9695 hr-invisible  avia-builder-el-4  el_after_av_textblock  avia-builder-el-last'><span class='hr-inner'><span class=\"hr-inner-style\"><\/span><\/span><\/div><\/p><\/div><div class='flex_column av-sg6b-83d21c1385e2c3b6903c57e20ad0efc8 av_three_fifth  avia-builder-el-5  el_after_av_two_fifth  avia-builder-el-last  no_margin flex_column_table_cell av-equal-height-column av-align-top avia-full-stretch'   ><\/div><\/div><!--close column table wrapper. Autoclose: 1 -->\n\n<\/div><\/div><\/main><!-- close content main element --><\/div><\/div><div id='av_section_2'  class='avia-section av-3vpowjz-67d384d24ed4ebfcf66c46db46471679 main_color avia-section-default avia-no-border-styling  avia-builder-el-6  el_after_av_section  el_before_av_section  avia-bg-style-scroll container_wrap fullsize'  ><div class='container av-section-cont-open' ><div class='template-page content  av-content-full alpha units'><div class='post-entry post-entry-type-page post-entry-50799'><div class='entry-content-wrapper clearfix'>\n\n<style type=\"text\/css\" data-created_by=\"avia_inline_auto\" id=\"style-css-av-3es5bf3-bbab8d78b0b15b1ed445e37a3317bc59\">\n.flex_column.av-3es5bf3-bbab8d78b0b15b1ed445e37a3317bc59{\nwidth:18%;\n}\n<\/style>\n<div class='flex_column av-3es5bf3-bbab8d78b0b15b1ed445e37a3317bc59 av_one_fifth  avia-builder-el-7  el_before_av_three_fifth  avia-builder-el-first  first flex_column_div'   ><\/div>\n<style type=\"text\/css\" data-created_by=\"avia_inline_auto\" id=\"style-css-av-a6f8vj-76eef170d7dff51c49e1749a1a39f9c7\">\n.flex_column.av-a6f8vj-76eef170d7dff51c49e1749a1a39f9c7{\nwidth:59%;\nmargin-left:2.5%;\n}\n<\/style>\n<div class='flex_column av-a6f8vj-76eef170d7dff51c49e1749a1a39f9c7 av_three_fifth  avia-builder-el-8  el_after_av_one_fifth  el_before_av_one_fifth  flex_column_div'   ><section  class='av_textblock_section av-lgw01zel-aff5c8f2a41f87e36714912234c4d8fb'  itemscope=\"itemscope\" itemtype=\"https:\/\/schema.org\/CreativeWork\" ><div class='avia_textblock'  itemprop=\"text\" ><h2>CAMPIONI<\/h2>\n<p>Da sempre i camper sono molto popolari, ma negli ultimi anni la domanda di camper per autobus \u00e8 aumentata, poich\u00e9 i prezzi dei camper (normali) sono saliti alle stelle e l'offerta si \u00e8 ridotta.<\/p>\n<\/div><\/section><br \/>\n\n<style type=\"text\/css\" data-created_by=\"avia_inline_auto\" id=\"style-css-av-2oyndsf-d4341ca95e2c43241543660fcac041c6\">\n#top .hr.hr-invisible.av-2oyndsf-d4341ca95e2c43241543660fcac041c6{\nheight:20px;\n}\n<\/style>\n<div  class='hr av-2oyndsf-d4341ca95e2c43241543660fcac041c6 hr-invisible  avia-builder-el-10  el_after_av_textblock  el_before_av_video'><span class='hr-inner'><span class=\"hr-inner-style\"><\/span><\/span><\/div><br \/>\n\n<style type=\"text\/css\" data-created_by=\"avia_inline_auto\" id=\"style-css-av-lgw03cwy-dd6ed3870ffa1ff5648a1b53724bcd0b\">\n.avia-video.av-lgw03cwy-dd6ed3870ffa1ff5648a1b53724bcd0b{\nbackground-image:url(https:\/\/www.vdhurk.nl\/wp-content\/uploads\/2023\/04\/Thumbnail-Camperbus-300x188.png);\n}\n<\/style>\n<div  class='avia-video av-lgw03cwy-dd6ed3870ffa1ff5648a1b53724bcd0b avia-video-16-9 av-preview-image avia-video-load-always av-lazyload-immediate av-lazyload-video-embed'  itemprop=\"video\" itemtype=\"https:\/\/schema.org\/VideoObject\"  data-original_url='https:\/\/youtu.be\/uQTewV7nGZg'><script type='text\/html' class='av-video-tmpl'><div class='avia-iframe-wrap'><iframe loading=\"lazy\" title=\"Buscamper bouwen? Uitleg over enkele modellen en categorien.\" width=\"1500\" height=\"844\" src=\"https:\/\/www.youtube.com\/embed\/uQTewV7nGZg?feature=oembed&autoplay=1&loop=0&controls=1&mute=1\" frameborder=\"0\" allow=\"accelerometer; autoplay; clipboard-write; encrypted-media; gyroscope; picture-in-picture\" allowfullscreen><\/iframe><\/div><\/script><div class='av-click-to-play-overlay'><div class=\"avia_playpause_icon\"><\/div><\/div><\/div><br \/>\n\n<style type=\"text\/css\" data-created_by=\"avia_inline_auto\" id=\"style-css-av-1khvytr-34aad970eaece9efef8521ccd5158779\">\n#top .hr.hr-invisible.av-1khvytr-34aad970eaece9efef8521ccd5158779{\nheight:20px;\n}\n<\/style>\n<div  class='hr av-1khvytr-34aad970eaece9efef8521ccd5158779 hr-invisible  avia-builder-el-12  el_after_av_video  el_before_av_textblock'><span class='hr-inner'><span class=\"hr-inner-style\"><\/span><\/span><\/div><br \/>\n<section  class='av_textblock_section av-lgvzzgiw-2fcfc063989a751fe5d0972326f7a3ea'  itemscope=\"itemscope\" itemtype=\"https:\/\/schema.org\/CreativeWork\" ><div class='avia_textblock av_inherit_color'  itemprop=\"text\" ><h3>COSA FARETE DA SOLI E COSA ESTERNALIZZERETE;<\/h3>\n<p>Costruire da soli \u00e8 un progetto estremamente piacevole e fa sentire davvero propria l'auto con la quale si creeranno quei momenti speciali. Ma non prendetela alla leggera: state costruendo una piccola casa, per cos\u00ec dire, con molte sfide come l'isolamento, l'elettricit\u00e0, gli interni, la disposizione e molto altro ancora. Lo fate bene? Allora l'auto manterr\u00e0 il suo valore, quindi l'enfasi \u00e8 chiaramente sull'allestimento corretto e sull'utilizzo dei materiali giusti.<\/p>\n<p>Siete meno pratici ma volete comunque arredare il veicolo a vostro piacimento? Allora potete trovare molti costruttori di camper nel Paese, molti dei quali provengono dal settore dell'arredamento e hanno un buon occhio per i dettagli. Insieme a loro, si elabora il progetto dell'arredamento e del gusto pi\u00f9 adatto alle proprie esigenze. Dopo i primi colloqui, spesso ci si orienta verso un modello di veicolo commerciale, dal pi\u00f9 piccolo furgone al grande camion, come base.<\/p>\n<h3>COSA OSSERVARE AL MOMENTO DELL'ACQUISTO;<\/h3>\n<p>Il budget \u00e8 importante, ma non dimenticate che anche un'installazione decente non sar\u00e0 certo economica. Avete intenzione di montare questi interni su una vecchia auto con un elevato numero di contachilometri? Allora il valore di rivendita si ridurr\u00e0 rapidamente e le future permute o vendite saranno spesso molto pi\u00f9 difficili (e s\u00ec, una volta presa la mano, si penser\u00e0 presto a un nuovo progetto). Ma soprattutto, la vostra opinione sull'affidabilit\u00e0 dell'auto dovrebbe rimanere alta: dopo tutto, si tratta di giorni in cui dovreste godervi i meritati viaggi e non dover affrontare l'officina locale per riparare i guasti.<\/p>\n<h3>DI QUALE FORMATO AVETE BISOGNO?<\/h3>\n<p>I veri \"irriducibili\" possono gi\u00e0 cavarsela con un Ford Transit Connect (s\u00ec, sul serio), qui c'\u00e8 spazio a sufficienza per sdraiarsi dopo le necessarie modifiche e si pu\u00f2 estrarre un angolo cottura sotto il posto letto per cucinare all'esterno dell'auto.<\/p>\n<p>Molti lo trovano troppo piccolo e, naturalmente, quando sono necessari pi\u00f9 di 2 posti letto non \u00e8 un'opzione. Il passo successivo \u00e8 rappresentato dalle ben note Volkswagen California, Mercedes Marco Polo e Ford Transit formato Nugget, spaziose per 2 persone ma con un tetto rialzato con strutture per dormire \u00e8 gi\u00e0 possibile campeggiare con 4 persone in auto. Si consiglia di testare quest'ultimo in anticipo con un'auto a noleggio. Quando tutti sono installati per la notte, \u00e8 accogliente, ma la conversione quotidiana dalla disposizione diurna a quella notturna e viceversa pu\u00f2 essere piuttosto scomoda.<\/p>\n<p>Boxer\/ Jumper\/ Ducato, sono modelli che hanno riscosso un grande successo presso il pubblico dei camperisti fin dalla loro introduzione, hanno larghezza! Sono gli unici modelli in cui si pu\u00f2 dormire in larghezza (senza modificare la carrozzeria), fino a 1,96! Questo semplifica notevolmente le opzioni di disposizione e un tavolo con panca dietro i sedili anteriori \u00e8 facile da realizzare.<\/p>\n<p>Con i camper bus pi\u00f9 grandi, la trazione diventa una componente importante, perch\u00e9 quando si guarda alle versioni pi\u00f9 lunghe della gamma Ducato\/ Boxer\/ Jumper\/ Master\/ Movano, si nota spesso che si tratta di veicoli a trazione anteriore, il che \u00e8 bello perch\u00e9 si mantiene un passo basso, ma il raggio di sterzata (pensate a quei bei posti pittoreschi) diventa molto pi\u00f9 ampio per questo motivo.<\/p>\n<p>Tra i modelli pi\u00f9 grandi, potreste anche considerare i modelli Transit\/Crafter (2006-2018)\/Sprinter. Questi veicoli sono costruiti pi\u00f9 per i lavori pesanti e hanno un telaio diverso con trazione posteriore (si pu\u00f2 fare una prova su strada).<\/p>\n<p>Vedere subito cosa abbiamo da offrire?<\/p>\n<\/div><\/section><br \/>\n\n<style type=\"text\/css\" data-created_by=\"avia_inline_auto\" id=\"style-css-av-1jjtz0v-f401d03f006f67527f6988fa6a7725ec\">\n#top .hr.hr-invisible.av-1jjtz0v-f401d03f006f67527f6988fa6a7725ec{\nheight:20px;\n}\n<\/style>\n<div  class='hr av-1jjtz0v-f401d03f006f67527f6988fa6a7725ec hr-invisible  avia-builder-el-14  el_after_av_textblock  el_before_av_button'><span class='hr-inner'><span class=\"hr-inner-style\"><\/span><\/span><\/div><br \/>\n<div  class='avia-button-wrap avia-button-left  avia-builder-el-15  el_after_av_hr  el_before_av_image' ><a href='https:\/\/www.vdhurk.nl\/it\/veicoli-commerciali\/'  class='avia-button av-lgw1xrd9-5d4f76edbf6f127f7c57779fb6848f37 avia-icon_select-no avia-size-medium avia-position-left avia-color-theme-color-highlight' ><span class='avia_iconbox_title' >Vedi il nostro stock<\/span><\/a><\/div><br \/>\n\n<style type=\"text\/css\" data-created_by=\"avia_inline_auto\" id=\"style-css-av-lgw1p6k3-95a6301aad5cfaa19d8f357b1d34796d\">\n.avia-image-container.av-lgw1p6k3-95a6301aad5cfaa19d8f357b1d34796d .av-image-caption-overlay-center{\ncolor:#ffffff;\n}\n<\/style>\n<div  class='avia-image-container av-lgw1p6k3-95a6301aad5cfaa19d8f357b1d34796d av-styling- avia-align-center  avia-builder-el-16  el_after_av_button  el_before_av_hr'  itemprop=\"image\" itemscope=\"itemscope\" itemtype=\"https:\/\/schema.org\/ImageObject\" ><div class=\"avia-image-container-inner\"><div class=\"avia-image-overlay-wrap\"><img decoding=\"async\" class='wp-image- avia-img-lazy-loading-not- avia_image' src=\"https:\/\/www.vdhurk.nl\/wp-content\/uploads\/autobedrijfvoertuigen\/voertuig\/32.694.942\/11844392683-32694942-5-300x225.jpg\" alt='' title=''   itemprop=\"thumbnailUrl\"  \/><\/div><\/div><\/div><br \/>\n\n<style type=\"text\/css\" data-created_by=\"avia_inline_auto\" id=\"style-css-av-12nptqn-d9921720a02dce648b729235df61d7a1\">\n#top .hr.hr-invisible.av-12nptqn-d9921720a02dce648b729235df61d7a1{\nheight:20px;\n}\n<\/style>\n<div  class='hr av-12nptqn-d9921720a02dce648b729235df61d7a1 hr-invisible  avia-builder-el-17  el_after_av_image  el_before_av_textblock'><span class='hr-inner'><span class=\"hr-inner-style\"><\/span><\/span><\/div><br \/>\n<section  class='av_textblock_section av-lgw1mclq-d7d10076c919bf8c2048026583a28a76'  itemscope=\"itemscope\" itemtype=\"https:\/\/schema.org\/CreativeWork\" ><div class='avia_textblock av_inherit_color'  itemprop=\"text\" ><h3>COSA POSSIAMO FARE PER VOI;<\/h3>\n<p>Ci piace condividere l'entusiasmo dei nostri clienti e cerchiamo di consigliarli al meglio, ma guardare, salire e guidare i modelli \u00e8 proprio quello che serve per farsi un'idea. Di solito, con il nostro stock di +\/- 400 auto, abbiamo un bel po' di varianti in magazzino.<\/p>\n<p>Possiamo aiutare fino al momento della costruzione in aree quali: la preparazione tecnica dell'auto, il passaggio in garanzia fino a quando l'auto \u00e8 stata convertita. Possiamo gi\u00e0 allestire l'auto con eventuali protezioni laterali\/barre di spinta, bei cerchi, telecamere di parcheggio, cruise control, montaggio di un sedile di lusso al posto della panca del passeggero, ma anche il montaggio dei finestrini viene spesso fatto al momento dell'acquisto.<\/p>\n<h3>BPM, COME FUNZIONA?<\/h3>\n<p>Un errore comune \u00e8 che le persone non si rendono conto che la BPM deve essere pagata; molte officine, inoltre, giocano comodamente su questo aspetto e dicono che non \u00e8 cos\u00ec finch\u00e9 l'auto aziendale ha pi\u00f9 di 5 anni. ERRORE! Come privati, quando si acquista un'auto aziendale non si deve pagare il BPM se questa \u00e8 in servizio da 60 mesi, ma quando si presenta l'auto alla RDW, la targa passa da grigia a gialla e quindi si applica anche il BPM residuo. \u00c8 bene saperlo in anticipo e tenerne conto in fase di preventivo. Vi state chiedendo a quanto ammonta il BPM? Possiamo verificarlo per ogni veicolo.<\/p>\n<p>Quando \u00e8 possibile acquistare BPM gratis? C'\u00e8 un'eccezione che a molti sfugge, perch\u00e9 noi pubblicizziamo gli autobus per il trasporto di persone includendo il resto del BPM o addirittura il BPM gratuito (nota: molte pubblicit\u00e0 di autobus per il trasporto di persone presso i nostri concorrenti sono nette e finalizzate all'esportazione, quindi il BPM \u00e8 ancora aggiunto qui). Poich\u00e9 gli autobus per il trasporto di persone hanno gi\u00e0 il \"numero di immatricolazione giallo\", non c'\u00e8 alcun regolamento in seguito.<\/p>\n<p>Un ulteriore vantaggio di questi autobus passeggeri \u00e8 che sono gi\u00e0 dotati di finestrini tutt'intorno, sono ben rifiniti sulle pareti laterali, hanno il rivestimento del tetto e i sedili gi\u00e0 omologati, una categoria che spesso viene trascurata.<\/p>\n<\/div><\/section><br \/>\n\n<style type=\"text\/css\" data-created_by=\"avia_inline_auto\" id=\"style-css-av-10x30wf-cc6852f741b949cd00ad7a58f4122ae9\">\n#top .hr.hr-invisible.av-10x30wf-cc6852f741b949cd00ad7a58f4122ae9{\nheight:20px;\n}\n<\/style>\n<div  class='hr av-10x30wf-cc6852f741b949cd00ad7a58f4122ae9 hr-invisible  avia-builder-el-19  el_after_av_textblock  avia-builder-el-last'><span class='hr-inner'><span class=\"hr-inner-style\"><\/span><\/span><\/div><\/p><\/div>\n<style type=\"text\/css\" data-created_by=\"avia_inline_auto\" id=\"style-css-av-rmnuen-17f9f303c492b8db0abe2b0dcb02ff5d\">\n.flex_column.av-rmnuen-17f9f303c492b8db0abe2b0dcb02ff5d{\nwidth:18%;\nmargin-left:2.5%;\n}\n<\/style>\n<div class='flex_column av-rmnuen-17f9f303c492b8db0abe2b0dcb02ff5d av_one_fifth  avia-builder-el-20  el_after_av_three_fifth  avia-builder-el-last  flex_column_div'   ><\/div><\/div><\/div><\/div><!-- close content main div --><\/div><\/div>\n<style type=\"text\/css\" data-created_by=\"avia_inline_auto\" id=\"style-css-av-l0nx5vch-61a276b5a8af02c9d25c6ca672a66eca\">\n.avia-section.av-l0nx5vch-61a276b5a8af02c9d25c6ca672a66eca{\nbackground-repeat:no-repeat;\nbackground-image:url(https:\/\/www.vdhurk.nl\/wp-content\/uploads\/2022\/03\/lease-calculator.png);\nbackground-position:50% 50%;\nbackground-attachment:scroll;\n}\n<\/style>\n<div id='lease-calculator'  class='avia-section av-l0nx5vch-61a276b5a8af02c9d25c6ca672a66eca main_color avia-section-large avia-no-border-styling  avia-builder-el-21  el_after_av_section  avia-builder-el-last  avia-full-stretch avia-bg-style-scroll container_wrap fullsize'  data-section-bg-repeat='stretch'><div class='container av-section-cont-open' ><div class='template-page content  av-content-full alpha units'><div class='post-entry post-entry-type-page post-entry-50799'><div class='entry-content-wrapper clearfix'><\/p>","protected":false},"excerpt":{"rendered":"","protected":false},"author":2,"featured_media":0,"parent":0,"menu_order":0,"comment_status":"closed","ping_status":"closed","template":"","meta":{"_acf_changed":false,"_improvement_type_select":"improve_an_existing","_thumb_yes_seoaic":false,"_frame_yes_seoaic":false,"seoaic_generate_description":"","seoaic_improve_instructions_prompt":"","seoaic_rollback_content_improvement":"","seoaic_idea_thumbnail_generator":"","thumbnail_generated":false,"thumbnail_generate_prompt":"","seoaic_article_description":"","footnotes":""},"class_list":["post-50799","page","type-page","status-publish","hentry"],"acf":[],"yoast_head":"<!-- This site is optimized with the Yoast SEO plugin v27.5 - https:\/\/yoast.com\/product\/yoast-seo-wordpress\/ -->\n<title>Camperbussen - Van den Hurk Bedrijfswagens<\/title>\n<meta name=\"robots\" content=\"index, follow, max-snippet:-1, max-image-preview:large, max-video-preview:-1\" \/>\n<link rel=\"canonical\" href=\"https:\/\/www.vdhurk.nl\/it\/camper\/\" \/>\n<meta property=\"og:locale\" content=\"it_IT\" \/>\n<meta property=\"og:type\" content=\"article\" \/>\n<meta property=\"og:title\" content=\"Camperbussen - Van den Hurk Bedrijfswagens\" \/>\n<meta property=\"og:url\" content=\"https:\/\/www.vdhurk.nl\/it\/camper\/\" \/>\n<meta property=\"og:site_name\" content=\"Van den Hurk Bedrijfswagens\" \/>\n<meta property=\"article:modified_time\" content=\"2023-04-26T08:49:28+00:00\" \/>\n<meta name=\"twitter:card\" content=\"summary_large_image\" \/>\n<meta name=\"twitter:label1\" content=\"Tempo di lettura stimato\" \/>\n\t<meta name=\"twitter:data1\" content=\"9 minuti\" \/>\n<script type=\"application\/ld+json\" class=\"yoast-schema-graph\">{\"@context\":\"https:\\\/\\\/schema.org\",\"@graph\":[{\"@type\":\"WebPage\",\"@id\":\"https:\\\/\\\/www.vdhurk.nl\\\/camperbussen\\\/\",\"url\":\"https:\\\/\\\/www.vdhurk.nl\\\/camperbussen\\\/\",\"name\":\"Camperbussen - Van den Hurk Bedrijfswagens\",\"isPartOf\":{\"@id\":\"https:\\\/\\\/www.vdhurk.nl\\\/#website\"},\"datePublished\":\"2022-08-16T09:58:23+00:00\",\"dateModified\":\"2023-04-26T08:49:28+00:00\",\"breadcrumb\":{\"@id\":\"https:\\\/\\\/www.vdhurk.nl\\\/camperbussen\\\/#breadcrumb\"},\"inLanguage\":\"it-IT\",\"potentialAction\":[{\"@type\":\"ReadAction\",\"target\":[\"https:\\\/\\\/www.vdhurk.nl\\\/camperbussen\\\/\"]}]},{\"@type\":\"BreadcrumbList\",\"@id\":\"https:\\\/\\\/www.vdhurk.nl\\\/camperbussen\\\/#breadcrumb\",\"itemListElement\":[{\"@type\":\"ListItem\",\"position\":1,\"name\":\"Home\",\"item\":\"https:\\\/\\\/www.vdhurk.nl\\\/home\\\/\"},{\"@type\":\"ListItem\",\"position\":2,\"name\":\"Camperbussen\"}]},{\"@type\":\"WebSite\",\"@id\":\"https:\\\/\\\/www.vdhurk.nl\\\/#website\",\"url\":\"https:\\\/\\\/www.vdhurk.nl\\\/\",\"name\":\"Van den Hurk Bedrijfswagens\",\"description\":\"Van den Hurk bedrijfswagens Helmond\",\"potentialAction\":[{\"@type\":\"SearchAction\",\"target\":{\"@type\":\"EntryPoint\",\"urlTemplate\":\"https:\\\/\\\/www.vdhurk.nl\\\/?s={search_term_string}\"},\"query-input\":{\"@type\":\"PropertyValueSpecification\",\"valueRequired\":true,\"valueName\":\"search_term_string\"}}],\"inLanguage\":\"it-IT\"}]}<\/script>\n<!-- \/ Yoast SEO plugin. -->","yoast_head_json":{"title":"Autocaravan - Van den Hurk Bedrijfswagens","robots":{"index":"index","follow":"follow","max-snippet":"max-snippet:-1","max-image-preview":"max-image-preview:large","max-video-preview":"max-video-preview:-1"},"canonical":"https:\/\/www.vdhurk.nl\/it\/camper\/","og_locale":"it_IT","og_type":"article","og_title":"Camperbussen - Van den Hurk Bedrijfswagens","og_url":"https:\/\/www.vdhurk.nl\/it\/camper\/","og_site_name":"Van den Hurk Bedrijfswagens","article_modified_time":"2023-04-26T08:49:28+00:00","twitter_card":"summary_large_image","twitter_misc":{"Tempo di lettura stimato":"9 minuti"},"schema":{"@context":"https:\/\/schema.org","@graph":[{"@type":"WebPage","@id":"https:\/\/www.vdhurk.nl\/camperbussen\/","url":"https:\/\/www.vdhurk.nl\/camperbussen\/","name":"Autocaravan - Van den Hurk Bedrijfswagens","isPartOf":{"@id":"https:\/\/www.vdhurk.nl\/#website"},"datePublished":"2022-08-16T09:58:23+00:00","dateModified":"2023-04-26T08:49:28+00:00","breadcrumb":{"@id":"https:\/\/www.vdhurk.nl\/camperbussen\/#breadcrumb"},"inLanguage":"it-IT","potentialAction":[{"@type":"ReadAction","target":["https:\/\/www.vdhurk.nl\/camperbussen\/"]}]},{"@type":"BreadcrumbList","@id":"https:\/\/www.vdhurk.nl\/camperbussen\/#breadcrumb","itemListElement":[{"@type":"ListItem","position":1,"name":"Home","item":"https:\/\/www.vdhurk.nl\/home\/"},{"@type":"ListItem","position":2,"name":"Camperbussen"}]},{"@type":"WebSite","@id":"https:\/\/www.vdhurk.nl\/#website","url":"https:\/\/www.vdhurk.nl\/","name":"Veicoli commerciali Van den Hurk","description":"Van den Hurk veicoli commerciali Helmond","potentialAction":[{"@type":"SearchAction","target":{"@type":"EntryPoint","urlTemplate":"https:\/\/www.vdhurk.nl\/?s={search_term_string}"},"query-input":{"@type":"PropertyValueSpecification","valueRequired":true,"valueName":"search_term_string"}}],"inLanguage":"it-IT"}]}},"_links":{"self":[{"href":"https:\/\/www.vdhurk.nl\/it\/wp-json\/wp\/v2\/pages\/50799","targetHints":{"allow":["GET"]}}],"collection":[{"href":"https:\/\/www.vdhurk.nl\/it\/wp-json\/wp\/v2\/pages"}],"about":[{"href":"https:\/\/www.vdhurk.nl\/it\/wp-json\/wp\/v2\/types\/page"}],"author":[{"embeddable":true,"href":"https:\/\/www.vdhurk.nl\/it\/wp-json\/wp\/v2\/users\/2"}],"replies":[{"embeddable":true,"href":"https:\/\/www.vdhurk.nl\/it\/wp-json\/wp\/v2\/comments?post=50799"}],"version-history":[{"count":21,"href":"https:\/\/www.vdhurk.nl\/it\/wp-json\/wp\/v2\/pages\/50799\/revisions"}],"predecessor-version":[{"id":189944,"href":"https:\/\/www.vdhurk.nl\/it\/wp-json\/wp\/v2\/pages\/50799\/revisions\/189944"}],"wp:attachment":[{"href":"https:\/\/www.vdhurk.nl\/it\/wp-json\/wp\/v2\/media?parent=50799"}],"curies":[{"name":"wp","href":"https:\/\/api.w.org\/{rel}","templated":true}]}}