{"id":488091,"date":"2025-04-29T14:49:11","date_gmt":"2025-04-29T12:49:11","guid":{"rendered":"https:\/\/www.vdhurk.nl\/?page_id=488091"},"modified":"2025-04-29T14:52:15","modified_gmt":"2025-04-29T12:52:15","slug":"macchina","status":"publish","type":"page","link":"https:\/\/www.vdhurk.nl\/it\/iveco-bedrijfswagens\/daily\/automaat\/","title":{"rendered":"Iveco Daily automatico"},"content":{"rendered":"<section  class='av_textblock_section av-lu8gnh7d-4ac895489941e586c1d7c8cb72318135'  itemscope=\"itemscope\" itemtype=\"https:\/\/schema.org\/CreativeWork\" ><div class='avia_textblock'  itemprop=\"text\" ><h1>Sceglierete un Iveco Daily automatico?<\/h1>\n<p>Non volete cambiare marcia e preferite godere della comodit\u00e0 di un cambio automatico? Allora l'Iveco Daily automatico \u00e8 una scelta eccellente. Questo veicolo commerciale ha guadagnato popolarit\u00e0 negli ultimi anni grazie alla sua versatilit\u00e0 e facilit\u00e0 d'uso. Vi state chiedendo se l'Iveco Daily \u00e8 adatto alla vostra attivit\u00e0? Continuate a leggere e scopritelo voi stessi!<\/p>\n<\/div><\/section>\n\n<style type=\"text\/css\" data-created_by=\"avia_inline_auto\" id=\"style-css-av-lujjddpd-afa3d7a9eabd61123e643ed1228e781e\">\n#top .hr.hr-invisible.av-lujjddpd-afa3d7a9eabd61123e643ed1228e781e{\nheight:50px;\n}\n<\/style>\n<div  class='hr av-lujjddpd-afa3d7a9eabd61123e643ed1228e781e hr-invisible  avia-builder-el-1  el_after_av_textblock  el_before_av_codeblock'><span class='hr-inner'><span class=\"hr-inner-style\"><\/span><\/span><\/div>\n\n\n<style type=\"text\/css\" data-created_by=\"avia_inline_auto\" id=\"style-css-av-ah0xd-63338d9dc6b40410e22a712829c369d6\">\n#top .hr.hr-invisible.av-ah0xd-63338d9dc6b40410e22a712829c369d6{\nheight:50px;\n}\n<\/style>\n<div  class='hr av-ah0xd-63338d9dc6b40410e22a712829c369d6 hr-invisible  avia-builder-el-3  el_after_av_codeblock  el_before_av_textblock'><span class='hr-inner'><span class=\"hr-inner-style\"><\/span><\/span><\/div>\n<section  class='av_textblock_section av-lu8gow1e-300853e458ed741bd87d6cb78e55cc7a'  itemscope=\"itemscope\" itemtype=\"https:\/\/schema.org\/CreativeWork\" ><div class='avia_textblock'  itemprop=\"text\" ><h2>Un automatico: quali sono i vantaggi?<\/h2>\n<p>Sono sempre di pi\u00f9 le aziende che passano al cambio automatico, e naturalmente per una buona ragione. Il cambio automatico offre diversi vantaggi rispetto ai furgoni manuali. Ad esempio, offre un maggiore comfort e comodit\u00e0 di guida, poich\u00e9 non \u00e8 pi\u00f9 necessario cambiare marcia. Ci\u00f2 \u00e8 particolarmente utile in caso di traffico intenso, come gli ingorghi. Inoltre, potete concentrarvi completamente sulla strada, mentre l'auto guida in modo fluido e non pu\u00f2 andare in stallo come con un cambio manuale. Con tutti questi vantaggi, l'Iveco Daily \u00e8 una scelta intelligente e affidabile per la vostra azienda.<\/p>\n<\/div><\/section>\n<div class='flex_column av-f64w1-da126f42b61613402309283c14245a25 av_one_half  avia-builder-el-5  el_after_av_textblock  el_before_av_one_third  first flex_column_div column-top-margin'   ><section  class='av_textblock_section av-lu8gpqre-73cc2c17e6a6497ba6e1b58af22bd9e8'  itemscope=\"itemscope\" itemtype=\"https:\/\/schema.org\/CreativeWork\" ><div class='avia_textblock'  itemprop=\"text\" ><h2>Cosa rende l'Iveco Daily un buon veicolo commerciale?<\/h2>\n<p>L'Iveco Daily \u00e8 conosciuto come un veicolo commerciale potente e versatile che si adatta perfettamente alle esigenze degli imprenditori. Grazie ai suoi potenti motori e all'ampia capacit\u00e0 di carico, questo modello \u00e8 ideale sia per carichi leggeri che pesanti. Sia che si percorrano spesso lunghe distanze, sia che si viaggi prevalentemente nel traffico cittadino, questo veicolo commerciale ha sempre una versione adatta. Inoltre, il veicolo \u00e8 disponibile in diversi anni di costruzione, chilometraggi e colori, per cui troverete sempre un modello che si adatta perfettamente alla vostra attivit\u00e0.<\/p>\n<\/div><\/section><\/div>\n<div class='flex_column av-aldk9-ee694297f5c4032981677a02caab84d6 av_one_third  avia-builder-el-7  el_after_av_one_half  el_before_av_hr  flex_column_div column-top-margin'   ><style type=\"text\/css\" data-created_by=\"avia_inline_auto\" id=\"style-css-av-l1w9kpsf-4ec3fab772ec7a9adaa33cfc64ff0475\">\n.avia-image-container.av-l1w9kpsf-4ec3fab772ec7a9adaa33cfc64ff0475 .av-image-caption-overlay-center{\ncolor:#ffffff;\n}\n<\/style>\n<div  class='avia-image-container av-l1w9kpsf-4ec3fab772ec7a9adaa33cfc64ff0475 av-styling- avia-align-center  avia-builder-el-8  avia-builder-el-no-sibling'  itemprop=\"image\" itemscope=\"itemscope\" itemtype=\"https:\/\/schema.org\/ImageObject\" ><div class=\"avia-image-container-inner\"><div class=\"avia-image-overlay-wrap\"><img decoding=\"async\" class='wp-image-187 avia-img-lazy-loading-not-187 avia_image' src=\"https:\/\/www.vdhurk.nl\/wp-content\/uploads\/2022\/03\/Voorrad.png\" alt='' title='Stock'  height=\"758\" width=\"1135\"  itemprop=\"thumbnailUrl\" srcset=\"https:\/\/www.vdhurk.nl\/wp-content\/uploads\/2022\/03\/Voorrad.png 1135w, https:\/\/www.vdhurk.nl\/wp-content\/uploads\/2022\/03\/Voorrad-300x200.png 300w, https:\/\/www.vdhurk.nl\/wp-content\/uploads\/2022\/03\/Voorrad-1030x688.png 1030w, https:\/\/www.vdhurk.nl\/wp-content\/uploads\/2022\/03\/Voorrad-768x513.png 768w, https:\/\/www.vdhurk.nl\/wp-content\/uploads\/2022\/03\/Voorrad-18x12.png 18w, https:\/\/www.vdhurk.nl\/wp-content\/uploads\/2022\/03\/Voorrad-705x471.png 705w\" sizes=\"(max-width: 1135px) 100vw, 1135px\" \/><\/div><\/div><\/div><\/div>\n\n<style type=\"text\/css\" data-created_by=\"avia_inline_auto\" id=\"style-css-av-luqrjpjc-5a23a1fb5f94718ca85316a9df963e2f\">\n#top .hr.hr-invisible.av-luqrjpjc-5a23a1fb5f94718ca85316a9df963e2f{\nheight:50px;\n}\n<\/style>\n<div  class='hr av-luqrjpjc-5a23a1fb5f94718ca85316a9df963e2f hr-invisible  avia-builder-el-9  el_after_av_one_third  el_before_av_textblock'><span class='hr-inner'><span class=\"hr-inner-style\"><\/span><\/span><\/div>\n<section  class='av_textblock_section av-lu8gtjw7-4f3cee9304909518d86d2860d9d582dd'  itemscope=\"itemscope\" itemtype=\"https:\/\/schema.org\/CreativeWork\" ><div class='avia_textblock'  itemprop=\"text\" ><h2>Quanto costa un veicolo commerciale Iveco Daily?<\/h2>\n<p>Il prezzo di un Iveco Daily automatico dipende da diversi fattori, come la versione, l'anno di produzione e il chilometraggio. Volete una versione standard o volete un po' pi\u00f9 di lusso? In ogni caso, c'\u00e8 sempre una variante che si adatta al vostro budget e ai vostri desideri. Volete sapere quali opzioni avete a disposizione con il vostro budget? Non esitate a contattarci, saremo lieti di aiutarvi a trovare la vostra auto aziendale perfetta.<\/p>\n<h2>Acquisto o locazione<\/h2>\n<p>Da Van den Hurk avete diverse opzioni per il finanziamento del vostro veicolo commerciale. Volete acquistare subito l'Iveco Daily e pagare in un'unica soluzione? O preferite scegliere <a href=\"https:\/\/www.vdhurk.nl\/it\/locazione-finanziaria\/\">locazione finanziaria<\/a>in cui si paga un importo mensile fisso e alla fine si diventa proprietari del veicolo? Con questa forma di leasing, godete dei vantaggi dei pagamenti scaglionati, mentre l'auto aziendale \u00e8 interamente vostra alla fine del periodo. Avete dubbi su quale sia l'opzione migliore? Saremo lieti di consigliarvi e aiutarvi a fare la scelta giusta.<\/p>\n<h2>Tenetevi aggiornati sulle offerte attuali<\/h2>\n<p>Siete convinti che l'Iveco Daily automatico sia il veicolo commerciale perfetto per voi? Oppure avete bisogno di ulteriori informazioni per fare la scelta giusta? Se avete domande o bisogno di ulteriori informazioni, saremo lieti di aiutarvi. Contattateci o date un'occhiata alla nostra offerta attuale. Non avete ancora trovato quello che cercate? Iscrivetevi al nostro <a href=\"https:\/\/www.vdhurk.nl\/it\/allarme-azionario\/\">allarme azionario<\/a> E rimanete sintonizzati per gli ultimi arrivi!<\/p>\n<\/div><\/section>\n<div class='flex_column av-81no9hv-44a80e93f621b2a9d4a87d97cff509c3 av_one_full  avia-builder-el-11  el_after_av_textblock  avia-builder-el-last  first flex_column_div column-top-margin'   ><\/div>","protected":false},"excerpt":{"rendered":"","protected":false},"author":3,"featured_media":0,"parent":409579,"menu_order":0,"comment_status":"closed","ping_status":"closed","template":"","meta":{"_acf_changed":false,"_improvement_type_select":"improve_an_existing","_thumb_yes_seoaic":false,"_frame_yes_seoaic":false,"seoaic_generate_description":"","seoaic_improve_instructions_prompt":"","seoaic_rollback_content_improvement":"","seoaic_idea_thumbnail_generator":"","thumbnail_generated":false,"thumbnail_generate_prompt":"","seoaic_article_description":"","footnotes":""},"class_list":["post-488091","page","type-page","status-publish","hentry"],"acf":[],"yoast_head":"<!-- This site is optimized with the Yoast SEO plugin v27.5 - https:\/\/yoast.com\/product\/yoast-seo-wordpress\/ -->\n<title>Kies je voor een Iveco Daily automaat?<\/title>\n<meta name=\"description\" content=\"Niet langer schakelen? Dan is de Iveco Daily automaat zeker het overwegen waard. Ontdek de verschillende specificaties, uitvoeringen en de vele voordelen.\" \/>\n<meta name=\"robots\" content=\"index, follow, max-snippet:-1, max-image-preview:large, max-video-preview:-1\" \/>\n<link rel=\"canonical\" href=\"https:\/\/www.vdhurk.nl\/it\/veicoli-commerciali-iveco\/mercedes-8\/macchina\/\" \/>\n<meta property=\"og:locale\" content=\"it_IT\" \/>\n<meta property=\"og:type\" content=\"article\" \/>\n<meta property=\"og:title\" content=\"Kies je voor een Iveco Daily automaat?\" \/>\n<meta property=\"og:description\" content=\"Niet langer schakelen? Dan is de Iveco Daily automaat zeker het overwegen waard. Ontdek de verschillende specificaties, uitvoeringen en de vele voordelen.\" \/>\n<meta property=\"og:url\" content=\"https:\/\/www.vdhurk.nl\/it\/veicoli-commerciali-iveco\/mercedes-8\/macchina\/\" \/>\n<meta property=\"og:site_name\" content=\"Van den Hurk Bedrijfswagens\" \/>\n<meta property=\"article:modified_time\" content=\"2025-04-29T12:52:15+00:00\" \/>\n<meta name=\"twitter:card\" content=\"summary_large_image\" \/>\n<meta name=\"twitter:label1\" content=\"Tempo di lettura stimato\" \/>\n\t<meta name=\"twitter:data1\" content=\"5 minuti\" \/>\n<script type=\"application\/ld+json\" class=\"yoast-schema-graph\">{\"@context\":\"https:\\\/\\\/schema.org\",\"@graph\":[{\"@type\":\"WebPage\",\"@id\":\"https:\\\/\\\/www.vdhurk.nl\\\/iveco-bedrijfswagens\\\/daily\\\/automaat\\\/\",\"url\":\"https:\\\/\\\/www.vdhurk.nl\\\/iveco-bedrijfswagens\\\/daily\\\/automaat\\\/\",\"name\":\"Kies je voor een Iveco Daily automaat?\",\"isPartOf\":{\"@id\":\"https:\\\/\\\/www.vdhurk.nl\\\/#website\"},\"datePublished\":\"2025-04-29T12:49:11+00:00\",\"dateModified\":\"2025-04-29T12:52:15+00:00\",\"description\":\"Niet langer schakelen? Dan is de Iveco Daily automaat zeker het overwegen waard. Ontdek de verschillende specificaties, uitvoeringen en de vele voordelen.\",\"breadcrumb\":{\"@id\":\"https:\\\/\\\/www.vdhurk.nl\\\/iveco-bedrijfswagens\\\/daily\\\/automaat\\\/#breadcrumb\"},\"inLanguage\":\"it-IT\",\"potentialAction\":[{\"@type\":\"ReadAction\",\"target\":[\"https:\\\/\\\/www.vdhurk.nl\\\/iveco-bedrijfswagens\\\/daily\\\/automaat\\\/\"]}]},{\"@type\":\"BreadcrumbList\",\"@id\":\"https:\\\/\\\/www.vdhurk.nl\\\/iveco-bedrijfswagens\\\/daily\\\/automaat\\\/#breadcrumb\",\"itemListElement\":[{\"@type\":\"ListItem\",\"position\":1,\"name\":\"Home\",\"item\":\"https:\\\/\\\/www.vdhurk.nl\\\/home\\\/\"},{\"@type\":\"ListItem\",\"position\":2,\"name\":\"Iveco Bedrijfswagens\",\"item\":\"https:\\\/\\\/www.vdhurk.nl\\\/iveco-bedrijfswagens\\\/\"},{\"@type\":\"ListItem\",\"position\":3,\"name\":\"Iveco Daily\",\"item\":\"https:\\\/\\\/www.vdhurk.nl\\\/iveco-bedrijfswagens\\\/daily\\\/\"},{\"@type\":\"ListItem\",\"position\":4,\"name\":\"Iveco Daily automaat\"}]},{\"@type\":\"WebSite\",\"@id\":\"https:\\\/\\\/www.vdhurk.nl\\\/#website\",\"url\":\"https:\\\/\\\/www.vdhurk.nl\\\/\",\"name\":\"Van den Hurk Bedrijfswagens\",\"description\":\"Van den Hurk bedrijfswagens Helmond\",\"potentialAction\":[{\"@type\":\"SearchAction\",\"target\":{\"@type\":\"EntryPoint\",\"urlTemplate\":\"https:\\\/\\\/www.vdhurk.nl\\\/?s={search_term_string}\"},\"query-input\":{\"@type\":\"PropertyValueSpecification\",\"valueRequired\":true,\"valueName\":\"search_term_string\"}}],\"inLanguage\":\"it-IT\"}]}<\/script>\n<!-- \/ Yoast SEO plugin. -->","yoast_head_json":{"title":"Scegliete un Iveco Daily automatico?","description":"Non riuscite pi\u00f9 a cambiare le marce? Allora vale la pena di prendere in considerazione l'Iveco Daily automatico. Scoprite le diverse specifiche, le versioni e i numerosi vantaggi.","robots":{"index":"index","follow":"follow","max-snippet":"max-snippet:-1","max-image-preview":"max-image-preview:large","max-video-preview":"max-video-preview:-1"},"canonical":"https:\/\/www.vdhurk.nl\/it\/veicoli-commerciali-iveco\/mercedes-8\/macchina\/","og_locale":"it_IT","og_type":"article","og_title":"Kies je voor een Iveco Daily automaat?","og_description":"Niet langer schakelen? Dan is de Iveco Daily automaat zeker het overwegen waard. Ontdek de verschillende specificaties, uitvoeringen en de vele voordelen.","og_url":"https:\/\/www.vdhurk.nl\/it\/veicoli-commerciali-iveco\/mercedes-8\/macchina\/","og_site_name":"Van den Hurk Bedrijfswagens","article_modified_time":"2025-04-29T12:52:15+00:00","twitter_card":"summary_large_image","twitter_misc":{"Tempo di lettura stimato":"5 minuti"},"schema":{"@context":"https:\/\/schema.org","@graph":[{"@type":"WebPage","@id":"https:\/\/www.vdhurk.nl\/iveco-bedrijfswagens\/daily\/automaat\/","url":"https:\/\/www.vdhurk.nl\/iveco-bedrijfswagens\/daily\/automaat\/","name":"Scegliete un Iveco Daily automatico?","isPartOf":{"@id":"https:\/\/www.vdhurk.nl\/#website"},"datePublished":"2025-04-29T12:49:11+00:00","dateModified":"2025-04-29T12:52:15+00:00","description":"Non riuscite pi\u00f9 a cambiare le marce? Allora vale la pena di prendere in considerazione l'Iveco Daily automatico. Scoprite le diverse specifiche, le versioni e i numerosi vantaggi.","breadcrumb":{"@id":"https:\/\/www.vdhurk.nl\/iveco-bedrijfswagens\/daily\/automaat\/#breadcrumb"},"inLanguage":"it-IT","potentialAction":[{"@type":"ReadAction","target":["https:\/\/www.vdhurk.nl\/iveco-bedrijfswagens\/daily\/automaat\/"]}]},{"@type":"BreadcrumbList","@id":"https:\/\/www.vdhurk.nl\/iveco-bedrijfswagens\/daily\/automaat\/#breadcrumb","itemListElement":[{"@type":"ListItem","position":1,"name":"Home","item":"https:\/\/www.vdhurk.nl\/home\/"},{"@type":"ListItem","position":2,"name":"Iveco Bedrijfswagens","item":"https:\/\/www.vdhurk.nl\/iveco-bedrijfswagens\/"},{"@type":"ListItem","position":3,"name":"Iveco Daily","item":"https:\/\/www.vdhurk.nl\/iveco-bedrijfswagens\/daily\/"},{"@type":"ListItem","position":4,"name":"Iveco Daily automaat"}]},{"@type":"WebSite","@id":"https:\/\/www.vdhurk.nl\/#website","url":"https:\/\/www.vdhurk.nl\/","name":"Veicoli commerciali Van den Hurk","description":"Van den Hurk veicoli commerciali Helmond","potentialAction":[{"@type":"SearchAction","target":{"@type":"EntryPoint","urlTemplate":"https:\/\/www.vdhurk.nl\/?s={search_term_string}"},"query-input":{"@type":"PropertyValueSpecification","valueRequired":true,"valueName":"search_term_string"}}],"inLanguage":"it-IT"}]}},"_links":{"self":[{"href":"https:\/\/www.vdhurk.nl\/it\/wp-json\/wp\/v2\/pages\/488091","targetHints":{"allow":["GET"]}}],"collection":[{"href":"https:\/\/www.vdhurk.nl\/it\/wp-json\/wp\/v2\/pages"}],"about":[{"href":"https:\/\/www.vdhurk.nl\/it\/wp-json\/wp\/v2\/types\/page"}],"author":[{"embeddable":true,"href":"https:\/\/www.vdhurk.nl\/it\/wp-json\/wp\/v2\/users\/3"}],"replies":[{"embeddable":true,"href":"https:\/\/www.vdhurk.nl\/it\/wp-json\/wp\/v2\/comments?post=488091"}],"version-history":[{"count":2,"href":"https:\/\/www.vdhurk.nl\/it\/wp-json\/wp\/v2\/pages\/488091\/revisions"}],"predecessor-version":[{"id":488800,"href":"https:\/\/www.vdhurk.nl\/it\/wp-json\/wp\/v2\/pages\/488091\/revisions\/488800"}],"up":[{"embeddable":true,"href":"https:\/\/www.vdhurk.nl\/it\/wp-json\/wp\/v2\/pages\/409579"}],"wp:attachment":[{"href":"https:\/\/www.vdhurk.nl\/it\/wp-json\/wp\/v2\/media?parent=488091"}],"curies":[{"name":"wp","href":"https:\/\/api.w.org\/{rel}","templated":true}]}}