{"id":488088,"date":"2025-04-29T14:26:06","date_gmt":"2025-04-29T12:26:06","guid":{"rendered":"https:\/\/www.vdhurk.nl\/?page_id=488088"},"modified":"2025-04-29T14:26:06","modified_gmt":"2025-04-29T12:26:06","slug":"macchina","status":"publish","type":"page","link":"https:\/\/www.vdhurk.nl\/it\/fiat-bedrijfswagens\/talento\/automaat\/","title":{"rendered":"Fiat Talento cambio automatico"},"content":{"rendered":"<section  class='av_textblock_section av-lu8gnh7d-4ac895489941e586c1d7c8cb72318135'  itemscope=\"itemscope\" itemtype=\"https:\/\/schema.org\/CreativeWork\" ><div class='avia_textblock'  itemprop=\"text\" ><h1>La Fiat Talento automatica fa al caso vostro?<\/h1>\n<p>Siete stanchi di cambiare le marce e desiderate un maggiore comfort di guida? Prendete in considerazione il Fiat Talento con cambio automatico. Questo moderno veicolo commerciale \u00e8 estremamente popolare tra gli autisti d'affari, e per una buona ragione. Con le sue diverse versioni, le specifiche intelligenti e il cambio automatico, il Fiat Talento \u00e8 una scelta pratica e confortevole per qualsiasi imprenditore. Scoprite se questo veicolo \u00e8 adatto alla vostra attivit\u00e0.<\/p>\n<\/div><\/section>\n\n<style type=\"text\/css\" data-created_by=\"avia_inline_auto\" id=\"style-css-av-lujjddpd-afa3d7a9eabd61123e643ed1228e781e\">\n#top .hr.hr-invisible.av-lujjddpd-afa3d7a9eabd61123e643ed1228e781e{\nheight:50px;\n}\n<\/style>\n<div  class='hr av-lujjddpd-afa3d7a9eabd61123e643ed1228e781e hr-invisible  avia-builder-el-1  el_after_av_textblock  el_before_av_codeblock'><span class='hr-inner'><span class=\"hr-inner-style\"><\/span><\/span><\/div>\n\n\n<style type=\"text\/css\" data-created_by=\"avia_inline_auto\" id=\"style-css-av-ah0xd-63338d9dc6b40410e22a712829c369d6\">\n#top .hr.hr-invisible.av-ah0xd-63338d9dc6b40410e22a712829c369d6{\nheight:50px;\n}\n<\/style>\n<div  class='hr av-ah0xd-63338d9dc6b40410e22a712829c369d6 hr-invisible  avia-builder-el-3  el_after_av_codeblock  el_before_av_one_half'><span class='hr-inner'><span class=\"hr-inner-style\"><\/span><\/span><\/div>\n<div class='flex_column av-f64w1-da126f42b61613402309283c14245a25 av_one_half  avia-builder-el-4  el_after_av_hr  el_before_av_one_third  first flex_column_div'   ><section  class='av_textblock_section av-lu8gpqre-73cc2c17e6a6497ba6e1b58af22bd9e8'  itemscope=\"itemscope\" itemtype=\"https:\/\/schema.org\/CreativeWork\" ><div class='avia_textblock'  itemprop=\"text\" ><h2>I vantaggi di un'auto aziendale automatica<\/h2>\n<p>Sempre pi\u00f9 imprenditori scelgono consapevolmente un'auto aziendale con cambio automatico, perch\u00e9 offre molti vantaggi. Il cambio automatico garantisce il massimo comfort di guida: niente pi\u00f9 problemi di cambio o di frizione. Soprattutto nel traffico cittadino o negli ingorghi, questo \u00e8 un sollievo. Inoltre, aumenta la sicurezza. Poich\u00e9 si tengono le mani sul volante e si pu\u00f2 concentrare l'attenzione sulla strada, si guida con pi\u00f9 calma e attenzione. In breve: per le aziende, l'automatico \u00e8 un investimento intelligente in termini di comfort e sicurezza.<\/p>\n<\/div><\/section><\/div><div class='flex_column av-aldk9-ee694297f5c4032981677a02caab84d6 av_one_third  avia-builder-el-6  el_after_av_one_half  el_before_av_hr  flex_column_div'   ><style type=\"text\/css\" data-created_by=\"avia_inline_auto\" id=\"style-css-av-l1w9kpsf-4ec3fab772ec7a9adaa33cfc64ff0475\">\n.avia-image-container.av-l1w9kpsf-4ec3fab772ec7a9adaa33cfc64ff0475 .av-image-caption-overlay-center{\ncolor:#ffffff;\n}\n<\/style>\n<div  class='avia-image-container av-l1w9kpsf-4ec3fab772ec7a9adaa33cfc64ff0475 av-styling- avia-align-center  avia-builder-el-7  avia-builder-el-no-sibling'  itemprop=\"image\" itemscope=\"itemscope\" itemtype=\"https:\/\/schema.org\/ImageObject\" ><div class=\"avia-image-container-inner\"><div class=\"avia-image-overlay-wrap\"><img decoding=\"async\" class='wp-image-187 avia-img-lazy-loading-not-187 avia_image' src=\"https:\/\/www.vdhurk.nl\/wp-content\/uploads\/2022\/03\/Voorrad.png\" alt='' title='Stock'  height=\"758\" width=\"1135\"  itemprop=\"thumbnailUrl\" srcset=\"https:\/\/www.vdhurk.nl\/wp-content\/uploads\/2022\/03\/Voorrad.png 1135w, https:\/\/www.vdhurk.nl\/wp-content\/uploads\/2022\/03\/Voorrad-300x200.png 300w, https:\/\/www.vdhurk.nl\/wp-content\/uploads\/2022\/03\/Voorrad-1030x688.png 1030w, https:\/\/www.vdhurk.nl\/wp-content\/uploads\/2022\/03\/Voorrad-768x513.png 768w, https:\/\/www.vdhurk.nl\/wp-content\/uploads\/2022\/03\/Voorrad-18x12.png 18w, https:\/\/www.vdhurk.nl\/wp-content\/uploads\/2022\/03\/Voorrad-705x471.png 705w\" sizes=\"(max-width: 1135px) 100vw, 1135px\" \/><\/div><\/div><\/div><\/div><\/p>\n\n<style type=\"text\/css\" data-created_by=\"avia_inline_auto\" id=\"style-css-av-luqrjpjc-5a23a1fb5f94718ca85316a9df963e2f\">\n#top .hr.hr-invisible.av-luqrjpjc-5a23a1fb5f94718ca85316a9df963e2f{\nheight:50px;\n}\n<\/style>\n<div  class='hr av-luqrjpjc-5a23a1fb5f94718ca85316a9df963e2f hr-invisible  avia-builder-el-8  el_after_av_one_third  el_before_av_textblock'><span class='hr-inner'><span class=\"hr-inner-style\"><\/span><\/span><\/div>\n<section  class='av_textblock_section av-lu8gtjw7-4f3cee9304909518d86d2860d9d582dd'  itemscope=\"itemscope\" itemtype=\"https:\/\/schema.org\/CreativeWork\" ><div class='avia_textblock'  itemprop=\"text\" ><h2>Caratteristiche del Fiat Talento con cambio automatico<\/h2>\n<p>Fiat \u00e8 nota da tempo per la costruzione di veicoli commerciali affidabili e funzionali, e il Talento automatico ne \u00e8 un esempio lampante. Questa versione combina la versatilit\u00e0 e la solidit\u00e0 che ci si aspetta da Fiat con il comfort aggiuntivo del cambio automatico. Sia che si opti per il modello standard o per una versione con modifiche specifiche, il Talento si adatta senza problemi alle vostre esigenze aziendali. Le sue dimensioni compatte lo rendono sorprendentemente agile, ideale per il traffico cittadino.<\/p>\n<h2>Quali sono i prezzi?<\/h2>\n<p>Siete interessati alla Fiat Talento automatica? Allora, naturalmente, volete sapere che cosa potete aspettarvi, grosso modo, in termini di prezzo. Il prezzo finale dipende da fattori quali la versione, l'anno di produzione, il chilometraggio e le condizioni del veicolo. Le trasmissioni automatiche sono spesso pi\u00f9 interessanti per via del maggiore comfort di guida e della tecnologia moderna. Qualunque cosa stiate cercando, c'\u00e8 sempre una Fiat Talento che fa al caso vostro. Poich\u00e9 la nostra gamma \u00e8 in continua evoluzione, vi consigliamo di controllare regolarmente il nostro stock per avere le opzioni pi\u00f9 aggiornate.<\/p>\n<h2>Acquistare o prendere in leasing una Fiat Talento?<\/h2>\n<p>Volete un'auto aziendale ma preferite non fare un grande investimento tutto in una volta? Allora <a href=\"https:\/\/www.vdhurk.nl\/it\/locazione-finanziaria\/\">locazione finanziaria<\/a> una scelta intelligente. Il veicolo viene pagato in rate mensili fisse e, alla fine del periodo, si diventa proprietari a tutti gli effetti. In questo modo, mantenete il margine di manovra e la sicurezza finanziaria. Preferite diventare subito proprietari? Allora potete anche acquistare la Fiat Talento automatica in un'unica soluzione. \u00c8 l'ideale se volete inserire subito il veicolo nel vostro bilancio o evitare le spese mensili. Entrambe le opzioni presentano dei vantaggi, quindi scegliete quella pi\u00f9 adatta alla vostra situazione.<\/p>\n<h2>Sfoglia la gamma e trova l'auto aziendale perfetta<\/h2>\n<p>Siete convinti che il Fiat Talento automatico sia il veicolo commerciale ideale? O forse avete bisogno di qualche informazione in pi\u00f9 per prendere una buona decisione? Il nostro team \u00e8 sempre pronto a fornirvi una consulenza. Contattateci per discutere la nostra offerta attuale.<\/p>\n<\/div><\/section>\n<div class='flex_column av-81no9hv-44a80e93f621b2a9d4a87d97cff509c3 av_one_full  avia-builder-el-10  el_after_av_textblock  avia-builder-el-last  first flex_column_div column-top-margin'   ><\/div>","protected":false},"excerpt":{"rendered":"","protected":false},"author":3,"featured_media":0,"parent":402259,"menu_order":0,"comment_status":"closed","ping_status":"closed","template":"","meta":{"_acf_changed":false,"_improvement_type_select":"improve_an_existing","_thumb_yes_seoaic":false,"_frame_yes_seoaic":false,"seoaic_generate_description":"","seoaic_improve_instructions_prompt":"","seoaic_rollback_content_improvement":"","seoaic_idea_thumbnail_generator":"","thumbnail_generated":false,"thumbnail_generate_prompt":"","seoaic_article_description":"","footnotes":""},"class_list":["post-488088","page","type-page","status-publish","hentry"],"acf":[],"yoast_head":"<!-- This site is optimized with the Yoast SEO plugin v27.5 - https:\/\/yoast.com\/product\/yoast-seo-wordpress\/ -->\n<title>Niet langer schakelen? Kies een Fiat Talento automaat!<\/title>\n<meta name=\"description\" content=\"Benieuwd of de Fiat Talento automaat past bij jouw zakelijke behoeften? Bekijk het aanbod en ontdek meer over de specificaties en uitvoeringen.\" \/>\n<meta name=\"robots\" content=\"index, follow, max-snippet:-1, max-image-preview:large, max-video-preview:-1\" \/>\n<link rel=\"canonical\" href=\"https:\/\/www.vdhurk.nl\/it\/veicoli-commerciali-fiat\/mercedes-15\/macchina\/\" \/>\n<meta property=\"og:locale\" content=\"it_IT\" \/>\n<meta property=\"og:type\" content=\"article\" \/>\n<meta property=\"og:title\" content=\"Niet langer schakelen? Kies een Fiat Talento automaat!\" \/>\n<meta property=\"og:description\" content=\"Benieuwd of de Fiat Talento automaat past bij jouw zakelijke behoeften? Bekijk het aanbod en ontdek meer over de specificaties en uitvoeringen.\" \/>\n<meta property=\"og:url\" content=\"https:\/\/www.vdhurk.nl\/it\/veicoli-commerciali-fiat\/mercedes-15\/macchina\/\" \/>\n<meta property=\"og:site_name\" content=\"Van den Hurk Bedrijfswagens\" \/>\n<meta name=\"twitter:card\" content=\"summary_large_image\" \/>\n<meta name=\"twitter:label1\" content=\"Tempo di lettura stimato\" \/>\n\t<meta name=\"twitter:data1\" content=\"5 minuti\" \/>\n<script type=\"application\/ld+json\" class=\"yoast-schema-graph\">{\"@context\":\"https:\\\/\\\/schema.org\",\"@graph\":[{\"@type\":\"WebPage\",\"@id\":\"https:\\\/\\\/www.vdhurk.nl\\\/fiat-bedrijfswagens\\\/talento\\\/automaat\\\/\",\"url\":\"https:\\\/\\\/www.vdhurk.nl\\\/fiat-bedrijfswagens\\\/talento\\\/automaat\\\/\",\"name\":\"Niet langer schakelen? Kies een Fiat Talento automaat!\",\"isPartOf\":{\"@id\":\"https:\\\/\\\/www.vdhurk.nl\\\/#website\"},\"datePublished\":\"2025-04-29T12:26:06+00:00\",\"description\":\"Benieuwd of de Fiat Talento automaat past bij jouw zakelijke behoeften? Bekijk het aanbod en ontdek meer over de specificaties en uitvoeringen.\",\"breadcrumb\":{\"@id\":\"https:\\\/\\\/www.vdhurk.nl\\\/fiat-bedrijfswagens\\\/talento\\\/automaat\\\/#breadcrumb\"},\"inLanguage\":\"it-IT\",\"potentialAction\":[{\"@type\":\"ReadAction\",\"target\":[\"https:\\\/\\\/www.vdhurk.nl\\\/fiat-bedrijfswagens\\\/talento\\\/automaat\\\/\"]}]},{\"@type\":\"BreadcrumbList\",\"@id\":\"https:\\\/\\\/www.vdhurk.nl\\\/fiat-bedrijfswagens\\\/talento\\\/automaat\\\/#breadcrumb\",\"itemListElement\":[{\"@type\":\"ListItem\",\"position\":1,\"name\":\"Home\",\"item\":\"https:\\\/\\\/www.vdhurk.nl\\\/home\\\/\"},{\"@type\":\"ListItem\",\"position\":2,\"name\":\"Fiat Bedrijfswagens\",\"item\":\"https:\\\/\\\/www.vdhurk.nl\\\/fiat-bedrijfswagens\\\/\"},{\"@type\":\"ListItem\",\"position\":3,\"name\":\"Fiat Talento\",\"item\":\"https:\\\/\\\/www.vdhurk.nl\\\/fiat-bedrijfswagens\\\/talento\\\/\"},{\"@type\":\"ListItem\",\"position\":4,\"name\":\"Fiat Talento automaat\"}]},{\"@type\":\"WebSite\",\"@id\":\"https:\\\/\\\/www.vdhurk.nl\\\/#website\",\"url\":\"https:\\\/\\\/www.vdhurk.nl\\\/\",\"name\":\"Van den Hurk Bedrijfswagens\",\"description\":\"Van den Hurk bedrijfswagens Helmond\",\"potentialAction\":[{\"@type\":\"SearchAction\",\"target\":{\"@type\":\"EntryPoint\",\"urlTemplate\":\"https:\\\/\\\/www.vdhurk.nl\\\/?s={search_term_string}\"},\"query-input\":{\"@type\":\"PropertyValueSpecification\",\"valueRequired\":true,\"valueName\":\"search_term_string\"}}],\"inLanguage\":\"it-IT\"}]}<\/script>\n<!-- \/ Yoast SEO plugin. -->","yoast_head_json":{"title":"Non volete pi\u00f9 cambiare marcia? Scegliete una Fiat Talento automatica!","description":"Vi state chiedendo se il Fiat Talento automatico sia adatto alle vostre esigenze aziendali? Scoprite la gamma e le sue specifiche e versioni.","robots":{"index":"index","follow":"follow","max-snippet":"max-snippet:-1","max-image-preview":"max-image-preview:large","max-video-preview":"max-video-preview:-1"},"canonical":"https:\/\/www.vdhurk.nl\/it\/veicoli-commerciali-fiat\/mercedes-15\/macchina\/","og_locale":"it_IT","og_type":"article","og_title":"Niet langer schakelen? Kies een Fiat Talento automaat!","og_description":"Benieuwd of de Fiat Talento automaat past bij jouw zakelijke behoeften? Bekijk het aanbod en ontdek meer over de specificaties en uitvoeringen.","og_url":"https:\/\/www.vdhurk.nl\/it\/veicoli-commerciali-fiat\/mercedes-15\/macchina\/","og_site_name":"Van den Hurk Bedrijfswagens","twitter_card":"summary_large_image","twitter_misc":{"Tempo di lettura stimato":"5 minuti"},"schema":{"@context":"https:\/\/schema.org","@graph":[{"@type":"WebPage","@id":"https:\/\/www.vdhurk.nl\/fiat-bedrijfswagens\/talento\/automaat\/","url":"https:\/\/www.vdhurk.nl\/fiat-bedrijfswagens\/talento\/automaat\/","name":"Non volete pi\u00f9 cambiare marcia? Scegliete una Fiat Talento automatica!","isPartOf":{"@id":"https:\/\/www.vdhurk.nl\/#website"},"datePublished":"2025-04-29T12:26:06+00:00","description":"Vi state chiedendo se il Fiat Talento automatico sia adatto alle vostre esigenze aziendali? Scoprite la gamma e le sue specifiche e versioni.","breadcrumb":{"@id":"https:\/\/www.vdhurk.nl\/fiat-bedrijfswagens\/talento\/automaat\/#breadcrumb"},"inLanguage":"it-IT","potentialAction":[{"@type":"ReadAction","target":["https:\/\/www.vdhurk.nl\/fiat-bedrijfswagens\/talento\/automaat\/"]}]},{"@type":"BreadcrumbList","@id":"https:\/\/www.vdhurk.nl\/fiat-bedrijfswagens\/talento\/automaat\/#breadcrumb","itemListElement":[{"@type":"ListItem","position":1,"name":"Home","item":"https:\/\/www.vdhurk.nl\/home\/"},{"@type":"ListItem","position":2,"name":"Fiat Bedrijfswagens","item":"https:\/\/www.vdhurk.nl\/fiat-bedrijfswagens\/"},{"@type":"ListItem","position":3,"name":"Fiat Talento","item":"https:\/\/www.vdhurk.nl\/fiat-bedrijfswagens\/talento\/"},{"@type":"ListItem","position":4,"name":"Fiat Talento automaat"}]},{"@type":"WebSite","@id":"https:\/\/www.vdhurk.nl\/#website","url":"https:\/\/www.vdhurk.nl\/","name":"Veicoli commerciali Van den Hurk","description":"Van den Hurk veicoli commerciali Helmond","potentialAction":[{"@type":"SearchAction","target":{"@type":"EntryPoint","urlTemplate":"https:\/\/www.vdhurk.nl\/?s={search_term_string}"},"query-input":{"@type":"PropertyValueSpecification","valueRequired":true,"valueName":"search_term_string"}}],"inLanguage":"it-IT"}]}},"_links":{"self":[{"href":"https:\/\/www.vdhurk.nl\/it\/wp-json\/wp\/v2\/pages\/488088","targetHints":{"allow":["GET"]}}],"collection":[{"href":"https:\/\/www.vdhurk.nl\/it\/wp-json\/wp\/v2\/pages"}],"about":[{"href":"https:\/\/www.vdhurk.nl\/it\/wp-json\/wp\/v2\/types\/page"}],"author":[{"embeddable":true,"href":"https:\/\/www.vdhurk.nl\/it\/wp-json\/wp\/v2\/users\/3"}],"replies":[{"embeddable":true,"href":"https:\/\/www.vdhurk.nl\/it\/wp-json\/wp\/v2\/comments?post=488088"}],"version-history":[{"count":3,"href":"https:\/\/www.vdhurk.nl\/it\/wp-json\/wp\/v2\/pages\/488088\/revisions"}],"predecessor-version":[{"id":488797,"href":"https:\/\/www.vdhurk.nl\/it\/wp-json\/wp\/v2\/pages\/488088\/revisions\/488797"}],"up":[{"embeddable":true,"href":"https:\/\/www.vdhurk.nl\/it\/wp-json\/wp\/v2\/pages\/402259"}],"wp:attachment":[{"href":"https:\/\/www.vdhurk.nl\/it\/wp-json\/wp\/v2\/media?parent=488088"}],"curies":[{"name":"wp","href":"https:\/\/api.w.org\/{rel}","templated":true}]}}