{"id":488083,"date":"2025-04-29T14:15:57","date_gmt":"2025-04-29T12:15:57","guid":{"rendered":"https:\/\/www.vdhurk.nl\/?page_id=488083"},"modified":"2025-04-29T14:15:57","modified_gmt":"2025-04-29T12:15:57","slug":"macchina","status":"publish","type":"page","link":"https:\/\/www.vdhurk.nl\/it\/fiat-bedrijfswagens\/scudo\/automaat\/","title":{"rendered":"Fiat Scudo automatico"},"content":{"rendered":"<section  class='av_textblock_section av-lu8gnh7d-4ac895489941e586c1d7c8cb72318135'  itemscope=\"itemscope\" itemtype=\"https:\/\/schema.org\/CreativeWork\" ><div class='avia_textblock'  itemprop=\"text\" ><h1>Trova il cambio automatico Fiat Scudo perfetto<\/h1>\n<p>Non volete pi\u00f9 cambiare marcia e cercate un veicolo commerciale con cambio automatico? Allora il Fiat Scudo automatico \u00e8 proprio quello che fa per voi. Progettato appositamente per l'utenza business, questo veicolo commerciale \u00e8 il preferito dagli imprenditori. Scoprite le specifiche e le versioni e decidete se il Fiat Scudo automatico \u00e8 adatto alla vostra attivit\u00e0.<\/p>\n<\/div><\/section>\n\n<style type=\"text\/css\" data-created_by=\"avia_inline_auto\" id=\"style-css-av-lujjddpd-afa3d7a9eabd61123e643ed1228e781e\">\n#top .hr.hr-invisible.av-lujjddpd-afa3d7a9eabd61123e643ed1228e781e{\nheight:50px;\n}\n<\/style>\n<div  class='hr av-lujjddpd-afa3d7a9eabd61123e643ed1228e781e hr-invisible  avia-builder-el-1  el_after_av_textblock  el_before_av_codeblock'><span class='hr-inner'><span class=\"hr-inner-style\"><\/span><\/span><\/div>\n\n\n<style type=\"text\/css\" data-created_by=\"avia_inline_auto\" id=\"style-css-av-ah0xd-63338d9dc6b40410e22a712829c369d6\">\n#top .hr.hr-invisible.av-ah0xd-63338d9dc6b40410e22a712829c369d6{\nheight:50px;\n}\n<\/style>\n<div  class='hr av-ah0xd-63338d9dc6b40410e22a712829c369d6 hr-invisible  avia-builder-el-3  el_after_av_codeblock  el_before_av_textblock'><span class='hr-inner'><span class=\"hr-inner-style\"><\/span><\/span><\/div>\n<section  class='av_textblock_section av-lu8gow1e-300853e458ed741bd87d6cb78e55cc7a'  itemscope=\"itemscope\" itemtype=\"https:\/\/schema.org\/CreativeWork\" ><div class='avia_textblock'  itemprop=\"text\" ><h2>I vantaggi di un sistema automatico<\/h2>\n<p>Cambi di marcia sempre fluidi e guida spensierata? Il Fiat Scudo automatico vi toglie il lavoro, cos\u00ec potete concentrarvi completamente sulla strada. Non dovrete pi\u00f9 preoccuparvi di dover stringere la frizione nel traffico intenso o di cambiare le marce durante i lunghi viaggi: questo veicolo commerciale vi assicura il massimo comfort di guida. Se percorrete lunghe distanze o trasportate spesso carichi pesanti, lo Scudo automatico si adatter\u00e0 senza sforzo ai vostri ritmi. Salite a bordo, provate la differenza e scoprite i vantaggi dell'automatico.<\/p>\n<\/div><\/section>\n<div class='flex_column av-f64w1-da126f42b61613402309283c14245a25 av_one_half  avia-builder-el-5  el_after_av_textblock  el_before_av_one_third  first flex_column_div column-top-margin'   ><section  class='av_textblock_section av-lu8gpqre-73cc2c17e6a6497ba6e1b58af22bd9e8'  itemscope=\"itemscope\" itemtype=\"https:\/\/schema.org\/CreativeWork\" ><div class='avia_textblock'  itemprop=\"text\" ><h2>Perch\u00e9 il Fiat Scudo \u00e8 una scelta intelligente?<\/h2>\n<p>Il Fiat Scudo \u00e8 un veicolo commerciale che eccelle per versatilit\u00e0 ed efficienza. Il suo spazio di carico spazioso e ben distribuito lo rende perfetto sia per il trasporto di merci che di persone. Inoltre, lo Scudo offre motori a basso consumo di carburante e bassi costi di manutenzione, che lo rendono un'opzione economica per le aziende che vogliono tenere sotto controllo le spese. Dalla logistica all'edilizia, dalla sanit\u00e0 alle aziende di servizi, lo Scudo \u00e8 un partner affidabile in qualsiasi settore. Grazie al suo design pratico e alle prestazioni attente ai costi, questo veicolo commerciale \u00e8 un investimento intelligente per qualsiasi imprenditore.<\/p>\n<\/div><\/section><\/div><div class='flex_column av-aldk9-ee694297f5c4032981677a02caab84d6 av_one_third  avia-builder-el-7  el_after_av_one_half  el_before_av_hr  flex_column_div column-top-margin'   ><style type=\"text\/css\" data-created_by=\"avia_inline_auto\" id=\"style-css-av-l1w9kpsf-4ec3fab772ec7a9adaa33cfc64ff0475\">\n.avia-image-container.av-l1w9kpsf-4ec3fab772ec7a9adaa33cfc64ff0475 .av-image-caption-overlay-center{\ncolor:#ffffff;\n}\n<\/style>\n<div  class='avia-image-container av-l1w9kpsf-4ec3fab772ec7a9adaa33cfc64ff0475 av-styling- avia-align-center  avia-builder-el-8  avia-builder-el-no-sibling'  itemprop=\"image\" itemscope=\"itemscope\" itemtype=\"https:\/\/schema.org\/ImageObject\" ><div class=\"avia-image-container-inner\"><div class=\"avia-image-overlay-wrap\"><img decoding=\"async\" class='wp-image-187 avia-img-lazy-loading-not-187 avia_image' src=\"https:\/\/www.vdhurk.nl\/wp-content\/uploads\/2022\/03\/Voorrad.png\" alt='' title='Stock'  height=\"758\" width=\"1135\"  itemprop=\"thumbnailUrl\" srcset=\"https:\/\/www.vdhurk.nl\/wp-content\/uploads\/2022\/03\/Voorrad.png 1135w, https:\/\/www.vdhurk.nl\/wp-content\/uploads\/2022\/03\/Voorrad-300x200.png 300w, https:\/\/www.vdhurk.nl\/wp-content\/uploads\/2022\/03\/Voorrad-1030x688.png 1030w, https:\/\/www.vdhurk.nl\/wp-content\/uploads\/2022\/03\/Voorrad-768x513.png 768w, https:\/\/www.vdhurk.nl\/wp-content\/uploads\/2022\/03\/Voorrad-18x12.png 18w, https:\/\/www.vdhurk.nl\/wp-content\/uploads\/2022\/03\/Voorrad-705x471.png 705w\" sizes=\"(max-width: 1135px) 100vw, 1135px\" \/><\/div><\/div><\/div><\/div><\/p>\n\n<style type=\"text\/css\" data-created_by=\"avia_inline_auto\" id=\"style-css-av-luqrjpjc-5a23a1fb5f94718ca85316a9df963e2f\">\n#top .hr.hr-invisible.av-luqrjpjc-5a23a1fb5f94718ca85316a9df963e2f{\nheight:50px;\n}\n<\/style>\n<div  class='hr av-luqrjpjc-5a23a1fb5f94718ca85316a9df963e2f hr-invisible  avia-builder-el-9  el_after_av_one_third  el_before_av_textblock'><span class='hr-inner'><span class=\"hr-inner-style\"><\/span><\/span><\/div>\n<section  class='av_textblock_section av-lu8gtjw7-4f3cee9304909518d86d2860d9d582dd'  itemscope=\"itemscope\" itemtype=\"https:\/\/schema.org\/CreativeWork\" ><div class='avia_textblock'  itemprop=\"text\" ><h2>Quanto costa un Fiat Scudo automatico?<\/h2>\n<p>Il prezzo di una Fiat Scudo automatica dipende da diversi fattori, come la versione, l'anno di produzione e il chilometraggio. La nostra gamma cambia regolarmente, quindi i prezzi variano. State cercando un modello specifico che rientri nel vostro budget? Allora tenete d'occhio la nostra offerta attuale o contattateci per una consulenza personalizzata. Saremo lieti di aiutarvi a trovare l'auto aziendale perfetta per le vostre esigenze e il vostro budget.<\/p>\n<h2>Leasing o acquisto di un Fiat Scudo: cosa vi conviene?<\/h2>\n<p>Siete in dubbio tra l'acquisto o il leasing di un Fiat Scudo automatico? Noi di Van den Hurk vi offriamo entrambe le opzioni, in modo che possiate fare la scelta pi\u00f9 adatta alla vostra situazione. L'acquisto \u00e8 ideale se desiderate una propriet\u00e0 immediata e non volete essere vincolati a impegni mensili. <a href=\"https:\/\/www.vdhurk.nl\/it\/locazione-finanziaria\/\">Leasing<\/a> vi permette di guidare l'auto aziendale senza un grosso investimento iniziale. Decidete la durata e pagate un importo mensile fisso, in modo da conoscere esattamente la vostra situazione. Qual \u00e8 l'opzione pi\u00f9 adatta alla vostra azienda? Saremo lieti di aiutarvi a fare la scelta giusta.<\/p>\n<h2>Trova il cambio automatico ideale per Fiat Scudo<\/h2>\n<p>Un Fiat Scudo automatico: da Van den Hurk troverete il veicolo commerciale ideale che si adatta perfettamente alle vostre esigenze aziendali. Siamo pronti ad aiutarvi. Contattateci per una consulenza personalizzata o per discutere la nostra offerta attuale. Acquistare o prendere in leasing un Fiat Scudo automatico non \u00e8 mai stato cos\u00ec facile.<\/p>\n<\/div><\/section>\n<div class='flex_column av-av_one_full-a93934ecd89fbb8a9566d39e89cd3725 av_one_full  avia-builder-el-11  el_after_av_textblock  avia-builder-el-last  first flex_column_div column-top-margin'   ><\/div>","protected":false},"excerpt":{"rendered":"","protected":false},"author":3,"featured_media":0,"parent":402263,"menu_order":0,"comment_status":"closed","ping_status":"closed","template":"","meta":{"_acf_changed":false,"_improvement_type_select":"improve_an_existing","_thumb_yes_seoaic":false,"_frame_yes_seoaic":false,"seoaic_generate_description":"","seoaic_improve_instructions_prompt":"","seoaic_rollback_content_improvement":"","seoaic_idea_thumbnail_generator":"","thumbnail_generated":false,"thumbnail_generate_prompt":"","seoaic_article_description":"","footnotes":""},"class_list":["post-488083","page","type-page","status-publish","hentry"],"acf":[],"yoast_head":"<!-- This site is optimized with the Yoast SEO plugin v27.3 - https:\/\/yoast.com\/product\/yoast-seo-wordpress\/ -->\n<title>Kies je voor een betrouwbare Fiat Scudo automaat?<\/title>\n<meta name=\"description\" content=\"Ben je op zoek naar een Fiat Scudo automaat? Bekijk het actuele aanbod bij Van den Hurk en vind de bedrijfswagen die perfect bij jou past.\" \/>\n<meta name=\"robots\" content=\"index, follow, max-snippet:-1, max-image-preview:large, max-video-preview:-1\" \/>\n<link rel=\"canonical\" href=\"https:\/\/www.vdhurk.nl\/it\/veicoli-commerciali-fiat\/mercedes-5\/macchina\/\" \/>\n<meta property=\"og:locale\" content=\"it_IT\" \/>\n<meta property=\"og:type\" content=\"article\" \/>\n<meta property=\"og:title\" content=\"Kies je voor een betrouwbare Fiat Scudo automaat?\" \/>\n<meta property=\"og:description\" content=\"Ben je op zoek naar een Fiat Scudo automaat? Bekijk het actuele aanbod bij Van den Hurk en vind de bedrijfswagen die perfect bij jou past.\" \/>\n<meta property=\"og:url\" content=\"https:\/\/www.vdhurk.nl\/it\/veicoli-commerciali-fiat\/mercedes-5\/macchina\/\" \/>\n<meta property=\"og:site_name\" content=\"Van den Hurk Bedrijfswagens\" \/>\n<meta name=\"twitter:card\" content=\"summary_large_image\" \/>\n<meta name=\"twitter:label1\" content=\"Tempo di lettura stimato\" \/>\n\t<meta name=\"twitter:data1\" content=\"5 minuti\" \/>\n<script type=\"application\/ld+json\" class=\"yoast-schema-graph\">{\"@context\":\"https:\\\/\\\/schema.org\",\"@graph\":[{\"@type\":\"WebPage\",\"@id\":\"https:\\\/\\\/www.vdhurk.nl\\\/fiat-bedrijfswagens\\\/scudo\\\/automaat\\\/\",\"url\":\"https:\\\/\\\/www.vdhurk.nl\\\/fiat-bedrijfswagens\\\/scudo\\\/automaat\\\/\",\"name\":\"Kies je voor een betrouwbare Fiat Scudo automaat?\",\"isPartOf\":{\"@id\":\"https:\\\/\\\/www.vdhurk.nl\\\/#website\"},\"datePublished\":\"2025-04-29T12:15:57+00:00\",\"description\":\"Ben je op zoek naar een Fiat Scudo automaat? Bekijk het actuele aanbod bij Van den Hurk en vind de bedrijfswagen die perfect bij jou past.\",\"breadcrumb\":{\"@id\":\"https:\\\/\\\/www.vdhurk.nl\\\/fiat-bedrijfswagens\\\/scudo\\\/automaat\\\/#breadcrumb\"},\"inLanguage\":\"it-IT\",\"potentialAction\":[{\"@type\":\"ReadAction\",\"target\":[\"https:\\\/\\\/www.vdhurk.nl\\\/fiat-bedrijfswagens\\\/scudo\\\/automaat\\\/\"]}]},{\"@type\":\"BreadcrumbList\",\"@id\":\"https:\\\/\\\/www.vdhurk.nl\\\/fiat-bedrijfswagens\\\/scudo\\\/automaat\\\/#breadcrumb\",\"itemListElement\":[{\"@type\":\"ListItem\",\"position\":1,\"name\":\"Home\",\"item\":\"https:\\\/\\\/www.vdhurk.nl\\\/home\\\/\"},{\"@type\":\"ListItem\",\"position\":2,\"name\":\"Fiat Bedrijfswagens\",\"item\":\"https:\\\/\\\/www.vdhurk.nl\\\/fiat-bedrijfswagens\\\/\"},{\"@type\":\"ListItem\",\"position\":3,\"name\":\"Fiat Scudo\",\"item\":\"https:\\\/\\\/www.vdhurk.nl\\\/fiat-bedrijfswagens\\\/scudo\\\/\"},{\"@type\":\"ListItem\",\"position\":4,\"name\":\"Fiat Scudo automaat\"}]},{\"@type\":\"WebSite\",\"@id\":\"https:\\\/\\\/www.vdhurk.nl\\\/#website\",\"url\":\"https:\\\/\\\/www.vdhurk.nl\\\/\",\"name\":\"Van den Hurk Bedrijfswagens\",\"description\":\"Van den Hurk bedrijfswagens Helmond\",\"potentialAction\":[{\"@type\":\"SearchAction\",\"target\":{\"@type\":\"EntryPoint\",\"urlTemplate\":\"https:\\\/\\\/www.vdhurk.nl\\\/?s={search_term_string}\"},\"query-input\":{\"@type\":\"PropertyValueSpecification\",\"valueRequired\":true,\"valueName\":\"search_term_string\"}}],\"inLanguage\":\"it-IT\"}]}<\/script>\n<!-- \/ Yoast SEO plugin. -->","yoast_head_json":{"title":"Sceglierete un affidabile Fiat Scudo automatico?","description":"Siete alla ricerca di un Fiat Scudo automatico? Scoprite la gamma attuale di Van den Hurk e trovate il veicolo commerciale che fa per voi.","robots":{"index":"index","follow":"follow","max-snippet":"max-snippet:-1","max-image-preview":"max-image-preview:large","max-video-preview":"max-video-preview:-1"},"canonical":"https:\/\/www.vdhurk.nl\/it\/veicoli-commerciali-fiat\/mercedes-5\/macchina\/","og_locale":"it_IT","og_type":"article","og_title":"Kies je voor een betrouwbare Fiat Scudo automaat?","og_description":"Ben je op zoek naar een Fiat Scudo automaat? Bekijk het actuele aanbod bij Van den Hurk en vind de bedrijfswagen die perfect bij jou past.","og_url":"https:\/\/www.vdhurk.nl\/it\/veicoli-commerciali-fiat\/mercedes-5\/macchina\/","og_site_name":"Van den Hurk Bedrijfswagens","twitter_card":"summary_large_image","twitter_misc":{"Tempo di lettura stimato":"5 minuti"},"schema":{"@context":"https:\/\/schema.org","@graph":[{"@type":"WebPage","@id":"https:\/\/www.vdhurk.nl\/fiat-bedrijfswagens\/scudo\/automaat\/","url":"https:\/\/www.vdhurk.nl\/fiat-bedrijfswagens\/scudo\/automaat\/","name":"Sceglierete un affidabile Fiat Scudo automatico?","isPartOf":{"@id":"https:\/\/www.vdhurk.nl\/#website"},"datePublished":"2025-04-29T12:15:57+00:00","description":"Siete alla ricerca di un Fiat Scudo automatico? Scoprite la gamma attuale di Van den Hurk e trovate il veicolo commerciale che fa per voi.","breadcrumb":{"@id":"https:\/\/www.vdhurk.nl\/fiat-bedrijfswagens\/scudo\/automaat\/#breadcrumb"},"inLanguage":"it-IT","potentialAction":[{"@type":"ReadAction","target":["https:\/\/www.vdhurk.nl\/fiat-bedrijfswagens\/scudo\/automaat\/"]}]},{"@type":"BreadcrumbList","@id":"https:\/\/www.vdhurk.nl\/fiat-bedrijfswagens\/scudo\/automaat\/#breadcrumb","itemListElement":[{"@type":"ListItem","position":1,"name":"Home","item":"https:\/\/www.vdhurk.nl\/home\/"},{"@type":"ListItem","position":2,"name":"Fiat Bedrijfswagens","item":"https:\/\/www.vdhurk.nl\/fiat-bedrijfswagens\/"},{"@type":"ListItem","position":3,"name":"Fiat Scudo","item":"https:\/\/www.vdhurk.nl\/fiat-bedrijfswagens\/scudo\/"},{"@type":"ListItem","position":4,"name":"Fiat Scudo automaat"}]},{"@type":"WebSite","@id":"https:\/\/www.vdhurk.nl\/#website","url":"https:\/\/www.vdhurk.nl\/","name":"Veicoli commerciali Van den Hurk","description":"Van den Hurk veicoli commerciali Helmond","potentialAction":[{"@type":"SearchAction","target":{"@type":"EntryPoint","urlTemplate":"https:\/\/www.vdhurk.nl\/?s={search_term_string}"},"query-input":{"@type":"PropertyValueSpecification","valueRequired":true,"valueName":"search_term_string"}}],"inLanguage":"it-IT"}]}},"_links":{"self":[{"href":"https:\/\/www.vdhurk.nl\/it\/wp-json\/wp\/v2\/pages\/488083","targetHints":{"allow":["GET"]}}],"collection":[{"href":"https:\/\/www.vdhurk.nl\/it\/wp-json\/wp\/v2\/pages"}],"about":[{"href":"https:\/\/www.vdhurk.nl\/it\/wp-json\/wp\/v2\/types\/page"}],"author":[{"embeddable":true,"href":"https:\/\/www.vdhurk.nl\/it\/wp-json\/wp\/v2\/users\/3"}],"replies":[{"embeddable":true,"href":"https:\/\/www.vdhurk.nl\/it\/wp-json\/wp\/v2\/comments?post=488083"}],"version-history":[{"count":4,"href":"https:\/\/www.vdhurk.nl\/it\/wp-json\/wp\/v2\/pages\/488083\/revisions"}],"predecessor-version":[{"id":488087,"href":"https:\/\/www.vdhurk.nl\/it\/wp-json\/wp\/v2\/pages\/488083\/revisions\/488087"}],"up":[{"embeddable":true,"href":"https:\/\/www.vdhurk.nl\/it\/wp-json\/wp\/v2\/pages\/402263"}],"wp:attachment":[{"href":"https:\/\/www.vdhurk.nl\/it\/wp-json\/wp\/v2\/media?parent=488083"}],"curies":[{"name":"wp","href":"https:\/\/api.w.org\/{rel}","templated":true}]}}