{"id":454900,"date":"2025-02-28T15:55:05","date_gmt":"2025-02-28T14:55:05","guid":{"rendered":"https:\/\/www.vdhurk.nl\/?page_id=454900"},"modified":"2025-02-28T15:55:05","modified_gmt":"2025-02-28T14:55:05","slug":"macchina","status":"publish","type":"page","link":"https:\/\/www.vdhurk.nl\/it\/fiat-bedrijfswagens\/ducato\/automaat\/","title":{"rendered":"Fiat Ducato Automatico"},"content":{"rendered":"<section  class='av_textblock_section av-lu8gnh7d-4ac895489941e586c1d7c8cb72318135'  itemscope=\"itemscope\" itemtype=\"https:\/\/schema.org\/CreativeWork\" ><div class='avia_textblock'  itemprop=\"text\" ><h1>Cercate un cambio automatico per Fiat Ducato?<\/h1>\n<p>Una buona auto aziendale \u00e8 una parte importante della vostra attivit\u00e0. Siete alla ricerca di un'auto affidabile senza dover cambiare marcia? Allora vale la pena prendere in considerazione il Fiat Ducato automatico. Questo modello \u00e8 noto per la sua affidabilit\u00e0 e viene spesso scelto dai conducenti aziendali. Vi state chiedendo se questo furgone \u00e8 adatto alle vostre esigenze? Allora continuate a leggere!<\/p>\n<\/div><\/section>\n\n<style type=\"text\/css\" data-created_by=\"avia_inline_auto\" id=\"style-css-av-lujjddpd-afa3d7a9eabd61123e643ed1228e781e\">\n#top .hr.hr-invisible.av-lujjddpd-afa3d7a9eabd61123e643ed1228e781e{\nheight:50px;\n}\n<\/style>\n<div  class='hr av-lujjddpd-afa3d7a9eabd61123e643ed1228e781e hr-invisible  avia-builder-el-1  el_after_av_textblock  el_before_av_codeblock'><span class='hr-inner'><span class=\"hr-inner-style\"><\/span><\/span><\/div>\n\n\n<style type=\"text\/css\" data-created_by=\"avia_inline_auto\" id=\"style-css-av-5op6opf-b2213bc341fb70d5a9a643132d6a8789\">\n#top .hr.hr-invisible.av-5op6opf-b2213bc341fb70d5a9a643132d6a8789{\nheight:50px;\n}\n<\/style>\n<div  class='hr av-5op6opf-b2213bc341fb70d5a9a643132d6a8789 hr-invisible  avia-builder-el-3  el_after_av_codeblock  el_before_av_textblock'><span class='hr-inner'><span class=\"hr-inner-style\"><\/span><\/span><\/div>\n<section  class='av_textblock_section av-lu8gow1e-300853e458ed741bd87d6cb78e55cc7a'  itemscope=\"itemscope\" itemtype=\"https:\/\/schema.org\/CreativeWork\" ><div class='avia_textblock'  itemprop=\"text\" ><h2>I vantaggi di un cambio automatico<\/h2>\n<p>Non vi piace o semplicemente non vi piace cambiare marcia? Lo capiamo. Fortunatamente, il Fiat Ducato \u00e8 dotato di cambio automatico. Questo vi permette di guidare senza dover tirare la frizione o cambiare le marce. Ideale nel traffico cittadino, negli ingorghi o nei lunghi viaggi. E soprattutto, non si sacrifica nulla in termini di spazio o carico utile. Si continua a beneficiare di un abitacolo spazioso e di un'elevata capacit\u00e0 di carico, proprio come nella versione manuale. In breve, tutti i vantaggi del Fiat Ducato, senza il cambio.<\/p>\n<\/div><\/section>\n<div class='flex_column av-f64w1-da126f42b61613402309283c14245a25 av_one_half  avia-builder-el-5  el_after_av_textblock  el_before_av_one_third  first flex_column_div column-top-margin'   ><section  class='av_textblock_section av-lu8gpqre-73cc2c17e6a6497ba6e1b58af22bd9e8'  itemscope=\"itemscope\" itemtype=\"https:\/\/schema.org\/CreativeWork\" ><div class='avia_textblock'  itemprop=\"text\" ><h2>Scegliete tra diverse versioni<\/h2>\n<p>Il Fiat Ducato \u00e8 disponibile in varie versioni, quindi troverete sempre un modello che si adatta perfettamente alle vostre attivit\u00e0. Avete bisogno di un ampio spazio di carico per attrezzi o merci? Allora scegliete il furgone con un volume di carico impressionante. Lavorate con una squadra e avete bisogno di posti a sedere supplementari? Allora la cabina doppia offre una soluzione pratica, che consente di trasportare comodamente sia persone che materiali. Che siate alla ricerca di una versione compatta per il traffico cittadino o di una versione allungata per la massima capacit\u00e0, il Fiat Ducato offre sempre una versione adatta alla vostra attivit\u00e0.<\/p>\n<\/div><\/section><\/div><div class='flex_column av-aldk9-ee694297f5c4032981677a02caab84d6 av_one_third  avia-builder-el-7  el_after_av_one_half  el_before_av_hr  flex_column_div column-top-margin'   ><style type=\"text\/css\" data-created_by=\"avia_inline_auto\" id=\"style-css-av-l1w9kpsf-4ec3fab772ec7a9adaa33cfc64ff0475\">\n.avia-image-container.av-l1w9kpsf-4ec3fab772ec7a9adaa33cfc64ff0475 .av-image-caption-overlay-center{\ncolor:#ffffff;\n}\n<\/style>\n<div  class='avia-image-container av-l1w9kpsf-4ec3fab772ec7a9adaa33cfc64ff0475 av-styling- avia-align-center  avia-builder-el-8  avia-builder-el-no-sibling'  itemprop=\"image\" itemscope=\"itemscope\" itemtype=\"https:\/\/schema.org\/ImageObject\" ><div class=\"avia-image-container-inner\"><div class=\"avia-image-overlay-wrap\"><img decoding=\"async\" class='wp-image-187 avia-img-lazy-loading-not-187 avia_image' src=\"https:\/\/www.vdhurk.nl\/wp-content\/uploads\/2022\/03\/Voorrad.png\" alt='' title='Stock'  height=\"758\" width=\"1135\"  itemprop=\"thumbnailUrl\" srcset=\"https:\/\/www.vdhurk.nl\/wp-content\/uploads\/2022\/03\/Voorrad.png 1135w, https:\/\/www.vdhurk.nl\/wp-content\/uploads\/2022\/03\/Voorrad-300x200.png 300w, https:\/\/www.vdhurk.nl\/wp-content\/uploads\/2022\/03\/Voorrad-1030x688.png 1030w, https:\/\/www.vdhurk.nl\/wp-content\/uploads\/2022\/03\/Voorrad-768x513.png 768w, https:\/\/www.vdhurk.nl\/wp-content\/uploads\/2022\/03\/Voorrad-18x12.png 18w, https:\/\/www.vdhurk.nl\/wp-content\/uploads\/2022\/03\/Voorrad-705x471.png 705w\" sizes=\"(max-width: 1135px) 100vw, 1135px\" \/><\/div><\/div><\/div><\/div><\/p>\n\n<style type=\"text\/css\" data-created_by=\"avia_inline_auto\" id=\"style-css-av-luqrjpjc-5a23a1fb5f94718ca85316a9df963e2f\">\n#top .hr.hr-invisible.av-luqrjpjc-5a23a1fb5f94718ca85316a9df963e2f{\nheight:50px;\n}\n<\/style>\n<div  class='hr av-luqrjpjc-5a23a1fb5f94718ca85316a9df963e2f hr-invisible  avia-builder-el-9  el_after_av_one_third  el_before_av_textblock'><span class='hr-inner'><span class=\"hr-inner-style\"><\/span><\/span><\/div>\n<section  class='av_textblock_section av-lu8gtjw7-4f3cee9304909518d86d2860d9d582dd'  itemscope=\"itemscope\" itemtype=\"https:\/\/schema.org\/CreativeWork\" ><div class='avia_textblock'  itemprop=\"text\" ><h2>Quanto si paga un Fiat Ducato automatico?<\/h2>\n<p>Il prezzo di un veicolo commerciale dipende dai vostri desideri e dalle vostre esigenze. Il Fiat Ducato automatico \u00e8 disponibile in diverse versioni, dalla variante base al modello di lusso con tutti i comfort. C'\u00e8 sempre un'opzione adatta al vostro budget.<\/p>\n<h2>Comprare o affittare?<\/h2>\n<p>Che si scelga l'acquisto o il leasing, la cosa pi\u00f9 importante \u00e8 trovare una soluzione adatta alla propria attivit\u00e0. Volete possedere subito il vostro Fiat Ducato? Allora l'acquisto \u00e8 una buona scelta. Preferite la diversificazione finanziaria e volete che vi rimanga del denaro per altri investimenti? Allora il leasing finanziario \u00e8 una buona opzione. Entrambe le opzioni hanno i loro vantaggi e noi di Van den Hurk saremo lieti di aiutarvi con una consulenza personalizzata in modo che possiate prendere la decisione migliore per la vostra attivit\u00e0.<\/p>\n<h2>Trovare un'auto aziendale adatta<\/h2>\n<p>Acquistare un Fiat Ducato automatico, fare un leasing o saperne di pi\u00f9 su ci\u00f2 che si adatta alla vostra situazione? Saremo lieti di aiutarvi a fare la scelta giusta. Consultate la nostra offerta attuale o contattateci.<\/p>\n<\/div><\/section>","protected":false},"excerpt":{"rendered":"","protected":false},"author":3,"featured_media":0,"parent":402271,"menu_order":0,"comment_status":"closed","ping_status":"closed","template":"","meta":{"_acf_changed":false,"_improvement_type_select":"improve_an_existing","_thumb_yes_seoaic":false,"_frame_yes_seoaic":false,"seoaic_generate_description":"","seoaic_improve_instructions_prompt":"","seoaic_rollback_content_improvement":"","seoaic_idea_thumbnail_generator":"","thumbnail_generated":false,"thumbnail_generate_prompt":"","seoaic_article_description":"","footnotes":""},"class_list":["post-454900","page","type-page","status-publish","hentry"],"acf":[],"yoast_head":"<!-- This site is optimized with the Yoast SEO plugin v27.3 - https:\/\/yoast.com\/product\/yoast-seo-wordpress\/ -->\n<title>Bekijk het aanbod en vind jouw perfecte Fiat Ducato automaat<\/title>\n<meta name=\"description\" content=\"Vind de ideale Fiat Ducato automaat voor jouw onderneming. Ontdek ons actuele aanbod en kies de uitvoering die bij jouw werkzaamheden past.\" \/>\n<meta name=\"robots\" content=\"index, follow, max-snippet:-1, max-image-preview:large, max-video-preview:-1\" \/>\n<link rel=\"canonical\" href=\"https:\/\/www.vdhurk.nl\/it\/veicoli-commerciali-fiat\/mercedes-17\/macchina\/\" \/>\n<meta property=\"og:locale\" content=\"it_IT\" \/>\n<meta property=\"og:type\" content=\"article\" \/>\n<meta property=\"og:title\" content=\"Bekijk het aanbod en vind jouw perfecte Fiat Ducato automaat\" \/>\n<meta property=\"og:description\" content=\"Vind de ideale Fiat Ducato automaat voor jouw onderneming. Ontdek ons actuele aanbod en kies de uitvoering die bij jouw werkzaamheden past.\" \/>\n<meta property=\"og:url\" content=\"https:\/\/www.vdhurk.nl\/it\/veicoli-commerciali-fiat\/mercedes-17\/macchina\/\" \/>\n<meta property=\"og:site_name\" content=\"Van den Hurk Bedrijfswagens\" \/>\n<meta name=\"twitter:card\" content=\"summary_large_image\" \/>\n<meta name=\"twitter:label1\" content=\"Tempo di lettura stimato\" \/>\n\t<meta name=\"twitter:data1\" content=\"4 minuti\" \/>\n<script type=\"application\/ld+json\" class=\"yoast-schema-graph\">{\"@context\":\"https:\\\/\\\/schema.org\",\"@graph\":[{\"@type\":\"WebPage\",\"@id\":\"https:\\\/\\\/www.vdhurk.nl\\\/fiat-bedrijfswagens\\\/ducato\\\/automaat\\\/\",\"url\":\"https:\\\/\\\/www.vdhurk.nl\\\/fiat-bedrijfswagens\\\/ducato\\\/automaat\\\/\",\"name\":\"Bekijk het aanbod en vind jouw perfecte Fiat Ducato automaat\",\"isPartOf\":{\"@id\":\"https:\\\/\\\/www.vdhurk.nl\\\/#website\"},\"datePublished\":\"2025-02-28T14:55:05+00:00\",\"description\":\"Vind de ideale Fiat Ducato automaat voor jouw onderneming. Ontdek ons actuele aanbod en kies de uitvoering die bij jouw werkzaamheden past.\",\"breadcrumb\":{\"@id\":\"https:\\\/\\\/www.vdhurk.nl\\\/fiat-bedrijfswagens\\\/ducato\\\/automaat\\\/#breadcrumb\"},\"inLanguage\":\"it-IT\",\"potentialAction\":[{\"@type\":\"ReadAction\",\"target\":[\"https:\\\/\\\/www.vdhurk.nl\\\/fiat-bedrijfswagens\\\/ducato\\\/automaat\\\/\"]}]},{\"@type\":\"BreadcrumbList\",\"@id\":\"https:\\\/\\\/www.vdhurk.nl\\\/fiat-bedrijfswagens\\\/ducato\\\/automaat\\\/#breadcrumb\",\"itemListElement\":[{\"@type\":\"ListItem\",\"position\":1,\"name\":\"Home\",\"item\":\"https:\\\/\\\/www.vdhurk.nl\\\/home\\\/\"},{\"@type\":\"ListItem\",\"position\":2,\"name\":\"Fiat Bedrijfswagens\",\"item\":\"https:\\\/\\\/www.vdhurk.nl\\\/fiat-bedrijfswagens\\\/\"},{\"@type\":\"ListItem\",\"position\":3,\"name\":\"Fiat Ducato\",\"item\":\"https:\\\/\\\/www.vdhurk.nl\\\/fiat-bedrijfswagens\\\/ducato\\\/\"},{\"@type\":\"ListItem\",\"position\":4,\"name\":\"Fiat Ducato Automaat\"}]},{\"@type\":\"WebSite\",\"@id\":\"https:\\\/\\\/www.vdhurk.nl\\\/#website\",\"url\":\"https:\\\/\\\/www.vdhurk.nl\\\/\",\"name\":\"Van den Hurk Bedrijfswagens\",\"description\":\"Van den Hurk bedrijfswagens Helmond\",\"potentialAction\":[{\"@type\":\"SearchAction\",\"target\":{\"@type\":\"EntryPoint\",\"urlTemplate\":\"https:\\\/\\\/www.vdhurk.nl\\\/?s={search_term_string}\"},\"query-input\":{\"@type\":\"PropertyValueSpecification\",\"valueRequired\":true,\"valueName\":\"search_term_string\"}}],\"inLanguage\":\"it-IT\"}]}<\/script>\n<!-- \/ Yoast SEO plugin. -->","yoast_head_json":{"title":"Visualizza la gamma e trova il tuo Fiat Ducato automatico ideale","description":"Trovate il Fiat Ducato automatico ideale per la vostra azienda. Scoprite la nostra gamma attuale e scegliete la versione pi\u00f9 adatta alle vostre attivit\u00e0.","robots":{"index":"index","follow":"follow","max-snippet":"max-snippet:-1","max-image-preview":"max-image-preview:large","max-video-preview":"max-video-preview:-1"},"canonical":"https:\/\/www.vdhurk.nl\/it\/veicoli-commerciali-fiat\/mercedes-17\/macchina\/","og_locale":"it_IT","og_type":"article","og_title":"Bekijk het aanbod en vind jouw perfecte Fiat Ducato automaat","og_description":"Vind de ideale Fiat Ducato automaat voor jouw onderneming. Ontdek ons actuele aanbod en kies de uitvoering die bij jouw werkzaamheden past.","og_url":"https:\/\/www.vdhurk.nl\/it\/veicoli-commerciali-fiat\/mercedes-17\/macchina\/","og_site_name":"Van den Hurk Bedrijfswagens","twitter_card":"summary_large_image","twitter_misc":{"Tempo di lettura stimato":"4 minuti"},"schema":{"@context":"https:\/\/schema.org","@graph":[{"@type":"WebPage","@id":"https:\/\/www.vdhurk.nl\/fiat-bedrijfswagens\/ducato\/automaat\/","url":"https:\/\/www.vdhurk.nl\/fiat-bedrijfswagens\/ducato\/automaat\/","name":"Visualizza la gamma e trova il tuo Fiat Ducato automatico ideale","isPartOf":{"@id":"https:\/\/www.vdhurk.nl\/#website"},"datePublished":"2025-02-28T14:55:05+00:00","description":"Trovate il Fiat Ducato automatico ideale per la vostra azienda. Scoprite la nostra gamma attuale e scegliete la versione pi\u00f9 adatta alle vostre attivit\u00e0.","breadcrumb":{"@id":"https:\/\/www.vdhurk.nl\/fiat-bedrijfswagens\/ducato\/automaat\/#breadcrumb"},"inLanguage":"it-IT","potentialAction":[{"@type":"ReadAction","target":["https:\/\/www.vdhurk.nl\/fiat-bedrijfswagens\/ducato\/automaat\/"]}]},{"@type":"BreadcrumbList","@id":"https:\/\/www.vdhurk.nl\/fiat-bedrijfswagens\/ducato\/automaat\/#breadcrumb","itemListElement":[{"@type":"ListItem","position":1,"name":"Home","item":"https:\/\/www.vdhurk.nl\/home\/"},{"@type":"ListItem","position":2,"name":"Fiat Bedrijfswagens","item":"https:\/\/www.vdhurk.nl\/fiat-bedrijfswagens\/"},{"@type":"ListItem","position":3,"name":"Fiat Ducato","item":"https:\/\/www.vdhurk.nl\/fiat-bedrijfswagens\/ducato\/"},{"@type":"ListItem","position":4,"name":"Fiat Ducato Automaat"}]},{"@type":"WebSite","@id":"https:\/\/www.vdhurk.nl\/#website","url":"https:\/\/www.vdhurk.nl\/","name":"Veicoli commerciali Van den Hurk","description":"Van den Hurk veicoli commerciali Helmond","potentialAction":[{"@type":"SearchAction","target":{"@type":"EntryPoint","urlTemplate":"https:\/\/www.vdhurk.nl\/?s={search_term_string}"},"query-input":{"@type":"PropertyValueSpecification","valueRequired":true,"valueName":"search_term_string"}}],"inLanguage":"it-IT"}]}},"_links":{"self":[{"href":"https:\/\/www.vdhurk.nl\/it\/wp-json\/wp\/v2\/pages\/454900","targetHints":{"allow":["GET"]}}],"collection":[{"href":"https:\/\/www.vdhurk.nl\/it\/wp-json\/wp\/v2\/pages"}],"about":[{"href":"https:\/\/www.vdhurk.nl\/it\/wp-json\/wp\/v2\/types\/page"}],"author":[{"embeddable":true,"href":"https:\/\/www.vdhurk.nl\/it\/wp-json\/wp\/v2\/users\/3"}],"replies":[{"embeddable":true,"href":"https:\/\/www.vdhurk.nl\/it\/wp-json\/wp\/v2\/comments?post=454900"}],"version-history":[{"count":2,"href":"https:\/\/www.vdhurk.nl\/it\/wp-json\/wp\/v2\/pages\/454900\/revisions"}],"predecessor-version":[{"id":454902,"href":"https:\/\/www.vdhurk.nl\/it\/wp-json\/wp\/v2\/pages\/454900\/revisions\/454902"}],"up":[{"embeddable":true,"href":"https:\/\/www.vdhurk.nl\/it\/wp-json\/wp\/v2\/pages\/402271"}],"wp:attachment":[{"href":"https:\/\/www.vdhurk.nl\/it\/wp-json\/wp\/v2\/media?parent=454900"}],"curies":[{"name":"wp","href":"https:\/\/api.w.org\/{rel}","templated":true}]}}