{"id":454897,"date":"2025-02-28T15:58:31","date_gmt":"2025-02-28T14:58:31","guid":{"rendered":"https:\/\/www.vdhurk.nl\/?page_id=454897"},"modified":"2025-02-28T15:58:31","modified_gmt":"2025-02-28T14:58:31","slug":"macchina","status":"publish","type":"page","link":"https:\/\/www.vdhurk.nl\/it\/fiat-bedrijfswagens\/doblo\/automaat\/","title":{"rendered":"Fiat Doblo Automatico"},"content":{"rendered":"<section  class='av_textblock_section av-lu8gnh7d-4ac895489941e586c1d7c8cb72318135'  itemscope=\"itemscope\" itemtype=\"https:\/\/schema.org\/CreativeWork\" ><div class='avia_textblock'  itemprop=\"text\" ><h1>Cercate un cambio automatico per Fiat Doblo?<\/h1>\n<p>Cercate un'auto aziendale spaziosa senza dover cambiare marcia? Volete combinare funzionalit\u00e0, comfort ed efficienza in un unico veicolo? Il Fiat Doblo automatico offre tutto ci\u00f2 di cui avete bisogno per i vostri viaggi di lavoro. Scoprite se questo \u00e8 il furgone perfetto per la vostra azienda!<\/p>\n<\/div><\/section>\n\n<style type=\"text\/css\" data-created_by=\"avia_inline_auto\" id=\"style-css-av-lujjddpd-afa3d7a9eabd61123e643ed1228e781e\">\n#top .hr.hr-invisible.av-lujjddpd-afa3d7a9eabd61123e643ed1228e781e{\nheight:50px;\n}\n<\/style>\n<div  class='hr av-lujjddpd-afa3d7a9eabd61123e643ed1228e781e hr-invisible  avia-builder-el-1  el_after_av_textblock  el_before_av_codeblock'><span class='hr-inner'><span class=\"hr-inner-style\"><\/span><\/span><\/div>\n\n\n<style type=\"text\/css\" data-created_by=\"avia_inline_auto\" id=\"style-css-av-ah0xd-63338d9dc6b40410e22a712829c369d6\">\n#top .hr.hr-invisible.av-ah0xd-63338d9dc6b40410e22a712829c369d6{\nheight:50px;\n}\n<\/style>\n<div  class='hr av-ah0xd-63338d9dc6b40410e22a712829c369d6 hr-invisible  avia-builder-el-3  el_after_av_codeblock  el_before_av_textblock'><span class='hr-inner'><span class=\"hr-inner-style\"><\/span><\/span><\/div>\n<section  class='av_textblock_section av-lu8gow1e-300853e458ed741bd87d6cb78e55cc7a'  itemscope=\"itemscope\" itemtype=\"https:\/\/schema.org\/CreativeWork\" ><div class='avia_textblock'  itemprop=\"text\" ><h2>Perch\u00e9 scegliere una Fiat Doblo automatica?<\/h2>\n<p>Se cercate un veicolo commerciale senza il fastidio del cambio di marcia, il Fiat Doblo automatico \u00e8 una scelta intelligente. Con l'automatico, infatti, non si \u00e8 costretti a tirare la frizione e a cambiare le marce, il che \u00e8 particolarmente piacevole in caso di traffico cittadino intenso o di ingorghi. Il risultato? Un'esperienza di guida fluida. Il cambio automatico \u00e8 l'ideale per tutti coloro che vogliono viaggiare senza pensieri. Perch\u00e9 rendere le cose difficili quando possono essere facili? Salite a bordo e lasciate che il cambio automatico faccia il lavoro per voi.<\/p>\n<\/div><\/section>\n<div class='flex_column av-f64w1-da126f42b61613402309283c14245a25 av_one_half  avia-builder-el-5  el_after_av_textblock  el_before_av_one_third  first flex_column_div column-top-margin'   ><section  class='av_textblock_section av-lu8gpqre-73cc2c17e6a6497ba6e1b58af22bd9e8'  itemscope=\"itemscope\" itemtype=\"https:\/\/schema.org\/CreativeWork\" ><div class='avia_textblock'  itemprop=\"text\" ><h2>Scegliete tra diverse versioni<\/h2>\n<p>Il cambio automatico di Fiat Doblo \u00e8 disponibile in diverse versioni. Quindi c'\u00e8 sempre una versione adatta al vostro lavoro. Avete bisogno del massimo spazio di carico per attrezzi, pacchi o altri carichi aziendali? Allora il furgone \u00e8 la scelta pi\u00f9 logica. Volete trasportare colleghi o personale insieme al carico? Allora la versione a doppia cabina \u00e8 l'ideale. Che siate corrieri, installatori o fornitori di servizi, c'\u00e8 sempre un Doblo che vi semplifica la giornata lavorativa. Niente fronzoli inutili, solo un buon veicolo commerciale che fa quello che deve fare. Voi scegliete il modello, l'automatico fa il resto.<\/p>\n<\/div><\/section><\/div><div class='flex_column av-aldk9-ee694297f5c4032981677a02caab84d6 av_one_third  avia-builder-el-7  el_after_av_one_half  el_before_av_hr  flex_column_div column-top-margin'   ><style type=\"text\/css\" data-created_by=\"avia_inline_auto\" id=\"style-css-av-l1w9kpsf-4ec3fab772ec7a9adaa33cfc64ff0475\">\n.avia-image-container.av-l1w9kpsf-4ec3fab772ec7a9adaa33cfc64ff0475 .av-image-caption-overlay-center{\ncolor:#ffffff;\n}\n<\/style>\n<div  class='avia-image-container av-l1w9kpsf-4ec3fab772ec7a9adaa33cfc64ff0475 av-styling- avia-align-center  avia-builder-el-8  avia-builder-el-no-sibling'  itemprop=\"image\" itemscope=\"itemscope\" itemtype=\"https:\/\/schema.org\/ImageObject\" ><div class=\"avia-image-container-inner\"><div class=\"avia-image-overlay-wrap\"><img decoding=\"async\" class='wp-image-187 avia-img-lazy-loading-not-187 avia_image' src=\"https:\/\/www.vdhurk.nl\/wp-content\/uploads\/2022\/03\/Voorrad.png\" alt='' title='Stock'  height=\"758\" width=\"1135\"  itemprop=\"thumbnailUrl\" srcset=\"https:\/\/www.vdhurk.nl\/wp-content\/uploads\/2022\/03\/Voorrad.png 1135w, https:\/\/www.vdhurk.nl\/wp-content\/uploads\/2022\/03\/Voorrad-300x200.png 300w, https:\/\/www.vdhurk.nl\/wp-content\/uploads\/2022\/03\/Voorrad-1030x688.png 1030w, https:\/\/www.vdhurk.nl\/wp-content\/uploads\/2022\/03\/Voorrad-768x513.png 768w, https:\/\/www.vdhurk.nl\/wp-content\/uploads\/2022\/03\/Voorrad-18x12.png 18w, https:\/\/www.vdhurk.nl\/wp-content\/uploads\/2022\/03\/Voorrad-705x471.png 705w\" sizes=\"(max-width: 1135px) 100vw, 1135px\" \/><\/div><\/div><\/div><\/div><\/p>\n\n<style type=\"text\/css\" data-created_by=\"avia_inline_auto\" id=\"style-css-av-luqrjpjc-5a23a1fb5f94718ca85316a9df963e2f\">\n#top .hr.hr-invisible.av-luqrjpjc-5a23a1fb5f94718ca85316a9df963e2f{\nheight:50px;\n}\n<\/style>\n<div  class='hr av-luqrjpjc-5a23a1fb5f94718ca85316a9df963e2f hr-invisible  avia-builder-el-9  el_after_av_one_third  el_before_av_textblock'><span class='hr-inner'><span class=\"hr-inner-style\"><\/span><\/span><\/div>\n<section  class='av_textblock_section av-lu8gtjw7-4f3cee9304909518d86d2860d9d582dd'  itemscope=\"itemscope\" itemtype=\"https:\/\/schema.org\/CreativeWork\" ><div class='avia_textblock'  itemprop=\"text\" ><h2>Comprare o affittare?<\/h2>\n<p>In Van den Hurk, potete scegliere se acquistare o prendere in leasing un'auto aziendale. L'acquisto di un'auto aziendale \u00e8 un investimento importante, quindi \u00e8 importante valutare attentamente cosa si adatta meglio al vostro budget e alle vostre esigenze aziendali. L'acquisto significa che siete immediatamente proprietari, mentre il leasing significa che siete <a href=\"https:\/\/www.vdhurk.nl\/it\/locazione-finanziaria\/\">locazione<\/a> distribuire i costi e pagare a rate. Alla fine, diventerete comunque proprietari, senza dover fare un grosso investimento in una volta sola. L'opzione pi\u00f9 adatta a voi dipende dal vostro budget e dalle vostre esigenze aziendali. Qualunque sia la vostra scelta, saremo lieti di aiutarvi con una consulenza personalizzata.<\/p>\n<h2>Scegliere veicoli commerciali affidabili<\/h2>\n<p>Se siete utenti business alla ricerca di un'auto aziendale, la Fiat Doblo automatica \u00e8 sicuramente da prendere in considerazione. Con la sua ampia capacit\u00e0 di carico e l'elevato livello di comfort, questo modello offre tutto ci\u00f2 di cui avete bisogno senza il fastidio di dover cambiare marcia. Avete ancora domande? Noi di Van den Hurk saremo lieti di aiutarvi in ogni fase della scelta, in modo che possiate fare la scelta giusta in tutta tranquillit\u00e0.<\/p>\n<\/div><\/section>","protected":false},"excerpt":{"rendered":"","protected":false},"author":3,"featured_media":0,"parent":397536,"menu_order":0,"comment_status":"closed","ping_status":"closed","template":"","meta":{"_acf_changed":false,"_improvement_type_select":"improve_an_existing","_thumb_yes_seoaic":false,"_frame_yes_seoaic":false,"seoaic_generate_description":"","seoaic_improve_instructions_prompt":"","seoaic_rollback_content_improvement":"","seoaic_idea_thumbnail_generator":"","thumbnail_generated":false,"thumbnail_generate_prompt":"","seoaic_article_description":"","footnotes":""},"class_list":["post-454897","page","type-page","status-publish","hentry"],"acf":[],"yoast_head":"<!-- This site is optimized with the Yoast SEO plugin v27.5 - https:\/\/yoast.com\/product\/yoast-seo-wordpress\/ -->\n<title>Ontdek alles over de Fiat Doblo automaat<\/title>\n<meta name=\"description\" content=\"Overweeg je een Fiat Doblo automaat? Ervaar het rijcomfort en gemak van een automatische transmissie en ontdek of dit de ideale keuze voor jou is.\" \/>\n<meta name=\"robots\" content=\"index, follow, max-snippet:-1, max-image-preview:large, max-video-preview:-1\" \/>\n<link rel=\"canonical\" href=\"https:\/\/www.vdhurk.nl\/it\/veicoli-commerciali-fiat\/mercedes-21\/macchina\/\" \/>\n<meta property=\"og:locale\" content=\"it_IT\" \/>\n<meta property=\"og:type\" content=\"article\" \/>\n<meta property=\"og:title\" content=\"Ontdek alles over de Fiat Doblo automaat\" \/>\n<meta property=\"og:description\" content=\"Overweeg je een Fiat Doblo automaat? Ervaar het rijcomfort en gemak van een automatische transmissie en ontdek of dit de ideale keuze voor jou is.\" \/>\n<meta property=\"og:url\" content=\"https:\/\/www.vdhurk.nl\/it\/veicoli-commerciali-fiat\/mercedes-21\/macchina\/\" \/>\n<meta property=\"og:site_name\" content=\"Van den Hurk Bedrijfswagens\" \/>\n<meta name=\"twitter:card\" content=\"summary_large_image\" \/>\n<meta name=\"twitter:label1\" content=\"Tempo di lettura stimato\" \/>\n\t<meta name=\"twitter:data1\" content=\"6 minuti\" \/>\n<script type=\"application\/ld+json\" class=\"yoast-schema-graph\">{\"@context\":\"https:\\\/\\\/schema.org\",\"@graph\":[{\"@type\":\"WebPage\",\"@id\":\"https:\\\/\\\/www.vdhurk.nl\\\/fiat-bedrijfswagens\\\/doblo\\\/automaat\\\/\",\"url\":\"https:\\\/\\\/www.vdhurk.nl\\\/fiat-bedrijfswagens\\\/doblo\\\/automaat\\\/\",\"name\":\"Ontdek alles over de Fiat Doblo automaat\",\"isPartOf\":{\"@id\":\"https:\\\/\\\/www.vdhurk.nl\\\/#website\"},\"datePublished\":\"2025-02-28T14:58:31+00:00\",\"description\":\"Overweeg je een Fiat Doblo automaat? Ervaar het rijcomfort en gemak van een automatische transmissie en ontdek of dit de ideale keuze voor jou is.\",\"breadcrumb\":{\"@id\":\"https:\\\/\\\/www.vdhurk.nl\\\/fiat-bedrijfswagens\\\/doblo\\\/automaat\\\/#breadcrumb\"},\"inLanguage\":\"it-IT\",\"potentialAction\":[{\"@type\":\"ReadAction\",\"target\":[\"https:\\\/\\\/www.vdhurk.nl\\\/fiat-bedrijfswagens\\\/doblo\\\/automaat\\\/\"]}]},{\"@type\":\"BreadcrumbList\",\"@id\":\"https:\\\/\\\/www.vdhurk.nl\\\/fiat-bedrijfswagens\\\/doblo\\\/automaat\\\/#breadcrumb\",\"itemListElement\":[{\"@type\":\"ListItem\",\"position\":1,\"name\":\"Home\",\"item\":\"https:\\\/\\\/www.vdhurk.nl\\\/home\\\/\"},{\"@type\":\"ListItem\",\"position\":2,\"name\":\"Fiat Bedrijfswagens\",\"item\":\"https:\\\/\\\/www.vdhurk.nl\\\/fiat-bedrijfswagens\\\/\"},{\"@type\":\"ListItem\",\"position\":3,\"name\":\"Fiat Doblo\",\"item\":\"https:\\\/\\\/www.vdhurk.nl\\\/fiat-bedrijfswagens\\\/doblo\\\/\"},{\"@type\":\"ListItem\",\"position\":4,\"name\":\"Fiat Doblo Automaat\"}]},{\"@type\":\"WebSite\",\"@id\":\"https:\\\/\\\/www.vdhurk.nl\\\/#website\",\"url\":\"https:\\\/\\\/www.vdhurk.nl\\\/\",\"name\":\"Van den Hurk Bedrijfswagens\",\"description\":\"Van den Hurk bedrijfswagens Helmond\",\"potentialAction\":[{\"@type\":\"SearchAction\",\"target\":{\"@type\":\"EntryPoint\",\"urlTemplate\":\"https:\\\/\\\/www.vdhurk.nl\\\/?s={search_term_string}\"},\"query-input\":{\"@type\":\"PropertyValueSpecification\",\"valueRequired\":true,\"valueName\":\"search_term_string\"}}],\"inLanguage\":\"it-IT\"}]}<\/script>\n<!-- \/ Yoast SEO plugin. -->","yoast_head_json":{"title":"Scopri tutto sul cambio automatico di Fiat Doblo","description":"State pensando di acquistare una Fiat Doblo con cambio automatico? Provate il comfort di guida e la comodit\u00e0 del cambio automatico e scoprite se \u00e8 la scelta ideale per voi.","robots":{"index":"index","follow":"follow","max-snippet":"max-snippet:-1","max-image-preview":"max-image-preview:large","max-video-preview":"max-video-preview:-1"},"canonical":"https:\/\/www.vdhurk.nl\/it\/veicoli-commerciali-fiat\/mercedes-21\/macchina\/","og_locale":"it_IT","og_type":"article","og_title":"Ontdek alles over de Fiat Doblo automaat","og_description":"Overweeg je een Fiat Doblo automaat? Ervaar het rijcomfort en gemak van een automatische transmissie en ontdek of dit de ideale keuze voor jou is.","og_url":"https:\/\/www.vdhurk.nl\/it\/veicoli-commerciali-fiat\/mercedes-21\/macchina\/","og_site_name":"Van den Hurk Bedrijfswagens","twitter_card":"summary_large_image","twitter_misc":{"Tempo di lettura stimato":"6 minuti"},"schema":{"@context":"https:\/\/schema.org","@graph":[{"@type":"WebPage","@id":"https:\/\/www.vdhurk.nl\/fiat-bedrijfswagens\/doblo\/automaat\/","url":"https:\/\/www.vdhurk.nl\/fiat-bedrijfswagens\/doblo\/automaat\/","name":"Scopri tutto sul cambio automatico di Fiat Doblo","isPartOf":{"@id":"https:\/\/www.vdhurk.nl\/#website"},"datePublished":"2025-02-28T14:58:31+00:00","description":"State pensando di acquistare una Fiat Doblo con cambio automatico? Provate il comfort di guida e la comodit\u00e0 del cambio automatico e scoprite se \u00e8 la scelta ideale per voi.","breadcrumb":{"@id":"https:\/\/www.vdhurk.nl\/fiat-bedrijfswagens\/doblo\/automaat\/#breadcrumb"},"inLanguage":"it-IT","potentialAction":[{"@type":"ReadAction","target":["https:\/\/www.vdhurk.nl\/fiat-bedrijfswagens\/doblo\/automaat\/"]}]},{"@type":"BreadcrumbList","@id":"https:\/\/www.vdhurk.nl\/fiat-bedrijfswagens\/doblo\/automaat\/#breadcrumb","itemListElement":[{"@type":"ListItem","position":1,"name":"Home","item":"https:\/\/www.vdhurk.nl\/home\/"},{"@type":"ListItem","position":2,"name":"Fiat Bedrijfswagens","item":"https:\/\/www.vdhurk.nl\/fiat-bedrijfswagens\/"},{"@type":"ListItem","position":3,"name":"Fiat Doblo","item":"https:\/\/www.vdhurk.nl\/fiat-bedrijfswagens\/doblo\/"},{"@type":"ListItem","position":4,"name":"Fiat Doblo Automaat"}]},{"@type":"WebSite","@id":"https:\/\/www.vdhurk.nl\/#website","url":"https:\/\/www.vdhurk.nl\/","name":"Veicoli commerciali Van den Hurk","description":"Van den Hurk veicoli commerciali Helmond","potentialAction":[{"@type":"SearchAction","target":{"@type":"EntryPoint","urlTemplate":"https:\/\/www.vdhurk.nl\/?s={search_term_string}"},"query-input":{"@type":"PropertyValueSpecification","valueRequired":true,"valueName":"search_term_string"}}],"inLanguage":"it-IT"}]}},"_links":{"self":[{"href":"https:\/\/www.vdhurk.nl\/it\/wp-json\/wp\/v2\/pages\/454897","targetHints":{"allow":["GET"]}}],"collection":[{"href":"https:\/\/www.vdhurk.nl\/it\/wp-json\/wp\/v2\/pages"}],"about":[{"href":"https:\/\/www.vdhurk.nl\/it\/wp-json\/wp\/v2\/types\/page"}],"author":[{"embeddable":true,"href":"https:\/\/www.vdhurk.nl\/it\/wp-json\/wp\/v2\/users\/3"}],"replies":[{"embeddable":true,"href":"https:\/\/www.vdhurk.nl\/it\/wp-json\/wp\/v2\/comments?post=454897"}],"version-history":[{"count":2,"href":"https:\/\/www.vdhurk.nl\/it\/wp-json\/wp\/v2\/pages\/454897\/revisions"}],"predecessor-version":[{"id":454899,"href":"https:\/\/www.vdhurk.nl\/it\/wp-json\/wp\/v2\/pages\/454897\/revisions\/454899"}],"up":[{"embeddable":true,"href":"https:\/\/www.vdhurk.nl\/it\/wp-json\/wp\/v2\/pages\/397536"}],"wp:attachment":[{"href":"https:\/\/www.vdhurk.nl\/it\/wp-json\/wp\/v2\/media?parent=454897"}],"curies":[{"name":"wp","href":"https:\/\/api.w.org\/{rel}","templated":true}]}}