{"id":454894,"date":"2025-02-28T15:59:33","date_gmt":"2025-02-28T14:59:33","guid":{"rendered":"https:\/\/www.vdhurk.nl\/?page_id=454894"},"modified":"2025-02-28T15:59:33","modified_gmt":"2025-02-28T14:59:33","slug":"macchina","status":"publish","type":"page","link":"https:\/\/www.vdhurk.nl\/it\/renault-bedrijfswagens\/master\/automaat\/","title":{"rendered":"Renault Master Automatico"},"content":{"rendered":"<section  class='av_textblock_section av-lu8gnh7d-4ac895489941e586c1d7c8cb72318135'  itemscope=\"itemscope\" itemtype=\"https:\/\/schema.org\/CreativeWork\" ><div class='avia_textblock'  itemprop=\"text\" ><h1>Il Renault Master automatico \u00e8 adatto alla vostra attivit\u00e0?<\/h1>\n<p>Cercate un furgone spazioso e confortevole senza la fatica di cambiare marcia? Il Renault Master automatico \u00e8 proprio quello che fa per voi! Questi veicoli commerciali sono molto popolari tra gli imprenditori. Volete sapere cosa vi offrono questi furgoni? Allora continuate a leggere e scoprite se il Renault Master \u00e8 adatto alle vostre esigenze.<\/p>\n<\/div><\/section>\n\n<style type=\"text\/css\" data-created_by=\"avia_inline_auto\" id=\"style-css-av-lujjddpd-afa3d7a9eabd61123e643ed1228e781e\">\n#top .hr.hr-invisible.av-lujjddpd-afa3d7a9eabd61123e643ed1228e781e{\nheight:50px;\n}\n<\/style>\n<div  class='hr av-lujjddpd-afa3d7a9eabd61123e643ed1228e781e hr-invisible  avia-builder-el-1  el_after_av_textblock  el_before_av_codeblock'><span class='hr-inner'><span class=\"hr-inner-style\"><\/span><\/span><\/div>\n\n\n<style type=\"text\/css\" data-created_by=\"avia_inline_auto\" id=\"style-css-av-ah0xd-63338d9dc6b40410e22a712829c369d6\">\n#top .hr.hr-invisible.av-ah0xd-63338d9dc6b40410e22a712829c369d6{\nheight:50px;\n}\n<\/style>\n<div  class='hr av-ah0xd-63338d9dc6b40410e22a712829c369d6 hr-invisible  avia-builder-el-3  el_after_av_codeblock  el_before_av_textblock'><span class='hr-inner'><span class=\"hr-inner-style\"><\/span><\/span><\/div>\n<section  class='av_textblock_section av-lu8gow1e-300853e458ed741bd87d6cb78e55cc7a'  itemscope=\"itemscope\" itemtype=\"https:\/\/schema.org\/CreativeWork\" ><div class='avia_textblock'  itemprop=\"text\" ><h2>Perch\u00e9 scegliere il Renault Master automatico?<\/h2>\n<p>Non avete voglia di cambiare marcia? \u00c8 comprensibile. Fortunatamente, il Renault Master \u00e8 disponibile anche in versione automatica! Ci\u00f2 significa una guida fluida e rilassata, senza dover armeggiare con la frizione e cambiare marcia ogni volta. L'ideale nel traffico cittadino o nei lunghi viaggi. E non dovrete preoccuparvi del carico utile o del peso rimorchiabile, che rimangono sostanzialmente invariati rispetto alla versione manuale. Inoltre, l'automatico \u00e8 perfetto per chi \u00e8 spesso in viaggio e desidera una guida spensierata. Niente pi\u00f9 gambe stanche dopo una lunga giornata di lavoro e niente pi\u00f9 problemi negli ingorghi stradali con cambi di marcia infiniti. Salite, premete sull'acceleratore e lasciate che sia l'automatico a fare il lavoro!<\/p>\n<\/div><\/section>\n<div class='flex_column av-f64w1-da126f42b61613402309283c14245a25 av_one_half  avia-builder-el-5  el_after_av_textblock  el_before_av_one_third  first flex_column_div column-top-margin'   ><section  class='av_textblock_section av-lu8gpqre-73cc2c17e6a6497ba6e1b58af22bd9e8'  itemscope=\"itemscope\" itemtype=\"https:\/\/schema.org\/CreativeWork\" ><div class='avia_textblock'  itemprop=\"text\" ><h2>Diverse versioni<\/h2>\n<p>Il Renault Master automatic \u00e8 disponibile in diverse versioni, per cui troverete sempre un modello adatto alle vostre attivit\u00e0. Scegliete un furgone chiuso con il massimo spazio di carico o preferite una doppia cabina con posti a sedere supplementari? Qualunque siano le vostre esigenze, c'\u00e8 sempre un Renault Master adatto alla vostra attivit\u00e0. Non trovate il vostro Renault Master automatico ideale nella nostra gamma? Chiedete a un <a href=\"https:\/\/www.vdhurk.nl\/it\/allarme-azionario\/\">stockalert<\/a> In.<\/p>\n<\/div><\/section><\/div><div class='flex_column av-aldk9-ee694297f5c4032981677a02caab84d6 av_one_third  avia-builder-el-7  el_after_av_one_half  el_before_av_hr  flex_column_div column-top-margin'   ><style type=\"text\/css\" data-created_by=\"avia_inline_auto\" id=\"style-css-av-l1w9kpsf-4ec3fab772ec7a9adaa33cfc64ff0475\">\n.avia-image-container.av-l1w9kpsf-4ec3fab772ec7a9adaa33cfc64ff0475 .av-image-caption-overlay-center{\ncolor:#ffffff;\n}\n<\/style>\n<div  class='avia-image-container av-l1w9kpsf-4ec3fab772ec7a9adaa33cfc64ff0475 av-styling- avia-align-center  avia-builder-el-8  avia-builder-el-no-sibling'  itemprop=\"image\" itemscope=\"itemscope\" itemtype=\"https:\/\/schema.org\/ImageObject\" ><div class=\"avia-image-container-inner\"><div class=\"avia-image-overlay-wrap\"><img decoding=\"async\" class='wp-image-187 avia-img-lazy-loading-not-187 avia_image' src=\"https:\/\/www.vdhurk.nl\/wp-content\/uploads\/2022\/03\/Voorrad.png\" alt='' title='Stock'  height=\"758\" width=\"1135\"  itemprop=\"thumbnailUrl\" srcset=\"https:\/\/www.vdhurk.nl\/wp-content\/uploads\/2022\/03\/Voorrad.png 1135w, https:\/\/www.vdhurk.nl\/wp-content\/uploads\/2022\/03\/Voorrad-300x200.png 300w, https:\/\/www.vdhurk.nl\/wp-content\/uploads\/2022\/03\/Voorrad-1030x688.png 1030w, https:\/\/www.vdhurk.nl\/wp-content\/uploads\/2022\/03\/Voorrad-768x513.png 768w, https:\/\/www.vdhurk.nl\/wp-content\/uploads\/2022\/03\/Voorrad-18x12.png 18w, https:\/\/www.vdhurk.nl\/wp-content\/uploads\/2022\/03\/Voorrad-705x471.png 705w\" sizes=\"(max-width: 1135px) 100vw, 1135px\" \/><\/div><\/div><\/div><\/div><\/p>\n\n<style type=\"text\/css\" data-created_by=\"avia_inline_auto\" id=\"style-css-av-luqrjpjc-5a23a1fb5f94718ca85316a9df963e2f\">\n#top .hr.hr-invisible.av-luqrjpjc-5a23a1fb5f94718ca85316a9df963e2f{\nheight:50px;\n}\n<\/style>\n<div  class='hr av-luqrjpjc-5a23a1fb5f94718ca85316a9df963e2f hr-invisible  avia-builder-el-9  el_after_av_one_third  el_before_av_textblock'><span class='hr-inner'><span class=\"hr-inner-style\"><\/span><\/span><\/div>\n<section  class='av_textblock_section av-lu8gtjw7-4f3cee9304909518d86d2860d9d582dd'  itemscope=\"itemscope\" itemtype=\"https:\/\/schema.org\/CreativeWork\" ><div class='avia_textblock'  itemprop=\"text\" ><h2>Quanto costa una Renault Master automatica?<\/h2>\n<p>Il prezzo di una Renault Master con cambio automatico dipende dal modello, dall'anno di produzione e dall'equipaggiamento. Dai modelli pratici alle varianti pi\u00f9 lussuose con comfort e tecnologia extra, c'\u00e8 sempre un'opzione adatta al vostro budget e alle vostre esigenze. Le trasmissioni automatiche tendono ad essere leggermente pi\u00f9 costose delle versioni manuali, ma in cambio si ottiene una maggiore comodit\u00e0 di guida.<\/p>\n<h2>Opzioni di acquisto<\/h2>\n<p>Siete di fronte alla scelta: acquisto o leasing? Entrambe le opzioni hanno i loro vantaggi. Se preferite pagare in un'unica soluzione, in modo da esserne subito proprietari, l'acquisto \u00e8 la soluzione pi\u00f9 rapida. Ma se preferite distribuire un po' il vostro budget, allora <a href=\"https:\/\/www.vdhurk.nl\/it\/locazione-finanziaria\/\">locazione finanziaria<\/a> un'opzione intelligente. Partite subito con il vostro Renault Master automatico e pagate in rate fisse e gestibili. Il bello \u00e8 che alla fine del contratto il furgone \u00e8 tutto vostro. Ecco come combinare flessibilit\u00e0 e pianificazione finanziaria intelligente.<\/p>\n<h2>Trovate l'auto aziendale perfetta<\/h2>\n<p>Siete convinti che il Renault Master automatico sia adatto alla vostra attivit\u00e0? Oppure avete ancora dei dubbi e desiderate ricevere ulteriori informazioni? Non c'\u00e8 problema. Saremo lieti di aiutarvi a fare la scelta giusta. Date un'occhiata alla nostra offerta attuale o contattateci.<\/p>\n<\/div><\/section>","protected":false},"excerpt":{"rendered":"","protected":false},"author":3,"featured_media":0,"parent":422128,"menu_order":0,"comment_status":"closed","ping_status":"closed","template":"","meta":{"_acf_changed":false,"_improvement_type_select":"improve_an_existing","_thumb_yes_seoaic":false,"_frame_yes_seoaic":false,"seoaic_generate_description":"","seoaic_improve_instructions_prompt":"","seoaic_rollback_content_improvement":"","seoaic_idea_thumbnail_generator":"","thumbnail_generated":false,"thumbnail_generate_prompt":"","seoaic_article_description":"","footnotes":""},"class_list":["post-454894","page","type-page","status-publish","hentry"],"acf":[],"yoast_head":"<!-- This site is optimized with the Yoast SEO plugin v27.2 - https:\/\/yoast.com\/product\/yoast-seo-wordpress\/ -->\n<title>De Renault Master automaat | Ideaal voor zakelijk gebruik<\/title>\n<meta name=\"description\" content=\"Met de Renault Master automaat rijd je moeiteloos en comfortabel. Ontdek en ervaar de vele voordelen van deze bedrijfswagen.\" \/>\n<meta name=\"robots\" content=\"index, follow, max-snippet:-1, max-image-preview:large, max-video-preview:-1\" \/>\n<link rel=\"canonical\" href=\"https:\/\/www.vdhurk.nl\/it\/veicoli-commerciali-renault\/maestro\/macchina\/\" \/>\n<meta property=\"og:locale\" content=\"it_IT\" \/>\n<meta property=\"og:type\" content=\"article\" \/>\n<meta property=\"og:title\" content=\"De Renault Master automaat | Ideaal voor zakelijk gebruik\" \/>\n<meta property=\"og:description\" content=\"Met de Renault Master automaat rijd je moeiteloos en comfortabel. Ontdek en ervaar de vele voordelen van deze bedrijfswagen.\" \/>\n<meta property=\"og:url\" content=\"https:\/\/www.vdhurk.nl\/it\/veicoli-commerciali-renault\/maestro\/macchina\/\" \/>\n<meta property=\"og:site_name\" content=\"Van den Hurk Bedrijfswagens\" \/>\n<meta name=\"twitter:card\" content=\"summary_large_image\" \/>\n<meta name=\"twitter:label1\" content=\"Tempo di lettura stimato\" \/>\n\t<meta name=\"twitter:data1\" content=\"4 minuti\" \/>\n<script type=\"application\/ld+json\" class=\"yoast-schema-graph\">{\"@context\":\"https:\/\/schema.org\",\"@graph\":[{\"@type\":\"WebPage\",\"@id\":\"https:\/\/www.vdhurk.nl\/renault-bedrijfswagens\/master\/automaat\/\",\"url\":\"https:\/\/www.vdhurk.nl\/renault-bedrijfswagens\/master\/automaat\/\",\"name\":\"De Renault Master automaat | Ideaal voor zakelijk gebruik\",\"isPartOf\":{\"@id\":\"https:\/\/www.vdhurk.nl\/#website\"},\"datePublished\":\"2025-02-28T14:59:33+00:00\",\"description\":\"Met de Renault Master automaat rijd je moeiteloos en comfortabel. Ontdek en ervaar de vele voordelen van deze bedrijfswagen.\",\"breadcrumb\":{\"@id\":\"https:\/\/www.vdhurk.nl\/renault-bedrijfswagens\/master\/automaat\/#breadcrumb\"},\"inLanguage\":\"it-IT\",\"potentialAction\":[{\"@type\":\"ReadAction\",\"target\":[\"https:\/\/www.vdhurk.nl\/renault-bedrijfswagens\/master\/automaat\/\"]}]},{\"@type\":\"BreadcrumbList\",\"@id\":\"https:\/\/www.vdhurk.nl\/renault-bedrijfswagens\/master\/automaat\/#breadcrumb\",\"itemListElement\":[{\"@type\":\"ListItem\",\"position\":1,\"name\":\"Home\",\"item\":\"https:\/\/www.vdhurk.nl\/home\/\"},{\"@type\":\"ListItem\",\"position\":2,\"name\":\"Renault Bedrijfswagens\",\"item\":\"https:\/\/www.vdhurk.nl\/renault-bedrijfswagens\/\"},{\"@type\":\"ListItem\",\"position\":3,\"name\":\"Renault Master\",\"item\":\"https:\/\/www.vdhurk.nl\/renault-bedrijfswagens\/master\/\"},{\"@type\":\"ListItem\",\"position\":4,\"name\":\"Renault Master Automaat\"}]},{\"@type\":\"WebSite\",\"@id\":\"https:\/\/www.vdhurk.nl\/#website\",\"url\":\"https:\/\/www.vdhurk.nl\/\",\"name\":\"Van den Hurk Bedrijfswagens\",\"description\":\"Van den Hurk bedrijfswagens Helmond\",\"potentialAction\":[{\"@type\":\"SearchAction\",\"target\":{\"@type\":\"EntryPoint\",\"urlTemplate\":\"https:\/\/www.vdhurk.nl\/?s={search_term_string}\"},\"query-input\":{\"@type\":\"PropertyValueSpecification\",\"valueRequired\":true,\"valueName\":\"search_term_string\"}}],\"inLanguage\":\"it-IT\"}]}<\/script>\n<!-- \/ Yoast SEO plugin. -->","yoast_head_json":{"title":"Il Renault Master automatico | Ideale per l'uso professionale","description":"Con il Renault Master automatico, la guida \u00e8 comoda e senza sforzo. Scoprite e sperimentate i numerosi vantaggi di questo veicolo commerciale.","robots":{"index":"index","follow":"follow","max-snippet":"max-snippet:-1","max-image-preview":"max-image-preview:large","max-video-preview":"max-video-preview:-1"},"canonical":"https:\/\/www.vdhurk.nl\/it\/veicoli-commerciali-renault\/maestro\/macchina\/","og_locale":"it_IT","og_type":"article","og_title":"De Renault Master automaat | Ideaal voor zakelijk gebruik","og_description":"Met de Renault Master automaat rijd je moeiteloos en comfortabel. Ontdek en ervaar de vele voordelen van deze bedrijfswagen.","og_url":"https:\/\/www.vdhurk.nl\/it\/veicoli-commerciali-renault\/maestro\/macchina\/","og_site_name":"Van den Hurk Bedrijfswagens","twitter_card":"summary_large_image","twitter_misc":{"Tempo di lettura stimato":"4 minuti"},"schema":{"@context":"https:\/\/schema.org","@graph":[{"@type":"WebPage","@id":"https:\/\/www.vdhurk.nl\/renault-bedrijfswagens\/master\/automaat\/","url":"https:\/\/www.vdhurk.nl\/renault-bedrijfswagens\/master\/automaat\/","name":"Il Renault Master automatico | Ideale per l'uso professionale","isPartOf":{"@id":"https:\/\/www.vdhurk.nl\/#website"},"datePublished":"2025-02-28T14:59:33+00:00","description":"Con il Renault Master automatico, la guida \u00e8 comoda e senza sforzo. Scoprite e sperimentate i numerosi vantaggi di questo veicolo commerciale.","breadcrumb":{"@id":"https:\/\/www.vdhurk.nl\/renault-bedrijfswagens\/master\/automaat\/#breadcrumb"},"inLanguage":"it-IT","potentialAction":[{"@type":"ReadAction","target":["https:\/\/www.vdhurk.nl\/renault-bedrijfswagens\/master\/automaat\/"]}]},{"@type":"BreadcrumbList","@id":"https:\/\/www.vdhurk.nl\/renault-bedrijfswagens\/master\/automaat\/#breadcrumb","itemListElement":[{"@type":"ListItem","position":1,"name":"Home","item":"https:\/\/www.vdhurk.nl\/home\/"},{"@type":"ListItem","position":2,"name":"Renault Bedrijfswagens","item":"https:\/\/www.vdhurk.nl\/renault-bedrijfswagens\/"},{"@type":"ListItem","position":3,"name":"Renault Master","item":"https:\/\/www.vdhurk.nl\/renault-bedrijfswagens\/master\/"},{"@type":"ListItem","position":4,"name":"Renault Master Automaat"}]},{"@type":"WebSite","@id":"https:\/\/www.vdhurk.nl\/#website","url":"https:\/\/www.vdhurk.nl\/","name":"Veicoli commerciali Van den Hurk","description":"Van den Hurk veicoli commerciali Helmond","potentialAction":[{"@type":"SearchAction","target":{"@type":"EntryPoint","urlTemplate":"https:\/\/www.vdhurk.nl\/?s={search_term_string}"},"query-input":{"@type":"PropertyValueSpecification","valueRequired":true,"valueName":"search_term_string"}}],"inLanguage":"it-IT"}]}},"_links":{"self":[{"href":"https:\/\/www.vdhurk.nl\/it\/wp-json\/wp\/v2\/pages\/454894","targetHints":{"allow":["GET"]}}],"collection":[{"href":"https:\/\/www.vdhurk.nl\/it\/wp-json\/wp\/v2\/pages"}],"about":[{"href":"https:\/\/www.vdhurk.nl\/it\/wp-json\/wp\/v2\/types\/page"}],"author":[{"embeddable":true,"href":"https:\/\/www.vdhurk.nl\/it\/wp-json\/wp\/v2\/users\/3"}],"replies":[{"embeddable":true,"href":"https:\/\/www.vdhurk.nl\/it\/wp-json\/wp\/v2\/comments?post=454894"}],"version-history":[{"count":2,"href":"https:\/\/www.vdhurk.nl\/it\/wp-json\/wp\/v2\/pages\/454894\/revisions"}],"predecessor-version":[{"id":454896,"href":"https:\/\/www.vdhurk.nl\/it\/wp-json\/wp\/v2\/pages\/454894\/revisions\/454896"}],"up":[{"embeddable":true,"href":"https:\/\/www.vdhurk.nl\/it\/wp-json\/wp\/v2\/pages\/422128"}],"wp:attachment":[{"href":"https:\/\/www.vdhurk.nl\/it\/wp-json\/wp\/v2\/media?parent=454894"}],"curies":[{"name":"wp","href":"https:\/\/api.w.org\/{rel}","templated":true}]}}