{"id":454891,"date":"2025-02-28T15:35:12","date_gmt":"2025-02-28T14:35:12","guid":{"rendered":"https:\/\/www.vdhurk.nl\/?page_id=454891"},"modified":"2025-02-28T15:35:12","modified_gmt":"2025-02-28T14:35:12","slug":"macchina","status":"publish","type":"page","link":"https:\/\/www.vdhurk.nl\/it\/renault-bedrijfswagens\/kangoo\/automaat\/","title":{"rendered":"Renault Kangoo Automatico"},"content":{"rendered":"<section  class='av_textblock_section av-lu8gnh7d-4ac895489941e586c1d7c8cb72318135'  itemscope=\"itemscope\" itemtype=\"https:\/\/schema.org\/CreativeWork\" ><div class='avia_textblock'  itemprop=\"text\" ><h1>Sceglierete la Renault Kangoo automatica?<\/h1>\n<p>Siete alla ricerca di un nuovo veicolo commerciale senza la fatica di cambiare marcia? Allora il Renault Kangoo automatico \u00e8 una scelta intelligente! Versatile e popolare tra gli imprenditori grazie alle varie versioni e opzioni che potete adattare alle vostre esigenze. Siete curiosi di conoscere le possibilit\u00e0? Scoprite tutto su questo veicolo!<\/p>\n<\/div><\/section>\n\n<style type=\"text\/css\" data-created_by=\"avia_inline_auto\" id=\"style-css-av-lujjddpd-afa3d7a9eabd61123e643ed1228e781e\">\n#top .hr.hr-invisible.av-lujjddpd-afa3d7a9eabd61123e643ed1228e781e{\nheight:50px;\n}\n<\/style>\n<div  class='hr av-lujjddpd-afa3d7a9eabd61123e643ed1228e781e hr-invisible  avia-builder-el-1  el_after_av_textblock  el_before_av_codeblock'><span class='hr-inner'><span class=\"hr-inner-style\"><\/span><\/span><\/div>\n\n\n<style type=\"text\/css\" data-created_by=\"avia_inline_auto\" id=\"style-css-av-ah0xd-63338d9dc6b40410e22a712829c369d6\">\n#top .hr.hr-invisible.av-ah0xd-63338d9dc6b40410e22a712829c369d6{\nheight:50px;\n}\n<\/style>\n<div  class='hr av-ah0xd-63338d9dc6b40410e22a712829c369d6 hr-invisible  avia-builder-el-3  el_after_av_codeblock  el_before_av_textblock'><span class='hr-inner'><span class=\"hr-inner-style\"><\/span><\/span><\/div>\n<section  class='av_textblock_section av-lu8gow1e-300853e458ed741bd87d6cb78e55cc7a'  itemscope=\"itemscope\" itemtype=\"https:\/\/schema.org\/CreativeWork\" ><div class='avia_textblock'  itemprop=\"text\" ><h2>Scoprite i vantaggi di un sistema automatico<\/h2>\n<p>Sempre pi\u00f9 imprenditori scelgono un veicolo commerciale con cambio automatico, e per una buona ragione. Il cambio automatico offre numerosi vantaggi che si adattano perfettamente agli imprenditori. Per esempio, un cambio automatico non solo rende la guida pi\u00f9 facile, ma anche pi\u00f9 confortevole, perch\u00e9 non \u00e8 pi\u00f9 necessario cambiare marcia. Questo \u00e8 particolarmente ideale nel traffico cittadino o negli ingorghi. Inoltre, \u00e8 possibile concentrarsi completamente sulla strada, senza il rischio di stallo come con un'auto manuale. In breve, un'auto automatica \u00e8 una scelta intelligente per un piacere di guida efficiente e senza sforzo.<\/p>\n<\/div><\/section>\n<div class='flex_column av-f64w1-da126f42b61613402309283c14245a25 av_one_half  avia-builder-el-5  el_after_av_textblock  el_before_av_one_third  first flex_column_div column-top-margin'   ><section  class='av_textblock_section av-lu8gpqre-73cc2c17e6a6497ba6e1b58af22bd9e8'  itemscope=\"itemscope\" itemtype=\"https:\/\/schema.org\/CreativeWork\" ><div class='avia_textblock'  itemprop=\"text\" ><h2>Tutto ci\u00f2 che serve a portata di mano<\/h2>\n<p>Il Renault Kangoo automatico \u00e8 stato progettato per gli utenti business che desiderano viaggiare senza sforzo e in modo efficiente. Grazie all'ampia capacit\u00e0 di carico e alla disposizione intelligente, \u00e8 possibile sfruttare al massimo lo spazio. Inoltre, il Kangoo offre moderni sistemi di assistenza alla guida che vi permetteranno di affrontare ogni giornata lavorativa con facilit\u00e0. Scegliete un veicolo commerciale affidabile che faciliti il vostro lavoro. Scoprite oggi stesso il vostro Renault Kangoo automatico ideale!<\/p>\n<\/div><\/section><\/div><div class='flex_column av-aldk9-ee694297f5c4032981677a02caab84d6 av_one_third  avia-builder-el-7  el_after_av_one_half  el_before_av_hr  flex_column_div column-top-margin'   ><style type=\"text\/css\" data-created_by=\"avia_inline_auto\" id=\"style-css-av-l1w9kpsf-4ec3fab772ec7a9adaa33cfc64ff0475\">\n.avia-image-container.av-l1w9kpsf-4ec3fab772ec7a9adaa33cfc64ff0475 .av-image-caption-overlay-center{\ncolor:#ffffff;\n}\n<\/style>\n<div  class='avia-image-container av-l1w9kpsf-4ec3fab772ec7a9adaa33cfc64ff0475 av-styling- avia-align-center  avia-builder-el-8  avia-builder-el-no-sibling'  itemprop=\"image\" itemscope=\"itemscope\" itemtype=\"https:\/\/schema.org\/ImageObject\" ><div class=\"avia-image-container-inner\"><div class=\"avia-image-overlay-wrap\"><img decoding=\"async\" class='wp-image-187 avia-img-lazy-loading-not-187 avia_image' src=\"https:\/\/www.vdhurk.nl\/wp-content\/uploads\/2022\/03\/Voorrad.png\" alt='' title='Stock'  height=\"758\" width=\"1135\"  itemprop=\"thumbnailUrl\" srcset=\"https:\/\/www.vdhurk.nl\/wp-content\/uploads\/2022\/03\/Voorrad.png 1135w, https:\/\/www.vdhurk.nl\/wp-content\/uploads\/2022\/03\/Voorrad-300x200.png 300w, https:\/\/www.vdhurk.nl\/wp-content\/uploads\/2022\/03\/Voorrad-1030x688.png 1030w, https:\/\/www.vdhurk.nl\/wp-content\/uploads\/2022\/03\/Voorrad-768x513.png 768w, https:\/\/www.vdhurk.nl\/wp-content\/uploads\/2022\/03\/Voorrad-18x12.png 18w, https:\/\/www.vdhurk.nl\/wp-content\/uploads\/2022\/03\/Voorrad-705x471.png 705w\" sizes=\"(max-width: 1135px) 100vw, 1135px\" \/><\/div><\/div><\/div><\/div><\/p>\n\n<style type=\"text\/css\" data-created_by=\"avia_inline_auto\" id=\"style-css-av-luqrjpjc-5a23a1fb5f94718ca85316a9df963e2f\">\n#top .hr.hr-invisible.av-luqrjpjc-5a23a1fb5f94718ca85316a9df963e2f{\nheight:50px;\n}\n<\/style>\n<div  class='hr av-luqrjpjc-5a23a1fb5f94718ca85316a9df963e2f hr-invisible  avia-builder-el-9  el_after_av_one_third  el_before_av_textblock'><span class='hr-inner'><span class=\"hr-inner-style\"><\/span><\/span><\/div>\n<section  class='av_textblock_section av-lu8gtjw7-4f3cee9304909518d86d2860d9d582dd'  itemscope=\"itemscope\" itemtype=\"https:\/\/schema.org\/CreativeWork\" ><div class='avia_textblock'  itemprop=\"text\" ><h2>A quali costi bisogna pensare con una Renault Kangoo?<\/h2>\n<p>Siete curiosi di conoscere il prezzo di una Renault Kangoo automatica? Dipende dall'allestimento, dagli optional e dal motore scelto. Sia che si scelga un modello nuovo di zecca o un usato affidabile, c'\u00e8 sempre una Kangoo che si adatta al vostro budget. Volete sapere quali sono le opzioni disponibili? Date un'occhiata alla gamma e scoprite quale auto aziendale si adatta perfettamente alla vostra attivit\u00e0!<\/p>\n<h2>Il leasing finanziario fa per voi?<\/h2>\n<p>Volete acquistare una Renault Kangoo? Da Van den Hurk, siete voi a decidere come pagare. Volete pagare in un'unica soluzione e diventare subito proprietari? Nessun problema! Ma sapevate che potete anche optare per <a href=\"https:\/\/www.vdhurk.nl\/it\/locazione-finanziaria\/\">locazione finanziaria<\/a>? Questo vi permette di partire subito con la vostra auto aziendale, pagando rate mensili fisse. In questo modo combinate la comodit\u00e0 di un nuovo veicolo aziendale con la flessibilit\u00e0 finanziaria.<\/p>\n<h2>Tenete d'occhio la nostra offerta attuale<\/h2>\n<p>State cercando di acquistare una Renault Kangoo automatica? O avete bisogno di ulteriori informazioni prima di prendere una decisione? Saremo lieti di aiutarvi a fare la scelta giusta. Consultate la nostra offerta attuale o contattateci.<\/p>\n<\/div><\/section>","protected":false},"excerpt":{"rendered":"","protected":false},"author":3,"featured_media":0,"parent":409559,"menu_order":0,"comment_status":"closed","ping_status":"closed","template":"","meta":{"_acf_changed":false,"_improvement_type_select":"improve_an_existing","_thumb_yes_seoaic":false,"_frame_yes_seoaic":false,"seoaic_generate_description":"","seoaic_improve_instructions_prompt":"","seoaic_rollback_content_improvement":"","seoaic_idea_thumbnail_generator":"","thumbnail_generated":false,"thumbnail_generate_prompt":"","seoaic_article_description":"","footnotes":""},"class_list":["post-454891","page","type-page","status-publish","hentry"],"acf":[],"yoast_head":"<!-- This site is optimized with the Yoast SEO plugin v27.5 - https:\/\/yoast.com\/product\/yoast-seo-wordpress\/ -->\n<title>Ontdek de voordelen van de Renault Kangoo automaat<\/title>\n<meta name=\"description\" content=\"Op zoek naar een Renault Kangoo automaat? Ontdek de verschillende varianten en vind de bedrijfswagen die perfect bij jouw onderneming past.\" \/>\n<meta name=\"robots\" content=\"index, follow, max-snippet:-1, max-image-preview:large, max-video-preview:-1\" \/>\n<link rel=\"canonical\" href=\"https:\/\/www.vdhurk.nl\/it\/veicoli-commerciali-renault\/mercedes-10\/macchina\/\" \/>\n<meta property=\"og:locale\" content=\"it_IT\" \/>\n<meta property=\"og:type\" content=\"article\" \/>\n<meta property=\"og:title\" content=\"Ontdek de voordelen van de Renault Kangoo automaat\" \/>\n<meta property=\"og:description\" content=\"Op zoek naar een Renault Kangoo automaat? Ontdek de verschillende varianten en vind de bedrijfswagen die perfect bij jouw onderneming past.\" \/>\n<meta property=\"og:url\" content=\"https:\/\/www.vdhurk.nl\/it\/veicoli-commerciali-renault\/mercedes-10\/macchina\/\" \/>\n<meta property=\"og:site_name\" content=\"Van den Hurk Bedrijfswagens\" \/>\n<meta name=\"twitter:card\" content=\"summary_large_image\" \/>\n<meta name=\"twitter:label1\" content=\"Tempo di lettura stimato\" \/>\n\t<meta name=\"twitter:data1\" content=\"4 minuti\" \/>\n<script type=\"application\/ld+json\" class=\"yoast-schema-graph\">{\"@context\":\"https:\\\/\\\/schema.org\",\"@graph\":[{\"@type\":\"WebPage\",\"@id\":\"https:\\\/\\\/www.vdhurk.nl\\\/renault-bedrijfswagens\\\/kangoo\\\/automaat\\\/\",\"url\":\"https:\\\/\\\/www.vdhurk.nl\\\/renault-bedrijfswagens\\\/kangoo\\\/automaat\\\/\",\"name\":\"Ontdek de voordelen van de Renault Kangoo automaat\",\"isPartOf\":{\"@id\":\"https:\\\/\\\/www.vdhurk.nl\\\/#website\"},\"datePublished\":\"2025-02-28T14:35:12+00:00\",\"description\":\"Op zoek naar een Renault Kangoo automaat? Ontdek de verschillende varianten en vind de bedrijfswagen die perfect bij jouw onderneming past.\",\"breadcrumb\":{\"@id\":\"https:\\\/\\\/www.vdhurk.nl\\\/renault-bedrijfswagens\\\/kangoo\\\/automaat\\\/#breadcrumb\"},\"inLanguage\":\"it-IT\",\"potentialAction\":[{\"@type\":\"ReadAction\",\"target\":[\"https:\\\/\\\/www.vdhurk.nl\\\/renault-bedrijfswagens\\\/kangoo\\\/automaat\\\/\"]}]},{\"@type\":\"BreadcrumbList\",\"@id\":\"https:\\\/\\\/www.vdhurk.nl\\\/renault-bedrijfswagens\\\/kangoo\\\/automaat\\\/#breadcrumb\",\"itemListElement\":[{\"@type\":\"ListItem\",\"position\":1,\"name\":\"Home\",\"item\":\"https:\\\/\\\/www.vdhurk.nl\\\/home\\\/\"},{\"@type\":\"ListItem\",\"position\":2,\"name\":\"Renault Bedrijfswagens\",\"item\":\"https:\\\/\\\/www.vdhurk.nl\\\/renault-bedrijfswagens\\\/\"},{\"@type\":\"ListItem\",\"position\":3,\"name\":\"Renault Kangoo\",\"item\":\"https:\\\/\\\/www.vdhurk.nl\\\/renault-bedrijfswagens\\\/kangoo\\\/\"},{\"@type\":\"ListItem\",\"position\":4,\"name\":\"Renault Kangoo Automaat\"}]},{\"@type\":\"WebSite\",\"@id\":\"https:\\\/\\\/www.vdhurk.nl\\\/#website\",\"url\":\"https:\\\/\\\/www.vdhurk.nl\\\/\",\"name\":\"Van den Hurk Bedrijfswagens\",\"description\":\"Van den Hurk bedrijfswagens Helmond\",\"potentialAction\":[{\"@type\":\"SearchAction\",\"target\":{\"@type\":\"EntryPoint\",\"urlTemplate\":\"https:\\\/\\\/www.vdhurk.nl\\\/?s={search_term_string}\"},\"query-input\":{\"@type\":\"PropertyValueSpecification\",\"valueRequired\":true,\"valueName\":\"search_term_string\"}}],\"inLanguage\":\"it-IT\"}]}<\/script>\n<!-- \/ Yoast SEO plugin. -->","yoast_head_json":{"title":"Scoprite i vantaggi del cambio automatico di Renault Kangoo","description":"Cercate un Renault Kangoo automatico? Esplorate le diverse varianti e trovate il veicolo commerciale che si adatta perfettamente alla vostra attivit\u00e0.","robots":{"index":"index","follow":"follow","max-snippet":"max-snippet:-1","max-image-preview":"max-image-preview:large","max-video-preview":"max-video-preview:-1"},"canonical":"https:\/\/www.vdhurk.nl\/it\/veicoli-commerciali-renault\/mercedes-10\/macchina\/","og_locale":"it_IT","og_type":"article","og_title":"Ontdek de voordelen van de Renault Kangoo automaat","og_description":"Op zoek naar een Renault Kangoo automaat? Ontdek de verschillende varianten en vind de bedrijfswagen die perfect bij jouw onderneming past.","og_url":"https:\/\/www.vdhurk.nl\/it\/veicoli-commerciali-renault\/mercedes-10\/macchina\/","og_site_name":"Van den Hurk Bedrijfswagens","twitter_card":"summary_large_image","twitter_misc":{"Tempo di lettura stimato":"4 minuti"},"schema":{"@context":"https:\/\/schema.org","@graph":[{"@type":"WebPage","@id":"https:\/\/www.vdhurk.nl\/renault-bedrijfswagens\/kangoo\/automaat\/","url":"https:\/\/www.vdhurk.nl\/renault-bedrijfswagens\/kangoo\/automaat\/","name":"Scoprite i vantaggi del cambio automatico di Renault Kangoo","isPartOf":{"@id":"https:\/\/www.vdhurk.nl\/#website"},"datePublished":"2025-02-28T14:35:12+00:00","description":"Cercate un Renault Kangoo automatico? Esplorate le diverse varianti e trovate il veicolo commerciale che si adatta perfettamente alla vostra attivit\u00e0.","breadcrumb":{"@id":"https:\/\/www.vdhurk.nl\/renault-bedrijfswagens\/kangoo\/automaat\/#breadcrumb"},"inLanguage":"it-IT","potentialAction":[{"@type":"ReadAction","target":["https:\/\/www.vdhurk.nl\/renault-bedrijfswagens\/kangoo\/automaat\/"]}]},{"@type":"BreadcrumbList","@id":"https:\/\/www.vdhurk.nl\/renault-bedrijfswagens\/kangoo\/automaat\/#breadcrumb","itemListElement":[{"@type":"ListItem","position":1,"name":"Home","item":"https:\/\/www.vdhurk.nl\/home\/"},{"@type":"ListItem","position":2,"name":"Renault Bedrijfswagens","item":"https:\/\/www.vdhurk.nl\/renault-bedrijfswagens\/"},{"@type":"ListItem","position":3,"name":"Renault Kangoo","item":"https:\/\/www.vdhurk.nl\/renault-bedrijfswagens\/kangoo\/"},{"@type":"ListItem","position":4,"name":"Renault Kangoo Automaat"}]},{"@type":"WebSite","@id":"https:\/\/www.vdhurk.nl\/#website","url":"https:\/\/www.vdhurk.nl\/","name":"Veicoli commerciali Van den Hurk","description":"Van den Hurk veicoli commerciali Helmond","potentialAction":[{"@type":"SearchAction","target":{"@type":"EntryPoint","urlTemplate":"https:\/\/www.vdhurk.nl\/?s={search_term_string}"},"query-input":{"@type":"PropertyValueSpecification","valueRequired":true,"valueName":"search_term_string"}}],"inLanguage":"it-IT"}]}},"_links":{"self":[{"href":"https:\/\/www.vdhurk.nl\/it\/wp-json\/wp\/v2\/pages\/454891","targetHints":{"allow":["GET"]}}],"collection":[{"href":"https:\/\/www.vdhurk.nl\/it\/wp-json\/wp\/v2\/pages"}],"about":[{"href":"https:\/\/www.vdhurk.nl\/it\/wp-json\/wp\/v2\/types\/page"}],"author":[{"embeddable":true,"href":"https:\/\/www.vdhurk.nl\/it\/wp-json\/wp\/v2\/users\/3"}],"replies":[{"embeddable":true,"href":"https:\/\/www.vdhurk.nl\/it\/wp-json\/wp\/v2\/comments?post=454891"}],"version-history":[{"count":2,"href":"https:\/\/www.vdhurk.nl\/it\/wp-json\/wp\/v2\/pages\/454891\/revisions"}],"predecessor-version":[{"id":454893,"href":"https:\/\/www.vdhurk.nl\/it\/wp-json\/wp\/v2\/pages\/454891\/revisions\/454893"}],"up":[{"embeddable":true,"href":"https:\/\/www.vdhurk.nl\/it\/wp-json\/wp\/v2\/pages\/409559"}],"wp:attachment":[{"href":"https:\/\/www.vdhurk.nl\/it\/wp-json\/wp\/v2\/media?parent=454891"}],"curies":[{"name":"wp","href":"https:\/\/api.w.org\/{rel}","templated":true}]}}