{"id":454888,"date":"2025-02-28T15:27:04","date_gmt":"2025-02-28T14:27:04","guid":{"rendered":"https:\/\/www.vdhurk.nl\/?page_id=454888"},"modified":"2025-02-28T15:58:18","modified_gmt":"2025-02-28T14:58:18","slug":"macchina","status":"publish","type":"page","link":"https:\/\/www.vdhurk.nl\/it\/opel-bedrijfswagens\/vivaro\/automaat\/","title":{"rendered":"Opel Vivaro Automatico"},"content":{"rendered":"<section  class='av_textblock_section av-lu8gnh7d-4ac895489941e586c1d7c8cb72318135'  itemscope=\"itemscope\" itemtype=\"https:\/\/schema.org\/CreativeWork\" ><div class='avia_textblock'  itemprop=\"text\" ><h1>Cercate un Opel Vivaro automatico?<\/h1>\n<p>Avete bisogno di una nuova auto aziendale e volete guidare senza cambiare marcia? L'Opel Vivaro automatico \u00e8 la soluzione per la vostra azienda. Affidabile, versatile e molto apprezzato dagli imprenditori. Scoprite perch\u00e9 questo modello si adatta perfettamente alle vostre esigenze aziendali!<\/p>\n<\/div><\/section>\n\n<style type=\"text\/css\" data-created_by=\"avia_inline_auto\" id=\"style-css-av-lujjddpd-afa3d7a9eabd61123e643ed1228e781e\">\n#top .hr.hr-invisible.av-lujjddpd-afa3d7a9eabd61123e643ed1228e781e{\nheight:50px;\n}\n<\/style>\n<div  class='hr av-lujjddpd-afa3d7a9eabd61123e643ed1228e781e hr-invisible  avia-builder-el-1  el_after_av_textblock  el_before_av_codeblock'><span class='hr-inner'><span class=\"hr-inner-style\"><\/span><\/span><\/div>\n\n\n<style type=\"text\/css\" data-created_by=\"avia_inline_auto\" id=\"style-css-av-ah0xd-63338d9dc6b40410e22a712829c369d6\">\n#top .hr.hr-invisible.av-ah0xd-63338d9dc6b40410e22a712829c369d6{\nheight:50px;\n}\n<\/style>\n<div  class='hr av-ah0xd-63338d9dc6b40410e22a712829c369d6 hr-invisible  avia-builder-el-3  el_after_av_codeblock  el_before_av_textblock'><span class='hr-inner'><span class=\"hr-inner-style\"><\/span><\/span><\/div>\n<section  class='av_textblock_section av-lu8gow1e-300853e458ed741bd87d6cb78e55cc7a'  itemscope=\"itemscope\" itemtype=\"https:\/\/schema.org\/CreativeWork\" ><div class='avia_textblock'  itemprop=\"text\" ><h2>Perch\u00e9 scegliere l'Opel Vivaro automatico?<\/h2>\n<p>L'Opel Vivaro automatico \u00e8 il veicolo commerciale ideale per chi vuole essere comodo ed efficiente sulla strada. Questo furgone di medie dimensioni combina spazio, facilit\u00e0 di guida e affidabilit\u00e0, rendendolo perfetto per le vostre esigenze aziendali. Se percorrete molti chilometri al giorno o trasportate regolarmente carichi pesanti, il Vivaro automatic si adatta senza problemi. Un grande vantaggio \u00e8 il suo design facile da usare. Le porte posteriori ad apertura extra-large rendono le operazioni di carico e scarico un gioco da ragazzi. All'interno troverete un abitacolo pratico e robusto, progettato per affrontare un uso intensivo. Grazie ai materiali robusti, questo furgone \u00e8 una scelta durevole, che vi permetter\u00e0 di andare da A a B senza problemi.<\/p>\n<\/div><\/section>\n<div class='flex_column av-f64w1-da126f42b61613402309283c14245a25 av_one_half  avia-builder-el-5  el_after_av_textblock  el_before_av_one_third  first flex_column_div column-top-margin'   ><section  class='av_textblock_section av-lu8gpqre-73cc2c17e6a6497ba6e1b58af22bd9e8'  itemscope=\"itemscope\" itemtype=\"https:\/\/schema.org\/CreativeWork\" ><div class='avia_textblock'  itemprop=\"text\" ><h2>I vantaggi di un sistema automatico<\/h2>\n<p>Sempre pi\u00f9 imprenditori scelgono un'auto aziendale con cambio automatico, e per una buona ragione. Un cambio automatico rende la guida molto pi\u00f9 comoda e semplice, soprattutto se si \u00e8 spesso in viaggio. Non dovrete pi\u00f9 preoccuparvi di cambiare le marce nel traffico cittadino o di stringere all'infinito negli ingorghi. Potrete concentrarvi completamente sulla strada. L'automatico offre una maggiore comodit\u00e0 e piacere di guida, rendendolo una scelta intelligente per qualsiasi impresa.<\/p>\n<\/div><\/section><\/div><div class='flex_column av-aldk9-ee694297f5c4032981677a02caab84d6 av_one_third  avia-builder-el-7  el_after_av_one_half  el_before_av_hr  flex_column_div column-top-margin'   ><style type=\"text\/css\" data-created_by=\"avia_inline_auto\" id=\"style-css-av-l1w9kpsf-4ec3fab772ec7a9adaa33cfc64ff0475\">\n.avia-image-container.av-l1w9kpsf-4ec3fab772ec7a9adaa33cfc64ff0475 .av-image-caption-overlay-center{\ncolor:#ffffff;\n}\n<\/style>\n<div  class='avia-image-container av-l1w9kpsf-4ec3fab772ec7a9adaa33cfc64ff0475 av-styling- avia-align-center  avia-builder-el-8  avia-builder-el-no-sibling'  itemprop=\"image\" itemscope=\"itemscope\" itemtype=\"https:\/\/schema.org\/ImageObject\" ><div class=\"avia-image-container-inner\"><div class=\"avia-image-overlay-wrap\"><img decoding=\"async\" class='wp-image-187 avia-img-lazy-loading-not-187 avia_image' src=\"https:\/\/www.vdhurk.nl\/wp-content\/uploads\/2022\/03\/Voorrad.png\" alt='' title='Stock'  height=\"758\" width=\"1135\"  itemprop=\"thumbnailUrl\" srcset=\"https:\/\/www.vdhurk.nl\/wp-content\/uploads\/2022\/03\/Voorrad.png 1135w, https:\/\/www.vdhurk.nl\/wp-content\/uploads\/2022\/03\/Voorrad-300x200.png 300w, https:\/\/www.vdhurk.nl\/wp-content\/uploads\/2022\/03\/Voorrad-1030x688.png 1030w, https:\/\/www.vdhurk.nl\/wp-content\/uploads\/2022\/03\/Voorrad-768x513.png 768w, https:\/\/www.vdhurk.nl\/wp-content\/uploads\/2022\/03\/Voorrad-18x12.png 18w, https:\/\/www.vdhurk.nl\/wp-content\/uploads\/2022\/03\/Voorrad-705x471.png 705w\" sizes=\"(max-width: 1135px) 100vw, 1135px\" \/><\/div><\/div><\/div><\/div><\/p>\n\n<style type=\"text\/css\" data-created_by=\"avia_inline_auto\" id=\"style-css-av-luqrjpjc-5a23a1fb5f94718ca85316a9df963e2f\">\n#top .hr.hr-invisible.av-luqrjpjc-5a23a1fb5f94718ca85316a9df963e2f{\nheight:50px;\n}\n<\/style>\n<div  class='hr av-luqrjpjc-5a23a1fb5f94718ca85316a9df963e2f hr-invisible  avia-builder-el-9  el_after_av_one_third  el_before_av_textblock'><span class='hr-inner'><span class=\"hr-inner-style\"><\/span><\/span><\/div>\n<section  class='av_textblock_section av-lu8gtjw7-4f3cee9304909518d86d2860d9d582dd'  itemscope=\"itemscope\" itemtype=\"https:\/\/schema.org\/CreativeWork\" ><div class='avia_textblock'  itemprop=\"text\" ><h2>Il costo di un Opel Vivaro automatico?<\/h2>\n<p>Il prezzo di un Opel Vivaro automatico dipende da ci\u00f2 che state cercando. Nella nostra offerta troverete diverse varianti, dalle semplici versioni base ai modelli completamente equipaggiati. La nostra gamma cambia costantemente, rendendo difficile dare un'indicazione di prezzo. C'\u00e8 sempre una versione che si adatta al vostro budget.<\/p>\n<h2>Acquistare o noleggiare Opel Vivaro<\/h2>\n<p>Sapevate che con noi avete diverse opzioni di pagamento? Potete scegliere di acquistare un veicolo commerciale o di prenderlo in leasing. Con <a href=\"https:\/\/www.vdhurk.nl\/it\/locazione-finanziaria\/\">locazione finanziaria<\/a> pagate un importo fisso al mese, in modo da non dover investire una somma elevata in una sola volta. Durante il periodo di leasing, diventate gradualmente proprietari del veicolo. Il contratto \u00e8 terminato? Allora siete proprietari a tutti gli effetti!<\/p>\n<h2>Trova il tuo Opel Vivaro perfetto<\/h2>\n<p>Siete convinti che Opel Vivaro automatico sia l'auto aziendale perfetta per voi? O avete ancora bisogno di qualche informazione aggiuntiva? Saremo lieti di fornirvi ulteriori informazioni su questo modello, in modo che possiate sempre fare la scelta giusta. <a href=\"https:\/\/www.vdhurk.nl\/it\/contatto\/\">Contattateci<\/a> per maggiori informazioni o per tenere d'occhio la nostra offerta attuale.<\/p>\n<\/div><\/section>","protected":false},"excerpt":{"rendered":"","protected":false},"author":3,"featured_media":0,"parent":422100,"menu_order":0,"comment_status":"closed","ping_status":"closed","template":"","meta":{"_acf_changed":false,"_improvement_type_select":"improve_an_existing","_thumb_yes_seoaic":false,"_frame_yes_seoaic":false,"seoaic_generate_description":"","seoaic_improve_instructions_prompt":"","seoaic_rollback_content_improvement":"","seoaic_idea_thumbnail_generator":"","thumbnail_generated":false,"thumbnail_generate_prompt":"","seoaic_article_description":"","footnotes":""},"class_list":["post-454888","page","type-page","status-publish","hentry"],"acf":[],"yoast_head":"<!-- This site is optimized with the Yoast SEO plugin v27.5 - https:\/\/yoast.com\/product\/yoast-seo-wordpress\/ -->\n<title>Op zoek naar een Opel Vivaro automaat? Bekijk het aanbod!<\/title>\n<meta name=\"description\" content=\"Overweeg je een Opel Vivaro automaat? Ontdek de specificaties en voordelen van dit model en bepaal of dit bij jouw onderneming past.\" \/>\n<meta name=\"robots\" content=\"index, follow, max-snippet:-1, max-image-preview:large, max-video-preview:-1\" \/>\n<link rel=\"canonical\" href=\"https:\/\/www.vdhurk.nl\/it\/veicoli-commerciali-vauxhall\/vivaro\/macchina\/\" \/>\n<meta property=\"og:locale\" content=\"it_IT\" \/>\n<meta property=\"og:type\" content=\"article\" \/>\n<meta property=\"og:title\" content=\"Op zoek naar een Opel Vivaro automaat? Bekijk het aanbod!\" \/>\n<meta property=\"og:description\" content=\"Overweeg je een Opel Vivaro automaat? Ontdek de specificaties en voordelen van dit model en bepaal of dit bij jouw onderneming past.\" \/>\n<meta property=\"og:url\" content=\"https:\/\/www.vdhurk.nl\/it\/veicoli-commerciali-vauxhall\/vivaro\/macchina\/\" \/>\n<meta property=\"og:site_name\" content=\"Van den Hurk Bedrijfswagens\" \/>\n<meta property=\"article:modified_time\" content=\"2025-02-28T14:58:18+00:00\" \/>\n<meta name=\"twitter:card\" content=\"summary_large_image\" \/>\n<meta name=\"twitter:label1\" content=\"Tempo di lettura stimato\" \/>\n\t<meta name=\"twitter:data1\" content=\"4 minuti\" \/>\n<script type=\"application\/ld+json\" class=\"yoast-schema-graph\">{\"@context\":\"https:\\\/\\\/schema.org\",\"@graph\":[{\"@type\":\"WebPage\",\"@id\":\"https:\\\/\\\/www.vdhurk.nl\\\/opel-bedrijfswagens\\\/vivaro\\\/automaat\\\/\",\"url\":\"https:\\\/\\\/www.vdhurk.nl\\\/opel-bedrijfswagens\\\/vivaro\\\/automaat\\\/\",\"name\":\"Op zoek naar een Opel Vivaro automaat? Bekijk het aanbod!\",\"isPartOf\":{\"@id\":\"https:\\\/\\\/www.vdhurk.nl\\\/#website\"},\"datePublished\":\"2025-02-28T14:27:04+00:00\",\"dateModified\":\"2025-02-28T14:58:18+00:00\",\"description\":\"Overweeg je een Opel Vivaro automaat? Ontdek de specificaties en voordelen van dit model en bepaal of dit bij jouw onderneming past.\",\"breadcrumb\":{\"@id\":\"https:\\\/\\\/www.vdhurk.nl\\\/opel-bedrijfswagens\\\/vivaro\\\/automaat\\\/#breadcrumb\"},\"inLanguage\":\"it-IT\",\"potentialAction\":[{\"@type\":\"ReadAction\",\"target\":[\"https:\\\/\\\/www.vdhurk.nl\\\/opel-bedrijfswagens\\\/vivaro\\\/automaat\\\/\"]}]},{\"@type\":\"BreadcrumbList\",\"@id\":\"https:\\\/\\\/www.vdhurk.nl\\\/opel-bedrijfswagens\\\/vivaro\\\/automaat\\\/#breadcrumb\",\"itemListElement\":[{\"@type\":\"ListItem\",\"position\":1,\"name\":\"Home\",\"item\":\"https:\\\/\\\/www.vdhurk.nl\\\/home\\\/\"},{\"@type\":\"ListItem\",\"position\":2,\"name\":\"Opel Bedrijfswagens\",\"item\":\"https:\\\/\\\/www.vdhurk.nl\\\/opel-bedrijfswagens\\\/\"},{\"@type\":\"ListItem\",\"position\":3,\"name\":\"Open Vivaro\",\"item\":\"https:\\\/\\\/www.vdhurk.nl\\\/opel-bedrijfswagens\\\/vivaro\\\/\"},{\"@type\":\"ListItem\",\"position\":4,\"name\":\"Opel Vivaro Automaat\"}]},{\"@type\":\"WebSite\",\"@id\":\"https:\\\/\\\/www.vdhurk.nl\\\/#website\",\"url\":\"https:\\\/\\\/www.vdhurk.nl\\\/\",\"name\":\"Van den Hurk Bedrijfswagens\",\"description\":\"Van den Hurk bedrijfswagens Helmond\",\"potentialAction\":[{\"@type\":\"SearchAction\",\"target\":{\"@type\":\"EntryPoint\",\"urlTemplate\":\"https:\\\/\\\/www.vdhurk.nl\\\/?s={search_term_string}\"},\"query-input\":{\"@type\":\"PropertyValueSpecification\",\"valueRequired\":true,\"valueName\":\"search_term_string\"}}],\"inLanguage\":\"it-IT\"}]}<\/script>\n<!-- \/ Yoast SEO plugin. -->","yoast_head_json":{"title":"Cercate un Opel Vivaro automatico? Date un'occhiata all'offerta!","description":"State pensando di acquistare un Opel Vivaro automatico? Scoprite le caratteristiche e i vantaggi di questo modello e decidete se \u00e8 adatto alla vostra attivit\u00e0.","robots":{"index":"index","follow":"follow","max-snippet":"max-snippet:-1","max-image-preview":"max-image-preview:large","max-video-preview":"max-video-preview:-1"},"canonical":"https:\/\/www.vdhurk.nl\/it\/veicoli-commerciali-vauxhall\/vivaro\/macchina\/","og_locale":"it_IT","og_type":"article","og_title":"Op zoek naar een Opel Vivaro automaat? Bekijk het aanbod!","og_description":"Overweeg je een Opel Vivaro automaat? Ontdek de specificaties en voordelen van dit model en bepaal of dit bij jouw onderneming past.","og_url":"https:\/\/www.vdhurk.nl\/it\/veicoli-commerciali-vauxhall\/vivaro\/macchina\/","og_site_name":"Van den Hurk Bedrijfswagens","article_modified_time":"2025-02-28T14:58:18+00:00","twitter_card":"summary_large_image","twitter_misc":{"Tempo di lettura stimato":"4 minuti"},"schema":{"@context":"https:\/\/schema.org","@graph":[{"@type":"WebPage","@id":"https:\/\/www.vdhurk.nl\/opel-bedrijfswagens\/vivaro\/automaat\/","url":"https:\/\/www.vdhurk.nl\/opel-bedrijfswagens\/vivaro\/automaat\/","name":"Cercate un Opel Vivaro automatico? Date un'occhiata all'offerta!","isPartOf":{"@id":"https:\/\/www.vdhurk.nl\/#website"},"datePublished":"2025-02-28T14:27:04+00:00","dateModified":"2025-02-28T14:58:18+00:00","description":"State pensando di acquistare un Opel Vivaro automatico? Scoprite le caratteristiche e i vantaggi di questo modello e decidete se \u00e8 adatto alla vostra attivit\u00e0.","breadcrumb":{"@id":"https:\/\/www.vdhurk.nl\/opel-bedrijfswagens\/vivaro\/automaat\/#breadcrumb"},"inLanguage":"it-IT","potentialAction":[{"@type":"ReadAction","target":["https:\/\/www.vdhurk.nl\/opel-bedrijfswagens\/vivaro\/automaat\/"]}]},{"@type":"BreadcrumbList","@id":"https:\/\/www.vdhurk.nl\/opel-bedrijfswagens\/vivaro\/automaat\/#breadcrumb","itemListElement":[{"@type":"ListItem","position":1,"name":"Home","item":"https:\/\/www.vdhurk.nl\/home\/"},{"@type":"ListItem","position":2,"name":"Opel Bedrijfswagens","item":"https:\/\/www.vdhurk.nl\/opel-bedrijfswagens\/"},{"@type":"ListItem","position":3,"name":"Open Vivaro","item":"https:\/\/www.vdhurk.nl\/opel-bedrijfswagens\/vivaro\/"},{"@type":"ListItem","position":4,"name":"Opel Vivaro Automaat"}]},{"@type":"WebSite","@id":"https:\/\/www.vdhurk.nl\/#website","url":"https:\/\/www.vdhurk.nl\/","name":"Veicoli commerciali Van den Hurk","description":"Van den Hurk veicoli commerciali Helmond","potentialAction":[{"@type":"SearchAction","target":{"@type":"EntryPoint","urlTemplate":"https:\/\/www.vdhurk.nl\/?s={search_term_string}"},"query-input":{"@type":"PropertyValueSpecification","valueRequired":true,"valueName":"search_term_string"}}],"inLanguage":"it-IT"}]}},"_links":{"self":[{"href":"https:\/\/www.vdhurk.nl\/it\/wp-json\/wp\/v2\/pages\/454888","targetHints":{"allow":["GET"]}}],"collection":[{"href":"https:\/\/www.vdhurk.nl\/it\/wp-json\/wp\/v2\/pages"}],"about":[{"href":"https:\/\/www.vdhurk.nl\/it\/wp-json\/wp\/v2\/types\/page"}],"author":[{"embeddable":true,"href":"https:\/\/www.vdhurk.nl\/it\/wp-json\/wp\/v2\/users\/3"}],"replies":[{"embeddable":true,"href":"https:\/\/www.vdhurk.nl\/it\/wp-json\/wp\/v2\/comments?post=454888"}],"version-history":[{"count":3,"href":"https:\/\/www.vdhurk.nl\/it\/wp-json\/wp\/v2\/pages\/454888\/revisions"}],"predecessor-version":[{"id":454905,"href":"https:\/\/www.vdhurk.nl\/it\/wp-json\/wp\/v2\/pages\/454888\/revisions\/454905"}],"up":[{"embeddable":true,"href":"https:\/\/www.vdhurk.nl\/it\/wp-json\/wp\/v2\/pages\/422100"}],"wp:attachment":[{"href":"https:\/\/www.vdhurk.nl\/it\/wp-json\/wp\/v2\/media?parent=454888"}],"curies":[{"name":"wp","href":"https:\/\/api.w.org\/{rel}","templated":true}]}}