{"id":442881,"date":"2025-02-06T17:19:07","date_gmt":"2025-02-06T16:19:07","guid":{"rendered":"https:\/\/www.vdhurk.nl\/?page_id=442881"},"modified":"2025-02-06T17:19:07","modified_gmt":"2025-02-06T16:19:07","slug":"macchina","status":"publish","type":"page","link":"https:\/\/www.vdhurk.nl\/it\/volkswagen-bedrijfswagens\/transporter\/automaat\/","title":{"rendered":"Volkswagen Transporter Automatico"},"content":{"rendered":"<section  class='av_textblock_section av-lu8gnh7d-4ac895489941e586c1d7c8cb72318135'  itemscope=\"itemscope\" itemtype=\"https:\/\/schema.org\/CreativeWork\" ><div class='avia_textblock'  itemprop=\"text\" ><h1>Acquistare Volkswagen Transporter automatico?<\/h1>\n<p>Cercate un veicolo commerciale che combini affidabilit\u00e0 e comfort? Il Volkswagen Transporter automatico \u00e8 la scelta perfetta per gli imprenditori che vogliono ottenere di pi\u00f9 dal loro veicolo commerciale. I modelli Volkswagen Transporter portano la vostra esperienza di guida a un livello superiore grazie alla comodit\u00e0 del cambio automatico. Scoprite voi stessi tutte le opzioni.<\/p>\n<\/div><\/section>\n\n<style type=\"text\/css\" data-created_by=\"avia_inline_auto\" id=\"style-css-av-lujjddpd-afa3d7a9eabd61123e643ed1228e781e\">\n#top .hr.hr-invisible.av-lujjddpd-afa3d7a9eabd61123e643ed1228e781e{\nheight:50px;\n}\n<\/style>\n<div  class='hr av-lujjddpd-afa3d7a9eabd61123e643ed1228e781e hr-invisible  avia-builder-el-1  el_after_av_textblock  el_before_av_codeblock'><span class='hr-inner'><span class=\"hr-inner-style\"><\/span><\/span><\/div>\n\n\n<style type=\"text\/css\" data-created_by=\"avia_inline_auto\" id=\"style-css-av-ah0xd-63338d9dc6b40410e22a712829c369d6\">\n#top .hr.hr-invisible.av-ah0xd-63338d9dc6b40410e22a712829c369d6{\nheight:50px;\n}\n<\/style>\n<div  class='hr av-ah0xd-63338d9dc6b40410e22a712829c369d6 hr-invisible  avia-builder-el-3  el_after_av_codeblock  el_before_av_textblock'><span class='hr-inner'><span class=\"hr-inner-style\"><\/span><\/span><\/div>\n<section  class='av_textblock_section av-lu8gow1e-300853e458ed741bd87d6cb78e55cc7a'  itemscope=\"itemscope\" itemtype=\"https:\/\/schema.org\/CreativeWork\" ><div class='avia_textblock'  itemprop=\"text\" ><h2>Perch\u00e9 scegliere un automatico?<\/h2>\n<p>Sempre pi\u00f9 imprenditori passano a un veicolo commerciale con cambio automatico, e per una buona ragione. Il cambio automatico offre comfort e maggiore concentrazione sulla strada, poich\u00e9 il cambio di marcia \u00e8 completamente automatico. \u00c8 l'ideale nel traffico cittadino o negli ingorghi. Il cambio automatico offre anche prestazioni migliori, ad esempio sui terreni collinari. Inoltre, un cambio automatico \u00e8 pi\u00f9 accessibile a diversi conducenti, il che lo rende ideale per l'uso aziendale. Scegliete un veicolo commerciale con cambio automatico e provate voi stessi la comodit\u00e0 e la versatilit\u00e0!<\/p>\n<\/div><\/section>\n<div class='flex_column av-f64w1-da126f42b61613402309283c14245a25 av_one_half  avia-builder-el-5  el_after_av_textblock  el_before_av_one_third  first flex_column_div column-top-margin'   ><section  class='av_textblock_section av-lu8gpqre-73cc2c17e6a6497ba6e1b58af22bd9e8'  itemscope=\"itemscope\" itemtype=\"https:\/\/schema.org\/CreativeWork\" ><div class='avia_textblock'  itemprop=\"text\" ><h2>Vantaggi del Transporter Volkswagen<\/h2>\n<p>Capiamo perch\u00e9 questi modelli sono cos\u00ec popolari tra gli utenti business. I Volkswagen Transporter usati e nuovi eccellono per la loro versatilit\u00e0 e sono adatti sia al trasporto di merci che di persone. Grazie alla robusta qualit\u00e0 costruttiva, ai motori potenti e agli interni spaziosi e confortevoli, questi veicoli commerciali sono una scelta affidabile. Le numerose dotazioni di sicurezza, come i sistemi di assistenza alla guida, offrono un'ulteriore comodit\u00e0. In breve, il Volkswagen Transporter con cambio automatico \u00e8 un investimento intelligente per voi imprenditori.<\/p>\n<\/div><\/section><\/div><div class='flex_column av-aldk9-ee694297f5c4032981677a02caab84d6 av_one_third  avia-builder-el-7  el_after_av_one_half  el_before_av_hr  flex_column_div column-top-margin'   ><style type=\"text\/css\" data-created_by=\"avia_inline_auto\" id=\"style-css-av-l1w9kpsf-4ec3fab772ec7a9adaa33cfc64ff0475\">\n.avia-image-container.av-l1w9kpsf-4ec3fab772ec7a9adaa33cfc64ff0475 .av-image-caption-overlay-center{\ncolor:#ffffff;\n}\n<\/style>\n<div  class='avia-image-container av-l1w9kpsf-4ec3fab772ec7a9adaa33cfc64ff0475 av-styling- avia-align-center  avia-builder-el-8  avia-builder-el-no-sibling'  itemprop=\"image\" itemscope=\"itemscope\" itemtype=\"https:\/\/schema.org\/ImageObject\" ><div class=\"avia-image-container-inner\"><div class=\"avia-image-overlay-wrap\"><img decoding=\"async\" class='wp-image-187 avia-img-lazy-loading-not-187 avia_image' src=\"https:\/\/www.vdhurk.nl\/wp-content\/uploads\/2022\/03\/Voorrad.png\" alt='' title='Stock'  height=\"758\" width=\"1135\"  itemprop=\"thumbnailUrl\" srcset=\"https:\/\/www.vdhurk.nl\/wp-content\/uploads\/2022\/03\/Voorrad.png 1135w, https:\/\/www.vdhurk.nl\/wp-content\/uploads\/2022\/03\/Voorrad-300x200.png 300w, https:\/\/www.vdhurk.nl\/wp-content\/uploads\/2022\/03\/Voorrad-1030x688.png 1030w, https:\/\/www.vdhurk.nl\/wp-content\/uploads\/2022\/03\/Voorrad-768x513.png 768w, https:\/\/www.vdhurk.nl\/wp-content\/uploads\/2022\/03\/Voorrad-18x12.png 18w, https:\/\/www.vdhurk.nl\/wp-content\/uploads\/2022\/03\/Voorrad-705x471.png 705w\" sizes=\"(max-width: 1135px) 100vw, 1135px\" \/><\/div><\/div><\/div><\/div><\/p>\n\n<style type=\"text\/css\" data-created_by=\"avia_inline_auto\" id=\"style-css-av-luqrjpjc-5a23a1fb5f94718ca85316a9df963e2f\">\n#top .hr.hr-invisible.av-luqrjpjc-5a23a1fb5f94718ca85316a9df963e2f{\nheight:50px;\n}\n<\/style>\n<div  class='hr av-luqrjpjc-5a23a1fb5f94718ca85316a9df963e2f hr-invisible  avia-builder-el-9  el_after_av_one_third  el_before_av_textblock'><span class='hr-inner'><span class=\"hr-inner-style\"><\/span><\/span><\/div>\n<section  class='av_textblock_section av-lu8gtjw7-4f3cee9304909518d86d2860d9d582dd'  itemscope=\"itemscope\" itemtype=\"https:\/\/schema.org\/CreativeWork\" ><div class='avia_textblock'  itemprop=\"text\" ><h2>Acquistare o prendere in leasing un Volkswagen Transporter?<\/h2>\n<p>Noi di Van den Hurk non offriamo solo la possibilit\u00e0 di acquistare un veicolo commerciale, ma anche di prenderlo in leasing. Il leasing di un Volkswagen Transporter vi offre flessibilit\u00e0 e sicurezza come imprenditori. A <a href=\"https:\/\/www.vdhurk.nl\/it\/locazione-finanziaria\/\">locazione finanziaria<\/a> beneficiate di un canone mensile fisso e siete proprietari del vostro veicolo commerciale alla fine del contratto.<\/p>\n<h2>A quale prezzo bisogna pensare?<\/h2>\n<p>Il prezzo di un Volkswagen Transporter automatico dipende da diversi fattori, come l'anno di produzione, l'allestimento, il chilometraggio e gli optional scelti. Noi di Van den Hurk siamo lieti di fornirvi un preventivo su misura, in modo che sappiate esattamente quale sar\u00e0 il prezzo. Sentitevi liberi di <a href=\"https:\/\/www.vdhurk.nl\/it\/contatto\/\">contattateci<\/a> per maggiori informazioni e per una consulenza personalizzata.<\/p>\n<h2>Scoprire le possibilit\u00e0<\/h2>\n<p>Il Volkswagen Transporter automatico offre tutto ci\u00f2 di cui avete bisogno per raggiungere i vostri obiettivi aziendali. Con la comodit\u00e0 del cambio automatico, \u00e8 un investimento che si ripaga. Noi di Van den Hurk siamo lieti di aiutarvi a fare la scelta migliore per soddisfare le vostre esigenze aziendali e il vostro budget. Scoprite le diverse opzioni.<\/p>\n<\/div><\/section>","protected":false},"excerpt":{"rendered":"","protected":false},"author":3,"featured_media":0,"parent":393643,"menu_order":0,"comment_status":"closed","ping_status":"closed","template":"","meta":{"_acf_changed":false,"_improvement_type_select":"improve_an_existing","_thumb_yes_seoaic":false,"_frame_yes_seoaic":false,"seoaic_generate_description":"","seoaic_improve_instructions_prompt":"","seoaic_rollback_content_improvement":"","seoaic_idea_thumbnail_generator":"","thumbnail_generated":false,"thumbnail_generate_prompt":"","seoaic_article_description":"","footnotes":""},"class_list":["post-442881","page","type-page","status-publish","hentry"],"acf":[],"yoast_head":"<!-- This site is optimized with the Yoast SEO plugin v27.3 - https:\/\/yoast.com\/product\/yoast-seo-wordpress\/ -->\n<title>Vind de ideale Volkswagen Transporter automaat<\/title>\n<meta name=\"description\" content=\"Een Volkswagen Transporter automaat kopen? Ontdek de verschillende specificaties en mogelijkheden en vind de bedrijfswagen die bij jouw onderneming past.\" \/>\n<meta name=\"robots\" content=\"index, follow, max-snippet:-1, max-image-preview:large, max-video-preview:-1\" \/>\n<link rel=\"canonical\" href=\"https:\/\/www.vdhurk.nl\/it\/mercedes-13\/mercedes-14\/macchina\/\" \/>\n<meta property=\"og:locale\" content=\"it_IT\" \/>\n<meta property=\"og:type\" content=\"article\" \/>\n<meta property=\"og:title\" content=\"Vind de ideale Volkswagen Transporter automaat\" \/>\n<meta property=\"og:description\" content=\"Een Volkswagen Transporter automaat kopen? Ontdek de verschillende specificaties en mogelijkheden en vind de bedrijfswagen die bij jouw onderneming past.\" \/>\n<meta property=\"og:url\" content=\"https:\/\/www.vdhurk.nl\/it\/mercedes-13\/mercedes-14\/macchina\/\" \/>\n<meta property=\"og:site_name\" content=\"Van den Hurk Bedrijfswagens\" \/>\n<meta name=\"twitter:card\" content=\"summary_large_image\" \/>\n<meta name=\"twitter:label1\" content=\"Tempo di lettura stimato\" \/>\n\t<meta name=\"twitter:data1\" content=\"4 minuti\" \/>\n<script type=\"application\/ld+json\" class=\"yoast-schema-graph\">{\"@context\":\"https:\\\/\\\/schema.org\",\"@graph\":[{\"@type\":\"WebPage\",\"@id\":\"https:\\\/\\\/www.vdhurk.nl\\\/volkswagen-bedrijfswagens\\\/transporter\\\/automaat\\\/\",\"url\":\"https:\\\/\\\/www.vdhurk.nl\\\/volkswagen-bedrijfswagens\\\/transporter\\\/automaat\\\/\",\"name\":\"Vind de ideale Volkswagen Transporter automaat\",\"isPartOf\":{\"@id\":\"https:\\\/\\\/www.vdhurk.nl\\\/#website\"},\"datePublished\":\"2025-02-06T16:19:07+00:00\",\"description\":\"Een Volkswagen Transporter automaat kopen? Ontdek de verschillende specificaties en mogelijkheden en vind de bedrijfswagen die bij jouw onderneming past.\",\"breadcrumb\":{\"@id\":\"https:\\\/\\\/www.vdhurk.nl\\\/volkswagen-bedrijfswagens\\\/transporter\\\/automaat\\\/#breadcrumb\"},\"inLanguage\":\"it-IT\",\"potentialAction\":[{\"@type\":\"ReadAction\",\"target\":[\"https:\\\/\\\/www.vdhurk.nl\\\/volkswagen-bedrijfswagens\\\/transporter\\\/automaat\\\/\"]}]},{\"@type\":\"BreadcrumbList\",\"@id\":\"https:\\\/\\\/www.vdhurk.nl\\\/volkswagen-bedrijfswagens\\\/transporter\\\/automaat\\\/#breadcrumb\",\"itemListElement\":[{\"@type\":\"ListItem\",\"position\":1,\"name\":\"Home\",\"item\":\"https:\\\/\\\/www.vdhurk.nl\\\/home\\\/\"},{\"@type\":\"ListItem\",\"position\":2,\"name\":\"Volkswagen Bedrijfswagens\",\"item\":\"https:\\\/\\\/www.vdhurk.nl\\\/volkswagen-bedrijfswagens\\\/\"},{\"@type\":\"ListItem\",\"position\":3,\"name\":\"Volkswagen Transporter\",\"item\":\"https:\\\/\\\/www.vdhurk.nl\\\/volkswagen-bedrijfswagens\\\/transporter\\\/\"},{\"@type\":\"ListItem\",\"position\":4,\"name\":\"Volkswagen Transporter Automaat\"}]},{\"@type\":\"WebSite\",\"@id\":\"https:\\\/\\\/www.vdhurk.nl\\\/#website\",\"url\":\"https:\\\/\\\/www.vdhurk.nl\\\/\",\"name\":\"Van den Hurk Bedrijfswagens\",\"description\":\"Van den Hurk bedrijfswagens Helmond\",\"potentialAction\":[{\"@type\":\"SearchAction\",\"target\":{\"@type\":\"EntryPoint\",\"urlTemplate\":\"https:\\\/\\\/www.vdhurk.nl\\\/?s={search_term_string}\"},\"query-input\":{\"@type\":\"PropertyValueSpecification\",\"valueRequired\":true,\"valueName\":\"search_term_string\"}}],\"inLanguage\":\"it-IT\"}]}<\/script>\n<!-- \/ Yoast SEO plugin. -->","yoast_head_json":{"title":"Trova il Volkswagen Transporter automatico ideale","description":"Volete acquistare un Volkswagen Transporter automatico? Esplorate le diverse specifiche e opzioni e trovate il veicolo commerciale pi\u00f9 adatto alla vostra attivit\u00e0.","robots":{"index":"index","follow":"follow","max-snippet":"max-snippet:-1","max-image-preview":"max-image-preview:large","max-video-preview":"max-video-preview:-1"},"canonical":"https:\/\/www.vdhurk.nl\/it\/mercedes-13\/mercedes-14\/macchina\/","og_locale":"it_IT","og_type":"article","og_title":"Vind de ideale Volkswagen Transporter automaat","og_description":"Een Volkswagen Transporter automaat kopen? Ontdek de verschillende specificaties en mogelijkheden en vind de bedrijfswagen die bij jouw onderneming past.","og_url":"https:\/\/www.vdhurk.nl\/it\/mercedes-13\/mercedes-14\/macchina\/","og_site_name":"Van den Hurk Bedrijfswagens","twitter_card":"summary_large_image","twitter_misc":{"Tempo di lettura stimato":"4 minuti"},"schema":{"@context":"https:\/\/schema.org","@graph":[{"@type":"WebPage","@id":"https:\/\/www.vdhurk.nl\/volkswagen-bedrijfswagens\/transporter\/automaat\/","url":"https:\/\/www.vdhurk.nl\/volkswagen-bedrijfswagens\/transporter\/automaat\/","name":"Trova il Volkswagen Transporter automatico ideale","isPartOf":{"@id":"https:\/\/www.vdhurk.nl\/#website"},"datePublished":"2025-02-06T16:19:07+00:00","description":"Volete acquistare un Volkswagen Transporter automatico? Esplorate le diverse specifiche e opzioni e trovate il veicolo commerciale pi\u00f9 adatto alla vostra attivit\u00e0.","breadcrumb":{"@id":"https:\/\/www.vdhurk.nl\/volkswagen-bedrijfswagens\/transporter\/automaat\/#breadcrumb"},"inLanguage":"it-IT","potentialAction":[{"@type":"ReadAction","target":["https:\/\/www.vdhurk.nl\/volkswagen-bedrijfswagens\/transporter\/automaat\/"]}]},{"@type":"BreadcrumbList","@id":"https:\/\/www.vdhurk.nl\/volkswagen-bedrijfswagens\/transporter\/automaat\/#breadcrumb","itemListElement":[{"@type":"ListItem","position":1,"name":"Home","item":"https:\/\/www.vdhurk.nl\/home\/"},{"@type":"ListItem","position":2,"name":"Volkswagen Bedrijfswagens","item":"https:\/\/www.vdhurk.nl\/volkswagen-bedrijfswagens\/"},{"@type":"ListItem","position":3,"name":"Volkswagen Transporter","item":"https:\/\/www.vdhurk.nl\/volkswagen-bedrijfswagens\/transporter\/"},{"@type":"ListItem","position":4,"name":"Volkswagen Transporter Automaat"}]},{"@type":"WebSite","@id":"https:\/\/www.vdhurk.nl\/#website","url":"https:\/\/www.vdhurk.nl\/","name":"Veicoli commerciali Van den Hurk","description":"Van den Hurk veicoli commerciali Helmond","potentialAction":[{"@type":"SearchAction","target":{"@type":"EntryPoint","urlTemplate":"https:\/\/www.vdhurk.nl\/?s={search_term_string}"},"query-input":{"@type":"PropertyValueSpecification","valueRequired":true,"valueName":"search_term_string"}}],"inLanguage":"it-IT"}]}},"_links":{"self":[{"href":"https:\/\/www.vdhurk.nl\/it\/wp-json\/wp\/v2\/pages\/442881","targetHints":{"allow":["GET"]}}],"collection":[{"href":"https:\/\/www.vdhurk.nl\/it\/wp-json\/wp\/v2\/pages"}],"about":[{"href":"https:\/\/www.vdhurk.nl\/it\/wp-json\/wp\/v2\/types\/page"}],"author":[{"embeddable":true,"href":"https:\/\/www.vdhurk.nl\/it\/wp-json\/wp\/v2\/users\/3"}],"replies":[{"embeddable":true,"href":"https:\/\/www.vdhurk.nl\/it\/wp-json\/wp\/v2\/comments?post=442881"}],"version-history":[{"count":2,"href":"https:\/\/www.vdhurk.nl\/it\/wp-json\/wp\/v2\/pages\/442881\/revisions"}],"predecessor-version":[{"id":442902,"href":"https:\/\/www.vdhurk.nl\/it\/wp-json\/wp\/v2\/pages\/442881\/revisions\/442902"}],"up":[{"embeddable":true,"href":"https:\/\/www.vdhurk.nl\/it\/wp-json\/wp\/v2\/pages\/393643"}],"wp:attachment":[{"href":"https:\/\/www.vdhurk.nl\/it\/wp-json\/wp\/v2\/media?parent=442881"}],"curies":[{"name":"wp","href":"https:\/\/api.w.org\/{rel}","templated":true}]}}