{"id":442876,"date":"2025-02-06T17:15:21","date_gmt":"2025-02-06T16:15:21","guid":{"rendered":"https:\/\/www.vdhurk.nl\/?page_id=442876"},"modified":"2025-02-06T17:15:21","modified_gmt":"2025-02-06T16:15:21","slug":"macchina","status":"publish","type":"page","link":"https:\/\/www.vdhurk.nl\/it\/mercedes-bedrijfswagens\/sprinter\/automaat\/","title":{"rendered":"Mercedes Sprinter automatico"},"content":{"rendered":"<section  class='av_textblock_section av-lu8gnh7d-4ac895489941e586c1d7c8cb72318135'  itemscope=\"itemscope\" itemtype=\"https:\/\/schema.org\/CreativeWork\" ><div class='avia_textblock'  itemprop=\"text\" ><h1>Scoprite il cambio automatico di Mercedes Sprinter<\/h1>\n<p>Non avete pi\u00f9 voglia di cambiare marcia? Scegliete la praticit\u00e0 e il comfort del Mercedes Sprinter automatico. Questi popolari veicoli commerciali sono i preferiti dagli utenti business grazie alla loro affidabilit\u00e0, al comfort e all'ampia capacit\u00e0 di carico. Lo Sprinter si adatta senza sforzo alle vostre esigenze. Scoprite i vantaggi e provate voi stessi perch\u00e9 tante aziende scelgono lo Sprinter.<\/p>\n<\/div><\/section>\n\n<style type=\"text\/css\" data-created_by=\"avia_inline_auto\" id=\"style-css-av-lujjddpd-afa3d7a9eabd61123e643ed1228e781e\">\n#top .hr.hr-invisible.av-lujjddpd-afa3d7a9eabd61123e643ed1228e781e{\nheight:50px;\n}\n<\/style>\n<div  class='hr av-lujjddpd-afa3d7a9eabd61123e643ed1228e781e hr-invisible  avia-builder-el-1  el_after_av_textblock  el_before_av_codeblock'><span class='hr-inner'><span class=\"hr-inner-style\"><\/span><\/span><\/div>\n\n\n<style type=\"text\/css\" data-created_by=\"avia_inline_auto\" id=\"style-css-av-o1d5-cf77288da24053faf1b6ffbefcfc6222\">\n#top .hr.hr-invisible.av-o1d5-cf77288da24053faf1b6ffbefcfc6222{\nheight:50px;\n}\n<\/style>\n<div  class='hr av-o1d5-cf77288da24053faf1b6ffbefcfc6222 hr-invisible  avia-builder-el-3  el_after_av_codeblock  el_before_av_textblock'><span class='hr-inner'><span class=\"hr-inner-style\"><\/span><\/span><\/div>\n<section  class='av_textblock_section av-lu8gow1e-300853e458ed741bd87d6cb78e55cc7a'  itemscope=\"itemscope\" itemtype=\"https:\/\/schema.org\/CreativeWork\" ><div class='avia_textblock'  itemprop=\"text\" ><h2>I vantaggi di un sistema automatico<\/h2>\n<p>Sempre pi\u00f9 aziende passano al cambio automatico, e per una buona ragione. Dopo tutto, un cambio automatico offre un comfort di guida ottimale: non \u00e8 necessario frizionare o cambiare le marce da soli. Questo \u00e8 particolarmente utile nel traffico intenso, come ad esempio negli ingorghi. Un cambio automatico contribuisce anche a una maggiore sicurezza, perch\u00e9 potete concentrarvi completamente sulla strada e avete meno probabilit\u00e0 di essere distratti dal cambio di marcia. I moderni sistemi automatici sono anche pi\u00f9 efficienti: cambiano le marce pi\u00f9 velocemente e in modo pi\u00f9 fluido rispetto ai cambi manuali. Questo non solo aumenta la comodit\u00e0 di guida, ma fa anche risparmiare carburante. Per le aziende, questo significa una scelta pratica ed economica che combina comfort ed efficienza.<\/p>\n<\/div><\/section>\n<div class='flex_column av-f64w1-da126f42b61613402309283c14245a25 av_one_half  avia-builder-el-5  el_after_av_textblock  el_before_av_one_third  first flex_column_div column-top-margin'   ><section  class='av_textblock_section av-lu8gpqre-73cc2c17e6a6497ba6e1b58af22bd9e8'  itemscope=\"itemscope\" itemtype=\"https:\/\/schema.org\/CreativeWork\" ><div class='avia_textblock'  itemprop=\"text\" ><h2>Perch\u00e9 scegliere un Mercedes Sprinter?<\/h2>\n<p>I modelli Mercedes Sprinter sono noti per la loro qualit\u00e0, versatilit\u00e0 e affidabilit\u00e0. Questo veicolo commerciale \u00e8 stato progettato pensando al comfort e alla facilit\u00e0 d'uso, per rendere piacevole ogni viaggio. I sedili ergonomici offrono un eccellente comfort di seduta, ideale per le lunghe giornate di lavoro su strada. Inoltre, lo Sprinter \u00e8 disponibile in varie versioni, con diversi anni di costruzione e chilometraggi. Che siate alla ricerca di un'ampia capacit\u00e0 di carico, di una tecnologia moderna o di un modello compatto, c'\u00e8 sempre uno Sprinter che si adatta perfettamente alle vostre esigenze aziendali.<\/p>\n<\/div><\/section><\/div><div class='flex_column av-aldk9-ee694297f5c4032981677a02caab84d6 av_one_third  avia-builder-el-7  el_after_av_one_half  el_before_av_hr  flex_column_div column-top-margin'   ><style type=\"text\/css\" data-created_by=\"avia_inline_auto\" id=\"style-css-av-l1w9kpsf-4ec3fab772ec7a9adaa33cfc64ff0475\">\n.avia-image-container.av-l1w9kpsf-4ec3fab772ec7a9adaa33cfc64ff0475 .av-image-caption-overlay-center{\ncolor:#ffffff;\n}\n<\/style>\n<div  class='avia-image-container av-l1w9kpsf-4ec3fab772ec7a9adaa33cfc64ff0475 av-styling- avia-align-center  avia-builder-el-8  avia-builder-el-no-sibling'  itemprop=\"image\" itemscope=\"itemscope\" itemtype=\"https:\/\/schema.org\/ImageObject\" ><div class=\"avia-image-container-inner\"><div class=\"avia-image-overlay-wrap\"><img decoding=\"async\" class='wp-image-187 avia-img-lazy-loading-not-187 avia_image' src=\"https:\/\/www.vdhurk.nl\/wp-content\/uploads\/2022\/03\/Voorrad.png\" alt='' title='Stock'  height=\"758\" width=\"1135\"  itemprop=\"thumbnailUrl\" srcset=\"https:\/\/www.vdhurk.nl\/wp-content\/uploads\/2022\/03\/Voorrad.png 1135w, https:\/\/www.vdhurk.nl\/wp-content\/uploads\/2022\/03\/Voorrad-300x200.png 300w, https:\/\/www.vdhurk.nl\/wp-content\/uploads\/2022\/03\/Voorrad-1030x688.png 1030w, https:\/\/www.vdhurk.nl\/wp-content\/uploads\/2022\/03\/Voorrad-768x513.png 768w, https:\/\/www.vdhurk.nl\/wp-content\/uploads\/2022\/03\/Voorrad-18x12.png 18w, https:\/\/www.vdhurk.nl\/wp-content\/uploads\/2022\/03\/Voorrad-705x471.png 705w\" sizes=\"(max-width: 1135px) 100vw, 1135px\" \/><\/div><\/div><\/div><\/div><\/p>\n\n<style type=\"text\/css\" data-created_by=\"avia_inline_auto\" id=\"style-css-av-luqrjpjc-5a23a1fb5f94718ca85316a9df963e2f\">\n#top .hr.hr-invisible.av-luqrjpjc-5a23a1fb5f94718ca85316a9df963e2f{\nheight:50px;\n}\n<\/style>\n<div  class='hr av-luqrjpjc-5a23a1fb5f94718ca85316a9df963e2f hr-invisible  avia-builder-el-9  el_after_av_one_third  el_before_av_textblock'><span class='hr-inner'><span class=\"hr-inner-style\"><\/span><\/span><\/div>\n<section  class='av_textblock_section av-lu8gtjw7-4f3cee9304909518d86d2860d9d582dd'  itemscope=\"itemscope\" itemtype=\"https:\/\/schema.org\/CreativeWork\" ><div class='avia_textblock'  itemprop=\"text\" ><h2>Acquistare o noleggiare un Mercedes Sprinter?<\/h2>\n<p>Van den Hurk offre opzioni di finanziamento flessibili per soddisfare le vostre esigenze aziendali. Volete diventare subito proprietari? Allora scegliete l'opzione di acquisto di un'auto aziendale. Preferite scaglionare invece di pagare tutto in una volta? Allora il nostro <a href=\"https:\/\/www.vdhurk.nl\/it\/locazione-finanziaria\/\">locazione finanziaria<\/a> la soluzione ideale. Questo tipo di leasing \u00e8 pensato appositamente per le aziende che apprezzano la sicurezza e la convenienza finanziaria. Il leasing di un Mercedes Sprinter comporta costi mensili fissi, pur potendo utilizzare subito il vostro Mercedes Sprinter.<\/p>\n<h2>Trovate il vostro veicolo commerciale ideale<\/h2>\n<p>Sia che scegliate un Mercedes Sprinter usato o nuovo, avrete sempre la garanzia della massima qualit\u00e0. Con il cambio automatico, inoltre, potrete beneficiare di un maggiore comfort e comodit\u00e0 in ogni viaggio. In qualit\u00e0 di concessionario Mercedes Sprinter esperto, siamo pronti a informarvi e consigliarvi, in modo che possiate scegliere il veicolo commerciale perfetto con fiducia. Contattateci e scoprite cosa pu\u00f2 fare lo Sprinter per la vostra azienda.<\/p>\n<\/div><\/section>","protected":false},"excerpt":{"rendered":"","protected":false},"author":3,"featured_media":0,"parent":393273,"menu_order":0,"comment_status":"closed","ping_status":"closed","template":"","meta":{"_acf_changed":false,"_improvement_type_select":"improve_an_existing","_thumb_yes_seoaic":false,"_frame_yes_seoaic":false,"seoaic_generate_description":"","seoaic_improve_instructions_prompt":"","seoaic_rollback_content_improvement":"","seoaic_idea_thumbnail_generator":"","thumbnail_generated":false,"thumbnail_generate_prompt":"","seoaic_article_description":"","footnotes":""},"class_list":["post-442876","page","type-page","status-publish","hentry"],"acf":[],"yoast_head":"<!-- This site is optimized with the Yoast SEO plugin v27.3 - https:\/\/yoast.com\/product\/yoast-seo-wordpress\/ -->\n<title>Op zoek naar een Mercedes Sprinter automaat?<\/title>\n<meta name=\"description\" content=\"Ontdek de betrouwbare Mercedes Sprinter automaat. Perfect voor zakelijk gebruik met ultiem rijcomfort, ruime laadruimte en moderne technologie.\" \/>\n<meta name=\"robots\" content=\"index, follow, max-snippet:-1, max-image-preview:large, max-video-preview:-1\" \/>\n<link rel=\"canonical\" href=\"https:\/\/www.vdhurk.nl\/it\/mercedes-9\/velocista\/macchina\/\" \/>\n<meta property=\"og:locale\" content=\"it_IT\" \/>\n<meta property=\"og:type\" content=\"article\" \/>\n<meta property=\"og:title\" content=\"Op zoek naar een Mercedes Sprinter automaat?\" \/>\n<meta property=\"og:description\" content=\"Ontdek de betrouwbare Mercedes Sprinter automaat. Perfect voor zakelijk gebruik met ultiem rijcomfort, ruime laadruimte en moderne technologie.\" \/>\n<meta property=\"og:url\" content=\"https:\/\/www.vdhurk.nl\/it\/mercedes-9\/velocista\/macchina\/\" \/>\n<meta property=\"og:site_name\" content=\"Van den Hurk Bedrijfswagens\" \/>\n<meta name=\"twitter:card\" content=\"summary_large_image\" \/>\n<meta name=\"twitter:label1\" content=\"Tempo di lettura stimato\" \/>\n\t<meta name=\"twitter:data1\" content=\"4 minuti\" \/>\n<script type=\"application\/ld+json\" class=\"yoast-schema-graph\">{\"@context\":\"https:\\\/\\\/schema.org\",\"@graph\":[{\"@type\":\"WebPage\",\"@id\":\"https:\\\/\\\/www.vdhurk.nl\\\/mercedes-bedrijfswagens\\\/sprinter\\\/automaat\\\/\",\"url\":\"https:\\\/\\\/www.vdhurk.nl\\\/mercedes-bedrijfswagens\\\/sprinter\\\/automaat\\\/\",\"name\":\"Op zoek naar een Mercedes Sprinter automaat?\",\"isPartOf\":{\"@id\":\"https:\\\/\\\/www.vdhurk.nl\\\/#website\"},\"datePublished\":\"2025-02-06T16:15:21+00:00\",\"description\":\"Ontdek de betrouwbare Mercedes Sprinter automaat. Perfect voor zakelijk gebruik met ultiem rijcomfort, ruime laadruimte en moderne technologie.\",\"breadcrumb\":{\"@id\":\"https:\\\/\\\/www.vdhurk.nl\\\/mercedes-bedrijfswagens\\\/sprinter\\\/automaat\\\/#breadcrumb\"},\"inLanguage\":\"it-IT\",\"potentialAction\":[{\"@type\":\"ReadAction\",\"target\":[\"https:\\\/\\\/www.vdhurk.nl\\\/mercedes-bedrijfswagens\\\/sprinter\\\/automaat\\\/\"]}]},{\"@type\":\"BreadcrumbList\",\"@id\":\"https:\\\/\\\/www.vdhurk.nl\\\/mercedes-bedrijfswagens\\\/sprinter\\\/automaat\\\/#breadcrumb\",\"itemListElement\":[{\"@type\":\"ListItem\",\"position\":1,\"name\":\"Home\",\"item\":\"https:\\\/\\\/www.vdhurk.nl\\\/home\\\/\"},{\"@type\":\"ListItem\",\"position\":2,\"name\":\"Mercedes Bedrijfswagens\",\"item\":\"https:\\\/\\\/www.vdhurk.nl\\\/mercedes-bedrijfswagens\\\/\"},{\"@type\":\"ListItem\",\"position\":3,\"name\":\"Mercedes Sprinter\",\"item\":\"https:\\\/\\\/www.vdhurk.nl\\\/mercedes-bedrijfswagens\\\/sprinter\\\/\"},{\"@type\":\"ListItem\",\"position\":4,\"name\":\"Mercedes Sprinter Automaat\"}]},{\"@type\":\"WebSite\",\"@id\":\"https:\\\/\\\/www.vdhurk.nl\\\/#website\",\"url\":\"https:\\\/\\\/www.vdhurk.nl\\\/\",\"name\":\"Van den Hurk Bedrijfswagens\",\"description\":\"Van den Hurk bedrijfswagens Helmond\",\"potentialAction\":[{\"@type\":\"SearchAction\",\"target\":{\"@type\":\"EntryPoint\",\"urlTemplate\":\"https:\\\/\\\/www.vdhurk.nl\\\/?s={search_term_string}\"},\"query-input\":{\"@type\":\"PropertyValueSpecification\",\"valueRequired\":true,\"valueName\":\"search_term_string\"}}],\"inLanguage\":\"it-IT\"}]}<\/script>\n<!-- \/ Yoast SEO plugin. -->","yoast_head_json":{"title":"Cercate un Mercedes Sprinter automatico?","description":"Scoprite l'affidabile Mercedes Sprinter automatico. Perfetto per l'uso lavorativo, con il massimo comfort di guida, l'ampio spazio di carico e la tecnologia moderna.","robots":{"index":"index","follow":"follow","max-snippet":"max-snippet:-1","max-image-preview":"max-image-preview:large","max-video-preview":"max-video-preview:-1"},"canonical":"https:\/\/www.vdhurk.nl\/it\/mercedes-9\/velocista\/macchina\/","og_locale":"it_IT","og_type":"article","og_title":"Op zoek naar een Mercedes Sprinter automaat?","og_description":"Ontdek de betrouwbare Mercedes Sprinter automaat. Perfect voor zakelijk gebruik met ultiem rijcomfort, ruime laadruimte en moderne technologie.","og_url":"https:\/\/www.vdhurk.nl\/it\/mercedes-9\/velocista\/macchina\/","og_site_name":"Van den Hurk Bedrijfswagens","twitter_card":"summary_large_image","twitter_misc":{"Tempo di lettura stimato":"4 minuti"},"schema":{"@context":"https:\/\/schema.org","@graph":[{"@type":"WebPage","@id":"https:\/\/www.vdhurk.nl\/mercedes-bedrijfswagens\/sprinter\/automaat\/","url":"https:\/\/www.vdhurk.nl\/mercedes-bedrijfswagens\/sprinter\/automaat\/","name":"Cercate un Mercedes Sprinter automatico?","isPartOf":{"@id":"https:\/\/www.vdhurk.nl\/#website"},"datePublished":"2025-02-06T16:15:21+00:00","description":"Scoprite l'affidabile Mercedes Sprinter automatico. Perfetto per l'uso lavorativo, con il massimo comfort di guida, l'ampio spazio di carico e la tecnologia moderna.","breadcrumb":{"@id":"https:\/\/www.vdhurk.nl\/mercedes-bedrijfswagens\/sprinter\/automaat\/#breadcrumb"},"inLanguage":"it-IT","potentialAction":[{"@type":"ReadAction","target":["https:\/\/www.vdhurk.nl\/mercedes-bedrijfswagens\/sprinter\/automaat\/"]}]},{"@type":"BreadcrumbList","@id":"https:\/\/www.vdhurk.nl\/mercedes-bedrijfswagens\/sprinter\/automaat\/#breadcrumb","itemListElement":[{"@type":"ListItem","position":1,"name":"Home","item":"https:\/\/www.vdhurk.nl\/home\/"},{"@type":"ListItem","position":2,"name":"Mercedes Bedrijfswagens","item":"https:\/\/www.vdhurk.nl\/mercedes-bedrijfswagens\/"},{"@type":"ListItem","position":3,"name":"Mercedes Sprinter","item":"https:\/\/www.vdhurk.nl\/mercedes-bedrijfswagens\/sprinter\/"},{"@type":"ListItem","position":4,"name":"Mercedes Sprinter Automaat"}]},{"@type":"WebSite","@id":"https:\/\/www.vdhurk.nl\/#website","url":"https:\/\/www.vdhurk.nl\/","name":"Veicoli commerciali Van den Hurk","description":"Van den Hurk veicoli commerciali Helmond","potentialAction":[{"@type":"SearchAction","target":{"@type":"EntryPoint","urlTemplate":"https:\/\/www.vdhurk.nl\/?s={search_term_string}"},"query-input":{"@type":"PropertyValueSpecification","valueRequired":true,"valueName":"search_term_string"}}],"inLanguage":"it-IT"}]}},"_links":{"self":[{"href":"https:\/\/www.vdhurk.nl\/it\/wp-json\/wp\/v2\/pages\/442876","targetHints":{"allow":["GET"]}}],"collection":[{"href":"https:\/\/www.vdhurk.nl\/it\/wp-json\/wp\/v2\/pages"}],"about":[{"href":"https:\/\/www.vdhurk.nl\/it\/wp-json\/wp\/v2\/types\/page"}],"author":[{"embeddable":true,"href":"https:\/\/www.vdhurk.nl\/it\/wp-json\/wp\/v2\/users\/3"}],"replies":[{"embeddable":true,"href":"https:\/\/www.vdhurk.nl\/it\/wp-json\/wp\/v2\/comments?post=442876"}],"version-history":[{"count":5,"href":"https:\/\/www.vdhurk.nl\/it\/wp-json\/wp\/v2\/pages\/442876\/revisions"}],"predecessor-version":[{"id":442901,"href":"https:\/\/www.vdhurk.nl\/it\/wp-json\/wp\/v2\/pages\/442876\/revisions\/442901"}],"up":[{"embeddable":true,"href":"https:\/\/www.vdhurk.nl\/it\/wp-json\/wp\/v2\/pages\/393273"}],"wp:attachment":[{"href":"https:\/\/www.vdhurk.nl\/it\/wp-json\/wp\/v2\/media?parent=442876"}],"curies":[{"name":"wp","href":"https:\/\/api.w.org\/{rel}","templated":true}]}}