{"id":442871,"date":"2025-02-06T17:10:19","date_gmt":"2025-02-06T16:10:19","guid":{"rendered":"https:\/\/www.vdhurk.nl\/?page_id=442871"},"modified":"2025-02-06T17:10:19","modified_gmt":"2025-02-06T16:10:19","slug":"macchina","status":"publish","type":"page","link":"https:\/\/www.vdhurk.nl\/it\/mercedes-bedrijfswagens\/citan\/automaat\/","title":{"rendered":"Mercedes Citan Automatico"},"content":{"rendered":"<section  class='av_textblock_section av-lu8gnh7d-4ac895489941e586c1d7c8cb72318135'  itemscope=\"itemscope\" itemtype=\"https:\/\/schema.org\/CreativeWork\" ><div class='avia_textblock'  itemprop=\"text\" ><h1>Acquistare la Mercedes Citan automatica?<\/h1>\n<p>Trovate scomodo il cambio di marcia? Il Mercedes Citan automatico offre la soluzione perfetta. Questo veicolo commerciale compatto ma versatile combina senza sforzo comfort e prestazioni. Ideale per gli imprenditori che hanno bisogno di un veicolo commerciale affidabile nel traffico intenso. Leggete le specifiche e i vantaggi e scoprite perch\u00e9 il Mercedes Citan automatico \u00e8 cos\u00ec popolare.<\/p>\n<\/div><\/section>\n\n<style type=\"text\/css\" data-created_by=\"avia_inline_auto\" id=\"style-css-av-lujjddpd-afa3d7a9eabd61123e643ed1228e781e\">\n#top .hr.hr-invisible.av-lujjddpd-afa3d7a9eabd61123e643ed1228e781e{\nheight:50px;\n}\n<\/style>\n<div  class='hr av-lujjddpd-afa3d7a9eabd61123e643ed1228e781e hr-invisible  avia-builder-el-1  el_after_av_textblock  el_before_av_codeblock'><span class='hr-inner'><span class=\"hr-inner-style\"><\/span><\/span><\/div>\n\n\n<style type=\"text\/css\" data-created_by=\"avia_inline_auto\" id=\"style-css-av-ah0xd-63338d9dc6b40410e22a712829c369d6\">\n#top .hr.hr-invisible.av-ah0xd-63338d9dc6b40410e22a712829c369d6{\nheight:50px;\n}\n<\/style>\n<div  class='hr av-ah0xd-63338d9dc6b40410e22a712829c369d6 hr-invisible  avia-builder-el-3  el_after_av_codeblock  el_before_av_textblock'><span class='hr-inner'><span class=\"hr-inner-style\"><\/span><\/span><\/div>\n<section  class='av_textblock_section av-lu8gow1e-300853e458ed741bd87d6cb78e55cc7a'  itemscope=\"itemscope\" itemtype=\"https:\/\/schema.org\/CreativeWork\" ><div class='avia_textblock'  itemprop=\"text\" ><h2>I vantaggi di un sistema automatico<\/h2>\n<p>Sempre pi\u00f9 aziende scelgono un'auto aziendale con cambio automatico, e per una buona ragione. Dopo tutto, l'automatico offre diversi vantaggi che si adattano perfettamente alle esigenze delle aziende. Ad esempio, molti conducenti sperimentano un maggiore comfort e facilit\u00e0 d'uso, poich\u00e9 non \u00e8 pi\u00f9 necessario cambiare marcia. Questo rende il cambio automatico ideale per il traffico intenso, come ad esempio gli ingorghi. Inoltre, \u00e8 possibile concentrarsi completamente sulla strada, mentre l'auto si guida facilmente e non pu\u00f2 spegnersi come un'auto con il cambio. Grazie a questi vantaggi, i modelli Mercedes Citan sono una scelta intelligente e affidabile per la vostra azienda.<\/p>\n<\/div><\/section>\n<div class='flex_column av-f64w1-da126f42b61613402309283c14245a25 av_one_half  avia-builder-el-5  el_after_av_textblock  el_before_av_one_third  first flex_column_div column-top-margin'   ><section  class='av_textblock_section av-lu8gpqre-73cc2c17e6a6497ba6e1b58af22bd9e8'  itemscope=\"itemscope\" itemtype=\"https:\/\/schema.org\/CreativeWork\" ><div class='avia_textblock'  itemprop=\"text\" ><h2>Perch\u00e9 scegliere il Mercedes Citan automatico?<\/h2>\n<p>Il Mercedes Citan si distingue come veicolo commerciale unico nel suo genere grazie alla sua versatilit\u00e0 e al suo design intelligente. Ci\u00f2 che rende popolare questo veicolo commerciale \u00e8 il suo buon equilibrio tra robustezza e comfort. Il Citan non solo offre un'impressionante capacit\u00e0 di carico e interni personalizzabili, ma combina il tutto con l'affidabilit\u00e0 per cui Mercedes-Benz \u00e8 nota. Inoltre, l'efficienza dei consumi riduce i costi operativi, rendendolo ideale per le aziende che percorrono distanze brevi e lunghe. Queste caratteristiche uniche rendono il Mercedes Citan un partner indispensabile per le aziende.<\/p>\n<\/div><\/section><\/div><div class='flex_column av-aldk9-ee694297f5c4032981677a02caab84d6 av_one_third  avia-builder-el-7  el_after_av_one_half  el_before_av_hr  flex_column_div column-top-margin'   ><style type=\"text\/css\" data-created_by=\"avia_inline_auto\" id=\"style-css-av-l1w9kpsf-4ec3fab772ec7a9adaa33cfc64ff0475\">\n.avia-image-container.av-l1w9kpsf-4ec3fab772ec7a9adaa33cfc64ff0475 .av-image-caption-overlay-center{\ncolor:#ffffff;\n}\n<\/style>\n<div  class='avia-image-container av-l1w9kpsf-4ec3fab772ec7a9adaa33cfc64ff0475 av-styling- avia-align-center  avia-builder-el-8  avia-builder-el-no-sibling'  itemprop=\"image\" itemscope=\"itemscope\" itemtype=\"https:\/\/schema.org\/ImageObject\" ><div class=\"avia-image-container-inner\"><div class=\"avia-image-overlay-wrap\"><img decoding=\"async\" class='wp-image-187 avia-img-lazy-loading-not-187 avia_image' src=\"https:\/\/www.vdhurk.nl\/wp-content\/uploads\/2022\/03\/Voorrad.png\" alt='' title='Stock'  height=\"758\" width=\"1135\"  itemprop=\"thumbnailUrl\" srcset=\"https:\/\/www.vdhurk.nl\/wp-content\/uploads\/2022\/03\/Voorrad.png 1135w, https:\/\/www.vdhurk.nl\/wp-content\/uploads\/2022\/03\/Voorrad-300x200.png 300w, https:\/\/www.vdhurk.nl\/wp-content\/uploads\/2022\/03\/Voorrad-1030x688.png 1030w, https:\/\/www.vdhurk.nl\/wp-content\/uploads\/2022\/03\/Voorrad-768x513.png 768w, https:\/\/www.vdhurk.nl\/wp-content\/uploads\/2022\/03\/Voorrad-18x12.png 18w, https:\/\/www.vdhurk.nl\/wp-content\/uploads\/2022\/03\/Voorrad-705x471.png 705w\" sizes=\"(max-width: 1135px) 100vw, 1135px\" \/><\/div><\/div><\/div><\/div><\/p>\n\n<style type=\"text\/css\" data-created_by=\"avia_inline_auto\" id=\"style-css-av-luqrjpjc-5a23a1fb5f94718ca85316a9df963e2f\">\n#top .hr.hr-invisible.av-luqrjpjc-5a23a1fb5f94718ca85316a9df963e2f{\nheight:50px;\n}\n<\/style>\n<div  class='hr av-luqrjpjc-5a23a1fb5f94718ca85316a9df963e2f hr-invisible  avia-builder-el-9  el_after_av_one_third  el_before_av_textblock'><span class='hr-inner'><span class=\"hr-inner-style\"><\/span><\/span><\/div>\n<section  class='av_textblock_section av-lu8gtjw7-4f3cee9304909518d86d2860d9d582dd'  itemscope=\"itemscope\" itemtype=\"https:\/\/schema.org\/CreativeWork\" ><div class='avia_textblock'  itemprop=\"text\" ><h2>Leasing di una Mercedes Citan?<\/h2>\n<p>La scelta della giusta auto aziendale \u00e8 un passo importante per la vostra attivit\u00e0. Van den Hurk vi offre la possibilit\u00e0 di scegliere il leasing finanziario. Questa opzione vi consente di beneficiare di costi mensili fissi senza dover fare un grande investimento in una sola volta. Questo non solo offre una maggiore sicurezza finanziaria, ma anche vantaggi come la flessibilit\u00e0. Inoltre, non dovete preoccuparvi della svalutazione immediata. Per chi preferisce la propriet\u00e0 immediata, c'\u00e8 anche la possibilit\u00e0 di acquistare un Mercedes Vito in un'unica soluzione. La scelta pi\u00f9 adatta alla vostra attivit\u00e0 dipende dalle vostre esigenze. Siete curiosi di conoscere le opzioni? Scoprite di pi\u00f9 su <a href=\"https:\/\/www.vdhurk.nl\/it\/locazione-finanziaria\/\">locazione finanziaria<\/a> o l'acquisto diretto e trovare la soluzione perfetta per la vostra azienda.<\/p>\n<h2>In quale fascia di prezzo rientra il Mercedes Citan automatico?<\/h2>\n<p>Il prezzo di un Mercedes Citan dipende dalla versione e dalle specifiche scelte. Ogni azienda ha desideri ed esigenze diverse e questo modello offre numerose opzioni per soddisfarle. Che si opti per una versione base o per un modello pi\u00f9 lussuoso con opzioni extra, con Mercedes-Benz si pu\u00f2 sempre contare su un giusto rapporto qualit\u00e0-prezzo. Volete conoscere il prezzo del Mercedes Citan? Mettetevi in contatto con noi. Saremo lieti di dirvi di pi\u00f9.<\/p>\n<h2>Acquistare un Mercedes Citan? Scoprite l'offerta!<\/h2>\n<p>Acquistare una Mercedes Citan usata o nuova? Entrambe le opzioni sono possibili. Desideriamo aiutarvi a fare la scelta migliore, per questo siamo lieti di illustrarvi i nostri veicoli commerciali. In questo modo troveremo sempre un furgone che si adatta perfettamente alle vostre esigenze aziendali.<\/p>\n<\/div><\/section>","protected":false},"excerpt":{"rendered":"","protected":false},"author":3,"featured_media":0,"parent":397532,"menu_order":0,"comment_status":"closed","ping_status":"closed","template":"","meta":{"_acf_changed":false,"_improvement_type_select":"improve_an_existing","_thumb_yes_seoaic":false,"_frame_yes_seoaic":false,"seoaic_generate_description":"","seoaic_improve_instructions_prompt":"","seoaic_rollback_content_improvement":"","seoaic_idea_thumbnail_generator":"","thumbnail_generated":false,"thumbnail_generate_prompt":"","seoaic_article_description":"","footnotes":""},"class_list":["post-442871","page","type-page","status-publish","hentry"],"acf":[],"yoast_head":"<!-- This site is optimized with the Yoast SEO plugin v27.5 - https:\/\/yoast.com\/product\/yoast-seo-wordpress\/ -->\n<title>Mercedes Citan automaat kopen?<\/title>\n<meta name=\"description\" content=\"Op zoek naar een Mercedes Citan automaat? Bekijk ons aanbod en vind de bedrijfswagen die helemaal past bij jouw zakelijke behoeften.\" \/>\n<meta name=\"robots\" content=\"index, follow, max-snippet:-1, max-image-preview:large, max-video-preview:-1\" \/>\n<link rel=\"canonical\" href=\"https:\/\/www.vdhurk.nl\/it\/mercedes-9\/mercedes-22\/macchina\/\" \/>\n<meta property=\"og:locale\" content=\"it_IT\" \/>\n<meta property=\"og:type\" content=\"article\" \/>\n<meta property=\"og:title\" content=\"Mercedes Citan automaat kopen?\" \/>\n<meta property=\"og:description\" content=\"Op zoek naar een Mercedes Citan automaat? Bekijk ons aanbod en vind de bedrijfswagen die helemaal past bij jouw zakelijke behoeften.\" \/>\n<meta property=\"og:url\" content=\"https:\/\/www.vdhurk.nl\/it\/mercedes-9\/mercedes-22\/macchina\/\" \/>\n<meta property=\"og:site_name\" content=\"Van den Hurk Bedrijfswagens\" \/>\n<meta name=\"twitter:card\" content=\"summary_large_image\" \/>\n<meta name=\"twitter:label1\" content=\"Tempo di lettura stimato\" \/>\n\t<meta name=\"twitter:data1\" content=\"4 minuti\" \/>\n<script type=\"application\/ld+json\" class=\"yoast-schema-graph\">{\"@context\":\"https:\\\/\\\/schema.org\",\"@graph\":[{\"@type\":\"WebPage\",\"@id\":\"https:\\\/\\\/www.vdhurk.nl\\\/mercedes-bedrijfswagens\\\/citan\\\/automaat\\\/\",\"url\":\"https:\\\/\\\/www.vdhurk.nl\\\/mercedes-bedrijfswagens\\\/citan\\\/automaat\\\/\",\"name\":\"Mercedes Citan automaat kopen?\",\"isPartOf\":{\"@id\":\"https:\\\/\\\/www.vdhurk.nl\\\/#website\"},\"datePublished\":\"2025-02-06T16:10:19+00:00\",\"description\":\"Op zoek naar een Mercedes Citan automaat? Bekijk ons aanbod en vind de bedrijfswagen die helemaal past bij jouw zakelijke behoeften.\",\"breadcrumb\":{\"@id\":\"https:\\\/\\\/www.vdhurk.nl\\\/mercedes-bedrijfswagens\\\/citan\\\/automaat\\\/#breadcrumb\"},\"inLanguage\":\"it-IT\",\"potentialAction\":[{\"@type\":\"ReadAction\",\"target\":[\"https:\\\/\\\/www.vdhurk.nl\\\/mercedes-bedrijfswagens\\\/citan\\\/automaat\\\/\"]}]},{\"@type\":\"BreadcrumbList\",\"@id\":\"https:\\\/\\\/www.vdhurk.nl\\\/mercedes-bedrijfswagens\\\/citan\\\/automaat\\\/#breadcrumb\",\"itemListElement\":[{\"@type\":\"ListItem\",\"position\":1,\"name\":\"Home\",\"item\":\"https:\\\/\\\/www.vdhurk.nl\\\/home\\\/\"},{\"@type\":\"ListItem\",\"position\":2,\"name\":\"Mercedes Bedrijfswagens\",\"item\":\"https:\\\/\\\/www.vdhurk.nl\\\/mercedes-bedrijfswagens\\\/\"},{\"@type\":\"ListItem\",\"position\":3,\"name\":\"Mercedes Citan\",\"item\":\"https:\\\/\\\/www.vdhurk.nl\\\/mercedes-bedrijfswagens\\\/citan\\\/\"},{\"@type\":\"ListItem\",\"position\":4,\"name\":\"Mercedes Citan Automaat\"}]},{\"@type\":\"WebSite\",\"@id\":\"https:\\\/\\\/www.vdhurk.nl\\\/#website\",\"url\":\"https:\\\/\\\/www.vdhurk.nl\\\/\",\"name\":\"Van den Hurk Bedrijfswagens\",\"description\":\"Van den Hurk bedrijfswagens Helmond\",\"potentialAction\":[{\"@type\":\"SearchAction\",\"target\":{\"@type\":\"EntryPoint\",\"urlTemplate\":\"https:\\\/\\\/www.vdhurk.nl\\\/?s={search_term_string}\"},\"query-input\":{\"@type\":\"PropertyValueSpecification\",\"valueRequired\":true,\"valueName\":\"search_term_string\"}}],\"inLanguage\":\"it-IT\"}]}<\/script>\n<!-- \/ Yoast SEO plugin. -->","yoast_head_json":{"title":"Acquistare la Mercedes Citan automatica?","description":"Cercate un Mercedes Citan automatico? Scoprite la nostra gamma e trovate il veicolo commerciale pi\u00f9 adatto alle vostre esigenze.","robots":{"index":"index","follow":"follow","max-snippet":"max-snippet:-1","max-image-preview":"max-image-preview:large","max-video-preview":"max-video-preview:-1"},"canonical":"https:\/\/www.vdhurk.nl\/it\/mercedes-9\/mercedes-22\/macchina\/","og_locale":"it_IT","og_type":"article","og_title":"Mercedes Citan automaat kopen?","og_description":"Op zoek naar een Mercedes Citan automaat? Bekijk ons aanbod en vind de bedrijfswagen die helemaal past bij jouw zakelijke behoeften.","og_url":"https:\/\/www.vdhurk.nl\/it\/mercedes-9\/mercedes-22\/macchina\/","og_site_name":"Van den Hurk Bedrijfswagens","twitter_card":"summary_large_image","twitter_misc":{"Tempo di lettura stimato":"4 minuti"},"schema":{"@context":"https:\/\/schema.org","@graph":[{"@type":"WebPage","@id":"https:\/\/www.vdhurk.nl\/mercedes-bedrijfswagens\/citan\/automaat\/","url":"https:\/\/www.vdhurk.nl\/mercedes-bedrijfswagens\/citan\/automaat\/","name":"Acquistare la Mercedes Citan automatica?","isPartOf":{"@id":"https:\/\/www.vdhurk.nl\/#website"},"datePublished":"2025-02-06T16:10:19+00:00","description":"Cercate un Mercedes Citan automatico? Scoprite la nostra gamma e trovate il veicolo commerciale pi\u00f9 adatto alle vostre esigenze.","breadcrumb":{"@id":"https:\/\/www.vdhurk.nl\/mercedes-bedrijfswagens\/citan\/automaat\/#breadcrumb"},"inLanguage":"it-IT","potentialAction":[{"@type":"ReadAction","target":["https:\/\/www.vdhurk.nl\/mercedes-bedrijfswagens\/citan\/automaat\/"]}]},{"@type":"BreadcrumbList","@id":"https:\/\/www.vdhurk.nl\/mercedes-bedrijfswagens\/citan\/automaat\/#breadcrumb","itemListElement":[{"@type":"ListItem","position":1,"name":"Home","item":"https:\/\/www.vdhurk.nl\/home\/"},{"@type":"ListItem","position":2,"name":"Mercedes Bedrijfswagens","item":"https:\/\/www.vdhurk.nl\/mercedes-bedrijfswagens\/"},{"@type":"ListItem","position":3,"name":"Mercedes Citan","item":"https:\/\/www.vdhurk.nl\/mercedes-bedrijfswagens\/citan\/"},{"@type":"ListItem","position":4,"name":"Mercedes Citan Automaat"}]},{"@type":"WebSite","@id":"https:\/\/www.vdhurk.nl\/#website","url":"https:\/\/www.vdhurk.nl\/","name":"Veicoli commerciali Van den Hurk","description":"Van den Hurk veicoli commerciali Helmond","potentialAction":[{"@type":"SearchAction","target":{"@type":"EntryPoint","urlTemplate":"https:\/\/www.vdhurk.nl\/?s={search_term_string}"},"query-input":{"@type":"PropertyValueSpecification","valueRequired":true,"valueName":"search_term_string"}}],"inLanguage":"it-IT"}]}},"_links":{"self":[{"href":"https:\/\/www.vdhurk.nl\/it\/wp-json\/wp\/v2\/pages\/442871","targetHints":{"allow":["GET"]}}],"collection":[{"href":"https:\/\/www.vdhurk.nl\/it\/wp-json\/wp\/v2\/pages"}],"about":[{"href":"https:\/\/www.vdhurk.nl\/it\/wp-json\/wp\/v2\/types\/page"}],"author":[{"embeddable":true,"href":"https:\/\/www.vdhurk.nl\/it\/wp-json\/wp\/v2\/users\/3"}],"replies":[{"embeddable":true,"href":"https:\/\/www.vdhurk.nl\/it\/wp-json\/wp\/v2\/comments?post=442871"}],"version-history":[{"count":4,"href":"https:\/\/www.vdhurk.nl\/it\/wp-json\/wp\/v2\/pages\/442871\/revisions"}],"predecessor-version":[{"id":442875,"href":"https:\/\/www.vdhurk.nl\/it\/wp-json\/wp\/v2\/pages\/442871\/revisions\/442875"}],"up":[{"embeddable":true,"href":"https:\/\/www.vdhurk.nl\/it\/wp-json\/wp\/v2\/pages\/397532"}],"wp:attachment":[{"href":"https:\/\/www.vdhurk.nl\/it\/wp-json\/wp\/v2\/media?parent=442871"}],"curies":[{"name":"wp","href":"https:\/\/api.w.org\/{rel}","templated":true}]}}