{"id":442867,"date":"2025-02-06T16:55:30","date_gmt":"2025-02-06T15:55:30","guid":{"rendered":"https:\/\/www.vdhurk.nl\/?page_id=442867"},"modified":"2025-02-06T17:23:50","modified_gmt":"2025-02-06T16:23:50","slug":"macchina","status":"publish","type":"page","link":"https:\/\/www.vdhurk.nl\/it\/mercedes-bedrijfswagens\/vito\/automaat\/","title":{"rendered":"Mercedes Vito Automatico"},"content":{"rendered":"<section  class='av_textblock_section av-lu8gnh7d-4ac895489941e586c1d7c8cb72318135'  itemscope=\"itemscope\" itemtype=\"https:\/\/schema.org\/CreativeWork\" ><div class='avia_textblock'  itemprop=\"text\" ><h1>Tutto sul cambio automatico del Mercedes Vito<\/h1>\n<p>Trovate poco pratico o scomodo il cambio di marcia? Il Mercedes Vito automatico \u00e8 la soluzione. Questo versatile veicolo commerciale combina comfort e prestazioni ed \u00e8 apprezzato da anni dagli imprenditori. Leggete le specifiche e i vantaggi e scoprite cosa rende questo veicolo commerciale cos\u00ec popolare.<\/p>\n<\/div><\/section>\n\n<style type=\"text\/css\" data-created_by=\"avia_inline_auto\" id=\"style-css-av-lujjddpd-afa3d7a9eabd61123e643ed1228e781e\">\n#top .hr.hr-invisible.av-lujjddpd-afa3d7a9eabd61123e643ed1228e781e{\nheight:50px;\n}\n<\/style>\n<div  class='hr av-lujjddpd-afa3d7a9eabd61123e643ed1228e781e hr-invisible  avia-builder-el-1  el_after_av_textblock  el_before_av_codeblock'><span class='hr-inner'><span class=\"hr-inner-style\"><\/span><\/span><\/div>\n\n\n<style type=\"text\/css\" data-created_by=\"avia_inline_auto\" id=\"style-css-av-ah0xd-63338d9dc6b40410e22a712829c369d6\">\n#top .hr.hr-invisible.av-ah0xd-63338d9dc6b40410e22a712829c369d6{\nheight:50px;\n}\n<\/style>\n<div  class='hr av-ah0xd-63338d9dc6b40410e22a712829c369d6 hr-invisible  avia-builder-el-3  el_after_av_codeblock  el_before_av_textblock'><span class='hr-inner'><span class=\"hr-inner-style\"><\/span><\/span><\/div>\n<section  class='av_textblock_section av-lu8gow1e-300853e458ed741bd87d6cb78e55cc7a'  itemscope=\"itemscope\" itemtype=\"https:\/\/schema.org\/CreativeWork\" ><div class='avia_textblock'  itemprop=\"text\" ><h2>Perch\u00e9 scegliere un automatico?<\/h2>\n<p>Sempre pi\u00f9 spesso le aziende optano per un'auto aziendale con cambio automatico, e per una buona ragione. L'automatico offre infatti diversi vantaggi che si adattano alle esigenze delle aziende. Per esempio, molti conducenti trovano il cambio automatico pi\u00f9 comodo e semplice da usare, perch\u00e9 non \u00e8 pi\u00f9 necessario cambiare marcia. Questa \u00e8 una manna dal cielo soprattutto nel traffico intenso, come gli ingorghi o la distribuzione urbana. Con l'automatico ci si concentra completamente sulla strada e, a differenza delle auto con cambio, il veicolo si blocca raramente, se non mai. Con tutti questi vantaggi, i modelli Mercedes Vito sono una scelta intelligente per la vostra azienda.<\/p>\n<\/div><\/section>\n<div class='flex_column av-f64w1-da126f42b61613402309283c14245a25 av_one_half  avia-builder-el-5  el_after_av_textblock  el_before_av_one_third  first flex_column_div column-top-margin'   ><section  class='av_textblock_section av-lu8gpqre-73cc2c17e6a6497ba6e1b58af22bd9e8'  itemscope=\"itemscope\" itemtype=\"https:\/\/schema.org\/CreativeWork\" ><div class='avia_textblock'  itemprop=\"text\" ><h2>Vantaggi di un Mercedes Vito<\/h2>\n<p>Il Mercedes Vito si distingue dagli altri veicoli commerciali per diversi aspetti. Il marchio si \u00e8 costruito una reputazione di grande affidabilit\u00e0 grazie alla qualit\u00e0 costante di tutti i suoi modelli. Progettato per un uso intensivo, il Vito offre un comfort eccellente e dispone di raffinati sistemi di assistenza alla guida che garantiscono condizioni di traffico sicure. Inoltre, il Mercedes Vito \u00e8 disponibile in diversi allestimenti, per cui c'\u00e8 sempre un modello adatto alle vostre specifiche esigenze aziendali. Grazie a opzioni come la disposizione intelligente del vano di carico, \u00e8 possibile adattare il Vito alle proprie attivit\u00e0.<\/p>\n<\/div><\/section><\/div>\n<div class='flex_column av-aldk9-ee694297f5c4032981677a02caab84d6 av_one_third  avia-builder-el-7  el_after_av_one_half  el_before_av_hr  flex_column_div column-top-margin'   ><style type=\"text\/css\" data-created_by=\"avia_inline_auto\" id=\"style-css-av-l1w9kpsf-4ec3fab772ec7a9adaa33cfc64ff0475\">\n.avia-image-container.av-l1w9kpsf-4ec3fab772ec7a9adaa33cfc64ff0475 .av-image-caption-overlay-center{\ncolor:#ffffff;\n}\n<\/style>\n<div  class='avia-image-container av-l1w9kpsf-4ec3fab772ec7a9adaa33cfc64ff0475 av-styling- avia-align-center  avia-builder-el-8  avia-builder-el-no-sibling'  itemprop=\"image\" itemscope=\"itemscope\" itemtype=\"https:\/\/schema.org\/ImageObject\" ><div class=\"avia-image-container-inner\"><div class=\"avia-image-overlay-wrap\"><img decoding=\"async\" class='wp-image-187 avia-img-lazy-loading-not-187 avia_image' src=\"https:\/\/www.vdhurk.nl\/wp-content\/uploads\/2022\/03\/Voorrad.png\" alt='' title='Stock'  height=\"758\" width=\"1135\"  itemprop=\"thumbnailUrl\" srcset=\"https:\/\/www.vdhurk.nl\/wp-content\/uploads\/2022\/03\/Voorrad.png 1135w, https:\/\/www.vdhurk.nl\/wp-content\/uploads\/2022\/03\/Voorrad-300x200.png 300w, https:\/\/www.vdhurk.nl\/wp-content\/uploads\/2022\/03\/Voorrad-1030x688.png 1030w, https:\/\/www.vdhurk.nl\/wp-content\/uploads\/2022\/03\/Voorrad-768x513.png 768w, https:\/\/www.vdhurk.nl\/wp-content\/uploads\/2022\/03\/Voorrad-18x12.png 18w, https:\/\/www.vdhurk.nl\/wp-content\/uploads\/2022\/03\/Voorrad-705x471.png 705w\" sizes=\"(max-width: 1135px) 100vw, 1135px\" \/><\/div><\/div><\/div><\/div>\n\n<style type=\"text\/css\" data-created_by=\"avia_inline_auto\" id=\"style-css-av-luqrjpjc-5a23a1fb5f94718ca85316a9df963e2f\">\n#top .hr.hr-invisible.av-luqrjpjc-5a23a1fb5f94718ca85316a9df963e2f{\nheight:50px;\n}\n<\/style>\n<div  class='hr av-luqrjpjc-5a23a1fb5f94718ca85316a9df963e2f hr-invisible  avia-builder-el-9  el_after_av_one_third  el_before_av_textblock'><span class='hr-inner'><span class=\"hr-inner-style\"><\/span><\/span><\/div>\n<section  class='av_textblock_section av-lu8gtjw7-4f3cee9304909518d86d2860d9d582dd'  itemscope=\"itemscope\" itemtype=\"https:\/\/schema.org\/CreativeWork\" ><div class='avia_textblock'  itemprop=\"text\" ><h2>Acquistare o prendere in leasing un Mercedes Vito?<\/h2>\n<p>Quando si acquista un'auto aziendale, \u00e8 importante considerare l'opzione pi\u00f9 adatta alla propria attivit\u00e0. In Van den Hurk, potete scegliere <a href=\"https:\/\/www.vdhurk.nl\/it\/locazione-finanziaria\/\">locazione finanziaria<\/a>In questo modo si beneficia di costi mensili fissi e non si deve fare un grande investimento in una sola volta. In questo modo si garantisce la prevedibilit\u00e0 del budget e, allo stesso tempo, si ha meno a che fare con la svalutazione. Inoltre, il leasing di un'auto aziendale offre molti altri vantaggi, come la flessibilit\u00e0 e le agevolazioni fiscali. Naturalmente, potete anche scegliere di acquistare un Mercedes Vito a titolo definitivo, se preferite fare l'intero investimento in un'unica soluzione. Entrambe le opzioni offrono i loro vantaggi, a seconda delle esigenze della vostra azienda. Volete saperne di pi\u00f9? Scoprite tutte le opzioni di leasing finanziario e di acquisto.<\/p>\n<h2>Visualizza l'offerta<\/h2>\n<p>State acquistando un Mercedes Vito? O avete bisogno di ulteriori informazioni? In qualit\u00e0 di concessionario Mercedes Vito, saremo lieti di fornirvi maggiori informazioni su questo modello, in modo che possiate fare una scelta consapevole. Che scegliate un Mercedes Vito usato o nuovo, troverete sempre un veicolo commerciale adatto alla vostra attivit\u00e0.<\/p>\n<\/div><\/section>","protected":false},"excerpt":{"rendered":"","protected":false},"author":3,"featured_media":0,"parent":393278,"menu_order":0,"comment_status":"closed","ping_status":"closed","template":"","meta":{"_acf_changed":false,"_improvement_type_select":"improve_an_existing","_thumb_yes_seoaic":false,"_frame_yes_seoaic":false,"seoaic_generate_description":"","seoaic_improve_instructions_prompt":"","seoaic_rollback_content_improvement":"","seoaic_idea_thumbnail_generator":"","thumbnail_generated":false,"thumbnail_generate_prompt":"","seoaic_article_description":"","footnotes":""},"class_list":["post-442867","page","type-page","status-publish","hentry"],"acf":[],"yoast_head":"<!-- This site is optimized with the Yoast SEO plugin v27.5 - https:\/\/yoast.com\/product\/yoast-seo-wordpress\/ -->\n<title>Mercedes Vito Automaat | Comfort en gemak in \u00e9\u00e9n<\/title>\n<meta name=\"description\" content=\"Ontdek de Mercedes Vito Automaat: ultiem rijcomfort, betrouwbaarheid en veelzijdigheid. Bekijk ons aanbod!\" \/>\n<meta name=\"robots\" content=\"index, follow, max-snippet:-1, max-image-preview:large, max-video-preview:-1\" \/>\n<link rel=\"canonical\" href=\"https:\/\/www.vdhurk.nl\/it\/mercedes-9\/mercedes-20\/macchina\/\" \/>\n<meta property=\"og:locale\" content=\"it_IT\" \/>\n<meta property=\"og:type\" content=\"article\" \/>\n<meta property=\"og:title\" content=\"Mercedes Vito Automaat | Comfort en gemak in \u00e9\u00e9n\" \/>\n<meta property=\"og:description\" content=\"Ontdek de Mercedes Vito Automaat: ultiem rijcomfort, betrouwbaarheid en veelzijdigheid. Bekijk ons aanbod!\" \/>\n<meta property=\"og:url\" content=\"https:\/\/www.vdhurk.nl\/it\/mercedes-9\/mercedes-20\/macchina\/\" \/>\n<meta property=\"og:site_name\" content=\"Van den Hurk Bedrijfswagens\" \/>\n<meta property=\"article:modified_time\" content=\"2025-02-06T16:23:50+00:00\" \/>\n<meta name=\"twitter:card\" content=\"summary_large_image\" \/>\n<meta name=\"twitter:label1\" content=\"Tempo di lettura stimato\" \/>\n\t<meta name=\"twitter:data1\" content=\"4 minuti\" \/>\n<script type=\"application\/ld+json\" class=\"yoast-schema-graph\">{\"@context\":\"https:\\\/\\\/schema.org\",\"@graph\":[{\"@type\":\"WebPage\",\"@id\":\"https:\\\/\\\/www.vdhurk.nl\\\/mercedes-bedrijfswagens\\\/vito\\\/automaat\\\/\",\"url\":\"https:\\\/\\\/www.vdhurk.nl\\\/mercedes-bedrijfswagens\\\/vito\\\/automaat\\\/\",\"name\":\"Mercedes Vito Automaat | Comfort en gemak in \u00e9\u00e9n\",\"isPartOf\":{\"@id\":\"https:\\\/\\\/www.vdhurk.nl\\\/#website\"},\"datePublished\":\"2025-02-06T15:55:30+00:00\",\"dateModified\":\"2025-02-06T16:23:50+00:00\",\"description\":\"Ontdek de Mercedes Vito Automaat: ultiem rijcomfort, betrouwbaarheid en veelzijdigheid. Bekijk ons aanbod!\",\"breadcrumb\":{\"@id\":\"https:\\\/\\\/www.vdhurk.nl\\\/mercedes-bedrijfswagens\\\/vito\\\/automaat\\\/#breadcrumb\"},\"inLanguage\":\"it-IT\",\"potentialAction\":[{\"@type\":\"ReadAction\",\"target\":[\"https:\\\/\\\/www.vdhurk.nl\\\/mercedes-bedrijfswagens\\\/vito\\\/automaat\\\/\"]}]},{\"@type\":\"BreadcrumbList\",\"@id\":\"https:\\\/\\\/www.vdhurk.nl\\\/mercedes-bedrijfswagens\\\/vito\\\/automaat\\\/#breadcrumb\",\"itemListElement\":[{\"@type\":\"ListItem\",\"position\":1,\"name\":\"Home\",\"item\":\"https:\\\/\\\/www.vdhurk.nl\\\/home\\\/\"},{\"@type\":\"ListItem\",\"position\":2,\"name\":\"Mercedes Bedrijfswagens\",\"item\":\"https:\\\/\\\/www.vdhurk.nl\\\/mercedes-bedrijfswagens\\\/\"},{\"@type\":\"ListItem\",\"position\":3,\"name\":\"Mercedes Vito\",\"item\":\"https:\\\/\\\/www.vdhurk.nl\\\/mercedes-bedrijfswagens\\\/vito\\\/\"},{\"@type\":\"ListItem\",\"position\":4,\"name\":\"Mercedes Vito Automaat\"}]},{\"@type\":\"WebSite\",\"@id\":\"https:\\\/\\\/www.vdhurk.nl\\\/#website\",\"url\":\"https:\\\/\\\/www.vdhurk.nl\\\/\",\"name\":\"Van den Hurk Bedrijfswagens\",\"description\":\"Van den Hurk bedrijfswagens Helmond\",\"potentialAction\":[{\"@type\":\"SearchAction\",\"target\":{\"@type\":\"EntryPoint\",\"urlTemplate\":\"https:\\\/\\\/www.vdhurk.nl\\\/?s={search_term_string}\"},\"query-input\":{\"@type\":\"PropertyValueSpecification\",\"valueRequired\":true,\"valueName\":\"search_term_string\"}}],\"inLanguage\":\"it-IT\"}]}<\/script>\n<!-- \/ Yoast SEO plugin. -->","yoast_head_json":{"title":"Mercedes Vito Automatic | Comfort e comodit\u00e0 in uno","description":"Scoprite il Mercedes Vito Automatic: il massimo del comfort di guida, dell'affidabilit\u00e0 e della versatilit\u00e0. Scopri la nostra gamma!","robots":{"index":"index","follow":"follow","max-snippet":"max-snippet:-1","max-image-preview":"max-image-preview:large","max-video-preview":"max-video-preview:-1"},"canonical":"https:\/\/www.vdhurk.nl\/it\/mercedes-9\/mercedes-20\/macchina\/","og_locale":"it_IT","og_type":"article","og_title":"Mercedes Vito Automaat | Comfort en gemak in \u00e9\u00e9n","og_description":"Ontdek de Mercedes Vito Automaat: ultiem rijcomfort, betrouwbaarheid en veelzijdigheid. Bekijk ons aanbod!","og_url":"https:\/\/www.vdhurk.nl\/it\/mercedes-9\/mercedes-20\/macchina\/","og_site_name":"Van den Hurk Bedrijfswagens","article_modified_time":"2025-02-06T16:23:50+00:00","twitter_card":"summary_large_image","twitter_misc":{"Tempo di lettura stimato":"4 minuti"},"schema":{"@context":"https:\/\/schema.org","@graph":[{"@type":"WebPage","@id":"https:\/\/www.vdhurk.nl\/mercedes-bedrijfswagens\/vito\/automaat\/","url":"https:\/\/www.vdhurk.nl\/mercedes-bedrijfswagens\/vito\/automaat\/","name":"Mercedes Vito Automatic | Comfort e comodit\u00e0 in uno","isPartOf":{"@id":"https:\/\/www.vdhurk.nl\/#website"},"datePublished":"2025-02-06T15:55:30+00:00","dateModified":"2025-02-06T16:23:50+00:00","description":"Scoprite il Mercedes Vito Automatic: il massimo del comfort di guida, dell'affidabilit\u00e0 e della versatilit\u00e0. Scopri la nostra gamma!","breadcrumb":{"@id":"https:\/\/www.vdhurk.nl\/mercedes-bedrijfswagens\/vito\/automaat\/#breadcrumb"},"inLanguage":"it-IT","potentialAction":[{"@type":"ReadAction","target":["https:\/\/www.vdhurk.nl\/mercedes-bedrijfswagens\/vito\/automaat\/"]}]},{"@type":"BreadcrumbList","@id":"https:\/\/www.vdhurk.nl\/mercedes-bedrijfswagens\/vito\/automaat\/#breadcrumb","itemListElement":[{"@type":"ListItem","position":1,"name":"Home","item":"https:\/\/www.vdhurk.nl\/home\/"},{"@type":"ListItem","position":2,"name":"Mercedes Bedrijfswagens","item":"https:\/\/www.vdhurk.nl\/mercedes-bedrijfswagens\/"},{"@type":"ListItem","position":3,"name":"Mercedes Vito","item":"https:\/\/www.vdhurk.nl\/mercedes-bedrijfswagens\/vito\/"},{"@type":"ListItem","position":4,"name":"Mercedes Vito Automaat"}]},{"@type":"WebSite","@id":"https:\/\/www.vdhurk.nl\/#website","url":"https:\/\/www.vdhurk.nl\/","name":"Veicoli commerciali Van den Hurk","description":"Van den Hurk veicoli commerciali Helmond","potentialAction":[{"@type":"SearchAction","target":{"@type":"EntryPoint","urlTemplate":"https:\/\/www.vdhurk.nl\/?s={search_term_string}"},"query-input":{"@type":"PropertyValueSpecification","valueRequired":true,"valueName":"search_term_string"}}],"inLanguage":"it-IT"}]}},"_links":{"self":[{"href":"https:\/\/www.vdhurk.nl\/it\/wp-json\/wp\/v2\/pages\/442867","targetHints":{"allow":["GET"]}}],"collection":[{"href":"https:\/\/www.vdhurk.nl\/it\/wp-json\/wp\/v2\/pages"}],"about":[{"href":"https:\/\/www.vdhurk.nl\/it\/wp-json\/wp\/v2\/types\/page"}],"author":[{"embeddable":true,"href":"https:\/\/www.vdhurk.nl\/it\/wp-json\/wp\/v2\/users\/3"}],"replies":[{"embeddable":true,"href":"https:\/\/www.vdhurk.nl\/it\/wp-json\/wp\/v2\/comments?post=442867"}],"version-history":[{"count":5,"href":"https:\/\/www.vdhurk.nl\/it\/wp-json\/wp\/v2\/pages\/442867\/revisions"}],"predecessor-version":[{"id":442899,"href":"https:\/\/www.vdhurk.nl\/it\/wp-json\/wp\/v2\/pages\/442867\/revisions\/442899"}],"up":[{"embeddable":true,"href":"https:\/\/www.vdhurk.nl\/it\/wp-json\/wp\/v2\/pages\/393278"}],"wp:attachment":[{"href":"https:\/\/www.vdhurk.nl\/it\/wp-json\/wp\/v2\/media?parent=442867"}],"curies":[{"name":"wp","href":"https:\/\/api.w.org\/{rel}","templated":true}]}}