{"id":442858,"date":"2025-02-06T15:47:26","date_gmt":"2025-02-06T14:47:26","guid":{"rendered":"https:\/\/www.vdhurk.nl\/?page_id=442858"},"modified":"2025-02-06T17:22:38","modified_gmt":"2025-02-06T16:22:38","slug":"macchina","status":"publish","type":"page","link":"https:\/\/www.vdhurk.nl\/it\/volkswagen-bedrijfswagens\/crafter\/automaat\/","title":{"rendered":"Volkswagen Crafter Automatico"},"content":{"rendered":"<section  class='av_textblock_section av-lu8gnh7d-4ac895489941e586c1d7c8cb72318135'  itemscope=\"itemscope\" itemtype=\"https:\/\/schema.org\/CreativeWork\" ><div class='avia_textblock'  itemprop=\"text\" ><h1>Scoprite il cambio automatico di Volkswagen Crafter<\/h1>\n<p>State pensando di acquistare un Volkswagen Crafter automatico? Una scelta eccellente! Questo veicolo commerciale combina la massima qualit\u00e0 con un prezzo competitivo. Adatto a piccole e grandi aziende, offre tutto ci\u00f2 che serve per i vostri obiettivi aziendali. Esplorate la gamma e scoprite se questo modello \u00e8 adatto a voi.<\/p>\n<\/div><\/section>\n\n<style type=\"text\/css\" data-created_by=\"avia_inline_auto\" id=\"style-css-av-lujjddpd-afa3d7a9eabd61123e643ed1228e781e\">\n#top .hr.hr-invisible.av-lujjddpd-afa3d7a9eabd61123e643ed1228e781e{\nheight:50px;\n}\n<\/style>\n<div  class='hr av-lujjddpd-afa3d7a9eabd61123e643ed1228e781e hr-invisible  avia-builder-el-1  el_after_av_textblock  el_before_av_codeblock'><span class='hr-inner'><span class=\"hr-inner-style\"><\/span><\/span><\/div>\n\n\n<style type=\"text\/css\" data-created_by=\"avia_inline_auto\" id=\"style-css-av-5os5nsu-fdb3cafc4aea70f22b364d176f4b3a1b\">\n#top .hr.hr-invisible.av-5os5nsu-fdb3cafc4aea70f22b364d176f4b3a1b{\nheight:50px;\n}\n<\/style>\n<div  class='hr av-5os5nsu-fdb3cafc4aea70f22b364d176f4b3a1b hr-invisible  avia-builder-el-3  el_after_av_codeblock  el_before_av_textblock'><span class='hr-inner'><span class=\"hr-inner-style\"><\/span><\/span><\/div>\n<section  class='av_textblock_section av-lu8gow1e-300853e458ed741bd87d6cb78e55cc7a'  itemscope=\"itemscope\" itemtype=\"https:\/\/schema.org\/CreativeWork\" ><div class='avia_textblock'  itemprop=\"text\" ><h2>Perch\u00e9 scegliere un automatico?<\/h2>\n<p>Sempre pi\u00f9 aziende scelgono consapevolmente veicoli con cambio automatico, e per una buona ragione. Dopo tutto, un cambio automatico offre il massimo comfort di guida, in quanto non \u00e8 pi\u00f9 necessario cambiare o frizionare manualmente. Questo rende la guida nel traffico intenso molto pi\u00f9 confortevole. Inoltre, il cambio automatico aumenta la sicurezza, perch\u00e9 ci si pu\u00f2 concentrare completamente sulla strada senza essere distratti dal cambio di marcia.<\/p>\n<h2>Vantaggi del Volkswagen Crafter<\/h2>\n<p>Il Volkswagen Crafter unisce versatilit\u00e0, comfort e affidabilit\u00e0 in un unico veicolo commerciale. Grazie all'ampio spazio di carico in varie dimensioni, questo modello offre numerose opportunit\u00e0 per trasportare grandi quantit\u00e0 di merci. Grazie alla variet\u00e0 di versioni, il Crafter si adatta perfettamente a diversi settori come i trasporti, l'edilizia e i servizi. I moderni dispositivi di sicurezza garantiscono una maggiore protezione sia per il conducente che per i passeggeri, mentre l'abitacolo, progettato per i lunghi viaggi, offre il massimo comfort. Con tutte queste caratteristiche, il Volkswagen Crafter \u00e8 la scelta ideale per le aziende che hanno bisogno di un veicolo commerciale efficiente, affidabile e versatile.<\/p>\n<\/div><\/section>\n<div class='flex_column av-f64w1-da126f42b61613402309283c14245a25 av_one_half  avia-builder-el-5  el_after_av_textblock  el_before_av_one_third  first flex_column_div column-top-margin'   ><section  class='av_textblock_section av-lu8gpqre-73cc2c17e6a6497ba6e1b58af22bd9e8'  itemscope=\"itemscope\" itemtype=\"https:\/\/schema.org\/CreativeWork\" ><div class='avia_textblock'  itemprop=\"text\" ><h2>Acquistare o noleggiare Volkswagen Crafter?<\/h2>\n<p>L'acquisto di un Volkswagen Crafter inizia con la determinazione delle vostre esigenze. Avete bisogno di un ampio spazio di carico per le merci pi\u00f9 ingombranti o \u00e8 sufficiente una versione pi\u00f9 compatta? La scelta della configurazione giusta, adatta alle vostre attivit\u00e0 commerciali, \u00e8 di grande importanza.Volete diventare subito proprietari? Allora l'acquisto di un Volkswagen Crafter di seconda mano o nuovo \u00e8 una buona opzione. D'altra parte, <a href=\"https:\/\/www.vdhurk.nl\/it\/locazione-finanziaria\/\">locazione finanziaria<\/a> una soluzione flessibile: pagate rate mensili e diventate proprietari del veicolo alla fine del periodo di leasing. Leasing o acquisto di un Volkswagen Crafter: siamo qui per consigliarvi e trovare l'opzione migliore per la vostra situazione.<\/p>\n<\/div><\/section><\/div>\n<div class='flex_column av-aldk9-ee694297f5c4032981677a02caab84d6 av_one_third  avia-builder-el-7  el_after_av_one_half  el_before_av_hr  flex_column_div column-top-margin'   ><style type=\"text\/css\" data-created_by=\"avia_inline_auto\" id=\"style-css-av-l1w9kpsf-4ec3fab772ec7a9adaa33cfc64ff0475\">\n.avia-image-container.av-l1w9kpsf-4ec3fab772ec7a9adaa33cfc64ff0475 .av-image-caption-overlay-center{\ncolor:#ffffff;\n}\n<\/style>\n<div  class='avia-image-container av-l1w9kpsf-4ec3fab772ec7a9adaa33cfc64ff0475 av-styling- avia-align-center  avia-builder-el-8  avia-builder-el-no-sibling'  itemprop=\"image\" itemscope=\"itemscope\" itemtype=\"https:\/\/schema.org\/ImageObject\" ><div class=\"avia-image-container-inner\"><div class=\"avia-image-overlay-wrap\"><img decoding=\"async\" class='wp-image-187 avia-img-lazy-loading-not-187 avia_image' src=\"https:\/\/www.vdhurk.nl\/wp-content\/uploads\/2022\/03\/Voorrad.png\" alt='' title='Stock'  height=\"758\" width=\"1135\"  itemprop=\"thumbnailUrl\" srcset=\"https:\/\/www.vdhurk.nl\/wp-content\/uploads\/2022\/03\/Voorrad.png 1135w, https:\/\/www.vdhurk.nl\/wp-content\/uploads\/2022\/03\/Voorrad-300x200.png 300w, https:\/\/www.vdhurk.nl\/wp-content\/uploads\/2022\/03\/Voorrad-1030x688.png 1030w, https:\/\/www.vdhurk.nl\/wp-content\/uploads\/2022\/03\/Voorrad-768x513.png 768w, https:\/\/www.vdhurk.nl\/wp-content\/uploads\/2022\/03\/Voorrad-18x12.png 18w, https:\/\/www.vdhurk.nl\/wp-content\/uploads\/2022\/03\/Voorrad-705x471.png 705w\" sizes=\"(max-width: 1135px) 100vw, 1135px\" \/><\/div><\/div><\/div><\/div>\n\n<style type=\"text\/css\" data-created_by=\"avia_inline_auto\" id=\"style-css-av-luqrjpjc-5a23a1fb5f94718ca85316a9df963e2f\">\n#top .hr.hr-invisible.av-luqrjpjc-5a23a1fb5f94718ca85316a9df963e2f{\nheight:50px;\n}\n<\/style>\n<div  class='hr av-luqrjpjc-5a23a1fb5f94718ca85316a9df963e2f hr-invisible  avia-builder-el-9  el_after_av_one_third  el_before_av_textblock'><span class='hr-inner'><span class=\"hr-inner-style\"><\/span><\/span><\/div>\n<section  class='av_textblock_section av-lu8gtjw7-4f3cee9304909518d86d2860d9d582dd'  itemscope=\"itemscope\" itemtype=\"https:\/\/schema.org\/CreativeWork\" ><div class='avia_textblock'  itemprop=\"text\" ><h2>Scoprire l'offerta<\/h2>\n<p>Grazie alla sua versatilit\u00e0, all'affidabilit\u00e0 e alle complete caratteristiche di sicurezza, il Volkswagen Crafter automatico \u00e8 la scelta ideale per le aziende alla ricerca di un nuovo veicolo commerciale. Esplorate le diverse opzioni e trovate il Crafter pi\u00f9 adatto alle vostre esigenze aziendali.<\/p>\n<\/div><\/section>","protected":false},"excerpt":{"rendered":"","protected":false},"author":3,"featured_media":0,"parent":397527,"menu_order":0,"comment_status":"closed","ping_status":"closed","template":"","meta":{"_acf_changed":false,"_improvement_type_select":"improve_an_existing","_thumb_yes_seoaic":false,"_frame_yes_seoaic":false,"seoaic_generate_description":"","seoaic_improve_instructions_prompt":"","seoaic_rollback_content_improvement":"","seoaic_idea_thumbnail_generator":"","thumbnail_generated":false,"thumbnail_generate_prompt":"","seoaic_article_description":"","footnotes":""},"class_list":["post-442858","page","type-page","status-publish","hentry"],"acf":[],"yoast_head":"<!-- This site is optimized with the Yoast SEO plugin v27.3 - https:\/\/yoast.com\/product\/yoast-seo-wordpress\/ -->\n<title>Op zoek naar een Volkswagen Crafter automaat?<\/title>\n<meta name=\"description\" content=\"De Volkswagen Crafter automaat: krachtig, ruim en veelzijdig. Ontdek het aanbod en bekijk de mogelijkheden.\" \/>\n<meta name=\"robots\" content=\"index, follow, max-snippet:-1, max-image-preview:large, max-video-preview:-1\" \/>\n<link rel=\"canonical\" href=\"https:\/\/www.vdhurk.nl\/it\/mercedes-13\/mercedes-16\/macchina\/\" \/>\n<meta property=\"og:locale\" content=\"it_IT\" \/>\n<meta property=\"og:type\" content=\"article\" \/>\n<meta property=\"og:title\" content=\"Op zoek naar een Volkswagen Crafter automaat?\" \/>\n<meta property=\"og:description\" content=\"De Volkswagen Crafter automaat: krachtig, ruim en veelzijdig. Ontdek het aanbod en bekijk de mogelijkheden.\" \/>\n<meta property=\"og:url\" content=\"https:\/\/www.vdhurk.nl\/it\/mercedes-13\/mercedes-16\/macchina\/\" \/>\n<meta property=\"og:site_name\" content=\"Van den Hurk Bedrijfswagens\" \/>\n<meta property=\"article:modified_time\" content=\"2025-02-06T16:22:38+00:00\" \/>\n<meta name=\"twitter:card\" content=\"summary_large_image\" \/>\n<meta name=\"twitter:label1\" content=\"Tempo di lettura stimato\" \/>\n\t<meta name=\"twitter:data1\" content=\"4 minuti\" \/>\n<script type=\"application\/ld+json\" class=\"yoast-schema-graph\">{\"@context\":\"https:\\\/\\\/schema.org\",\"@graph\":[{\"@type\":\"WebPage\",\"@id\":\"https:\\\/\\\/www.vdhurk.nl\\\/volkswagen-bedrijfswagens\\\/crafter\\\/automaat\\\/\",\"url\":\"https:\\\/\\\/www.vdhurk.nl\\\/volkswagen-bedrijfswagens\\\/crafter\\\/automaat\\\/\",\"name\":\"Op zoek naar een Volkswagen Crafter automaat?\",\"isPartOf\":{\"@id\":\"https:\\\/\\\/www.vdhurk.nl\\\/#website\"},\"datePublished\":\"2025-02-06T14:47:26+00:00\",\"dateModified\":\"2025-02-06T16:22:38+00:00\",\"description\":\"De Volkswagen Crafter automaat: krachtig, ruim en veelzijdig. Ontdek het aanbod en bekijk de mogelijkheden.\",\"breadcrumb\":{\"@id\":\"https:\\\/\\\/www.vdhurk.nl\\\/volkswagen-bedrijfswagens\\\/crafter\\\/automaat\\\/#breadcrumb\"},\"inLanguage\":\"it-IT\",\"potentialAction\":[{\"@type\":\"ReadAction\",\"target\":[\"https:\\\/\\\/www.vdhurk.nl\\\/volkswagen-bedrijfswagens\\\/crafter\\\/automaat\\\/\"]}]},{\"@type\":\"BreadcrumbList\",\"@id\":\"https:\\\/\\\/www.vdhurk.nl\\\/volkswagen-bedrijfswagens\\\/crafter\\\/automaat\\\/#breadcrumb\",\"itemListElement\":[{\"@type\":\"ListItem\",\"position\":1,\"name\":\"Home\",\"item\":\"https:\\\/\\\/www.vdhurk.nl\\\/home\\\/\"},{\"@type\":\"ListItem\",\"position\":2,\"name\":\"Volkswagen Bedrijfswagens\",\"item\":\"https:\\\/\\\/www.vdhurk.nl\\\/volkswagen-bedrijfswagens\\\/\"},{\"@type\":\"ListItem\",\"position\":3,\"name\":\"Volkswagen Crafter\",\"item\":\"https:\\\/\\\/www.vdhurk.nl\\\/volkswagen-bedrijfswagens\\\/crafter\\\/\"},{\"@type\":\"ListItem\",\"position\":4,\"name\":\"Volkswagen Crafter Automaat\"}]},{\"@type\":\"WebSite\",\"@id\":\"https:\\\/\\\/www.vdhurk.nl\\\/#website\",\"url\":\"https:\\\/\\\/www.vdhurk.nl\\\/\",\"name\":\"Van den Hurk Bedrijfswagens\",\"description\":\"Van den Hurk bedrijfswagens Helmond\",\"potentialAction\":[{\"@type\":\"SearchAction\",\"target\":{\"@type\":\"EntryPoint\",\"urlTemplate\":\"https:\\\/\\\/www.vdhurk.nl\\\/?s={search_term_string}\"},\"query-input\":{\"@type\":\"PropertyValueSpecification\",\"valueRequired\":true,\"valueName\":\"search_term_string\"}}],\"inLanguage\":\"it-IT\"}]}<\/script>\n<!-- \/ Yoast SEO plugin. -->","yoast_head_json":{"title":"Cercate un cambio automatico per Volkswagen Crafter?","description":"Il Volkswagen Crafter automatico: potente, spazioso e versatile. Esplora la gamma e controlla gli optional.","robots":{"index":"index","follow":"follow","max-snippet":"max-snippet:-1","max-image-preview":"max-image-preview:large","max-video-preview":"max-video-preview:-1"},"canonical":"https:\/\/www.vdhurk.nl\/it\/mercedes-13\/mercedes-16\/macchina\/","og_locale":"it_IT","og_type":"article","og_title":"Op zoek naar een Volkswagen Crafter automaat?","og_description":"De Volkswagen Crafter automaat: krachtig, ruim en veelzijdig. Ontdek het aanbod en bekijk de mogelijkheden.","og_url":"https:\/\/www.vdhurk.nl\/it\/mercedes-13\/mercedes-16\/macchina\/","og_site_name":"Van den Hurk Bedrijfswagens","article_modified_time":"2025-02-06T16:22:38+00:00","twitter_card":"summary_large_image","twitter_misc":{"Tempo di lettura stimato":"4 minuti"},"schema":{"@context":"https:\/\/schema.org","@graph":[{"@type":"WebPage","@id":"https:\/\/www.vdhurk.nl\/volkswagen-bedrijfswagens\/crafter\/automaat\/","url":"https:\/\/www.vdhurk.nl\/volkswagen-bedrijfswagens\/crafter\/automaat\/","name":"Cercate un cambio automatico per Volkswagen Crafter?","isPartOf":{"@id":"https:\/\/www.vdhurk.nl\/#website"},"datePublished":"2025-02-06T14:47:26+00:00","dateModified":"2025-02-06T16:22:38+00:00","description":"Il Volkswagen Crafter automatico: potente, spazioso e versatile. Esplora la gamma e controlla gli optional.","breadcrumb":{"@id":"https:\/\/www.vdhurk.nl\/volkswagen-bedrijfswagens\/crafter\/automaat\/#breadcrumb"},"inLanguage":"it-IT","potentialAction":[{"@type":"ReadAction","target":["https:\/\/www.vdhurk.nl\/volkswagen-bedrijfswagens\/crafter\/automaat\/"]}]},{"@type":"BreadcrumbList","@id":"https:\/\/www.vdhurk.nl\/volkswagen-bedrijfswagens\/crafter\/automaat\/#breadcrumb","itemListElement":[{"@type":"ListItem","position":1,"name":"Home","item":"https:\/\/www.vdhurk.nl\/home\/"},{"@type":"ListItem","position":2,"name":"Volkswagen Bedrijfswagens","item":"https:\/\/www.vdhurk.nl\/volkswagen-bedrijfswagens\/"},{"@type":"ListItem","position":3,"name":"Volkswagen Crafter","item":"https:\/\/www.vdhurk.nl\/volkswagen-bedrijfswagens\/crafter\/"},{"@type":"ListItem","position":4,"name":"Volkswagen Crafter Automaat"}]},{"@type":"WebSite","@id":"https:\/\/www.vdhurk.nl\/#website","url":"https:\/\/www.vdhurk.nl\/","name":"Veicoli commerciali Van den Hurk","description":"Van den Hurk veicoli commerciali Helmond","potentialAction":[{"@type":"SearchAction","target":{"@type":"EntryPoint","urlTemplate":"https:\/\/www.vdhurk.nl\/?s={search_term_string}"},"query-input":{"@type":"PropertyValueSpecification","valueRequired":true,"valueName":"search_term_string"}}],"inLanguage":"it-IT"}]}},"_links":{"self":[{"href":"https:\/\/www.vdhurk.nl\/it\/wp-json\/wp\/v2\/pages\/442858","targetHints":{"allow":["GET"]}}],"collection":[{"href":"https:\/\/www.vdhurk.nl\/it\/wp-json\/wp\/v2\/pages"}],"about":[{"href":"https:\/\/www.vdhurk.nl\/it\/wp-json\/wp\/v2\/types\/page"}],"author":[{"embeddable":true,"href":"https:\/\/www.vdhurk.nl\/it\/wp-json\/wp\/v2\/users\/3"}],"replies":[{"embeddable":true,"href":"https:\/\/www.vdhurk.nl\/it\/wp-json\/wp\/v2\/comments?post=442858"}],"version-history":[{"count":6,"href":"https:\/\/www.vdhurk.nl\/it\/wp-json\/wp\/v2\/pages\/442858\/revisions"}],"predecessor-version":[{"id":442894,"href":"https:\/\/www.vdhurk.nl\/it\/wp-json\/wp\/v2\/pages\/442858\/revisions\/442894"}],"up":[{"embeddable":true,"href":"https:\/\/www.vdhurk.nl\/it\/wp-json\/wp\/v2\/pages\/397527"}],"wp:attachment":[{"href":"https:\/\/www.vdhurk.nl\/it\/wp-json\/wp\/v2\/media?parent=442858"}],"curies":[{"name":"wp","href":"https:\/\/api.w.org\/{rel}","templated":true}]}}