{"id":442821,"date":"2025-02-06T14:55:32","date_gmt":"2025-02-06T13:55:32","guid":{"rendered":"https:\/\/www.vdhurk.nl\/?page_id=442821"},"modified":"2025-02-06T17:22:18","modified_gmt":"2025-02-06T16:22:18","slug":"macchina","status":"publish","type":"page","link":"https:\/\/www.vdhurk.nl\/it\/renault-bedrijfswagens\/trafic\/automaat\/","title":{"rendered":"Renault Trafic Automatico"},"content":{"rendered":"<section  class='av_textblock_section av-lu8gnh7d-4ac895489941e586c1d7c8cb72318135'  itemscope=\"itemscope\" itemtype=\"https:\/\/schema.org\/CreativeWork\" ><div class='avia_textblock'  itemprop=\"text\" ><h1>Acquistare Renault Trafic automatico?<\/h1>\n<p>Un veicolo commerciale versatile e affidabile \u00e8 indispensabile per qualsiasi azienda. Il Renault Trafic automatico offre esattamente ci\u00f2 di cui avete bisogno: una combinazione di prestazioni, comfort ed efficienza. Renault \u00e8 nota da molti anni per i suoi veicoli commerciali solidi e innovativi. Esplorate la vasta gamma e trovate il veicolo commerciale ideale che si adatta perfettamente alle vostre esigenze aziendali.<\/p>\n<\/div><\/section>\n\n<style type=\"text\/css\" data-created_by=\"avia_inline_auto\" id=\"style-css-av-lujjddpd-afa3d7a9eabd61123e643ed1228e781e\">\n#top .hr.hr-invisible.av-lujjddpd-afa3d7a9eabd61123e643ed1228e781e{\nheight:50px;\n}\n<\/style>\n<div  class='hr av-lujjddpd-afa3d7a9eabd61123e643ed1228e781e hr-invisible  avia-builder-el-1  el_after_av_textblock  el_before_av_codeblock'><span class='hr-inner'><span class=\"hr-inner-style\"><\/span><\/span><\/div>\n\n\n<style type=\"text\/css\" data-created_by=\"avia_inline_auto\" id=\"style-css-av-ah0xd-63338d9dc6b40410e22a712829c369d6\">\n#top .hr.hr-invisible.av-ah0xd-63338d9dc6b40410e22a712829c369d6{\nheight:50px;\n}\n<\/style>\n<div  class='hr av-ah0xd-63338d9dc6b40410e22a712829c369d6 hr-invisible  avia-builder-el-3  el_after_av_codeblock  el_before_av_textblock'><span class='hr-inner'><span class=\"hr-inner-style\"><\/span><\/span><\/div>\n<section  class='av_textblock_section av-lu8gow1e-300853e458ed741bd87d6cb78e55cc7a'  itemscope=\"itemscope\" itemtype=\"https:\/\/schema.org\/CreativeWork\" ><div class='avia_textblock'  itemprop=\"text\" ><h2>Perch\u00e9 scegliere una versione automatica?<\/h2>\n<p>Come imprenditori, desiderate un'auto aziendale che non solo sia efficiente, ma che faciliti anche la guida quotidiana. In questo senso, l'automatico offre chiari vantaggi rispetto ai modelli Renault Trafic manuali. Con il cambio automatico si usa un solo piede, il che rende la guida pi\u00f9 confortevole, soprattutto nei lunghi viaggi o quando ci si ferma e si accelera continuamente nel traffico intenso. Inoltre, il cambio automatico offre un'esperienza di guida fluida senza il rischio che il motore si spenga. Con un cambio automatico, quindi, si sceglie la comodit\u00e0, la durata e il risparmio. Esattamente la combinazione che state cercando per la vostra azienda.<\/p>\n<\/div><\/section>\n<div class='flex_column av-f64w1-da126f42b61613402309283c14245a25 av_one_half  avia-builder-el-5  el_after_av_textblock  el_before_av_one_third  first flex_column_div column-top-margin'   ><section  class='av_textblock_section av-lu8gpqre-73cc2c17e6a6497ba6e1b58af22bd9e8'  itemscope=\"itemscope\" itemtype=\"https:\/\/schema.org\/CreativeWork\" ><div class='avia_textblock'  itemprop=\"text\" ><h2>I vantaggi di Renault Trafic<\/h2>\n<p>Il Renault Trafic usato \u00e8 una scelta intelligente per gli imprenditori che cercano un veicolo commerciale che offra comfort, spazio e affidabilit\u00e0. Grazie al suo design ergonomico, ogni viaggio \u00e8 confortevole, anche durante le lunghe giornate di lavoro. Potrete inoltre beneficiare di un'ampia capacit\u00e0 di carico con pratiche opzioni di stoccaggio, ideali per trasportare in modo efficiente merci e materiali. Anche per quanto riguarda la sicurezza, il Trafic non delude: grazie ai moderni sistemi di assistenza alla guida come ABS, ESP e assistente alla frenata d'emergenza, potrete sempre guidare in tutta tranquillit\u00e0. Con il Renault Trafic, quindi, avrete la certezza di avere un veicolo commerciale che si adatta perfettamente alle vostre esigenze aziendali.<\/p>\n<\/div><\/section><\/div>\n<div class='flex_column av-aldk9-ee694297f5c4032981677a02caab84d6 av_one_third  avia-builder-el-7  el_after_av_one_half  el_before_av_hr  flex_column_div column-top-margin'   ><style type=\"text\/css\" data-created_by=\"avia_inline_auto\" id=\"style-css-av-l1w9kpsf-4ec3fab772ec7a9adaa33cfc64ff0475\">\n.avia-image-container.av-l1w9kpsf-4ec3fab772ec7a9adaa33cfc64ff0475 .av-image-caption-overlay-center{\ncolor:#ffffff;\n}\n<\/style>\n<div  class='avia-image-container av-l1w9kpsf-4ec3fab772ec7a9adaa33cfc64ff0475 av-styling- avia-align-center  avia-builder-el-8  avia-builder-el-no-sibling'  itemprop=\"image\" itemscope=\"itemscope\" itemtype=\"https:\/\/schema.org\/ImageObject\" ><div class=\"avia-image-container-inner\"><div class=\"avia-image-overlay-wrap\"><img decoding=\"async\" class='wp-image-187 avia-img-lazy-loading-not-187 avia_image' src=\"https:\/\/www.vdhurk.nl\/wp-content\/uploads\/2022\/03\/Voorrad.png\" alt='' title='Stock'  height=\"758\" width=\"1135\"  itemprop=\"thumbnailUrl\" srcset=\"https:\/\/www.vdhurk.nl\/wp-content\/uploads\/2022\/03\/Voorrad.png 1135w, https:\/\/www.vdhurk.nl\/wp-content\/uploads\/2022\/03\/Voorrad-300x200.png 300w, https:\/\/www.vdhurk.nl\/wp-content\/uploads\/2022\/03\/Voorrad-1030x688.png 1030w, https:\/\/www.vdhurk.nl\/wp-content\/uploads\/2022\/03\/Voorrad-768x513.png 768w, https:\/\/www.vdhurk.nl\/wp-content\/uploads\/2022\/03\/Voorrad-18x12.png 18w, https:\/\/www.vdhurk.nl\/wp-content\/uploads\/2022\/03\/Voorrad-705x471.png 705w\" sizes=\"(max-width: 1135px) 100vw, 1135px\" \/><\/div><\/div><\/div><\/div>\n\n<style type=\"text\/css\" data-created_by=\"avia_inline_auto\" id=\"style-css-av-luqrjpjc-5a23a1fb5f94718ca85316a9df963e2f\">\n#top .hr.hr-invisible.av-luqrjpjc-5a23a1fb5f94718ca85316a9df963e2f{\nheight:50px;\n}\n<\/style>\n<div  class='hr av-luqrjpjc-5a23a1fb5f94718ca85316a9df963e2f hr-invisible  avia-builder-el-9  el_after_av_one_third  el_before_av_textblock'><span class='hr-inner'><span class=\"hr-inner-style\"><\/span><\/span><\/div>\n<section  class='av_textblock_section av-lu8gtjw7-4f3cee9304909518d86d2860d9d582dd'  itemscope=\"itemscope\" itemtype=\"https:\/\/schema.org\/CreativeWork\" ><div class='avia_textblock'  itemprop=\"text\" ><h2>Acquistare o prendere in leasing un Renault Trafic?<\/h2>\n<p>Sapevate che presso Van den Hurk potete scegliere tra diverse opzioni di pagamento per la vostra auto aziendale? Potete scegliere di pagare l'intero importo in un'unica soluzione, ma <a href=\"https:\/\/www.vdhurk.nl\/it\/locazione-finanziaria\/\">locazione finanziaria<\/a> \u00e8 un'alternativa interessante se preferite pagare al mese. Il grande vantaggio del leasing di Renault Trafic? Al termine del periodo di leasing, sarete i proprietari a tutti gli effetti del Renault Trafic. Cos\u00ec avrete subito un'auto aziendale affidabile, senza dover fare subito un grosso investimento.<\/p>\n<h2>In quali fasce di prezzo rientrano questi veicoli commerciali Renault?<\/h2>\n<p>I prezzi di un Renault Trafic automatico variano, e per una buona ragione. Nella nostra offerta attuale, troverete diverse versioni, anni di produzione e chilometraggio, il che rende le fasce di prezzo variabili. Questo rende difficile dare un'indicazione di prezzo fissa, ma vi d\u00e0 la possibilit\u00e0 di trovare un veicolo commerciale che si adatti al vostro budget. Volete saperne di pi\u00f9 sui prezzi o una consulenza su misura? Non esitate a contattarci, saremo lieti di pensare insieme a voi.<\/p>\n<h2>Trova un Renault Trafic adatto<\/h2>\n<p>Avete trovato un Renault Trafic automatico adatto alle vostre esigenze aziendali? Bene! Non avete ancora trovato quello che cercate? Non preoccupatevi. Iscrivetevi al nostro <a href=\"https:\/\/www.vdhurk.nl\/it\/allarme-azionario\/\">allarme azionario<\/a> e di tenersi facilmente aggiornati sulle versioni automatiche in arrivo. Insieme troveremo il vostro veicolo commerciale perfetto.<\/p>\n<\/div><\/section>","protected":false},"excerpt":{"rendered":"","protected":false},"author":3,"featured_media":0,"parent":409484,"menu_order":0,"comment_status":"closed","ping_status":"closed","template":"","meta":{"_acf_changed":false,"_improvement_type_select":"improve_an_existing","_thumb_yes_seoaic":false,"_frame_yes_seoaic":false,"seoaic_generate_description":"","seoaic_improve_instructions_prompt":"","seoaic_rollback_content_improvement":"","seoaic_idea_thumbnail_generator":"","thumbnail_generated":false,"thumbnail_generate_prompt":"","seoaic_article_description":"","footnotes":""},"class_list":["post-442821","page","type-page","status-publish","hentry"],"acf":[],"yoast_head":"<!-- This site is optimized with the Yoast SEO plugin v27.5 - https:\/\/yoast.com\/product\/yoast-seo-wordpress\/ -->\n<title>Vind de Renault Trafic automaat die bij jou past<\/title>\n<meta name=\"description\" content=\"Ben je op zoek naar een veelzijdige Renault Trafic automaat voor jouw onderneming? Bekijk ons aanbod en vind de bedrijfswagen die bij jou past.\" \/>\n<meta name=\"robots\" content=\"index, follow, max-snippet:-1, max-image-preview:large, max-video-preview:-1\" \/>\n<link rel=\"canonical\" href=\"https:\/\/www.vdhurk.nl\/it\/veicoli-commerciali-renault\/mercedes-7\/macchina\/\" \/>\n<meta property=\"og:locale\" content=\"it_IT\" \/>\n<meta property=\"og:type\" content=\"article\" \/>\n<meta property=\"og:title\" content=\"Vind de Renault Trafic automaat die bij jou past\" \/>\n<meta property=\"og:description\" content=\"Ben je op zoek naar een veelzijdige Renault Trafic automaat voor jouw onderneming? Bekijk ons aanbod en vind de bedrijfswagen die bij jou past.\" \/>\n<meta property=\"og:url\" content=\"https:\/\/www.vdhurk.nl\/it\/veicoli-commerciali-renault\/mercedes-7\/macchina\/\" \/>\n<meta property=\"og:site_name\" content=\"Van den Hurk Bedrijfswagens\" \/>\n<meta property=\"article:modified_time\" content=\"2025-02-06T16:22:18+00:00\" \/>\n<meta name=\"twitter:card\" content=\"summary_large_image\" \/>\n<meta name=\"twitter:label1\" content=\"Tempo di lettura stimato\" \/>\n\t<meta name=\"twitter:data1\" content=\"4 minuti\" \/>\n<script type=\"application\/ld+json\" class=\"yoast-schema-graph\">{\"@context\":\"https:\\\/\\\/schema.org\",\"@graph\":[{\"@type\":\"WebPage\",\"@id\":\"https:\\\/\\\/www.vdhurk.nl\\\/renault-bedrijfswagens\\\/trafic\\\/automaat\\\/\",\"url\":\"https:\\\/\\\/www.vdhurk.nl\\\/renault-bedrijfswagens\\\/trafic\\\/automaat\\\/\",\"name\":\"Vind de Renault Trafic automaat die bij jou past\",\"isPartOf\":{\"@id\":\"https:\\\/\\\/www.vdhurk.nl\\\/#website\"},\"datePublished\":\"2025-02-06T13:55:32+00:00\",\"dateModified\":\"2025-02-06T16:22:18+00:00\",\"description\":\"Ben je op zoek naar een veelzijdige Renault Trafic automaat voor jouw onderneming? Bekijk ons aanbod en vind de bedrijfswagen die bij jou past.\",\"breadcrumb\":{\"@id\":\"https:\\\/\\\/www.vdhurk.nl\\\/renault-bedrijfswagens\\\/trafic\\\/automaat\\\/#breadcrumb\"},\"inLanguage\":\"it-IT\",\"potentialAction\":[{\"@type\":\"ReadAction\",\"target\":[\"https:\\\/\\\/www.vdhurk.nl\\\/renault-bedrijfswagens\\\/trafic\\\/automaat\\\/\"]}]},{\"@type\":\"BreadcrumbList\",\"@id\":\"https:\\\/\\\/www.vdhurk.nl\\\/renault-bedrijfswagens\\\/trafic\\\/automaat\\\/#breadcrumb\",\"itemListElement\":[{\"@type\":\"ListItem\",\"position\":1,\"name\":\"Home\",\"item\":\"https:\\\/\\\/www.vdhurk.nl\\\/home\\\/\"},{\"@type\":\"ListItem\",\"position\":2,\"name\":\"Renault Bedrijfswagens\",\"item\":\"https:\\\/\\\/www.vdhurk.nl\\\/renault-bedrijfswagens\\\/\"},{\"@type\":\"ListItem\",\"position\":3,\"name\":\"Renault Trafic\",\"item\":\"https:\\\/\\\/www.vdhurk.nl\\\/renault-bedrijfswagens\\\/trafic\\\/\"},{\"@type\":\"ListItem\",\"position\":4,\"name\":\"Renault Trafic Automaat\"}]},{\"@type\":\"WebSite\",\"@id\":\"https:\\\/\\\/www.vdhurk.nl\\\/#website\",\"url\":\"https:\\\/\\\/www.vdhurk.nl\\\/\",\"name\":\"Van den Hurk Bedrijfswagens\",\"description\":\"Van den Hurk bedrijfswagens Helmond\",\"potentialAction\":[{\"@type\":\"SearchAction\",\"target\":{\"@type\":\"EntryPoint\",\"urlTemplate\":\"https:\\\/\\\/www.vdhurk.nl\\\/?s={search_term_string}\"},\"query-input\":{\"@type\":\"PropertyValueSpecification\",\"valueRequired\":true,\"valueName\":\"search_term_string\"}}],\"inLanguage\":\"it-IT\"}]}<\/script>\n<!-- \/ Yoast SEO plugin. -->","yoast_head_json":{"title":"Trova il Renault Trafic automatico che fa per te","description":"Siete alla ricerca di un Renault Trafic automatico versatile per la vostra azienda? Scoprite la nostra gamma e trovate il veicolo commerciale che fa per voi.","robots":{"index":"index","follow":"follow","max-snippet":"max-snippet:-1","max-image-preview":"max-image-preview:large","max-video-preview":"max-video-preview:-1"},"canonical":"https:\/\/www.vdhurk.nl\/it\/veicoli-commerciali-renault\/mercedes-7\/macchina\/","og_locale":"it_IT","og_type":"article","og_title":"Vind de Renault Trafic automaat die bij jou past","og_description":"Ben je op zoek naar een veelzijdige Renault Trafic automaat voor jouw onderneming? Bekijk ons aanbod en vind de bedrijfswagen die bij jou past.","og_url":"https:\/\/www.vdhurk.nl\/it\/veicoli-commerciali-renault\/mercedes-7\/macchina\/","og_site_name":"Van den Hurk Bedrijfswagens","article_modified_time":"2025-02-06T16:22:18+00:00","twitter_card":"summary_large_image","twitter_misc":{"Tempo di lettura stimato":"4 minuti"},"schema":{"@context":"https:\/\/schema.org","@graph":[{"@type":"WebPage","@id":"https:\/\/www.vdhurk.nl\/renault-bedrijfswagens\/trafic\/automaat\/","url":"https:\/\/www.vdhurk.nl\/renault-bedrijfswagens\/trafic\/automaat\/","name":"Trova il Renault Trafic automatico che fa per te","isPartOf":{"@id":"https:\/\/www.vdhurk.nl\/#website"},"datePublished":"2025-02-06T13:55:32+00:00","dateModified":"2025-02-06T16:22:18+00:00","description":"Siete alla ricerca di un Renault Trafic automatico versatile per la vostra azienda? Scoprite la nostra gamma e trovate il veicolo commerciale che fa per voi.","breadcrumb":{"@id":"https:\/\/www.vdhurk.nl\/renault-bedrijfswagens\/trafic\/automaat\/#breadcrumb"},"inLanguage":"it-IT","potentialAction":[{"@type":"ReadAction","target":["https:\/\/www.vdhurk.nl\/renault-bedrijfswagens\/trafic\/automaat\/"]}]},{"@type":"BreadcrumbList","@id":"https:\/\/www.vdhurk.nl\/renault-bedrijfswagens\/trafic\/automaat\/#breadcrumb","itemListElement":[{"@type":"ListItem","position":1,"name":"Home","item":"https:\/\/www.vdhurk.nl\/home\/"},{"@type":"ListItem","position":2,"name":"Renault Bedrijfswagens","item":"https:\/\/www.vdhurk.nl\/renault-bedrijfswagens\/"},{"@type":"ListItem","position":3,"name":"Renault Trafic","item":"https:\/\/www.vdhurk.nl\/renault-bedrijfswagens\/trafic\/"},{"@type":"ListItem","position":4,"name":"Renault Trafic Automaat"}]},{"@type":"WebSite","@id":"https:\/\/www.vdhurk.nl\/#website","url":"https:\/\/www.vdhurk.nl\/","name":"Veicoli commerciali Van den Hurk","description":"Van den Hurk veicoli commerciali Helmond","potentialAction":[{"@type":"SearchAction","target":{"@type":"EntryPoint","urlTemplate":"https:\/\/www.vdhurk.nl\/?s={search_term_string}"},"query-input":{"@type":"PropertyValueSpecification","valueRequired":true,"valueName":"search_term_string"}}],"inLanguage":"it-IT"}]}},"_links":{"self":[{"href":"https:\/\/www.vdhurk.nl\/it\/wp-json\/wp\/v2\/pages\/442821","targetHints":{"allow":["GET"]}}],"collection":[{"href":"https:\/\/www.vdhurk.nl\/it\/wp-json\/wp\/v2\/pages"}],"about":[{"href":"https:\/\/www.vdhurk.nl\/it\/wp-json\/wp\/v2\/types\/page"}],"author":[{"embeddable":true,"href":"https:\/\/www.vdhurk.nl\/it\/wp-json\/wp\/v2\/users\/3"}],"replies":[{"embeddable":true,"href":"https:\/\/www.vdhurk.nl\/it\/wp-json\/wp\/v2\/comments?post=442821"}],"version-history":[{"count":5,"href":"https:\/\/www.vdhurk.nl\/it\/wp-json\/wp\/v2\/pages\/442821\/revisions"}],"predecessor-version":[{"id":442892,"href":"https:\/\/www.vdhurk.nl\/it\/wp-json\/wp\/v2\/pages\/442821\/revisions\/442892"}],"up":[{"embeddable":true,"href":"https:\/\/www.vdhurk.nl\/it\/wp-json\/wp\/v2\/pages\/409484"}],"wp:attachment":[{"href":"https:\/\/www.vdhurk.nl\/it\/wp-json\/wp\/v2\/media?parent=442821"}],"curies":[{"name":"wp","href":"https:\/\/api.w.org\/{rel}","templated":true}]}}